   {"id":13504,"date":"2019-02-06T10:44:56","date_gmt":"2019-02-06T09:44:56","guid":{"rendered":"http:\/\/testsito.fapim.it\/site\/noi-facciamo\/prodotti-e-progetti\/prodotti\/porte\/strumenti-di-lavoro\/"},"modified":"2025-06-16T10:21:06","modified_gmt":"2025-06-16T08:21:06","slug":"work-tools","status":"publish","type":"page","link":"https:\/\/www.fapim.it\/en\/work-tools\/","title":{"rendered":"Work tools","raw":"Work tools"},"content":{"rendered":"<section class=\"section  text-normal section-text-no-shadow section-inner-no-shadow section-normal section-opaque\"  >\r\n    \r\n    <div class=\"background-overlay grid-overlay-0 \" style=\"background-color: rgba(0,0,0,0);\"><\/div>\r\n\r\n    <div class=\"container container-vertical-default\">\r\n        <div class=\"row vertical-default\">\r\n            <div class=\"col-md-12     text-center small-screen-center os-animation\" data-os-animation=\"fadeIn\" data-os-animation-delay=\"0s\" ><h1 class=\"text-left  element-top-80 element-bottom-20 text-normal normal regular\" data-os-animation=\"none\" data-os-animation-delay=\"0s\" >\r\nTF11<\/h1>\r\n<\/div>        <\/div>\r\n    <\/div>\r\n<\/section>\r\n<section class=\"section  text-normal section-text-no-shadow section-inner-no-shadow section-normal section-opaque\"  >\r\n    \r\n    <div class=\"background-overlay grid-overlay-0 \" style=\"background-color: rgba(0,0,0,0);\"><\/div>\r\n\r\n    <div class=\"container container-vertical-default\">\r\n        <div class=\"row vertical-default\">\r\n            <div class=\"col-md-12     text-default small-screen-default\"  ><p class=\"lead text-justify justify  text-normal element-top-20 element-bottom-20\" data-os-animation=\"none\" data-os-animation-delay=\"0s\">Multiple punching machine to perform simultaneously , quickly and without mistakes all the fixing holes for the two or three leaf Loira+ hinges, for cold or thermal break profiles and for any center distance. It is equipped with adjustable manual or pneumatic clamp, base, bearing plane with sliding rollers, strokes and safety devices for the operator. All necessary tools and spare parts are also available.<br \/>\n<\/p><\/div>        <\/div>\r\n    <\/div>\r\n<\/section>\r\n<section class=\"section  text-normal section-text-no-shadow section-inner-no-shadow section-normal section-opaque\"  >\r\n    \r\n    <div class=\"background-overlay grid-overlay-0 \" style=\"background-color: rgba(0,0,0,0);\"><\/div>\r\n\r\n    <div class=\"container container-vertical-default\">\r\n        <div class=\"row vertical-default\">\r\n            <div class=\"col-md-12     text-default small-screen-default\"  ><div class=\"divider-wrapper \" style=\"visibility:visible;background-color:#FFFFFF\">\r\n    <div class=\"visible-xs\" style=\"height:24px;\"><\/div>\r\n    <div class=\"visible-sm\" style=\"height:24px;\"><\/div>\r\n    <div class=\"visible-md\" style=\"height:24px;\"><\/div>\r\n    <div class=\"visible-lg\" style=\"height:24px;\"><\/div>\r\n<\/div><\/div>        <\/div>\r\n    <\/div>\r\n<\/section>\r\n<section class=\"section  text-normal section-text-no-shadow section-inner-no-shadow section-normal section-opaque\"  >\r\n    \r\n    <div class=\"background-overlay grid-overlay-0 \" style=\"background-color: rgba(0,0,0,0);\"><\/div>\r\n\r\n    <div class=\"container container-vertical-default\">\r\n        <div class=\"row vertical-default\">\r\n            <div class=\"col-md-12     text-default small-screen-default\"  ><div class=\"figure element-top-0 element-bottom-0  \" data-os-animation=\"none\" data-os-animation-delay=\"0s\">\r\n            <span class=\"figure-image\">\r\n        <img loading=\"lazy\" decoding=\"async\" width=\"1240\" height=\"551\" src=\"https:\/\/www.fapim.it\/wp-content\/uploads\/2019\/03\/f_TF11_12.jpg\" class=\"attachment-full size-full\" alt=\"\" srcset=\"https:\/\/www.fapim.it\/wp-content\/uploads\/2019\/03\/f_TF11_12.jpg 1240w, https:\/\/www.fapim.it\/wp-content\/uploads\/2019\/03\/f_TF11_12-300x133.jpg 300w, https:\/\/www.fapim.it\/wp-content\/uploads\/2019\/03\/f_TF11_12-768x341.jpg 768w, https:\/\/www.fapim.it\/wp-content\/uploads\/2019\/03\/f_TF11_12-1024x455.jpg 1024w\" sizes=\"auto, (max-width: 1240px) 100vw, 1240px\" \/>            <\/span>\r\n    <\/div>\r\n<\/div>        <\/div>\r\n    <\/div>\r\n<\/section>\r\n<section class=\"section  text-normal section-text-no-shadow section-inner-no-shadow section-normal section-opaque\"  >\r\n    \r\n    <div class=\"background-overlay grid-overlay-0 \" style=\"background-color: rgba(0,0,0,0);\"><\/div>\r\n\r\n    <div class=\"container container-vertical-default\">\r\n        <div class=\"row vertical-default\">\r\n            <div class=\"col-md-12     text-default small-screen-default\"  ><div class=\"divider-wrapper \" style=\"visibility:visible;background-color:#FFFFFF\">\r\n    <div class=\"visible-xs\" style=\"height:24px;\"><\/div>\r\n    <div class=\"visible-sm\" style=\"height:24px;\"><\/div>\r\n    <div class=\"visible-md\" style=\"height:24px;\"><\/div>\r\n    <div class=\"visible-lg\" style=\"height:24px;\"><\/div>\r\n<\/div><div class=\"col-text-1 text-normal  element-top-20 element-bottom-20\" data-os-animation=\"none\" data-os-animation-delay=\"0s\">\r\n    <h3>Available documentation<\/h3>\n<\/div>\r\n<documentation slug=\"4d2bb93e-93c7-4cf8-82d5-899ac4d0029c\" language=\"en\" view=\"list\" class=\"\"><\/documentation><div class=\"divider-wrapper \" style=\"visibility:visible;background-color:#FFFFFF\">\r\n    <div class=\"visible-xs\" style=\"height:24px;\"><\/div>\r\n    <div class=\"visible-sm\" style=\"height:24px;\"><\/div>\r\n    <div class=\"visible-md\" style=\"height:24px;\"><\/div>\r\n    <div class=\"visible-lg\" style=\"height:24px;\"><\/div>\r\n<\/div><\/div>        <\/div>\r\n    <\/div>\r\n<\/section>\n","protected":false,"raw":"[vc_row background_image_attachment=\"fixed\"][vc_column align=\"center\" align_sm=\"center\" scroll_animation=\"fadeIn\" width=\"1\/1\"][heading margin_top=\"80\"]TF11[\/heading][\/vc_column][\/vc_row][vc_row][vc_column width=\"1\/1\"][lead align=\"justify\"]Multiple punching machine to perform simultaneously , quickly and without mistakes all the fixing holes for the two or three leaf Loira+ hinges, for cold or thermal break profiles and for any center distance. It is equipped with adjustable manual or pneumatic clamp, base, bearing plane with sliding rollers, strokes and safety devices for the operator. All necessary tools and spare parts are also available.\r\n[\/lead][\/vc_column][\/vc_row][vc_row][vc_column width=\"1\/1\"][divider visibility=\"visible\"][\/vc_column][\/vc_row][vc_row background_image_parallax_end=\"0\"][vc_column width=\"1\/1\"][vc_single_image image=\"15576\" custom_image_size=\"0\" custom_image_size_crop=\"true\" link_type=\"no-link\" margin_top=\"0\" margin_bottom=\"0\"][\/vc_column][\/vc_row][vc_row][vc_column width=\"1\/1\"][divider visibility=\"visible\"][vc_column_text]\r\n<h3>Available documentation<\/h3>\r\n[\/vc_column_text][fpm-documentation slug=\"4d2bb93e-93c7-4cf8-82d5-899ac4d0029c\" language=\"en\" view=\"list\" class=\"\"][divider visibility=\"visible\"][\/vc_column][\/vc_row]"},"excerpt":{"rendered":"TF11 Foratrice multipla per eseguire contemporaneamente, rapidamente e senza errori tutti i fori di fissaggio delle cerniere tipo Loira+, sia a due che a tre ali, per profili freddi od a taglio termico e per qualsiasi interasse. Dotata di morsa regolabile, manuale o pneumatica, basamento, piano di appoggio con rulli di scorrimento, battute e sistema","protected":false,"raw":""},"author":1,"featured_media":15191,"parent":0,"menu_order":37,"comment_status":"closed","ping_status":"closed","template":"","meta":{"_it_post_content":"[vc_row background_image_attachment=\"fixed\"][vc_column align=\"center\" align_sm=\"center\" scroll_animation=\"fadeIn\" width=\"1\/1\"][heading margin_top=\"80\"]TF11[\/heading][\/vc_column][\/vc_row][vc_row][vc_column width=\"1\/1\"][lead align=\"justify\"]Foratrice multipla per eseguire contemporaneamente, rapidamente e senza errori tutti i fori di fissaggio delle cerniere tipo Loira+, sia a due che a tre ali, per profili freddi od a taglio termico e per qualsiasi interasse. Dotata di morsa regolabile, manuale o pneumatica, basamento, piano di appoggio con rulli di scorrimento, battute e sistema di sicurezza per l\u2019operatore. Sono disponibili anche tutti gli utensili e ricambi necessari.[\/lead][\/vc_column][\/vc_row][vc_row][vc_column width=\"1\/1\"][divider visibility=\"visible\"][\/vc_column][\/vc_row][vc_row background_image_parallax_end=\"0\"][vc_column width=\"1\/1\"][vc_single_image image=\"15576\" custom_image_size=\"0\" custom_image_size_crop=\"true\" link_type=\"no-link\" margin_top=\"0\" margin_bottom=\"0\"][\/vc_column][\/vc_row][vc_row][vc_column width=\"1\/1\"][divider visibility=\"visible\"][vc_column_text]\r\n<h3>Documentazione disponibile<\/h3>\r\n[\/vc_column_text][fpm-documentation slug=\"4d2bb93e-93c7-4cf8-82d5-899ac4d0029c\" language=\"it\" view=\"list\" class=\"\"][divider visibility=\"visible\"][\/vc_column][\/vc_row]","_it_post_name":"strumenti-di-lavoro","_it_post_excerpt":"","_it_post_title":"Strumenti di lavoro","_en_post_content":"[vc_row background_image_attachment=\"fixed\"][vc_column align=\"center\" align_sm=\"center\" scroll_animation=\"fadeIn\" width=\"1\/1\"][heading margin_top=\"80\"]TF11[\/heading][\/vc_column][\/vc_row][vc_row][vc_column width=\"1\/1\"][lead align=\"justify\"]Multiple punching machine to perform simultaneously , quickly and without mistakes all the fixing holes for the two or three leaf Loira+ hinges, for cold or thermal break profiles and for any center distance. It is equipped with adjustable manual or pneumatic clamp, base, bearing plane with sliding rollers, strokes and safety devices for the operator. All necessary tools and spare parts are also available.\r\n[\/lead][\/vc_column][\/vc_row][vc_row][vc_column width=\"1\/1\"][divider visibility=\"visible\"][\/vc_column][\/vc_row][vc_row background_image_parallax_end=\"0\"][vc_column width=\"1\/1\"][vc_single_image image=\"15576\" custom_image_size=\"0\" custom_image_size_crop=\"true\" link_type=\"no-link\" margin_top=\"0\" margin_bottom=\"0\"][\/vc_column][\/vc_row][vc_row][vc_column width=\"1\/1\"][divider visibility=\"visible\"][vc_column_text]\r\n<h3>Available documentation<\/h3>\r\n[\/vc_column_text][fpm-documentation slug=\"4d2bb93e-93c7-4cf8-82d5-899ac4d0029c\" language=\"en\" view=\"list\" class=\"\"][divider visibility=\"visible\"][\/vc_column][\/vc_row]","_en_post_name":"work-tools","_en_post_excerpt":"","_en_post_title":"Work tools","_fr_post_content":"[vc_row background_image_attachment=\"fixed\"][vc_column align=\"center\" align_sm=\"center\" scroll_animation=\"fadeIn\" width=\"1\/1\"][heading margin_top=\"80\"]TF11[\/heading][\/vc_column][\/vc_row][vc_row][vc_column width=\"1\/1\"][lead align=\"justify\"]Perceuse multiple pour ex\u00e9cuter en m\u00eame temps, rapidement et sans erreurs tous les trous de fixation des paumelles Loira+, et sur les deux lames et sur les trois lames, pour profils \u00e0 froid ou \u00e0 coupe thermique et pour n\u2019importe quel entraxe. Equip\u00e9e d\u2019\u00e9tau r\u00e9glable, manuel ou pneumatique, base, support d\u2019appui avec rouleaux de glissement, but\u00e9es et syst\u00e8me de s\u00e9curit\u00e9 pour l\u2019utilisateur. Tous les outils et rechanges n\u00e9cessaires sont aussi disponibles.[\/lead][\/vc_column][\/vc_row][vc_row][vc_column width=\"1\/1\"][divider visibility=\"visible\"][\/vc_column][\/vc_row][vc_row background_image_parallax_end=\"0\"][vc_column width=\"1\/1\"][vc_single_image image=\"15576\" custom_image_size=\"0\" custom_image_size_crop=\"true\" link_type=\"no-link\" margin_top=\"0\" margin_bottom=\"0\"][\/vc_column][\/vc_row][vc_row][vc_column width=\"1\/1\"][divider visibility=\"visible\"][vc_column_text]\r\n<h3>Documentation disponible<\/h3>\r\n[\/vc_column_text][fpm-documentation slug=\"4d2bb93e-93c7-4cf8-82d5-899ac4d0029c\" language=\"fr\" view=\"list\" class=\"\"][divider visibility=\"visible\"][\/vc_column][\/vc_row]","_fr_post_name":"outils-de-travail","_fr_post_excerpt":"","_fr_post_title":"Outils de travail","_es_post_content":"[vc_row background_image_attachment=\"fixed\"][vc_column align=\"center\" align_sm=\"center\" scroll_animation=\"fadeIn\" width=\"1\/1\"][heading margin_top=\"80\"]TF11[\/heading][\/vc_column][\/vc_row][vc_row][vc_column width=\"1\/1\"][lead align=\"justify\"]Maquina perforadora para ejecutar de forma simult\u00e1nea, r\u00e1pida y sin errores todos los agujeros de fijaci\u00f3n de las bisagras Tipo Loira +, sea de dos que de tres aletas para perfiles de rotura t\u00e9rmica y fr\u00edos para cualquier interese. Equipado con morsa ajustable, manual o neum\u00e1tica, base, plano de soporte con el desplazamiento de sistema de rodillos, topes y sistema de seguridad para el operador. Est\u00e1n aun disponibles todas los instrumentos y repuestos necesarios.[\/lead][\/vc_column][\/vc_row][vc_row][vc_column width=\"1\/1\"][divider visibility=\"visible\"][\/vc_column][\/vc_row][vc_row background_image_parallax_end=\"0\"][vc_column width=\"1\/1\"][vc_single_image image=\"15576\" custom_image_size=\"0\" custom_image_size_crop=\"true\" link_type=\"no-link\" margin_top=\"0\" margin_bottom=\"0\"][\/vc_column][\/vc_row][vc_row][vc_column width=\"1\/1\"][divider visibility=\"visible\"][vc_column_text]\r\n<h3>Documentacion disponible<\/h3>\r\n[\/vc_column_text][fpm-documentation slug=\"4d2bb93e-93c7-4cf8-82d5-899ac4d0029c\" language=\"es\" view=\"list\" class=\"\"][divider visibility=\"visible\"][\/vc_column][\/vc_row]","_es_post_name":"equipos-de-trabajo","_es_post_excerpt":"","_es_post_title":"Equipos de trabajo","_ru_post_content":"[vc_row background_image_attachment=\"fixed\"][vc_column align=\"center\" align_sm=\"center\" scroll_animation=\"fadeIn\" width=\"1\/1\"][heading margin_top=\"80\"]TF11[\/heading][\/vc_column][\/vc_row][vc_row][vc_column width=\"1\/1\"][lead align=\"justify\"]\u041c\u043d\u043e\u0433\u043e\u0448\u043f\u0438\u043d\u0434\u0435\u043b\u044c\u043d\u044b\u0439 \u0441\u0432\u0435\u0440\u043b\u0438\u043b\u044c\u043d\u044b\u0439 \u0441\u0442\u0430\u043d\u043e\u043a, \u043f\u0440\u0435\u0434\u043d\u0430\u0437\u043d\u0430\u0447\u0435\u043d\u043d\u044b\u0439 \u0434\u043b\u044f \u0431\u044b\u0441\u0442\u0440\u043e\u0433\u043e \u043e\u0434\u043d\u043e\u0432\u0440\u0435\u043c\u0435\u043d\u043d\u043e\u0433\u043e \u0438 \u0431\u0435\u0437\u043e\u0448\u0438\u0431\u043e\u0447\u043d\u043e\u0433\u043e \u0432\u044b\u043f\u043e\u043b\u043d\u0435\u043d\u0438\u044f \u043a\u0440\u0435\u043f\u0435\u0436\u043d\u044b\u0445 \u043e\u0442\u0432\u0435\u0440\u0441\u0442\u0438\u0439 \u0434\u043b\u044f \u043f\u0435\u0442\u0435\u043b\u044c \u0442\u0438\u043f\u0430 Loira+, \u043a\u0430\u043a \u0434\u043b\u044f \u0434\u0432\u0443\u0445, \u0442\u0430\u043a \u0438 \u0434\u043b\u044f \u0442\u0440\u0435\u0445\u0441\u0435\u043a\u0446\u0438\u043e\u043d\u043d\u044b\u0445, \u043a\u0430\u043a \u0432 \u0445\u043e\u043b\u043e\u0434\u043d\u044b\u0445 \u043f\u0440\u043e\u0444\u0438\u043b\u044f\u0445, \u0442\u0430\u043a \u0438 \u0432 \u043f\u0440\u043e\u0444\u0438\u043b\u044f\u0445 \u0441 \u0442\u0435\u0440\u043c\u043e\u043c\u043e\u0441\u0442\u043e\u043c, \u0438 \u0441 \u043b\u044e\u0431\u044b\u043c \u043c\u0435\u0436\u043e\u0441\u0435\u0432\u044b\u043c \u0440\u0430\u0441\u0441\u0442\u043e\u044f\u043d\u0438\u0435\u043c. \u0421\u0442\u0430\u043d\u043e\u043a \u043e\u0441\u043d\u0430\u0449\u0435\u043d \u0440\u0435\u0433\u0443\u043b\u0438\u0440\u0443\u0435\u043c\u044b\u043c \u0440\u0443\u0447\u043d\u044b\u043c \u0438\u043b\u0438 \u043f\u043d\u0435\u0432\u043c\u0430\u0442\u0438\u0447\u0435\u0441\u043a\u0438\u043c \u0437\u0430\u0436\u0438\u043c\u043e\u043c, \u0441\u0442\u0430\u043d\u0438\u043d\u043e\u0439, \u0440\u0430\u0431\u043e\u0447\u0438\u043c \u0441\u0442\u043e\u043b\u043e\u043c \u0441 \u0440\u043e\u043b\u0438\u043a\u0430\u043c\u0438, \u0443\u043f\u043e\u0440\u0430\u043c\u0438 \u0438 \u0441\u0438\u0441\u0442\u0435\u043c\u043e\u0439 \u0431\u0435\u0437\u043e\u043f\u0430\u0441\u043d\u043e\u0441\u0442\u0438 \u043e\u043f\u0435\u0440\u0430\u0442\u043e\u0440\u0430. \u0418\u043c\u0435\u044e\u0442\u0441\u044f \u0432\u0441\u0435 \u043d\u0435\u043e\u0431\u0445\u043e\u0434\u0438\u043c\u044b\u0435 \u0437\u0430\u043f\u0430\u0441\u043d\u044b\u0435 \u0447\u0430\u0441\u0442\u0438 \u0438 \u0438\u043d\u0441\u0442\u0440\u0443\u043c\u0435\u043d\u0442.[\/lead][\/vc_column][\/vc_row][vc_row][vc_column width=\"1\/1\"][divider visibility=\"visible\"][\/vc_column][\/vc_row][vc_row background_image_parallax_end=\"0\"][vc_column width=\"1\/1\"][vc_single_image image=\"15576\" custom_image_size=\"0\" custom_image_size_crop=\"true\" link_type=\"no-link\" margin_top=\"0\" margin_bottom=\"0\"][\/vc_column][\/vc_row][vc_row][vc_column width=\"1\/1\"][divider visibility=\"visible\"][vc_column_text]\r\n<h3>\u0434\u043e\u0441\u0442\u0443\u043f\u043d\u0430\u044f \u0434\u043e\u043a\u0443\u043c\u0435\u043d\u0442\u0430\u0446\u0438\u044f<\/h3>\r\n[\/vc_column_text][fpm-documentation slug=\"4d2bb93e-93c7-4cf8-82d5-899ac4d0029c\" language=\"ru\" view=\"list\" class=\"\"][divider visibility=\"visible\"][\/vc_column][\/vc_row]","_ru_post_name":"strumenti-di-lavoro","_ru_post_excerpt":"","_ru_post_title":"\u0420\u0430\u0431\u043e\u0447\u0438\u0435 \u0438\u043d\u0441\u0442\u0440\u0443\u043c\u0435\u043d\u0442\u044b","_pl_post_content":"[vc_row background_image_attachment=\"fixed\"][vc_column align=\"center\" align_sm=\"center\" scroll_animation=\"fadeIn\" width=\"1\/1\"][heading margin_top=\"80\"]TF11[\/heading][\/vc_column][\/vc_row][vc_row][vc_column width=\"1\/1\"][lead align=\"justify\"]Otwornica wielkopunktowa do jednoczesnego, szybkiego i bezb\u0142\u0119dnego wykonywania otwor\u00f3w monta\u017cowych pod zawiasy typu Loira+, zar\u00f3wno dwu jak i trzyskrzyde\u0142kowe, przeznaczone do profili zimnych lub z przek\u0142adk\u0105 termiczn\u0105, do zastosowania z wszystkimi rozstawami. Wyposa\u017cona jest w regulowany, r\u0119czny lub pneumatyczny zacisk, p\u0142yt\u0119 wsporcz\u0105 z prowadnic\u0105 rolkow\u0105, ograniczniki i system bezpiecze\u0144stwa operatora. Dost\u0119pne s\u0105 r\u00f3wnie\u017c wszelkie konieczne narz\u0119dzia i cz\u0119\u015bci zamienne.[\/lead][\/vc_column][\/vc_row][vc_row][vc_column width=\"1\/1\"][divider visibility=\"visible\"][\/vc_column][\/vc_row][vc_row background_image_parallax_end=\"0\"][vc_column width=\"1\/1\"][vc_single_image image=\"15576\" custom_image_size=\"0\" custom_image_size_crop=\"true\" margin_top=\"0\" margin_bottom=\"0\"][\/vc_column][\/vc_row][vc_row][vc_column width=\"1\/1\"][divider visibility=\"visible\"][vc_column_text]\r\n<h3>DOST\u0118PNA DOKUMENTACJA<\/h3>\r\n[\/vc_column_text][fpm-documentation slug=\"4d2bb93e-93c7-4cf8-82d5-899ac4d0029c\" language=\"en\" view=\"list\" class=\"\"][divider visibility=\"visible\"][\/vc_column][\/vc_row]","_pl_post_name":"narzedzia","_pl_post_excerpt":"","_pl_post_title":"Narz\u0119dzia","edit_language":"en","footnotes":""},"class_list":["post-13504","page","type-page","status-publish","has-post-thumbnail","hentry"],"_links":{"self":[{"href":"https:\/\/www.fapim.it\/en\/wp-json\/wp\/v2\/pages\/13504","targetHints":{"allow":["GET"]}}],"collection":[{"href":"https:\/\/www.fapim.it\/en\/wp-json\/wp\/v2\/pages"}],"about":[{"href":"https:\/\/www.fapim.it\/en\/wp-json\/wp\/v2\/types\/page"}],"author":[{"embeddable":true,"href":"https:\/\/www.fapim.it\/en\/wp-json\/wp\/v2\/users\/1"}],"replies":[{"embeddable":true,"href":"https:\/\/www.fapim.it\/en\/wp-json\/wp\/v2\/comments?post=13504"}],"version-history":[{"count":5,"href":"https:\/\/www.fapim.it\/en\/wp-json\/wp\/v2\/pages\/13504\/revisions"}],"predecessor-version":[{"id":26327,"href":"https:\/\/www.fapim.it\/en\/wp-json\/wp\/v2\/pages\/13504\/revisions\/26327"}],"wp:featuredmedia":[{"embeddable":true,"href":"https:\/\/www.fapim.it\/en\/wp-json\/wp\/v2\/media\/15191"}],"wp:attachment":[{"href":"https:\/\/www.fapim.it\/en\/wp-json\/wp\/v2\/media?parent=13504"}],"curies":[{"name":"wp","href":"https:\/\/api.w.org\/{rel}","templated":true}]}}