   {"id":13518,"date":"2019-02-06T10:46:25","date_gmt":"2019-02-06T09:46:25","guid":{"rendered":"http:\/\/testsito.fapim.it\/site\/noi-facciamo\/prodotti-e-progetti\/prodotti\/domatic\/profix\/"},"modified":"2025-06-16T10:25:49","modified_gmt":"2025-06-16T08:25:49","slug":"profix","status":"publish","type":"page","link":"https:\/\/www.fapim.it\/en\/profix\/","title":{"rendered":"Profix","raw":"Profix"},"content":{"rendered":"<section class=\"section  text-normal section-text-no-shadow section-inner-no-shadow section-normal section-opaque\"  >\r\n    \r\n    <div class=\"background-overlay grid-overlay-0 \" style=\"background-color: rgba(0,0,0,0);\"><\/div>\r\n\r\n    <div class=\"container container-vertical-default\">\r\n        <div class=\"row vertical-default\">\r\n            <div class=\"col-md-12     text-default small-screen-default\"  ><div class=\"divider-wrapper \" style=\"visibility:visible;background-color:#FFFFFF\">\r\n    <div class=\"visible-xs\" style=\"height:24px;\"><\/div>\r\n    <div class=\"visible-sm\" style=\"height:24px;\"><\/div>\r\n    <div class=\"visible-md\" style=\"height:24px;\"><\/div>\r\n    <div class=\"visible-lg\" style=\"height:24px;\"><\/div>\r\n<\/div><\/div>        <\/div>\r\n    <\/div>\r\n<\/section>\r\n<section class=\"section  text-normal section-text-no-shadow section-inner-no-shadow section-normal section-opaque\"  >\r\n    \r\n    <div class=\"background-overlay grid-overlay-0 \" style=\"background-color: rgba(0,0,0,0);\"><\/div>\r\n\r\n    <div class=\"container container-vertical-default\">\r\n        <div class=\"row vertical-default\">\r\n            <div class=\"col-md-12     text-default small-screen-default\"  ><p class=\"lead text-justify justify  text-normal element-top-20 element-bottom-20\" data-os-animation=\"none\" data-os-animation-delay=\"0s\">Brush for doors, with propylene fibers in various lengths. Available with integrated support profile, in stainless steel or galvanized steel, or in extruded aluminum in various shapes and sizes. It is applicable in many situations thereby eliminating troublesome passage of air, dust, light , insects etc.<br \/>\n<\/p><\/div>        <\/div>\r\n    <\/div>\r\n<\/section>\r\n<section class=\"section  text-normal section-text-no-shadow section-inner-no-shadow section-normal section-opaque\"  >\r\n    \r\n    <div class=\"background-overlay grid-overlay-0 \" style=\"background-color: rgba(0,0,0,0);\"><\/div>\r\n\r\n    <div class=\"container container-vertical-default\">\r\n        <div class=\"row vertical-default\">\r\n            <div class=\"col-md-12     text-default small-screen-default\"  ><div class=\"divider-wrapper \" style=\"visibility:visible;background-color:#FFFFFF\">\r\n    <div class=\"visible-xs\" style=\"height:24px;\"><\/div>\r\n    <div class=\"visible-sm\" style=\"height:24px;\"><\/div>\r\n    <div class=\"visible-md\" style=\"height:24px;\"><\/div>\r\n    <div class=\"visible-lg\" style=\"height:24px;\"><\/div>\r\n<\/div><\/div>        <\/div>\r\n    <\/div>\r\n<\/section>\r\n<section class=\"section  text-normal section-text-no-shadow section-inner-no-shadow section-normal section-opaque\"  >\r\n    \r\n    <div class=\"background-overlay grid-overlay-0 \" style=\"background-color: rgba(0,0,0,0);\"><\/div>\r\n\r\n    <div class=\"container container-vertical-default\">\r\n        <div class=\"row vertical-default\">\r\n            <div class=\"col-md-12     text-default small-screen-default\"  ><div class=\"figure element-top-0 element-bottom-0  \" data-os-animation=\"none\" data-os-animation-delay=\"0s\">\r\n            <span class=\"figure-image\">\r\n        <img loading=\"lazy\" decoding=\"async\" width=\"1240\" height=\"551\" src=\"https:\/\/www.fapim.it\/wp-content\/uploads\/2019\/03\/f_profix1-2.jpg\" class=\"attachment-full size-full\" alt=\"\" srcset=\"https:\/\/www.fapim.it\/wp-content\/uploads\/2019\/03\/f_profix1-2.jpg 1240w, https:\/\/www.fapim.it\/wp-content\/uploads\/2019\/03\/f_profix1-2-300x133.jpg 300w, https:\/\/www.fapim.it\/wp-content\/uploads\/2019\/03\/f_profix1-2-768x341.jpg 768w, https:\/\/www.fapim.it\/wp-content\/uploads\/2019\/03\/f_profix1-2-1024x455.jpg 1024w\" sizes=\"auto, (max-width: 1240px) 100vw, 1240px\" \/>            <\/span>\r\n    <\/div>\r\n<\/div>        <\/div>\r\n    <\/div>\r\n<\/section>\r\n<section class=\"section  text-normal section-text-no-shadow section-inner-no-shadow section-normal section-opaque\"  >\r\n    \r\n    <div class=\"background-overlay grid-overlay-0 \" style=\"background-color: rgba(0,0,0,0);\"><\/div>\r\n\r\n    <div class=\"container container-vertical-default\">\r\n        <div class=\"row vertical-default\">\r\n            <div class=\"col-md-12     text-default small-screen-default\"  ><div class=\"divider-wrapper \" style=\"visibility:hidden;background-color:#FFFFFF\">\r\n    <div class=\"visible-xs\" style=\"height:24px;\"><\/div>\r\n    <div class=\"visible-sm\" style=\"height:24px;\"><\/div>\r\n    <div class=\"visible-md\" style=\"height:60px;\"><\/div>\r\n    <div class=\"visible-lg\" style=\"height:60px;\"><\/div>\r\n<\/div><div class=\"col-text-1 text-normal  element-top-20 element-bottom-20\" data-os-animation=\"none\" data-os-animation-delay=\"0s\">\r\n    <h3>Available documentation<\/h3>\n<\/div>\r\n<documentation slug=\"0c0cecbf-bd6a-4a25-8a15-b0e332ffe4c3\" language=\"en\" view=\"list\" class=\"\"><\/documentation><div class=\"divider-wrapper \" style=\"visibility:hidden;background-color:#FFFFFF\">\r\n    <div class=\"visible-xs\" style=\"height:24px;\"><\/div>\r\n    <div class=\"visible-sm\" style=\"height:24px;\"><\/div>\r\n    <div class=\"visible-md\" style=\"height:60px;\"><\/div>\r\n    <div class=\"visible-lg\" style=\"height:60px;\"><\/div>\r\n<\/div><\/div>        <\/div>\r\n    <\/div>\r\n<\/section>\n","protected":false,"raw":"[vc_row][vc_column width=\"1\/1\"][divider visibility=\"visible\"][\/vc_column][\/vc_row][vc_row][vc_column width=\"1\/1\"][lead align=\"justify\"]Brush for doors, with propylene fibers in various lengths. Available with integrated support profile, in stainless steel or galvanized steel, or in extruded aluminum in various shapes and sizes. It is applicable in many situations thereby eliminating troublesome passage of air, dust, light , insects etc.\r\n[\/lead][\/vc_column][\/vc_row][vc_row][vc_column width=\"1\/1\"][divider visibility=\"visible\"][\/vc_column][\/vc_row][vc_row background_image_parallax_end=\"0\"][vc_column width=\"1\/1\"][vc_single_image image=\"15261\" custom_image_size=\"0\" custom_image_size_crop=\"true\" link_type=\"no-link\" margin_top=\"0\" margin_bottom=\"0\"][\/vc_column][\/vc_row][vc_row][vc_column width=\"1\/1\"][divider md_height=\"60\" lg_height=\"60\"][vc_column_text]\r\n<h3>Available documentation<\/h3>\r\n[\/vc_column_text][fpm-documentation slug=\"0c0cecbf-bd6a-4a25-8a15-b0e332ffe4c3\" language=\"en\" view=\"list\" class=\"\"][divider md_height=\"60\" lg_height=\"60\"][\/vc_column][\/vc_row]"},"excerpt":{"rendered":"Spazzolino per porte, con spazzola in fibre di propilene in varie lunghezze. Disponibile con profilo di supporto integrato, in acciaio zincato od inox, od a parte in alluminio estruso, in svariate forme e dimensioni. Applicabile in moltissime realizzazioni, consentendo l\u2019eliminazione di fastidiosi passaggi d\u2019aria, polvere, luce, insetti, ecc. Documentazione disponibile","protected":false,"raw":""},"author":1,"featured_media":15260,"parent":0,"menu_order":61,"comment_status":"closed","ping_status":"closed","template":"","meta":{"_it_post_content":"[vc_row][vc_column width=\"1\/1\"][divider visibility=\"visible\"][\/vc_column][\/vc_row][vc_row][vc_column width=\"1\/1\"][lead align=\"justify\"]Spazzolino per porte, con spazzola in fibre di propilene in varie lunghezze. Disponibile con profilo di supporto integrato, in acciaio zincato od inox, od a parte in alluminio estruso, in svariate forme e dimensioni. Applicabile in moltissime realizzazioni, consentendo l\u2019eliminazione di fastidiosi passaggi d\u2019aria, polvere, luce, insetti, ecc.[\/lead][\/vc_column][\/vc_row][vc_row][vc_column width=\"1\/1\"][divider visibility=\"visible\"][\/vc_column][\/vc_row][vc_row background_image_parallax_end=\"0\"][vc_column width=\"1\/1\"][vc_single_image image=\"15261\" custom_image_size=\"0\" custom_image_size_crop=\"true\" link_type=\"no-link\" margin_top=\"0\" margin_bottom=\"0\"][\/vc_column][\/vc_row][vc_row][vc_column width=\"1\/1\"][divider md_height=\"60\" lg_height=\"60\"][vc_column_text]\r\n<h3>Documentazione disponibile<\/h3>\r\n[\/vc_column_text][fpm-documentation slug=\"0c0cecbf-bd6a-4a25-8a15-b0e332ffe4c3\" language=\"it\" view=\"list\" class=\"\"][divider md_height=\"60\" lg_height=\"60\"][\/vc_column][\/vc_row]","_it_post_name":"profix","_it_post_excerpt":"","_it_post_title":"Profix","_en_post_content":"[vc_row][vc_column width=\"1\/1\"][divider visibility=\"visible\"][\/vc_column][\/vc_row][vc_row][vc_column width=\"1\/1\"][lead align=\"justify\"]Brush for doors, with propylene fibers in various lengths. Available with integrated support profile, in stainless steel or galvanized steel, or in extruded aluminum in various shapes and sizes. It is applicable in many situations thereby eliminating troublesome passage of air, dust, light , insects etc.\r\n[\/lead][\/vc_column][\/vc_row][vc_row][vc_column width=\"1\/1\"][divider visibility=\"visible\"][\/vc_column][\/vc_row][vc_row background_image_parallax_end=\"0\"][vc_column width=\"1\/1\"][vc_single_image image=\"15261\" custom_image_size=\"0\" custom_image_size_crop=\"true\" link_type=\"no-link\" margin_top=\"0\" margin_bottom=\"0\"][\/vc_column][\/vc_row][vc_row][vc_column width=\"1\/1\"][divider md_height=\"60\" lg_height=\"60\"][vc_column_text]\r\n<h3>Available documentation<\/h3>\r\n[\/vc_column_text][fpm-documentation slug=\"0c0cecbf-bd6a-4a25-8a15-b0e332ffe4c3\" language=\"en\" view=\"list\" class=\"\"][divider md_height=\"60\" lg_height=\"60\"][\/vc_column][\/vc_row]","_en_post_name":"profix","_en_post_excerpt":"","_en_post_title":"Profix","_fr_post_content":"[vc_row][vc_column width=\"1\/1\"][divider visibility=\"visible\"][\/vc_column][\/vc_row][vc_row][vc_column width=\"1\/1\"][lead align=\"justify\"]Brosse de porte en fibres de propyl\u00e8ne en plusieurs longueurs. Disponible avec profil de support int\u00e9gr\u00e9, en acier zingu\u00e9 ou en inox, ou s\u00e9par\u00e9ment en aluminium extrud\u00e9, en plusieurs finitions et dimensions. Applicable sur nombreuses r\u00e9alisations, permet l\u2019\u00e9limination des passages d\u2019aire, poudre, lumi\u00e8re, insectes etc.etc. [\/lead][\/vc_column][\/vc_row][vc_row][vc_column width=\"1\/1\"][divider visibility=\"visible\"][\/vc_column][\/vc_row][vc_row background_image_parallax_end=\"0\"][vc_column width=\"1\/1\"][vc_single_image image=\"15261\" custom_image_size=\"0\" custom_image_size_crop=\"true\" link_type=\"no-link\" margin_top=\"0\" margin_bottom=\"0\"][\/vc_column][\/vc_row][vc_row][vc_column width=\"1\/1\"][divider md_height=\"60\" lg_height=\"60\"][vc_column_text]\r\n<h3>Documentation disponible<\/h3>\r\n[\/vc_column_text][fpm-documentation slug=\"0c0cecbf-bd6a-4a25-8a15-b0e332ffe4c3\" language=\"fr\" view=\"list\" class=\"\"][divider md_height=\"60\" lg_height=\"60\"][\/vc_column][\/vc_row]","_fr_post_name":"profix","_fr_post_excerpt":"","_fr_post_title":"Profix","_es_post_content":"[vc_row][vc_column width=\"1\/1\"][divider visibility=\"visible\"][\/vc_column][\/vc_row][vc_row][vc_column width=\"1\/1\"][lead align=\"justify\"]Cepillos puertas, en fibras de poli propileno realizado en varias medidas. Disponible con perfil de suporte integrado, en acero galvanizado o acero inoxidable, o separadamente en aluminio extruido, en diferentes formas y tama\u00f1os. Aplicable en muchas realizaciones, eliminando as\u00ed los pasajes problem\u00e1ticos de aire, polvo, luz, insectos, etc.[\/lead][\/vc_column][\/vc_row][vc_row][vc_column width=\"1\/1\"][divider visibility=\"visible\"][\/vc_column][\/vc_row][vc_row background_image_parallax_end=\"0\"][vc_column width=\"1\/1\"][vc_single_image image=\"15261\" custom_image_size=\"0\" custom_image_size_crop=\"true\" link_type=\"no-link\" margin_top=\"0\" margin_bottom=\"0\"][\/vc_column][\/vc_row][vc_row][vc_column width=\"1\/1\"][divider md_height=\"60\" lg_height=\"60\"][vc_column_text]\r\n<h3>Documentacion disponible<\/h3>\r\n[\/vc_column_text][fpm-documentation slug=\"0c0cecbf-bd6a-4a25-8a15-b0e332ffe4c3\" language=\"es\" view=\"list\" class=\"\"][divider md_height=\"60\" lg_height=\"60\"][\/vc_column][\/vc_row]","_es_post_name":"profix","_es_post_excerpt":"","_es_post_title":"Profix","_ru_post_content":"[vc_row][vc_column width=\"1\/1\"][divider visibility=\"visible\"][\/vc_column][\/vc_row][vc_row][vc_column width=\"1\/1\"][lead align=\"justify\"]\u0429\u0435\u0442\u043e\u0447\u043d\u044b\u0439 \u0443\u043f\u043b\u043e\u0442\u043d\u0438\u0442\u0435\u043b\u044c \u0434\u043b\u044f \u0434\u0432\u0435\u0440\u0435\u0439 \u0438\u0437 \u043f\u0440\u043e\u043f\u0438\u043b\u0435\u043d\u043e\u0432\u043e\u0433\u043e \u0432\u043e\u043b\u043e\u043a\u043d\u0430 \u0440\u0430\u0437\u043d\u043e\u0439 \u0434\u043b\u0438\u043d\u044b. \u0414\u0435\u0440\u0436\u0430\u0442\u0435\u043b\u044c \u0449\u0435\u0442\u043a\u0438 \u0438\u0437 \u043e\u0446\u0438\u043d\u043a\u043e\u0432\u0430\u043d\u043d\u043e\u0439 \u0438\u043b\u0438 \u043d\u0435\u0440\u0436\u0430\u0432\u0435\u044e\u0449\u0435\u0439 \u0441\u0442\u0430\u043b\u0438 \u0438\u043b\u0438 \u0447\u0430\u0441\u0442\u0438\u0447\u043d\u043e \u0438\u0437 \u043f\u0440\u0435\u0441\u0441\u043e\u0432\u0430\u043d\u043d\u043e\u0433\u043e \u0430\u043b\u044e\u043c\u0438\u043d\u0438\u044f \u0440\u0430\u0437\u043d\u044b\u0445 \u0444\u043e\u0440\u043c \u0438 \u0440\u0430\u0437\u043c\u0435\u0440\u043e\u0432. \u041d\u0430\u0445\u043e\u0434\u0438\u0442 \u0440\u0430\u0437\u043b\u0438\u0447\u043d\u044b\u0435 \u043f\u0440\u0438\u043c\u0435\u043d\u0435\u043d\u0438\u044f, \u0432 \u0442\u043e\u043c \u0447\u0438\u0441\u043b\u0435 \u0434\u043b\u044f \u043f\u0440\u0435\u0434\u043e\u0442\u0432\u0440\u0430\u0449\u0435\u043d\u0438\u044f \u0441\u043a\u0432\u043e\u0437\u043d\u044f\u043a\u043e\u0432, \u043f\u0440\u043e\u043d\u0438\u043a\u043d\u043e\u0432\u0435\u043d\u0438\u044f \u043f\u044b\u043b\u0438, \u0441\u0432\u0435\u0442\u0430, \u043d\u0430\u0441\u0435\u043a\u043e\u043c\u044b\u0445 \u0438 \u0442.\u043f.[\/lead][\/vc_column][\/vc_row][vc_row][vc_column width=\"1\/1\"][divider visibility=\"visible\"][\/vc_column][\/vc_row][vc_row background_image_parallax_end=\"0\"][vc_column width=\"1\/1\"][vc_single_image image=\"15261\" custom_image_size=\"0\" custom_image_size_crop=\"true\" link_type=\"no-link\" margin_top=\"0\" margin_bottom=\"0\"][\/vc_column][\/vc_row][vc_row][vc_column width=\"1\/1\"][divider md_height=\"60\" lg_height=\"60\"][vc_column_text]\r\n<h3>\u0434\u043e\u0441\u0442\u0443\u043f\u043d\u0430\u044f \u0434\u043e\u043a\u0443\u043c\u0435\u043d\u0442\u0430\u0446\u0438\u044f<\/h3>\r\n[\/vc_column_text][fpm-documentation slug=\"0c0cecbf-bd6a-4a25-8a15-b0e332ffe4c3\" language=\"it\" view=\"list\" class=\"\"][divider md_height=\"60\" lg_height=\"60\"][\/vc_column][\/vc_row]","_ru_post_name":"profix","_ru_post_excerpt":"","_ru_post_title":"Profix","_pl_post_content":"[vc_row][vc_column width=\"1\/1\"][divider visibility=\"visible\"][\/vc_column][\/vc_row][vc_row][vc_column width=\"1\/1\"][lead align=\"justify\"]Szczotka drzwiowa z w\u0142\u00f3kiem propylenowych r\u00f3\u017cnej d\u0142ugo\u015bci. Dost\u0119pna ze zintegrowanym profilem monta\u017cowym ze stali nierdzewnej lub ocynkowanej albo cz\u0119\u015bciowo z t\u0142oczonego aluminium, w r\u00f3\u017cnych kszta\u0142tach i rozmiarach. Daje mo\u017cliwo\u015b\u0107 zastosowania w wielu realizacjach, pozwalaj\u0105c na usuni\u0119cie niepo\u017c\u0105danych strumieni powietrza, py\u0142u, \u015bwiat\u0142a, owad\u00f3w, itp.[\/lead][\/vc_column][\/vc_row][vc_row][vc_column width=\"1\/1\"][divider visibility=\"visible\"][\/vc_column][\/vc_row][vc_row background_image_parallax_end=\"0\"][vc_column width=\"1\/1\"][vc_single_image image=\"15261\" custom_image_size=\"0\" custom_image_size_crop=\"true\" margin_top=\"0\" margin_bottom=\"0\"][\/vc_column][\/vc_row][vc_row][vc_column width=\"1\/1\"][divider md_height=\"60\" lg_height=\"60\"][vc_column_text]\r\n<h3>DOST\u0118PNA DOKUMENTACJA<\/h3>\r\n[\/vc_column_text][fpm-documentation slug=\"0c0cecbf-bd6a-4a25-8a15-b0e332ffe4c3\" language=\"en\" view=\"list\" class=\"\"][divider md_height=\"60\" lg_height=\"60\"][\/vc_column][\/vc_row]","_pl_post_name":"profix","_pl_post_excerpt":"","_pl_post_title":"Profix","edit_language":"en","footnotes":""},"class_list":["post-13518","page","type-page","status-publish","has-post-thumbnail","hentry"],"_links":{"self":[{"href":"https:\/\/www.fapim.it\/en\/wp-json\/wp\/v2\/pages\/13518","targetHints":{"allow":["GET"]}}],"collection":[{"href":"https:\/\/www.fapim.it\/en\/wp-json\/wp\/v2\/pages"}],"about":[{"href":"https:\/\/www.fapim.it\/en\/wp-json\/wp\/v2\/types\/page"}],"author":[{"embeddable":true,"href":"https:\/\/www.fapim.it\/en\/wp-json\/wp\/v2\/users\/1"}],"replies":[{"embeddable":true,"href":"https:\/\/www.fapim.it\/en\/wp-json\/wp\/v2\/comments?post=13518"}],"version-history":[{"count":3,"href":"https:\/\/www.fapim.it\/en\/wp-json\/wp\/v2\/pages\/13518\/revisions"}],"predecessor-version":[{"id":18308,"href":"https:\/\/www.fapim.it\/en\/wp-json\/wp\/v2\/pages\/13518\/revisions\/18308"}],"wp:featuredmedia":[{"embeddable":true,"href":"https:\/\/www.fapim.it\/en\/wp-json\/wp\/v2\/media\/15260"}],"wp:attachment":[{"href":"https:\/\/www.fapim.it\/en\/wp-json\/wp\/v2\/media?parent=13518"}],"curies":[{"name":"wp","href":"https:\/\/api.w.org\/{rel}","templated":true}]}}