   {"id":20538,"date":"2021-06-21T15:36:07","date_gmt":"2021-06-21T13:36:07","guid":{"rendered":"https:\/\/www.fapim.it\/?page_id=20538"},"modified":"2025-03-31T12:43:23","modified_gmt":"2025-03-31T10:43:23","slug":"spontaneous-application","status":"publish","type":"page","link":"https:\/\/www.fapim.it\/en\/spontaneous-application\/","title":{"rendered":"Spontaneous application","raw":"Spontaneous application"},"content":{"rendered":"","protected":false,"raw":""},"excerpt":{"rendered":"NOME COGNOME SESSO MASCHIOFEMMINA DATA DI NASCITA EMAIL RECAPITO TELEFONICO COMUNE DI RESIDENZA DESIDERO CANDIDARMI PER: POSIZIONE GENERICA PRODUZIONE POSIZIONE GENERICA UFFICI ADDETTO OFFICINA MECCANICA ADDETTO UFFICIO TECNICO PROGETTAZIONE ADDETTO UFFICIO TECNICO PROGETTAZIONE (ASSISTENZA TECNICA AL CLIENTE) ADDETTO UFFICIO TECNICO INDUSTRIALIZZAZIONE COLONNA VUOTA ADDETTO UFFICIO TECNICO INDUSTRIALIZZAZIONE (SPECIALISTA SAP) SONO DISPONIBILE PER: Contratto tempo indeterminato:","protected":false,"raw":""},"author":3,"featured_media":0,"parent":0,"menu_order":145,"comment_status":"closed","ping_status":"closed","template":"","meta":{"_it_post_content":"[vc_row][vc_column width=\"1\/1\"][divider][\/vc_column][\/vc_row][vc_row][vc_column width=\"1\/6\"][\/vc_column][vc_column width=\"4\/6\"][divider][contact-form-7 id=\"22632\"][divider][\/vc_column][vc_column width=\"1\/6\"][\/vc_column][\/vc_row]","_it_post_name":"candidatura-spontanea","_it_post_excerpt":"","_it_post_title":"Candidatura spontanea","_en_post_content":"","_en_post_name":"spontaneous-application","_en_post_excerpt":"","_en_post_title":"Spontaneous application","_fr_post_content":"","_fr_post_name":"candidature-spontanee","_fr_post_excerpt":"","_fr_post_title":"Candidature spontan\u00e9e","_es_post_content":"","_es_post_name":"aplicacion-espontanea","_es_post_excerpt":"","_es_post_title":"Aplicaci\u00f3n espont\u00e1nea","_ru_post_content":"","_ru_post_name":"spontannoe-primenenie","_ru_post_excerpt":"","_ru_post_title":"\u0421\u043f\u043e\u043d\u0442\u0430\u043d\u043d\u043e\u0435 \u043f\u0440\u0438\u043c\u0435\u043d\u0435\u043d\u0438\u0435","_pl_post_content":"","_pl_post_name":"spontaniczna-aplikacja","_pl_post_excerpt":"","_pl_post_title":"Spontaniczna aplikacja","edit_language":"en","footnotes":""},"class_list":["post-20538","page","type-page","status-publish","hentry"],"_links":{"self":[{"href":"https:\/\/www.fapim.it\/en\/wp-json\/wp\/v2\/pages\/20538","targetHints":{"allow":["GET"]}}],"collection":[{"href":"https:\/\/www.fapim.it\/en\/wp-json\/wp\/v2\/pages"}],"about":[{"href":"https:\/\/www.fapim.it\/en\/wp-json\/wp\/v2\/types\/page"}],"author":[{"embeddable":true,"href":"https:\/\/www.fapim.it\/en\/wp-json\/wp\/v2\/users\/3"}],"replies":[{"embeddable":true,"href":"https:\/\/www.fapim.it\/en\/wp-json\/wp\/v2\/comments?post=20538"}],"version-history":[{"count":13,"href":"https:\/\/www.fapim.it\/en\/wp-json\/wp\/v2\/pages\/20538\/revisions"}],"predecessor-version":[{"id":22633,"href":"https:\/\/www.fapim.it\/en\/wp-json\/wp\/v2\/pages\/20538\/revisions\/22633"}],"wp:attachment":[{"href":"https:\/\/www.fapim.it\/en\/wp-json\/wp\/v2\/media?parent=20538"}],"curies":[{"name":"wp","href":"https:\/\/api.w.org\/{rel}","templated":true}]}}