   {"id":21084,"date":"2021-10-06T16:01:22","date_gmt":"2021-10-06T14:01:22","guid":{"rendered":"https:\/\/www.fapim.it\/?page_id=21084"},"modified":"2021-12-06T09:58:33","modified_gmt":"2021-12-06T08:58:33","slug":"north-america","status":"publish","type":"page","link":"https:\/\/www.fapim.it\/en\/north-america\/","title":{"rendered":"North America","raw":"North America"},"content":{"rendered":"<section class=\"section  text-normal section-text-no-shadow section-inner-no-shadow section-normal section-opaque\"  >\r\n    \r\n    <div class=\"background-overlay grid-overlay-0 \" style=\"background-color: rgba(0,0,0,0);\"><\/div>\r\n\r\n    <div class=\"container container-vertical-default\">\r\n        <div class=\"row vertical-default\">\r\n            <div class=\"col-md-12     text-default small-screen-default\"  ><div class=\"divider-wrapper \" style=\"visibility:hidden;background-color:#FFFFFF\">\r\n    <div class=\"visible-xs\" style=\"height:24px;\"><\/div>\r\n    <div class=\"visible-sm\" style=\"height:24px;\"><\/div>\r\n    <div class=\"visible-md\" style=\"height:24px;\"><\/div>\r\n    <div class=\"visible-lg\" style=\"height:24px;\"><\/div>\r\n<\/div><\/div>        <\/div>\r\n    <\/div>\r\n<\/section>\r\n<section class=\"section  text-normal section-text-no-shadow section-inner-no-shadow section-normal section-opaque\"  >\r\n    \r\n    <div class=\"background-overlay grid-overlay-0 \" style=\"background-color: rgba(0,0,0,0);\"><\/div>\r\n\r\n    <div class=\"container container-vertical-default\">\r\n        <div class=\"row vertical-default\">\r\n            <div class=\"col-md-12     text-default small-screen-default\"  ><div class=\" element-top-20 element-bottom-20\" data-os-animation=\"none\" data-os-animation-delay=\"0s\" ><iframe loading=\"lazy\" width=\"1170\" height=\"658\" src=\"https:\/\/www.youtube.com\/embed\/jASXD0pTB0s?feature=oembed\" frameborder=\"0\" allow=\"accelerometer; autoplay; clipboard-write; encrypted-media; gyroscope; picture-in-picture\" allowfullscreen><\/iframe><\/div><\/div>        <\/div>\r\n    <\/div>\r\n<\/section>\r\n<section class=\"section  text-normal section-text-no-shadow section-inner-no-shadow section-normal section-opaque\"  >\r\n    \r\n    <div class=\"background-overlay grid-overlay-0 \" style=\"background-color: rgba(0,0,0,0);\"><\/div>\r\n\r\n    <div class=\"container container-vertical-default\">\r\n        <div class=\"row vertical-default\">\r\n            <div class=\"col-md-12     text-default small-screen-default\"  ><div class=\"divider-wrapper \" style=\"visibility:hidden;background-color:#FFFFFF\">\r\n    <div class=\"visible-xs\" style=\"height:24px;\"><\/div>\r\n    <div class=\"visible-sm\" style=\"height:24px;\"><\/div>\r\n    <div class=\"visible-md\" style=\"height:24px;\"><\/div>\r\n    <div class=\"visible-lg\" style=\"height:24px;\"><\/div>\r\n<\/div><\/div>        <\/div>\r\n    <\/div>\r\n<\/section>\r\n<section class=\"section  text-normal section-text-no-shadow section-inner-no-shadow section-normal section-opaque\"  >\r\n    \r\n    <div class=\"background-overlay grid-overlay-0 \" style=\"background-color: rgba(0,0,0,0);\"><\/div>\r\n\r\n    <div class=\"container container-vertical-default\">\r\n        <div class=\"row vertical-default\">\r\n            <div class=\"col-md-6     text-center small-screen-center\"  ><div class=\"figure element-top-20 element-bottom-20  \" data-os-animation=\"none\" data-os-animation-delay=\"0s\">\r\n            <a href=\"https:\/\/www.fapim.it\/wp-content\/uploads\/2019\/04\/Antonio-D\u2019Abrosca.jpg\" class=\"figure-image magnific\" target=\"_self\">\r\n        <img loading=\"lazy\" decoding=\"async\" width=\"276\" height=\"300\" src=\"https:\/\/www.fapim.it\/wp-content\/uploads\/2019\/04\/Antonio-D\u2019Abrosca-276x300.jpg\" class=\"attachment-medium size-medium\" alt=\"\" srcset=\"https:\/\/www.fapim.it\/wp-content\/uploads\/2019\/04\/Antonio-D\u2019Abrosca-276x300.jpg 276w, https:\/\/www.fapim.it\/wp-content\/uploads\/2019\/04\/Antonio-D\u2019Abrosca.jpg 400w\" sizes=\"auto, (max-width: 276px) 100vw, 276px\" \/>            <\/a>\r\n    <\/div>\r\n<\/div><div class=\"col-md-6     text-center small-screen-center\"  ><div class=\"col-text-1 text-normal lead text-justify element-top-20 element-bottom-20\" data-os-animation=\"none\" data-os-animation-delay=\"0s\">\r\n    <p>&nbsp;<\/p>\n<p>Our journey starts with<strong> Antonio D\u2019Abrosca<\/strong>, contact person for <strong>North America and Canada<\/strong>.<\/p>\n<p>An indomitable Sienese spirit, he has been living in America for twenty-five years and has been working for Fapim for twenty. <strong>He has worked hard to open up the North American market.<\/strong><\/p>\n<p><strong>To make our brand grow, he is not afraid to walk around Manhattan with a window mounted!<\/strong><\/p>\n<\/div>\r\n<\/div>        <\/div>\r\n    <\/div>\r\n<\/section>\r\n<section class=\"section  text-normal section-text-no-shadow section-inner-no-shadow section-normal section-opaque\"  >\r\n    \r\n    <div class=\"background-overlay grid-overlay-0 \" style=\"background-color: rgba(0,0,0,0);\"><\/div>\r\n\r\n    <div class=\"container container-vertical-default\">\r\n        <div class=\"row vertical-default\">\r\n            <div class=\"col-md-12     text-default small-screen-default\"  ><div class=\"divider-wrapper \" style=\"visibility:hidden;background-color:#FFFFFF\">\r\n    <div class=\"visible-xs\" style=\"height:24px;\"><\/div>\r\n    <div class=\"visible-sm\" style=\"height:24px;\"><\/div>\r\n    <div class=\"visible-md\" style=\"height:24px;\"><\/div>\r\n    <div class=\"visible-lg\" style=\"height:24px;\"><\/div>\r\n<\/div><\/div>        <\/div>\r\n    <\/div>\r\n<\/section>\n","protected":false,"raw":"[vc_row][vc_column width=\"1\/1\"][divider][\/vc_column][\/vc_row][vc_row][vc_column width=\"1\/1\"][vc_video src=\"https:\/\/youtu.be\/jASXD0pTB0s\"][\/vc_column][\/vc_row][vc_row][vc_column width=\"1\/1\"][divider][\/vc_column][\/vc_row][vc_row][vc_column align=\"center\" align_sm=\"center\" width=\"1\/2\"][vc_single_image image=\"18116\" image_size=\"medium\"][\/vc_column][vc_column align=\"center\" align_sm=\"center\" width=\"1\/2\"][vc_column_text extra_classes=\"lead text-justify\"]\r\n\r\n&nbsp;\r\n\r\nOur journey starts with<strong> Antonio D\u2019Abrosca<\/strong>, contact person for <strong>North America and Canada<\/strong>.\r\n\r\nAn indomitable Sienese spirit, he has been living in America for twenty-five years and has been working for Fapim for twenty. <strong>He has worked hard to open up the North American market.<\/strong>\r\n\r\n<strong>To make our brand grow, he is not afraid to walk around Manhattan with a window mounted!<\/strong>[\/vc_column_text][\/vc_column][\/vc_row][vc_row][vc_column width=\"1\/1\"][divider][\/vc_column][\/vc_row]"},"excerpt":{"rendered":"&nbsp; Iniziamo il nostro viaggio da Antonio D\u2019abrosca, referente per Nord America e Canada. Indomito spirito senese da venticinque anni in America e da venti in Fapim, si \u00e8 reso protagonista di un intenso lavoro per aprire il mercato nordamericano. Pur di far crescere il nostro brand non teme di girare per Manhattan con una","protected":false,"raw":""},"author":4,"featured_media":0,"parent":0,"menu_order":154,"comment_status":"closed","ping_status":"closed","template":"","meta":{"_it_post_content":"[vc_row][vc_column width=\"1\/1\"][divider][\/vc_column][\/vc_row][vc_row][vc_column width=\"1\/1\"][vc_video src=\"https:\/\/youtu.be\/jASXD0pTB0s\"][\/vc_column][\/vc_row][vc_row][vc_column width=\"1\/1\"][divider][\/vc_column][\/vc_row][vc_row][vc_column align=\"center\" align_sm=\"center\" width=\"1\/2\"][vc_single_image image=\"18116\" image_size=\"medium\"][\/vc_column][vc_column align=\"center\" align_sm=\"center\" width=\"1\/2\"][vc_column_text extra_classes=\"lead text-justify\"]\r\n\r\n&nbsp;\r\n\r\nIniziamo il nostro viaggio da <strong>Antonio D\u2019abrosca<\/strong>, referente per Nord America e Canada.\r\n\r\n<strong>Indomito spirito senese da venticinque anni in America e da venti in Fapim<\/strong>, si \u00e8 reso protagonista di un intenso lavoro per aprire il mercato nordamericano.\r\n\r\n<strong>Pur di far crescere il nostro brand non teme di girare per Manhattan con una finestra montata!\u00a0<\/strong>[\/vc_column_text][\/vc_column][\/vc_row][vc_row][vc_column width=\"1\/1\"][divider][\/vc_column][\/vc_row]","_it_post_name":"north-america","_it_post_excerpt":"","_it_post_title":"North America","_en_post_content":"[vc_row][vc_column width=\"1\/1\"][divider][\/vc_column][\/vc_row][vc_row][vc_column width=\"1\/1\"][vc_video src=\"https:\/\/youtu.be\/jASXD0pTB0s\"][\/vc_column][\/vc_row][vc_row][vc_column width=\"1\/1\"][divider][\/vc_column][\/vc_row][vc_row][vc_column align=\"center\" align_sm=\"center\" width=\"1\/2\"][vc_single_image image=\"18116\" image_size=\"medium\"][\/vc_column][vc_column align=\"center\" align_sm=\"center\" width=\"1\/2\"][vc_column_text extra_classes=\"lead text-justify\"]\r\n\r\n&nbsp;\r\n\r\nOur journey starts with<strong> Antonio D\u2019Abrosca<\/strong>, contact person for <strong>North America and Canada<\/strong>.\r\n\r\nAn indomitable Sienese spirit, he has been living in America for twenty-five years and has been working for Fapim for twenty. <strong>He has worked hard to open up the North American market.<\/strong>\r\n\r\n<strong>To make our brand grow, he is not afraid to walk around Manhattan with a window mounted!<\/strong>[\/vc_column_text][\/vc_column][\/vc_row][vc_row][vc_column width=\"1\/1\"][divider][\/vc_column][\/vc_row]","_en_post_name":"north-america","_en_post_excerpt":"","_en_post_title":"North America","_fr_post_content":"[vc_row][vc_column width=\"1\/1\"][divider][\/vc_column][\/vc_row][vc_row][vc_column width=\"1\/1\"][vc_video src=\"https:\/\/youtu.be\/jASXD0pTB0s\"][\/vc_column][\/vc_row][vc_row][vc_column width=\"1\/1\"][divider][\/vc_column][\/vc_row][vc_row][vc_column align=\"center\" align_sm=\"center\" width=\"1\/2\"][vc_single_image image=\"18116\" image_size=\"medium\"][\/vc_column][vc_column align=\"center\" align_sm=\"center\" width=\"1\/2\"][vc_column_text extra_classes=\"lead text-justify\"]\r\n\r\n&nbsp;\r\n\r\nNous commen\u00e7ons notre voyage <strong>avec Antonio D'abrosca,<\/strong> personne de contact pour l<strong>'Am\u00e9rique du Nord et le Canada<\/strong>.\r\n\r\n<strong>Esprit siennois indomptable depuis vingt-cinq ans en Am\u00e9rique et vingt \u00e0 Fapim,<\/strong> il est devenu le protagoniste d'un travail intense pour ouvrir le march\u00e9 nord-am\u00e9ricain.\r\n\r\n<strong>Afin de faire grandir notre marque, il n'a pas peur de faire le tour de Manhattan avec une fen\u00eatre \u00e9quip\u00e9e !\u00a0<\/strong>[\/vc_column_text][\/vc_column][\/vc_row][vc_row][vc_column width=\"1\/1\"][divider][\/vc_column][\/vc_row]","_fr_post_name":"north-america","_fr_post_excerpt":"","_fr_post_title":"North America","_es_post_content":"[vc_row][vc_column width=\"1\/1\"][divider][\/vc_column][\/vc_row][vc_row][vc_column width=\"1\/1\"][vc_video src=\"https:\/\/youtu.be\/jASXD0pTB0s\"][\/vc_column][\/vc_row][vc_row][vc_column width=\"1\/1\"][divider][\/vc_column][\/vc_row][vc_row][vc_column align=\"center\" align_sm=\"center\" width=\"1\/2\"][vc_single_image image=\"18116\" image_size=\"medium\"][\/vc_column][vc_column align=\"center\" align_sm=\"center\" width=\"1\/2\"][vc_column_text extra_classes=\"lead text-justify\"]\r\n\r\nComenzamos nuestro viaje con <strong>Antonio D\u2019abrosca<\/strong>, persona de contacto para Am\u00e9rica del Norte y Canad\u00e1.\r\n\r\nEsp\u00edritu indomable, originario de Siena desde hace veinticinco a\u00f1os en Am\u00e9rica y veinte en Fapim, se ha convertido en protagonista de un intenso trabajo para abrir el mercado norteamericano.\r\n\r\nPara que crezca nuestra marca, no tiene miedo de recorrer Manhattan con una ventana montada!\r\n\r\n<strong>\u00a0<\/strong>[\/vc_column_text][\/vc_column][\/vc_row][vc_row][vc_column width=\"1\/1\"][divider][\/vc_column][\/vc_row]","_es_post_name":"north-america","_es_post_excerpt":"","_es_post_title":"North America","_ru_post_content":"[vc_row][vc_column width=\"1\/1\"][divider][\/vc_column][\/vc_row][vc_row][vc_column width=\"1\/1\"][vc_video src=\"https:\/\/youtu.be\/jASXD0pTB0s\"][\/vc_column][\/vc_row][vc_row][vc_column width=\"1\/1\"][divider][\/vc_column][\/vc_row][vc_row][vc_column align=\"center\" align_sm=\"center\" width=\"1\/2\"][vc_single_image image=\"18116\" image_size=\"medium\"][\/vc_column][vc_column align=\"center\" align_sm=\"center\" width=\"1\/2\"][vc_column_text extra_classes=\"lead text-justify\"]\u041d\u0430\u0448\u0435 \u043f\u0443\u0442\u0435\u0448\u0435\u0441\u0442\u0432\u0438\u0435 \u043d\u0430\u0447\u0438\u043d\u0430\u0435\u0442\u0441\u044f \u0441 <strong>\u0410\u043d\u0442\u043e\u043d\u0438\u043e \u0414\u0430\u0431\u0440\u043e\u0441\u043a\u0430<\/strong>, \u043d\u0430\u0448\u0435\u0433\u043e \u043f\u0440\u0435\u0434\u0441\u0442\u0430\u0432\u0438\u0442\u0435\u043b\u044f \u0432 \u0421\u0435\u0432\u0435\u0440\u043d\u043e\u0439 \u0410\u043c\u0435\u0440\u0438\u043a\u0435 \u0438 \u041a\u0430\u043d\u0430\u0434\u0435. \u0420<strong>\u043e\u0434\u043e\u043c \u0438\u0437 \u0418\u0442\u0430\u043b\u0438\u0438, \u0441 \u043d\u0435\u043e\u0431\u0443\u0437\u0434\u0430\u043d\u043d\u044b\u043c \u0441\u0438\u0435\u043d\u0441\u043a\u0438\u043c \u0434\u0443\u0445\u043e\u043c, \u043e\u043d \u0443\u0436\u0435 25 \u043b\u0435\u0442 \u0432 \u0410\u043c\u0435\u0440\u0438\u043a\u0435, \u0438\u0437 \u043a\u043e\u0442\u043e\u0440\u044b\u0445 20 \u043e\u043d \u0440\u0430\u0431\u043e\u0442\u0430\u0435\u0442 \u0432 Fapim.<\/strong>\r\n\r\n\u041e\u043d \u043f\u0440\u043e\u0432\u0435\u043b \u043a\u043e\u043b\u043e\u0441\u0441\u0430\u043b\u044c\u043d\u0443\u044e \u0440\u0430\u0431\u043e\u0442\u0443 \u043f\u043e \u0437\u0430\u0432\u043e\u0435\u0432\u044b\u0432\u0430\u043d\u0438\u044e \u0440\u044b\u043d\u043a\u0430 \u0421\u0435\u0432\u0435\u0440\u043d\u043e\u0439 \u0410\u043c\u0435\u0440\u0438\u043a\u0438.\r\n\r\n<strong>\u0427\u0442\u043e\u0431\u044b \u0440\u0430\u0441\u043a\u0440\u0443\u0442\u0438\u0442\u044c \u043d\u0430\u0448 \u0431\u0440\u044d\u043d\u0434, \u0435\u043c\u0443 \u043d\u0435 \u043f\u0440\u0435\u0434\u0441\u0442\u0430\u0432\u043b\u044f\u0435\u0442 \u0442\u0440\u0443\u0434\u0430 \u043f\u043e\u044f\u0432\u0438\u0442\u044c\u0441\u044f \u043d\u0430 \u041c\u0430\u043d\u0445\u044d\u0442\u0442\u0435\u043d\u0435 \u0441 \u0433\u043e\u0442\u043e\u0432\u044b\u043c \u043e\u043a\u043d\u043e\u043c \u0432 \u0440\u0443\u043a\u0430\u0445!<\/strong>[\/vc_column_text][\/vc_column][\/vc_row][vc_row][vc_column width=\"1\/1\"][divider][\/vc_column][\/vc_row]","_ru_post_name":"north-america","_ru_post_excerpt":"","_ru_post_title":"North America","_pl_post_content":"[vc_row][vc_column width=\"1\/1\"][divider][\/vc_column][\/vc_row][vc_row][vc_column width=\"1\/1\"][vc_video src=\"https:\/\/youtu.be\/jASXD0pTB0s\"][\/vc_column][\/vc_row][vc_row][vc_column width=\"1\/1\"][divider][\/vc_column][\/vc_row][vc_row][vc_column align=\"center\" align_sm=\"center\" width=\"1\/2\"][vc_single_image image=\"18116\" image_size=\"medium\"][\/vc_column][vc_column align=\"center\" align_sm=\"center\" width=\"1\/2\"][vc_column_text extra_classes=\"lead text-justify\"]Nasz\u0105 podr\u00f3\u017c rozpoczynamy od <strong>Antonia D\u2019abrosca<\/strong>, naszego przedstawiciela na A<strong>meryk\u0119 P\u00f3\u0142nocn\u0105 i Kanad<\/strong>\u0119.\r\n\r\nTen niespokojny, siene\u0144ski duch od dwudziestu pi\u0119ciu lat mieszka w Ameryce, a od dwudziestu pracuje w <strong>Fapim<\/strong>, otwarcie przed firm\u0105 rynku p\u00f3\u0142nocnoameryka\u0144skiego jest efektem jego intensywnych stara\u0144.\r\n\r\n<strong>Aby promowa\u0107 nasz\u0105 mark\u0119, nie boi si\u0119 nawet jazdy po Manhattanie ze zmontowanym oknem!\u00a0<\/strong>[\/vc_column_text][\/vc_column][\/vc_row][vc_row][vc_column width=\"1\/1\"][divider][\/vc_column][\/vc_row]","_pl_post_name":"north-america","_pl_post_excerpt":"","_pl_post_title":"STRONA AMERYKA P\u00d3\u0141NOCNA I KANADA","edit_language":"en","footnotes":""},"class_list":["post-21084","page","type-page","status-publish","hentry"],"_links":{"self":[{"href":"https:\/\/www.fapim.it\/en\/wp-json\/wp\/v2\/pages\/21084","targetHints":{"allow":["GET"]}}],"collection":[{"href":"https:\/\/www.fapim.it\/en\/wp-json\/wp\/v2\/pages"}],"about":[{"href":"https:\/\/www.fapim.it\/en\/wp-json\/wp\/v2\/types\/page"}],"author":[{"embeddable":true,"href":"https:\/\/www.fapim.it\/en\/wp-json\/wp\/v2\/users\/4"}],"replies":[{"embeddable":true,"href":"https:\/\/www.fapim.it\/en\/wp-json\/wp\/v2\/comments?post=21084"}],"version-history":[{"count":36,"href":"https:\/\/www.fapim.it\/en\/wp-json\/wp\/v2\/pages\/21084\/revisions"}],"predecessor-version":[{"id":26780,"href":"https:\/\/www.fapim.it\/en\/wp-json\/wp\/v2\/pages\/21084\/revisions\/26780"}],"wp:attachment":[{"href":"https:\/\/www.fapim.it\/en\/wp-json\/wp\/v2\/media?parent=21084"}],"curies":[{"name":"wp","href":"https:\/\/api.w.org\/{rel}","templated":true}]}}