   {"id":21875,"date":"2022-04-22T09:24:57","date_gmt":"2022-04-22T07:24:57","guid":{"rendered":"https:\/\/www.fapim.it\/?page_id=21875"},"modified":"2022-04-22T09:34:00","modified_gmt":"2022-04-22T07:34:00","slug":"italia","status":"publish","type":"page","link":"https:\/\/www.fapim.it\/en\/italia\/","title":{"rendered":"Italia","raw":"Italia"},"content":{"rendered":"<section class=\"section  text-normal section-text-no-shadow section-inner-no-shadow section-normal section-opaque\"  >\r\n    \r\n    <div class=\"background-overlay grid-overlay-0 \" style=\"background-color: rgba(0,0,0,0);\"><\/div>\r\n\r\n    <div class=\"container container-vertical-default\">\r\n        <div class=\"row vertical-default\">\r\n            <div class=\"col-md-12     text-default small-screen-default\"  ><div class=\"divider-wrapper \" style=\"visibility:hidden;background-color:#FFFFFF\">\r\n    <div class=\"visible-xs\" style=\"height:24px;\"><\/div>\r\n    <div class=\"visible-sm\" style=\"height:24px;\"><\/div>\r\n    <div class=\"visible-md\" style=\"height:24px;\"><\/div>\r\n    <div class=\"visible-lg\" style=\"height:24px;\"><\/div>\r\n<\/div><\/div>        <\/div>\r\n    <\/div>\r\n<\/section>\r\n<section class=\"section  text-normal section-text-no-shadow section-inner-no-shadow section-normal section-opaque\"  >\r\n    \r\n    <div class=\"background-overlay grid-overlay-0 \" style=\"background-color: rgba(0,0,0,0);\"><\/div>\r\n\r\n    <div class=\"container container-vertical-default\">\r\n        <div class=\"row vertical-default\">\r\n            <div class=\"col-md-12     text-default small-screen-default\"  ><div class=\" element-top-20 element-bottom-20\" data-os-animation=\"none\" data-os-animation-delay=\"0s\" ><iframe loading=\"lazy\" title=\"Fapim calling from... Italy\" width=\"1170\" height=\"658\" src=\"https:\/\/www.youtube.com\/embed\/R-_ZjUm5unc?feature=oembed\" frameborder=\"0\" allow=\"accelerometer; autoplay; clipboard-write; encrypted-media; gyroscope; picture-in-picture\" allowfullscreen><\/iframe><\/div><\/div>        <\/div>\r\n    <\/div>\r\n<\/section>\r\n<section class=\"section  text-normal section-text-no-shadow section-inner-no-shadow section-normal section-opaque\"  >\r\n    \r\n    <div class=\"background-overlay grid-overlay-0 \" style=\"background-color: rgba(0,0,0,0);\"><\/div>\r\n\r\n    <div class=\"container container-vertical-default\">\r\n        <div class=\"row vertical-default\">\r\n            <div class=\"col-md-12     text-default small-screen-default\"  ><div class=\"divider-wrapper \" style=\"visibility:hidden;background-color:#FFFFFF\">\r\n    <div class=\"visible-xs\" style=\"height:24px;\"><\/div>\r\n    <div class=\"visible-sm\" style=\"height:24px;\"><\/div>\r\n    <div class=\"visible-md\" style=\"height:24px;\"><\/div>\r\n    <div class=\"visible-lg\" style=\"height:24px;\"><\/div>\r\n<\/div><\/div>        <\/div>\r\n    <\/div>\r\n<\/section>\r\n<section class=\"section  text-normal section-text-no-shadow section-inner-no-shadow section-normal section-opaque\"  >\r\n    \r\n    <div class=\"background-overlay grid-overlay-0 \" style=\"background-color: rgba(0,0,0,0);\"><\/div>\r\n\r\n    <div class=\"container container-vertical-default\">\r\n        <div class=\"row vertical-default\">\r\n            <div class=\"col-md-2-4     text-center small-screen-center\"  ><div class=\"figure element-top-20 element-bottom-20  \" data-os-animation=\"none\" data-os-animation-delay=\"0s\">\r\n            <a href=\"https:\/\/www.fapim.it\/wp-content\/uploads\/2019\/04\/Gianmario-Serpelloni.jpg\" class=\"figure-image magnific\" target=\"_self\">\r\n        <img loading=\"lazy\" decoding=\"async\" width=\"276\" height=\"300\" src=\"https:\/\/www.fapim.it\/wp-content\/uploads\/2019\/04\/Gianmario-Serpelloni-276x300.jpg\" class=\"attachment-medium size-medium\" alt=\"\" srcset=\"https:\/\/www.fapim.it\/wp-content\/uploads\/2019\/04\/Gianmario-Serpelloni-276x300.jpg 276w, https:\/\/www.fapim.it\/wp-content\/uploads\/2019\/04\/Gianmario-Serpelloni.jpg 400w\" sizes=\"auto, (max-width: 276px) 100vw, 276px\" \/>            <\/a>\r\n    <\/div>\r\n<\/div><div class=\"col-md-2-4     text-center small-screen-center\"  ><div class=\"figure element-top-20 element-bottom-20  \" data-os-animation=\"none\" data-os-animation-delay=\"0s\">\r\n            <a href=\"https:\/\/www.fapim.it\/wp-content\/uploads\/2019\/04\/Luca-De-Vivo.jpg\" class=\"figure-image magnific\" target=\"_self\">\r\n        <img loading=\"lazy\" decoding=\"async\" width=\"276\" height=\"300\" src=\"https:\/\/www.fapim.it\/wp-content\/uploads\/2019\/04\/Luca-De-Vivo-276x300.jpg\" class=\"attachment-medium size-medium\" alt=\"\" srcset=\"https:\/\/www.fapim.it\/wp-content\/uploads\/2019\/04\/Luca-De-Vivo-276x300.jpg 276w, https:\/\/www.fapim.it\/wp-content\/uploads\/2019\/04\/Luca-De-Vivo.jpg 400w\" sizes=\"auto, (max-width: 276px) 100vw, 276px\" \/>            <\/a>\r\n    <\/div>\r\n<\/div><div class=\"col-md-2-4     text-default small-screen-default\"  ><div class=\"figure element-top-20 element-bottom-20  \" data-os-animation=\"none\" data-os-animation-delay=\"0s\">\r\n            <a href=\"https:\/\/www.fapim.it\/wp-content\/uploads\/2019\/04\/Antonino-Strino.jpg\" class=\"figure-image magnific\" target=\"_self\">\r\n        <img loading=\"lazy\" decoding=\"async\" width=\"276\" height=\"300\" src=\"https:\/\/www.fapim.it\/wp-content\/uploads\/2019\/04\/Antonino-Strino-276x300.jpg\" class=\"attachment-medium size-medium\" alt=\"\" srcset=\"https:\/\/www.fapim.it\/wp-content\/uploads\/2019\/04\/Antonino-Strino-276x300.jpg 276w, https:\/\/www.fapim.it\/wp-content\/uploads\/2019\/04\/Antonino-Strino.jpg 400w\" sizes=\"auto, (max-width: 276px) 100vw, 276px\" \/>            <\/a>\r\n    <\/div>\r\n<\/div><div class=\"col-md-2-4     text-default small-screen-default\"  ><div class=\"figure element-top-20 element-bottom-20  \" data-os-animation=\"none\" data-os-animation-delay=\"0s\">\r\n            <a href=\"https:\/\/www.fapim.it\/wp-content\/uploads\/2019\/04\/Giampiero-Ignazzi.jpg\" class=\"figure-image magnific\" target=\"_self\">\r\n        <img loading=\"lazy\" decoding=\"async\" width=\"276\" height=\"300\" src=\"https:\/\/www.fapim.it\/wp-content\/uploads\/2019\/04\/Giampiero-Ignazzi-276x300.jpg\" class=\"attachment-medium size-medium\" alt=\"\" srcset=\"https:\/\/www.fapim.it\/wp-content\/uploads\/2019\/04\/Giampiero-Ignazzi-276x300.jpg 276w, https:\/\/www.fapim.it\/wp-content\/uploads\/2019\/04\/Giampiero-Ignazzi.jpg 400w\" sizes=\"auto, (max-width: 276px) 100vw, 276px\" \/>            <\/a>\r\n    <\/div>\r\n<\/div><div class=\"col-md-2-4     text-default small-screen-default\"  ><div class=\"figure element-top-20 element-bottom-20  \" data-os-animation=\"none\" data-os-animation-delay=\"0s\">\r\n            <a href=\"https:\/\/www.fapim.it\/wp-content\/uploads\/2019\/04\/Francesco-Busacca.jpg\" class=\"figure-image magnific\" target=\"_self\">\r\n        <img loading=\"lazy\" decoding=\"async\" width=\"276\" height=\"300\" src=\"https:\/\/www.fapim.it\/wp-content\/uploads\/2019\/04\/Francesco-Busacca-276x300.jpg\" class=\"attachment-medium size-medium\" alt=\"\" srcset=\"https:\/\/www.fapim.it\/wp-content\/uploads\/2019\/04\/Francesco-Busacca-276x300.jpg 276w, https:\/\/www.fapim.it\/wp-content\/uploads\/2019\/04\/Francesco-Busacca.jpg 400w\" sizes=\"auto, (max-width: 276px) 100vw, 276px\" \/>            <\/a>\r\n    <\/div>\r\n<\/div>        <\/div>\r\n    <\/div>\r\n<\/section>\r\n<section class=\"section  text-normal section-text-no-shadow section-inner-no-shadow section-normal section-opaque\"  >\r\n    \r\n    <div class=\"background-overlay grid-overlay-0 \" style=\"background-color: rgba(0,0,0,0);\"><\/div>\r\n\r\n    <div class=\"container container-vertical-default\">\r\n        <div class=\"row vertical-default\">\r\n            <div class=\"col-md-12     text-center small-screen-center\"  ><div class=\"col-text-1 text-normal lead text-justify element-top-20 element-bottom-20\" data-os-animation=\"none\" data-os-animation-delay=\"0s\">\r\n    <p style=\"text-align: center;\"><strong>We are in Italy! It&#8217;s our home market, followed extensively by a close-knit dream team!<\/strong><\/p>\n<\/div>\r\n<\/div>        <\/div>\r\n    <\/div>\r\n<\/section>\r\n<section class=\"section  text-normal section-text-no-shadow section-inner-no-shadow section-normal section-opaque\"  >\r\n    \r\n    <div class=\"background-overlay grid-overlay-0 \" style=\"background-color: rgba(0,0,0,0);\"><\/div>\r\n\r\n    <div class=\"container container-vertical-default\">\r\n        <div class=\"row vertical-default\">\r\n            <div class=\"col-md-12     text-default small-screen-default\"  ><div class=\"divider-wrapper \" style=\"visibility:hidden;background-color:#FFFFFF\">\r\n    <div class=\"visible-xs\" style=\"height:24px;\"><\/div>\r\n    <div class=\"visible-sm\" style=\"height:24px;\"><\/div>\r\n    <div class=\"visible-md\" style=\"height:24px;\"><\/div>\r\n    <div class=\"visible-lg\" style=\"height:24px;\"><\/div>\r\n<\/div><\/div>        <\/div>\r\n    <\/div>\r\n<\/section>\n","protected":false,"raw":"[vc_row][vc_column width=\"1\/1\"][divider][\/vc_column][\/vc_row][vc_row][vc_column width=\"1\/1\"][vc_video src=\"https:\/\/youtu.be\/R-_ZjUm5unc\"][\/vc_column][\/vc_row][vc_row][vc_column width=\"1\/1\"][divider][\/vc_column][\/vc_row][vc_row][vc_column align=\"center\" align_sm=\"center\" width=\"1\/5\"][vc_single_image image=\"18058\" image_size=\"medium\"][\/vc_column][vc_column align=\"center\" align_sm=\"center\" width=\"1\/5\"][vc_single_image image=\"18054\" image_size=\"medium\"][\/vc_column][vc_column width=\"1\/5\"][vc_single_image image=\"18053\" image_size=\"medium\"][\/vc_column][vc_column width=\"1\/5\"][vc_single_image image=\"18052\" image_size=\"medium\"][\/vc_column][vc_column width=\"1\/5\"][vc_single_image image=\"18051\" image_size=\"medium\"][\/vc_column][\/vc_row][vc_row][vc_column align=\"center\" align_sm=\"center\" width=\"1\/1\"][vc_column_text extra_classes=\"lead text-justify\"]\r\n<p style=\"text-align: center;\"><strong>We are in Italy! It's our home market, followed extensively by a close-knit dream team!<\/strong><\/p>\r\n[\/vc_column_text][\/vc_column][\/vc_row][vc_row][vc_column width=\"1\/1\"][divider][\/vc_column][\/vc_row]"},"excerpt":{"rendered":"Siamo in Italia! E\u2019 il nostro mercato originario, battuto palmo a palmo da un affiatatissimo dream team!","protected":false,"raw":""},"author":4,"featured_media":0,"parent":0,"menu_order":158,"comment_status":"closed","ping_status":"closed","template":"","meta":{"_it_post_content":"[vc_row][vc_column width=\"1\/1\"][divider][\/vc_column][\/vc_row][vc_row][vc_column width=\"1\/1\"][vc_video src=\"https:\/\/youtu.be\/R-_ZjUm5unc\"][\/vc_column][\/vc_row][vc_row][vc_column width=\"1\/1\"][divider][\/vc_column][\/vc_row][vc_row][vc_column align=\"center\" align_sm=\"center\" width=\"1\/5\"][vc_single_image image=\"18058\" image_size=\"medium\"][\/vc_column][vc_column align=\"center\" align_sm=\"center\" width=\"1\/5\"][vc_single_image image=\"18054\" image_size=\"medium\"][\/vc_column][vc_column width=\"1\/5\"][vc_single_image image=\"18053\" image_size=\"medium\"][\/vc_column][vc_column width=\"1\/5\"][vc_single_image image=\"18052\" image_size=\"medium\"][\/vc_column][vc_column width=\"1\/5\"][vc_single_image image=\"18051\" image_size=\"medium\"][\/vc_column][\/vc_row][vc_row][vc_column align=\"center\" align_sm=\"center\" width=\"1\/1\"][vc_column_text extra_classes=\"lead text-justify\"]\r\n<p style=\"text-align: center;\"><strong>Siamo in Italia! E\u2019 il nostro mercato originario, battuto palmo a palmo da un affiatatissimo dream team!<\/strong><\/p>\r\n[\/vc_column_text][\/vc_column][\/vc_row][vc_row][vc_column width=\"1\/1\"][divider][\/vc_column][\/vc_row]","_it_post_name":"italia","_it_post_excerpt":"","_it_post_title":"Italia","_en_post_content":"[vc_row][vc_column width=\"1\/1\"][divider][\/vc_column][\/vc_row][vc_row][vc_column width=\"1\/1\"][vc_video src=\"https:\/\/youtu.be\/R-_ZjUm5unc\"][\/vc_column][\/vc_row][vc_row][vc_column width=\"1\/1\"][divider][\/vc_column][\/vc_row][vc_row][vc_column align=\"center\" align_sm=\"center\" width=\"1\/5\"][vc_single_image image=\"18058\" image_size=\"medium\"][\/vc_column][vc_column align=\"center\" align_sm=\"center\" width=\"1\/5\"][vc_single_image image=\"18054\" image_size=\"medium\"][\/vc_column][vc_column width=\"1\/5\"][vc_single_image image=\"18053\" image_size=\"medium\"][\/vc_column][vc_column width=\"1\/5\"][vc_single_image image=\"18052\" image_size=\"medium\"][\/vc_column][vc_column width=\"1\/5\"][vc_single_image image=\"18051\" image_size=\"medium\"][\/vc_column][\/vc_row][vc_row][vc_column align=\"center\" align_sm=\"center\" width=\"1\/1\"][vc_column_text extra_classes=\"lead text-justify\"]\r\n<p style=\"text-align: center;\"><strong>We are in Italy! It's our home market, followed extensively by a close-knit dream team!<\/strong><\/p>\r\n[\/vc_column_text][\/vc_column][\/vc_row][vc_row][vc_column width=\"1\/1\"][divider][\/vc_column][\/vc_row]","_en_post_name":"italia","_en_post_excerpt":"","_en_post_title":"Italia","_fr_post_content":"[vc_row][vc_column width=\"1\/1\"][divider][\/vc_column][\/vc_row][vc_row][vc_column width=\"1\/1\"][vc_video src=\"https:\/\/youtu.be\/R-_ZjUm5unc\"][\/vc_column][\/vc_row][vc_row][vc_column width=\"1\/1\"][divider][\/vc_column][\/vc_row][vc_row][vc_column align=\"center\" align_sm=\"center\" width=\"1\/5\"][vc_single_image image=\"18058\" image_size=\"medium\"][\/vc_column][vc_column align=\"center\" align_sm=\"center\" width=\"1\/5\"][vc_single_image image=\"18054\" image_size=\"medium\"][\/vc_column][vc_column width=\"1\/5\"][vc_single_image image=\"18053\" image_size=\"medium\"][\/vc_column][vc_column width=\"1\/5\"][vc_single_image image=\"18052\" image_size=\"medium\"][\/vc_column][vc_column width=\"1\/5\"][vc_single_image image=\"18051\" image_size=\"medium\"][\/vc_column][\/vc_row][vc_row][vc_column align=\"center\" align_sm=\"center\" width=\"1\/1\"][vc_column_text extra_classes=\"lead text-justify\"]\r\n<p style=\"text-align: center;\"><strong>Nous sommes en Italie ! C'est notre march\u00e9 domestique, suivi de mani\u00e8re approfondie par une \u00e9quipe de r\u00eave tr\u00e8s soud\u00e9e !<\/strong><\/p>\r\n[\/vc_column_text][\/vc_column][\/vc_row][vc_row][vc_column width=\"1\/1\"][divider][\/vc_column][\/vc_row]","_fr_post_name":"italia","_fr_post_excerpt":"","_fr_post_title":"Italia","_es_post_content":"[vc_row][vc_column width=\"1\/1\"][divider][\/vc_column][\/vc_row][vc_row][vc_column width=\"1\/1\"][vc_video src=\"https:\/\/youtu.be\/R-_ZjUm5unc\"][\/vc_column][\/vc_row][vc_row][vc_column width=\"1\/1\"][divider][\/vc_column][\/vc_row][vc_row][vc_column align=\"center\" align_sm=\"center\" width=\"1\/5\"][vc_single_image image=\"18058\" image_size=\"medium\"][\/vc_column][vc_column align=\"center\" align_sm=\"center\" width=\"1\/5\"][vc_single_image image=\"18054\" image_size=\"medium\"][\/vc_column][vc_column width=\"1\/5\"][vc_single_image image=\"18053\" image_size=\"medium\"][\/vc_column][vc_column width=\"1\/5\"][vc_single_image image=\"18052\" image_size=\"medium\"][\/vc_column][vc_column width=\"1\/5\"][vc_single_image image=\"18051\" image_size=\"medium\"][\/vc_column][\/vc_row][vc_row][vc_column align=\"center\" align_sm=\"center\" width=\"1\/1\"][vc_column_text extra_classes=\"lead text-justify\"]\r\n<p style=\"text-align: center;\"><strong>Estamos en Italia! \u00a1Es nuestro mercado original, recorrido palmo a palmo por un dream team muy unido!<\/strong><\/p>\r\n[\/vc_column_text][\/vc_column][\/vc_row][vc_row][vc_column width=\"1\/1\"][divider][\/vc_column][\/vc_row]","_es_post_name":"italia","_es_post_excerpt":"","_es_post_title":"Italia","_ru_post_content":"[vc_row][vc_column width=\"1\/1\"][divider][\/vc_column][\/vc_row][vc_row][vc_column width=\"1\/1\"][vc_video src=\"https:\/\/youtu.be\/R-_ZjUm5unc\"][\/vc_column][\/vc_row][vc_row][vc_column width=\"1\/1\"][divider][\/vc_column][\/vc_row][vc_row][vc_column align=\"center\" align_sm=\"center\" width=\"1\/5\"][vc_single_image image=\"18058\" image_size=\"medium\"][\/vc_column][vc_column align=\"center\" align_sm=\"center\" width=\"1\/5\"][vc_single_image image=\"18054\" image_size=\"medium\"][\/vc_column][vc_column width=\"1\/5\"][vc_single_image image=\"18053\" image_size=\"medium\"][\/vc_column][vc_column width=\"1\/5\"][vc_single_image image=\"18052\" image_size=\"medium\"][\/vc_column][vc_column width=\"1\/5\"][vc_single_image image=\"18051\" image_size=\"medium\"][\/vc_column][\/vc_row][vc_row][vc_column align=\"center\" align_sm=\"center\" width=\"1\/1\"][vc_column_text extra_classes=\"lead text-justify\"]\r\n<p style=\"text-align: center;\"><strong>\u041c\u044b \u0432 \u0418\u0442\u0430\u043b\u0438\u0438! \u042d\u0442\u043e \u043d\u0430\u0448 \u0438\u0441\u043a\u043e\u043d\u043d\u044b\u0439 \u0440\u044b\u043d\u043e\u043a, \u043e\u0441\u043d\u043e\u0432\u0430\u043d\u043d\u044b\u0439 \u0448\u0430\u0433 \u0437\u0430 \u0448\u0430\u0433\u043e\u043c \u043d\u0430\u0448\u0435\u0439 \u043f\u043e\u0442\u0440\u044f\u0441\u0430\u044e\u0449\u0435\u0439 \u0441\u043f\u043b\u043e\u0447\u0451\u043d\u043d\u043e\u0439 \u043a\u043e\u043c\u0430\u043d\u0434\u043e\u0439!<\/strong><\/p>\r\n[\/vc_column_text][\/vc_column][\/vc_row][vc_row][vc_column width=\"1\/1\"][divider][\/vc_column][\/vc_row]","_ru_post_name":"italia","_ru_post_excerpt":"","_ru_post_title":"Italia","_pl_post_content":"[vc_row][vc_column width=\"1\/1\"][divider][\/vc_column][\/vc_row][vc_row][vc_column width=\"1\/1\"][vc_video src=\"https:\/\/youtu.be\/R-_ZjUm5unc\"][\/vc_column][\/vc_row][vc_row][vc_column width=\"1\/1\"][divider][\/vc_column][\/vc_row][vc_row][vc_column align=\"center\" align_sm=\"center\" width=\"1\/5\"][vc_single_image image=\"18058\" image_size=\"medium\"][\/vc_column][vc_column align=\"center\" align_sm=\"center\" width=\"1\/5\"][vc_single_image image=\"18054\" image_size=\"medium\"][\/vc_column][vc_column width=\"1\/5\"][vc_single_image image=\"18053\" image_size=\"medium\"][\/vc_column][vc_column width=\"1\/5\"][vc_single_image image=\"18052\" image_size=\"medium\"][\/vc_column][vc_column width=\"1\/5\"][vc_single_image image=\"18051\" image_size=\"medium\"][\/vc_column][\/vc_row][vc_row][vc_column align=\"center\" align_sm=\"center\" width=\"1\/1\"][vc_column_text extra_classes=\"lead text-justify\"]\r\n<p style=\"text-align: center;\"><strong>Jestesmy we Wloszech ! To nasz macierzysty rynek , za ktorym podaza nasz zgrany i pelen marzen\u00a0 zespol<\/strong><\/p>\r\n[\/vc_column_text][\/vc_column][\/vc_row][vc_row][vc_column width=\"1\/1\"][divider][\/vc_column][\/vc_row]","_pl_post_name":"italia","_pl_post_excerpt":"","_pl_post_title":"Italia","edit_language":"en","footnotes":""},"class_list":["post-21875","page","type-page","status-publish","hentry"],"_links":{"self":[{"href":"https:\/\/www.fapim.it\/en\/wp-json\/wp\/v2\/pages\/21875","targetHints":{"allow":["GET"]}}],"collection":[{"href":"https:\/\/www.fapim.it\/en\/wp-json\/wp\/v2\/pages"}],"about":[{"href":"https:\/\/www.fapim.it\/en\/wp-json\/wp\/v2\/types\/page"}],"author":[{"embeddable":true,"href":"https:\/\/www.fapim.it\/en\/wp-json\/wp\/v2\/users\/4"}],"replies":[{"embeddable":true,"href":"https:\/\/www.fapim.it\/en\/wp-json\/wp\/v2\/comments?post=21875"}],"version-history":[{"count":7,"href":"https:\/\/www.fapim.it\/en\/wp-json\/wp\/v2\/pages\/21875\/revisions"}],"predecessor-version":[{"id":21903,"href":"https:\/\/www.fapim.it\/en\/wp-json\/wp\/v2\/pages\/21875\/revisions\/21903"}],"wp:attachment":[{"href":"https:\/\/www.fapim.it\/en\/wp-json\/wp\/v2\/media?parent=21875"}],"curies":[{"name":"wp","href":"https:\/\/api.w.org\/{rel}","templated":true}]}}