   {"id":22305,"date":"2022-09-19T11:08:17","date_gmt":"2022-09-19T09:08:17","guid":{"rendered":"https:\/\/www.fapim.it\/?page_id=22305"},"modified":"2022-09-19T11:22:27","modified_gmt":"2022-09-19T09:22:27","slug":"poland","status":"publish","type":"page","link":"https:\/\/www.fapim.it\/en\/poland\/","title":{"rendered":"Poland","raw":"Poland"},"content":{"rendered":"<section class=\"section  text-normal section-text-no-shadow section-inner-no-shadow section-normal section-opaque\"  >\r\n    \r\n    <div class=\"background-overlay grid-overlay-0 \" style=\"background-color: rgba(0,0,0,0);\"><\/div>\r\n\r\n    <div class=\"container container-vertical-default\">\r\n        <div class=\"row vertical-default\">\r\n            <div class=\"col-md-12     text-default small-screen-default\"  ><div class=\"divider-wrapper \" style=\"visibility:hidden;background-color:#FFFFFF\">\r\n    <div class=\"visible-xs\" style=\"height:24px;\"><\/div>\r\n    <div class=\"visible-sm\" style=\"height:24px;\"><\/div>\r\n    <div class=\"visible-md\" style=\"height:24px;\"><\/div>\r\n    <div class=\"visible-lg\" style=\"height:24px;\"><\/div>\r\n<\/div><\/div>        <\/div>\r\n    <\/div>\r\n<\/section>\r\n<section class=\"section  text-normal section-text-no-shadow section-inner-no-shadow section-normal section-opaque\"  >\r\n    \r\n    <div class=\"background-overlay grid-overlay-0 \" style=\"background-color: rgba(0,0,0,0);\"><\/div>\r\n\r\n    <div class=\"container container-vertical-default\">\r\n        <div class=\"row vertical-default\">\r\n            <div class=\"col-md-12     text-default small-screen-default\"  ><div class=\" element-top-20 element-bottom-20\" data-os-animation=\"none\" data-os-animation-delay=\"0s\" ><iframe loading=\"lazy\" title=\"FAPIM CALLING FROM...POLAND\" width=\"1170\" height=\"658\" src=\"https:\/\/www.youtube.com\/embed\/pz-wko-JC7Q?feature=oembed\" frameborder=\"0\" allow=\"accelerometer; autoplay; clipboard-write; encrypted-media; gyroscope; picture-in-picture\" allowfullscreen><\/iframe><\/div><\/div>        <\/div>\r\n    <\/div>\r\n<\/section>\r\n<section class=\"section  text-normal section-text-no-shadow section-inner-no-shadow section-normal section-opaque\"  >\r\n    \r\n    <div class=\"background-overlay grid-overlay-0 \" style=\"background-color: rgba(0,0,0,0);\"><\/div>\r\n\r\n    <div class=\"container container-vertical-default\">\r\n        <div class=\"row vertical-default\">\r\n            <div class=\"col-md-12     text-default small-screen-default\"  ><div class=\"divider-wrapper \" style=\"visibility:hidden;background-color:#FFFFFF\">\r\n    <div class=\"visible-xs\" style=\"height:24px;\"><\/div>\r\n    <div class=\"visible-sm\" style=\"height:24px;\"><\/div>\r\n    <div class=\"visible-md\" style=\"height:24px;\"><\/div>\r\n    <div class=\"visible-lg\" style=\"height:24px;\"><\/div>\r\n<\/div><\/div>        <\/div>\r\n    <\/div>\r\n<\/section>\r\n<section class=\"section  text-normal section-text-no-shadow section-inner-no-shadow section-normal section-opaque\"  >\r\n    \r\n    <div class=\"background-overlay grid-overlay-0 \" style=\"background-color: rgba(0,0,0,0);\"><\/div>\r\n\r\n    <div class=\"container container-vertical-default\">\r\n        <div class=\"row vertical-default\">\r\n            <div class=\"col-md-6     text-center small-screen-center\"  ><div class=\"figure element-top-20 element-bottom-20  \" data-os-animation=\"none\" data-os-animation-delay=\"0s\">\r\n            <a href=\"https:\/\/www.fapim.it\/wp-content\/uploads\/2019\/04\/Wojciech-Krybus.jpg\" class=\"figure-image magnific\" target=\"_self\">\r\n        <img loading=\"lazy\" decoding=\"async\" width=\"276\" height=\"300\" src=\"https:\/\/www.fapim.it\/wp-content\/uploads\/2019\/04\/Wojciech-Krybus-276x300.jpg\" class=\"attachment-medium size-medium\" alt=\"\" srcset=\"https:\/\/www.fapim.it\/wp-content\/uploads\/2019\/04\/Wojciech-Krybus-276x300.jpg 276w, https:\/\/www.fapim.it\/wp-content\/uploads\/2019\/04\/Wojciech-Krybus.jpg 400w\" sizes=\"auto, (max-width: 276px) 100vw, 276px\" \/>            <\/a>\r\n    <\/div>\r\n<\/div><div class=\"col-md-6     text-center small-screen-center\"  ><div class=\"col-text-1 text-normal lead text-justify element-top-20 element-bottom-20\" data-os-animation=\"none\" data-os-animation-delay=\"0s\">\r\n    <p>&nbsp;<\/p>\n<p><strong>\u201cFapim calling from\u2026 Poland!\u201d<\/strong><\/p>\n<p>Our virtual tour across Europe continues to Poland where we meet our agent Wojciech Krybus, <strong>a real volcano that best represents FAPIM world in one of the most important market!<\/strong><\/p>\n<\/div>\r\n<\/div>        <\/div>\r\n    <\/div>\r\n<\/section>\r\n<section class=\"section  text-normal section-text-no-shadow section-inner-no-shadow section-normal section-opaque\"  >\r\n    \r\n    <div class=\"background-overlay grid-overlay-0 \" style=\"background-color: rgba(0,0,0,0);\"><\/div>\r\n\r\n    <div class=\"container container-vertical-default\">\r\n        <div class=\"row vertical-default\">\r\n            <div class=\"col-md-12     text-default small-screen-default\"  ><div class=\"divider-wrapper \" style=\"visibility:hidden;background-color:#FFFFFF\">\r\n    <div class=\"visible-xs\" style=\"height:24px;\"><\/div>\r\n    <div class=\"visible-sm\" style=\"height:24px;\"><\/div>\r\n    <div class=\"visible-md\" style=\"height:24px;\"><\/div>\r\n    <div class=\"visible-lg\" style=\"height:24px;\"><\/div>\r\n<\/div><\/div>        <\/div>\r\n    <\/div>\r\n<\/section>\n","protected":false,"raw":"[vc_row][vc_column width=\"1\/1\"][divider][\/vc_column][\/vc_row][vc_row][vc_column width=\"1\/1\"][vc_video src=\"https:\/\/youtu.be\/pz-wko-JC7Q\"][\/vc_column][\/vc_row][vc_row][vc_column width=\"1\/1\"][divider][\/vc_column][\/vc_row][vc_row][vc_column align=\"center\" align_sm=\"center\" width=\"1\/2\"][vc_single_image image=\"18174\" image_size=\"medium\"][\/vc_column][vc_column align=\"center\" align_sm=\"center\" width=\"1\/2\"][vc_column_text extra_classes=\"lead text-justify\"]\r\n\r\n&nbsp;\r\n\r\n<strong>\u201cFapim calling from\u2026 Poland!\u201d<\/strong>\r\n\r\nOur virtual tour across Europe continues to Poland where we meet our agent Wojciech Krybus, <strong>a real volcano that best represents FAPIM world in one of the most important market!<\/strong>[\/vc_column_text][\/vc_column][\/vc_row][vc_row][vc_column width=\"1\/1\"][divider][\/vc_column][\/vc_row]"},"excerpt":{"rendered":"&nbsp; \u201cFapim calling from\u2026 Poland! Da una parte all\u2019altra dell\u2019Europa il nostro viaggio virtuale prosegue toccando la Polonia, dove incontriamo il nostro agente Wojciech Krybus, un vero vulcano che rappresenta al meglio il mondo FAPIM in uno dei pi\u00f9 importanti mercati!\u201d","protected":false,"raw":""},"author":4,"featured_media":0,"parent":0,"menu_order":160,"comment_status":"closed","ping_status":"closed","template":"","meta":{"_it_post_content":"[vc_row][vc_column width=\"1\/1\"][divider][\/vc_column][\/vc_row][vc_row][vc_column width=\"1\/1\"][vc_video src=\"https:\/\/youtu.be\/pz-wko-JC7Q\"][\/vc_column][\/vc_row][vc_row][vc_column width=\"1\/1\"][divider][\/vc_column][\/vc_row][vc_row][vc_column align=\"center\" align_sm=\"center\" width=\"1\/2\"][vc_single_image image=\"18174\" image_size=\"medium\"][\/vc_column][vc_column align=\"center\" align_sm=\"center\" width=\"1\/2\"][vc_column_text extra_classes=\"lead text-justify\"]\r\n\r\n&nbsp;\r\n\r\n<strong>\u201cFapim calling from\u2026 Poland!<\/strong>\r\n\r\nDa una parte all\u2019altra dell\u2019Europa il nostro viaggio virtuale prosegue toccando la Polonia, dove incontriamo <strong>il nostro agente Wojciech Krybus, un vero vulcano che rappresenta al meglio il mondo FAPIM in uno dei pi\u00f9 importanti mercati!\u201d<\/strong>[\/vc_column_text][\/vc_column][\/vc_row][vc_row][vc_column width=\"1\/1\"][divider][\/vc_column][\/vc_row]","_it_post_name":"poland","_it_post_excerpt":"","_it_post_title":"Poland","_en_post_content":"[vc_row][vc_column width=\"1\/1\"][divider][\/vc_column][\/vc_row][vc_row][vc_column width=\"1\/1\"][vc_video src=\"https:\/\/youtu.be\/pz-wko-JC7Q\"][\/vc_column][\/vc_row][vc_row][vc_column width=\"1\/1\"][divider][\/vc_column][\/vc_row][vc_row][vc_column align=\"center\" align_sm=\"center\" width=\"1\/2\"][vc_single_image image=\"18174\" image_size=\"medium\"][\/vc_column][vc_column align=\"center\" align_sm=\"center\" width=\"1\/2\"][vc_column_text extra_classes=\"lead text-justify\"]\r\n\r\n&nbsp;\r\n\r\n<strong>\u201cFapim calling from\u2026 Poland!\u201d<\/strong>\r\n\r\nOur virtual tour across Europe continues to Poland where we meet our agent Wojciech Krybus, <strong>a real volcano that best represents FAPIM world in one of the most important market!<\/strong>[\/vc_column_text][\/vc_column][\/vc_row][vc_row][vc_column width=\"1\/1\"][divider][\/vc_column][\/vc_row]","_en_post_name":"poland","_en_post_excerpt":"","_en_post_title":"Poland","_fr_post_content":"[vc_row][vc_column width=\"1\/1\"][divider][\/vc_column][\/vc_row][vc_row][vc_column width=\"1\/1\"][vc_video src=\"https:\/\/youtu.be\/pz-wko-JC7Q\"][\/vc_column][\/vc_row][vc_row][vc_column width=\"1\/1\"][divider][\/vc_column][\/vc_row][vc_row][vc_column align=\"center\" align_sm=\"center\" width=\"1\/2\"][vc_single_image image=\"18174\" image_size=\"medium\"][\/vc_column][vc_column align=\"center\" align_sm=\"center\" width=\"1\/2\"][vc_column_text extra_classes=\"lead text-justify\"]\r\n\r\n&nbsp;\r\n\r\n<strong>\u00ab Fapim appelle de\u2026 Pologne !<\/strong>\r\n\r\nD'un bout \u00e0 l'autre de l'Europe, notre voyage virtuel continue en touchant la Pologne,<strong> o\u00f9 nous rencontrons notre agent Wojciech Krybus, un v\u00e9ritable volcan d\u2019id\u00e9es qui repr\u00e9sente le mieux le monde FAPIM sur l'un des march\u00e9s les plus importants!<\/strong>[\/vc_column_text][\/vc_column][\/vc_row][vc_row][vc_column width=\"1\/1\"][divider][\/vc_column][\/vc_row]","_fr_post_name":"poland","_fr_post_excerpt":"","_fr_post_title":"Poland","_es_post_content":"[vc_row][vc_column width=\"1\/1\"][divider][\/vc_column][\/vc_row][vc_row][vc_column width=\"1\/1\"][vc_video src=\"https:\/\/youtu.be\/pz-wko-JC7Q\"][\/vc_column][\/vc_row][vc_row][vc_column width=\"1\/1\"][divider][\/vc_column][\/vc_row][vc_row][vc_column align=\"center\" align_sm=\"center\" width=\"1\/2\"][vc_single_image image=\"18174\" image_size=\"medium\"][\/vc_column][vc_column align=\"center\" align_sm=\"center\" width=\"1\/2\"][vc_column_text extra_classes=\"lead text-justify\"]\r\n\r\n&nbsp;\r\n\r\n<strong>\u201cFapim llamando desde\u2026 \u00a1Polonia!<\/strong>\r\n\r\nDe un ladoa otro de Europa, nuestro viaje virtual sigue tocando Polonia, donde conocemos a nuestro agente Wojciech Krybus, u<strong>n aut\u00e9ntico volc\u00e1n que mejor representa el mundo FAPIM en uno de los mercados m\u00e1s importantes.<\/strong>[\/vc_column_text][\/vc_column][\/vc_row][vc_row][vc_column width=\"1\/1\"][divider][\/vc_column][\/vc_row]","_es_post_name":"poland","_es_post_excerpt":"","_es_post_title":"Poland","_ru_post_content":"[vc_row][vc_column width=\"1\/1\"][divider][\/vc_column][\/vc_row][vc_row][vc_column width=\"1\/1\"][vc_video src=\"https:\/\/youtu.be\/pz-wko-JC7Q\"][\/vc_column][\/vc_row][vc_row][vc_column width=\"1\/1\"][divider][\/vc_column][\/vc_row][vc_row][vc_column align=\"center\" align_sm=\"center\" width=\"1\/2\"][vc_single_image image=\"18174\" image_size=\"medium\"][\/vc_column][vc_column align=\"center\" align_sm=\"center\" width=\"1\/2\"][vc_column_text extra_classes=\"lead text-justify\"]\r\n\r\n&nbsp;\r\n\r\n<strong>\u00ab\u0424\u0430\u043f\u0438\u043c \u0437\u0432\u043e\u043d\u0438\u0442 \u0438\u0437\u2026 \u041f\u043e\u043b\u044c\u0448\u0438!<\/strong>\r\n\r\n\u041f\u0435\u0440\u0435\u0434\u0432\u0438\u0433\u0430\u044f\u0441\u044c \u043f\u043e \u0415\u0432\u0440\u043e\u043f\u0435, \u043d\u0430\u0448 \u0432\u0438\u0440\u0442\u0443\u0430\u043b\u044c\u043d\u044b\u0439 \u043f\u0443\u0442\u044c \u043f\u0440\u043e\u043b\u0435\u0433\u0430\u0435\u0442 \u0447\u0435\u0440\u0435\u0437 \u041f\u043e\u043b\u044c\u0448\u0443, <strong>\u0433\u0434\u0435 \u043c\u044b \u0432\u0441\u0442\u0440\u0435\u0447\u0430\u0435\u043c\u0441\u044f \u0441 \u043d\u0430\u0448\u0438\u043c \u043f\u0440\u0435\u0434\u0441\u0442\u0430\u0432\u0438\u0442\u0435\u043b\u044f Wojciech Krybus. \u041e\u043d \u043d\u0430\u0441\u0442\u043e\u044f\u0449\u0438\u0439 \u0432\u0443\u043b\u043a\u0430\u043d, \u043a\u043e\u0442\u043e\u0440\u044b\u0439 \u0431\u0435\u0437\u0443\u043f\u0440\u0435\u0447\u043d\u043e \u043f\u0440\u0435\u0434\u0441\u0442\u0430\u0432\u043b\u044f\u0435\u0442 \u043c\u0438\u0440 FAPIM \u043d\u0430 \u043e\u0434\u043d\u043e\u043c \u0438\u0437 \u043d\u0430\u0438\u0432\u0430\u0436\u043d\u0435\u0439\u0448\u0438\u0445 \u0434\u043b\u044f \u043d\u0430\u0441 \u0440\u044b\u043d\u043a\u043e\u0432.<\/strong>[\/vc_column_text][\/vc_column][\/vc_row][vc_row][vc_column width=\"1\/1\"][divider][\/vc_column][\/vc_row]","_ru_post_name":"poland","_ru_post_excerpt":"","_ru_post_title":"Poland","_pl_post_content":"[vc_row][vc_column width=\"1\/1\"][divider][\/vc_column][\/vc_row][vc_row][vc_column width=\"1\/1\"][vc_video src=\"https:\/\/youtu.be\/pz-wko-JC7Q\"][\/vc_column][\/vc_row][vc_row][vc_column width=\"1\/1\"][divider][\/vc_column][\/vc_row][vc_row][vc_column align=\"center\" align_sm=\"center\" width=\"1\/2\"][vc_single_image image=\"18174\" image_size=\"medium\"][\/vc_column][vc_column align=\"center\" align_sm=\"center\" width=\"1\/2\"][vc_column_text extra_classes=\"lead text-justify\"]\r\n\r\n&nbsp;\r\n\r\n<strong>\u201eFapim dzwoni z\u2026 Polski!<\/strong>\r\n\r\nZ jednej cz\u0119\u015bci Europy do drugiej, nasza wirtualna podr\u00f3\u017c trwa dalej, docierajac do Polski, <strong>gdzie spotykamy naszego agenta Wojciecha Krybusa, prawdziwego ,, wulkana \u2018\u2019 , kt\u00f3ry we wzorowy \u00a0sposob \u00a0reprezentuje \u015bwiat FAPIM na jednym z najwa\u017cniejszych \u00a0naszych rynk\u00f3w!\u201d<\/strong>[\/vc_column_text][\/vc_column][\/vc_row][vc_row][vc_column width=\"1\/1\"][divider][\/vc_column][\/vc_row]","_pl_post_name":"poland","_pl_post_excerpt":"","_pl_post_title":"Poland","edit_language":"en","footnotes":""},"class_list":["post-22305","page","type-page","status-publish","hentry"],"_links":{"self":[{"href":"https:\/\/www.fapim.it\/en\/wp-json\/wp\/v2\/pages\/22305","targetHints":{"allow":["GET"]}}],"collection":[{"href":"https:\/\/www.fapim.it\/en\/wp-json\/wp\/v2\/pages"}],"about":[{"href":"https:\/\/www.fapim.it\/en\/wp-json\/wp\/v2\/types\/page"}],"author":[{"embeddable":true,"href":"https:\/\/www.fapim.it\/en\/wp-json\/wp\/v2\/users\/4"}],"replies":[{"embeddable":true,"href":"https:\/\/www.fapim.it\/en\/wp-json\/wp\/v2\/comments?post=22305"}],"version-history":[{"count":6,"href":"https:\/\/www.fapim.it\/en\/wp-json\/wp\/v2\/pages\/22305\/revisions"}],"predecessor-version":[{"id":22325,"href":"https:\/\/www.fapim.it\/en\/wp-json\/wp\/v2\/pages\/22305\/revisions\/22325"}],"wp:attachment":[{"href":"https:\/\/www.fapim.it\/en\/wp-json\/wp\/v2\/media?parent=22305"}],"curies":[{"name":"wp","href":"https:\/\/api.w.org\/{rel}","templated":true}]}}