   {"id":22702,"date":"2023-04-19T11:53:00","date_gmt":"2023-04-19T09:53:00","guid":{"rendered":"https:\/\/www.fapim.it\/?page_id=22702"},"modified":"2024-12-03T15:28:02","modified_gmt":"2024-12-03T14:28:02","slug":"","status":"publish","type":"page","link":"https:\/\/www.fapim.it\/en\/posizioni-aperte\/addetto-officina-meccanica\/","title":{"rendered":"","raw":""},"content":{"rendered":"","protected":false,"raw":""},"excerpt":{"rendered":"La risorsa, inserita all' interno dell\u2019Officina Meccanica, si occuper\u00e0 dell\u2019attivit\u00e0 di manutenzione ordinaria e straordinaria e dell\u2019assistenza a guasto sui macchinari e sugli impianti industriali aziendali. La mansione comprende l\u2019attivit\u00e0 di manutenzione ordinaria e straordinaria su macchinari quali presse per l\u2019iniezione a caldo dell\u2019alluminio\/leghe dall\u2019alluminio e plastica, presse per la tranciatura dell\u2019acciaio, torni a controllo","protected":false,"raw":""},"author":3,"featured_media":0,"parent":20636,"menu_order":159,"comment_status":"closed","ping_status":"closed","template":"","meta":{"_it_post_content":"[vc_row][vc_column width=\"1\/1\"][divider xs_height=\"10\" sm_height=\"10\"][\/vc_column][\/vc_row][vc_row][vc_column width=\"1\/1\"][vc_column_text extra_classes=\"lead text-justify\"]La risorsa, inserita all' interno dell\u2019Officina Meccanica, si occuper\u00e0 dell\u2019attivit\u00e0 di manutenzione ordinaria e straordinaria e dell\u2019assistenza a guasto sui macchinari e sugli impianti industriali aziendali. La mansione comprende l\u2019attivit\u00e0 di manutenzione ordinaria e straordinaria su macchinari quali presse per l\u2019iniezione a caldo dell\u2019alluminio\/leghe dall\u2019alluminio e plastica, presse per la tranciatura dell\u2019acciaio, torni a controllo numerico, frese a controllo numerico, impianti di captazione delle acque, compressori, ecc., oltrech\u00e9 la realizzazione <em>ex novo<\/em> di attrezzature in ausilio all\u2019attivit\u00e0 manuale degli operatori addetti alle macchine. La mansione comprende l\u2019attivit\u00e0 di smontaggio e montaggio dei macchinari in guasto, l\u2019istallazione di pezzi di ricambio, l\u2019aggiustaggio di pezzi danneggiati, l\u2019effettuazione delle manutenzioni ordinarie programmate e di quelle straordinarie post produzione. La mansione prevede l\u2019utilizzo di attrezzatura manuale e macchinari quali tornio, fresa, saldatrice, piegatrice, ecc.\r\n\r\n<strong>\u00a0<\/strong><strong>Il candidato si occuper\u00e0 di:<\/strong>\r\n<ul>\r\n \t<li>Manutenzione ordinaria, straordinaria e programmata dei macchinari impiegati in produzione;<\/li>\r\n \t<li>Manutenzione ordinaria, straordinaria e programmata degli impianti industriali a servizio dei reparti produttivi;<\/li>\r\n \t<li>Attivit\u00e0 di pronto intervento in caso di guasto\/fermo produttivo;<\/li>\r\n \t<li>Realizzazione <em>ex novo <\/em>di attrezzature poste a servizio degli operatori;<\/li>\r\n \t<li>Supporto operativo tecnico all\u2019attivit\u00e0 della direzione produzione e dell\u2019ufficio tecnico.<\/li>\r\n<\/ul>\r\n<strong>\u00a0<\/strong><strong>Si richiedono i seguenti requisiti:\u00a0<\/strong>\r\n<ul>\r\n \t<li>preferibile diploma in materie inerenti l\u2019attivit\u00e0 aziendale (diploma di perito meccanico o similari);<\/li>\r\n \t<li>preferibile precedente esperienza nella mansione o in mansioni simili (in particolare all\u2019interno di contesti produttivi strutturati). Vengono, comunque, considerate le candidature da parte di figure<em> junior<\/em> (senza esperienza pregressa) ma in et\u00e0 compatibile con l\u2019attivazione del contratto di apprendistato professionalizzante;<\/li>\r\n \t<li>competenze maturate in ambito di meccanica, pneumatica e idraulica;<\/li>\r\n \t<li>capacit\u00e0 di lavorare all\u2019interno di gruppi numerosi, sotto il coordinamento di un Capo Officina;<\/li>\r\n \t<li>spiccata capacit\u00e0 di adattamento alle esigenze di reparto;<\/li>\r\n \t<li>ottime capacit\u00e0 relazionali e propensione alla comunicazione e al contatto con i colleghi e con i superiori;<\/li>\r\n \t<li>velocit\u00e0 di apprendimento e proattivit\u00e0, precisione, autonomia e affidabilit\u00e0;<\/li>\r\n \t<li>motivazione a svolgere attivit\u00e0 manuale all\u2019interno dell\u2019officina;<\/li>\r\n \t<li>motivazione all\u2019apprendimento di attivit\u00e0 tecniche specializzate quali: aggiustaggio, smontaggio e montaggio macchinari, utilizzo macchine utensile, pronto intervento in reparto, ecc.;<\/li>\r\n<\/ul>\r\nE\u2019 imprescindibile ai fini della considerazione della candidatura la disponibilit\u00e0 a lavorare anche su turni avvicendati, notturni e la compatibilit\u00e0 con mansioni che prevedono la movimentazione manuale di carichi, l\u2019utilizzo di macchine utensile, ecc.\r\n\r\nL\u2019eventuale proposta sar\u00e0 commisurata all\u2019esperienza e capacit\u00e0 del candidato.[\/vc_column_text][\/vc_column][\/vc_row][vc_row][vc_column width=\"1\/1\"][divider xs_height=\"10\" sm_height=\"10\" lg_height=\"40\"][\/vc_column][\/vc_row][vc_row][vc_column width=\"1\/1\"][vc_column_text extra_classes=\"lead text-justify\"]<strong>Dettagli offerta di lavoro<\/strong>\r\n\r\n<strong>Location: <\/strong>Altopascio (Lucca)\r\n\r\n<strong>Livello di anzianit\u00e0:<\/strong> variabile\r\n\r\n<strong>Settore:<\/strong> Ingegneria meccanica o industriale\r\n\r\n<strong>Tipo di impiego: <\/strong>A tempo pieno\r\n\r\n<strong>Funzioni lavorative:<\/strong> Produzione\r\n\r\n<strong>Categoria inquadramento: <\/strong>Operai\r\n\r\n<strong>Caratteristiche particolari:<\/strong> Turni avvicendati, anche notturni[\/vc_column_text][\/vc_column][\/vc_row][vc_row][vc_column width=\"1\/1\"][divider xs_height=\"10\" sm_height=\"10\" lg_height=\"40\"][\/vc_column][\/vc_row][vc_row][vc_column width=\"1\/1\"][button label=\"Invia la tua candidatura\" link=\"https:\/\/www.fapim.it\/it\/modulo-di-candidatura-conditional\/\"][\/vc_column][\/vc_row][vc_row][vc_column width=\"1\/1\"][divider xs_height=\"10\" sm_height=\"10\" lg_height=\"40\"][\/vc_column][\/vc_row]","_it_post_name":"addetto-officina-meccanica","_it_post_excerpt":"","_it_post_title":"ADDETTO OFFICINA MECCANICA","_en_post_content":"","_en_post_name":"","_en_post_excerpt":"","_en_post_title":"","_fr_post_content":"","_fr_post_name":"","_fr_post_excerpt":"","_fr_post_title":"","_es_post_content":"","_es_post_name":"","_es_post_excerpt":"","_es_post_title":"","_ru_post_content":"","_ru_post_name":"","_ru_post_excerpt":"","_ru_post_title":"","_pl_post_content":"","_pl_post_name":"","_pl_post_excerpt":"","_pl_post_title":"","edit_language":"en","footnotes":""},"class_list":["post-22702","page","type-page","status-publish","hentry"],"_links":{"self":[{"href":"https:\/\/www.fapim.it\/en\/wp-json\/wp\/v2\/pages\/22702","targetHints":{"allow":["GET"]}}],"collection":[{"href":"https:\/\/www.fapim.it\/en\/wp-json\/wp\/v2\/pages"}],"about":[{"href":"https:\/\/www.fapim.it\/en\/wp-json\/wp\/v2\/types\/page"}],"author":[{"embeddable":true,"href":"https:\/\/www.fapim.it\/en\/wp-json\/wp\/v2\/users\/3"}],"replies":[{"embeddable":true,"href":"https:\/\/www.fapim.it\/en\/wp-json\/wp\/v2\/comments?post=22702"}],"version-history":[{"count":6,"href":"https:\/\/www.fapim.it\/en\/wp-json\/wp\/v2\/pages\/22702\/revisions"}],"predecessor-version":[{"id":24687,"href":"https:\/\/www.fapim.it\/en\/wp-json\/wp\/v2\/pages\/22702\/revisions\/24687"}],"up":[{"embeddable":true,"href":"https:\/\/www.fapim.it\/en\/wp-json\/wp\/v2\/pages\/20636"}],"wp:attachment":[{"href":"https:\/\/www.fapim.it\/en\/wp-json\/wp\/v2\/media?parent=22702"}],"curies":[{"name":"wp","href":"https:\/\/api.w.org\/{rel}","templated":true}]}}