   {"id":24244,"date":"2024-10-09T16:54:58","date_gmt":"2024-10-09T14:54:58","guid":{"rendered":"https:\/\/www.fapim.it\/it\/?page_id=24244"},"modified":"2025-04-11T14:41:55","modified_gmt":"2025-04-11T12:41:55","slug":"certificazioni-aziendali","status":"publish","type":"page","link":"https:\/\/www.fapim.it\/en\/we-do\/quality-and-certifications\/certificazioni-aziendali\/","title":{"rendered":"Company certifications","raw":"Company certifications"},"content":{"rendered":"<section class=\"section  text-normal section-text-no-shadow section-inner-no-shadow section-normal section-opaque\"  >\r\n    \r\n    <div class=\"background-overlay grid-overlay-0 \" style=\"background-color: rgba(0,0,0,0);\"><\/div>\r\n\r\n    <div class=\"container container-vertical-default\">\r\n        <div class=\"row vertical-default\">\r\n            <div class=\"col-md-12     text-center small-screen-center\"  ><div class=\"figure element-top-20 element-bottom-20  \" data-os-animation=\"none\" data-os-animation-delay=\"0s\">\r\n            <a href=\"https:\/\/www.fapim.it\/wp-content\/uploads\/2024\/10\/CertAz-1.jpg\" class=\"figure-image magnific\" target=\"_self\">\r\n        <img loading=\"lazy\" decoding=\"async\" width=\"1083\" height=\"600\" src=\"https:\/\/www.fapim.it\/wp-content\/uploads\/2024\/10\/CertAz-1.jpg\" class=\"attachment-full size-full\" alt=\"\" srcset=\"https:\/\/www.fapim.it\/wp-content\/uploads\/2024\/10\/CertAz-1.jpg 1083w, https:\/\/www.fapim.it\/wp-content\/uploads\/2024\/10\/CertAz-1-300x166.jpg 300w, https:\/\/www.fapim.it\/wp-content\/uploads\/2024\/10\/CertAz-1-1024x567.jpg 1024w, https:\/\/www.fapim.it\/wp-content\/uploads\/2024\/10\/CertAz-1-768x425.jpg 768w\" sizes=\"auto, (max-width: 1083px) 100vw, 1083px\" \/>            <\/a>\r\n    <\/div>\r\n<\/div>        <\/div>\r\n    <\/div>\r\n<\/section>\r\n<section class=\"section  text-normal section-text-no-shadow section-inner-no-shadow section-normal section-opaque\"  >\r\n    \r\n    <div class=\"background-overlay grid-overlay-0 \" style=\"background-color: rgba(0,0,0,0);\"><\/div>\r\n\r\n    <div class=\"container container-vertical-default\">\r\n        <div class=\"row vertical-default\">\r\n            <div class=\"col-md-12     text-default small-screen-default\"  ><div class=\"col-text-1 text-normal lead text-justify element-top-20 element-bottom-20\" data-os-animation=\"none\" data-os-animation-delay=\"0s\">\r\n    <section class=\"section text-normal section-text-no-shadow section-inner-no-shadow section-normal section-opaque\">\n<div class=\"container container-vertical-default\">\n<div class=\"row vertical-default\">\n<div class=\"col-md-12 text-default small-screen-default\">\n<p><strong>Quality, the tendency towards quality, continuous improvement can be felt everywhere in our company, in the people who make it up, in the products, in the production, in the systems to control it.<\/strong><\/p>\n<p>It is reflected in the various certifications obtained.<\/p>\n<\/div>\n<\/div>\n<\/div>\n<\/section>\n<\/div>\r\n<\/div>        <\/div>\r\n    <\/div>\r\n<\/section>\r\n<section class=\"section  text-normal section-text-no-shadow section-inner-no-shadow section-normal section-opaque\"  >\r\n    \r\n    <div class=\"background-overlay grid-overlay-0 \" style=\"background-color: rgba(0,0,0,0);\"><\/div>\r\n\r\n    <div class=\"container container-vertical-default\">\r\n        <div class=\"row vertical-default\">\r\n            <div class=\"col-md-3     text-center small-screen-center\"  ><div class=\"figure element-top-20 element-bottom-20  \" data-os-animation=\"none\" data-os-animation-delay=\"0s\">\r\n            <a href=\"https:\/\/www.fapim.it\/en\/we-do\/quality-and-certifications\/certificazioni-aziendali\/qualanod\/\" class=\"figure-image \" target=\"_self\">\r\n        <img loading=\"lazy\" decoding=\"async\" width=\"300\" height=\"300\" src=\"https:\/\/www.fapim.it\/wp-content\/uploads\/2024\/10\/qualanod_3-300x300.png\" class=\"attachment-medium size-medium\" alt=\"\" srcset=\"https:\/\/www.fapim.it\/wp-content\/uploads\/2024\/10\/qualanod_3-300x300.png 300w, https:\/\/www.fapim.it\/wp-content\/uploads\/2024\/10\/qualanod_3-150x150.png 150w, https:\/\/www.fapim.it\/wp-content\/uploads\/2024\/10\/qualanod_3.png 600w\" sizes=\"auto, (max-width: 300px) 100vw, 300px\" \/>            <\/a>\r\n    <\/div>\r\n<\/div><div class=\"col-md-3     text-center small-screen-center\"  ><div class=\"figure element-top-80 element-bottom-20  \" data-os-animation=\"none\" data-os-animation-delay=\"0s\">\r\n            <a href=\"https:\/\/www.fapim.it\/en\/we-do\/quality-and-certifications\/certificazioni-aziendali\/qualicoat-2\/\" class=\"figure-image \" target=\"_self\">\r\n        <img loading=\"lazy\" decoding=\"async\" width=\"1024\" height=\"576\" src=\"https:\/\/www.fapim.it\/wp-content\/uploads\/2025\/04\/qualicoat_logo_teaser_1200x675_25-1024x576.jpg\" class=\"attachment-large size-large\" alt=\"\" srcset=\"https:\/\/www.fapim.it\/wp-content\/uploads\/2025\/04\/qualicoat_logo_teaser_1200x675_25-1024x576.jpg 1024w, https:\/\/www.fapim.it\/wp-content\/uploads\/2025\/04\/qualicoat_logo_teaser_1200x675_25-300x169.jpg 300w, https:\/\/www.fapim.it\/wp-content\/uploads\/2025\/04\/qualicoat_logo_teaser_1200x675_25-768x432.jpg 768w, https:\/\/www.fapim.it\/wp-content\/uploads\/2025\/04\/qualicoat_logo_teaser_1200x675_25.jpg 1200w\" sizes=\"auto, (max-width: 1024px) 100vw, 1024px\" \/>            <\/a>\r\n    <\/div>\r\n<\/div><div class=\"col-md-3     text-center small-screen-center\"  ><div class=\"figure element-top-20 element-bottom-20  \" data-os-animation=\"none\" data-os-animation-delay=\"0s\">\r\n            <a href=\"https:\/\/www.fapim.it\/en\/we-do\/quality-and-certifications\/certificazioni-aziendali\/quality-principles\/\" class=\"figure-image \" target=\"_self\">\r\n        <img loading=\"lazy\" decoding=\"async\" width=\"300\" height=\"300\" src=\"https:\/\/www.fapim.it\/wp-content\/uploads\/2024\/10\/iso9001_3-300x300.png\" class=\"attachment-medium size-medium\" alt=\"\" srcset=\"https:\/\/www.fapim.it\/wp-content\/uploads\/2024\/10\/iso9001_3-300x300.png 300w, https:\/\/www.fapim.it\/wp-content\/uploads\/2024\/10\/iso9001_3-150x150.png 150w, https:\/\/www.fapim.it\/wp-content\/uploads\/2024\/10\/iso9001_3.png 600w\" sizes=\"auto, (max-width: 300px) 100vw, 300px\" \/>            <\/a>\r\n    <\/div>\r\n<\/div><div class=\"col-md-3     text-default small-screen-default\"  ><div class=\"figure element-top-20 element-bottom-20  \" data-os-animation=\"none\" data-os-animation-delay=\"0s\">\r\n            <a href=\"https:\/\/www.fapim.it\/en\/we-do\/quality-and-certifications\/certificazioni-aziendali\/principles-for-environmental-sustainability\/\" class=\"figure-image \" target=\"_self\">\r\n        <img loading=\"lazy\" decoding=\"async\" width=\"300\" height=\"300\" src=\"https:\/\/www.fapim.it\/wp-content\/uploads\/2025\/01\/iso14001_1-300x300.jpg\" class=\"attachment-medium size-medium\" alt=\"\" srcset=\"https:\/\/www.fapim.it\/wp-content\/uploads\/2025\/01\/iso14001_1-300x300.jpg 300w, https:\/\/www.fapim.it\/wp-content\/uploads\/2025\/01\/iso14001_1-150x150.jpg 150w, https:\/\/www.fapim.it\/wp-content\/uploads\/2025\/01\/iso14001_1.jpg 600w\" sizes=\"auto, (max-width: 300px) 100vw, 300px\" \/>            <\/a>\r\n    <\/div>\r\n<\/div>        <\/div>\r\n    <\/div>\r\n<\/section>\n","protected":false,"raw":"[vc_row][vc_column align=\"center\" align_sm=\"center\" width=\"1\/1\"][vc_single_image image=\"24362\"][\/vc_column][\/vc_row][vc_row][vc_column width=\"1\/1\"][vc_column_text extra_classes=\"lead text-justify\"]\r\n\r\n<section class=\"section text-normal section-text-no-shadow section-inner-no-shadow section-normal section-opaque\">\r\n<div class=\"container container-vertical-default\">\r\n<div class=\"row vertical-default\">\r\n<div class=\"col-md-12 text-default small-screen-default\">\r\n\r\n<strong>Quality, the tendency towards quality, continuous improvement can be felt everywhere in our company, in the people who make it up, in the products, in the production, in the systems to control it.<\/strong>\r\n\r\nIt is reflected in the various certifications obtained.\r\n\r\n<\/div>\r\n<\/div>\r\n<\/div>\r\n<\/section>[\/vc_column_text][\/vc_column][\/vc_row][vc_row][vc_column align=\"center\" align_sm=\"center\" width=\"1\/4\"][vc_single_image image=\"24257\" image_size=\"medium\" link_type=\"item\" link=\"https:\/\/www.fapim.it\/en\/we-do\/quality-and-certifications\/certificazioni-aziendali\/qualanod\/\" onclick=\"custom_link\"][\/vc_column][vc_column align=\"center\" align_sm=\"center\" width=\"1\/4\"][vc_single_image image=\"25848\" image_size=\"large\" link_type=\"item\" link=\"https:\/\/www.fapim.it\/en\/we-do\/quality-and-certifications\/certificazioni-aziendali\/qualicoat-2\/\" margin_top=\"80\" onclick=\"custom_link\"][\/vc_column][vc_column align=\"center\" align_sm=\"center\" width=\"1\/4\"][vc_single_image image=\"24256\" image_size=\"medium\" link_type=\"item\" link=\"https:\/\/www.fapim.it\/en\/we-do\/quality-and-certifications\/certificazioni-aziendali\/quality-principles\/\" onclick=\"custom_link\"][\/vc_column][vc_column width=\"1\/4\"][vc_single_image image=\"24959\" image_size=\"medium\" link_type=\"item\" link=\"https:\/\/www.fapim.it\/en\/we-do\/quality-and-certifications\/certificazioni-aziendali\/principles-for-environmental-sustainability\/\" onclick=\"custom_link\"][\/vc_column][\/vc_row]"},"excerpt":{"rendered":"La qualit\u00e0, la tendenza alla qualit\u00e0, il miglioramento continuo si respira ovunque nella nostra azienda, nelle persone che la compongono, nei prodotti, nella produzione, nei sistemi per controllarla. Trova riscontro nelle diverse certificazioni conseguite.","protected":false,"raw":""},"author":4,"featured_media":0,"parent":391,"menu_order":79,"comment_status":"closed","ping_status":"closed","template":"","meta":{"_it_post_content":"[vc_row][vc_column align=\"center\" align_sm=\"center\" width=\"1\/1\"][vc_single_image image=\"24362\"][\/vc_column][\/vc_row][vc_row][vc_column width=\"1\/1\"][vc_column_text extra_classes=\"lead text-justify\"]\r\n\r\n<section class=\"section text-normal section-text-no-shadow section-inner-no-shadow section-normal section-opaque\">\r\n<div class=\"container container-vertical-default\">\r\n<div class=\"row vertical-default\">\r\n<div class=\"col-md-12 text-default small-screen-default\">\r\n\r\n<strong>La qualit\u00e0, la tendenza alla qualit\u00e0, il miglioramento continuo si respira ovunque nella nostra azienda, nelle persone che la compongono, nei prodotti, nella produzione, nei sistemi per controllarla.<\/strong>\r\n\r\nTrova riscontro nelle diverse certificazioni conseguite.\r\n\r\n<\/div>\r\n<\/div>\r\n<\/div>\r\n<\/section>[\/vc_column_text][\/vc_column][\/vc_row][vc_row][vc_column align=\"center\" align_sm=\"center\" width=\"1\/4\"][vc_single_image image=\"24257\" image_size=\"medium\" link_type=\"item\" link=\"https:\/\/www.fapim.it\/it\/noi-facciamo\/qualita-e-certificazioni\/certificazioni-aziendali\/qualanod\/\" onclick=\"custom_link\"][\/vc_column][vc_column align=\"center\" align_sm=\"center\" width=\"1\/4\"][vc_single_image image=\"25848\" image_size=\"medium\" link_type=\"item\" link=\"https:\/\/www.fapim.it\/it\/noi-facciamo\/qualita-e-certificazioni\/certificazioni-aziendali\/qualicoat-2\/\" margin_top=\"80\" onclick=\"custom_link\"][\/vc_column][vc_column align=\"center\" align_sm=\"center\" width=\"1\/4\"][vc_single_image image=\"24256\" image_size=\"medium\" link_type=\"item\" link=\"https:\/\/www.fapim.it\/it\/noi-facciamo\/qualita-e-certificazioni\/certificazioni-aziendali\/principi-per-la-qualita\/\" onclick=\"custom_link\"][\/vc_column][vc_column width=\"1\/4\"][vc_single_image image=\"24959\" image_size=\"medium\" link_type=\"item\" link=\"https:\/\/www.fapim.it\/it\/noi-facciamo\/qualita-e-certificazioni\/certificazioni-aziendali\/principi-per-la-sostenibilita-ambientale\/\" onclick=\"custom_link\"][\/vc_column][\/vc_row]","_it_post_name":"certificazioni-aziendali","_it_post_excerpt":"","_it_post_title":"Certificazioni aziendali","_en_post_content":"[vc_row][vc_column align=\"center\" align_sm=\"center\" width=\"1\/1\"][vc_single_image image=\"24362\"][\/vc_column][\/vc_row][vc_row][vc_column width=\"1\/1\"][vc_column_text extra_classes=\"lead text-justify\"]\r\n\r\n<section class=\"section text-normal section-text-no-shadow section-inner-no-shadow section-normal section-opaque\">\r\n<div class=\"container container-vertical-default\">\r\n<div class=\"row vertical-default\">\r\n<div class=\"col-md-12 text-default small-screen-default\">\r\n\r\n<strong>Quality, the tendency towards quality, continuous improvement can be felt everywhere in our company, in the people who make it up, in the products, in the production, in the systems to control it.<\/strong>\r\n\r\nIt is reflected in the various certifications obtained.\r\n\r\n<\/div>\r\n<\/div>\r\n<\/div>\r\n<\/section>[\/vc_column_text][\/vc_column][\/vc_row][vc_row][vc_column align=\"center\" align_sm=\"center\" width=\"1\/4\"][vc_single_image image=\"24257\" image_size=\"medium\" link_type=\"item\" link=\"https:\/\/www.fapim.it\/en\/we-do\/quality-and-certifications\/certificazioni-aziendali\/qualanod\/\" onclick=\"custom_link\"][\/vc_column][vc_column align=\"center\" align_sm=\"center\" width=\"1\/4\"][vc_single_image image=\"25848\" image_size=\"large\" link_type=\"item\" link=\"https:\/\/www.fapim.it\/en\/we-do\/quality-and-certifications\/certificazioni-aziendali\/qualicoat-2\/\" margin_top=\"80\" onclick=\"custom_link\"][\/vc_column][vc_column align=\"center\" align_sm=\"center\" width=\"1\/4\"][vc_single_image image=\"24256\" image_size=\"medium\" link_type=\"item\" link=\"https:\/\/www.fapim.it\/en\/we-do\/quality-and-certifications\/certificazioni-aziendali\/quality-principles\/\" onclick=\"custom_link\"][\/vc_column][vc_column width=\"1\/4\"][vc_single_image image=\"24959\" image_size=\"medium\" link_type=\"item\" link=\"https:\/\/www.fapim.it\/en\/we-do\/quality-and-certifications\/certificazioni-aziendali\/principles-for-environmental-sustainability\/\" onclick=\"custom_link\"][\/vc_column][\/vc_row]","_en_post_name":"certificazioni-aziendali","_en_post_excerpt":"","_en_post_title":"Company certifications","_fr_post_content":"[vc_row][vc_column align=\"center\" align_sm=\"center\" width=\"1\/1\"][vc_single_image image=\"24362\"][\/vc_column][\/vc_row][vc_row][vc_column width=\"1\/1\"][vc_column_text extra_classes=\"lead text-justify\"]\r\n\r\n<section class=\"section text-normal section-text-no-shadow section-inner-no-shadow section-normal section-opaque\">\r\n<div class=\"container container-vertical-default\">\r\n<div class=\"row vertical-default\">\r\n<div class=\"col-md-12 text-default small-screen-default\">\r\n\r\n<strong>La qualit\u00e9, la tendance \u00e0 la qualit\u00e9, \u00e0 l'am\u00e9lioration continue se ressentent partout dans notre entreprise, chez les personnes qui la composent, dans les produits, dans la production, dans les syst\u00e8mes pour la contr\u00f4ler.<\/strong>\r\n\r\nCela se refl\u00e8te dans les diff\u00e9rentes certifications obtenues.\r\n\r\n<\/div>\r\n<\/div>\r\n<\/div>\r\n<\/section>[\/vc_column_text][\/vc_column][\/vc_row][vc_row][vc_column align=\"center\" align_sm=\"center\" width=\"1\/4\"][vc_single_image image=\"24257\" image_size=\"medium\" link_type=\"item\" link=\"https:\/\/www.fapim.it\/fr\/nous-faisons\/qualite-et-certifications\/certifications-d-entreprise\/qualanod\/\" onclick=\"custom_link\"][\/vc_column][vc_column align=\"center\" align_sm=\"center\" width=\"1\/4\"][vc_single_image image=\"25848\" image_size=\"large\" link_type=\"item\" link=\"https:\/\/www.fapim.it\/fr\/nous-faisons\/qualite-et-certifications\/certifications-d-entreprise\/qualicoat\/\" margin_top=\"80\" onclick=\"custom_link\"][\/vc_column][vc_column align=\"center\" align_sm=\"center\" width=\"1\/4\"][vc_single_image image=\"24256\" image_size=\"medium\" link_type=\"item\" link=\"https:\/\/www.fapim.it\/fr\/nous-faisons\/qualite-et-certifications\/certifications-d-entreprise\/principi-per-la-qualita\/\" onclick=\"custom_link\"][\/vc_column][vc_column width=\"1\/4\"][vc_single_image image=\"24959\" image_size=\"medium\" link_type=\"item\" link=\"https:\/\/www.fapim.it\/fr\/nous-faisons\/qualite-et-certifications\/certifications-d-entreprise\/principes-de-durabilite-environnementale\/\" onclick=\"custom_link\"][\/vc_column][\/vc_row]","_fr_post_name":"certifications-d-entreprise","_fr_post_excerpt":"","_fr_post_title":"Certifications d'entreprise","_es_post_content":"[vc_row][vc_column align=\"center\" align_sm=\"center\" width=\"1\/1\"][vc_single_image image=\"24362\"][\/vc_column][\/vc_row][vc_row][vc_column width=\"1\/1\"][vc_column_text extra_classes=\"lead text-justify\"]\r\n\r\n<section class=\"section text-normal section-text-no-shadow section-inner-no-shadow section-normal section-opaque\">\r\n<div class=\"container container-vertical-default\">\r\n<div class=\"row vertical-default\">\r\n<div class=\"col-md-12 text-default small-screen-default\">\r\n\r\n<strong>La calidad, la tendencia hacia la calidad, la mejora continua se siente en todas partes de nuestra empresa, en las personas que la componen, en los productos, en la producci\u00f3n, en los sistemas para controlarla.<\/strong>\r\n\r\nSe refleja en las distintas certificaciones obtenidas.\r\n\r\n<\/div>\r\n<\/div>\r\n<\/div>\r\n<\/section>[\/vc_column_text][\/vc_column][\/vc_row][vc_row][vc_column align=\"center\" align_sm=\"center\" width=\"1\/4\"][vc_single_image image=\"24257\" image_size=\"medium\" link_type=\"item\" link=\"https:\/\/www.fapim.it\/es\/nosotros-hacemos\/calidad-y-certificaciones\/certificazioni-aziendali\/qualanod\/\" onclick=\"custom_link\"][\/vc_column][vc_column align=\"center\" align_sm=\"center\" width=\"1\/4\"][vc_single_image image=\"25848\" image_size=\"large\" link_type=\"item\" link=\"https:\/\/www.fapim.it\/es\/nosotros-hacemos\/calidad-y-certificaciones\/certificazioni-aziendali\/qualicoat\/\" margin_top=\"80\" onclick=\"custom_link\"][\/vc_column][vc_column align=\"center\" align_sm=\"center\" width=\"1\/4\"][vc_single_image image=\"24256\" image_size=\"medium\" link_type=\"item\" link=\"https:\/\/www.fapim.it\/es\/nosotros-hacemos\/calidad-y-certificaciones\/certificazioni-aziendali\/principios-de-calidad\/\" onclick=\"custom_link\"][\/vc_column][vc_column width=\"1\/4\"][vc_single_image image=\"24959\" image_size=\"medium\" link_type=\"item\" link=\"https:\/\/www.fapim.it\/es\/nosotros-hacemos\/calidad-y-certificaciones\/certificaciones-de-empresa\/principios-para-la-sostenibilidad-ambiental\/\" onclick=\"custom_link\"][\/vc_column][\/vc_row]","_es_post_name":"certificaciones-de-empresa","_es_post_excerpt":"","_es_post_title":"Certificaciones de empresa","_ru_post_content":"[vc_row][vc_column align=\"center\" align_sm=\"center\" width=\"1\/1\"][vc_single_image image=\"24362\"][\/vc_column][\/vc_row][vc_row][vc_column width=\"1\/1\"][vc_column_text extra_classes=\"lead text-justify\"]\r\n\r\n<section class=\"section text-normal section-text-no-shadow section-inner-no-shadow section-normal section-opaque\">\r\n<div class=\"container container-vertical-default\">\r\n<div class=\"row vertical-default\">\r\n<div class=\"col-md-12 text-default small-screen-default\">\r\n\r\n<strong>\u041a\u0430\u0447\u0435\u0441\u0442\u0432\u043e, \u0441\u0442\u0440\u0435\u043c\u043b\u0435\u043d\u0438\u0435 \u043a \u043a\u0430\u0447\u0435\u0441\u0442\u0432\u0443, \u043f\u043e\u0441\u0442\u043e\u044f\u043d\u043d\u043e\u0435 \u0441\u043e\u0432\u0435\u0440\u0448\u0435\u043d\u0441\u0442\u0432\u043e\u0432\u0430\u043d\u0438\u0435 \u043e\u0449\u0443\u0449\u0430\u044e\u0442\u0441\u044f \u043f\u043e\u0432\u0441\u044e\u0434\u0443 \u0432 \u043d\u0430\u0448\u0435\u0439 \u043a\u043e\u043c\u043f\u0430\u043d\u0438\u0438, \u0432 \u043b\u044e\u0434\u044f\u0445, \u043a\u043e\u0442\u043e\u0440\u044b\u0435 \u0435\u0435 \u0441\u043e\u0441\u0442\u0430\u0432\u043b\u044f\u044e\u0442, \u0432 \u043f\u0440\u043e\u0434\u0443\u043a\u0446\u0438\u0438, \u0432 \u043f\u0440\u043e\u0438\u0437\u0432\u043e\u0434\u0441\u0442\u0432\u0435, \u0432 \u0441\u0438\u0441\u0442\u0435\u043c\u0430\u0445 \u0435\u0433\u043e \u043a\u043e\u043d\u0442\u0440\u043e\u043b\u044f.<\/strong>\r\n\r\n\u042d\u0442\u043e \u043e\u0442\u0440\u0430\u0436\u0435\u043d\u043e \u0432 \u0440\u0430\u0437\u043b\u0438\u0447\u043d\u044b\u0445 \u043f\u043e\u043b\u0443\u0447\u0435\u043d\u043d\u044b\u0445 \u0441\u0435\u0440\u0442\u0438\u0444\u0438\u043a\u0430\u0442\u0430\u0445.\r\n\r\n<\/div>\r\n<\/div>\r\n<\/div>\r\n<\/section>[\/vc_column_text][\/vc_column][\/vc_row][vc_row][vc_column align=\"center\" align_sm=\"center\" width=\"1\/4\"][vc_single_image image=\"24257\" image_size=\"medium\" link_type=\"item\" link=\"https:\/\/www.fapim.it\/ru\/noi-facciamo\/%d0%ba%d0%b0%d1%87%d0%b5%d1%81%d1%82%d0%b2%d0%be-%d0%b8-%d1%81%d0%b5%d1%80%d1%82%d0%b8%d1%84%d0%b8%d0%ba%d0%b0%d1%82%d1%8b\/certificazioni-aziendali\/qualanod\/\" onclick=\"custom_link\"][\/vc_column][vc_column width=\"1\/4\"][vc_single_image image=\"25848\" image_size=\"large\" link_type=\"item\" link=\"https:\/\/www.fapim.it\/ru\/noi-facciamo\/%d0%ba%d0%b0%d1%87%d0%b5%d1%81%d1%82%d0%b2%d0%be-%d0%b8-%d1%81%d0%b5%d1%80%d1%82%d0%b8%d1%84%d0%b8%d0%ba%d0%b0%d1%82%d1%8b\/certificazioni-aziendali\/qualicoat\/\" margin_top=\"80\" onclick=\"custom_link\"][\/vc_column][vc_column width=\"1\/4\"][vc_single_image image=\"24256\" image_size=\"medium\" link_type=\"item\" link=\"https:\/\/www.fapim.it\/ru\/noi-facciamo\/%d0%ba%d0%b0%d1%87%d0%b5%d1%81%d1%82%d0%b2%d0%be-%d0%b8-%d1%81%d0%b5%d1%80%d1%82%d0%b8%d1%84%d0%b8%d0%ba%d0%b0%d1%82%d1%8b\/certificazioni-aziendali\/printsipy-kachestva\/\" onclick=\"custom_link\"][\/vc_column][vc_column width=\"1\/4\"][vc_single_image image=\"24959\" image_size=\"medium\" link_type=\"item\" link=\"https:\/\/www.fapim.it\/ru\/noi-facciamo\/%d0%ba%d0%b0%d1%87%d0%b5%d1%81%d1%82%d0%b2%d0%be-%d0%b8-%d1%81%d0%b5%d1%80%d1%82%d0%b8%d1%84%d0%b8%d0%ba%d0%b0%d1%82%d1%8b\/sertifikaty-kompanii\/printsipy-ekologicheskoj-ustojchivosti\/\" onclick=\"custom_link\"][\/vc_column][\/vc_row]","_ru_post_name":"sertifikaty-kompanii","_ru_post_excerpt":"","_ru_post_title":"\u0421\u0435\u0440\u0442\u0438\u0444\u0438\u043a\u0430\u0442\u044b \u043a\u043e\u043c\u043f\u0430\u043d\u0438\u0438","_pl_post_content":"[vc_row][vc_column align=\"center\" align_sm=\"center\" width=\"1\/1\"][vc_single_image image=\"24362\"][\/vc_column][\/vc_row][vc_row][vc_column width=\"1\/1\"][vc_column_text extra_classes=\"lead text-justify\"]\r\n\r\n<section class=\"section text-normal section-text-no-shadow section-inner-no-shadow section-normal section-opaque\">\r\n<div class=\"container container-vertical-default\">\r\n<div class=\"row vertical-default\">\r\n<div class=\"col-md-12 text-default small-screen-default\">\r\n\r\n<strong>Jako\u015b\u0107, d\u0105\u017cenie do jako\u015bci, ci\u0105g\u0142e doskonalenie mo\u017cna odczu\u0107 wsz\u0119dzie w naszej firmie, w ludziach, kt\u00f3rzy j\u0105 tworz\u0105, w produktach, w produkcji, w systemach jej kontroli.<\/strong>\r\n\r\nZnajduje to odzwierciedlenie w uzyskanych certyfikatach.\r\n\r\n<\/div>\r\n<\/div>\r\n<\/div>\r\n<\/section>[\/vc_column_text][\/vc_column][\/vc_row][vc_row][vc_column align=\"center\" align_sm=\"center\" width=\"1\/4\"][vc_single_image image=\"24257\" image_size=\"medium\" link_type=\"item\" link=\"https:\/\/www.fapim.it\/pl\/co-robimy\/jakosc-i-certyfikaty\/certificazioni-aziendali\/qualanod\/\" onclick=\"custom_link\"][\/vc_column][vc_column align=\"center\" align_sm=\"center\" width=\"1\/4\"][vc_single_image image=\"25848\" image_size=\"large\" link_type=\"item\" link=\"https:\/\/www.fapim.it\/pl\/co-robimy\/jakosc-i-certyfikaty\/certificazioni-aziendali\/qualicoat\/\" margin_top=\"80\" onclick=\"custom_link\"][\/vc_column][vc_column align=\"center\" align_sm=\"center\" width=\"1\/4\"][vc_single_image image=\"24256\" image_size=\"medium\" link_type=\"item\" link=\"https:\/\/www.fapim.it\/pl\/co-robimy\/jakosc-i-certyfikaty\/certificazioni-aziendali\/zasady-jakosci\/\" onclick=\"custom_link\"][\/vc_column][vc_column width=\"1\/4\"][vc_single_image image=\"24959\" image_size=\"medium\" link_type=\"item\" link=\"https:\/\/www.fapim.it\/pl\/co-robimy\/jakosc-i-certyfikaty\/certyfikaty-firmowe\/zasady-zrownowazonego-rozwoju-srodowiska\/\" onclick=\"custom_link\"][\/vc_column][\/vc_row]","_pl_post_name":"certyfikaty-firmowe","_pl_post_excerpt":"","_pl_post_title":"Certyfikaty firmowe","edit_language":"en","footnotes":""},"class_list":["post-24244","page","type-page","status-publish","hentry"],"_links":{"self":[{"href":"https:\/\/www.fapim.it\/en\/wp-json\/wp\/v2\/pages\/24244","targetHints":{"allow":["GET"]}}],"collection":[{"href":"https:\/\/www.fapim.it\/en\/wp-json\/wp\/v2\/pages"}],"about":[{"href":"https:\/\/www.fapim.it\/en\/wp-json\/wp\/v2\/types\/page"}],"author":[{"embeddable":true,"href":"https:\/\/www.fapim.it\/en\/wp-json\/wp\/v2\/users\/4"}],"replies":[{"embeddable":true,"href":"https:\/\/www.fapim.it\/en\/wp-json\/wp\/v2\/comments?post=24244"}],"version-history":[{"count":42,"href":"https:\/\/www.fapim.it\/en\/wp-json\/wp\/v2\/pages\/24244\/revisions"}],"predecessor-version":[{"id":26096,"href":"https:\/\/www.fapim.it\/en\/wp-json\/wp\/v2\/pages\/24244\/revisions\/26096"}],"up":[{"embeddable":true,"href":"https:\/\/www.fapim.it\/en\/wp-json\/wp\/v2\/pages\/391"}],"wp:attachment":[{"href":"https:\/\/www.fapim.it\/en\/wp-json\/wp\/v2\/media?parent=24244"}],"curies":[{"name":"wp","href":"https:\/\/api.w.org\/{rel}","templated":true}]}}