   {"id":24962,"date":"2025-01-24T15:35:20","date_gmt":"2025-01-24T14:35:20","guid":{"rendered":"https:\/\/www.fapim.it\/?page_id=24962"},"modified":"2025-06-16T09:47:25","modified_gmt":"2025-06-16T07:47:25","slug":"principles-for-environmental-sustainability","status":"publish","type":"page","link":"https:\/\/www.fapim.it\/en\/we-do\/quality-and-certifications-2\/principles-for-environmental-sustainability\/","title":{"rendered":"Principles for environmental sustainability","raw":"Principles for environmental sustainability"},"content":{"rendered":"<section class=\"section  text-normal section-text-no-shadow section-inner-no-shadow section-normal section-opaque\"  >\r\n    \r\n    <div class=\"background-overlay grid-overlay-0 \" style=\"background-color: rgba(0,0,0,0);\"><\/div>\r\n\r\n    <div class=\"container container-vertical-default\">\r\n        <div class=\"row vertical-default\">\r\n            <div class=\"col-md-6     text-center small-screen-center\"  ><div class=\"figure element-top-20 element-bottom-20  \" data-os-animation=\"none\" data-os-animation-delay=\"0s\">\r\n            <a href=\"https:\/\/www.fapim.it\/wp-content\/uploads\/2025\/01\/iso14001_1.jpg\" class=\"figure-image magnific\" target=\"_self\">\r\n        <img loading=\"lazy\" decoding=\"async\" width=\"300\" height=\"300\" src=\"https:\/\/www.fapim.it\/wp-content\/uploads\/2025\/01\/iso14001_1-300x300.jpg\" class=\"attachment-medium size-medium\" alt=\"\" srcset=\"https:\/\/www.fapim.it\/wp-content\/uploads\/2025\/01\/iso14001_1-300x300.jpg 300w, https:\/\/www.fapim.it\/wp-content\/uploads\/2025\/01\/iso14001_1-150x150.jpg 150w, https:\/\/www.fapim.it\/wp-content\/uploads\/2025\/01\/iso14001_1.jpg 600w\" sizes=\"auto, (max-width: 300px) 100vw, 300px\" \/>            <\/a>\r\n    <\/div>\r\n<\/div><div class=\"col-md-6     text-center small-screen-center\"  ><div class=\"col-text-1 text-normal lead text-justify element-top-80 element-bottom-20\" data-os-animation=\"none\" data-os-animation-delay=\"0s\">\r\n    <p><strong>Corporate sustainability is one of the pillars of our company. We operate in the metalworking sector with the awareness that every action has an impact on the environment, and for this reason we are committed to reducing our ecological footprint to a minimum.<\/strong><\/p>\n<p><strong>\u00a0<\/strong><\/p>\n<\/div>\r\n<\/div>        <\/div>\r\n    <\/div>\r\n<\/section>\r\n<section class=\"section  text-normal section-text-no-shadow section-inner-no-shadow section-normal section-opaque\"  >\r\n    \r\n    <div class=\"background-overlay grid-overlay-0 \" style=\"background-color: rgba(0,0,0,0);\"><\/div>\r\n\r\n    <div class=\"container container-vertical-default\">\r\n        <div class=\"row vertical-default\">\r\n            <div class=\"col-md-12     text-default small-screen-default\"  ><div class=\"col-text-1 text-normal lead text-justify element-top-20 element-bottom-20\" data-os-animation=\"none\" data-os-animation-delay=\"0s\">\r\n    <p><strong>We are proud to have obtained ISO 14001 certification<\/strong>, the international standard that certifies the implementation of an effective environmental management system in line with best practices. This recognition reflects our commitment to:<\/p>\n<p>\u2022 Prevent pollution through responsible use of natural resources;<br \/>\n\u2022 Optimize production processes, reducing waste and energy consumption;<br \/>\n\u2022 Respond promptly to environmental risks and adopt innovative solutions to protect the environment;<br \/>\n\u2022 Promote an environmental culture among our collaborators, partners and stakeholders.<\/p>\n<p><strong>Obtaining certification does not just represent a goal, but a continuous commitment towards excellence in environmental management. We believe that every business has a responsibility to contribute to a more sustainable world, and we are determined to do our part.<\/strong><\/p>\n<p><a href=\"https:\/\/www.fapim.it\/wp-content\/uploads\/2025\/01\/CERT17968.pdf\"><strong>ISO 14001<\/strong><\/a><\/p>\n<\/div>\r\n<\/div>        <\/div>\r\n    <\/div>\r\n<\/section>\r\n<section class=\"section  text-normal section-text-no-shadow section-inner-no-shadow section-normal section-opaque\"  >\r\n    \r\n    <div class=\"background-overlay grid-overlay-0 \" style=\"background-color: rgba(0,0,0,0);\"><\/div>\r\n\r\n    <div class=\"container container-vertical-default\">\r\n        <div class=\"row vertical-default\">\r\n            <div class=\"col-md-12     text-default small-screen-default\"  ><div class=\"divider-wrapper \" style=\"visibility:hidden;background-color:#FFFFFF\">\r\n    <div class=\"visible-xs\" style=\"height:24px;\"><\/div>\r\n    <div class=\"visible-sm\" style=\"height:24px;\"><\/div>\r\n    <div class=\"visible-md\" style=\"height:24px;\"><\/div>\r\n    <div class=\"visible-lg\" style=\"height:24px;\"><\/div>\r\n<\/div><\/div>        <\/div>\r\n    <\/div>\r\n<\/section>\n","protected":false,"raw":"[vc_row][vc_column align=\"center\" align_sm=\"center\" width=\"1\/2\"][vc_single_image image=\"24959\" image_size=\"medium\"][\/vc_column][vc_column align=\"center\" align_sm=\"center\" width=\"1\/2\"][vc_column_text margin_top=\"80\" extra_classes=\"lead text-justify\"]<strong>Corporate sustainability is one of the pillars of our company. We operate in the metalworking sector with the awareness that every action has an impact on the environment, and for this reason we are committed to reducing our ecological footprint to a minimum.<\/strong>\r\n\r\n<strong>\u00a0<\/strong>[\/vc_column_text][\/vc_column][\/vc_row][vc_row][vc_column width=\"1\/1\"][vc_column_text extra_classes=\"lead text-justify\"]<strong>We are proud to have obtained ISO 14001 certification<\/strong>, the international standard that certifies the implementation of an effective environmental management system in line with best practices. This recognition reflects our commitment to:\r\n\r\n\u2022 Prevent pollution through responsible use of natural resources;\r\n\u2022 Optimize production processes, reducing waste and energy consumption;\r\n\u2022 Respond promptly to environmental risks and adopt innovative solutions to protect the environment;\r\n\u2022 Promote an environmental culture among our collaborators, partners and stakeholders.\r\n\r\n<strong>Obtaining certification does not just represent a goal, but a continuous commitment towards excellence in environmental management. We believe that every business has a responsibility to contribute to a more sustainable world, and we are determined to do our part.<\/strong>\r\n\r\n<a href=\"https:\/\/www.fapim.it\/wp-content\/uploads\/2025\/01\/CERT17968.pdf\"><strong>ISO 14001<\/strong><\/a>[\/vc_column_text][\/vc_column][\/vc_row][vc_row][vc_column width=\"1\/1\"][divider][\/vc_column][\/vc_row]"},"excerpt":{"rendered":"La sostenibilit\u00e0 aziendale \u00e8 uno dei pilastri della nostra azienda. Operiamo nel settore metalmeccanico con la consapevolezza che ogni azione ha un impatto sull\u2019ambiente, e per questo ci impegniamo a ridurre al minimo la nostra impronta ecologica. \u00a0 Siamo orgogliosi di aver ottenuto la certificazione ISO 14001, lo standard internazionale che attesta l\u2019implementazione di un","protected":false,"raw":""},"author":4,"featured_media":0,"parent":25593,"menu_order":2,"comment_status":"closed","ping_status":"closed","template":"","meta":{"_it_post_content":"[vc_row][vc_column align=\"center\" align_sm=\"center\" width=\"1\/2\"][vc_single_image image=\"24959\" image_size=\"medium\"][\/vc_column][vc_column align=\"center\" align_sm=\"center\" width=\"1\/2\"][vc_column_text margin_top=\"80\" extra_classes=\"lead text-justify\"]<strong>La sostenibilit\u00e0 aziendale \u00e8 uno dei pilastri della nostra azienda. Operiamo nel settore metalmeccanico con la consapevolezza che ogni azione ha un impatto sull\u2019ambiente, e per questo ci impegniamo a ridurre al minimo la nostra impronta ecologica.<\/strong>\r\n\r\n<strong>\u00a0<\/strong>[\/vc_column_text][\/vc_column][\/vc_row][vc_row][vc_column width=\"1\/1\"][vc_column_text extra_classes=\"lead text-justify\"]<strong>Siamo orgogliosi di aver ottenuto la certificazione ISO 14001<\/strong>, lo standard internazionale che attesta l\u2019implementazione di un sistema di gestione ambientale efficace e in linea con le migliori pratiche. Questo riconoscimento riflette il nostro impegno a:\r\n<ul>\r\n \t<li>Prevenire l\u2019inquinamento attraverso un utilizzo responsabile delle risorse naturali;<\/li>\r\n \t<li>Ottimizzare i processi produttivi, riducendo gli sprechi e il consumo di energia;<\/li>\r\n \t<li>Rispondere prontamente ai rischi ambientali e adottare soluzioni innovative per la tutela dell\u2019ambiente;<\/li>\r\n \t<li>Promuovere una cultura ambientale tra i nostri collaboratori, partner e stakeholder.<\/li>\r\n<\/ul>\r\n&nbsp;\r\n\r\n<strong>L\u2019ottenimento della certificazione non rappresenta solo un traguardo, ma un impegno continuo verso l\u2019eccellenza nella gestione ambientale. Crediamo che ogni azienda abbia la responsabilit\u00e0 di contribuire a un mondo pi\u00f9 sostenibile, e siamo determinati a fare la nostra parte.<\/strong>\r\n\r\n<a href=\"https:\/\/www.fapim.it\/wp-content\/uploads\/2025\/01\/CERT17968.pdf\"><strong>ISO 14001<\/strong><\/a>[\/vc_column_text][\/vc_column][\/vc_row][vc_row][vc_column width=\"1\/1\"][divider][\/vc_column][\/vc_row]","_it_post_name":"principi-per-la-sostenibilita-ambientale","_it_post_excerpt":"","_it_post_title":"Principi per la sostenibilit\u00e0 ambientale","_en_post_content":"[vc_row][vc_column align=\"center\" align_sm=\"center\" width=\"1\/2\"][vc_single_image image=\"24959\" image_size=\"medium\"][\/vc_column][vc_column align=\"center\" align_sm=\"center\" width=\"1\/2\"][vc_column_text margin_top=\"80\" extra_classes=\"lead text-justify\"]<strong>Corporate sustainability is one of the pillars of our company. We operate in the metalworking sector with the awareness that every action has an impact on the environment, and for this reason we are committed to reducing our ecological footprint to a minimum.<\/strong>\r\n\r\n<strong>\u00a0<\/strong>[\/vc_column_text][\/vc_column][\/vc_row][vc_row][vc_column width=\"1\/1\"][vc_column_text extra_classes=\"lead text-justify\"]<strong>We are proud to have obtained ISO 14001 certification<\/strong>, the international standard that certifies the implementation of an effective environmental management system in line with best practices. This recognition reflects our commitment to:\r\n\r\n\u2022 Prevent pollution through responsible use of natural resources;\r\n\u2022 Optimize production processes, reducing waste and energy consumption;\r\n\u2022 Respond promptly to environmental risks and adopt innovative solutions to protect the environment;\r\n\u2022 Promote an environmental culture among our collaborators, partners and stakeholders.\r\n\r\n<strong>Obtaining certification does not just represent a goal, but a continuous commitment towards excellence in environmental management. We believe that every business has a responsibility to contribute to a more sustainable world, and we are determined to do our part.<\/strong>\r\n\r\n<a href=\"https:\/\/www.fapim.it\/wp-content\/uploads\/2025\/01\/CERT17968.pdf\"><strong>ISO 14001<\/strong><\/a>[\/vc_column_text][\/vc_column][\/vc_row][vc_row][vc_column width=\"1\/1\"][divider][\/vc_column][\/vc_row]","_en_post_name":"principles-for-environmental-sustainability","_en_post_excerpt":"","_en_post_title":"Principles for environmental sustainability","_fr_post_content":"[vc_row][vc_column align=\"center\" align_sm=\"center\" width=\"1\/2\"][vc_single_image image=\"24959\" image_size=\"medium\"][\/vc_column][vc_column align=\"center\" align_sm=\"center\" width=\"1\/2\"][vc_column_text margin_top=\"80\" extra_classes=\"lead text-justify\"]<strong>La durabilit\u00e9 d\u2019entreprise est l\u2019un des piliers de notre entreprise. Nous op\u00e9rons dans le secteur de la m\u00e9tallurgie avec la conscience que chaque action a un impact sur l'environnement, et c'est pour cette raison que nous nous engageons \u00e0 r\u00e9duire au minimum notre empreinte \u00e9cologique.<\/strong>[\/vc_column_text][\/vc_column][\/vc_row][vc_row][vc_column width=\"1\/1\"][vc_column_text extra_classes=\"lead text-justify\"]<strong>Nous sommes fiers d'avoir obtenu la certification ISO 14001<\/strong>, la norme internationale qui certifie la mise en place d'un syst\u00e8me de management environnemental efficace et conforme aux meilleures pratiques. Cette reconnaissance refl\u00e8te notre engagement \u00e0 :\r\n\r\n\u2022 Pr\u00e9venir la pollution gr\u00e2ce \u00e0 une utilisation responsable des ressources naturelles ;\r\n\u2022 Optimiser les processus de production, en r\u00e9duisant les d\u00e9chets et la consommation d'\u00e9nergie\u00a0;\r\n\u2022 R\u00e9pondre rapidement aux risques environnementaux et adopter des solutions innovantes pour prot\u00e9ger l'environnement ;\r\n\u2022 Promouvoir une culture environnementale aupr\u00e8s de nos collaborateurs, partenaires et parties prenantes.\r\n\r\n<strong>L'obtention de la certification ne repr\u00e9sente pas seulement un objectif, mais un engagement continu vers l'excellence en mati\u00e8re de gestion environnementale. Nous pensons que chaque entreprise a la responsabilit\u00e9 de contribuer \u00e0 un monde plus durable et nous sommes d\u00e9termin\u00e9s \u00e0 faire notre part.<\/strong>\r\n\r\n<a href=\"https:\/\/www.fapim.it\/wp-content\/uploads\/2025\/01\/CERT17968.pdf\"><strong>ISO 14001<\/strong><\/a>[\/vc_column_text][\/vc_column][\/vc_row][vc_row][vc_column width=\"1\/1\"][divider][\/vc_column][\/vc_row]","_fr_post_name":"principes-de-durabilite-environnementale","_fr_post_excerpt":"","_fr_post_title":"Principes de durabilit\u00e9 environnementale","_es_post_content":"[vc_row][vc_column align=\"center\" align_sm=\"center\" width=\"1\/2\"][vc_single_image image=\"24959\" image_size=\"medium\"][\/vc_column][vc_column align=\"center\" align_sm=\"center\" width=\"1\/2\"][vc_column_text margin_top=\"80\" extra_classes=\"lead text-justify\"]<strong>La sostenibilidad corporativa es uno de los pilares de nuestra empresa. Operamos en el sector metalmec\u00e1nico con la conciencia de que cada acci\u00f3n tiene un impacto en el medio ambiente, y por ello nos comprometemos a reducir al m\u00ednimo nuestra huella ecol\u00f3gica.<\/strong>[\/vc_column_text][\/vc_column][\/vc_row][vc_row][vc_column width=\"1\/1\"][vc_column_text extra_classes=\"lead text-justify\"]<strong>Estamos orgullosos de haber obtenido la certificaci\u00f3n ISO 14001,<\/strong> la norma internacional que certifica la implementaci\u00f3n de un sistema de gesti\u00f3n ambiental eficaz y alineado con las mejores pr\u00e1cticas. Este reconocimiento refleja nuestro compromiso con:\r\n\r\n\u2022 Prevenir la contaminaci\u00f3n mediante el uso responsable de los recursos naturales;\r\n\u2022 Optimizar los procesos de producci\u00f3n, reduciendo los residuos y el consumo de energ\u00eda;\r\n\u2022 Responder con prontitud a los riesgos ambientales y adoptar soluciones innovadoras para proteger el medio ambiente;\r\n\u2022 Promover una cultura ambiental entre nuestros colaboradores, socios y grupos de inter\u00e9s.\r\n\r\n<strong>Obtener la certificaci\u00f3n no representa s\u00f3lo una meta, sino un compromiso continuo hacia la excelencia en la gesti\u00f3n ambiental. Creemos que todas las empresas tienen la responsabilidad de contribuir a un mundo m\u00e1s sostenible y estamos decididos a hacer nuestra parte.<\/strong>\r\n\r\n<a href=\"https:\/\/www.fapim.it\/wp-content\/uploads\/2025\/01\/CERT17968.pdf\"><strong>ISO 14001<\/strong><\/a>[\/vc_column_text][\/vc_column][\/vc_row][vc_row][vc_column width=\"1\/1\"][divider][\/vc_column][\/vc_row]","_es_post_name":"principios-para-la-sostenibilidad-ambiental","_es_post_excerpt":"","_es_post_title":"Principios para la sostenibilidad ambiental","_ru_post_content":"[vc_row][vc_column align=\"center\" align_sm=\"center\" width=\"1\/2\"][vc_single_image image=\"24959\" image_size=\"medium\"][\/vc_column][vc_column align=\"center\" align_sm=\"center\" width=\"1\/2\"][vc_column_text margin_top=\"80\" extra_classes=\"lead text-justify\"]<strong>\u041a\u043e\u0440\u043f\u043e\u0440\u0430\u0442\u0438\u0432\u043d\u0430\u044f \u0443\u0441\u0442\u043e\u0439\u0447\u0438\u0432\u043e\u0441\u0442\u044c \u044f\u0432\u043b\u044f\u0435\u0442\u0441\u044f \u043e\u0434\u043d\u0438\u043c \u0438\u0437 \u0441\u0442\u043e\u043b\u043f\u043e\u0432 \u043d\u0430\u0448\u0435\u0439 \u043a\u043e\u043c\u043f\u0430\u043d\u0438\u0438. \u041c\u044b \u0440\u0430\u0431\u043e\u0442\u0430\u0435\u043c \u0432 \u043c\u0435\u0442\u0430\u043b\u043b\u043e\u043e\u0431\u0440\u0430\u0431\u0430\u0442\u044b\u0432\u0430\u044e\u0449\u0435\u043c \u0441\u0435\u043a\u0442\u043e\u0440\u0435, \u043f\u043e\u043d\u0438\u043c\u0430\u044f, \u0447\u0442\u043e \u043a\u0430\u0436\u0434\u043e\u0435 \u0434\u0435\u0439\u0441\u0442\u0432\u0438\u0435 \u043e\u043a\u0430\u0437\u044b\u0432\u0430\u0435\u0442 \u0432\u043e\u0437\u0434\u0435\u0439\u0441\u0442\u0432\u0438\u0435 \u043d\u0430 \u043e\u043a\u0440\u0443\u0436\u0430\u044e\u0449\u0443\u044e \u0441\u0440\u0435\u0434\u0443, \u0438 \u043f\u043e \u044d\u0442\u043e\u0439 \u043f\u0440\u0438\u0447\u0438\u043d\u0435 \u043c\u044b \u0441\u0442\u0440\u0435\u043c\u0438\u043c\u0441\u044f \u0441\u0432\u0435\u0441\u0442\u0438 \u043d\u0430\u0448 \u044d\u043a\u043e\u043b\u043e\u0433\u0438\u0447\u0435\u0441\u043a\u0438\u0439 \u0441\u043b\u0435\u0434 \u043a \u043c\u0438\u043d\u0438\u043c\u0443\u043c\u0443.<\/strong>[\/vc_column_text][\/vc_column][\/vc_row][vc_row][vc_column width=\"1\/1\"][vc_column_text extra_classes=\"lead text-justify\"]<strong>\u041c\u044b \u0433\u043e\u0440\u0434\u0438\u043c\u0441\u044f \u0442\u0435\u043c, \u0447\u0442\u043e \u043f\u043e\u043b\u0443\u0447\u0438\u043b\u0438 \u0441\u0435\u0440\u0442\u0438\u0444\u0438\u043a\u0430\u0442 ISO 14001,<\/strong> \u043c\u0435\u0436\u0434\u0443\u043d\u0430\u0440\u043e\u0434\u043d\u044b\u0439 \u0441\u0442\u0430\u043d\u0434\u0430\u0440\u0442, \u043f\u043e\u0434\u0442\u0432\u0435\u0440\u0436\u0434\u0430\u044e\u0449\u0438\u0439 \u0432\u043d\u0435\u0434\u0440\u0435\u043d\u0438\u0435 \u044d\u0444\u0444\u0435\u043a\u0442\u0438\u0432\u043d\u043e\u0439 \u0441\u0438\u0441\u0442\u0435\u043c\u044b \u044d\u043a\u043e\u043b\u043e\u0433\u0438\u0447\u0435\u0441\u043a\u043e\u0433\u043e \u043c\u0435\u043d\u0435\u0434\u0436\u043c\u0435\u043d\u0442\u0430 \u0432 \u0441\u043e\u043e\u0442\u0432\u0435\u0442\u0441\u0442\u0432\u0438\u0438 \u0441 \u043f\u0435\u0440\u0435\u0434\u043e\u0432\u043e\u0439 \u043f\u0440\u0430\u043a\u0442\u0438\u043a\u043e\u0439. \u042d\u0442\u043e \u043f\u0440\u0438\u0437\u043d\u0430\u043d\u0438\u0435 \u043e\u0442\u0440\u0430\u0436\u0430\u0435\u0442 \u043d\u0430\u0448\u0443 \u043f\u0440\u0438\u0432\u0435\u0440\u0436\u0435\u043d\u043d\u043e\u0441\u0442\u044c:\r\n\r\n\u2022 \u041f\u0440\u0435\u0434\u043e\u0442\u0432\u0440\u0430\u0442\u0438\u0442\u044c \u0437\u0430\u0433\u0440\u044f\u0437\u043d\u0435\u043d\u0438\u0435 \u043f\u043e\u0441\u0440\u0435\u0434\u0441\u0442\u0432\u043e\u043c \u043e\u0442\u0432\u0435\u0442\u0441\u0442\u0432\u0435\u043d\u043d\u043e\u0433\u043e \u0438\u0441\u043f\u043e\u043b\u044c\u0437\u043e\u0432\u0430\u043d\u0438\u044f \u043f\u0440\u0438\u0440\u043e\u0434\u043d\u044b\u0445 \u0440\u0435\u0441\u0443\u0440\u0441\u043e\u0432;\r\n\u2022 \u041e\u043f\u0442\u0438\u043c\u0438\u0437\u0438\u0440\u043e\u0432\u0430\u0442\u044c \u043f\u0440\u043e\u0438\u0437\u0432\u043e\u0434\u0441\u0442\u0432\u0435\u043d\u043d\u044b\u0435 \u043f\u0440\u043e\u0446\u0435\u0441\u0441\u044b, \u0441\u043e\u043a\u0440\u0430\u0449\u0430\u044f \u043e\u0442\u0445\u043e\u0434\u044b \u0438 \u044d\u043d\u0435\u0440\u0433\u043e\u043f\u043e\u0442\u0440\u0435\u0431\u043b\u0435\u043d\u0438\u0435;\r\n\u2022 \u041e\u043f\u0435\u0440\u0430\u0442\u0438\u0432\u043d\u043e \u0440\u0435\u0430\u0433\u0438\u0440\u043e\u0432\u0430\u0442\u044c \u043d\u0430 \u044d\u043a\u043e\u043b\u043e\u0433\u0438\u0447\u0435\u0441\u043a\u0438\u0435 \u0440\u0438\u0441\u043a\u0438 \u0438 \u043f\u0440\u0438\u043d\u0438\u043c\u0430\u0442\u044c \u0438\u043d\u043d\u043e\u0432\u0430\u0446\u0438\u043e\u043d\u043d\u044b\u0435 \u0440\u0435\u0448\u0435\u043d\u0438\u044f \u0434\u043b\u044f \u0437\u0430\u0449\u0438\u0442\u044b \u043e\u043a\u0440\u0443\u0436\u0430\u044e\u0449\u0435\u0439 \u0441\u0440\u0435\u0434\u044b;\r\n\u2022 \u041f\u0440\u043e\u0434\u0432\u0438\u0433\u0430\u0442\u044c \u044d\u043a\u043e\u043b\u043e\u0433\u0438\u0447\u0435\u0441\u043a\u0443\u044e \u043a\u0443\u043b\u044c\u0442\u0443\u0440\u0443 \u0441\u0440\u0435\u0434\u0438 \u043d\u0430\u0448\u0438\u0445 \u0441\u043e\u0442\u0440\u0443\u0434\u043d\u0438\u043a\u043e\u0432, \u043f\u0430\u0440\u0442\u043d\u0435\u0440\u043e\u0432 \u0438 \u0437\u0430\u0438\u043d\u0442\u0435\u0440\u0435\u0441\u043e\u0432\u0430\u043d\u043d\u044b\u0445 \u0441\u0442\u043e\u0440\u043e\u043d.\r\n\r\n<strong>\u041f\u043e\u043b\u0443\u0447\u0435\u043d\u0438\u0435 \u0441\u0435\u0440\u0442\u0438\u0444\u0438\u043a\u0430\u0446\u0438\u0438 \u043f\u0440\u0435\u0434\u0441\u0442\u0430\u0432\u043b\u044f\u0435\u0442 \u0441\u043e\u0431\u043e\u0439 \u043d\u0435 \u043f\u0440\u043e\u0441\u0442\u043e \u0446\u0435\u043b\u044c, \u0430 \u043f\u043e\u0441\u0442\u043e\u044f\u043d\u043d\u043e\u0435 \u0441\u0442\u0440\u0435\u043c\u043b\u0435\u043d\u0438\u0435 \u043a \u0441\u043e\u0432\u0435\u0440\u0448\u0435\u043d\u0441\u0442\u0432\u0443 \u0432 \u043e\u0431\u043b\u0430\u0441\u0442\u0438 \u0443\u043f\u0440\u0430\u0432\u043b\u0435\u043d\u0438\u044f \u043e\u043a\u0440\u0443\u0436\u0430\u044e\u0449\u0435\u0439 \u0441\u0440\u0435\u0434\u043e\u0439. \u041c\u044b \u0441\u0447\u0438\u0442\u0430\u0435\u043c, \u0447\u0442\u043e \u043a\u0430\u0436\u0434\u044b\u0439 \u0431\u0438\u0437\u043d\u0435\u0441 \u043d\u0435\u0441\u0435\u0442 \u043e\u0442\u0432\u0435\u0442\u0441\u0442\u0432\u0435\u043d\u043d\u043e\u0441\u0442\u044c \u0437\u0430 \u0432\u043a\u043b\u0430\u0434 \u0432 \u0441\u043e\u0437\u0434\u0430\u043d\u0438\u0435 \u0431\u043e\u043b\u0435\u0435 \u0443\u0441\u0442\u043e\u0439\u0447\u0438\u0432\u043e\u0433\u043e \u043c\u0438\u0440\u0430, \u0438 \u043c\u044b \u043f\u043e\u043b\u043d\u044b \u0440\u0435\u0448\u0438\u043c\u043e\u0441\u0442\u0438 \u0432\u043d\u0435\u0441\u0442\u0438 \u0441\u0432\u043e\u0439 \u0432\u043a\u043b\u0430\u0434.<\/strong>\r\n\r\n<a href=\"https:\/\/www.fapim.it\/wp-content\/uploads\/2025\/01\/CERT17968.pdf\"><strong>ISO 14001<\/strong><\/a>[\/vc_column_text][\/vc_column][\/vc_row][vc_row][vc_column width=\"1\/1\"][divider][\/vc_column][\/vc_row]","_ru_post_name":"printsipy-ekologicheskoj-ustojchivosti","_ru_post_excerpt":"","_ru_post_title":"\u041f\u0440\u0438\u043d\u0446\u0438\u043f\u044b \u044d\u043a\u043e\u043b\u043e\u0433\u0438\u0447\u0435\u0441\u043a\u043e\u0439 \u0443\u0441\u0442\u043e\u0439\u0447\u0438\u0432\u043e\u0441\u0442\u0438","_pl_post_content":"[vc_row][vc_column align=\"center\" align_sm=\"center\" width=\"1\/2\"][vc_single_image image=\"24959\" image_size=\"medium\"][\/vc_column][vc_column align=\"center\" align_sm=\"center\" width=\"1\/2\"][vc_column_text margin_top=\"80\" extra_classes=\"lead text-justify\"]<strong>Zr\u00f3wnowa\u017cony rozw\u00f3j przedsi\u0119biorstwa jest jednym z filar\u00f3w naszej firmy. Dzia\u0142amy w bran\u017cy obr\u00f3bki metali ze \u015bwiadomo\u015bci\u0105, \u017ce ka\u017cde dzia\u0142anie ma wp\u0142yw na \u015brodowisko, dlatego te\u017c dbamy o to, aby do minimum ogranicza\u0107 nasz \u015blad ekologiczny.<\/strong>\r\n\r\n<strong>\u00a0<\/strong>\r\n\r\n<strong>\u00a0<\/strong>[\/vc_column_text][\/vc_column][\/vc_row][vc_row][vc_column width=\"1\/1\"][vc_column_text extra_classes=\"lead text-justify\"]<strong>Jeste\u015bmy dumni, \u017ce uzyskali\u015bmy certyfikat ISO 14001,<\/strong> mi\u0119dzynarodowej normy potwierdzaj\u0105cej wdro\u017cenie skutecznego systemu zarz\u0105dzania \u015brodowiskowego, zgodnego z najlepszymi praktykami. To wyr\u00f3\u017cnienie odzwierciedla nasze zaanga\u017cowanie w:\r\n\u2022 Zapobieganie zanieczyszczeniom poprzez odpowiedzialne wykorzystanie zasob\u00f3w naturalnych;\r\n\u2022 Optymalizuj procesy produkcyjne, redukuj\u0105c odpady i zu\u017cycie energii;\r\n\u2022 Niezw\u0142ocznie reaguj na zagro\u017cenia \u015brodowiskowe i przyjmuj innowacyjne rozwi\u0105zania w celu ochrony \u015brodowiska;\r\n\u2022 Promuj kultur\u0119 ekologiczn\u0105 w\u015br\u00f3d naszych wsp\u00f3\u0142pracownik\u00f3w, partner\u00f3w i interesariuszy.\r\n\r\n<strong>Uzyskanie certyfikatu to nie tylko cel, ale ci\u0105g\u0142e d\u0105\u017cenie do doskona\u0142o\u015bci w zarz\u0105dzaniu \u015brodowiskowym. Wierzymy, \u017ce ka\u017cda firma ma obowi\u0105zek przyczynia\u0107 si\u0119 do bardziej zr\u00f3wnowa\u017conego \u015bwiata i jeste\u015bmy zdeterminowani, aby zrobi\u0107, co do nas nale\u017cy.<\/strong>\r\n\r\n<a href=\"https:\/\/www.fapim.it\/wp-content\/uploads\/2025\/01\/CERT17968.pdf\"><strong>ISO 14001<\/strong><\/a>[\/vc_column_text][\/vc_column][\/vc_row][vc_row][vc_column width=\"1\/1\"][divider][\/vc_column][\/vc_row]","_pl_post_name":"zasady-zrownowazonego-rozwoju-srodowiska","_pl_post_excerpt":"","_pl_post_title":"Zasady zr\u00f3wnowa\u017conego rozwoju \u015brodowiska","edit_language":"en","footnotes":""},"class_list":["post-24962","page","type-page","status-publish","hentry"],"_links":{"self":[{"href":"https:\/\/www.fapim.it\/en\/wp-json\/wp\/v2\/pages\/24962","targetHints":{"allow":["GET"]}}],"collection":[{"href":"https:\/\/www.fapim.it\/en\/wp-json\/wp\/v2\/pages"}],"about":[{"href":"https:\/\/www.fapim.it\/en\/wp-json\/wp\/v2\/types\/page"}],"author":[{"embeddable":true,"href":"https:\/\/www.fapim.it\/en\/wp-json\/wp\/v2\/users\/4"}],"replies":[{"embeddable":true,"href":"https:\/\/www.fapim.it\/en\/wp-json\/wp\/v2\/comments?post=24962"}],"version-history":[{"count":22,"href":"https:\/\/www.fapim.it\/en\/wp-json\/wp\/v2\/pages\/24962\/revisions"}],"predecessor-version":[{"id":26102,"href":"https:\/\/www.fapim.it\/en\/wp-json\/wp\/v2\/pages\/24962\/revisions\/26102"}],"up":[{"embeddable":true,"href":"https:\/\/www.fapim.it\/en\/wp-json\/wp\/v2\/pages\/25593"}],"wp:attachment":[{"href":"https:\/\/www.fapim.it\/en\/wp-json\/wp\/v2\/media?parent=24962"}],"curies":[{"name":"wp","href":"https:\/\/api.w.org\/{rel}","templated":true}]}}