   {"id":397,"date":"2019-01-04T11:49:16","date_gmt":"2019-01-04T10:49:16","guid":{"rendered":"https:\/\/www.fapim.it\/fapim-new.it\/it\/who-we-are\/identita\/in-breve\/"},"modified":"2021-10-12T14:48:54","modified_gmt":"2021-10-12T12:48:54","slug":"briefly","status":"publish","type":"page","link":"https:\/\/www.fapim.it\/en\/we-are\/identity\/briefly\/","title":{"rendered":"Briefly","raw":"Briefly"},"content":{"rendered":"<section class=\"section  text-normal section-text-no-shadow section-inner-no-shadow section-normal section-opaque\"  >\r\n    \r\n    <div class=\"background-overlay grid-overlay-0 \" style=\"background-color: rgba(0,0,0,0);\"><\/div>\r\n\r\n    <div class=\"container container-vertical-default\">\r\n        <div class=\"row vertical-default\">\r\n            <div class=\"col-md-12     text-default small-screen-default\"  ><div class=\"divider-wrapper \" style=\"visibility:hidden;background-color:#FFFFFF\">\r\n    <div class=\"visible-xs\" style=\"height:10px;\"><\/div>\r\n    <div class=\"visible-sm\" style=\"height:10px;\"><\/div>\r\n    <div class=\"visible-md\" style=\"height:24px;\"><\/div>\r\n    <div class=\"visible-lg\" style=\"height:24px;\"><\/div>\r\n<\/div><\/div>        <\/div>\r\n    <\/div>\r\n<\/section>\r\n<section class=\"section  text-normal section-text-no-shadow section-inner-no-shadow section-normal section-opaque\"  >\r\n    \r\n    <div class=\"background-overlay grid-overlay-0 \" style=\"background-color: rgba(0,0,0,0);\"><\/div>\r\n\r\n    <div class=\"container container-vertical-default\">\r\n        <div class=\"row vertical-default\">\r\n            <div class=\"col-md-12     text-default small-screen-default\"  ><p class=\"lead text-justify justify  text-normal element-top-20 element-bottom-20\" data-os-animation=\"none\" data-os-animation-delay=\"0s\">FAPIM, originally an acronym for Fabbrica Accessori Per Infissi Metallici (Factory of Accessories for Metal Windows and Doors), was established in 1974 with the purpose of producing fittings for aluminum windows and doors combining innovation and ease of use. After 40 years this is still the corporate \u201ccore business\u201d.<\/p><\/div>        <\/div>\r\n    <\/div>\r\n<\/section>\r\n<section class=\"section  text-normal section-text-no-shadow section-inner-no-shadow section-normal section-opaque\"  >\r\n    \r\n    <div class=\"background-overlay grid-overlay-0 \" style=\"background-color: rgba(0,0,0,0);\"><\/div>\r\n\r\n    <div class=\"container container-vertical-default\">\r\n        <div class=\"row vertical-default\">\r\n            <div class=\"col-md-12     text-default small-screen-default\"  ><div class=\"divider-wrapper \" style=\"visibility:hidden;background-color:#FFFFFF\">\r\n    <div class=\"visible-xs\" style=\"height:10px;\"><\/div>\r\n    <div class=\"visible-sm\" style=\"height:10px;\"><\/div>\r\n    <div class=\"visible-md\" style=\"height:24px;\"><\/div>\r\n    <div class=\"visible-lg\" style=\"height:24px;\"><\/div>\r\n<\/div><\/div>        <\/div>\r\n    <\/div>\r\n<\/section>\r\n<section class=\"section  text-normal section-text-no-shadow section-inner-no-shadow section-normal section-opaque\"  >\r\n            <div class=\"background-media\" style=\"background-image: url(&#039;https:\/\/www.fapim.it\/wp-content\/uploads\/2019\/02\/f_OLTRE-barra_1.jpg&#039;); background-repeat:no-repeat; background-size:cover; background-attachment:no-scroll; background-position: 50% 30%;\" >\r\n                    <\/div>\r\n    \r\n    <div class=\"background-overlay grid-overlay-0 \" style=\"background-color: rgba(0,0,0,0);\"><\/div>\r\n\r\n    <div class=\"container container-vertical-default\">\r\n        <div class=\"row vertical-default\">\r\n            <div class=\"col-md-12     text-default small-screen-default\"  ><div class=\"figure element-top-280 element-bottom-280  \" data-os-animation=\"none\" data-os-animation-delay=\"0s\">\r\n            <span class=\"figure-image\">\r\n                    <\/span>\r\n    <\/div>\r\n<\/div>        <\/div>\r\n    <\/div>\r\n<\/section>\r\n<section class=\"section  text-normal section-text-no-shadow section-inner-no-shadow section-normal section-opaque\"  >\r\n    \r\n    <div class=\"background-overlay grid-overlay-0 \" style=\"background-color: rgba(0,0,0,0);\"><\/div>\r\n\r\n    <div class=\"container container-vertical-default\">\r\n        <div class=\"row vertical-default\">\r\n            <div class=\"col-md-12     text-default small-screen-default\"  ><div class=\"divider-wrapper \" style=\"visibility:hidden;background-color:#FFFFFF\">\r\n    <div class=\"visible-xs\" style=\"height:10px;\"><\/div>\r\n    <div class=\"visible-sm\" style=\"height:10px;\"><\/div>\r\n    <div class=\"visible-md\" style=\"height:24px;\"><\/div>\r\n    <div class=\"visible-lg\" style=\"height:24px;\"><\/div>\r\n<\/div><\/div>        <\/div>\r\n    <\/div>\r\n<\/section>\r\n<section class=\"section  text-normal section-text-no-shadow section-inner-no-shadow section-normal section-opaque\"  >\r\n    \r\n    <div class=\"background-overlay grid-overlay-0 \" style=\"background-color: rgba(0,0,0,0);\"><\/div>\r\n\r\n    <div class=\"container container-vertical-default\">\r\n        <div class=\"row vertical-default\">\r\n            <div class=\"col-md-12     text-default small-screen-default\"  ><p class=\"lead text-justify justify  text-normal element-top-20 element-bottom-20\" data-os-animation=\"none\" data-os-animation-delay=\"0s\">Over the years the industrial facilities, the offices as well as other corporate structures have been constantly enlarged and, in 2005, a new production plant was built. Since the end of the 80s we turned our attention to the foreign markets, focusing on the European markets first, and then we became world leaders. The first subsidiaries were established in France, Spain, Belgium and Poland, followed by sales offices in Greece, UK and United States, till the establishment of Fapim Middle East, Fapim Russia and, in 2012, Fapim Argentina. Today Fapim exports 90% of its products to over 100 countries.<\/p><\/div>        <\/div>\r\n    <\/div>\r\n<\/section>\r\n<section class=\"section  text-normal section-text-no-shadow section-inner-no-shadow section-normal section-opaque\"  >\r\n    \r\n    <div class=\"background-overlay grid-overlay-0 \" style=\"background-color: rgba(0,0,0,0);\"><\/div>\r\n\r\n    <div class=\"container container-vertical-default\">\r\n        <div class=\"row vertical-default\">\r\n            <div class=\"col-md-12     text-default small-screen-default\"  ><div class=\"divider-wrapper \" style=\"visibility:hidden;background-color:#FFFFFF\">\r\n    <div class=\"visible-xs\" style=\"height:10px;\"><\/div>\r\n    <div class=\"visible-sm\" style=\"height:10px;\"><\/div>\r\n    <div class=\"visible-md\" style=\"height:24px;\"><\/div>\r\n    <div class=\"visible-lg\" style=\"height:40px;\"><\/div>\r\n<\/div><\/div>        <\/div>\r\n    <\/div>\r\n<\/section>\n","protected":false,"raw":"[vc_row][vc_column width=\"1\/1\"][divider xs_height=\"10\" sm_height=\"10\"][\/vc_column][\/vc_row][vc_row][vc_column width=\"1\/1\"][lead align=\"justify\"]FAPIM, originally an acronym for Fabbrica Accessori Per Infissi Metallici (Factory of Accessories for Metal Windows and Doors), was established in 1974 with the purpose of producing fittings for aluminum windows and doors combining innovation and ease of use. After 40 years this is still the corporate \u201ccore business\u201d.[\/lead][\/vc_column][\/vc_row][vc_row][vc_column width=\"1\/1\"][divider xs_height=\"10\" sm_height=\"10\"][\/vc_column][\/vc_row][vc_row background_image=\"14544\" background_position_vertical=\"30\" background_image_parallax_end=\"0\"][vc_column width=\"1\/1\"][vc_single_image margin_top=\"280\" margin_bottom=\"280\"][\/vc_column][\/vc_row][vc_row][vc_column width=\"1\/1\"][divider xs_height=\"10\" sm_height=\"10\"][\/vc_column][\/vc_row][vc_row][vc_column width=\"1\/1\"][lead align=\"justify\"]Over the years the industrial facilities, the offices as well as other corporate structures have been constantly enlarged and, in 2005, a new production plant was built. Since the end of the 80s we turned our attention to the foreign markets, focusing on the European markets first, and then we became world leaders. The first subsidiaries were established in France, Spain, Belgium and Poland, followed by sales offices in Greece, UK and United States, till the establishment of Fapim Middle East, Fapim Russia and, in 2012, Fapim Argentina. Today Fapim exports 90% of its products to over 100 countries.[\/lead][\/vc_column][\/vc_row][vc_row][vc_column width=\"1\/1\"][divider xs_height=\"10\" sm_height=\"10\" lg_height=\"40\"][\/vc_column][\/vc_row]"},"excerpt":{"rendered":"FAPIM, in origine acronimo di Fabbrica Accessori Per Infissi Metallici, nasce nel 1974 con l\u2019obiettivo di produrre accessori per serramenti in alluminio innovativi e semplici da usare. A distanza di 40 anni ancora oggi questo \u00e8 il \u201ccore business\u201d aziendale. Da allora abbiamo costantemente ampliato gli impianti industriali, cos\u00ec come gli uffici e tutte le","protected":false,"raw":""},"author":1,"featured_media":0,"parent":385,"menu_order":102,"comment_status":"closed","ping_status":"closed","template":"","meta":{"_it_post_content":"[vc_row][vc_column width=\"1\/1\"][divider xs_height=\"10\" sm_height=\"10\"][\/vc_column][\/vc_row][vc_row][vc_column width=\"1\/1\"][lead align=\"justify\"]FAPIM, in origine acronimo di Fabbrica Accessori Per Infissi Metallici, nasce nel 1974 con l\u2019obiettivo di produrre accessori per serramenti in alluminio innovativi e semplici da usare. A distanza di 40 anni ancora oggi questo \u00e8 il \u201ccore business\u201d aziendale.[\/lead][\/vc_column][\/vc_row][vc_row][vc_column width=\"1\/1\"][divider xs_height=\"10\" sm_height=\"10\"][\/vc_column][\/vc_row][vc_row background_image=\"14544\" background_position_vertical=\"30\" background_image_parallax_end=\"0\"][vc_column width=\"1\/1\"][vc_single_image link_type=\"no-link\" margin_top=\"280\" margin_bottom=\"280\"][\/vc_column][\/vc_row][vc_row][vc_column width=\"1\/1\"][divider xs_height=\"10\" sm_height=\"10\"][\/vc_column][\/vc_row][vc_row][vc_column width=\"1\/1\"][lead align=\"justify\"]Da allora abbiamo costantemente ampliato gli impianti industriali, cos\u00ec come gli uffici e tutte le altre strutture aziendali fino alla costruzione di un nuovo stabilimento, ultimato nel 2005. A partire dalla fine degli anni \u201980 abbiamo rivolto la nostra attenzione ai mercati esteri, aggredendo inizialmente i mercati europei per poi diventare leader mondiale. Sono nate le prime filiali in Francia, Spagna, Belgio e Polonia cui sono seguite le sedi commerciali in Grecia, Inghilterra e Stati Uniti, fino alla costituzione di Fapim Middle East, Fapim Russia e nel 2012 Fapim Argentina. Oggi Fapim esporta il 90% dei suoi prodotti, in oltre 100 paesi.[\/lead][\/vc_column][\/vc_row][vc_row][vc_column width=\"1\/1\"][divider xs_height=\"10\" sm_height=\"10\" lg_height=\"40\"][\/vc_column][\/vc_row]","_it_post_name":"in-breve","_it_post_excerpt":"","_it_post_title":"In breve","_en_post_content":"[vc_row][vc_column width=\"1\/1\"][divider xs_height=\"10\" sm_height=\"10\"][\/vc_column][\/vc_row][vc_row][vc_column width=\"1\/1\"][lead align=\"justify\"]FAPIM, originally an acronym for Fabbrica Accessori Per Infissi Metallici (Factory of Accessories for Metal Windows and Doors), was established in 1974 with the purpose of producing fittings for aluminum windows and doors combining innovation and ease of use. After 40 years this is still the corporate \u201ccore business\u201d.[\/lead][\/vc_column][\/vc_row][vc_row][vc_column width=\"1\/1\"][divider xs_height=\"10\" sm_height=\"10\"][\/vc_column][\/vc_row][vc_row background_image=\"14544\" background_position_vertical=\"30\" background_image_parallax_end=\"0\"][vc_column width=\"1\/1\"][vc_single_image margin_top=\"280\" margin_bottom=\"280\"][\/vc_column][\/vc_row][vc_row][vc_column width=\"1\/1\"][divider xs_height=\"10\" sm_height=\"10\"][\/vc_column][\/vc_row][vc_row][vc_column width=\"1\/1\"][lead align=\"justify\"]Over the years the industrial facilities, the offices as well as other corporate structures have been constantly enlarged and, in 2005, a new production plant was built. Since the end of the 80s we turned our attention to the foreign markets, focusing on the European markets first, and then we became world leaders. The first subsidiaries were established in France, Spain, Belgium and Poland, followed by sales offices in Greece, UK and United States, till the establishment of Fapim Middle East, Fapim Russia and, in 2012, Fapim Argentina. Today Fapim exports 90% of its products to over 100 countries.[\/lead][\/vc_column][\/vc_row][vc_row][vc_column width=\"1\/1\"][divider xs_height=\"10\" sm_height=\"10\" lg_height=\"40\"][\/vc_column][\/vc_row]","_en_post_name":"briefly","_en_post_excerpt":"","_en_post_title":"Briefly","_fr_post_content":"[vc_row][vc_column width=\"1\/1\"][divider xs_height=\"10\" sm_height=\"10\"][\/vc_column][\/vc_row][vc_row][vc_column width=\"1\/1\"][lead align=\"justify\"]FAPIM, un acronyme de Fabbrica Accessori Per Infissi Metallici,a \u00e9t\u00e9 fond\u00e9e dans l\u2019ann\u00e9e 1974 avec le but de fabriquer accessoires pour portes et fen\u00eatres en aluminium innovants et simple dans l\u2019utilisation. Apr\u00e8s 40 ans encore aujourd\u2019hui cela c\u2019est le \u00ab core business \u00bb de notre soci\u00e9t\u00e9.[\/lead][\/vc_column][\/vc_row][vc_row][vc_column width=\"1\/1\"][divider xs_height=\"10\" sm_height=\"10\"][\/vc_column][\/vc_row][vc_row background_image=\"14544\" background_position_vertical=\"30\" background_image_parallax_end=\"0\"][vc_column width=\"1\/1\"][vc_single_image margin_top=\"280\" margin_bottom=\"280\"][\/vc_column][\/vc_row][vc_row][vc_column width=\"1\/1\"][divider xs_height=\"10\" sm_height=\"10\"][\/vc_column][\/vc_row][vc_row][vc_column width=\"1\/1\"][lead align=\"justify\"]Depuis lors nous avons de plus en plus d\u00e9velopp\u00e9 les installations industrielles, ainsi que les bureaux et toutes les structures de l\u2019entreprise jusqu\u2019\u00e0 arriver \u00e0 la construction d\u2019un nouveau b\u00e2timent dans l\u2019ann\u00e9e 2005. Depuis la fin des ann\u00e9es \u201980 nous avons dirig\u00e9 notre attention aux march\u00e9s \u00e9trangers, en commen\u00e7ant au d\u00e9but des march\u00e9s Europ\u00e9ens pour ensuite devenir leader au niveau mondiale. Les premi\u00e8res filiales Fapim sont n\u00e9e en France, Espagne, Belgique et Pologne et apr\u00e8s ont suivi les bureaux de vente en Gr\u00e8ce, Angleterre et Etats Unis jusqu\u2019\u00e0 la cr\u00e9ation de Fapim Middle East, Fapim Russie et dans l\u2019ann\u00e9e 2012 Fapim Argentine. Aujourd\u2019hui Fapim exporte le 90% de ses produits en plus de 100 pays.[\/lead][\/vc_column][\/vc_row][vc_row][vc_column width=\"1\/1\"][divider xs_height=\"10\" sm_height=\"10\" lg_height=\"40\"][\/vc_column][\/vc_row]","_fr_post_name":"en-bref","_fr_post_excerpt":"","_fr_post_title":"En bref","_es_post_content":"[vc_row][vc_column width=\"1\/1\"][divider xs_height=\"10\" sm_height=\"10\"][\/vc_column][\/vc_row][vc_row][vc_column width=\"1\/1\"][lead align=\"justify\"]FAPIM, acr\u00f3nimo de \u201c Fabbrica Accessori Per Infissi Metallici\u201d, nace en el 1974 con el objetivo de fabricar accesorios para carpinter\u00eda met\u00e1licas innovadores y sencillo en su uso. Despu\u00e9s de 40 a\u00f1os, hoy todav\u00eda m\u00e1s esto es el \u201ccore bussiness\u201c de la empresa[\/lead][\/vc_column][\/vc_row][vc_row][vc_column width=\"1\/1\"][divider xs_height=\"10\" sm_height=\"10\"][\/vc_column][\/vc_row][vc_row background_image=\"14544\" background_position_vertical=\"30\" background_image_parallax_end=\"0\"][vc_column width=\"1\/1\"][vc_single_image margin_top=\"280\" margin_bottom=\"280\"][\/vc_column][\/vc_row][vc_row][vc_column width=\"1\/1\"][divider xs_height=\"10\" sm_height=\"10\"][\/vc_column][\/vc_row][vc_row][vc_column width=\"1\/1\"][lead align=\"justify\"]Desde entonces hemos ampliado constantemente nuestras instalaciones industriales, as\u00ed como tambi\u00e9n las oficinas, y todas las estructuras de la empresa, hasta llegar a la construcci\u00f3n de una nueva planta, acabada en el 2005. A partir del fin de los a\u00f1os \u201880 dirigimos nuestra atenci\u00f3n hacia los mercados del exterior, empezando por los mercados europeos, hasta volverse l\u00edder mundial. Han nacido las primeras delegaciones en Francia, Espa\u00f1a, B\u00e9lgica y Polonia para luego constituir sedes comerciales en Grecia, Inglaterra y Estados Unidos, por terminar con la constituci\u00f3n de Fapim Middle East, Fapim Rusia, y en el 2012 Fapim Argentina. En la actualidad Fapim exporta el 90% de sus productos en m\u00e1s de 100 pa\u00edses.[\/lead][\/vc_column][\/vc_row][vc_row][vc_column width=\"1\/1\"][divider xs_height=\"10\" sm_height=\"10\" lg_height=\"40\"][\/vc_column][\/vc_row]","_es_post_name":"en-breve","_es_post_excerpt":"","_es_post_title":"En breve","_ru_post_content":"[vc_row][vc_column width=\"1\/1\"][divider xs_height=\"10\" sm_height=\"10\"][\/vc_column][\/vc_row][vc_row][vc_column width=\"1\/1\"][lead align=\"justify\"]FAPIM (\u0441\u043e\u043a\u0440\u0430\u0449\u0435\u043d\u043d\u043e \u0424\u0430\u0431\u0440\u0438\u043a\u0430 \u0424\u0443\u0440\u043d\u0438\u0442\u0443\u0440\u044b \u0414\u043b\u044f \u041c\u0435\u0442\u0430\u043b\u043b\u0438\u0447\u0435\u0441\u043a\u0438\u0445 \u041a\u043e\u043d\u0441\u0442\u0440\u0443\u043a\u0446\u0438\u0439) \u0431\u044b\u043b\u0430 \u043e\u0441\u043d\u043e\u0432\u0430\u043d\u0430 \u0432 1974 \u0433\u043e\u0434\u0443 \u0434\u043b\u044f \u043f\u0440\u043e\u0438\u0437\u0432\u043e\u0434\u0441\u0442\u0432\u0430 \u0438\u043d\u043d\u043e\u0432\u0430\u0446\u0438\u043e\u043d\u043d\u043e\u0439 \u0438 \u043f\u0440\u043e\u0441\u0442\u043e\u0439 \u0432 \u0438\u0441\u043f\u043e\u043b\u044c\u0437\u043e\u0432\u0430\u043d\u0438\u0438 \u0444\u0443\u0440\u043d\u0438\u0442\u0443\u0440\u044b \u0434\u043b\u044f \u0430\u043b\u044e\u043c\u0438\u043d\u0438\u0435\u0432\u044b\u0445 \u0434\u0432\u0435\u0440\u043d\u044b\u0445 \u0438 \u043e\u043a\u043e\u043d\u043d\u044b\u0445 \u043a\u043e\u043d\u0441\u0442\u0440\u0443\u043a\u0446\u0438\u0439. \u041f\u043e \u043f\u0440\u043e\u0448\u0435\u0441\u0442\u0432\u0438\u0438 40 \u043b\u0435\u0442 \u044d\u0442\u0430 \u0446\u0435\u043b\u044c \u0442\u0430\u043a \u0438 \u043e\u0441\u0442\u0430\u0435\u0442\u0441\u044f \u0433\u043b\u0430\u0432\u043d\u043e\u0439 \u0432 \u043d\u0430\u0448\u0435\u043c \u0431\u0438\u0437\u043d\u0435\u0441\u0435[\/lead][\/vc_column][\/vc_row][vc_row][vc_column width=\"1\/1\"][divider xs_height=\"10\" sm_height=\"10\"][\/vc_column][\/vc_row][vc_row background_image=\"14544\" background_position_vertical=\"30\" background_image_parallax_end=\"0\"][vc_column width=\"1\/1\"][vc_single_image margin_top=\"280\" margin_bottom=\"280\"][\/vc_column][\/vc_row][vc_row][vc_column width=\"1\/1\"][divider xs_height=\"10\" sm_height=\"10\"][\/vc_column][\/vc_row][vc_row][vc_column width=\"1\/1\"][lead align=\"justify\"]\u0421 \u043e\u0441\u043d\u043e\u0432\u0430\u043d\u0438\u044f \u0444\u0438\u0440\u043c\u044b \u043c\u044b \u043f\u043e\u0441\u0442\u0435\u043f\u0435\u043d\u043d\u043e \u0443\u0432\u0435\u043b\u0438\u0447\u0438\u0432\u0430\u0435\u043c \u043d\u0430\u0448\u0438 \u043f\u0440\u043e\u0438\u0437\u0432\u043e\u0434\u0441\u0442\u0432\u0435\u043d\u043d\u044b\u0435 \u043c\u043e\u0449\u043d\u043e\u0441\u0442\u0438 \u0438 \u043f\u043b\u043e\u0449\u0430\u0434\u0438: \u0432 2005 \u0433\u043e\u0434\u0443 \u0431\u044b\u043b\u043e \u0437\u0430\u043a\u043e\u043d\u0447\u0435\u043d\u043e \u0441\u0442\u0440\u043e\u0438\u0442\u0435\u043b\u044c\u0441\u0442\u0432\u043e \u043d\u043e\u0432\u043e\u0433\u043e \u0437\u0430\u0432\u043e\u0434\u0430. \u0421 \u043a\u043e\u043d\u0446\u0430 \u0432\u043e\u0441\u044c\u043c\u0438\u0434\u0435\u0441\u044f\u0442\u044b\u0445 \u0433\u043e\u0434\u043e\u0432 \u043c\u044b \u043e\u0431\u0440\u0430\u0442\u0438\u043b\u0438 \u0432\u043d\u0438\u043c\u0430\u043d\u0438\u0435 \u043d\u0430 \u043e\u0441\u0432\u043e\u0435\u043d\u0438\u0435 \u0437\u0430\u0440\u0443\u0431\u0435\u0436\u043d\u044b\u0445 \u0440\u044b\u043d\u043a\u043e\u0432, \u043d\u0430\u0447\u0438\u043d\u0430\u044f \u0441 \u0435\u0432\u0440\u043e\u043f\u0435\u0439\u0441\u043a\u0438\u0445 \u0441\u0442\u0440\u0430\u043d \u0438 \u0437\u0430\u0442\u0435\u043c \u0440\u0430\u0441\u0448\u0438\u0440\u044f\u044f \u0432\u043b\u0438\u044f\u043d\u0438\u0435 \u0432\u043e \u0432\u0441\u0435\u043c \u043c\u0438\u0440\u0435. \u041f\u0435\u0440\u0432\u044b\u0435 \u0444\u0438\u043b\u0438\u0430\u043b\u044b \u0431\u044b\u043b\u0438 \u0441\u043e\u0437\u0434\u0430\u043d\u044b \u0432\u043e \u0424\u0440\u0430\u043d\u0446\u0438\u0438, \u0418\u0441\u043f\u0430\u043d\u0438\u0438, \u0411\u0435\u043b\u044c\u0433\u0438\u0438 \u0438 \u041f\u043e\u043b\u044c\u0448\u0435, \u0437\u0430\u0442\u0435\u043c \u0432 \u0413\u0440\u0435\u0446\u0438\u0438, \u0412\u0435\u043b\u0438\u043a\u043e\u0431\u0440\u0438\u0442\u0430\u043d\u0438\u0438 \u0438 \u0421\u0428\u0410. \u0417\u0430 \u043d\u0438\u043c\u0438 \u043f\u043e\u0441\u043b\u0435\u0434\u043e\u0432\u0430\u043b\u043e \u043e\u0431\u0440\u0430\u0437\u043e\u0432\u0430\u043d\u0438\u0435 \u043a\u043e\u043c\u043f\u0430\u043d\u0438\u0439 Fapim \u0411\u043b\u0438\u0436\u043d\u0438\u0439 \u0412\u043e\u0441\u0442\u043e\u043a, Fapim \u0420\u043e\u0441\u0441\u0438\u044f \u0438 \u0432 2012 \u0433\u043e\u0434\u0443 Fapim \u0410\u0440\u0433\u0435\u043d\u0442\u0438\u043d\u0430. \u0412 \u043d\u0430\u0441\u0442\u043e\u044f\u0449\u0435\u0435 \u0432\u0440\u0435\u043c\u044f \u043a\u043e\u043c\u043f\u0430\u043d\u0438\u044f Fapim \u044d\u043a\u0441\u043f\u043e\u0440\u0442\u0438\u0440\u0443\u0435\u0442 90% \u0441\u0432\u043e\u0435\u0439 \u043f\u0440\u043e\u0434\u0443\u043a\u0446\u0438\u0438 \u0432 \u0431\u043e\u043b\u0435\u0435 \u0447\u0435\u043c 100 \u0441\u0442\u0440\u0430\u043d \u043c\u0438\u0440\u0430.[\/lead][\/vc_column][\/vc_row][vc_row][vc_column width=\"1\/1\"][divider xs_height=\"10\" sm_height=\"10\" lg_height=\"40\"][\/vc_column][\/vc_row]","_ru_post_name":"in-breve","_ru_post_excerpt":"","_ru_post_title":"\u041a\u043e\u0440\u043e\u0442\u043a\u043e","_pl_post_content":"[vc_row][vc_column width=\"1\/1\"][divider xs_height=\"10\" sm_height=\"10\"][\/vc_column][\/vc_row][vc_row][vc_column width=\"1\/1\"][lead align=\"justify\"]FAPIM, akronim s\u0142\u00f3w Fabbrica Accessori Per Infissi Metallici, powsta\u0142a w roku 1974, obrawszy sobie za cel produkcj\u0119 innowacyjnych i prostych w u\u017cyciu akcesori\u00f3w do stolarki aluminiowej. Pomimo up\u0142ywu 40 lat \u201ecore business\u201d firmy pozostaje niezmienny. [\/lead][\/vc_column][\/vc_row][vc_row][vc_column width=\"1\/1\"][divider xs_height=\"10\" sm_height=\"10\"][\/vc_column][\/vc_row][vc_row background_image=\"14544\" background_position_vertical=\"30\" background_image_parallax_end=\"0\"][vc_column width=\"1\/1\"][vc_single_image margin_top=\"280\" margin_bottom=\"280\"][\/vc_column][\/vc_row][vc_row][vc_column width=\"1\/1\"][divider xs_height=\"10\" sm_height=\"10\"][\/vc_column][\/vc_row][vc_row][vc_column width=\"1\/1\"][lead align=\"justify\"]Od tego czasu bez ustanku powi\u0119kszali\u015bmy nasze zak\u0142ady produkcyjne, przestrze\u0144 biurow\u0105 i wszystkie inne przestrzenie firmowe, otwieraj\u0105c w 2005 r. zupe\u0142nie nowy zak\u0142ad. Pod koniec lat \u201880 skoncentrowali\u015bmy si\u0119 na rynkach zagranicznych, podbijaj\u0105c najpierw rynki europejskie, aby sta\u0107 si\u0119 w ko\u0144cu liderem \u015bwiatowym. Powsta\u0142y pierwsze filie we Francji, Hiszpanii, Belgii i Polsce, a tak\u017ce siedziby handlowe w Grecji, Anglii i Stanach Zjednoczonych, nast\u0119pnie Fapim Middle East, Fapim Rosja, a w 2012 r. Fapim Argentyna. Dzi\u015b Fapim eksportuje 90% swoich produkt\u00f3w do ponad 100 kraj\u00f3w.[\/lead][\/vc_column][\/vc_row][vc_row][vc_column width=\"1\/1\"][divider xs_height=\"10\" sm_height=\"10\" lg_height=\"40\"][\/vc_column][\/vc_row]","_pl_post_name":"pokrotce","_pl_post_excerpt":"","_pl_post_title":"Pokr\u00f3tce","edit_language":"en","footnotes":""},"class_list":["post-397","page","type-page","status-publish","hentry"],"_links":{"self":[{"href":"https:\/\/www.fapim.it\/en\/wp-json\/wp\/v2\/pages\/397","targetHints":{"allow":["GET"]}}],"collection":[{"href":"https:\/\/www.fapim.it\/en\/wp-json\/wp\/v2\/pages"}],"about":[{"href":"https:\/\/www.fapim.it\/en\/wp-json\/wp\/v2\/types\/page"}],"author":[{"embeddable":true,"href":"https:\/\/www.fapim.it\/en\/wp-json\/wp\/v2\/users\/1"}],"replies":[{"embeddable":true,"href":"https:\/\/www.fapim.it\/en\/wp-json\/wp\/v2\/comments?post=397"}],"version-history":[{"count":3,"href":"https:\/\/www.fapim.it\/en\/wp-json\/wp\/v2\/pages\/397\/revisions"}],"predecessor-version":[{"id":18236,"href":"https:\/\/www.fapim.it\/en\/wp-json\/wp\/v2\/pages\/397\/revisions\/18236"}],"up":[{"embeddable":true,"href":"https:\/\/www.fapim.it\/en\/wp-json\/wp\/v2\/pages\/385"}],"wp:attachment":[{"href":"https:\/\/www.fapim.it\/en\/wp-json\/wp\/v2\/media?parent=397"}],"curies":[{"name":"wp","href":"https:\/\/api.w.org\/{rel}","templated":true}]}}