   {"id":436,"date":"2019-01-04T12:20:32","date_gmt":"2019-01-04T11:20:32","guid":{"rendered":"https:\/\/www.fapim.it\/fapim-new.it\/it\/noi-siamo\/responsabilita-sociale\/fapim-museum\/visite\/"},"modified":"2021-10-12T10:26:19","modified_gmt":"2021-10-12T08:26:19","slug":"visits","status":"publish","type":"page","link":"https:\/\/www.fapim.it\/en\/we-are\/fapim-museum\/visits\/","title":{"rendered":"Visits","raw":"Visits"},"content":{"rendered":"<section class=\"section  text-normal section-text-no-shadow section-inner-no-shadow section-normal section-opaque\"  >\r\n    \r\n    <div class=\"background-overlay grid-overlay-0 \" style=\"background-color: rgba(0,0,0,0);\"><\/div>\r\n\r\n    <div class=\"container container-vertical-default\">\r\n        <div class=\"row vertical-default\">\r\n            <div class=\"col-md-12     text-default small-screen-default\"  ><div class=\"divider-wrapper \" style=\"visibility:hidden;background-color:#FFFFFF\">\r\n    <div class=\"visible-xs\" style=\"height:24px;\"><\/div>\r\n    <div class=\"visible-sm\" style=\"height:24px;\"><\/div>\r\n    <div class=\"visible-md\" style=\"height:60px;\"><\/div>\r\n    <div class=\"visible-lg\" style=\"height:60px;\"><\/div>\r\n<\/div><\/div>        <\/div>\r\n    <\/div>\r\n<\/section>\r\n<section class=\"section  text-normal section-text-no-shadow section-inner-no-shadow section-normal section-opaque\"  >\r\n            <div class=\"background-media\" style=\"background-image: url(&#039;https:\/\/www.fapim.it\/wp-content\/uploads\/2019\/02\/f_stanza-1985-1989.jpg&#039;); background-repeat:no-repeat; background-size:cover; background-attachment:no-scroll; background-position: 50% 30%;\" >\r\n                    <\/div>\r\n    \r\n    <div class=\"background-overlay grid-overlay-0 \" style=\"background-color: rgba(0,0,0,0);\"><\/div>\r\n\r\n    <div class=\"container container-vertical-default\">\r\n        <div class=\"row vertical-default\">\r\n            <div class=\"col-md-12     text-default small-screen-default\"  ><div class=\"figure element-top-250 element-bottom-250  \" data-os-animation=\"none\" data-os-animation-delay=\"0s\">\r\n            <span class=\"figure-image\">\r\n                    <\/span>\r\n    <\/div>\r\n<\/div>        <\/div>\r\n    <\/div>\r\n<\/section>\r\n<section class=\"section  text-normal section-text-no-shadow section-inner-no-shadow section-normal section-opaque\"  >\r\n    \r\n    <div class=\"background-overlay grid-overlay-0 \" style=\"background-color: rgba(0,0,0,0);\"><\/div>\r\n\r\n    <div class=\"container container-vertical-default\">\r\n        <div class=\"row vertical-default\">\r\n            <div class=\"col-md-12     text-default small-screen-default\"  ><div class=\"divider-wrapper \" style=\"visibility:hidden;background-color:#FFFFFF\">\r\n    <div class=\"visible-xs\" style=\"height:24px;\"><\/div>\r\n    <div class=\"visible-sm\" style=\"height:24px;\"><\/div>\r\n    <div class=\"visible-md\" style=\"height:60px;\"><\/div>\r\n    <div class=\"visible-lg\" style=\"height:60px;\"><\/div>\r\n<\/div><\/div>        <\/div>\r\n    <\/div>\r\n<\/section>\r\n<section class=\"section  text-normal section-text-no-shadow section-inner-no-shadow section-normal section-opaque\"  >\r\n    \r\n    <div class=\"background-overlay grid-overlay-0 \" style=\"background-color: rgba(0,0,0,0);\"><\/div>\r\n\r\n    <div class=\"container container-vertical-default\">\r\n        <div class=\"row vertical-default\">\r\n            <div class=\"col-md-12     text-default small-screen-default\"  ><p class=\"lead text-justify justify  text-normal element-top-20 element-bottom-20\" data-os-animation=\"none\" data-os-animation-delay=\"0s\">Fapim Museum is located at Fapim\u2019s Spianate production plant, via Chimenti 32, Altopascio, Lucca.<\/p><\/div>        <\/div>\r\n    <\/div>\r\n<\/section>\r\n<section class=\"section  text-normal section-text-no-shadow section-inner-no-shadow section-normal section-opaque\"  >\r\n    \r\n    <div class=\"background-overlay grid-overlay-0 \" style=\"background-color: rgba(0,0,0,0);\"><\/div>\r\n\r\n    <div class=\"container container-vertical-default\">\r\n        <div class=\"row vertical-default\">\r\n            <div class=\"col-md-12     text-default small-screen-default\"  ><div id=\"map391\" class=\"google-map  element-top-20 element-bottom-20\" style=\"height:500px\" data-os-animation=\"none\" data-os-animation-delay=\"0s\"><\/div><\/div>        <\/div>\r\n    <\/div>\r\n<\/section>\r\n<section class=\"section  text-normal section-text-no-shadow section-inner-no-shadow section-normal section-opaque\"  >\r\n    \r\n    <div class=\"background-overlay grid-overlay-0 \" style=\"background-color: rgba(0,0,0,0);\"><\/div>\r\n\r\n    <div class=\"container container-vertical-default\">\r\n        <div class=\"row vertical-default\">\r\n            <div class=\"col-md-12     text-default small-screen-default\"  ><p class=\"lead text-justify justify  text-normal element-top-20 element-bottom-20\" data-os-animation=\"none\" data-os-animation-delay=\"0s\">Visits by appointment.<br \/>\nContacts: stampa@fapim.it; 0583-2601.<br \/>\nPer prenotazioni: stampa@fapim.it &#8211; 0583-2601.<\/p><\/div>        <\/div>\r\n    <\/div>\r\n<\/section>\r\n<section class=\"section  text-normal section-text-no-shadow section-inner-no-shadow section-normal section-opaque\"  >\r\n    \r\n    <div class=\"background-overlay grid-overlay-0 \" style=\"background-color: rgba(0,0,0,0);\"><\/div>\r\n\r\n    <div class=\"container container-vertical-default\">\r\n        <div class=\"row vertical-default\">\r\n            <div class=\"col-md-12     text-default small-screen-default\"  ><div class=\"divider-wrapper \" style=\"visibility:hidden;background-color:#FFFFFF\">\r\n    <div class=\"visible-xs\" style=\"height:24px;\"><\/div>\r\n    <div class=\"visible-sm\" style=\"height:24px;\"><\/div>\r\n    <div class=\"visible-md\" style=\"height:60px;\"><\/div>\r\n    <div class=\"visible-lg\" style=\"height:60px;\"><\/div>\r\n<\/div><\/div>        <\/div>\r\n    <\/div>\r\n<\/section>\n","protected":false,"raw":"[vc_row][vc_column width=\"1\/1\"][divider md_height=\"60\" lg_height=\"60\"][\/vc_column][\/vc_row][vc_row background_image=\"14442\" background_position_vertical=\"30\" background_image_parallax_end=\"0\"][vc_column width=\"1\/1\"][vc_single_image custom_image_size=\"0\" custom_image_size_crop=\"true\" margin_top=\"250\" margin_bottom=\"250\"][\/vc_column][\/vc_row][vc_row][vc_column width=\"1\/1\"][divider md_height=\"60\" lg_height=\"60\"][\/vc_column][\/vc_row][vc_row][vc_column width=\"1\/1\"][lead align=\"justify\"]Fapim Museum is located at Fapim\u2019s Spianate production plant, via Chimenti 32, Altopascio, Lucca.[\/lead][\/vc_column][\/vc_row][vc_row][vc_column width=\"1\/1\"][map auto_center=\"manual\" center_latlng=\"43.798563, 10.703123\"][\/vc_column][\/vc_row][vc_row][vc_column width=\"1\/1\"][lead align=\"justify\"]Visits by appointment.\r\nContacts: stampa@fapim.it; 0583-2601.\r\nPer prenotazioni: stampa@fapim.it - 0583-2601.[\/lead][\/vc_column][\/vc_row][vc_row][vc_column width=\"1\/1\"][divider md_height=\"60\" lg_height=\"60\"][\/vc_column][\/vc_row]"},"excerpt":{"rendered":"Il Fapim Museum \u00e8 in Via Chimenti n.32, a Spianate di Altopascio (LU). Visitabile gratuitamente su appuntamento, dal luned\u00ec al venerd\u00ec (ore 9.00\/12.00 e 14.00\/17.00), escluso festivi, agosto e periodo dal 20 dicembre al 10 gennaio. Per prenotazioni: stampa@fapim.it - 0583-2601.","protected":false,"raw":""},"author":1,"featured_media":0,"parent":409,"menu_order":94,"comment_status":"closed","ping_status":"closed","template":"","meta":{"_it_post_content":"[vc_row][vc_column width=\"1\/1\"][divider md_height=\"60\" lg_height=\"60\"][\/vc_column][\/vc_row][vc_row background_image=\"14442\" background_position_vertical=\"30\" background_image_parallax_end=\"0\"][vc_column width=\"1\/1\"][vc_single_image custom_image_size=\"0\" custom_image_size_crop=\"true\" margin_top=\"250\" margin_bottom=\"250\"][\/vc_column][\/vc_row][vc_row][vc_column width=\"1\/1\"][divider md_height=\"60\" lg_height=\"60\"][\/vc_column][\/vc_row][vc_row][vc_column width=\"1\/1\"][lead align=\"justify\"]Il Fapim Museum \u00e8 in Via Chimenti n.32, a Spianate di Altopascio (LU).[\/lead][\/vc_column][\/vc_row][vc_row][vc_column width=\"1\/1\"][map auto_center=\"manual\" center_latlng=\"43.798563, 10.703123\"][\/vc_column][\/vc_row][vc_row][vc_column width=\"1\/1\"][lead align=\"justify\"]Visitabile gratuitamente su appuntamento, dal luned\u00ec al venerd\u00ec (ore 9.00\/12.00 e 14.00\/17.00), escluso festivi, agosto e periodo dal 20 dicembre al 10 gennaio.\r\nPer prenotazioni: stampa@fapim.it - 0583-2601.[\/lead][\/vc_column][\/vc_row][vc_row][vc_column width=\"1\/1\"][divider md_height=\"60\" lg_height=\"60\"][\/vc_column][\/vc_row]","_it_post_name":"visite","_it_post_excerpt":"","_it_post_title":"Visite","_en_post_content":"[vc_row][vc_column width=\"1\/1\"][divider md_height=\"60\" lg_height=\"60\"][\/vc_column][\/vc_row][vc_row background_image=\"14442\" background_position_vertical=\"30\" background_image_parallax_end=\"0\"][vc_column width=\"1\/1\"][vc_single_image custom_image_size=\"0\" custom_image_size_crop=\"true\" margin_top=\"250\" margin_bottom=\"250\"][\/vc_column][\/vc_row][vc_row][vc_column width=\"1\/1\"][divider md_height=\"60\" lg_height=\"60\"][\/vc_column][\/vc_row][vc_row][vc_column width=\"1\/1\"][lead align=\"justify\"]Fapim Museum is located at Fapim\u2019s Spianate production plant, via Chimenti 32, Altopascio, Lucca.[\/lead][\/vc_column][\/vc_row][vc_row][vc_column width=\"1\/1\"][map auto_center=\"manual\" center_latlng=\"43.798563, 10.703123\"][\/vc_column][\/vc_row][vc_row][vc_column width=\"1\/1\"][lead align=\"justify\"]Visits by appointment.\r\nContacts: stampa@fapim.it; 0583-2601.\r\nPer prenotazioni: stampa@fapim.it - 0583-2601.[\/lead][\/vc_column][\/vc_row][vc_row][vc_column width=\"1\/1\"][divider md_height=\"60\" lg_height=\"60\"][\/vc_column][\/vc_row]","_en_post_name":"visits","_en_post_excerpt":"","_en_post_title":"Visits","_fr_post_content":"","_fr_post_name":"visite","_fr_post_excerpt":"","_fr_post_title":"Visite","_es_post_content":"[vc_row][vc_column width=\"1\/1\"][divider md_height=\"60\" lg_height=\"60\"][\/vc_column][\/vc_row][vc_row background_image=\"14442\" background_position_vertical=\"30\" background_image_parallax_end=\"0\"][vc_column width=\"1\/1\"][vc_single_image custom_image_size=\"0\" custom_image_size_crop=\"true\" margin_top=\"250\" margin_bottom=\"250\"][\/vc_column][\/vc_row][vc_row][vc_column width=\"1\/1\"][divider md_height=\"60\" lg_height=\"60\"][\/vc_column][\/vc_row][vc_row][vc_column width=\"1\/1\"][lead align=\"justify\"]El Museo l Fapim est\u00e1 ubicado a la Planta de Fapim en Spianate, via Chimenti n.32 Altopascio, Lucca.[\/lead][\/vc_column][\/vc_row][vc_row][vc_column width=\"1\/1\"][map auto_center=\"manual\" center_latlng=\"43.798563, 10.703123\"][\/vc_column][\/vc_row][vc_row][vc_column width=\"1\/1\"][lead align=\"justify\"]Visitabile gratuitamente su appuntamento, dal luned\u00ec al venerd\u00ec (ore 9.00\/12.00 e 14.00\/17.00), escluso festivi, agosto e periodo dal 20 dicembre al 10 gennaio.\r\nPer prenotazioni: stampa@fapim.it - 0583-2601.[\/lead][\/vc_column][\/vc_row][vc_row][vc_column width=\"1\/1\"][divider md_height=\"60\" lg_height=\"60\"][\/vc_column][\/vc_row]","_es_post_name":"visita","_es_post_excerpt":"","_es_post_title":"Visita","_ru_post_content":"[vc_row][vc_column width=\"1\/1\"][divider md_height=\"60\" lg_height=\"60\"][\/vc_column][\/vc_row][vc_row background_image=\"14442\" background_position_vertical=\"30\" background_image_parallax_end=\"0\"][vc_column width=\"1\/1\"][vc_single_image custom_image_size=\"0\" custom_image_size_crop=\"true\" margin_top=\"250\" margin_bottom=\"250\"][\/vc_column][\/vc_row][vc_row][vc_column width=\"1\/1\"][divider md_height=\"60\" lg_height=\"60\"][\/vc_column][\/vc_row][vc_row][vc_column width=\"1\/1\"][lead align=\"justify\"]Il Fapim Museum \u00e8 in Via Chimenti n.32, a Spianate di Altopascio (LU).[\/lead][\/vc_column][\/vc_row][vc_row][vc_column width=\"1\/1\"][map auto_center=\"manual\" center_latlng=\"43.798563, 10.703123\"][\/vc_column][\/vc_row][vc_row][vc_column width=\"1\/1\"][lead align=\"justify\"]Visitabile gratuitamente su appuntamento, dal luned\u00ec al venerd\u00ec (ore 9.00\/12.00 e 14.00\/17.00), escluso festivi, agosto e periodo dal 20 dicembre al 10 gennaio.\r\nPer prenotazioni: stampa@fapim.it - 0583-2601.[\/lead][\/vc_column][\/vc_row][vc_row][vc_column width=\"1\/1\"][divider md_height=\"60\" lg_height=\"60\"][\/vc_column][\/vc_row]","_ru_post_name":"visite","_ru_post_excerpt":"","_ru_post_title":"","_pl_post_content":"[vc_row][vc_column width=\"1\/1\"][divider md_height=\"60\" lg_height=\"60\"][\/vc_column][\/vc_row][vc_row background_image=\"14442\" background_position_vertical=\"30\" background_image_parallax_end=\"0\"][vc_column width=\"1\/1\"][vc_single_image custom_image_size=\"0\" custom_image_size_crop=\"true\" margin_top=\"250\" margin_bottom=\"250\"][\/vc_column][\/vc_row][vc_row][vc_column width=\"1\/1\"][divider md_height=\"60\" lg_height=\"60\"][\/vc_column][\/vc_row][vc_row][vc_column width=\"1\/1\"][lead align=\"justify\"]Il Fapim Museum \u00e8 in Via Chimenti n.32, a Spianate di Altopascio (LU).[\/lead][\/vc_column][\/vc_row][vc_row][vc_column width=\"1\/1\"][map auto_center=\"manual\" center_latlng=\"43.798563, 10.703123\"][\/vc_column][\/vc_row][vc_row][vc_column width=\"1\/1\"][lead align=\"justify\"]Zwiedzanie jest darmowe po um\u00f3wieniu terminu, od poniedzia\u0142ku do pi\u0105tku (w godz. 9.00\/12.00 i 14.00\/17.00), poza dniami \u015bwi\u0105tecznymi, sierpniem i okresem od 20 grudnia do 10 stycznia.\r\nRezerwacje: stampa@fapim.it \u2013 0583-2601[\/lead][\/vc_column][\/vc_row][vc_row][vc_column width=\"1\/1\"][divider md_height=\"60\" lg_height=\"60\"][\/vc_column][\/vc_row]","_pl_post_name":"zwiedzanie","_pl_post_excerpt":"","_pl_post_title":"Zwiedzanie","edit_language":"en","footnotes":""},"class_list":["post-436","page","type-page","status-publish","hentry"],"_links":{"self":[{"href":"https:\/\/www.fapim.it\/en\/wp-json\/wp\/v2\/pages\/436","targetHints":{"allow":["GET"]}}],"collection":[{"href":"https:\/\/www.fapim.it\/en\/wp-json\/wp\/v2\/pages"}],"about":[{"href":"https:\/\/www.fapim.it\/en\/wp-json\/wp\/v2\/types\/page"}],"author":[{"embeddable":true,"href":"https:\/\/www.fapim.it\/en\/wp-json\/wp\/v2\/users\/1"}],"replies":[{"embeddable":true,"href":"https:\/\/www.fapim.it\/en\/wp-json\/wp\/v2\/comments?post=436"}],"version-history":[{"count":2,"href":"https:\/\/www.fapim.it\/en\/wp-json\/wp\/v2\/pages\/436\/revisions"}],"predecessor-version":[{"id":25304,"href":"https:\/\/www.fapim.it\/en\/wp-json\/wp\/v2\/pages\/436\/revisions\/25304"}],"up":[{"embeddable":true,"href":"https:\/\/www.fapim.it\/en\/wp-json\/wp\/v2\/pages\/409"}],"wp:attachment":[{"href":"https:\/\/www.fapim.it\/en\/wp-json\/wp\/v2\/media?parent=436"}],"curies":[{"name":"wp","href":"https:\/\/api.w.org\/{rel}","templated":true}]}}