   {"id":67,"date":"2015-07-30T13:54:41","date_gmt":"2015-07-30T11:54:41","guid":{"rendered":"http:\/\/fapim-2-demo:8888\/services\/"},"modified":"2021-10-13T11:10:26","modified_gmt":"2021-10-13T09:10:26","slug":"we-do","status":"publish","type":"page","link":"https:\/\/www.fapim.it\/en\/we-do\/","title":{"rendered":"WE DO","raw":"WE DO"},"content":{"rendered":"<section class=\"section  text-normal section-text-no-shadow section-inner-no-shadow section-normal section-opaque\"  >\r\n    \r\n    <div class=\"background-overlay grid-overlay-0 \" style=\"background-color: rgba(0,0,0,0);\"><\/div>\r\n\r\n    <div class=\"container container-vertical-default\">\r\n        <div class=\"row vertical-default\">\r\n            <div class=\"col-md-12     text-default small-screen-default\"  ><div class=\"divider-wrapper \" style=\"visibility:hidden;background-color:#FFFFFF\">\r\n    <div class=\"visible-xs\" style=\"height:24px;\"><\/div>\r\n    <div class=\"visible-sm\" style=\"height:24px;\"><\/div>\r\n    <div class=\"visible-md\" style=\"height:60px;\"><\/div>\r\n    <div class=\"visible-lg\" style=\"height:60px;\"><\/div>\r\n<\/div><\/div>        <\/div>\r\n    <\/div>\r\n<\/section>\r\n<section class=\"section  text-normal section-text-no-shadow section-inner-no-shadow section-normal section-opaque\"  >\r\n            <div class=\"background-media\" style=\"background-image: url(&#039;https:\/\/www.fapim.it\/wp-content\/uploads\/2019\/03\/f_vibratori30.jpg&#039;); background-repeat:no-repeat; background-size:cover; background-attachment:no-scroll; background-position: 50% 30%;\" >\r\n                    <\/div>\r\n    \r\n    <div class=\"background-overlay grid-overlay-0 \" style=\"background-color: rgba(0,0,0,0);\"><\/div>\r\n\r\n    <div class=\"container container-vertical-default\">\r\n        <div class=\"row vertical-default\">\r\n            <div class=\"col-md-12     text-default small-screen-default\"  ><div class=\"figure element-top-250 element-bottom-250  \" data-os-animation=\"none\" data-os-animation-delay=\"0s\">\r\n            <span class=\"figure-image\">\r\n                    <\/span>\r\n    <\/div>\r\n<\/div>        <\/div>\r\n    <\/div>\r\n<\/section>\r\n<section class=\"section  text-normal section-text-no-shadow section-inner-no-shadow section-normal section-opaque\"  >\r\n    \r\n    <div class=\"background-overlay grid-overlay-0 \" style=\"background-color: rgba(0,0,0,0);\"><\/div>\r\n\r\n    <div class=\"container container-vertical-default\">\r\n        <div class=\"row vertical-default\">\r\n            <div class=\"col-md-12     text-default small-screen-default\"  ><div class=\"divider-wrapper \" style=\"visibility:hidden;background-color:#FFFFFF\">\r\n    <div class=\"visible-xs\" style=\"height:24px;\"><\/div>\r\n    <div class=\"visible-sm\" style=\"height:24px;\"><\/div>\r\n    <div class=\"visible-md\" style=\"height:60px;\"><\/div>\r\n    <div class=\"visible-lg\" style=\"height:60px;\"><\/div>\r\n<\/div><\/div>        <\/div>\r\n    <\/div>\r\n<\/section>\r\n<section class=\"section  text-normal section-text-no-shadow section-inner-no-shadow section-normal section-opaque\"  >\r\n    \r\n    <div class=\"background-overlay grid-overlay-0 \" style=\"background-color: rgba(0,0,0,0);\"><\/div>\r\n\r\n    <div class=\"container container-vertical-default\">\r\n        <div class=\"row vertical-default\">\r\n            <div class=\"col-md-12     text-default small-screen-default\"  ><p class=\"lead text-justify justify  text-normal element-top-20 element-bottom-20\" data-os-animation=\"none\" data-os-animation-delay=\"0s\">We produce fittings and solutions made in Italy for windows and doors, with high quality features that constitute a point of reference for all industry operators. We offer to the markets of all over the world a catalogue with 18.000 items, in various designs and finishes, as well as all the related services. We have always combined innovation and ease of use, producing growth and development with full respect of both territories and people and placing work ethic as the foundation of excellence. Today more than ever we look forward with the confidence and determination of 40 years of experience.<\/p><\/div>        <\/div>\r\n    <\/div>\r\n<\/section>\r\n<section class=\"section  text-normal section-text-no-shadow section-inner-no-shadow section-normal section-opaque\"  >\r\n    \r\n    <div class=\"background-overlay grid-overlay-0 \" style=\"background-color: rgba(0,0,0,0);\"><\/div>\r\n\r\n    <div class=\"container container-vertical-default\">\r\n        <div class=\"row vertical-default\">\r\n            <div class=\"col-md-12     text-default small-screen-default\"  ><div class=\"divider-wrapper \" style=\"visibility:hidden;background-color:#FFFFFF\">\r\n    <div class=\"visible-xs\" style=\"height:24px;\"><\/div>\r\n    <div class=\"visible-sm\" style=\"height:24px;\"><\/div>\r\n    <div class=\"visible-md\" style=\"height:60px;\"><\/div>\r\n    <div class=\"visible-lg\" style=\"height:60px;\"><\/div>\r\n<\/div><\/div>        <\/div>\r\n    <\/div>\r\n<\/section>\n","protected":false,"raw":"[vc_row][vc_column width=\"1\/1\"][divider md_height=\"60\" lg_height=\"60\"][\/vc_column][\/vc_row][vc_row background_image=\"14820\" background_position_vertical=\"30\" background_image_parallax_end=\"0\"][vc_column width=\"1\/1\"][vc_single_image custom_image_size=\"0\" custom_image_size_crop=\"true\" margin_top=\"250\" margin_bottom=\"250\"][\/vc_column][\/vc_row][vc_row][vc_column width=\"1\/1\"][divider md_height=\"60\" lg_height=\"60\"][\/vc_column][\/vc_row][vc_row][vc_column width=\"1\/1\"][lead align=\"justify\"]We produce fittings and solutions made in Italy for windows and doors, with high quality features that constitute a point of reference for all industry operators. We offer to the markets of all over the world a catalogue with 18.000 items, in various designs and finishes, as well as all the related services. We have always combined innovation and ease of use, producing growth and development with full respect of both territories and people and placing work ethic as the foundation of excellence. Today more than ever we look forward with the confidence and determination of 40 years of experience.[\/lead][\/vc_column][\/vc_row][vc_row][vc_column width=\"1\/1\"][divider md_height=\"60\" lg_height=\"60\"][\/vc_column][\/vc_row]"},"excerpt":{"rendered":"Produciamo soluzioni e accessori made in Italy per serramenti, con caratteristiche di altissima qualit\u00e0 che costituiscono un punto di riferimento sicuro per tutti gli operatori del settore. Proponiamo ai mercati di tutto il mondo un catalogo di 18.000 articoli, nei vari modelli e finiture, oltre a tutti i servizi connessi. Da sempre coniughiamo innovazione e","protected":false,"raw":""},"author":1,"featured_media":0,"parent":0,"menu_order":135,"comment_status":"open","ping_status":"closed","template":"","meta":{"_it_post_content":"[vc_row][vc_column width=\"1\/1\"][divider md_height=\"60\" lg_height=\"60\"][\/vc_column][\/vc_row][vc_row background_image=\"14820\" background_position_vertical=\"30\" background_image_parallax_end=\"0\"][vc_column width=\"1\/1\"][vc_single_image custom_image_size=\"0\" custom_image_size_crop=\"true\" margin_top=\"250\" margin_bottom=\"250\"][\/vc_column][\/vc_row][vc_row][vc_column width=\"1\/1\"][divider md_height=\"60\" lg_height=\"60\"][\/vc_column][\/vc_row][vc_row][vc_column width=\"1\/1\"][lead align=\"justify\"]Produciamo soluzioni e accessori made in Italy per serramenti, con caratteristiche di altissima qualit\u00e0 che costituiscono un punto di riferimento sicuro per tutti gli operatori del settore. Proponiamo ai mercati di tutto il mondo un catalogo di 18.000 articoli, nei vari modelli e finiture, oltre a tutti i servizi connessi. Da sempre coniughiamo innovazione e semplicit\u00e0 d\u2019uso, producendo crescita e sviluppo nel pieno rispetto di territori e persone e ponendo l\u2019etica del lavoro come fondamento di eccellenza. Oggi pi\u00f9 che mai guardiamo avanti con la sicurezza e la determinazione di quarant\u2019anni di esperienza.[\/lead][\/vc_column][\/vc_row][vc_row][vc_column width=\"1\/1\"][divider md_height=\"60\" lg_height=\"60\"][\/vc_column][\/vc_row]","_it_post_name":"noi-facciamo","_it_post_excerpt":"","_it_post_title":"Noi Facciamo","_en_post_content":"[vc_row][vc_column width=\"1\/1\"][divider md_height=\"60\" lg_height=\"60\"][\/vc_column][\/vc_row][vc_row background_image=\"14820\" background_position_vertical=\"30\" background_image_parallax_end=\"0\"][vc_column width=\"1\/1\"][vc_single_image custom_image_size=\"0\" custom_image_size_crop=\"true\" margin_top=\"250\" margin_bottom=\"250\"][\/vc_column][\/vc_row][vc_row][vc_column width=\"1\/1\"][divider md_height=\"60\" lg_height=\"60\"][\/vc_column][\/vc_row][vc_row][vc_column width=\"1\/1\"][lead align=\"justify\"]We produce fittings and solutions made in Italy for windows and doors, with high quality features that constitute a point of reference for all industry operators. We offer to the markets of all over the world a catalogue with 18.000 items, in various designs and finishes, as well as all the related services. We have always combined innovation and ease of use, producing growth and development with full respect of both territories and people and placing work ethic as the foundation of excellence. Today more than ever we look forward with the confidence and determination of 40 years of experience.[\/lead][\/vc_column][\/vc_row][vc_row][vc_column width=\"1\/1\"][divider md_height=\"60\" lg_height=\"60\"][\/vc_column][\/vc_row]","_en_post_name":"we-do","_en_post_excerpt":"","_en_post_title":"WE DO","_fr_post_content":"[vc_row][vc_column width=\"1\/1\"][divider md_height=\"60\" lg_height=\"60\"][\/vc_column][\/vc_row][vc_row background_image=\"14820\" background_position_vertical=\"30\" background_image_parallax_end=\"0\"][vc_column width=\"1\/1\"][vc_single_image custom_image_size=\"0\" custom_image_size_crop=\"true\" margin_top=\"250\" margin_bottom=\"250\"][\/vc_column][\/vc_row][vc_row][vc_column width=\"1\/1\"][divider md_height=\"60\" lg_height=\"60\"][\/vc_column][\/vc_row][vc_row][vc_column width=\"1\/1\"][lead align=\"justify\"]Nous produisons des solutions et accessoires made in Italy pour portes et fen\u00eatres, avec caract\u00e9ristiques de haute qualit\u00e9 qui constituent un point de r\u00e9f\u00e9rence pour tous professionnels du secteur. Nous proposons aux march\u00e9s de tout le monde un catalogue de 20.000 articles, divis\u00e9s en plusieurs mod\u00e8les et finitions, ainsi que les services connexes. Nous combinons toujours l\u2019innovation avec la facilit\u00e9 d\u2019utilise, produisant croissance et d\u00e9veloppement dans le plein respect des territoires et des personnes et mettant l\u2019\u00e9thique du travail comme base de l\u2019excellence.\r\nAujourd\u2019hui plus que jamais, nous regardons au futur avec la confiance et la d\u00e9termination de quarante ans d\u2019exp\u00e9rience.[\/lead][\/vc_column][\/vc_row][vc_row][vc_column width=\"1\/1\"][divider md_height=\"60\" lg_height=\"60\"][\/vc_column][\/vc_row]\r\n\r\n&nbsp;\r\n\r\n&nbsp;","_fr_post_name":"nous-faisons","_fr_post_excerpt":"","_fr_post_title":"Nous faisons","_es_post_content":"","_es_post_name":"nosotros-hacemos","_es_post_excerpt":"","_es_post_title":"Hacemos","_ru_post_content":"[vc_row][vc_column width=\"1\/1\"][divider md_height=\"60\" lg_height=\"60\"][\/vc_column][\/vc_row][vc_row background_image=\"14820\" background_position_vertical=\"30\" background_image_parallax_end=\"0\"][vc_column width=\"1\/1\"][vc_single_image custom_image_size=\"0\" custom_image_size_crop=\"true\" margin_top=\"250\" margin_bottom=\"250\"][\/vc_column][\/vc_row][vc_row][vc_column width=\"1\/1\"][divider md_height=\"60\" lg_height=\"60\"][\/vc_column][\/vc_row][vc_row][vc_column width=\"1\/1\"][lead align=\"justify\"]\u041c\u044b \u043f\u0440\u043e\u0438\u0437\u0432\u043e\u0434\u0438\u043c \u0442\u0435\u0445\u043d\u0438\u0447\u0435\u0441\u043a\u0438\u0435 \u0440\u0435\u0448\u0435\u043d\u0438\u044f \u0438 \u0444\u0443\u0440\u043d\u0438\u0442\u0443\u0440\u0443 made in Italy \u0434\u043b\u044f \u043e\u043a\u043e\u043d\u043d\u044b\u0445 \u0438 \u0434\u0432\u0435\u0440\u043d\u044b\u0445 \u043a\u043e\u043d\u0441\u0442\u0440\u0443\u043a\u0446\u0438\u0439 \u0432\u044b\u0441\u043e\u0447\u0430\u0439\u0448\u0435\u0433\u043e \u043a\u0430\u0447\u0435\u0441\u0442\u0432\u0430, \u0441\u043f\u043e\u0441\u043e\u0431\u043d\u044b\u0445 \u0443\u0434\u043e\u0432\u043b\u0435\u0442\u0432\u043e\u0440\u0438\u0442\u044c \u043b\u044e\u0431\u0443\u044e \u043a\u043e\u043c\u043f\u0430\u043d\u0438\u044e, \u0440\u0430\u0431\u043e\u0442\u0430\u044e\u0449\u0443\u044e \u0432 \u044d\u0442\u043e\u0439 \u043e\u0442\u0440\u0430\u0441\u043b\u0438. \u0412 \u043d\u0430\u0448\u0435\u043c \u043a\u0430\u0442\u0430\u043b\u043e\u0433\u0435 \u043c\u044b \u043f\u0440\u0435\u0434\u043b\u0430\u0433\u0430\u0435\u043c \u043f\u043e \u0432\u0441\u0435\u043c\u0443 \u043c\u0438\u0440\u0443 \u0433\u0430\u043c\u043c\u0443 18.000 \u0430\u0440\u0442\u0438\u043a\u0443\u043b\u043e\u0432, \u0432 \u0440\u0430\u0437\u043d\u044b\u0445 \u043c\u043e\u0434\u0435\u043b\u044f\u0445 \u0438 \u0438\u0441\u043f\u043e\u043b\u043d\u0435\u043d\u0438\u044f\u0445, \u0430 \u0442\u0430\u043a\u0436\u0435 \u0441\u0432\u044f\u0437\u0430\u043d\u043d\u044b\u0435 \u0441 \u043d\u0438\u043c\u0438 \u0443\u0441\u043b\u0443\u0433\u0438. \u041f\u0440\u043e\u0434\u0443\u043a\u0446\u0438\u044f \u0445\u0430\u0440\u0430\u043a\u0442\u0435\u0440\u0438\u0437\u0443\u0435\u0442\u0441\u044f \u0438\u043d\u043d\u043e\u0432\u0430\u0446\u0438\u044f\u043c\u0438 \u0438 \u043f\u0440\u043e\u0441\u0442\u043e\u0442\u043e\u0439 \u0432 \u0438\u0441\u043f\u043e\u043b\u044c\u0437\u043e\u0432\u0430\u043d\u0438\u0438, \u0441\u043f\u043e\u0441\u043e\u0431\u0441\u0442\u0432\u0443\u044f \u0440\u0430\u0437\u0432\u0438\u0442\u0438\u044e \u0438 \u0440\u0430\u0441\u0448\u0438\u0440\u0435\u043d\u0438\u044e \u043d\u0430\u0448\u0435\u0439 \u0444\u0438\u0440\u043c\u044b \u043d\u0430 \u0431\u043b\u0430\u0433\u043e \u0440\u0430\u0431\u043e\u0442\u043d\u0438\u043a\u043e\u0432 \u0438 \u043f\u043e\u0442\u0440\u0435\u0431\u0438\u0442\u0435\u043b\u0435\u0439.\r\n\u0421\u0435\u0433\u043e\u0434\u043d\u044f, \u043a\u0430\u043a \u0438 \u0432\u0441\u0435\u0433\u0434\u0430, \u043c\u044b \u0441 \u0443\u0432\u0435\u0440\u0435\u043d\u043d\u043e\u0441\u0442\u044c\u044e \u0441\u043c\u043e\u0442\u0440\u0438\u043c \u0432 \u0431\u0443\u0434\u0443\u0449\u0435\u0435, \u0438 \u044d\u0442\u0430 \u0443\u0432\u0435\u0440\u0435\u043d\u043d\u043e\u0441\u0442\u044c \u043e\u0441\u043d\u043e\u0432\u0430\u043d\u0430 \u043d\u0430 \u043d\u0430\u0448\u0435\u043c \u0441\u043e\u0440\u043e\u043a\u0430\u043b\u0435\u0442\u043d\u0435\u043c \u043e\u043f\u044b\u0442\u0435 \u0438 \u0438\u0441\u0442\u043e\u0440\u0438\u0438.[\/lead][\/vc_column][\/vc_row][vc_row][vc_column width=\"1\/1\"][divider md_height=\"60\" lg_height=\"60\"][\/vc_column][\/vc_row]","_ru_post_name":"noi-facciamo","_ru_post_excerpt":"","_ru_post_title":"\u041c\u044b \u043f\u0440\u043e\u0438\u0437\u0432\u043e\u0434\u0438\u043c","_pl_post_content":"[vc_row][vc_column width=\"1\/1\"][divider md_height=\"60\" lg_height=\"60\"][\/vc_column][\/vc_row][vc_row background_image=\"14820\" background_position_vertical=\"30\" background_image_parallax_end=\"0\"][vc_column width=\"1\/1\"][vc_single_image custom_image_size=\"0\" custom_image_size_crop=\"true\" margin_top=\"250\" margin_bottom=\"250\"][\/vc_column][\/vc_row][vc_row][vc_column width=\"1\/1\"][divider md_height=\"60\" lg_height=\"60\"][\/vc_column][\/vc_row][vc_row][vc_column width=\"1\/1\"][lead align=\"justify\"]Produkujemy rozwi\u0105zania i akcesoria do stolarki Made in Italy, cechuj\u0105ce si\u0119 najwy\u017csz\u0105 jako\u015bci\u0105 oraz stanowi\u0105ce pewny punkt odniesienia dla wszystkich podmiot\u00f3w dzia\u0142aj\u0105cych w tym sektorze. Oferujemy na rynki ca\u0142ego \u015bwiata katalog zawieraj\u0105cy 18000 artyku\u0142\u00f3w obejmuj\u0105cych r\u00f3\u017cne modele i wyko\u0144czenia oraz ofert\u0119 obejmuj\u0105c\u0105 wszystkie po\u0142\u0105czone z nimi us\u0142ugi. Od zawsze \u0142\u0105czymy innowacyjno\u015b\u0107 i prostot\u0119 u\u017cytkowania, notuj\u0105c wzrost i rozw\u00f3j z pe\u0142nym poszanowaniem ludzi i terytorium, czyni\u0105c z etyki pracy fundament d\u0105\u017cenia do doskona\u0142o\u015bci. Dzi\u015b bardziej ni\u017c kiedykolwiek spogl\u0105damy w przysz\u0142o\u015b\u0107 z pewno\u015bci\u0105 i determinacj\u0105 wynikaj\u0105cymi z czterdziestu lat do\u015bwiadczenia.[\/lead][\/vc_column][\/vc_row][vc_row][vc_column width=\"1\/1\"][divider md_height=\"60\" lg_height=\"60\"][\/vc_column][\/vc_row]","_pl_post_name":"co-robimy","_pl_post_excerpt":"","_pl_post_title":"Co robimy","edit_language":"en","footnotes":""},"class_list":["post-67","page","type-page","status-publish","hentry"],"_links":{"self":[{"href":"https:\/\/www.fapim.it\/en\/wp-json\/wp\/v2\/pages\/67","targetHints":{"allow":["GET"]}}],"collection":[{"href":"https:\/\/www.fapim.it\/en\/wp-json\/wp\/v2\/pages"}],"about":[{"href":"https:\/\/www.fapim.it\/en\/wp-json\/wp\/v2\/types\/page"}],"author":[{"embeddable":true,"href":"https:\/\/www.fapim.it\/en\/wp-json\/wp\/v2\/users\/1"}],"replies":[{"embeddable":true,"href":"https:\/\/www.fapim.it\/en\/wp-json\/wp\/v2\/comments?post=67"}],"version-history":[{"count":2,"href":"https:\/\/www.fapim.it\/en\/wp-json\/wp\/v2\/pages\/67\/revisions"}],"predecessor-version":[{"id":17908,"href":"https:\/\/www.fapim.it\/en\/wp-json\/wp\/v2\/pages\/67\/revisions\/17908"}],"wp:attachment":[{"href":"https:\/\/www.fapim.it\/en\/wp-json\/wp\/v2\/media?parent=67"}],"curies":[{"name":"wp","href":"https:\/\/api.w.org\/{rel}","templated":true}]}}