   {"id":13508,"date":"2019-02-06T10:44:56","date_gmt":"2019-02-06T09:44:56","guid":{"rendered":"http:\/\/testsito.fapim.it\/site\/noi-facciamo\/prodotti-e-progetti\/prodotti\/porte\/florence\/"},"modified":"2025-06-16T10:18:13","modified_gmt":"2025-06-16T08:18:13","slug":"florence","status":"publish","type":"page","link":"https:\/\/www.fapim.it\/es\/florence\/","title":{"rendered":"Florence","raw":"Florence"},"content":{"rendered":"<section class=\"section  text-normal section-text-no-shadow section-inner-no-shadow section-normal section-opaque\"  >\r\n    \r\n    <div class=\"background-overlay grid-overlay-0 \" style=\"background-color: rgba(0,0,0,0);\"><\/div>\r\n\r\n    <div class=\"container container-vertical-default\">\r\n        <div class=\"row vertical-default\">\r\n            <div class=\"col-md-12     text-default small-screen-default\"  ><div class=\"divider-wrapper \" style=\"visibility:visible;background-color:#FFFFFF\">\r\n    <div class=\"visible-xs\" style=\"height:24px;\"><\/div>\r\n    <div class=\"visible-sm\" style=\"height:24px;\"><\/div>\r\n    <div class=\"visible-md\" style=\"height:24px;\"><\/div>\r\n    <div class=\"visible-lg\" style=\"height:24px;\"><\/div>\r\n<\/div><\/div>        <\/div>\r\n    <\/div>\r\n<\/section>\r\n<section class=\"section  text-normal section-text-no-shadow section-inner-no-shadow section-normal section-opaque\"  >\r\n    \r\n    <div class=\"background-overlay grid-overlay-0 \" style=\"background-color: rgba(0,0,0,0);\"><\/div>\r\n\r\n    <div class=\"container container-vertical-default\">\r\n        <div class=\"row vertical-default\">\r\n            <div class=\"col-md-12     text-default small-screen-default\"  ><p class=\"lead text-justify justify  text-normal element-top-20 element-bottom-20\" data-os-animation=\"none\" data-os-animation-delay=\"0s\">Bisagra para puertas de PVC en aluminio fundido a presi\u00f3n con sistema anti robo, disponibles en las versiones de 80 y 105 mm en dos alturas diferentes certificada CE EN 1935:02. Equipada con eje en acero inox rectificado, di\u00e1metro 12 mm casquillo de registraci\u00f3n en Delrin, placa deslizante para la regulaci\u00f3n horizontal de aluminio fundido a presi\u00f3n.<\/p><\/div>        <\/div>\r\n    <\/div>\r\n<\/section>\r\n<section class=\"section  text-normal section-text-no-shadow section-inner-no-shadow section-normal section-opaque\"  >\r\n    \r\n    <div class=\"background-overlay grid-overlay-0 \" style=\"background-color: rgba(0,0,0,0);\"><\/div>\r\n\r\n    <div class=\"container container-vertical-default\">\r\n        <div class=\"row vertical-default\">\r\n            <div class=\"col-md-12     text-default small-screen-default\"  ><div class=\"divider-wrapper \" style=\"visibility:visible;background-color:#FFFFFF\">\r\n    <div class=\"visible-xs\" style=\"height:24px;\"><\/div>\r\n    <div class=\"visible-sm\" style=\"height:24px;\"><\/div>\r\n    <div class=\"visible-md\" style=\"height:24px;\"><\/div>\r\n    <div class=\"visible-lg\" style=\"height:24px;\"><\/div>\r\n<\/div><\/div>        <\/div>\r\n    <\/div>\r\n<\/section>\r\n<section class=\"section  text-normal section-text-no-shadow section-inner-no-shadow section-normal section-opaque\"  >\r\n    \r\n    <div class=\"background-overlay grid-overlay-0 \" style=\"background-color: rgba(0,0,0,0);\"><\/div>\r\n\r\n    <div class=\"container container-vertical-default\">\r\n        <div class=\"row vertical-default\">\r\n            <div class=\"col-md-12     text-default small-screen-default\"  ><div class=\"figure element-top-0 element-bottom-0  \" data-os-animation=\"none\" data-os-animation-delay=\"0s\">\r\n            <span class=\"figure-image\">\r\n        <img loading=\"lazy\" decoding=\"async\" width=\"1240\" height=\"551\" src=\"https:\/\/www.fapim.it\/wp-content\/uploads\/2019\/03\/f_florence80-105-9.jpg\" class=\"attachment-full size-full\" alt=\"\" srcset=\"https:\/\/www.fapim.it\/wp-content\/uploads\/2019\/03\/f_florence80-105-9.jpg 1240w, https:\/\/www.fapim.it\/wp-content\/uploads\/2019\/03\/f_florence80-105-9-300x133.jpg 300w, https:\/\/www.fapim.it\/wp-content\/uploads\/2019\/03\/f_florence80-105-9-768x341.jpg 768w, https:\/\/www.fapim.it\/wp-content\/uploads\/2019\/03\/f_florence80-105-9-1024x455.jpg 1024w\" sizes=\"auto, (max-width: 1240px) 100vw, 1240px\" \/>            <\/span>\r\n    <\/div>\r\n<\/div>        <\/div>\r\n    <\/div>\r\n<\/section>\r\n<section class=\"section  text-normal section-text-no-shadow section-inner-no-shadow section-normal section-opaque\"  >\r\n    \r\n    <div class=\"background-overlay grid-overlay-0 \" style=\"background-color: rgba(0,0,0,0);\"><\/div>\r\n\r\n    <div class=\"container container-vertical-default\">\r\n        <div class=\"row vertical-default\">\r\n            <div class=\"col-md-12     text-default small-screen-default\"  ><div class=\"divider-wrapper \" style=\"visibility:visible;background-color:#FFFFFF\">\r\n    <div class=\"visible-xs\" style=\"height:24px;\"><\/div>\r\n    <div class=\"visible-sm\" style=\"height:24px;\"><\/div>\r\n    <div class=\"visible-md\" style=\"height:24px;\"><\/div>\r\n    <div class=\"visible-lg\" style=\"height:24px;\"><\/div>\r\n<\/div><div class=\"col-text-1 text-normal  element-top-20 element-bottom-20\" data-os-animation=\"none\" data-os-animation-delay=\"0s\">\r\n    <h3>Documentacion disponible<\/h3>\n<\/div>\r\n<documentation slug=\"99c3d44b-141b-4edb-a2d1-d16a1614eb26\" language=\"es\" view=\"list\" class=\"\"><\/documentation><div class=\"divider-wrapper \" style=\"visibility:visible;background-color:#FFFFFF\">\r\n    <div class=\"visible-xs\" style=\"height:24px;\"><\/div>\r\n    <div class=\"visible-sm\" style=\"height:24px;\"><\/div>\r\n    <div class=\"visible-md\" style=\"height:24px;\"><\/div>\r\n    <div class=\"visible-lg\" style=\"height:24px;\"><\/div>\r\n<\/div><\/div>        <\/div>\r\n    <\/div>\r\n<\/section>\r\n<section class=\"section  text-normal section-text-no-shadow section-inner-no-shadow section-normal section-opaque\"  >\r\n    \r\n    <div class=\"background-overlay grid-overlay-0 \" style=\"background-color: rgba(0,0,0,0);\"><\/div>\r\n\r\n    <div class=\"container container-vertical-default\">\r\n        <div class=\"row vertical-default\">\r\n            <div class=\"col-md-12     text-default small-screen-default\"  >[rev_slider_vc alias=&#8221;florence&#8221; title=&#8221;PROYECTOS&#8221;]<\/div>        <\/div>\r\n    <\/div>\r\n<\/section>\r\n<section class=\"section  text-normal section-text-no-shadow section-inner-no-shadow section-normal section-opaque\"  >\r\n    \r\n    <div class=\"background-overlay grid-overlay-0 \" style=\"background-color: rgba(0,0,0,0);\"><\/div>\r\n\r\n    <div class=\"container container-vertical-default\">\r\n        <div class=\"row vertical-default\">\r\n            <div class=\"col-md-12     text-default small-screen-default\"  ><div class=\"divider-wrapper \" style=\"visibility:hidden;background-color:#FFFFFF\">\r\n    <div class=\"visible-xs\" style=\"height:24px;\"><\/div>\r\n    <div class=\"visible-sm\" style=\"height:24px;\"><\/div>\r\n    <div class=\"visible-md\" style=\"height:60px;\"><\/div>\r\n    <div class=\"visible-lg\" style=\"height:60px;\"><\/div>\r\n<\/div><\/div>        <\/div>\r\n    <\/div>\r\n<\/section>\n","protected":false,"raw":"[vc_row][vc_column width=\"1\/1\"][divider visibility=\"visible\"][\/vc_column][\/vc_row][vc_row][vc_column width=\"1\/1\"][lead align=\"justify\"]Bisagra para puertas de PVC en aluminio fundido a presi\u00f3n con sistema anti robo, disponibles en las versiones de 80 y 105 mm en dos alturas diferentes certificada CE EN 1935:02. Equipada con eje en acero inox rectificado, di\u00e1metro 12 mm casquillo de registraci\u00f3n en Delrin, placa deslizante para la regulaci\u00f3n horizontal de aluminio fundido a presi\u00f3n.[\/lead][\/vc_column][\/vc_row][vc_row][vc_column width=\"1\/1\"][divider visibility=\"visible\"][\/vc_column][\/vc_row][vc_row background_image_parallax_end=\"0\"][vc_column width=\"1\/1\"][vc_single_image image=\"15165\" custom_image_size=\"0\" custom_image_size_crop=\"true\" link_type=\"no-link\" margin_top=\"0\" margin_bottom=\"0\"][\/vc_column][\/vc_row][vc_row][vc_column width=\"1\/1\"][divider visibility=\"visible\"][vc_column_text]\r\n<h3>Documentacion disponible<\/h3>\r\n[\/vc_column_text][fpm-documentation slug=\"99c3d44b-141b-4edb-a2d1-d16a1614eb26\" language=\"es\" view=\"list\" class=\"\"][divider visibility=\"visible\"][\/vc_column][\/vc_row][vc_row][vc_column width=\"1\/1\"][rev_slider_vc alias=\"florence\" title=\"PROYECTOS\"][\/vc_column][\/vc_row][vc_row][vc_column width=\"1\/1\"][divider md_height=\"60\" lg_height=\"60\"][\/vc_column][\/vc_row]"},"excerpt":{"rendered":"Cerniera per porte in PVC in alluminio pressofuso con sistema antieffrazione, disponibile nelle versioni da 80 e 105 mm, in due diverse altezze, certificata CE EN 1935:02. Dotata di perno in acciaio inox rettificato diametro 12 mm, boccola di regolazione in Delrin, pattino scorrevole per la regolazione orizzontale in alluminio pressofuso. Documentazione disponibile [rev_slider_vc alias=\"florence\"","protected":false,"raw":""},"author":1,"featured_media":15164,"parent":0,"menu_order":65,"comment_status":"closed","ping_status":"closed","template":"","meta":{"_it_post_content":"[vc_row][vc_column width=\"1\/1\"][divider visibility=\"visible\"][\/vc_column][\/vc_row][vc_row][vc_column width=\"1\/1\"][lead align=\"justify\"]Cerniera per porte in PVC in alluminio pressofuso con sistema antieffrazione, disponibile nelle versioni da 80 e 105 mm, in due diverse altezze, certificata CE EN 1935:02. Dotata di perno in acciaio inox rettificato diametro 12 mm, boccola di regolazione in Delrin, pattino scorrevole per la regolazione orizzontale in alluminio pressofuso.[\/lead][\/vc_column][\/vc_row][vc_row][vc_column width=\"1\/1\"][divider visibility=\"visible\"][\/vc_column][\/vc_row][vc_row background_image_parallax_end=\"0\"][vc_column width=\"1\/1\"][vc_single_image image=\"15165\" custom_image_size=\"0\" custom_image_size_crop=\"true\" link_type=\"no-link\" margin_top=\"0\" margin_bottom=\"0\"][\/vc_column][\/vc_row][vc_row][vc_column width=\"1\/1\"][divider visibility=\"visible\"][vc_column_text]\r\n<h3>Documentazione disponibile<\/h3>\r\n[\/vc_column_text][fpm-documentation slug=\"99c3d44b-141b-4edb-a2d1-d16a1614eb26\" language=\"it\" view=\"list\" class=\"\"][divider visibility=\"visible\"][\/vc_column][\/vc_row][vc_row][vc_column width=\"1\/1\"][rev_slider_vc alias=\"florence\" title=\"PROGETTI\"][\/vc_column][\/vc_row][vc_row][vc_column width=\"1\/1\"][divider md_height=\"60\" lg_height=\"60\"][\/vc_column][\/vc_row]","_it_post_name":"florence","_it_post_excerpt":"","_it_post_title":"Florence","_en_post_content":"[vc_row][vc_column width=\"1\/1\"][divider visibility=\"visible\"][\/vc_column][\/vc_row][vc_row][vc_column width=\"1\/1\"][lead align=\"justify\"]Hinge for PVCu doors in die-cast aluminum with anti-theft device, available in the 80 and 105 mm versions, in two heights and certified CE EN 1935:02. It is equipped with 12 mm diameter rectified stainless steel pin, adjusting bush in Delrin, sliding block for horizontal adjustment in die-cast aluminum.\r\n[\/lead][\/vc_column][\/vc_row][vc_row][vc_column width=\"1\/1\"][divider visibility=\"visible\"][\/vc_column][\/vc_row][vc_row background_image_parallax_end=\"0\"][vc_column width=\"1\/1\"][vc_single_image image=\"15165\" custom_image_size=\"0\" custom_image_size_crop=\"true\" link_type=\"no-link\" margin_top=\"0\" margin_bottom=\"0\"][\/vc_column][\/vc_row][vc_row][vc_column width=\"1\/1\"][divider visibility=\"visible\"][vc_column_text]\r\n<h3>Available documentation<\/h3>\r\n[\/vc_column_text][fpm-documentation slug=\"99c3d44b-141b-4edb-a2d1-d16a1614eb26\" language=\"en\" view=\"list\" class=\"\"][divider visibility=\"visible\"][\/vc_column][\/vc_row][vc_row][vc_column width=\"1\/1\"][rev_slider_vc alias=\"florence\" title=\"PROJECTS\"][\/vc_column][\/vc_row][vc_row][vc_column width=\"1\/1\"][divider md_height=\"60\" lg_height=\"60\"][\/vc_column][\/vc_row]","_en_post_name":"florence","_en_post_excerpt":"","_en_post_title":"Florence","_fr_post_content":"[vc_row][vc_column width=\"1\/1\"][divider visibility=\"visible\"][\/vc_column][\/vc_row][vc_row][vc_column width=\"1\/1\"][lead align=\"justify\"]Paumelle pour portes en PVC en aluminium moul\u00e9 sous pression avec syst\u00e8me antieffraction, disponible dans les versions de 80 e 105mm, en deux diverses hauteurs, certifi\u00e9e EN EN 1935 :02. Equip\u00e9e d\u2019axe en acier inox rectifi\u00e9 diam\u00e8tre 12mm, douille de r\u00e9glage en Delrin, patin de glissement pour le r\u00e9glage en horizontal en aluminium moul\u00e9 sous pression.[\/lead][\/vc_column][\/vc_row][vc_row][vc_column width=\"1\/1\"][divider visibility=\"visible\"][\/vc_column][\/vc_row][vc_row background_image_parallax_end=\"0\"][vc_column width=\"1\/1\"][vc_single_image image=\"15165\" custom_image_size=\"0\" custom_image_size_crop=\"true\" link_type=\"no-link\" margin_top=\"0\" margin_bottom=\"0\"][\/vc_column][\/vc_row][vc_row][vc_column width=\"1\/1\"][divider visibility=\"visible\"][vc_column_text]\r\n<h3>Documentation disponible<\/h3>\r\n[\/vc_column_text][fpm-documentation slug=\"99c3d44b-141b-4edb-a2d1-d16a1614eb26\" language=\"fr\" view=\"list\" class=\"\"][divider visibility=\"visible\"][\/vc_column][\/vc_row][vc_row][vc_column width=\"1\/1\"][rev_slider_vc alias=\"florence\" title=\"PROJECT\"][\/vc_column][\/vc_row][vc_row][vc_column width=\"1\/1\"][divider md_height=\"60\" lg_height=\"60\"][\/vc_column][\/vc_row]","_fr_post_name":"florence","_fr_post_excerpt":"","_fr_post_title":"Florence","_es_post_content":"[vc_row][vc_column width=\"1\/1\"][divider visibility=\"visible\"][\/vc_column][\/vc_row][vc_row][vc_column width=\"1\/1\"][lead align=\"justify\"]Bisagra para puertas de PVC en aluminio fundido a presi\u00f3n con sistema anti robo, disponibles en las versiones de 80 y 105 mm en dos alturas diferentes certificada CE EN 1935:02. Equipada con eje en acero inox rectificado, di\u00e1metro 12 mm casquillo de registraci\u00f3n en Delrin, placa deslizante para la regulaci\u00f3n horizontal de aluminio fundido a presi\u00f3n.[\/lead][\/vc_column][\/vc_row][vc_row][vc_column width=\"1\/1\"][divider visibility=\"visible\"][\/vc_column][\/vc_row][vc_row background_image_parallax_end=\"0\"][vc_column width=\"1\/1\"][vc_single_image image=\"15165\" custom_image_size=\"0\" custom_image_size_crop=\"true\" link_type=\"no-link\" margin_top=\"0\" margin_bottom=\"0\"][\/vc_column][\/vc_row][vc_row][vc_column width=\"1\/1\"][divider visibility=\"visible\"][vc_column_text]\r\n<h3>Documentacion disponible<\/h3>\r\n[\/vc_column_text][fpm-documentation slug=\"99c3d44b-141b-4edb-a2d1-d16a1614eb26\" language=\"es\" view=\"list\" class=\"\"][divider visibility=\"visible\"][\/vc_column][\/vc_row][vc_row][vc_column width=\"1\/1\"][rev_slider_vc alias=\"florence\" title=\"PROYECTOS\"][\/vc_column][\/vc_row][vc_row][vc_column width=\"1\/1\"][divider md_height=\"60\" lg_height=\"60\"][\/vc_column][\/vc_row]","_es_post_name":"florence","_es_post_excerpt":"","_es_post_title":"Florence","_ru_post_content":"[vc_row][vc_column width=\"1\/1\"][divider visibility=\"visible\"][\/vc_column][\/vc_row][vc_row][vc_column width=\"1\/1\"][lead align=\"justify\"]\u0414\u0432\u0435\u0440\u043d\u0430\u044f \u043f\u0435\u0442\u043b\u044f \u0434\u043b\u044f \u0434\u0432\u0435\u0440\u0435\u0439 \u0438\u0437 \u041f\u0412\u0425, \u0432\u044b\u043f\u043e\u043b\u043d\u0435\u043d\u043d\u0430\u044f \u0438\u0437 \u0430\u043b\u044e\u043c\u0438\u043d\u0438\u044f \u043b\u0438\u0442\u044c\u0435\u043c \u043f\u043e\u0434 \u0434\u0430\u0432\u043b\u0435\u043d\u0438\u0435\u043c, \u043e\u0441\u043d\u0430\u0449\u0435\u043d\u043d\u0430\u044f \u0441\u0438\u0441\u0442\u0435\u043c\u043e\u0439 \u043f\u0440\u043e\u0442\u0438\u0432 \u0432\u0437\u043b\u043e\u043c\u0430, \u0438\u043c\u0435\u044e\u0442\u0441\u044f \u0432\u0435\u0440\u0441\u0438\u0438 80 \u0438 105 \u043c\u043c, \u0434\u043b\u044f \u0434\u0432\u0443\u0445 \u0440\u0430\u0437\u043d\u044b\u0445 \u0432\u044b\u0441\u043e\u0442, \u0441\u0435\u0440\u0442\u0438\u0444\u0438\u043a\u0430\u0442 CE EN 1935:02. \u041f\u0435\u0442\u043b\u044f \u043e\u0441\u043d\u0430\u0449\u0435\u043d\u0430 \u043e\u0441\u044c\u044e \u0438\u0437 \u0448\u043b\u0438\u0444\u043e\u0432\u0430\u043d\u043d\u043e\u0439 \u043d\u0435\u0440\u0436\u0430\u0432\u0435\u044e\u0449\u0435\u0439 \u0441\u0442\u0430\u043b\u0438 \u0434\u0438\u0430\u043c\u0435\u0442\u0440\u043e\u043c 12 \u043c\u043c, \u0440\u0435\u0433\u0443\u043b\u0438\u0440\u043e\u0432\u043e\u0447\u043d\u043e\u0439 \u0432\u0442\u0443\u043b\u043a\u043e\u0439 \u0438\u0437 \u043c\u0430\u0442\u0435\u0440\u0438\u0430\u043b\u0430 Delrin, \u043f\u043e\u0434\u0432\u0438\u0436\u043d\u043e\u0439 \u043a\u043e\u043b\u043e\u0434\u043a\u043e\u0439 \u0434\u043b\u044f \u0433\u043e\u0440\u0438\u0437\u043e\u043d\u0442\u0430\u043b\u044c\u043d\u043e\u0439 \u0440\u0435\u0433\u0443\u043b\u0438\u0440\u043e\u0432\u043a\u0438, \u0432\u044b\u043f\u043e\u043b\u043d\u0435\u043d\u043d\u043e\u0439 \u0438\u0437 \u0430\u043b\u044e\u043c\u0438\u043d\u0438\u044f \u043b\u0438\u0442\u044c\u0435\u043c \u043f\u043e\u0434 \u0434\u0430\u0432\u043b\u0435\u043d\u0438\u0435\u043c.[\/lead][\/vc_column][\/vc_row][vc_row][vc_column width=\"1\/1\"][divider visibility=\"visible\"][\/vc_column][\/vc_row][vc_row background_image_parallax_end=\"0\"][vc_column width=\"1\/1\"][vc_single_image image=\"15165\" custom_image_size=\"0\" custom_image_size_crop=\"true\" link_type=\"no-link\" margin_top=\"0\" margin_bottom=\"0\"][\/vc_column][\/vc_row][vc_row][vc_column width=\"1\/1\"][divider visibility=\"visible\"][vc_column_text]\r\n<h3>\u0434\u043e\u0441\u0442\u0443\u043f\u043d\u0430\u044f \u0434\u043e\u043a\u0443\u043c\u0435\u043d\u0442\u0430\u0446\u0438\u044f<\/h3>\r\n[\/vc_column_text][fpm-documentation slug=\"99c3d44b-141b-4edb-a2d1-d16a1614eb26\" language=\"ru\" view=\"list\" class=\"\"][divider visibility=\"visible\"][\/vc_column][\/vc_row][vc_row][vc_column width=\"1\/1\"][rev_slider_vc alias=\"florence\" title=\"\u041f\u0420\u041e\u0415\u041a\u0422\u042b\"][\/vc_column][\/vc_row][vc_row][vc_column width=\"1\/1\"][divider md_height=\"60\" lg_height=\"60\"][\/vc_column][\/vc_row]","_ru_post_name":"florence","_ru_post_excerpt":"","_ru_post_title":"Florence","_pl_post_content":"[vc_row][vc_column width=\"1\/1\"][divider visibility=\"visible\"][\/vc_column][\/vc_row][vc_row][vc_column width=\"1\/1\"][lead align=\"justify\"]Zawias z odlewanego ci\u015bnieniowo aluminium z systemem antyw\u0142amaniowym przeznaczony do drzwi z PVC, dost\u0119pny w wersjach 80 i 105 mm w dw\u00f3ch r\u00f3\u017cnych wysoko\u015bciach, posiada certyfikat CE EN 1935:02. Wyposa\u017cony w trzpie\u0144 ze stali nierdzewnej o \u015brednicy 12 mm, tulej\u0119 regulacyjn\u0105 z Delrinu, suwak do regulacji poziomej z odlewanego ci\u015bnieniowo aluminium.[\/lead][\/vc_column][\/vc_row][vc_row][vc_column width=\"1\/1\"][divider visibility=\"visible\"][\/vc_column][\/vc_row][vc_row background_image_parallax_end=\"0\"][vc_column width=\"1\/1\"][vc_single_image image=\"15165\" custom_image_size=\"0\" custom_image_size_crop=\"true\" margin_top=\"0\" margin_bottom=\"0\"][\/vc_column][\/vc_row][vc_row][vc_column width=\"1\/1\"][divider visibility=\"visible\"][vc_column_text]\r\n<h3>DOST\u0118PNA DOKUMENTACJA<\/h3>\r\n[\/vc_column_text][fpm-documentation slug=\"99c3d44b-141b-4edb-a2d1-d16a1614eb26\" language=\"en\" view=\"list\" class=\"\"][divider visibility=\"visible\"][\/vc_column][\/vc_row][vc_row][vc_column width=\"1\/1\"][rev_slider_vc alias=\"florence\" title=\"PROGETTI\"][\/vc_column][\/vc_row][vc_row][vc_column width=\"1\/1\"][divider md_height=\"60\" lg_height=\"60\"][\/vc_column][\/vc_row]","_pl_post_name":"florence","_pl_post_excerpt":"","_pl_post_title":"Florence","edit_language":"es","footnotes":""},"class_list":["post-13508","page","type-page","status-publish","has-post-thumbnail","hentry"],"_links":{"self":[{"href":"https:\/\/www.fapim.it\/es\/wp-json\/wp\/v2\/pages\/13508","targetHints":{"allow":["GET"]}}],"collection":[{"href":"https:\/\/www.fapim.it\/es\/wp-json\/wp\/v2\/pages"}],"about":[{"href":"https:\/\/www.fapim.it\/es\/wp-json\/wp\/v2\/types\/page"}],"author":[{"embeddable":true,"href":"https:\/\/www.fapim.it\/es\/wp-json\/wp\/v2\/users\/1"}],"replies":[{"embeddable":true,"href":"https:\/\/www.fapim.it\/es\/wp-json\/wp\/v2\/comments?post=13508"}],"version-history":[{"count":5,"href":"https:\/\/www.fapim.it\/es\/wp-json\/wp\/v2\/pages\/13508\/revisions"}],"predecessor-version":[{"id":26718,"href":"https:\/\/www.fapim.it\/es\/wp-json\/wp\/v2\/pages\/13508\/revisions\/26718"}],"wp:featuredmedia":[{"embeddable":true,"href":"https:\/\/www.fapim.it\/es\/wp-json\/wp\/v2\/media\/15164"}],"wp:attachment":[{"href":"https:\/\/www.fapim.it\/es\/wp-json\/wp\/v2\/media?parent=13508"}],"curies":[{"name":"wp","href":"https:\/\/api.w.org\/{rel}","templated":true}]}}