   {"id":13577,"date":"2019-02-07T11:18:31","date_gmt":"2019-02-07T10:18:31","guid":{"rendered":"http:\/\/testsito.fapim.it\/site\/noi-facciamo\/qualita-e-certificazioni\/certificazioni-di-prodotto\/tutti-i-prodotti\/"},"modified":"2025-06-16T10:00:57","modified_gmt":"2025-06-16T08:00:57","slug":"todos-los-productos","status":"publish","type":"page","link":"https:\/\/www.fapim.it\/es\/nosotros-hacemos\/calidad-y-certificaciones-2\/todos-los-productos\/","title":{"rendered":"Todos los productos","raw":"Todos los productos"},"content":{"rendered":"<section class=\"section  text-normal section-text-no-shadow section-inner-no-shadow section-normal section-opaque\"  >\r\n    \r\n    <div class=\"background-overlay grid-overlay-0 \" style=\"background-color: rgba(0,0,0,0);\"><\/div>\r\n\r\n    <div class=\"container container-vertical-default\">\r\n        <div class=\"row vertical-default\">\r\n            <div class=\"col-md-12     text-left small-screen-center os-animation\" data-os-animation=\"fadeIn\" data-os-animation-delay=\"0s\" ><h1 class=\"text-left  element-top-24 element-bottom-20 text-normal normal regular\" data-os-animation=\"none\" data-os-animation-delay=\"0s\" >\r\nPolitecnico Kiev<\/h1>\r\n<\/div>        <\/div>\r\n    <\/div>\r\n<\/section>\r\n<section class=\"section  text-normal section-text-no-shadow section-inner-no-shadow section-normal section-opaque\"  >\r\n    \r\n    <div class=\"background-overlay grid-overlay-0 \" style=\"background-color: rgba(0,0,0,0);\"><\/div>\r\n\r\n    <div class=\"container container-vertical-default\">\r\n        <div class=\"row vertical-default\">\r\n            <div class=\"col-md-6     text-default small-screen-default\"  ><p class=\"lead text-justify justify  text-normal element-top-20 element-bottom-20\" data-os-animation=\"none\" data-os-animation-delay=\"0s\">Desde hace m\u00e1s de 20 a\u00f1os ensayamos y certificamos nuestros productos en la Universidad Polit\u00e9cnica de Kiev, en Ucrania, con el objetivo de verificar su calidad, tanto desde el punto de vista de los materiales utilizados como de su funcionamiento. Las distintas l\u00edneas de productos han pasado las pruebas del instituto ucraniano; Tras visitas de inspecci\u00f3n a la empresa destinadas a verificar la conformidad tanto del sistema de gesti\u00f3n de calidad como del plan de fabricaci\u00f3n y control, el organismo ha emitido &#8211; y contin\u00faa emitiendo &#8211; la certificaci\u00f3n de todos los productos fabricados por Fapim . Las pruebas, realizadas seg\u00fan la normativa vigente en Ucrania, incluyen pruebas est\u00e1ticas y de durabilidad de productos acabados, pruebas de caracterizaci\u00f3n mec\u00e1nica de materiales y pruebas de resistencia en c\u00e1mara de niebla salina.<\/p><\/div><div class=\"col-md-6     text-center small-screen-default\"  ><div class=\"figure element-top-20 element-bottom-20  \" data-os-animation=\"none\" data-os-animation-delay=\"0s\">\r\n            <span class=\"figure-image\">\r\n        <img loading=\"lazy\" decoding=\"async\" width=\"400\" height=\"400\" src=\"https:\/\/www.fapim.it\/wp-content\/uploads\/2025\/06\/CERT-KIEV-2.jpg\" class=\"attachment-full size-full\" alt=\"\" srcset=\"https:\/\/www.fapim.it\/wp-content\/uploads\/2025\/06\/CERT-KIEV-2.jpg 400w, https:\/\/www.fapim.it\/wp-content\/uploads\/2025\/06\/CERT-KIEV-2-300x300.jpg 300w, https:\/\/www.fapim.it\/wp-content\/uploads\/2025\/06\/CERT-KIEV-2-150x150.jpg 150w\" sizes=\"auto, (max-width: 400px) 100vw, 400px\" \/>            <\/span>\r\n    <\/div>\r\n<\/div>        <\/div>\r\n    <\/div>\r\n<\/section>\r\n<section class=\"section  text-normal section-text-no-shadow section-inner-no-shadow section-normal section-opaque\"  >\r\n    \r\n    <div class=\"background-overlay grid-overlay-0 \" style=\"background-color: rgba(0,0,0,0);\"><\/div>\r\n\r\n    <div class=\"container container-vertical-default\">\r\n        <div class=\"row vertical-default\">\r\n            <div class=\"col-md-12     text-default small-screen-default\"  ><div class=\"divider-wrapper \" style=\"visibility:hidden;background-color:#FFFFFF\">\r\n    <div class=\"visible-xs\" style=\"height:24px;\"><\/div>\r\n    <div class=\"visible-sm\" style=\"height:24px;\"><\/div>\r\n    <div class=\"visible-md\" style=\"height:24px;\"><\/div>\r\n    <div class=\"visible-lg\" style=\"height:24px;\"><\/div>\r\n<\/div><\/div>        <\/div>\r\n    <\/div>\r\n<\/section>\n","protected":false,"raw":"[vc_row background_image_attachment=\"fixed\"][vc_column align=\"left\" align_sm=\"center\" scroll_animation=\"fadeIn\" width=\"1\/1\"][heading margin_top=\"24\"]Politecnico Kiev[\/heading][\/vc_column][\/vc_row][vc_row][vc_column width=\"1\/2\"][lead align=\"justify\"]Desde hace m\u00e1s de 20 a\u00f1os ensayamos y certificamos nuestros productos en la Universidad Polit\u00e9cnica de Kiev, en Ucrania, con el objetivo de verificar su calidad, tanto desde el punto de vista de los materiales utilizados como de su funcionamiento. Las distintas l\u00edneas de productos han pasado las pruebas del instituto ucraniano; Tras visitas de inspecci\u00f3n a la empresa destinadas a verificar la conformidad tanto del sistema de gesti\u00f3n de calidad como del plan de fabricaci\u00f3n y control, el organismo ha emitido - y contin\u00faa emitiendo - la certificaci\u00f3n de todos los productos fabricados por Fapim . Las pruebas, realizadas seg\u00fan la normativa vigente en Ucrania, incluyen pruebas est\u00e1ticas y de durabilidad de productos acabados, pruebas de caracterizaci\u00f3n mec\u00e1nica de materiales y pruebas de resistencia en c\u00e1mara de niebla salina.[\/lead][\/vc_column][vc_column align=\"center\" width=\"1\/2\"][vc_single_image image=\"26313\" link_type=\"no-link\"][\/vc_column][\/vc_row][vc_row][vc_column width=\"1\/1\"][divider][\/vc_column][\/vc_row]"},"excerpt":{"rendered":"Politecnico Kiev Da oltre 20 anni testiamo e certifichiamo i nostri prodotti presso il Politecnico di Kiev, in Ucraina, tendenti a verificarne la qualit\u00e0, sia dal punto di vista dei materiali usati che del funzionamento. Le varie linee di prodotto hanno superato i test e l\u2019istituto ucraino; dopo visite ispettive in azienda tendenti a verificare","protected":false,"raw":""},"author":1,"featured_media":16402,"parent":25593,"menu_order":16,"comment_status":"closed","ping_status":"closed","template":"","meta":{"_it_post_content":"[vc_row background_image_attachment=\"fixed\"][vc_column align=\"left\" align_sm=\"center\" scroll_animation=\"fadeIn\" width=\"1\/1\"][heading margin_top=\"24\"]Politecnico Kiev[\/heading][\/vc_column][\/vc_row][vc_row][vc_column width=\"1\/2\"][lead align=\"justify\"]Da oltre 20 anni testiamo e certifichiamo i nostri prodotti presso il Politecnico di Kiev, in Ucraina, tendenti a verificarne la qualit\u00e0, sia dal punto di vista dei materiali usati che del funzionamento. Le varie linee di prodotto hanno superato i test e l\u2019istituto ucraino; dopo visite ispettive in azienda tendenti a verificare la conformit\u00e0 sia del sistema di gestione per la qualit\u00e0 sia del piano di fabbricazione e controllo, l\u2019ente ha rilasciato \u2013 e continua a farlo - la certificazione di tutti i prodotti realizzati da Fapim. Le prove, condotte secondo le normative vigenti in Ucraina, prevedono test statici e di durabilit\u00e0 sui prodotti finiti, test di caratterizzazione meccanica dei materiali e test di resistenza in camera a nebbia salina. [\/lead][\/vc_column][vc_column align=\"center\" width=\"1\/2\"][vc_single_image image=\"26313\" link_type=\"no-link\"][\/vc_column][\/vc_row][vc_row][vc_column width=\"1\/1\"][divider][\/vc_column][\/vc_row]","_it_post_name":"tutti-i-prodotti","_it_post_excerpt":"","_it_post_title":"Tutti i prodotti","_en_post_content":"[vc_row background_image_attachment=\"fixed\"][vc_column align=\"left\" align_sm=\"center\" scroll_animation=\"fadeIn\" width=\"1\/1\"][heading margin_top=\"24\"]Polytechnique de Kiev[\/heading][\/vc_column][\/vc_row][vc_row][vc_column width=\"1\/2\"][lead align=\"justify\"]For over 20 years we have been testing and certifying our products at the Kiev Polytechnic in Ukraine, aiming to verify their quality, both in terms of the materials used and their functioning. The various product ranges have passed the tests and the Ukrainian institute; after inspection visits to the company aiming to verify the conformity of both the quality management system and the manufacturing and control plan, this institute has issued - and continues to do so - the certification of all the products made by Fapim . The tests, conducted according to the regulations in force in Ukraine, include static and durability tests on finished products, mechanical characterization tests on materials and resistance tests in a salt spray chamber.\r\n[\/lead][\/vc_column][vc_column align=\"center\" width=\"1\/2\"][vc_single_image image=\"26313\" link_type=\"no-link\"][\/vc_column][\/vc_row][vc_row][vc_column width=\"1\/1\"][divider][\/vc_column][\/vc_row]","_en_post_name":"all-products","_en_post_excerpt":"","_en_post_title":"All products","_fr_post_content":"[vc_row background_image_attachment=\"fixed\"][vc_column align=\"left\" align_sm=\"center\" scroll_animation=\"fadeIn\" width=\"1\/1\"][heading margin_top=\"24\"]Polytechnique de Kiev[\/heading][\/vc_column][\/vc_row][vc_row][vc_column width=\"1\/2\"][lead align=\"justify\"]Depuis plus de 20 ans, nous testons et certifions nos produits \u00e0 l'Universit\u00e9 Polytechnique de Kiev, en Ukraine, dans le but de v\u00e9rifier leur qualit\u00e9, tant du point de vue des mat\u00e9riaux utilis\u00e9s que de leur fonctionnement. Les diff\u00e9rentes gammes de produits ont pass\u00e9 avec succ\u00e8s les tests de l'institut ukrainien ; apr\u00e8s des visites d'inspection dans l'entreprise visant \u00e0 v\u00e9rifier la conformit\u00e9 du syst\u00e8me de gestion de la qualit\u00e9 et du plan de fabrication et de contr\u00f4le, l'organisme a d\u00e9livr\u00e9 - et continue de le faire - la certification de tous les produits fabriqu\u00e9s par Fapim . Les tests, r\u00e9alis\u00e9s selon la r\u00e9glementation en vigueur en Ukraine, comprennent des tests statiques et de durabilit\u00e9 sur produits finis, des tests de caract\u00e9risation m\u00e9canique des mat\u00e9riaux et des tests de r\u00e9sistance en chambre \u00e0 brouillard salin.[\/lead][\/vc_column][vc_column align=\"center\" width=\"1\/2\"][vc_single_image image=\"26313\" link_type=\"no-link\"][\/vc_column][\/vc_row][vc_row][vc_column width=\"1\/1\"][divider][\/vc_column][\/vc_row]","_fr_post_name":"tous-les-produits","_fr_post_excerpt":"","_fr_post_title":"Tous les produits","_es_post_content":"[vc_row background_image_attachment=\"fixed\"][vc_column align=\"left\" align_sm=\"center\" scroll_animation=\"fadeIn\" width=\"1\/1\"][heading margin_top=\"24\"]Politecnico Kiev[\/heading][\/vc_column][\/vc_row][vc_row][vc_column width=\"1\/2\"][lead align=\"justify\"]Desde hace m\u00e1s de 20 a\u00f1os ensayamos y certificamos nuestros productos en la Universidad Polit\u00e9cnica de Kiev, en Ucrania, con el objetivo de verificar su calidad, tanto desde el punto de vista de los materiales utilizados como de su funcionamiento. Las distintas l\u00edneas de productos han pasado las pruebas del instituto ucraniano; Tras visitas de inspecci\u00f3n a la empresa destinadas a verificar la conformidad tanto del sistema de gesti\u00f3n de calidad como del plan de fabricaci\u00f3n y control, el organismo ha emitido - y contin\u00faa emitiendo - la certificaci\u00f3n de todos los productos fabricados por Fapim . Las pruebas, realizadas seg\u00fan la normativa vigente en Ucrania, incluyen pruebas est\u00e1ticas y de durabilidad de productos acabados, pruebas de caracterizaci\u00f3n mec\u00e1nica de materiales y pruebas de resistencia en c\u00e1mara de niebla salina.[\/lead][\/vc_column][vc_column align=\"center\" width=\"1\/2\"][vc_single_image image=\"26313\" link_type=\"no-link\"][\/vc_column][\/vc_row][vc_row][vc_column width=\"1\/1\"][divider][\/vc_column][\/vc_row]","_es_post_name":"todos-los-productos","_es_post_excerpt":"","_es_post_title":"Todos los productos","_ru_post_content":"[vc_row background_image_attachment=\"fixed\"][vc_column align=\"left\" align_sm=\"center\" scroll_animation=\"fadeIn\" width=\"1\/1\"][heading margin_top=\"24\"]\u041a\u0438\u0435\u0432\u0441\u043a\u0438\u0439 \u041f\u043e\u043b\u0438\u0442\u0435\u0445\u043d\u0438\u0447\u0435\u0441\u043a\u0438\u0439 \u0418\u043d\u0441\u0442\u0438\u0442\u0443\u0442 [\/heading][\/vc_column][\/vc_row][vc_row][vc_column width=\"1\/2\"][lead align=\"justify\"]\u0412 2004 \u0433\u043e\u0434\u0443 \u043d\u0430\u0448\u0430 \u043f\u0440\u043e\u0434\u0443\u043a\u0446\u0438\u044f \u0431\u044b\u043b\u0430 \u043f\u0440\u043e\u0442\u0435\u0441\u0442\u0438\u0440\u043e\u0432\u0430\u043d\u0430 \u0432 \u041a\u0438\u0435\u0432\u0441\u043a\u043e\u043c \u041f\u043e\u043b\u0438\u0442\u0435\u0445\u043d\u0438\u0447\u0435\u0441\u043a\u043e\u043c \u0418\u043d\u0441\u0442\u0438\u0442\u0443\u0442\u0435 (\u0423\u043a\u0440\u0430\u0438\u043d\u0430). \u0426\u0435\u043b\u044c\u044e \u0442\u0435\u0441\u0442\u043e\u0432 \u0431\u044b\u043b\u0430 \u043f\u0440\u043e\u0432\u0435\u0440\u043a\u0430 \u043a\u043e\u043c\u043f\u043e\u043d\u0435\u043d\u0442\u043e\u0432 \u043a\u0430\u043a \u0441 \u0442\u043e\u0447\u043a\u0438 \u0437\u0440\u0435\u043d\u0438\u044f \u043f\u0440\u0438\u043c\u0435\u043d\u044f\u0435\u043c\u044b\u0445 \u043c\u0430\u0442\u0435\u0440\u0438\u0430\u043b\u043e\u0432, \u0442\u0430\u043a \u0438 \u0441 \u0442\u043e\u0447\u043a\u0438 \u0437\u0440\u0435\u043d\u0438\u044f \u0444\u0443\u043d\u043a\u0446\u0438\u043e\u043d\u0438\u0440\u043e\u0432\u0430\u043d\u0438\u044f. \u041d\u0430\u0448\u0430 \u043f\u0440\u043e\u0434\u0443\u043a\u0446\u0438\u044f \u0431\u044b\u043b\u0430 \u043f\u0440\u043e\u0442\u0435\u0441\u0442\u0438\u0440\u043e\u0432\u0430\u043d\u0430 \u0432 \u0443\u043a\u0440\u0430\u0438\u043d\u0441\u043a\u043e\u043c \u0418\u043d\u0441\u0442\u0438\u0442\u0443\u0442\u0435, \u0430 \u043f\u0440\u0435\u0434\u0441\u0442\u0430\u0432\u0438\u0442\u0435\u043b\u0438 \u0418\u043d\u0441\u0442\u0438\u0442\u0443\u0442\u0430 \u043f\u043e\u0441\u0435\u0442\u0438\u043b\u0438 \u043d\u0430\u0448\u0438 \u0437\u0430\u0432\u043e\u0434\u044b \u0434\u043b\u044f \u043f\u0440\u043e\u0432\u0435\u0440\u043a\u0438 \u0441\u043e\u043e\u0442\u0432\u0435\u0442\u0441\u0442\u0432\u0438\u044f \u0442\u0440\u0435\u0431\u043e\u0432\u0430\u043d\u0438\u044f\u043c \u0441\u0438\u0441\u0442\u0435\u043c\u044b \u043a\u043e\u043d\u0442\u0440\u043e\u043b\u044f \u043a\u0430\u0447\u0435\u0441\u0442\u0432\u0430 \u0438 \u043f\u0440\u043e\u0438\u0437\u0432\u043e\u0434\u0441\u0442\u0432\u0430. \u0420\u0435\u0437\u0443\u043b\u044c\u0442\u0430\u0442\u043e\u043c \u044d\u0442\u043e\u0433\u043e \u0441\u0442\u0430\u043b\u0430 \u0432\u044b\u0434\u0430\u0447\u0430 \u0441\u0435\u0440\u0442\u0438\u0444\u0438\u043a\u0430\u0442\u043e\u0432 \u043d\u0430 \u0432\u0441\u044e \u043f\u0440\u043e\u0434\u0443\u043a\u0446\u0438\u044e \u0444\u0438\u0440\u043c\u044b Fapim. \u0422\u0435\u0441\u0442\u044b, \u043a\u043e\u0442\u043e\u0440\u044b\u0435 \u0431\u044b\u043b\u0438 \u043f\u0440\u043e\u0438\u0437\u0432\u0435\u0434\u0435\u043d\u044b \u0432 \u0441\u043e\u043e\u0442\u0432\u0435\u0442\u0441\u0442\u0432\u0438\u0438 \u0441 \u0434\u0435\u0439\u0441\u0442\u0432\u0443\u044e\u0449\u0438\u043c\u0438 \u0432 \u0423\u043a\u0440\u0430\u0438\u043d\u0435 \u0442\u0440\u0435\u0431\u043e\u0432\u0430\u043d\u0438\u044f\u043c\u0438, \u0437\u0430\u043a\u043b\u044e\u0447\u0430\u043b\u0438\u0441\u044c \u0432 \u0441\u0442\u0430\u0442\u0438\u0447\u0435\u0441\u043a\u043e\u043c \u0442\u0435\u0441\u0442\u0438\u0440\u043e\u0432\u0430\u043d\u0438\u0438, \u043f\u0440\u043e\u0432\u0435\u0440\u043a\u0435 \u0438\u0437\u043d\u043e\u0441\u043e\u0441\u0442\u043e\u0439\u043a\u043e\u0441\u0442\u0438 \u0433\u043e\u0442\u043e\u0432\u044b\u0445 \u0438\u0437\u0434\u0435\u043b\u0438\u0439, \u043c\u0435\u0445\u0430\u043d\u0438\u0447\u0435\u0441\u043a\u043e\u043c \u0442\u0435\u0441\u0442\u0438\u0440\u043e\u0432\u0430\u043d\u0438\u0438 \u043c\u0430\u0442\u0435\u0440\u0438\u0430\u043b\u043e\u0432 \u0438 \u0438\u0441\u043f\u044b\u0442\u0430\u043d\u0438\u0438 \u043d\u0430 \u0441\u0442\u043e\u0439\u043a\u043e\u0441\u0442\u044c \u043a \u043a\u043e\u0440\u0440\u043e\u0437\u0438\u0438 \u0432 \u043a\u0430\u043c\u0435\u0440\u0435 \u0441 \u0441\u043e\u043b\u0435\u0432\u044b\u043c \u0442\u0443\u043c\u0430\u043d\u043e\u043c. \u041d\u043e\u0440\u043c\u044b \u0438\u043d\u0441\u0442\u0438\u0442\u0443\u0442\u0430 \u043f\u0440\u0435\u0434\u0443\u0441\u043c\u0430\u0442\u0440\u0438\u0432\u0430\u044e\u0442 \u043f\u0435\u0440\u0438\u043e\u0434\u0438\u0447\u0435\u0441\u043a\u0443\u044e \u043f\u0440\u043e\u0432\u0435\u0440\u043a\u0443 \u043f\u0440\u043e\u0434\u0443\u043a\u0446\u0438\u0438 \u0438 \u0435\u0436\u0435\u0433\u043e\u0434\u043d\u044b\u0435 \u043f\u043e\u0441\u0435\u0449\u0435\u043d\u0438\u044f \u043f\u0440\u0435\u0434\u0441\u0442\u0430\u0432\u0438\u0442\u0435\u043b\u044f\u043c\u0438 \u0438\u043d\u0441\u0442\u0438\u0442\u0443\u0442\u0430 \u0437\u0430\u0432\u043e\u0434\u043e\u0432 \u0434\u043b\u044f \u043f\u0440\u043e\u0432\u0435\u0440\u043a\u0438 \u0438\u0445 \u0441\u043e\u043e\u0442\u0432\u0435\u0442\u0441\u0442\u0432\u0438\u044f \u0443\u043a\u0440\u0430\u0438\u043d\u0441\u043a\u0438\u043c \u0441\u0442\u0430\u043d\u0434\u0430\u0440\u0442\u0430\u043c, \u0430 \u0442\u0430\u043a\u0436\u0435 \u044d\u0444\u0444\u0435\u043a\u0442\u0438\u0432\u043d\u043e\u0441\u0442\u0438 \u0443\u043f\u0440\u0430\u0432\u043b\u0435\u043d\u0438\u044f \u0438 \u043f\u0440\u043e\u0446\u0435\u0441\u0441\u043e\u0432. \u0412 2009 \u0433. \u0432\u0441\u0435 \u0441\u0435\u0440\u0442\u0438\u0444\u0438\u043a\u0430\u0442\u044b \u0431\u044b\u043b\u0438 \u043e\u0431\u043d\u043e\u0432\u043b\u0435\u043d\u044b \u0438 \u0440\u0430\u0441\u043f\u0440\u043e\u0441\u0442\u0440\u0430\u043d\u0435\u043d\u044b \u043d\u0430 \u0432\u0441\u0435 \u043d\u043e\u0432\u044b\u0435 \u0438\u0437\u0434\u0435\u043b\u0438\u044f \u0432 \u0441\u043e\u043e\u0442\u0432\u0435\u0442\u0441\u0442\u0432\u0438\u0438 \u0441 \u0434\u0435\u0439\u0441\u0442\u0432\u0443\u044e\u0449\u0438\u043c\u0438 \u043d\u043e\u0440\u043c\u0430\u0442\u0438\u0432\u0430\u043c\u0438.[\/lead][\/vc_column][vc_column align=\"center\" width=\"1\/2\"][vc_single_image image=\"26313\" link_type=\"no-link\"][\/vc_column][\/vc_row][vc_row][vc_column width=\"1\/1\"][divider][\/vc_column][\/vc_row]","_ru_post_name":"vsya-produktsiya","_ru_post_excerpt":"","_ru_post_title":"\u0412\u0441\u044f \u043f\u0440\u043e\u0434\u0443\u043a\u0446\u0438\u044f","_pl_post_content":"[vc_row background_image_attachment=\"fixed\"][vc_column align=\"left\" align_sm=\"center\" scroll_animation=\"fadeIn\" width=\"1\/1\"][heading margin_top=\"24\"]Politechnika w Kijowie[\/heading][\/vc_column][\/vc_row][vc_row][vc_column width=\"1\/2\"][lead align=\"justify\"]Od ponad 20 lat testujemy i certyfikujemy nasze produkty w Politechnice Kijowskiej w Ukrainie, co ma na celu weryfikacj\u0119 ich jako\u015bci, zar\u00f3wno pod wzgl\u0119dem u\u017cytych materia\u0142\u00f3w, jak i funkcjonalno\u015bci. Testom zosta\u0142y poddane poszczeg\u00f3lne linie produkt\u00f3w, a ukrai\u0144ski o\u015brodek, po przeprowadzeniu w firmie inspekcji maj\u0105cych na celu sprawdzenie zgodno\u015bci zar\u00f3wno systemu zarz\u0105dzania jako\u015bci\u0105, jak i planu produkcji i kontroli, wyda\u0142 - i nadal wydaje - certyfikaty dla wszystkich produkt\u00f3w wytwarzanych przez Fapim. Badania, przeprowadzone zgodnie z obowi\u0105zuj\u0105cymi przepisami w Ukrainie, obejmuj\u0105 testy statyczne i badania trwa\u0142o\u015bci gotowych produkt\u00f3w, testy charakterystyki mechanicznej materia\u0142\u00f3w oraz badania odporno\u015bci na korozj\u0119 w komorze z mg\u0142\u0105 soln\u0105.\r\n[\/lead][\/vc_column][vc_column align=\"center\" width=\"1\/2\"][vc_single_image image=\"26313\"][\/vc_column][\/vc_row][vc_row][vc_column width=\"1\/1\"][divider md_height=\"60\" lg_height=\"60\"][\/vc_column][\/vc_row]","_pl_post_name":"tutti-i-prodotti","_pl_post_excerpt":"","_pl_post_title":"Wszystkie produkty","edit_language":"es","footnotes":""},"class_list":["post-13577","page","type-page","status-publish","has-post-thumbnail","hentry"],"_links":{"self":[{"href":"https:\/\/www.fapim.it\/es\/wp-json\/wp\/v2\/pages\/13577","targetHints":{"allow":["GET"]}}],"collection":[{"href":"https:\/\/www.fapim.it\/es\/wp-json\/wp\/v2\/pages"}],"about":[{"href":"https:\/\/www.fapim.it\/es\/wp-json\/wp\/v2\/types\/page"}],"author":[{"embeddable":true,"href":"https:\/\/www.fapim.it\/es\/wp-json\/wp\/v2\/users\/1"}],"replies":[{"embeddable":true,"href":"https:\/\/www.fapim.it\/es\/wp-json\/wp\/v2\/comments?post=13577"}],"version-history":[{"count":12,"href":"https:\/\/www.fapim.it\/es\/wp-json\/wp\/v2\/pages\/13577\/revisions"}],"predecessor-version":[{"id":26312,"href":"https:\/\/www.fapim.it\/es\/wp-json\/wp\/v2\/pages\/13577\/revisions\/26312"}],"up":[{"embeddable":true,"href":"https:\/\/www.fapim.it\/es\/wp-json\/wp\/v2\/pages\/25593"}],"wp:featuredmedia":[{"embeddable":true,"href":"https:\/\/www.fapim.it\/es\/wp-json\/wp\/v2\/media\/16402"}],"wp:attachment":[{"href":"https:\/\/www.fapim.it\/es\/wp-json\/wp\/v2\/media?parent=13577"}],"curies":[{"name":"wp","href":"https:\/\/api.w.org\/{rel}","templated":true}]}}