   {"id":16196,"date":"2019-03-22T11:55:12","date_gmt":"2019-03-22T10:55:12","guid":{"rendered":"http:\/\/testsito.fapim.it\/site\/?page_id=16196"},"modified":"2021-10-14T11:09:13","modified_gmt":"2021-10-14T09:09:13","slug":"catalogo","status":"publish","type":"page","link":"https:\/\/www.fapim.it\/es\/catalogo\/","title":{"rendered":"Catalogo","raw":"Catalogo"},"content":{"rendered":"<section class=\"section  text-normal section-text-no-shadow section-inner-no-shadow section-normal section-opaque\"  >\r\n    \r\n    <div class=\"background-overlay grid-overlay-0 \" style=\"background-color: rgba(0,0,0,0);\"><\/div>\r\n\r\n    <div class=\"container container-vertical-default\">\r\n        <div class=\"row vertical-default\">\r\n            <div class=\"col-md-12     text-default small-screen-default\"  ><div class=\"divider-wrapper \" style=\"visibility:hidden;background-color:#FFFFFF\">\r\n    <div class=\"visible-xs\" style=\"height:24px;\"><\/div>\r\n    <div class=\"visible-sm\" style=\"height:24px;\"><\/div>\r\n    <div class=\"visible-md\" style=\"height:60px;\"><\/div>\r\n    <div class=\"visible-lg\" style=\"height:60px;\"><\/div>\r\n<\/div><\/div>        <\/div>\r\n    <\/div>\r\n<\/section>\r\n<section class=\"section  text-normal section-text-no-shadow section-inner-no-shadow section-normal section-opaque\"  >\r\n    \r\n    <div class=\"background-overlay grid-overlay-0 \" style=\"background-color: rgba(0,0,0,0);\"><\/div>\r\n\r\n    <div class=\"container container-vertical-default\">\r\n        <div class=\"row vertical-default\">\r\n            <div class=\"col-md-6     text-default small-screen-default\"  ><div class=\"col-text-1 text-normal lead text-justify element-top-20 element-bottom-20\" data-os-animation=\"none\" data-os-animation-delay=\"0s\">\r\n    <p>Desde aqu\u00ed se puede visitar nuestro catalogo on -line. Navega entre las categor\u00edas para descubrir los productos Fapim. En las fichas de los art\u00edculos siempre actualizadas podr\u00e1s ver nuestro video tutorial, as\u00ed como hojear los brochures y los anexos t\u00e9cnicos.<\/p>\n<p>Se pueden buscar con rapidez los productos por medio del c\u00f3digo articulo o por medio de una descripci\u00f3n gen\u00e9rica: el cat\u00e1logo te presentara los resultados en orden de relevancia.<\/p>\n<\/div>\r\n<a href=\"https:\/\/catalogo.fapim.it?culture=es\" class=\"btn btn-link   text-normal   element-left-0 element-right-0 element-top-20 element-bottom-20\" target=\"_parent\"   data-os-animation=\"none\" data-os-animation-delay=\"0s\">\r\n\t    ir al Catalogo     <\/a><\/div><div class=\"col-md-6     text-default small-screen-default\"  ><div class=\"figure element-top-0 element-bottom-0  \" data-os-animation=\"none\" data-os-animation-delay=\"0s\">\r\n            <a href=\"https:\/\/www.fapim.it\/wp-content\/uploads\/2019\/04\/Schermata-catalogo-online.jpg\" class=\"figure-image magnific\" target=\"_self\">\r\n        <img loading=\"lazy\" decoding=\"async\" width=\"1024\" height=\"787\" src=\"https:\/\/www.fapim.it\/wp-content\/uploads\/2019\/04\/Schermata-catalogo-online.jpg\" class=\"attachment-full size-full\" alt=\"\" srcset=\"https:\/\/www.fapim.it\/wp-content\/uploads\/2019\/04\/Schermata-catalogo-online.jpg 1024w, https:\/\/www.fapim.it\/wp-content\/uploads\/2019\/04\/Schermata-catalogo-online-300x231.jpg 300w, https:\/\/www.fapim.it\/wp-content\/uploads\/2019\/04\/Schermata-catalogo-online-768x590.jpg 768w\" sizes=\"auto, (max-width: 1024px) 100vw, 1024px\" \/>            <\/a>\r\n    <\/div>\r\n<\/div>        <\/div>\r\n    <\/div>\r\n<\/section>\r\n<section class=\"section  text-normal section-text-no-shadow section-inner-no-shadow section-normal section-opaque\"  >\r\n    \r\n    <div class=\"background-overlay grid-overlay-0 \" style=\"background-color: rgba(0,0,0,0);\"><\/div>\r\n\r\n    <div class=\"container container-vertical-default\">\r\n        <div class=\"row vertical-default\">\r\n            <div class=\"col-md-12     text-default small-screen-default\"  ><div class=\"divider-wrapper \" style=\"visibility:hidden;background-color:#FFFFFF\">\r\n    <div class=\"visible-xs\" style=\"height:24px;\"><\/div>\r\n    <div class=\"visible-sm\" style=\"height:24px;\"><\/div>\r\n    <div class=\"visible-md\" style=\"height:60px;\"><\/div>\r\n    <div class=\"visible-lg\" style=\"height:60px;\"><\/div>\r\n<\/div><\/div>        <\/div>\r\n    <\/div>\r\n<\/section>\r\n<section class=\"section  text-normal section-text-no-shadow section-inner-no-shadow section-normal section-opaque\"  >\r\n    \r\n    <div class=\"background-overlay grid-overlay-0 \" style=\"background-color: rgba(0,0,0,0);\"><\/div>\r\n\r\n    <div class=\"container container-vertical-default\">\r\n        <div class=\"row vertical-default\">\r\n            <div class=\"col-md-12     text-default small-screen-default\"  ><div class=\"col-text-1 text-normal lead text-justify element-top-20 element-bottom-20\" data-os-animation=\"none\" data-os-animation-delay=\"0s\">\r\n    <p>Si deseas disponer del mundo Fapim siempre al alcance de mano, descarga la app <a href=\"https:\/\/www.fapim.it\/es\/eventi-e-news\/todo-el-mundo-fapim-al-alcance-de-app\/\"><strong>\u201cFapim\u201d<\/strong><\/a> para sistemas <a href=\"https:\/\/apps.apple.com\/es\/app\/fapim\/id1462399668\"><strong>Apple<\/strong><\/a> y <a href=\"https:\/\/play.google.com\/store\/apps\/details?id=it.fapim.fapim_catalogo&amp;hl=es\"><strong>Android<\/strong><\/a>. \u00a0Encontraras todo el cat\u00e1logo on line, la posibilidad de organizar tu lista de los Proyectos dispositivos de c\u00e1lculo muy \u00fatiles y la posibilidad de contactar directamente con el suporte t\u00e9cnico.<\/p>\n<\/div>\r\n<\/div>        <\/div>\r\n    <\/div>\r\n<\/section>\r\n<section class=\"section  text-normal section-text-no-shadow section-inner-no-shadow section-normal section-opaque\"  >\r\n    \r\n    <div class=\"background-overlay grid-overlay-0 \" style=\"background-color: rgba(0,0,0,0);\"><\/div>\r\n\r\n    <div class=\"container container-vertical-default\">\r\n        <div class=\"row vertical-default\">\r\n            <div class=\"col-md-12     text-default small-screen-default\"  ><div class=\"divider-wrapper \" style=\"visibility:hidden;background-color:#FFFFFF\">\r\n    <div class=\"visible-xs\" style=\"height:24px;\"><\/div>\r\n    <div class=\"visible-sm\" style=\"height:24px;\"><\/div>\r\n    <div class=\"visible-md\" style=\"height:60px;\"><\/div>\r\n    <div class=\"visible-lg\" style=\"height:60px;\"><\/div>\r\n<\/div><\/div>        <\/div>\r\n    <\/div>\r\n<\/section>\r\n<section class=\"section  text-normal section-text-no-shadow section-inner-no-shadow section-normal section-opaque\"  >\r\n    \r\n    <div class=\"background-overlay grid-overlay-0 \" style=\"background-color: rgba(0,0,0,0);\"><\/div>\r\n\r\n    <div class=\"container container-vertical-default\">\r\n        <div class=\"row vertical-default\">\r\n            <div class=\"col-md-12     text-default small-screen-default\"  ><div class=\"figure element-top-20 element-bottom-20  \" data-os-animation=\"none\" data-os-animation-delay=\"0s\">\r\n            <a href=\"https:\/\/www.fapim.it\/wp-content\/uploads\/2019\/07\/Immagine-app_lancio_ES.jpg\" class=\"figure-image magnific\" target=\"_self\">\r\n        <img loading=\"lazy\" decoding=\"async\" width=\"300\" height=\"70\" src=\"https:\/\/www.fapim.it\/wp-content\/uploads\/2019\/07\/Immagine-app_lancio_ES-300x70.jpg\" class=\"attachment-medium size-medium\" alt=\"\" srcset=\"https:\/\/www.fapim.it\/wp-content\/uploads\/2019\/07\/Immagine-app_lancio_ES-300x70.jpg 300w, https:\/\/www.fapim.it\/wp-content\/uploads\/2019\/07\/Immagine-app_lancio_ES-768x180.jpg 768w, https:\/\/www.fapim.it\/wp-content\/uploads\/2019\/07\/Immagine-app_lancio_ES-1024x239.jpg 1024w, https:\/\/www.fapim.it\/wp-content\/uploads\/2019\/07\/Immagine-app_lancio_ES.jpg 1360w\" sizes=\"auto, (max-width: 300px) 100vw, 300px\" \/>            <\/a>\r\n    <\/div>\r\n<\/div>        <\/div>\r\n    <\/div>\r\n<\/section>\r\n<section class=\"section  text-normal section-text-no-shadow section-inner-no-shadow section-normal section-opaque\"  >\r\n    \r\n    <div class=\"background-overlay grid-overlay-0 \" style=\"background-color: rgba(0,0,0,0);\"><\/div>\r\n\r\n    <div class=\"container container-vertical-default\">\r\n        <div class=\"row vertical-default\">\r\n            <div class=\"col-md-12     text-default small-screen-default\"  ><div class=\"divider-wrapper \" style=\"visibility:hidden;background-color:#FFFFFF\">\r\n    <div class=\"visible-xs\" style=\"height:24px;\"><\/div>\r\n    <div class=\"visible-sm\" style=\"height:24px;\"><\/div>\r\n    <div class=\"visible-md\" style=\"height:60px;\"><\/div>\r\n    <div class=\"visible-lg\" style=\"height:60px;\"><\/div>\r\n<\/div><\/div>        <\/div>\r\n    <\/div>\r\n<\/section>\n","protected":false,"raw":"[vc_row][vc_column width=\"1\/1\"][divider md_height=\"60\" lg_height=\"60\"][\/vc_column][\/vc_row][vc_row][vc_column width=\"1\/2\"][vc_column_text extra_classes=\"lead text-justify\"]Desde aqu\u00ed se puede visitar nuestro catalogo on -line. Navega entre las categor\u00edas para descubrir los productos Fapim. En las fichas de los art\u00edculos siempre actualizadas podr\u00e1s ver nuestro video tutorial, as\u00ed como hojear los brochures y los anexos t\u00e9cnicos.\r\n\r\nSe pueden buscar con rapidez los productos por medio del c\u00f3digo articulo o por medio de una descripci\u00f3n gen\u00e9rica: el cat\u00e1logo te presentara los resultados en orden de relevancia.[\/vc_column_text][button type=\"link\" label=\"ir al Catalogo\" link=\"https:\/\/catalogo.fapim.it?culture=es\" link_open=\"_parent\"][\/vc_column][vc_column width=\"1\/2\"][vc_single_image image=\"16686\" custom_image_size=\"0\" custom_image_size_crop=\"true\" margin_top=\"0\" margin_bottom=\"0\"][\/vc_column][\/vc_row][vc_row][vc_column width=\"1\/1\"][divider md_height=\"60\" lg_height=\"60\"][\/vc_column][\/vc_row][vc_row][vc_column width=\"1\/1\"][vc_column_text extra_classes=\"lead text-justify\"]Si deseas disponer del mundo Fapim siempre al alcance de mano, descarga la app <a href=\"https:\/\/www.fapim.it\/es\/eventi-e-news\/todo-el-mundo-fapim-al-alcance-de-app\/\"><strong>\u201cFapim\u201d<\/strong><\/a> para sistemas <a href=\"https:\/\/apps.apple.com\/es\/app\/fapim\/id1462399668\"><strong>Apple<\/strong><\/a> y <a href=\"https:\/\/play.google.com\/store\/apps\/details?id=it.fapim.fapim_catalogo&amp;hl=es\"><strong>Android<\/strong><\/a>. \u00a0Encontraras todo el cat\u00e1logo on line, la posibilidad de organizar tu lista de los Proyectos dispositivos de c\u00e1lculo muy \u00fatiles y la posibilidad de contactar directamente con el suporte t\u00e9cnico.[\/vc_column_text][\/vc_column][\/vc_row][vc_row][vc_column width=\"1\/1\"][divider md_height=\"60\" lg_height=\"60\"][\/vc_column][\/vc_row][vc_row][vc_column width=\"1\/1\"][vc_single_image image=\"18642\" image_size=\"medium\"][\/vc_column][\/vc_row][vc_row][vc_column width=\"1\/1\"][divider md_height=\"60\" lg_height=\"60\"][\/vc_column][\/vc_row]"},"excerpt":{"rendered":"Da qui inizia l\u2019esplorazione del nostro nuovo catalogo online. Naviga fra le categorie e i sottogruppi per scoprire tutti i prodotti Fapim. Nelle schede articolo dettagliate e sempre aggiornate potrai vedere i video tutorial e sfogliare i depliant divulgativi e gli allegati tecnici. Puoi ricercare i prodotti\u00a0 velocemente digitando direttamente il codice articolo se sei","protected":false,"raw":""},"author":1,"featured_media":0,"parent":0,"menu_order":20,"comment_status":"closed","ping_status":"closed","template":"","meta":{"_it_post_content":"[vc_row][vc_column width=\"1\/1\"][divider md_height=\"60\" lg_height=\"60\"][\/vc_column][\/vc_row][vc_row][vc_column width=\"1\/2\"][vc_column_text extra_classes=\"lead text-justify\"]Da qui inizia l\u2019esplorazione del nostro nuovo catalogo online. Naviga fra le categorie e i sottogruppi per scoprire tutti i prodotti Fapim. Nelle schede articolo dettagliate e sempre aggiornate potrai vedere i video tutorial e sfogliare i depliant divulgativi e gli allegati tecnici.\r\n\r\nPuoi ricercare i prodotti\u00a0 velocemente digitando direttamente il codice articolo se sei un esperto, oppure tramite una descrizione generica: il catalogo ti proporr\u00e0 tutti i risultati in ordine di attinenza.\r\n\r\n[\/vc_column_text][button type=\"link\" label=\"Vai al Catalogo\" link=\"https:\/\/catalogo.fapim.it\" link_open=\"_parent\"][\/vc_column][vc_column width=\"1\/2\"][vc_single_image image=\"16686\" custom_image_size=\"0\" custom_image_size_crop=\"true\" margin_top=\"0\" margin_bottom=\"0\"][\/vc_column][\/vc_row][vc_row][vc_column width=\"1\/1\"][divider md_height=\"60\" lg_height=\"60\"][\/vc_column][\/vc_row][vc_row][vc_column width=\"1\/1\"][vc_column_text extra_classes=\"lead text-justify\"]Se desideri avere il mondo Fapim sempre a portata di mano scarica anche la<a href=\"https:\/\/www.fapim.it\/it\/eventi-e-news\/tutto-il-mondo-fapim-a-portata-di-app\/\"><strong> app \u201cFapim\u201d<\/strong><\/a> per sistemi <a href=\"https:\/\/apps.apple.com\/it\/app\/fapim\/id1462399668\"><strong>Apple<\/strong><\/a> e <a href=\"https:\/\/play.google.com\/store\/apps\/details?id=it.fapim.fapim_catalogo&amp;hl=it\"><strong>Android<\/strong><\/a>. Troverai tutto il catalogo on-line, la possibilit\u00e0 di organizzare la tua lista dei \u201cProgetti\u201d, preziosi strumenti di calcolo per l\u2019installazione e la possibilit\u00e0 di contattare direttamente il supporto tecnico.[\/vc_column_text][vc_single_image image=\"18634\" link=\"https:\/\/www.fapim.it\/it\/eventi-e-news\/tutto-il-mondo-fapim-a-portata-di-app\/\" onclick=\"custom_link\"][\/vc_column][\/vc_row][vc_row][vc_column width=\"1\/1\"][divider md_height=\"60\" lg_height=\"60\"][\/vc_column][\/vc_row]","_it_post_name":"catalogo","_it_post_excerpt":"","_it_post_title":"Catalogo","_en_post_content":"[vc_row][vc_column width=\"1\/1\"][divider md_height=\"60\" lg_height=\"60\"][\/vc_column][\/vc_row][vc_row][vc_column width=\"1\/2\"][vc_column_text extra_classes=\"lead text-justify\"]From here begins the exploration of our new online catalog. Browse through the categories and subgroups to discover all Fapim products. In the detailed and always up to date article sheets you can see the video tutorials and browse the informative brochures and technical attachments.\r\n\r\nYou can search for products quickly by directly typing the article code if you are an expert, or through a generic description: the catalog will show you all the results in order of relevance.[\/vc_column_text][button type=\"link\" label=\"Go to the Catalog\" link=\"https:\/\/catalogo.fapim.it?culture=en\" link_open=\"_parent\"][\/vc_column][vc_column width=\"1\/2\"][vc_single_image image=\"16686\" custom_image_size=\"0\" custom_image_size_crop=\"true\" margin_top=\"0\" margin_bottom=\"0\"][\/vc_column][\/vc_row][vc_row][vc_column width=\"1\/1\"][divider md_height=\"60\" lg_height=\"60\"][\/vc_column][\/vc_row][vc_row][vc_column width=\"1\/1\"][vc_column_text extra_classes=\"lead text-justify\"]If you want to have the Fapim world always at hand, download the <a href=\"https:\/\/www.fapim.it\/en\/eventi-e-news\/fapim-world-in-an-app\/\"><strong>\"FapimApp\"<\/strong><\/a> for <a href=\"https:\/\/apps.apple.com\/us\/app\/fapim\/id1462399668\"><strong>Apple<\/strong><\/a> and <a href=\"https:\/\/play.google.com\/store\/apps\/details?id=it.fapim.fapim_catalogo&amp;hl=en\"><strong>Android<\/strong><\/a> systems. Find the online catalogue and organise your \u201cProject\u201d list. These valuable tools will help to speed-up installation and will allow you to get in contact directly with our technical support service.[\/vc_column_text][\/vc_column][\/vc_row][vc_row][vc_column width=\"1\/1\"][vc_single_image image=\"18641\" image_size=\"medium\"][\/vc_column][\/vc_row][vc_row][vc_column width=\"1\/1\"][divider md_height=\"60\" lg_height=\"60\"][\/vc_column][\/vc_row]","_en_post_name":"catalog","_en_post_excerpt":"","_en_post_title":"Catalog","_fr_post_content":"[vc_row][vc_column width=\"1\/1\"][divider md_height=\"60\" lg_height=\"60\"][\/vc_column][\/vc_row][vc_row][vc_column width=\"1\/2\"][vc_column_text extra_classes=\"lead text-justify\"]Ici commence l\u2019exploration de notre nouveau catalogue en ligne. Choisissez entre les cat\u00e9gories et les sous-groupes pour d\u00e9couvrir tous les produits Fapim. Dans les fiches articles d\u00e9taill\u00e9es et toujours mises \u00e0 jour, vous pouvez voir les vid\u00e9os et lire les brochures informatives et les pi\u00e8ces techniques jointes.\r\n\r\nVous pouvez rechercher rapidement des produits en saisissant directement le code d\u2019un article si vous \u00eates un expert, ou \u00e0 travers une description g\u00e9n\u00e9rique\u00a0: le catalogue vous donnera tous les r\u00e9sultats au sujet.[\/vc_column_text][button type=\"link\" label=\"Aller au catalogue\" link=\"https:\/\/catalogo.fapim.it?culture=fr\" link_open=\"_parent\"][\/vc_column][vc_column width=\"1\/2\"][vc_single_image image=\"16686\" custom_image_size=\"0\" custom_image_size_crop=\"true\" margin_top=\"0\" margin_bottom=\"0\"][\/vc_column][\/vc_row][vc_row][vc_column width=\"1\/1\"][divider md_height=\"60\" lg_height=\"60\"][\/vc_column][\/vc_row][vc_row][vc_column width=\"1\/1\"][vc_column_text extra_classes=\"lead text-justify\"]Si vous souhaitez avoir le monde Fapim \u00e0 tout moment, t\u00e9l\u00e9chargez l'application \"<a href=\"http:\/\/Si vous souhaitez avoir le monde Fapim \u00e0 tout moment, t\u00e9l\u00e9chargez l'application &quot;Fapim&quot; pour les syst\u00e8mes Apple et Android. Vous trouverez l'int\u00e9gralit\u00e9 du catalogue en ligne, la possibilit\u00e9 d'organiser votre liste de &quot; Projets&quot;, de pr\u00e9cieux outils de calcul pour l'installation et la possibilit\u00e9 de contacter directement le support technique.\"><strong>Fapim<\/strong><\/a>\" pour les syst\u00e8mes <a href=\"https:\/\/apps.apple.com\/fr\/app\/fapim\/id1462399668\"><strong>Apple<\/strong><\/a> et <a href=\"https:\/\/play.google.com\/store\/apps\/details?id=it.fapim.fapim_catalogo&amp;hl=fr\"><strong>Android<\/strong><\/a>. \u00a0Vous trouverez l'int\u00e9gralit\u00e9 du catalogue en ligne, la possibilit\u00e9 d'organiser votre liste de \" Projets\", de pr\u00e9cieux outils de calcul pour l'installation et la possibilit\u00e9 de contacter directement le support technique.[\/vc_column_text][\/vc_column][\/vc_row][vc_row][vc_column width=\"1\/1\"][divider md_height=\"60\" lg_height=\"60\"][\/vc_column][\/vc_row][vc_row][vc_column width=\"1\/1\"][vc_single_image image=\"18643\" image_size=\"medium\"][\/vc_column][\/vc_row][vc_row][vc_column width=\"1\/1\"][divider md_height=\"60\" lg_height=\"60\"][\/vc_column][\/vc_row]","_fr_post_name":"catalogue","_fr_post_excerpt":"","_fr_post_title":"Catalogue","_es_post_content":"[vc_row][vc_column width=\"1\/1\"][divider md_height=\"60\" lg_height=\"60\"][\/vc_column][\/vc_row][vc_row][vc_column width=\"1\/2\"][vc_column_text extra_classes=\"lead text-justify\"]Desde aqu\u00ed se puede visitar nuestro catalogo on -line. Navega entre las categor\u00edas para descubrir los productos Fapim. En las fichas de los art\u00edculos siempre actualizadas podr\u00e1s ver nuestro video tutorial, as\u00ed como hojear los brochures y los anexos t\u00e9cnicos.\r\n\r\nSe pueden buscar con rapidez los productos por medio del c\u00f3digo articulo o por medio de una descripci\u00f3n gen\u00e9rica: el cat\u00e1logo te presentara los resultados en orden de relevancia.[\/vc_column_text][button type=\"link\" label=\"ir al Catalogo\" link=\"https:\/\/catalogo.fapim.it?culture=es\" link_open=\"_parent\"][\/vc_column][vc_column width=\"1\/2\"][vc_single_image image=\"16686\" custom_image_size=\"0\" custom_image_size_crop=\"true\" margin_top=\"0\" margin_bottom=\"0\"][\/vc_column][\/vc_row][vc_row][vc_column width=\"1\/1\"][divider md_height=\"60\" lg_height=\"60\"][\/vc_column][\/vc_row][vc_row][vc_column width=\"1\/1\"][vc_column_text extra_classes=\"lead text-justify\"]Si deseas disponer del mundo Fapim siempre al alcance de mano, descarga la app <a href=\"https:\/\/www.fapim.it\/es\/eventi-e-news\/todo-el-mundo-fapim-al-alcance-de-app\/\"><strong>\u201cFapim\u201d<\/strong><\/a> para sistemas <a href=\"https:\/\/apps.apple.com\/es\/app\/fapim\/id1462399668\"><strong>Apple<\/strong><\/a> y <a href=\"https:\/\/play.google.com\/store\/apps\/details?id=it.fapim.fapim_catalogo&amp;hl=es\"><strong>Android<\/strong><\/a>. \u00a0Encontraras todo el cat\u00e1logo on line, la posibilidad de organizar tu lista de los Proyectos dispositivos de c\u00e1lculo muy \u00fatiles y la posibilidad de contactar directamente con el suporte t\u00e9cnico.[\/vc_column_text][\/vc_column][\/vc_row][vc_row][vc_column width=\"1\/1\"][divider md_height=\"60\" lg_height=\"60\"][\/vc_column][\/vc_row][vc_row][vc_column width=\"1\/1\"][vc_single_image image=\"18642\" image_size=\"medium\"][\/vc_column][\/vc_row][vc_row][vc_column width=\"1\/1\"][divider md_height=\"60\" lg_height=\"60\"][\/vc_column][\/vc_row]","_es_post_name":"catalogo","_es_post_excerpt":"","_es_post_title":"Catalogo","_ru_post_content":"[vc_row][vc_column width=\"1\/1\"][divider md_height=\"60\" lg_height=\"60\"][\/vc_column][\/vc_row][vc_row][vc_column width=\"1\/2\"][vc_column_text extra_classes=\"lead text-justify\"]\u041e\u0442\u0441\u044e\u0434\u0430 \u043d\u0430\u0447\u0438\u043d\u0430\u0435\u0442\u0441\u044f \u0438\u0441\u0441\u043b\u0435\u0434\u043e\u0432\u0430\u043d\u0438\u0435 \u043d\u0430\u0448\u0435\u0433\u043e \u043d\u043e\u0432\u043e\u0433\u043e \u043e\u043d\u043b\u0430\u0439\u043d-\u043a\u0430\u0442\u0430\u043b\u043e\u0433\u0430. \u041f\u0440\u043e\u0441\u043c\u043e\u0442\u0440\u0438\u0442\u0435 \u043a\u0430\u0442\u0435\u0433\u043e\u0440\u0438\u0438 \u0438 \u043f\u043e\u0434\u0433\u0440\u0443\u043f\u043f\u044b, \u0447\u0442\u043e\u0431\u044b \u043d\u0430\u0439\u0442\u0438 \u0432\u0441\u0435 \u043f\u0440\u043e\u0434\u0443\u043a\u0442\u044b Fapim. \u0412 \u043f\u043e\u0434\u0440\u043e\u0431\u043d\u044b\u0445 \u0438 \u0432\u0441\u0435\u0433\u0434\u0430 \u0430\u043a\u0442\u0443\u0430\u043b\u044c\u043d\u044b\u0445 \u0438\u043d\u0444\u043e\u0440\u043c\u0430\u0446\u0438\u043e\u043d\u043d\u044b\u0445 \u0441\u0442\u0430\u0442\u044c\u044f\u0445 \u0432\u044b \u043c\u043e\u0436\u0435\u0442\u0435 \u0443\u0432\u0438\u0434\u0435\u0442\u044c \u0432\u0438\u0434\u0435\u043e\u0443\u0440\u043e\u043a\u0438 \u0438 \u043f\u0440\u043e\u0441\u043c\u043e\u0442\u0440\u0435\u0442\u044c \u0438\u043d\u0444\u043e\u0440\u043c\u0430\u0446\u0438\u043e\u043d\u043d\u044b\u0435 \u043b\u0438\u0441\u0442\u043e\u0432\u043a\u0438 \u0438 \u0442\u0435\u0445\u043d\u0438\u0447\u0435\u0441\u043a\u0438\u0435 \u043f\u0440\u0438\u043b\u043e\u0436\u0435\u043d\u0438\u044f.\r\n\r\n\u0412\u044b \u043c\u043e\u0436\u0435\u0442\u0435 \u0431\u044b\u0441\u0442\u0440\u043e \u043d\u0430\u0439\u0442\u0438 \u0442\u043e\u0432\u0430\u0440, \u043d\u0430\u043f\u0440\u044f\u043c\u0443\u044e \u0432\u0432\u0435\u0434\u044f \u0430\u0440\u0442\u0438\u043a\u0443\u043b \u0442\u043e\u0432\u0430\u0440\u0430, \u0435\u0441\u043b\u0438 \u0432\u044b \u044f\u0432\u043b\u044f\u0435\u0442\u0435\u0441\u044c \u044d\u043a\u0441\u043f\u0435\u0440\u0442\u043e\u043c, \u0438\u043b\u0438 \u0441 \u043f\u043e\u043c\u043e\u0449\u044c\u044e \u043e\u0431\u0449\u0435\u0433\u043e \u043e\u043f\u0438\u0441\u0430\u043d\u0438\u044f: \u043a\u0430\u0442\u0430\u043b\u043e\u0433 \u043f\u043e\u043a\u0430\u0436\u0435\u0442 \u0432\u0430\u043c \u0432\u0441\u0435 \u0440\u0435\u0437\u0443\u043b\u044c\u0442\u0430\u0442\u044b \u0432 \u043f\u043e\u0440\u044f\u0434\u043a\u0435 \u0430\u043a\u0442\u0443\u0430\u043b\u044c\u043d\u043e\u0441\u0442\u0438.[\/vc_column_text][button type=\"link\" label=\"\u041f\u0435\u0440\u0435\u0439\u0442\u0438 \u0432 \u043a\u0430\u0442\u0430\u043b\u043e\u0433\" link=\"https:\/\/catalogo.fapim.it?culture=ru\" link_open=\"_parent\"][\/vc_column][vc_column width=\"1\/2\"][vc_single_image image=\"16686\" custom_image_size=\"0\" custom_image_size_crop=\"true\" margin_top=\"0\" margin_bottom=\"0\"][\/vc_column][\/vc_row][vc_row][vc_column width=\"1\/1\"][divider md_height=\"60\" lg_height=\"60\"][\/vc_column][\/vc_row][vc_row][vc_column width=\"1\/1\"][vc_column_text extra_classes=\"lead text-justify\"]\u0415\u0441\u043b\u0438 \u0432\u044b \u0445\u043e\u0442\u0438\u0442\u0435, \u0447\u0442\u043e\u0431\u044b \u043c\u0438\u0440 Fapim \u0431\u044b\u043b \u0432\u0441\u0435\u0433\u0434\u0430 \u043f\u043e\u0434 \u0440\u0443\u043a\u043e\u0439, \u0437\u0430\u0433\u0440\u0443\u0437\u0438\u0442\u0435 \u043f\u0440\u0438\u043b\u043e\u0436\u0435\u043d\u0438\u0435 <strong>\u00ab<a href=\"https:\/\/www.fapim.it\/ru\/eventi-e-news\/ves-mir-fapim-u-vas-pod-rukoj\/\">Fapim<\/a>\u00bb<\/strong> \u0434\u043b\u044f \u0441\u0438\u0441\u0442\u0435\u043c <a href=\"https:\/\/apps.apple.com\/ru\/app\/fapim\/id1462399668\"><strong>Apple<\/strong><\/a> \u0438 <a href=\"https:\/\/play.google.com\/store\/apps\/details?id=it.fapim.fapim_catalogo&amp;hl=ru\"><strong>Android<\/strong><\/a>. \u0412\u044b \u043d\u0430\u0439\u0434\u0435\u0442\u0435 \u0432\u0435\u0441\u044c \u043e\u043d\u043b\u0430\u0439\u043d-\u043a\u0430\u0442\u0430\u043b\u043e\u0433, \u0432\u043e\u0437\u043c\u043e\u0436\u043d\u043e\u0441\u0442\u044c \u043e\u0440\u0433\u0430\u043d\u0438\u0437\u0430\u0446\u0438\u0438 \u0432\u0430\u0448\u0435\u0433\u043e \u0441\u043f\u0438\u0441\u043a\u0430 \u00ab\u041f\u0440\u043e\u0435\u043a\u0442\u043e\u0432\u00bb, \u0446\u0435\u043d\u043d\u044b\u0435 \u0438\u043d\u0441\u0442\u0440\u0443\u043c\u0435\u043d\u0442\u044b \u0440\u0430\u0441\u0447\u0435\u0442\u0430 \u0434\u043b\u044f \u0443\u0441\u0442\u0430\u043d\u043e\u0432\u043a\u0438 \u0438 \u0432\u043e\u0437\u043c\u043e\u0436\u043d\u043e\u0441\u0442\u044c \u043f\u0440\u044f\u043c\u043e\u0439 \u0441\u0432\u044f\u0437\u0438 \u0441\u043e \u0441\u043b\u0443\u0436\u0431\u043e\u0439 \u0442\u0435\u0445\u043d\u0438\u0447\u0435\u0441\u043a\u043e\u0439 \u043f\u043e\u0434\u0434\u0435\u0440\u0436\u043a\u0438.[\/vc_column_text][\/vc_column][\/vc_row][vc_row][vc_column width=\"1\/1\"][divider md_height=\"60\" lg_height=\"60\"][\/vc_column][\/vc_row][vc_row][vc_column width=\"1\/1\"][vc_single_image image=\"18644\" image_size=\"medium\"][\/vc_column][\/vc_row][vc_row][vc_column width=\"1\/1\"][divider md_height=\"60\" lg_height=\"60\"][\/vc_column][\/vc_row]","_ru_post_name":"catalogue","_ru_post_excerpt":"","_ru_post_title":"\u041a\u0410\u0422\u0410\u041b\u041e\u0413","_pl_post_content":"","_pl_post_name":"katalog","_pl_post_excerpt":"","_pl_post_title":"Katalog","edit_language":"es","footnotes":""},"class_list":["post-16196","page","type-page","status-publish","hentry"],"_links":{"self":[{"href":"https:\/\/www.fapim.it\/es\/wp-json\/wp\/v2\/pages\/16196","targetHints":{"allow":["GET"]}}],"collection":[{"href":"https:\/\/www.fapim.it\/es\/wp-json\/wp\/v2\/pages"}],"about":[{"href":"https:\/\/www.fapim.it\/es\/wp-json\/wp\/v2\/types\/page"}],"author":[{"embeddable":true,"href":"https:\/\/www.fapim.it\/es\/wp-json\/wp\/v2\/users\/1"}],"replies":[{"embeddable":true,"href":"https:\/\/www.fapim.it\/es\/wp-json\/wp\/v2\/comments?post=16196"}],"version-history":[{"count":16,"href":"https:\/\/www.fapim.it\/es\/wp-json\/wp\/v2\/pages\/16196\/revisions"}],"predecessor-version":[{"id":26471,"href":"https:\/\/www.fapim.it\/es\/wp-json\/wp\/v2\/pages\/16196\/revisions\/26471"}],"wp:attachment":[{"href":"https:\/\/www.fapim.it\/es\/wp-json\/wp\/v2\/media?parent=16196"}],"curies":[{"name":"wp","href":"https:\/\/api.w.org\/{rel}","templated":true}]}}