   {"id":76,"date":"2015-07-30T09:36:42","date_gmt":"2015-07-30T07:36:42","guid":{"rendered":"http:\/\/fapim-2-demo:8888\/who-we-are\/"},"modified":"2021-10-12T10:00:57","modified_gmt":"2021-10-12T08:00:57","slug":"nosotros-somos","status":"publish","type":"page","link":"https:\/\/www.fapim.it\/es\/nosotros-somos\/","title":{"rendered":"Somos","raw":"Somos"},"content":{"rendered":"<section class=\"section  text-normal section-text-no-shadow section-inner-no-shadow section-normal section-opaque\"  >\r\n    \r\n    <div class=\"background-overlay grid-overlay-0 \" style=\"background-color: rgba(0,0,0,0);\"><\/div>\r\n\r\n    <div class=\"container container-vertical-default\">\r\n        <div class=\"row vertical-default\">\r\n            <div class=\"col-md-12     text-default small-screen-default\"  ><div class=\"divider-wrapper \" style=\"visibility:hidden;background-color:#FFFFFF\">\r\n    <div class=\"visible-xs\" style=\"height:24px;\"><\/div>\r\n    <div class=\"visible-sm\" style=\"height:24px;\"><\/div>\r\n    <div class=\"visible-md\" style=\"height:60px;\"><\/div>\r\n    <div class=\"visible-lg\" style=\"height:60px;\"><\/div>\r\n<\/div><\/div>        <\/div>\r\n    <\/div>\r\n<\/section>\r\n<section class=\"section  text-normal section-text-no-shadow section-inner-no-shadow section-normal section-opaque\"  >\r\n    \r\n    <div class=\"background-overlay grid-overlay-0 \" style=\"background-color: rgba(0,0,0,0);\"><\/div>\r\n\r\n    <div class=\"container container-vertical-default\">\r\n        <div class=\"row vertical-default\">\r\n            <div class=\"col-md-12     text-default small-screen-default\"  ><div class=\" element-top-20 element-bottom-20\" data-os-animation=\"none\" data-os-animation-delay=\"0s\" ><iframe loading=\"lazy\" width=\"1170\" height=\"658\" src=\"https:\/\/www.youtube.com\/embed\/HMUmTG-5JRg?feature=oembed\" frameborder=\"0\" allow=\"accelerometer; autoplay; encrypted-media; gyroscope; picture-in-picture\" allowfullscreen><\/iframe><\/div><\/div>        <\/div>\r\n    <\/div>\r\n<\/section>\r\n<section class=\"section  text-normal section-text-no-shadow section-inner-no-shadow section-normal section-opaque\"  >\r\n    \r\n    <div class=\"background-overlay grid-overlay-0 \" style=\"background-color: rgba(0,0,0,0);\"><\/div>\r\n\r\n    <div class=\"container container-vertical-default\">\r\n        <div class=\"row vertical-default\">\r\n            <div class=\"col-md-12     text-default small-screen-default\"  ><p class=\"lead text-justify justify  text-normal element-top-20 element-bottom-20\" data-os-animation=\"none\" data-os-animation-delay=\"0s\">Fapim est\u00e1 entre los lideres mundiales para la producci\u00f3n de accesorios para carpinter\u00eda de aluminio, Made in Italy , con caracter\u00edsticas de elevada calidad que constituyen un punto de referencia cierto para todos los operadores del sector. Disponemos de un catalogo de 18.000 referencias entre los diferentes modelos y acabados, una superficie industrial total de 100.000 metros cuadrados y 500 empleados , nuestra marca ha adquirido valor a nivel mundial, contando con delegaciones y estructuras comerciales localizadas en Argentina, Rusia Estados Unidos, adem\u00e1s que en toda Europa. Desde siempre aunamos innovaci\u00f3n y sencillez de uso, fabricando desarrollo y crecimiento en el respecto de los territorios y personas y poniendo la \u00e9tica del trabajo como principio de excelencia.<\/p><\/div>        <\/div>\r\n    <\/div>\r\n<\/section>\r\n<section class=\"section  text-normal section-text-no-shadow section-inner-no-shadow section-normal section-opaque\"  >\r\n    \r\n    <div class=\"background-overlay grid-overlay-0 \" style=\"background-color: rgba(0,0,0,0);\"><\/div>\r\n\r\n    <div class=\"container container-vertical-default\">\r\n        <div class=\"row vertical-default\">\r\n            <div class=\"col-md-12     text-default small-screen-default\"  ><div class=\"divider-wrapper \" style=\"visibility:hidden;background-color:#FFFFFF\">\r\n    <div class=\"visible-xs\" style=\"height:24px;\"><\/div>\r\n    <div class=\"visible-sm\" style=\"height:24px;\"><\/div>\r\n    <div class=\"visible-md\" style=\"height:60px;\"><\/div>\r\n    <div class=\"visible-lg\" style=\"height:60px;\"><\/div>\r\n<\/div><\/div>        <\/div>\r\n    <\/div>\r\n<\/section>\n","protected":false,"raw":"[vc_row][vc_column width=\"1\/1\"][divider md_height=\"60\" lg_height=\"60\"][\/vc_column][\/vc_row][vc_row][vc_column width=\"1\/1\"][vc_video src=\"https:\/\/youtu.be\/HMUmTG-5JRg\"][\/vc_column][\/vc_row][vc_row][vc_column width=\"1\/1\"][lead align=\"justify\"]Fapim est\u00e1 entre los lideres mundiales para la producci\u00f3n de accesorios para carpinter\u00eda de aluminio, Made in Italy , con caracter\u00edsticas de elevada calidad que constituyen un punto de referencia cierto para todos los operadores del sector. Disponemos de un catalogo de 18.000 referencias entre los diferentes modelos y acabados, una superficie industrial total de 100.000 metros cuadrados y 500 empleados , nuestra marca ha adquirido valor a nivel mundial, contando con delegaciones y estructuras comerciales localizadas en Argentina, Rusia Estados Unidos, adem\u00e1s que en toda Europa. Desde siempre aunamos innovaci\u00f3n y sencillez de uso, fabricando desarrollo y crecimiento en el respecto de los territorios y personas y poniendo la \u00e9tica del trabajo como principio de excelencia.[\/lead][\/vc_column][\/vc_row][vc_row][vc_column width=\"1\/1\"][divider md_height=\"60\" lg_height=\"60\"][\/vc_column][\/vc_row]"},"excerpt":{"rendered":"<p>Fapim est\u00e1 entre los lideres mundiales para la producci\u00f3n de accesorios para carpinter\u00eda de aluminio, Made in Italy , con caracter\u00edsticas de elevada calidad que constituyen un punto de referencia cierto para todos los operadores del sector. <\/p>\n","protected":false,"raw":"Fapim est\u00e1 entre los lideres mundiales para la producci\u00f3n de accesorios para carpinter\u00eda de aluminio, Made in Italy , con caracter\u00edsticas de elevada calidad que constituyen un punto de referencia cierto para todos los operadores del sector. "},"author":1,"featured_media":0,"parent":0,"menu_order":130,"comment_status":"open","ping_status":"closed","template":"","meta":{"_it_post_content":"[vc_row][vc_column width=\"1\/1\"][divider md_height=\"60\" lg_height=\"60\"][\/vc_column][\/vc_row][vc_row][vc_column width=\"1\/1\"][vc_video src=\"https:\/\/youtu.be\/HMUmTG-5JRg\"][\/vc_column][\/vc_row][vc_row][vc_column width=\"1\/1\"][lead align=\"justify\"]Siamo tra i leader mondiali per la produzione di soluzioni e accessori made in Italy per serramenti, con caratteristiche di altissima qualit\u00e0 che costituiscono un punto di riferimento sicuro per tutti gli operatori del settore. Con un catalogo di 18.000 articoli, nei vari modelli e finiture, una superficie industriale complessiva di 100.000 mq e soprattutto 500 dipendenti, il nostro marchio ha conquistato valenza mondiale annoverando filiali e strutture commerciali in Argentina, Russia e Stati Uniti oltre che in tutta Europa. Da sempre coniughiamo innovazione e semplicit\u00e0 d\u2019uso, producendo crescita e sviluppo nel pieno rispetto di territori e persone e ponendo l\u2019etica del lavoro come fondamento di eccellenza.[\/lead][\/vc_column][\/vc_row][vc_row][vc_column width=\"1\/1\"][divider md_height=\"60\" lg_height=\"60\"][\/vc_column][\/vc_row]","_it_post_name":"noi-siamo","_it_post_excerpt":"Siamo tra i leader mondiali per la produzione di soluzioni e accessori made in Italy per serramenti, con caratteristiche di altissima qualita\u0300 che costituiscono un punto di riferimento sicuro per tutti gli operatori del settore.","_it_post_title":"Noi Siamo","_en_post_content":"[vc_row][vc_column width=\"1\/1\"][divider md_height=\"60\" lg_height=\"60\"][\/vc_column][\/vc_row][vc_row][vc_column width=\"1\/1\"][vc_video src=\"https:\/\/youtu.be\/0cWJA4kX_Hg\"][\/vc_column][\/vc_row][vc_row][vc_column width=\"1\/1\"][lead align=\"justify\"]We are one of the world leading producers of solutions and fittings of high quality for windows and doors and a point of reference for all the industry operators. A catalog of 18.000 items in various designs and finishes, an industrial area of 100.000 sq. m and, above all, more than 500 people employed with branch offices and sales organizations in Argentina, Russia, United States as well as throughout Europe, ensure worldwide importance to our brand. We have always managed to combine innovation and ease of use producing growth and development in full respect of both territory and people, considering the work ethic as the ground for excellence. Today more than ever, we look forward with the confidence and determination of our forty years of experience.[\/lead][\/vc_column][\/vc_row][vc_row][vc_column width=\"1\/1\"][divider md_height=\"60\" lg_height=\"60\"][\/vc_column][\/vc_row]","_en_post_name":"we-are","_en_post_excerpt":"We are one of the world leading producers of solutions and fittings of high quality for windows and doors and a point of reference for all the industry operators.","_en_post_title":"We are","_fr_post_content":"[vc_row][vc_column width=\"1\/1\"][divider md_height=\"60\" lg_height=\"60\"][\/vc_column][\/vc_row][vc_row][vc_column width=\"1\/1\"][vc_video src=\"https:\/\/youtu.be\/OMV-CFmpWz0\"][\/vc_column][\/vc_row][vc_row][vc_column width=\"1\/1\"][lead align=\"justify\"]Nous sommes parmi les leaders pour la fabrication d\u2019accessoires et solutions made in Italy pour portes et fen\u00eatres, avec caract\u00e9ristiques de grande qualit\u00e9 qui garantissent un point de r\u00e9f\u00e9rence pour les professionnels du secteur. Ayant un catalogue de plus de 18.000 articles, en consid\u00e9rant les divers mod\u00e8les et finitions, avec un b\u00e2timent productif qui occupe 100.000 m\u00e8tres carr\u00e9s et avec 500 employ\u00e9s surtout, notre marque a acquis une importance mondiale qui regroupe filiales et structures commerciales en Argentine, Russie, Etats Unis ainsi que dans toute l\u2019Europe. Depuis toujours Fapim m\u00e9lange innovation et simplicit\u00e9 d\u2019utilisation, en produisant d\u00e9veloppement dans le plein respect du territoire et des personnes et mettant l\u2019\u00e9thique du travail comme base d\u2019excellence.[\/lead][\/vc_column][\/vc_row][vc_row][vc_column width=\"1\/1\"][divider md_height=\"60\" lg_height=\"60\"][\/vc_column][\/vc_row]","_fr_post_name":"nous-sommes","_fr_post_excerpt":"Nous sommes parmi les leaders pour la fabrication d\u2019accessoires et solutions made in Italy pour portes et fen\u00eatres, avec caract\u00e9ristiques de grande qualit\u00e9 qui garantissent un point de r\u00e9f\u00e9rence pour les professionnels du secteur. ","_fr_post_title":"Nous sommes","_es_post_content":"[vc_row][vc_column width=\"1\/1\"][divider md_height=\"60\" lg_height=\"60\"][\/vc_column][\/vc_row][vc_row][vc_column width=\"1\/1\"][vc_video src=\"https:\/\/youtu.be\/HMUmTG-5JRg\"][\/vc_column][\/vc_row][vc_row][vc_column width=\"1\/1\"][lead align=\"justify\"]Fapim est\u00e1 entre los lideres mundiales para la producci\u00f3n de accesorios para carpinter\u00eda de aluminio, Made in Italy , con caracter\u00edsticas de elevada calidad que constituyen un punto de referencia cierto para todos los operadores del sector. Disponemos de un catalogo de 18.000 referencias entre los diferentes modelos y acabados, una superficie industrial total de 100.000 metros cuadrados y 500 empleados , nuestra marca ha adquirido valor a nivel mundial, contando con delegaciones y estructuras comerciales localizadas en Argentina, Rusia Estados Unidos, adem\u00e1s que en toda Europa. Desde siempre aunamos innovaci\u00f3n y sencillez de uso, fabricando desarrollo y crecimiento en el respecto de los territorios y personas y poniendo la \u00e9tica del trabajo como principio de excelencia.[\/lead][\/vc_column][\/vc_row][vc_row][vc_column width=\"1\/1\"][divider md_height=\"60\" lg_height=\"60\"][\/vc_column][\/vc_row]","_es_post_name":"nosotros-somos","_es_post_excerpt":"Fapim est\u00e1 entre los lideres mundiales para la producci\u00f3n de accesorios para carpinter\u00eda de aluminio, Made in Italy , con caracter\u00edsticas de elevada calidad que constituyen un punto de referencia cierto para todos los operadores del sector. ","_es_post_title":"Somos","_ru_post_content":"[vc_row][vc_column width=\"1\/1\"][divider md_height=\"60\" lg_height=\"60\"][\/vc_column][\/vc_row][vc_row][vc_column width=\"1\/1\"][vc_video src=\"https:\/\/youtu.be\/HMUmTG-5JRg\"][\/vc_column][\/vc_row][vc_row][vc_column width=\"1\/1\"][lead align=\"justify\"]\u041c\u044b \u044f\u0432\u043b\u044f\u0435\u043c\u0441\u044f \u043e\u0434\u043d\u0438\u043c \u0438\u0437 \u043c\u0438\u0440\u043e\u0432\u044b\u0445 \u043b\u0438\u0434\u0435\u0440\u043e\u0432 \u0432 \u043f\u0440\u043e\u0438\u0437\u0432\u043e\u0434\u0441\u0442\u0432\u0435 \u0444\u0443\u0440\u043d\u0438\u0442\u0443\u0440\u044b \u0432\u044b\u0441\u043e\u0447\u0430\u0439\u0448\u0435\u0433\u043e \u043a\u0430\u0447\u0435\u0441\u0442\u0432\u0430 (made in Italy) \u0434\u043b\u044f \u043e\u043a\u043e\u043d\u043d\u044b\u0445 \u0438 \u0434\u0432\u0435\u0440\u043d\u044b\u0445 \u043a\u043e\u043d\u0441\u0442\u0440\u0443\u043a\u0446\u0438\u0439, \u0438 \u043d\u0430\u0448\u0430 \u043f\u0440\u043e\u0434\u0443\u043a\u0446\u0438\u044f \u0437\u0430\u0432\u043e\u0435\u0432\u0430\u043b\u0430 \u0437\u0430\u0441\u043b\u0443\u0436\u0435\u043d\u043d\u044b\u0439 \u0430\u0432\u0442\u043e\u0440\u0438\u0442\u0435\u0442 \u0441\u0440\u0435\u0434\u0438 \u043e\u043f\u0435\u0440\u0430\u0442\u043e\u0440\u043e\u0432 \u043e\u0442\u0440\u0430\u0441\u043b\u0438. \u041a\u0430\u0442\u0430\u043b\u043e\u0433 \u043f\u0440\u043e\u0434\u0443\u043a\u0446\u0438\u0438 \u043d\u0430\u0441\u0447\u0438\u0442\u044b\u0432\u0430\u0435\u0442 18.000 \u0430\u0440\u0442\u0438\u043a\u0443\u043b\u043e\u0432, \u043a\u043e\u043c\u043f\u0430\u043d\u0438\u044f \u043e\u0431\u043b\u0430\u0434\u0430\u0435\u0442 \u043e\u0431\u0449\u0435\u0439 \u043f\u043b\u043e\u0449\u0430\u0434\u044c\u044e 100.000 \u043a\u0432\u0430\u0434\u0440\u0430\u0442\u043d\u044b\u0445 \u043c\u0435\u0442\u0440\u043e\u0432, \u0432 \u043d\u0435\u0439 \u0440\u0430\u0431\u043e\u0442\u0430\u0435\u0442 500 \u0440\u0430\u0431\u043e\u0442\u043d\u0438\u043a\u043e\u0432, \u043c\u0430\u0440\u043a\u0430 \u0438\u043c\u0435\u0435\u0442 \u043c\u0438\u0440\u043e\u0432\u0443\u044e \u0438\u0437\u0432\u0435\u0441\u0442\u043d\u043e\u0441\u0442\u044c, \u0438 \u043a\u043e\u043c\u043c\u0435\u0440\u0447\u0435\u0441\u043a\u0438\u0435 \u043f\u0440\u0435\u0434\u0441\u0442\u0430\u0432\u0438\u0442\u0435\u043b\u044c\u0441\u0442\u0432\u0430 \u0438\u043c\u0435\u044e\u0442\u0441\u044f \u0432 \u0441\u0442\u0440\u0430\u043d\u0430\u0445 \u0415\u0432\u0440\u043e\u043f\u044b, \u0432 \u0410\u0440\u0433\u0435\u043d\u0442\u0438\u043d\u0435, \u0420\u043e\u0441\u0441\u0438\u0438 \u0438 \u0421\u043e\u0435\u0434\u0438\u043d\u0435\u043d\u043d\u044b\u0445 \u0428\u0442\u0430\u0442\u0430\u0445.\r\n\u0412 \u043d\u0430\u0448\u0435\u0439 \u043f\u0440\u043e\u0434\u0443\u043a\u0446\u0438\u0438 \u0441\u043e\u0447\u0435\u0442\u0430\u044e\u0442\u0441\u044f \u0438\u043d\u043d\u043e\u0432\u0430\u0446\u0438\u0438 \u0441 \u043f\u0440\u043e\u0441\u0442\u043e\u0442\u043e\u0439 \u044d\u043a\u0441\u043f\u043b\u0443\u0430\u0442\u0430\u0446\u0438\u0438, \u044d\u0442\u043e \u043e\u0431\u0435\u0441\u043f\u0435\u0447\u0438\u0432\u0430\u0435\u0442 \u0440\u043e\u0441\u0442 \u0444\u0438\u0440\u043c\u044b \u0438 \u0440\u0430\u0441\u0448\u0438\u0440\u0435\u043d\u0438\u0435 \u0442\u0435\u0440\u0440\u0438\u0442\u043e\u0440\u0438\u0438 \u043f\u0440\u043e\u0434\u0430\u0436. \u0423\u0432\u0430\u0436\u0435\u043d\u0438\u0435 \u043a \u043f\u0435\u0440\u0441\u043e\u043d\u0430\u043b\u0443, \u0440\u0430\u0431\u043e\u0447\u0430\u044f \u044d\u0442\u0438\u043a\u0430 \u044f\u0432\u043b\u044f\u044e\u0442\u0441\u044f \u0444\u0443\u043d\u0434\u0430\u043c\u0435\u043d\u0442\u043e\u043c \u0441\u043e\u0432\u0435\u0440\u0448\u0435\u043d\u0441\u0442\u0432\u0430. \u0421\u0435\u0433\u043e\u0434\u043d\u044f, \u043a\u0430\u043a \u0438 \u0432\u0441\u0435\u0433\u0434\u0430, \u0441\u0442\u0430\u0432\u0438\u043c \u0432\u043e \u0433\u043b\u0430\u0432\u0443 \u0443\u0433\u043b\u0430 \u0431\u0435\u0437\u043e\u043f\u0430\u0441\u043d\u043e\u0441\u0442\u044c, \u043e\u0441\u043d\u043e\u0432\u0430\u043d\u043d\u0443\u044e \u043d\u0430 \u0441\u043e\u0440\u043e\u043a\u0430\u043b\u0435\u0442\u043d\u0435\u043c \u043e\u043f\u044b\u0442\u0435.\r\n[\/lead][\/vc_column][\/vc_row][vc_row][vc_column width=\"1\/1\"][divider md_height=\"60\" lg_height=\"60\"][\/vc_column][\/vc_row]","_ru_post_name":"noi-siamo","_ru_post_excerpt":"\u041c\u044b \u044f\u0432\u043b\u044f\u0435\u043c\u0441\u044f \u043e\u0434\u043d\u0438\u043c \u0438\u0437 \u043c\u0438\u0440\u043e\u0432\u044b\u0445 \u043b\u0438\u0434\u0435\u0440\u043e\u0432 \u0432 \u043f\u0440\u043e\u0438\u0437\u0432\u043e\u0434\u0441\u0442\u0432\u0435 \u0444\u0443\u0440\u043d\u0438\u0442\u0443\u0440\u044b \u0432\u044b\u0441\u043e\u0447\u0430\u0439\u0448\u0435\u0433\u043e \u043a\u0430\u0447\u0435\u0441\u0442\u0432\u0430 (made in Italy) \u0434\u043b\u044f \u043e\u043a\u043e\u043d\u043d\u044b\u0445 \u0438 \u0434\u0432\u0435\u0440\u043d\u044b\u0445 \u043a\u043e\u043d\u0441\u0442\u0440\u0443\u043a\u0446\u0438\u0439, \u0438 \u043d\u0430\u0448\u0430 \u043f\u0440\u043e\u0434\u0443\u043a\u0446\u0438\u044f \u0437\u0430\u0432\u043e\u0435\u0432\u0430\u043b\u0430 \u0437\u0430\u0441\u043b\u0443\u0436\u0435\u043d\u043d\u044b\u0439 \u0430\u0432\u0442\u043e\u0440\u0438\u0442\u0435\u0442 \u0441\u0440\u0435\u0434\u0438 \u043e\u043f\u0435\u0440\u0430\u0442\u043e\u0440\u043e\u0432 \u043e\u0442\u0440\u0430\u0441\u043b\u0438.","_ru_post_title":"\u041e \u043d\u0430\u0441","_pl_post_content":"[vc_row][vc_column width=\"1\/1\"][divider md_height=\"60\" lg_height=\"60\"][\/vc_column][\/vc_row][vc_row][vc_column width=\"1\/1\"][vc_video src=\"https:\/\/youtu.be\/HMUmTG-5JRg\"][\/vc_column][\/vc_row][vc_row][vc_column width=\"1\/1\"][lead align=\"justify\"]Jeste\u015bmy jednym ze \u015bwiatowych lider\u00f3w w produkcji rozwi\u0105za\u0144 i akcesori\u00f3w w zakresie stolarki Made in Italy, cechuj\u0105cych si\u0119 najwy\u017csz\u0105 jako\u015bci\u0105 oraz stanowi\u0105cych pewny punkt odniesienia dla wszystkich podmiot\u00f3w dzia\u0142aj\u0105cych w tym sektorze. Dzi\u0119ki katalogowi zawieraj\u0105cemu 18 000 pozycji obejmuj\u0105cych r\u00f3\u017cne modele i wyko\u0144czenia, ca\u0142kowitej powierzchni przemys\u0142owej wynosz\u0105cej 100 000 m2, a przede wszystkim 500 pracownikom nasza marka zdoby\u0142a \u015bwiatowe uznanie, tworz\u0105c filie i struktury handlowe w Argentynie, Rosji, Stanach Zjednoczonych, a tak\u017ce w ca\u0142ej Europie. Od zawsze \u0142\u0105czymy innowacyjno\u015b\u0107 i prostot\u0119 u\u017cytkowania, notuj\u0105c wzrost i rozw\u00f3j z pe\u0142nym poszanowaniem ludzi i terytorium, czyni\u0105c z etyki pracy fundament d\u0105\u017cenia do doskona\u0142o\u015bci.[\/lead][\/vc_column][\/vc_row][vc_row][vc_column width=\"1\/1\"][divider md_height=\"60\" lg_height=\"60\"][\/vc_column][\/vc_row]","_pl_post_name":"kim-jestesmy","_pl_post_excerpt":"","_pl_post_title":"Kim jeste\u015bmy","edit_language":"es","footnotes":""},"class_list":["post-76","page","type-page","status-publish","hentry"],"_links":{"self":[{"href":"https:\/\/www.fapim.it\/es\/wp-json\/wp\/v2\/pages\/76","targetHints":{"allow":["GET"]}}],"collection":[{"href":"https:\/\/www.fapim.it\/es\/wp-json\/wp\/v2\/pages"}],"about":[{"href":"https:\/\/www.fapim.it\/es\/wp-json\/wp\/v2\/types\/page"}],"author":[{"embeddable":true,"href":"https:\/\/www.fapim.it\/es\/wp-json\/wp\/v2\/users\/1"}],"replies":[{"embeddable":true,"href":"https:\/\/www.fapim.it\/es\/wp-json\/wp\/v2\/comments?post=76"}],"version-history":[{"count":8,"href":"https:\/\/www.fapim.it\/es\/wp-json\/wp\/v2\/pages\/76\/revisions"}],"predecessor-version":[{"id":26464,"href":"https:\/\/www.fapim.it\/es\/wp-json\/wp\/v2\/pages\/76\/revisions\/26464"}],"wp:attachment":[{"href":"https:\/\/www.fapim.it\/es\/wp-json\/wp\/v2\/media?parent=76"}],"curies":[{"name":"wp","href":"https:\/\/api.w.org\/{rel}","templated":true}]}}