   {"id":13575,"date":"2019-02-07T11:18:31","date_gmt":"2019-02-07T10:18:31","guid":{"rendered":"http:\/\/testsito.fapim.it\/site\/noi-facciamo\/qualita-e-certificazioni\/certificazioni-di-prodotto\/finestre-a-sporgere\/"},"modified":"2025-05-29T16:33:11","modified_gmt":"2025-05-29T14:33:11","slug":"fenetre-a-litalien","status":"publish","type":"page","link":"https:\/\/www.fapim.it\/fr\/nous-faisons\/qualite-et-certifications-2\/fenetre-a-litalien\/","title":{"rendered":"Fen\u00eatre \u00e0 l\u2019italien","raw":"Fen\u00eatre \u00e0 l\u2019italien"},"content":{"rendered":"<section class=\"section  text-normal section-text-no-shadow section-inner-no-shadow section-normal section-opaque\"  >\r\n    \r\n    <div class=\"background-overlay grid-overlay-0 \" style=\"background-color: rgba(0,0,0,0);\"><\/div>\r\n\r\n    <div class=\"container container-vertical-default\">\r\n        <div class=\"row vertical-default\">\r\n            <div class=\"col-md-12     text-left small-screen-center os-animation\" data-os-animation=\"fadeIn\" data-os-animation-delay=\"0s\" ><h1 class=\"text-left  element-top-24 element-bottom-20 text-normal normal regular\" data-os-animation=\"none\" data-os-animation-delay=\"0s\" >\r\nAAMA<\/h1>\r\n<\/div>        <\/div>\r\n    <\/div>\r\n<\/section>\r\n<section class=\"section  text-normal section-text-no-shadow section-inner-no-shadow section-normal section-opaque\"  >\r\n    \r\n    <div class=\"background-overlay grid-overlay-0 \" style=\"background-color: rgba(0,0,0,0);\"><\/div>\r\n\r\n    <div class=\"container container-vertical-default\">\r\n        <div class=\"row vertical-default\">\r\n            <div class=\"col-md-6     text-default small-screen-default\"  ><p class=\"lead text-justify justify  text-normal element-top-20 element-bottom-20\" data-os-animation=\"none\" data-os-animation-delay=\"0s\">AAMA (American Architectural Manufacturers Association) a \u00e9t\u00e9 cr\u00e9\u00e9e aux \u00c9tats-Unis en 1936 et est l&#8217;une des associations les plus prestigieuses du monde industriel des fen\u00eatres et de leurs composants.<br \/>\nL&#8217;objectif principal de l&#8217;association est de r\u00e9diger et de faire respecter, \u00e0 travers des programmes de certification, les exigences de performance des fen\u00eatres compl\u00e8tes et de leurs accessoires, \u00e0 travers des tests et des audits chez les fabricants.<br \/>\nNous avons test\u00e9 les bras pour fen\u00eatres ouvrant \u00e0 l\u2019italilenne dans un laboratoire INTERTEK aux USA et accr\u00e9dit\u00e9 par l&#8217;AAMA selon les normes :<br \/>\n\u2013 AAMA 904-01 Voluntary specification for multi-bar hinges in window applications<br \/>\n\u2013 AAMA 907-05 Voluntary specification for corrosion resistant coating on carbon steel components.<br \/>\nSur la base des rapports \u00e9tablis, l&#8217;AAMA a certifi\u00e9 les bras 3250*.<\/p><\/div><div class=\"col-md-6     text-center small-screen-default\"  ><div class=\"figure element-top-20 element-bottom-20  \" data-os-animation=\"none\" data-os-animation-delay=\"0s\">\r\n            <span class=\"figure-image\">\r\n        <img loading=\"lazy\" decoding=\"async\" width=\"400\" height=\"400\" src=\"https:\/\/www.fapim.it\/wp-content\/uploads\/2019\/03\/AMA.jpg\" class=\"attachment-full size-full\" alt=\"\" srcset=\"https:\/\/www.fapim.it\/wp-content\/uploads\/2019\/03\/AMA.jpg 400w, https:\/\/www.fapim.it\/wp-content\/uploads\/2019\/03\/AMA-150x150.jpg 150w, https:\/\/www.fapim.it\/wp-content\/uploads\/2019\/03\/AMA-300x300.jpg 300w\" sizes=\"auto, (max-width: 400px) 100vw, 400px\" \/>            <\/span>\r\n    <\/div>\r\n<\/div>        <\/div>\r\n    <\/div>\r\n<\/section>\r\n<section class=\"section  text-normal section-text-no-shadow section-inner-no-shadow section-normal section-opaque\"  >\r\n    \r\n    <div class=\"background-overlay grid-overlay-0 \" style=\"background-color: rgba(0,0,0,0);\"><\/div>\r\n\r\n    <div class=\"container container-vertical-default\">\r\n        <div class=\"row vertical-default\">\r\n            <div class=\"col-md-12     text-default small-screen-default\"  ><div class=\"divider-wrapper \" style=\"visibility:hidden;background-color:#FFFFFF\">\r\n    <div class=\"visible-xs\" style=\"height:24px;\"><\/div>\r\n    <div class=\"visible-sm\" style=\"height:24px;\"><\/div>\r\n    <div class=\"visible-md\" style=\"height:24px;\"><\/div>\r\n    <div class=\"visible-lg\" style=\"height:24px;\"><\/div>\r\n<\/div><\/div>        <\/div>\r\n    <\/div>\r\n<\/section>\n","protected":false,"raw":"[vc_row background_image_attachment=\"fixed\"][vc_column align=\"left\" align_sm=\"center\" scroll_animation=\"fadeIn\" width=\"1\/1\"][heading margin_top=\"24\"]AAMA[\/heading][\/vc_column][\/vc_row][vc_row][vc_column width=\"1\/2\"][lead align=\"justify\"]AAMA (American Architectural Manufacturers Association) a \u00e9t\u00e9 cr\u00e9\u00e9e aux \u00c9tats-Unis en 1936 et est l'une des associations les plus prestigieuses du monde industriel des fen\u00eatres et de leurs composants.\r\nL'objectif principal de l'association est de r\u00e9diger et de faire respecter, \u00e0 travers des programmes de certification, les exigences de performance des fen\u00eatres compl\u00e8tes et de leurs accessoires, \u00e0 travers des tests et des audits chez les fabricants.\r\nNous avons test\u00e9 les bras pour fen\u00eatres ouvrant \u00e0 l\u2019italilenne dans un laboratoire INTERTEK aux USA et accr\u00e9dit\u00e9 par l'AAMA selon les normes :\r\n\u2013 AAMA 904-01 Voluntary specification for multi-bar hinges in window applications\r\n\u2013 AAMA 907-05 Voluntary specification for corrosion resistant coating on carbon steel components.\r\nSur la base des rapports \u00e9tablis, l'AAMA a certifi\u00e9 les bras 3250*.[\/lead][\/vc_column][vc_column align=\"center\" width=\"1\/2\"][vc_single_image image=\"15521\" link_type=\"no-link\"][\/vc_column][\/vc_row][vc_row][vc_column width=\"1\/1\"][divider][\/vc_column][\/vc_row]"},"excerpt":{"rendered":"AAMA AAMA AAMA (American Architectural Manufacturers Association) \u00e8 stata istituita negli USA nel 1936 ed \u00e8 una delle pi\u00f9 prestigiose associazioni che operano nel mondo industriale dei serramenti e componenti per serramenti. Scopo principale dell\u2019associazione \u00e8 scrivere e far rispettare, attraverso programmi di certificazione, i requisiti prestazionali sia di serramenti completi, sia dei loro accessori,","protected":false,"raw":""},"author":1,"featured_media":16403,"parent":25593,"menu_order":16,"comment_status":"closed","ping_status":"closed","template":"","meta":{"_it_post_content":"[vc_row background_image_attachment=\"fixed\"][vc_column align=\"left\" align_sm=\"center\" scroll_animation=\"fadeIn\" width=\"1\/1\"][heading margin_top=\"24\"]AAMA[\/heading][\/vc_column][\/vc_row][vc_row][vc_column width=\"1\/2\"][lead align=\"justify\"]AAMA\r\nAAMA (American Architectural Manufacturers Association) \u00e8 stata istituita negli USA nel 1936 ed \u00e8 una delle pi\u00f9 prestigiose associazioni che operano nel mondo industriale dei serramenti e componenti per serramenti.\r\nScopo principale dell\u2019associazione \u00e8 scrivere e far rispettare, attraverso programmi di certificazione, i requisiti prestazionali sia di serramenti completi, sia dei loro accessori, attraverso test ed audit presso i produttori.\r\nAbbiamo testato i bracci per le finestre a sporgere presso un laboratorio INTERTEK in USA ed accreditato da AAMA secondo le norme:\r\n\u2013 AAMA 904-01 Voluntary specification for multi-bar hinges in window applications\r\n\u2013 AAMA 907-05 Voluntary specification for corrosion resistant coating on carbon steel components.\r\nSulla base dei report redatti, AAMA ha certificato i bracci 3250*.[\/lead][\/vc_column][vc_column align=\"center\" width=\"1\/2\"][vc_single_image image=\"15521\" link_type=\"no-link\"][\/vc_column][\/vc_row][vc_row][vc_column width=\"1\/1\"][divider][\/vc_column][\/vc_row]","_it_post_name":"finestre-a-sporgere","_it_post_excerpt":"","_it_post_title":"Finestre a sporgere","_en_post_content":"[vc_row background_image_attachment=\"fixed\"][vc_column align=\"left\" align_sm=\"center\" scroll_animation=\"fadeIn\" width=\"1\/1\"][heading margin_top=\"24\"]AAMA[\/heading][\/vc_column][\/vc_row][vc_row][vc_column width=\"1\/2\"][lead align=\"justify\"]AAMA (American Architectural Manufacturers Association) was established in the USA in 1936 and is one of the most prestigious associations operating in the industrial world of windows and doors and windows and doors components.\r\nThe main purpose of the association is to write and enforce, through certification programs, the performance requirements of both complete windows and doors and their accessories, through tests and audits at the manufacturers.\r\nWe have tested the arms for top-hung windows at INTERTEK laboratory in the USA and accredited by AAMA according to the standards:\r\n\u2013 AAMA 904-01 Voluntary specification for multi-bar hinges in window applications\r\n\u2013 AAMA 907-05 Voluntary specification for corrosion resistant coating on carbon steel components.\r\nBased on the reports compiled, AAMA has certified the 3250* arms.[\/lead][\/vc_column][vc_column align=\"center\" width=\"1\/2\"][vc_single_image image=\"15521\" link_type=\"no-link\"][\/vc_column][\/vc_row][vc_row][vc_column width=\"1\/1\"][divider][\/vc_column][\/vc_row]","_en_post_name":"finestre-a-sporgere","_en_post_excerpt":"","_en_post_title":"PROJECT-OUT WINDOW","_fr_post_content":"[vc_row background_image_attachment=\"fixed\"][vc_column align=\"left\" align_sm=\"center\" scroll_animation=\"fadeIn\" width=\"1\/1\"][heading margin_top=\"24\"]AAMA[\/heading][\/vc_column][\/vc_row][vc_row][vc_column width=\"1\/2\"][lead align=\"justify\"]AAMA (American Architectural Manufacturers Association) a \u00e9t\u00e9 cr\u00e9\u00e9e aux \u00c9tats-Unis en 1936 et est l'une des associations les plus prestigieuses du monde industriel des fen\u00eatres et de leurs composants.\r\nL'objectif principal de l'association est de r\u00e9diger et de faire respecter, \u00e0 travers des programmes de certification, les exigences de performance des fen\u00eatres compl\u00e8tes et de leurs accessoires, \u00e0 travers des tests et des audits chez les fabricants.\r\nNous avons test\u00e9 les bras pour fen\u00eatres ouvrant \u00e0 l\u2019italilenne dans un laboratoire INTERTEK aux USA et accr\u00e9dit\u00e9 par l'AAMA selon les normes :\r\n\u2013 AAMA 904-01 Voluntary specification for multi-bar hinges in window applications\r\n\u2013 AAMA 907-05 Voluntary specification for corrosion resistant coating on carbon steel components.\r\nSur la base des rapports \u00e9tablis, l'AAMA a certifi\u00e9 les bras 3250*.[\/lead][\/vc_column][vc_column align=\"center\" width=\"1\/2\"][vc_single_image image=\"15521\" link_type=\"no-link\"][\/vc_column][\/vc_row][vc_row][vc_column width=\"1\/1\"][divider][\/vc_column][\/vc_row]","_fr_post_name":"fenetre-a-litalien","_fr_post_excerpt":"","_fr_post_title":"Fen\u00eatre \u00e0 l\u2019italien","_es_post_content":"[vc_row background_image_attachment=\"fixed\"][vc_column align=\"left\" align_sm=\"center\" scroll_animation=\"fadeIn\" width=\"1\/1\"][heading margin_top=\"24\"]AAMA[\/heading][\/vc_column][\/vc_row][vc_row][vc_column width=\"1\/2\"][lead align=\"justify\"]AAMA (American Architectural Manufacturers Association) fundada en Estados Unidos en 1936 es una de las asociaciones m\u00e1s prestigiosas que act\u00faan en el mundo industrial de las ventanas y sus componentes.\r\nEl objetivo principal de la asociaci\u00f3n es redactar y hacer cumplir, a trav\u00e9s de programas de certificaci\u00f3n, los requisitos de prestaciones de puertas y ventanas completas de sus accesorios, a trav\u00e9s de pruebas y auditor\u00edas a los fabricantes.\r\nEst\u00e1n ensayados los compases para ventanas abatibles en un laboratorio de INTERTEK en EE.UU. acreditados por AAMA seg\u00fan las normas:\r\n\u2013 AAMA 904-01 Especificaci\u00f3n voluntaria para bisagras de barras m\u00faltiples en aplicaciones de ventanas\r\n\u2013 AAMA 907-05 Especificaci\u00f3n voluntaria para revestimiento resistente a la corrosi\u00f3n en componentes de acero al carbono.\r\nBas\u00e1ndose en los informes elaborados, la AAMA est\u00e1n certificados los compases las 3250.[\/lead][\/vc_column][vc_column align=\"center\" width=\"1\/2\"][vc_single_image image=\"15521\" link_type=\"no-link\"][\/vc_column][\/vc_row][vc_row][vc_column width=\"1\/1\"][divider][\/vc_column][\/vc_row]","_es_post_name":"ventanas-abatibles","_es_post_excerpt":"","_es_post_title":"Ventanas abatibles","_ru_post_content":"[vc_row background_image_attachment=\"fixed\"][vc_column align=\"left\" align_sm=\"center\" scroll_animation=\"fadeIn\" width=\"1\/1\"][heading margin_top=\"24\"]AAMA[\/heading][\/vc_column][\/vc_row][vc_row][vc_column width=\"1\/2\"][lead align=\"justify\"]\u0410\u0441\u0441\u043e\u0446\u0438\u0430\u0446\u0438\u044f AAMA (American Architectural Manufacturers Association) \u0431\u044b\u043b\u0430 \u043e\u0431\u0440\u0430\u0437\u043e\u0432\u0430\u043d\u0430 \u0432 \u0421\u0428\u0410 \u0432 1936 \u0433\u043e\u0434\u0443 \u0438 \u044f\u0432\u043b\u044f\u0435\u0442\u0441\u044f \u043e\u0434\u043d\u043e\u0439 \u0438\u0437 \u043e\u0441\u043d\u043e\u0432\u043d\u044b\u0445 \u0430\u0441\u0441\u043e\u0446\u0438\u0430\u0446\u0438\u0439, \u0440\u0430\u0431\u043e\u0442\u0430\u044e\u0449\u0438\u0445 \u0432 \u043e\u0431\u043b\u0430\u0441\u0442\u0438 \u043e\u043a\u043e\u043d\u043d\u044b\u0445 \u0438 \u0434\u0432\u0435\u0440\u043d\u044b\u0445 \u043a\u043e\u043d\u0441\u0442\u0440\u0443\u043a\u0446\u0438\u0439 \u0438 \u0444\u0443\u0440\u043d\u0438\u0442\u0443\u0440\u044b \u0434\u043b\u044f \u043d\u0438\u0445. \u0421 1962 \u0433. \u043e\u0441\u043d\u043e\u0432\u043d\u043e\u0439 \u0446\u0435\u043b\u044c\u044e \u0430\u0441\u0441\u043e\u0446\u0438\u0430\u0446\u0438\u0438 \u0441\u0442\u0430\u043b\u043e \u043d\u0430\u043f\u0438\u0441\u0430\u043d\u0438\u0435 \u0438 \u043d\u0430\u0434\u0437\u043e\u0440 \u043d\u0430\u0434 \u0441\u043e\u0431\u043b\u044e\u0434\u0435\u043d\u0438\u0435\u043c \u0441 \u043f\u043e\u043c\u043e\u0449\u044c\u044e \u043f\u0440\u043e\u0433\u0440\u0430\u043c\u043c \u0441\u0435\u0440\u0442\u0438\u0444\u0438\u043a\u0430\u0446\u0438\u0438 \u0442\u0440\u0435\u0431\u043e\u0432\u0430\u043d\u0438\u0439, \u043f\u0440\u0435\u0434\u044a\u044f\u0432\u043b\u044f\u0435\u043c\u044b\u0445 \u043a\u0430\u043a \u043a \u0441\u043e\u0431\u0440\u0430\u043d\u043d\u044b\u043c \u043e\u043a\u043d\u0430\u043c \u0438 \u0434\u0432\u0435\u0440\u044f\u043c, \u0442\u0430\u043a \u0438 \u043a \u0438\u0445 \u0444\u0443\u0440\u043d\u0438\u0442\u0443\u0440\u0435. \u041d\u0430\u0434\u0437\u043e\u0440 \u043f\u0440\u043e\u0438\u0437\u0432\u043e\u0434\u0438\u0442\u0441\u044f \u0441 \u043f\u043e\u043c\u043e\u0449\u044c\u044e \u0442\u0435\u0441\u0442\u0438\u0440\u043e\u0432\u0430\u043d\u0438\u044f \u043f\u0440\u043e\u0434\u0443\u043a\u0446\u0438\u0438 \u0438 \u0430\u0443\u0434\u0438\u0442\u0430 \u043f\u0440\u043e\u0438\u0437\u0432\u043e\u0434\u0438\u0442\u0435\u043b\u0435\u0439. \u0420\u044b\u0447\u0430\u0433\u0438 \u0434\u043b\u044f \u043e\u043a\u043e\u043d \u0441 \u043e\u0442\u043a\u0438\u0434\u043d\u044b\u043c \u043e\u0442\u043a\u0440\u044b\u0432\u0430\u043d\u0438\u0435\u043c \u043d\u0430\u0440\u0443\u0436\u0443 \u0431\u044b\u043b\u0438 \u043f\u0440\u043e\u0442\u0435\u0441\u0442\u0438\u0440\u043e\u0432\u0430\u043d\u044b \u0432 \u043d\u0430\u0448\u0438\u0445 \u043b\u0430\u0431\u043e\u0440\u0430\u0442\u043e\u0440\u0438\u044f\u0445 \u0438 \u0441\u043e\u043e\u0442\u0432\u0435\u0442\u0441\u0442\u0432\u0443\u044e\u0442 \u041d\u043e\u0440\u043c\u0430\u043c:\r\n\u2014 AAMA 904-01 \u0420\u0435\u043a\u043e\u043c\u0435\u043d\u0434\u0443\u0435\u043c\u044b\u0435 \u0442\u0440\u0435\u0431\u043e\u0432\u0430\u043d\u0438\u044f \u043a \u0448\u0430\u0440\u043d\u0438\u0440\u043d\u044b\u043c \u0440\u044b\u0447\u0430\u0433\u0430\u043c, \u043f\u0440\u0438\u043c\u0435\u043d\u044f\u0435\u043c\u044b\u043c \u0432 \u043e\u043a\u043d\u0430\u0445.\r\n\u2014 AAMA 907-05 \u0420\u0435\u043a\u043e\u043c\u0435\u043d\u0434\u0443\u0435\u043c\u044b\u0435 \u0442\u0440\u0435\u0431\u043e\u0432\u0430\u043d\u0438\u044f \u043a \u043a\u0440\u0430\u0441\u043a\u0430\u043c \u0441 \u0430\u043d\u0442\u0438\u043a\u043e\u0440\u0440\u043e\u0437\u0438\u043e\u043d\u043d\u043e\u0439 \u0441\u0442\u043e\u0439\u043a\u043e\u0441\u0442\u044c\u044e, \u043f\u0440\u0438\u043c\u0435\u043d\u044f\u0435\u043c\u044b\u043c \u0434\u043b\u044f \u043a\u043e\u043c\u043f\u043e\u043d\u0435\u043d\u0442\u043e\u0432 \u0438\u0437 \u0443\u0433\u043b\u0435\u0440\u043e\u0434\u0438\u0441\u0442\u043e\u0439 \u0441\u0442\u0430\u043b\u0438.[\/lead][\/vc_column][vc_column align=\"center\" width=\"1\/2\"][vc_single_image image=\"15521\" link_type=\"no-link\"][\/vc_column][\/vc_row][vc_row][vc_column width=\"1\/1\"][divider][\/vc_column][\/vc_row]","_ru_post_name":"okna-s-naruzhnym-otkidnym-otkryvaniem","_ru_post_excerpt":"","_ru_post_title":"\u041e\u043a\u043d\u0430 \u0441 \u043d\u0430\u0440\u0443\u0436\u043d\u044b\u043c \u043e\u0442\u043a\u0438\u0434\u043d\u044b\u043c \u043e\u0442\u043a\u0440\u044b\u0432\u0430\u043d\u0438\u0435\u043c","_pl_post_content":"[vc_row background_image_attachment=\"fixed\"][vc_column align=\"left\" align_sm=\"center\" scroll_animation=\"fadeIn\" width=\"1\/1\"][heading margin_top=\"24\"]AAMA[\/heading][\/vc_column][\/vc_row][vc_row][vc_column width=\"1\/2\"][lead align=\"justify\"]Za\u0142o\u017cone w 1936 r. w USA stowarzyszenie AAMA (American Architectural Manufacturers Association) jest jedn\u0105 z najbardziej presti\u017cowych organizacji dzia\u0142aj\u0105cych w bran\u017cy stolarki okiennej i drzwiowej oraz przeznaczonych do niej oku\u0107.\r\nPodstawowym celem stowarzyszenia jest opracowywanie i egzekwowanie, za po\u015brednictwem program\u00f3w certyfikacji, wymaga\u0144 u\u017cytkowych zar\u00f3wno dla kompletnej stolarki, jak i oku\u0107, poprzez prowadzenie test\u00f3w i audyt\u00f3w w zak\u0142adach producent\u00f3w.\r\nNo\u017cyce do okien wychylnych zosta\u0142y przetestowane w laboratorium INTERTEK w USA posiadaj\u0105cym akredytacj\u0119 AAMA zgodnie z poni\u017cszymi normami:\r\n\u2013 AAMA 904-01 Voluntary specification for multi-bar hinges in window applications\r\n\u2013 AAMA 907-05 Voluntary specification for corrosion resistant coating on carbon steel components.\r\nNa podstawie sporz\u0105dzonych raport\u00f3w, AAMA certyfikowa\u0142a no\u017cyce o nr artyku\u0142u 3250*.[\/lead][\/vc_column][vc_column align=\"center\" width=\"1\/2\"][vc_single_image image=\"15521\"][\/vc_column][\/vc_row][vc_row][vc_column width=\"1\/1\"][divider][\/vc_column][\/vc_row]","_pl_post_name":"okna-odchylne","_pl_post_excerpt":"","_pl_post_title":"Okna odchylne","edit_language":"fr","footnotes":""},"class_list":["post-13575","page","type-page","status-publish","has-post-thumbnail","hentry"],"_links":{"self":[{"href":"https:\/\/www.fapim.it\/fr\/wp-json\/wp\/v2\/pages\/13575","targetHints":{"allow":["GET"]}}],"collection":[{"href":"https:\/\/www.fapim.it\/fr\/wp-json\/wp\/v2\/pages"}],"about":[{"href":"https:\/\/www.fapim.it\/fr\/wp-json\/wp\/v2\/types\/page"}],"author":[{"embeddable":true,"href":"https:\/\/www.fapim.it\/fr\/wp-json\/wp\/v2\/users\/1"}],"replies":[{"embeddable":true,"href":"https:\/\/www.fapim.it\/fr\/wp-json\/wp\/v2\/comments?post=13575"}],"version-history":[{"count":4,"href":"https:\/\/www.fapim.it\/fr\/wp-json\/wp\/v2\/pages\/13575\/revisions"}],"predecessor-version":[{"id":24472,"href":"https:\/\/www.fapim.it\/fr\/wp-json\/wp\/v2\/pages\/13575\/revisions\/24472"}],"up":[{"embeddable":true,"href":"https:\/\/www.fapim.it\/fr\/wp-json\/wp\/v2\/pages\/25593"}],"wp:featuredmedia":[{"embeddable":true,"href":"https:\/\/www.fapim.it\/fr\/wp-json\/wp\/v2\/media\/16403"}],"wp:attachment":[{"href":"https:\/\/www.fapim.it\/fr\/wp-json\/wp\/v2\/media?parent=13575"}],"curies":[{"name":"wp","href":"https:\/\/api.w.org\/{rel}","templated":true}]}}