   {"id":21444,"date":"2021-11-09T16:31:28","date_gmt":"2021-11-09T15:31:28","guid":{"rendered":"https:\/\/www.fapim.it\/?page_id=21444"},"modified":"2021-11-09T16:41:37","modified_gmt":"2021-11-09T15:41:37","slug":"france","status":"publish","type":"page","link":"https:\/\/www.fapim.it\/fr\/france\/","title":{"rendered":"France","raw":"France"},"content":{"rendered":"<section class=\"section  text-normal section-text-no-shadow section-inner-no-shadow section-normal section-opaque\"  >\r\n    \r\n    <div class=\"background-overlay grid-overlay-0 \" style=\"background-color: rgba(0,0,0,0);\"><\/div>\r\n\r\n    <div class=\"container container-vertical-default\">\r\n        <div class=\"row vertical-default\">\r\n            <div class=\"col-md-12     text-default small-screen-default\"  ><div class=\"divider-wrapper \" style=\"visibility:hidden;background-color:#FFFFFF\">\r\n    <div class=\"visible-xs\" style=\"height:24px;\"><\/div>\r\n    <div class=\"visible-sm\" style=\"height:24px;\"><\/div>\r\n    <div class=\"visible-md\" style=\"height:24px;\"><\/div>\r\n    <div class=\"visible-lg\" style=\"height:24px;\"><\/div>\r\n<\/div><\/div>        <\/div>\r\n    <\/div>\r\n<\/section>\r\n<section class=\"section  text-normal section-text-no-shadow section-inner-no-shadow section-normal section-opaque\"  >\r\n    \r\n    <div class=\"background-overlay grid-overlay-0 \" style=\"background-color: rgba(0,0,0,0);\"><\/div>\r\n\r\n    <div class=\"container container-vertical-default\">\r\n        <div class=\"row vertical-default\">\r\n            <div class=\"col-md-12     text-default small-screen-default\"  ><div class=\" element-top-20 element-bottom-20\" data-os-animation=\"none\" data-os-animation-delay=\"0s\" ><iframe loading=\"lazy\" width=\"1170\" height=\"658\" src=\"https:\/\/www.youtube.com\/embed\/KrwZpwvV_Ss?feature=oembed\" frameborder=\"0\" allow=\"accelerometer; autoplay; clipboard-write; encrypted-media; gyroscope; picture-in-picture\" allowfullscreen><\/iframe><\/div><\/div>        <\/div>\r\n    <\/div>\r\n<\/section>\r\n<section class=\"section  text-normal section-text-no-shadow section-inner-no-shadow section-normal section-opaque\"  >\r\n    \r\n    <div class=\"background-overlay grid-overlay-0 \" style=\"background-color: rgba(0,0,0,0);\"><\/div>\r\n\r\n    <div class=\"container container-vertical-default\">\r\n        <div class=\"row vertical-default\">\r\n            <div class=\"col-md-12     text-default small-screen-default\"  ><div class=\"divider-wrapper \" style=\"visibility:hidden;background-color:#FFFFFF\">\r\n    <div class=\"visible-xs\" style=\"height:24px;\"><\/div>\r\n    <div class=\"visible-sm\" style=\"height:24px;\"><\/div>\r\n    <div class=\"visible-md\" style=\"height:24px;\"><\/div>\r\n    <div class=\"visible-lg\" style=\"height:24px;\"><\/div>\r\n<\/div><\/div>        <\/div>\r\n    <\/div>\r\n<\/section>\r\n<section class=\"section  text-normal section-text-no-shadow section-inner-no-shadow section-normal section-opaque\"  >\r\n    \r\n    <div class=\"background-overlay grid-overlay-0 \" style=\"background-color: rgba(0,0,0,0);\"><\/div>\r\n\r\n    <div class=\"container container-vertical-default\">\r\n        <div class=\"row vertical-default\">\r\n            <div class=\"col-md-3     text-center small-screen-center\"  ><div class=\"figure element-top-20 element-bottom-20  \" data-os-animation=\"none\" data-os-animation-delay=\"0s\">\r\n            <a href=\"https:\/\/www.fapim.it\/wp-content\/uploads\/2019\/04\/Philippe-Martin.jpg\" class=\"figure-image magnific\" target=\"_self\">\r\n        <img loading=\"lazy\" decoding=\"async\" width=\"276\" height=\"300\" src=\"https:\/\/www.fapim.it\/wp-content\/uploads\/2019\/04\/Philippe-Martin-276x300.jpg\" class=\"attachment-medium size-medium\" alt=\"\" srcset=\"https:\/\/www.fapim.it\/wp-content\/uploads\/2019\/04\/Philippe-Martin-276x300.jpg 276w, https:\/\/www.fapim.it\/wp-content\/uploads\/2019\/04\/Philippe-Martin.jpg 400w\" sizes=\"auto, (max-width: 276px) 100vw, 276px\" \/>            <\/a>\r\n    <\/div>\r\n<\/div><div class=\"col-md-3     text-default small-screen-default\"  ><div class=\"figure element-top-20 element-bottom-20  \" data-os-animation=\"none\" data-os-animation-delay=\"0s\">\r\n            <a href=\"https:\/\/www.fapim.it\/wp-content\/uploads\/2019\/04\/Alain-Gerard.jpg\" class=\"figure-image magnific\" target=\"_self\">\r\n        <img loading=\"lazy\" decoding=\"async\" width=\"276\" height=\"300\" src=\"https:\/\/www.fapim.it\/wp-content\/uploads\/2019\/04\/Alain-Gerard-276x300.jpg\" class=\"attachment-medium size-medium\" alt=\"\" srcset=\"https:\/\/www.fapim.it\/wp-content\/uploads\/2019\/04\/Alain-Gerard-276x300.jpg 276w, https:\/\/www.fapim.it\/wp-content\/uploads\/2019\/04\/Alain-Gerard.jpg 400w\" sizes=\"auto, (max-width: 276px) 100vw, 276px\" \/>            <\/a>\r\n    <\/div>\r\n<\/div><div class=\"col-md-3     text-default small-screen-default\"  ><div class=\"figure element-top-20 element-bottom-20  \" data-os-animation=\"none\" data-os-animation-delay=\"0s\">\r\n            <a href=\"https:\/\/www.fapim.it\/wp-content\/uploads\/2019\/04\/Bernard-Bouazis.jpg\" class=\"figure-image magnific\" target=\"_self\">\r\n        <img loading=\"lazy\" decoding=\"async\" width=\"276\" height=\"300\" src=\"https:\/\/www.fapim.it\/wp-content\/uploads\/2019\/04\/Bernard-Bouazis-276x300.jpg\" class=\"attachment-medium size-medium\" alt=\"\" srcset=\"https:\/\/www.fapim.it\/wp-content\/uploads\/2019\/04\/Bernard-Bouazis-276x300.jpg 276w, https:\/\/www.fapim.it\/wp-content\/uploads\/2019\/04\/Bernard-Bouazis.jpg 400w\" sizes=\"auto, (max-width: 276px) 100vw, 276px\" \/>            <\/a>\r\n    <\/div>\r\n<\/div><div class=\"col-md-3     text-default small-screen-default\"  ><div class=\"figure element-top-20 element-bottom-20  \" data-os-animation=\"none\" data-os-animation-delay=\"0s\">\r\n            <a href=\"https:\/\/www.fapim.it\/wp-content\/uploads\/2019\/04\/William-Hebert.jpg\" class=\"figure-image magnific\" target=\"_self\">\r\n        <img loading=\"lazy\" decoding=\"async\" width=\"276\" height=\"300\" src=\"https:\/\/www.fapim.it\/wp-content\/uploads\/2019\/04\/William-Hebert-276x300.jpg\" class=\"attachment-medium size-medium\" alt=\"\" srcset=\"https:\/\/www.fapim.it\/wp-content\/uploads\/2019\/04\/William-Hebert-276x300.jpg 276w, https:\/\/www.fapim.it\/wp-content\/uploads\/2019\/04\/William-Hebert.jpg 400w\" sizes=\"auto, (max-width: 276px) 100vw, 276px\" \/>            <\/a>\r\n    <\/div>\r\n<\/div>        <\/div>\r\n    <\/div>\r\n<\/section>\r\n<section class=\"section  text-normal section-text-no-shadow section-inner-no-shadow section-normal section-opaque\"  >\r\n    \r\n    <div class=\"background-overlay grid-overlay-0 \" style=\"background-color: rgba(0,0,0,0);\"><\/div>\r\n\r\n    <div class=\"container container-vertical-default\">\r\n        <div class=\"row vertical-default\">\r\n            <div class=\"col-md-12     text-center small-screen-center\"  ><div class=\"col-text-1 text-normal lead text-justify element-top-20 element-bottom-20\" data-os-animation=\"none\" data-os-animation-delay=\"0s\">\r\n    <p>Le voyage continue avec nos agents fran\u00e7ais <strong>Philippe Martin, Alain Gerard, Bernard Bouazis et William Hebert. Les &#8220;quatre mousquetaires&#8221; qui<\/strong>, avec passion et professionnalisme, nous repr\u00e9sentent aux quatre coins de la France, un march\u00e9 cl\u00e9 pour nous !<\/p>\n<\/div>\r\n<\/div>        <\/div>\r\n    <\/div>\r\n<\/section>\r\n<section class=\"section  text-normal section-text-no-shadow section-inner-no-shadow section-normal section-opaque\"  >\r\n    \r\n    <div class=\"background-overlay grid-overlay-0 \" style=\"background-color: rgba(0,0,0,0);\"><\/div>\r\n\r\n    <div class=\"container container-vertical-default\">\r\n        <div class=\"row vertical-default\">\r\n            <div class=\"col-md-12     text-default small-screen-default\"  ><div class=\"divider-wrapper \" style=\"visibility:hidden;background-color:#FFFFFF\">\r\n    <div class=\"visible-xs\" style=\"height:24px;\"><\/div>\r\n    <div class=\"visible-sm\" style=\"height:24px;\"><\/div>\r\n    <div class=\"visible-md\" style=\"height:24px;\"><\/div>\r\n    <div class=\"visible-lg\" style=\"height:24px;\"><\/div>\r\n<\/div><\/div>        <\/div>\r\n    <\/div>\r\n<\/section>\n","protected":false,"raw":"[vc_row][vc_column width=\"1\/1\"][divider][\/vc_column][\/vc_row][vc_row][vc_column width=\"1\/1\"][vc_video src=\"https:\/\/youtu.be\/KrwZpwvV_Ss\"][\/vc_column][\/vc_row][vc_row][vc_column width=\"1\/1\"][divider][\/vc_column][\/vc_row][vc_row][vc_column align=\"center\" align_sm=\"center\" width=\"1\/4\"][vc_single_image image=\"18084\" image_size=\"medium\"][\/vc_column][vc_column width=\"1\/4\"][vc_single_image image=\"18083\" image_size=\"medium\"][\/vc_column][vc_column width=\"1\/4\"][vc_single_image image=\"18082\" image_size=\"medium\"][\/vc_column][vc_column width=\"1\/4\"][vc_single_image image=\"18081\" image_size=\"medium\"][\/vc_column][\/vc_row][vc_row][vc_column align=\"center\" align_sm=\"center\" width=\"1\/1\"][vc_column_text extra_classes=\"lead text-justify\"]Le voyage continue avec nos agents fran\u00e7ais <strong>Philippe Martin, Alain Gerard, Bernard Bouazis et William Hebert. Les \"quatre mousquetaires\" qui<\/strong>, avec passion et professionnalisme, nous repr\u00e9sentent aux quatre coins de la France, un march\u00e9 cl\u00e9 pour nous ![\/vc_column_text][\/vc_column][\/vc_row][vc_row][vc_column width=\"1\/1\"][divider][\/vc_column][\/vc_row]"},"excerpt":{"rendered":"Il viaggio continua con i nostri agenti francesi Philippe Martin, Alain Gerard, Bernard Bouazis e William Hebert. I \u201cquattro moschettieri\u201d che con passione e professionalit\u00e0 ci rappresentano in ogni angolo della Francia, mercato fondamentale per noi!","protected":false,"raw":""},"author":4,"featured_media":0,"parent":0,"menu_order":155,"comment_status":"closed","ping_status":"closed","template":"","meta":{"_it_post_content":"[vc_row][vc_column width=\"1\/1\"][divider][\/vc_column][\/vc_row][vc_row][vc_column width=\"1\/1\"][vc_video src=\"https:\/\/youtu.be\/KrwZpwvV_Ss\"][\/vc_column][\/vc_row][vc_row][vc_column width=\"1\/1\"][divider][\/vc_column][\/vc_row][vc_row][vc_column align=\"center\" align_sm=\"center\" width=\"1\/4\"][vc_single_image image=\"18084\" image_size=\"medium\"][\/vc_column][vc_column width=\"1\/4\"][vc_single_image image=\"18083\" image_size=\"medium\"][\/vc_column][vc_column width=\"1\/4\"][vc_single_image image=\"18082\" image_size=\"medium\"][\/vc_column][vc_column width=\"1\/4\"][vc_single_image image=\"18081\" image_size=\"medium\"][\/vc_column][\/vc_row][vc_row][vc_column align=\"center\" align_sm=\"center\" width=\"1\/1\"][vc_column_text extra_classes=\"lead text-justify\"]Il viaggio continua con i nostri agenti francesi <strong>Philippe Martin, Alain Gerard, Bernard Bouazis e William Hebert. I \u201cquattro moschettieri\u201d <\/strong>che con passione e professionalit\u00e0 ci rappresentano in ogni angolo della Francia, mercato fondamentale per noi![\/vc_column_text][\/vc_column][\/vc_row][vc_row][vc_column width=\"1\/1\"][divider][\/vc_column][\/vc_row]","_it_post_name":"france","_it_post_excerpt":"","_it_post_title":"France","_en_post_content":"[vc_row][vc_column width=\"1\/1\"][divider][\/vc_column][\/vc_row][vc_row][vc_column width=\"1\/1\"][vc_video src=\"https:\/\/youtu.be\/KrwZpwvV_Ss\"][\/vc_column][\/vc_row][vc_row][vc_column width=\"1\/1\"][divider][\/vc_column][\/vc_row][vc_row][vc_column align=\"center\" align_sm=\"center\" width=\"1\/4\"][vc_single_image image=\"18084\" image_size=\"medium\"][\/vc_column][vc_column width=\"1\/4\"][vc_single_image image=\"18083\" image_size=\"medium\"][\/vc_column][vc_column width=\"1\/4\"][vc_single_image image=\"18082\" image_size=\"medium\"][\/vc_column][vc_column width=\"1\/4\"][vc_single_image image=\"18081\" image_size=\"medium\"][\/vc_column][\/vc_row][vc_row][vc_column align=\"center\" align_sm=\"center\" width=\"1\/1\"][vc_column_text extra_classes=\"lead text-justify\"]The journey continues with our <strong>French agents Philippe Martin, Alain Gerard, Bernard Bouazis and William Hebert. The 'four musketeers' who,<\/strong> with their passion and professionalism, represent us in every corner of France, a key market for us![\/vc_column_text][\/vc_column][\/vc_row][vc_row][vc_column width=\"1\/1\"][divider][\/vc_column][\/vc_row]","_en_post_name":"france","_en_post_excerpt":"","_en_post_title":"France","_fr_post_content":"[vc_row][vc_column width=\"1\/1\"][divider][\/vc_column][\/vc_row][vc_row][vc_column width=\"1\/1\"][vc_video src=\"https:\/\/youtu.be\/KrwZpwvV_Ss\"][\/vc_column][\/vc_row][vc_row][vc_column width=\"1\/1\"][divider][\/vc_column][\/vc_row][vc_row][vc_column align=\"center\" align_sm=\"center\" width=\"1\/4\"][vc_single_image image=\"18084\" image_size=\"medium\"][\/vc_column][vc_column width=\"1\/4\"][vc_single_image image=\"18083\" image_size=\"medium\"][\/vc_column][vc_column width=\"1\/4\"][vc_single_image image=\"18082\" image_size=\"medium\"][\/vc_column][vc_column width=\"1\/4\"][vc_single_image image=\"18081\" image_size=\"medium\"][\/vc_column][\/vc_row][vc_row][vc_column align=\"center\" align_sm=\"center\" width=\"1\/1\"][vc_column_text extra_classes=\"lead text-justify\"]Le voyage continue avec nos agents fran\u00e7ais <strong>Philippe Martin, Alain Gerard, Bernard Bouazis et William Hebert. Les \"quatre mousquetaires\" qui<\/strong>, avec passion et professionnalisme, nous repr\u00e9sentent aux quatre coins de la France, un march\u00e9 cl\u00e9 pour nous ![\/vc_column_text][\/vc_column][\/vc_row][vc_row][vc_column width=\"1\/1\"][divider][\/vc_column][\/vc_row]","_fr_post_name":"france","_fr_post_excerpt":"","_fr_post_title":"France","_es_post_content":"[vc_row][vc_column width=\"1\/1\"][divider][\/vc_column][\/vc_row][vc_row][vc_column width=\"1\/1\"][vc_video src=\"https:\/\/youtu.be\/KrwZpwvV_Ss\"][\/vc_column][\/vc_row][vc_row][vc_column width=\"1\/1\"][divider][\/vc_column][\/vc_row][vc_row][vc_column align=\"center\" align_sm=\"center\" width=\"1\/4\"][vc_single_image image=\"18084\" image_size=\"medium\"][\/vc_column][vc_column width=\"1\/4\"][vc_single_image image=\"18083\" image_size=\"medium\"][\/vc_column][vc_column width=\"1\/4\"][vc_single_image image=\"18082\" image_size=\"medium\"][\/vc_column][vc_column width=\"1\/4\"][vc_single_image image=\"18081\" image_size=\"medium\"][\/vc_column][\/vc_row][vc_row][vc_column align=\"center\" align_sm=\"center\" width=\"1\/1\"][vc_column_text extra_classes=\"lead text-justify\"]El viaje contin\u00faa con nuestros agentes franceses <strong>Philippe Martin, Alain Gerard, Bernard Bouazis y William Hebert. Los \"cuatro mosqueteros\" que<\/strong> con pasi\u00f3n y profesionalidad nos representan en cada rinc\u00f3n de Francia, \u00a1 mercado fundamental para nosotros![\/vc_column_text][\/vc_column][\/vc_row][vc_row][vc_column width=\"1\/1\"][divider][\/vc_column][\/vc_row]","_es_post_name":"france","_es_post_excerpt":"","_es_post_title":"France","_ru_post_content":"[vc_row][vc_column width=\"1\/1\"][divider][\/vc_column][\/vc_row][vc_row][vc_column width=\"1\/1\"][vc_video src=\"https:\/\/youtu.be\/KrwZpwvV_Ss\"][\/vc_column][\/vc_row][vc_row][vc_column width=\"1\/1\"][divider][\/vc_column][\/vc_row][vc_row][vc_column align=\"center\" align_sm=\"center\" width=\"1\/4\"][vc_single_image image=\"18084\" image_size=\"medium\"][\/vc_column][vc_column width=\"1\/4\"][vc_single_image image=\"18083\" image_size=\"medium\"][\/vc_column][vc_column width=\"1\/4\"][vc_single_image image=\"18082\" image_size=\"medium\"][\/vc_column][vc_column width=\"1\/4\"][vc_single_image image=\"18081\" image_size=\"medium\"][\/vc_column][\/vc_row][vc_row][vc_column align=\"center\" align_sm=\"center\" width=\"1\/1\"][vc_column_text extra_classes=\"lead text-justify\"]\u041f\u0443\u0442\u0435\u0448\u0435\u0441\u0442\u0432\u0438\u0435 \u043f\u0440\u043e\u0434\u043e\u043b\u0436\u0430\u0435\u0442\u0441\u044f \u0441 \u043d\u0430\u0448\u0438\u043c\u0438 \u0444\u0440\u0430\u043d\u0446\u0443\u0437\u0441\u043a\u0438\u043c\u0438 \u0430\u0433\u0435\u043d\u0442\u0430\u043c\u0438 <strong>\u0424\u0438\u043b\u0438\u043f\u043f\u043e\u043c \u041c\u0430\u0440\u0442\u0435\u043d\u043e\u043c, \u0410\u043b\u0435\u043d\u043e\u043c \u0416\u0435\u0440\u0430\u0440\u043e\u043c, \u0411\u0435\u0440\u043d\u0430\u0440\u043e\u043c \u0411\u0443\u0430\u0437\u0438 \u0438 \u0423\u0438\u043b\u044c\u044f\u043c\u043e\u043c \u042d\u0431\u0435\u0440\u0442\u043e\u043c. \u00ab\u0427\u0435\u0442\u044b\u0440\u0435 \u043c\u0443\u0448\u043a\u0435\u0442\u0435\u0440\u0430\u00bb<\/strong>, \u043a\u043e\u0442\u043e\u0440\u044b\u0435 \u0441 \u044d\u043d\u0442\u0443\u0437\u0438\u0430\u0437\u043c\u043e\u043c \u0438 \u043f\u0440\u043e\u0444\u0435\u0441\u0441\u0438\u043e\u043d\u0430\u043b\u0438\u0437\u043c\u043e\u043c \u043f\u0440\u0435\u0434\u0441\u0442\u0430\u0432\u043b\u044f\u044e\u0442 \u043d\u0430\u0441 \u0432\u043e \u0432\u0441\u0435\u0445 \u0443\u0433\u043e\u043b\u043a\u0430\u0445 \u0424\u0440\u0430\u043d\u0446\u0438\u0438, \u044f\u0432\u043b\u044f\u044e\u0442\u0441\u044f \u0434\u043b\u044f \u043d\u0430\u0441 \u043e\u0441\u043d\u043e\u0432\u043d\u044b\u043c \u0440\u044b\u043d\u043a\u043e\u043c![\/vc_column_text][\/vc_column][\/vc_row][vc_row][vc_column width=\"1\/1\"][divider][\/vc_column][\/vc_row]","_ru_post_name":"france","_ru_post_excerpt":"","_ru_post_title":"France","_pl_post_content":"[vc_row][vc_column width=\"1\/1\"][divider][\/vc_column][\/vc_row][vc_row][vc_column width=\"1\/1\"][vc_video src=\"https:\/\/youtu.be\/KrwZpwvV_Ss\"][\/vc_column][\/vc_row][vc_row][vc_column width=\"1\/1\"][divider][\/vc_column][\/vc_row][vc_row][vc_column align=\"center\" align_sm=\"center\" width=\"1\/4\"][vc_single_image image=\"18084\" image_size=\"medium\"][\/vc_column][vc_column width=\"1\/4\"][vc_single_image image=\"18083\" image_size=\"medium\"][\/vc_column][vc_column width=\"1\/4\"][vc_single_image image=\"18082\" image_size=\"medium\"][\/vc_column][vc_column width=\"1\/4\"][vc_single_image image=\"18081\" image_size=\"medium\"][\/vc_column][\/vc_row][vc_row][vc_column align=\"center\" align_sm=\"center\" width=\"1\/1\"][vc_column_text extra_classes=\"lead text-justify\"]Podr\u00f3\u017c trwa dalej z naszymi francuskimi agentami <strong>Philippe Martin, Alain Gerard, Bernard Bouazis i William Hebert. \u201eCzterech muszkieter\u00f3w\u201d<\/strong>, kt\u00f3rzy z pasj\u0105 i profesjonalizmem reprezentuj\u0105 nas w ka\u017cdym zak\u0105tku Francji, fundamentalnego dla nas rynku![\/vc_column_text][\/vc_column][\/vc_row][vc_row][vc_column width=\"1\/1\"][divider][\/vc_column][\/vc_row]","_pl_post_name":"france","_pl_post_excerpt":"","_pl_post_title":"France","edit_language":"fr","footnotes":""},"class_list":["post-21444","page","type-page","status-publish","hentry"],"_links":{"self":[{"href":"https:\/\/www.fapim.it\/fr\/wp-json\/wp\/v2\/pages\/21444","targetHints":{"allow":["GET"]}}],"collection":[{"href":"https:\/\/www.fapim.it\/fr\/wp-json\/wp\/v2\/pages"}],"about":[{"href":"https:\/\/www.fapim.it\/fr\/wp-json\/wp\/v2\/types\/page"}],"author":[{"embeddable":true,"href":"https:\/\/www.fapim.it\/fr\/wp-json\/wp\/v2\/users\/4"}],"replies":[{"embeddable":true,"href":"https:\/\/www.fapim.it\/fr\/wp-json\/wp\/v2\/comments?post=21444"}],"version-history":[{"count":5,"href":"https:\/\/www.fapim.it\/fr\/wp-json\/wp\/v2\/pages\/21444\/revisions"}],"predecessor-version":[{"id":26779,"href":"https:\/\/www.fapim.it\/fr\/wp-json\/wp\/v2\/pages\/21444\/revisions\/26779"}],"wp:attachment":[{"href":"https:\/\/www.fapim.it\/fr\/wp-json\/wp\/v2\/media?parent=21444"}],"curies":[{"name":"wp","href":"https:\/\/api.w.org\/{rel}","templated":true}]}}