   {"id":21512,"date":"2021-12-02T19:59:58","date_gmt":"2021-12-02T18:59:58","guid":{"rendered":"https:\/\/www.fapim.it\/it\/?page_id=21512"},"modified":"2025-04-17T10:39:46","modified_gmt":"2025-04-17T08:39:46","slug":"","status":"publish","type":"page","link":"https:\/\/www.fapim.it\/fr\/positions-ouvertes\/addetto-officina-stampi\/","title":{"rendered":"","raw":""},"content":{"rendered":"","protected":false,"raw":""},"excerpt":{"rendered":"La risorsa, inserita all' interno dell\u2019Officina Stampi, si occuper\u00e0 dell\u2019attivit\u00e0 di manutenzione, assistenza e aggiustaggio degli stampi (attrezzatura) che vengono attrezzati all\u2019interno dei macchinari deputati alla realizzazione di pezzi pressofusi in alluminio\/leghe di alluminio e plastica e\/o alla tranciatura dell\u2019acciaio. La mansione comprende l\u2019attivit\u00e0 di manutenzione ordinaria, straordinaria sugli stampi non in produzione e di","protected":false,"raw":""},"author":3,"featured_media":0,"parent":20636,"menu_order":158,"comment_status":"closed","ping_status":"closed","template":"","meta":{"_it_post_content":"[vc_row][vc_column width=\"1\/1\"][divider xs_height=\"10\" sm_height=\"10\"][\/vc_column][\/vc_row][vc_row][vc_column width=\"1\/1\"][vc_column_text extra_classes=\"lead text-justify\"]La risorsa, inserita all' interno dell\u2019Officina Stampi, si occuper\u00e0 dell\u2019attivit\u00e0 di manutenzione, assistenza e aggiustaggio degli stampi (attrezzatura) che vengono attrezzati all\u2019interno dei macchinari deputati alla realizzazione di pezzi pressofusi in alluminio\/leghe di alluminio e plastica e\/o alla tranciatura dell\u2019acciaio. La mansione comprende l\u2019attivit\u00e0 di manutenzione ordinaria, straordinaria sugli stampi non in produzione e di intervento all\u2019interno del reparto di Pressofusione sugli stampi in utilizzo. La mansione comprende l\u2019attivit\u00e0 di smontaggio e montaggio degli stampi, la realizzazione delle manutenzioni ordinarie post produzione e la manutenzione straordinaria in caso di rottura della varie componenti, anche mediante l\u2019utilizzo di attrezzi manuali e macchinari.\r\n\r\n<strong>\u00a0<\/strong>\r\n\r\n<strong>Il candidato si occuper\u00e0 di:<\/strong>\r\n<ul>\r\n \t<li>Manutenzione ordinaria degli stampi per la pressofusione di alluminio\/leghe di alluminio e plastica e\/o per la tranciatura dell\u2019acciaio;<\/li>\r\n \t<li>Aggiustaggio degli stampi per la pressofusione di alluminio\/leghe di alluminio e plastica e\/o per la tranciatura dell\u2019acciaio<\/li>\r\n \t<li>Partecipazione all\u2019attivit\u00e0 di realizzazione ex novo delle attrezzature stampo di cui sopra;<\/li>\r\n \t<li>Intervento in reparto in caso di guasto dell\u2019attrezzatura;<\/li>\r\n \t<li>Rettifica degli stampi mediante l\u2019utilizzo di macchinari (tipo fresa, ecc.).<\/li>\r\n<\/ul>\r\n<strong>\u00a0<\/strong>\r\n\r\n<strong>Si richiedono i seguenti requisiti:\u00a0<\/strong>\r\n<ul>\r\n \t<li>preferibile diploma in materie inerenti l\u2019attivit\u00e0 aziendale (diploma di perito meccanico o similari);<\/li>\r\n \t<li>preferibile precedente esperienza nella mansione o in mansioni simili (in particolare all\u2019interno di contesti produttivi strutturati). Vengono, comunque, considerate le candidature da parte di figure<em> junior<\/em> (senza esperienza pregressa) ma in et\u00e0 compatibile con l\u2019attivazione del contratto di apprendistato professionalizzante;<\/li>\r\n \t<li>capacit\u00e0 di lavorare all\u2019interno di gruppi numerosi, sotto il coordinamento di un Capo Officina;<\/li>\r\n \t<li>spiccata capacit\u00e0 di adattamento alle esigenze di reparto;<\/li>\r\n \t<li>ottime capacit\u00e0 relazionali e propensione alla comunicazione e al contatto con i colleghi e con i superiori;<\/li>\r\n \t<li>velocit\u00e0 di apprendimento e proattivit\u00e0, precisione, autonomia e affidabilit\u00e0;<\/li>\r\n \t<li>motivazione a svolgere attivit\u00e0 manuale all\u2019interno dell\u2019officina;<\/li>\r\n \t<li>motivazione all\u2019apprendimento di attivit\u00e0 tecniche specializzate quali: aggiustaggio, smontaggio e montaggio stampi, utilizzo macchinari, ecc.;<\/li>\r\n<\/ul>\r\n&nbsp;\r\n\r\nE\u2019 imprescindibile ai fini della considerazione della candidatura la disponibilit\u00e0 a lavorare anche su turni avvicendati, notturni e la compatibilit\u00e0 con mansioni che prevedono la movimentazione manuale di carichi, l\u2019utilizzo del carroponte, ecc.[\/vc_column_text][\/vc_column][\/vc_row][vc_row][vc_column width=\"1\/1\"][divider xs_height=\"10\" sm_height=\"10\" lg_height=\"40\"][\/vc_column][\/vc_row][vc_row][vc_column width=\"1\/1\"][vc_column_text extra_classes=\"lead text-justify\"]<strong>Dettagli offerta di lavoro<\/strong>\r\n\r\n<strong>Location: <\/strong>Altopascio (Lucca)\r\n\r\n<strong>Livello di anzianit\u00e0:<\/strong> variabile\r\n\r\n<strong>Settore:<\/strong> Ingegneria meccanica o industriale\r\n\r\n<strong>Tipo di impiego: <\/strong>A tempo pieno\r\n\r\n<strong>Funzioni lavorative:<\/strong> Produzione\r\n\r\n<strong>Categoria inquadramento: <\/strong>Operai\r\n\r\n<strong>Caratteristiche particolari:<\/strong> Turni avvicendati, anche notturni[\/vc_column_text][\/vc_column][\/vc_row][vc_row][vc_column width=\"1\/1\"][divider xs_height=\"10\" sm_height=\"10\" lg_height=\"40\"][\/vc_column][\/vc_row][vc_row][vc_column width=\"1\/1\"][button label=\"Invia la tua candidatura\" link=\"https:\/\/www.fapim.it\/it\/modulo-di-candidatura-conditional\/\"][\/vc_column][\/vc_row][vc_row][vc_column width=\"1\/1\"][divider xs_height=\"10\" sm_height=\"10\" lg_height=\"40\"][\/vc_column][\/vc_row]","_it_post_name":"addetto-officina-stampi","_it_post_excerpt":"","_it_post_title":"Addetto officina stampi","_en_post_content":"","_en_post_name":"addetto-officina-stampi","_en_post_excerpt":"","_en_post_title":"","_fr_post_content":"","_fr_post_name":"","_fr_post_excerpt":"","_fr_post_title":"","_es_post_content":"","_es_post_name":"","_es_post_excerpt":"","_es_post_title":"","_ru_post_content":"","_ru_post_name":"","_ru_post_excerpt":"","_ru_post_title":"","_pl_post_content":"","_pl_post_name":"","_pl_post_excerpt":"","_pl_post_title":"","edit_language":"fr","footnotes":""},"class_list":["post-21512","page","type-page","status-publish","hentry"],"_links":{"self":[{"href":"https:\/\/www.fapim.it\/fr\/wp-json\/wp\/v2\/pages\/21512","targetHints":{"allow":["GET"]}}],"collection":[{"href":"https:\/\/www.fapim.it\/fr\/wp-json\/wp\/v2\/pages"}],"about":[{"href":"https:\/\/www.fapim.it\/fr\/wp-json\/wp\/v2\/types\/page"}],"author":[{"embeddable":true,"href":"https:\/\/www.fapim.it\/fr\/wp-json\/wp\/v2\/users\/3"}],"replies":[{"embeddable":true,"href":"https:\/\/www.fapim.it\/fr\/wp-json\/wp\/v2\/comments?post=21512"}],"version-history":[{"count":6,"href":"https:\/\/www.fapim.it\/fr\/wp-json\/wp\/v2\/pages\/21512\/revisions"}],"predecessor-version":[{"id":25932,"href":"https:\/\/www.fapim.it\/fr\/wp-json\/wp\/v2\/pages\/21512\/revisions\/25932"}],"up":[{"embeddable":true,"href":"https:\/\/www.fapim.it\/fr\/wp-json\/wp\/v2\/pages\/20636"}],"wp:attachment":[{"href":"https:\/\/www.fapim.it\/fr\/wp-json\/wp\/v2\/media?parent=21512"}],"curies":[{"name":"wp","href":"https:\/\/api.w.org\/{rel}","templated":true}]}}