   {"id":22177,"date":"2022-06-27T16:22:23","date_gmt":"2022-06-27T14:22:23","guid":{"rendered":"https:\/\/www.fapim.it\/?page_id=22177"},"modified":"2022-06-27T16:30:46","modified_gmt":"2022-06-27T14:30:46","slug":"benelux","status":"publish","type":"page","link":"https:\/\/www.fapim.it\/fr\/benelux\/","title":{"rendered":"Benelux","raw":"Benelux"},"content":{"rendered":"<section class=\"section  text-normal section-text-no-shadow section-inner-no-shadow section-normal section-opaque\"  >\r\n    \r\n    <div class=\"background-overlay grid-overlay-0 \" style=\"background-color: rgba(0,0,0,0);\"><\/div>\r\n\r\n    <div class=\"container container-vertical-default\">\r\n        <div class=\"row vertical-default\">\r\n            <div class=\"col-md-12     text-default small-screen-default\"  ><div class=\"divider-wrapper \" style=\"visibility:hidden;background-color:#FFFFFF\">\r\n    <div class=\"visible-xs\" style=\"height:24px;\"><\/div>\r\n    <div class=\"visible-sm\" style=\"height:24px;\"><\/div>\r\n    <div class=\"visible-md\" style=\"height:24px;\"><\/div>\r\n    <div class=\"visible-lg\" style=\"height:24px;\"><\/div>\r\n<\/div><\/div>        <\/div>\r\n    <\/div>\r\n<\/section>\r\n<section class=\"section  text-normal section-text-no-shadow section-inner-no-shadow section-normal section-opaque\"  >\r\n    \r\n    <div class=\"background-overlay grid-overlay-0 \" style=\"background-color: rgba(0,0,0,0);\"><\/div>\r\n\r\n    <div class=\"container container-vertical-default\">\r\n        <div class=\"row vertical-default\">\r\n            <div class=\"col-md-12     text-default small-screen-default\"  ><div class=\" element-top-20 element-bottom-20\" data-os-animation=\"none\" data-os-animation-delay=\"0s\" ><iframe loading=\"lazy\" title=\"Fapim Calling From   Benelux\" width=\"1170\" height=\"658\" src=\"https:\/\/www.youtube.com\/embed\/EMhqk_fWIsw?feature=oembed\" frameborder=\"0\" allow=\"accelerometer; autoplay; clipboard-write; encrypted-media; gyroscope; picture-in-picture\" allowfullscreen><\/iframe><\/div><\/div>        <\/div>\r\n    <\/div>\r\n<\/section>\r\n<section class=\"section  text-normal section-text-no-shadow section-inner-no-shadow section-normal section-opaque\"  >\r\n    \r\n    <div class=\"background-overlay grid-overlay-0 \" style=\"background-color: rgba(0,0,0,0);\"><\/div>\r\n\r\n    <div class=\"container container-vertical-default\">\r\n        <div class=\"row vertical-default\">\r\n            <div class=\"col-md-12     text-default small-screen-default\"  ><div class=\"divider-wrapper \" style=\"visibility:hidden;background-color:#FFFFFF\">\r\n    <div class=\"visible-xs\" style=\"height:24px;\"><\/div>\r\n    <div class=\"visible-sm\" style=\"height:24px;\"><\/div>\r\n    <div class=\"visible-md\" style=\"height:24px;\"><\/div>\r\n    <div class=\"visible-lg\" style=\"height:24px;\"><\/div>\r\n<\/div><\/div>        <\/div>\r\n    <\/div>\r\n<\/section>\r\n<section class=\"section  text-normal section-text-no-shadow section-inner-no-shadow section-normal section-opaque\"  >\r\n    \r\n    <div class=\"background-overlay grid-overlay-0 \" style=\"background-color: rgba(0,0,0,0);\"><\/div>\r\n\r\n    <div class=\"container container-vertical-default\">\r\n        <div class=\"row vertical-default\">\r\n            <div class=\"col-md-6     text-center small-screen-center\"  ><div class=\"figure element-top-20 element-bottom-20  \" data-os-animation=\"none\" data-os-animation-delay=\"0s\">\r\n            <a href=\"https:\/\/www.fapim.it\/wp-content\/uploads\/2020\/03\/Noe-l-Roebben.jpg\" class=\"figure-image magnific\" target=\"_self\">\r\n        <img loading=\"lazy\" decoding=\"async\" width=\"276\" height=\"300\" src=\"https:\/\/www.fapim.it\/wp-content\/uploads\/2020\/03\/Noe-l-Roebben-276x300.jpg\" class=\"attachment-medium size-medium\" alt=\"\" srcset=\"https:\/\/www.fapim.it\/wp-content\/uploads\/2020\/03\/Noe-l-Roebben-276x300.jpg 276w, https:\/\/www.fapim.it\/wp-content\/uploads\/2020\/03\/Noe-l-Roebben.jpg 400w\" sizes=\"auto, (max-width: 276px) 100vw, 276px\" \/>            <\/a>\r\n    <\/div>\r\n<\/div><div class=\"col-md-6     text-center small-screen-center\"  ><div class=\"col-text-1 text-normal lead text-justify element-top-20 element-bottom-20\" data-os-animation=\"none\" data-os-animation-delay=\"0s\">\r\n    <p>&nbsp;<\/p>\n<p>Notre tour du monde <strong>Fapim nous emm\u00e8ne aujourd&#8217;hui en Belgique, \u00e0 la rencontre de notre agent pour le Benelux No\u00ebl Roebben.<\/strong> Expert du secteur, il aime l&#8217;Italie et Fapim o\u00f9 il a trouv\u00e9 la r\u00e9alit\u00e9 qui valorise les gens comme il le recherchait.<\/p>\n<p><strong>En tr\u00e8s peu de temps il a r\u00e9ussi \u00e0 faire sa marque et \u00e0 \u00eatre appr\u00e9ci\u00e9 de tous !<\/strong><\/p>\n<p>&nbsp;<\/p>\n<\/div>\r\n<\/div>        <\/div>\r\n    <\/div>\r\n<\/section>\r\n<section class=\"section  text-normal section-text-no-shadow section-inner-no-shadow section-normal section-opaque\"  >\r\n    \r\n    <div class=\"background-overlay grid-overlay-0 \" style=\"background-color: rgba(0,0,0,0);\"><\/div>\r\n\r\n    <div class=\"container container-vertical-default\">\r\n        <div class=\"row vertical-default\">\r\n            <div class=\"col-md-12     text-default small-screen-default\"  ><div class=\"divider-wrapper \" style=\"visibility:hidden;background-color:#FFFFFF\">\r\n    <div class=\"visible-xs\" style=\"height:24px;\"><\/div>\r\n    <div class=\"visible-sm\" style=\"height:24px;\"><\/div>\r\n    <div class=\"visible-md\" style=\"height:24px;\"><\/div>\r\n    <div class=\"visible-lg\" style=\"height:24px;\"><\/div>\r\n<\/div><\/div>        <\/div>\r\n    <\/div>\r\n<\/section>\n","protected":false,"raw":"[vc_row][vc_column width=\"1\/1\"][divider][\/vc_column][\/vc_row][vc_row][vc_column width=\"1\/1\"][vc_video src=\"https:\/\/youtu.be\/EMhqk_fWIsw\"][\/vc_column][\/vc_row][vc_row][vc_column width=\"1\/1\"][divider][\/vc_column][\/vc_row][vc_row][vc_column align=\"center\" align_sm=\"center\" width=\"1\/2\"][vc_single_image image=\"19047\" image_size=\"medium\"][\/vc_column][vc_column align=\"center\" align_sm=\"center\" width=\"1\/2\"][vc_column_text extra_classes=\"lead text-justify\"]\r\n\r\n&nbsp;\r\n\r\nNotre tour du monde <strong>Fapim nous emm\u00e8ne aujourd'hui en Belgique, \u00e0 la rencontre de notre agent pour le Benelux No\u00ebl Roebben.<\/strong> Expert du secteur, il aime l'Italie et Fapim o\u00f9 il a trouv\u00e9 la r\u00e9alit\u00e9 qui valorise les gens comme il le recherchait.\r\n\r\n<strong>En tr\u00e8s peu de temps il a r\u00e9ussi \u00e0 faire sa marque et \u00e0 \u00eatre appr\u00e9ci\u00e9 de tous !<\/strong>\r\n\r\n&nbsp;\r\n\r\n[\/vc_column_text][\/vc_column][\/vc_row][vc_row][vc_column width=\"1\/1\"][divider][\/vc_column][\/vc_row]"},"excerpt":{"rendered":"&nbsp; Il nostro viaggio intorno al mondo Fapim ci porta oggi in Belgio, a conoscere il nostro agente per il Benelux No\u00ebl Roebben. Esperto del settore, ama l\u2019Italia e Fapim dove ha trovato la realt\u00e0 che valorizza le persone come cercava. In pochissimo tempo \u00e8 riuscito a dare la sua impronta e farsi apprezzare da","protected":false,"raw":""},"author":4,"featured_media":0,"parent":0,"menu_order":159,"comment_status":"closed","ping_status":"closed","template":"","meta":{"_it_post_content":"[vc_row][vc_column width=\"1\/1\"][divider][\/vc_column][\/vc_row][vc_row][vc_column width=\"1\/1\"][vc_video src=\"https:\/\/youtu.be\/EMhqk_fWIsw\"][\/vc_column][\/vc_row][vc_row][vc_column width=\"1\/1\"][divider][\/vc_column][\/vc_row][vc_row][vc_column align=\"center\" align_sm=\"center\" width=\"1\/2\"][vc_single_image image=\"19047\" image_size=\"medium\"][\/vc_column][vc_column align=\"center\" align_sm=\"center\" width=\"1\/2\"][vc_column_text extra_classes=\"lead text-justify\"]\r\n\r\n&nbsp;\r\n\r\nIl nostro viaggio intorno al mondo <strong>Fapim ci porta oggi in Belgio, a conoscere il nostro agente per il Benelux No\u00ebl Roebben.<\/strong> Esperto del settore, ama l\u2019Italia e Fapim dove ha trovato la realt\u00e0 che valorizza le persone come cercava.\r\n\r\n<strong>In pochissimo tempo \u00e8 riuscito a dare la sua impronta e farsi apprezzare da tutti!<\/strong>\r\n\r\n[\/vc_column_text][\/vc_column][\/vc_row][vc_row][vc_column width=\"1\/1\"][divider][\/vc_column][\/vc_row]","_it_post_name":"benelux","_it_post_excerpt":"","_it_post_title":"Benelux","_en_post_content":"[vc_row][vc_column width=\"1\/1\"][divider][\/vc_column][\/vc_row][vc_row][vc_column width=\"1\/1\"][vc_video src=\"https:\/\/youtu.be\/EMhqk_fWIsw\"][\/vc_column][\/vc_row][vc_row][vc_column width=\"1\/1\"][divider][\/vc_column][\/vc_row][vc_row][vc_column align=\"center\" align_sm=\"center\" width=\"1\/2\"][vc_single_image image=\"19047\" image_size=\"medium\"][\/vc_column][vc_column align=\"center\" align_sm=\"center\" width=\"1\/2\"][vc_column_text extra_classes=\"lead text-justify\"]\r\n\r\n&nbsp;\r\n\r\nOur trip around the world <strong>Fapim takes us today to Belgium, to meet our Benelux agent No\u00ebl Roebben.<\/strong> An expert in the sector, he loves Italy and Fapim where he has found the reality that values \u200b\u200bpeople as he was looking for.\r\n\r\n<strong>In a very short time he managed to make his mark and be appreciated by everyone!<\/strong>\r\n\r\n&nbsp;\r\n\r\n[\/vc_column_text][\/vc_column][\/vc_row][vc_row][vc_column width=\"1\/1\"][divider][\/vc_column][\/vc_row]","_en_post_name":"benelux","_en_post_excerpt":"","_en_post_title":"Benelux","_fr_post_content":"[vc_row][vc_column width=\"1\/1\"][divider][\/vc_column][\/vc_row][vc_row][vc_column width=\"1\/1\"][vc_video src=\"https:\/\/youtu.be\/EMhqk_fWIsw\"][\/vc_column][\/vc_row][vc_row][vc_column width=\"1\/1\"][divider][\/vc_column][\/vc_row][vc_row][vc_column align=\"center\" align_sm=\"center\" width=\"1\/2\"][vc_single_image image=\"19047\" image_size=\"medium\"][\/vc_column][vc_column align=\"center\" align_sm=\"center\" width=\"1\/2\"][vc_column_text extra_classes=\"lead text-justify\"]\r\n\r\n&nbsp;\r\n\r\nNotre tour du monde <strong>Fapim nous emm\u00e8ne aujourd'hui en Belgique, \u00e0 la rencontre de notre agent pour le Benelux No\u00ebl Roebben.<\/strong> Expert du secteur, il aime l'Italie et Fapim o\u00f9 il a trouv\u00e9 la r\u00e9alit\u00e9 qui valorise les gens comme il le recherchait.\r\n\r\n<strong>En tr\u00e8s peu de temps il a r\u00e9ussi \u00e0 faire sa marque et \u00e0 \u00eatre appr\u00e9ci\u00e9 de tous !<\/strong>\r\n\r\n&nbsp;\r\n\r\n[\/vc_column_text][\/vc_column][\/vc_row][vc_row][vc_column width=\"1\/1\"][divider][\/vc_column][\/vc_row]","_fr_post_name":"benelux","_fr_post_excerpt":"","_fr_post_title":"Benelux","_es_post_content":"[vc_row][vc_column width=\"1\/1\"][divider][\/vc_column][\/vc_row][vc_row][vc_column width=\"1\/1\"][vc_video src=\"https:\/\/youtu.be\/EMhqk_fWIsw\"][\/vc_column][\/vc_row][vc_row][vc_column width=\"1\/1\"][divider][\/vc_column][\/vc_row][vc_row][vc_column align=\"center\" align_sm=\"center\" width=\"1\/2\"][vc_single_image image=\"19047\" image_size=\"medium\"][\/vc_column][vc_column align=\"center\" align_sm=\"center\" width=\"1\/2\"][vc_column_text extra_classes=\"lead text-justify\"]\r\n\r\n&nbsp;\r\n\r\nNuestro viaje alrededor del mundo <strong>Fapim nos lleva hoy a B\u00e9lgica, para conocer a nuestro agente para Benelux No\u00ebl Roebben<\/strong>. Experto en el sector, ama Italia y Fapim donde ha encontrado la realidad que valora a las personas como \u00e9l buscaba.\r\n\r\n<strong>\u00a1En muy poco tiempo logr\u00f3 dejar su huella y ser apreciado por todos!<\/strong>\r\n\r\n&nbsp;\r\n\r\n[\/vc_column_text][\/vc_column][\/vc_row][vc_row][vc_column width=\"1\/1\"][divider][\/vc_column][\/vc_row]","_es_post_name":"benelux","_es_post_excerpt":"","_es_post_title":"Benelux","_ru_post_content":"[vc_row][vc_column width=\"1\/1\"][divider][\/vc_column][\/vc_row][vc_row][vc_column width=\"1\/1\"][vc_video src=\"https:\/\/youtu.be\/EMhqk_fWIsw\"][\/vc_column][\/vc_row][vc_row][vc_column width=\"1\/1\"][divider][\/vc_column][\/vc_row][vc_row][vc_column align=\"center\" align_sm=\"center\" width=\"1\/2\"][vc_single_image image=\"19047\" image_size=\"medium\"][\/vc_column][vc_column align=\"center\" align_sm=\"center\" width=\"1\/2\"][vc_column_text extra_classes=\"lead text-justify\"]\r\n\r\n&nbsp;\r\n\r\n\u041d\u0430\u0448\u0435 \u043a\u0440\u0443\u0433\u043e\u0441\u0432\u0435\u0442\u043d\u043e\u0435 \u043f\u0443\u0442\u0435\u0448\u0435\u0441\u0442\u0432\u0438\u0435 <strong>Fapim \u043f\u0435\u0440\u0435\u043d\u043e\u0441\u0438\u0442 \u043d\u0430\u0441 \u0441\u0435\u0433\u043e\u0434\u043d\u044f \u0432 \u0411\u0435\u043b\u044c\u0433\u0438\u044e, \u0447\u0442\u043e\u0431\u044b \u0432\u0441\u0442\u0440\u0435\u0442\u0438\u0442\u044c\u0441\u044f \u0441 \u043d\u0430\u0448\u0438\u043c \u0430\u0433\u0435\u043d\u0442\u043e\u043c \u0432 \u0411\u0435\u043d\u0438\u043b\u044e\u043a\u0441\u0435 No\u00ebl Roebben.<\/strong> \u042d\u043a\u0441\u043f\u0435\u0440\u0442 \u0432 \u044d\u0442\u043e\u0439 \u043e\u0431\u043b\u0430\u0441\u0442\u0438, \u043e\u043d \u043b\u044e\u0431\u0438\u0442 \u0418\u0442\u0430\u043b\u0438\u044e \u0438 Fapim, \u0433\u0434\u0435 \u043e\u043d \u043d\u0430\u0448\u0435\u043b \u0440\u0435\u0430\u043b\u044c\u043d\u043e\u0441\u0442\u044c, \u043a\u043e\u0442\u043e\u0440\u0430\u044f \u0446\u0435\u043d\u0438\u0442 \u043b\u044e\u0434\u0435\u0439, \u043a\u043e\u0442\u043e\u0440\u044b\u0445 \u043e\u043d \u0438\u0441\u043a\u0430\u043b.\r\n\r\n<strong>\u0417\u0430 \u043e\u0447\u0435\u043d\u044c \u043a\u043e\u0440\u043e\u0442\u043a\u043e\u0435 \u0432\u0440\u0435\u043c\u044f \u0435\u043c\u0443 \u0443\u0434\u0430\u043b\u043e\u0441\u044c \u043e\u0441\u0442\u0430\u0432\u0438\u0442\u044c \u0441\u0432\u043e\u0439 \u0441\u043b\u0435\u0434 \u0438 \u0431\u044b\u0442\u044c \u043e\u0446\u0435\u043d\u0435\u043d\u043d\u044b\u043c \u0432\u0441\u0435\u043c\u0438!<\/strong>\r\n\r\n&nbsp;\r\n\r\n[\/vc_column_text][\/vc_column][\/vc_row][vc_row][vc_column width=\"1\/1\"][divider][\/vc_column][\/vc_row]","_ru_post_name":"benelux","_ru_post_excerpt":"","_ru_post_title":"Benelux","_pl_post_content":"[vc_row][vc_column width=\"1\/1\"][divider][\/vc_column][\/vc_row][vc_row][vc_column width=\"1\/1\"][vc_video src=\"https:\/\/youtu.be\/EMhqk_fWIsw\"][\/vc_column][\/vc_row][vc_row][vc_column width=\"1\/1\"][divider][\/vc_column][\/vc_row][vc_row][vc_column align=\"center\" align_sm=\"center\" width=\"1\/2\"][vc_single_image image=\"19047\" image_size=\"medium\"][\/vc_column][vc_column align=\"center\" align_sm=\"center\" width=\"1\/2\"][vc_column_text extra_classes=\"lead text-justify\"]\r\n\r\n&nbsp;\r\n\r\nNasza podr\u00f3\u017c dooko\u0142a \u015bwiata <strong>Fapim zabiera nas dzisiaj do Belgii, na spotkanie z naszym agentem dla Beneluksu No\u00ebl Roebben.<\/strong> Ekspert w bran\u017cy, kocha W\u0142ochy i Fapim, gdzie odnalaz\u0142 rzeczywisto\u015b\u0107, kt\u00f3ra ceni ludzi tak, jak szuka\u0142.\r\n\r\n<strong>W bardzo kr\u00f3tkim czasie uda\u0142o mu si\u0119 zaistnie\u0107 i zosta\u0107 docenionym przez wszystkich!<\/strong>\r\n\r\n&nbsp;\r\n\r\n[\/vc_column_text][\/vc_column][\/vc_row][vc_row][vc_column width=\"1\/1\"][divider][\/vc_column][\/vc_row]","_pl_post_name":"benelux","_pl_post_excerpt":"","_pl_post_title":"Benelux","edit_language":"fr","footnotes":""},"class_list":["post-22177","page","type-page","status-publish","hentry"],"_links":{"self":[{"href":"https:\/\/www.fapim.it\/fr\/wp-json\/wp\/v2\/pages\/22177","targetHints":{"allow":["GET"]}}],"collection":[{"href":"https:\/\/www.fapim.it\/fr\/wp-json\/wp\/v2\/pages"}],"about":[{"href":"https:\/\/www.fapim.it\/fr\/wp-json\/wp\/v2\/types\/page"}],"author":[{"embeddable":true,"href":"https:\/\/www.fapim.it\/fr\/wp-json\/wp\/v2\/users\/4"}],"replies":[{"embeddable":true,"href":"https:\/\/www.fapim.it\/fr\/wp-json\/wp\/v2\/comments?post=22177"}],"version-history":[{"count":5,"href":"https:\/\/www.fapim.it\/fr\/wp-json\/wp\/v2\/pages\/22177\/revisions"}],"predecessor-version":[{"id":22183,"href":"https:\/\/www.fapim.it\/fr\/wp-json\/wp\/v2\/pages\/22177\/revisions\/22183"}],"wp:attachment":[{"href":"https:\/\/www.fapim.it\/fr\/wp-json\/wp\/v2\/media?parent=22177"}],"curies":[{"name":"wp","href":"https:\/\/api.w.org\/{rel}","templated":true}]}}