   {"id":22243,"date":"2022-08-01T09:42:59","date_gmt":"2022-08-01T07:42:59","guid":{"rendered":"https:\/\/www.fapim.it\/?page_id=22243"},"modified":"2022-08-04T08:01:56","modified_gmt":"2022-08-04T06:01:56","slug":"espana","status":"publish","type":"page","link":"https:\/\/www.fapim.it\/fr\/espana\/","title":{"rendered":"Espa\u00f1a","raw":"Espa\u00f1a"},"content":{"rendered":"<section class=\"section  text-normal section-text-no-shadow section-inner-no-shadow section-normal section-opaque\"  >\r\n    \r\n    <div class=\"background-overlay grid-overlay-0 \" style=\"background-color: rgba(0,0,0,0);\"><\/div>\r\n\r\n    <div class=\"container container-vertical-default\">\r\n        <div class=\"row vertical-default\">\r\n            <div class=\"col-md-12     text-default small-screen-default\"  ><div class=\"divider-wrapper \" style=\"visibility:hidden;background-color:#FFFFFF\">\r\n    <div class=\"visible-xs\" style=\"height:24px;\"><\/div>\r\n    <div class=\"visible-sm\" style=\"height:24px;\"><\/div>\r\n    <div class=\"visible-md\" style=\"height:24px;\"><\/div>\r\n    <div class=\"visible-lg\" style=\"height:24px;\"><\/div>\r\n<\/div><\/div>        <\/div>\r\n    <\/div>\r\n<\/section>\r\n<section class=\"section  text-normal section-text-no-shadow section-inner-no-shadow section-normal section-opaque\"  >\r\n    \r\n    <div class=\"background-overlay grid-overlay-0 \" style=\"background-color: rgba(0,0,0,0);\"><\/div>\r\n\r\n    <div class=\"container container-vertical-default\">\r\n        <div class=\"row vertical-default\">\r\n            <div class=\"col-md-12     text-default small-screen-default\"  ><div class=\" element-top-20 element-bottom-20\" data-os-animation=\"none\" data-os-animation-delay=\"0s\" ><iframe loading=\"lazy\" title=\"FAPIM CALLING FROM...Espa\u00f1a\" width=\"1170\" height=\"658\" src=\"https:\/\/www.youtube.com\/embed\/L-Z1-76Xnmk?feature=oembed\" frameborder=\"0\" allow=\"accelerometer; autoplay; clipboard-write; encrypted-media; gyroscope; picture-in-picture\" allowfullscreen><\/iframe><\/div><\/div>        <\/div>\r\n    <\/div>\r\n<\/section>\r\n<section class=\"section  text-normal section-text-no-shadow section-inner-no-shadow section-normal section-opaque\"  >\r\n    \r\n    <div class=\"background-overlay grid-overlay-0 \" style=\"background-color: rgba(0,0,0,0);\"><\/div>\r\n\r\n    <div class=\"container container-vertical-default\">\r\n        <div class=\"row vertical-default\">\r\n            <div class=\"col-md-12     text-default small-screen-default\"  ><div class=\"divider-wrapper \" style=\"visibility:hidden;background-color:#FFFFFF\">\r\n    <div class=\"visible-xs\" style=\"height:24px;\"><\/div>\r\n    <div class=\"visible-sm\" style=\"height:24px;\"><\/div>\r\n    <div class=\"visible-md\" style=\"height:24px;\"><\/div>\r\n    <div class=\"visible-lg\" style=\"height:24px;\"><\/div>\r\n<\/div><\/div>        <\/div>\r\n    <\/div>\r\n<\/section>\r\n<section class=\"section  text-normal section-text-no-shadow section-inner-no-shadow section-normal section-opaque\"  >\r\n    \r\n    <div class=\"background-overlay grid-overlay-0 \" style=\"background-color: rgba(0,0,0,0);\"><\/div>\r\n\r\n    <div class=\"container container-vertical-default\">\r\n        <div class=\"row vertical-default\">\r\n            <div class=\"col-md-3     text-center small-screen-center\"  ><div class=\"figure element-top-20 element-bottom-20  \" data-os-animation=\"none\" data-os-animation-delay=\"0s\">\r\n            <a href=\"https:\/\/www.fapim.it\/wp-content\/uploads\/2022\/08\/Felix-Navarro.jpg\" class=\"figure-image magnific\" target=\"_self\">\r\n        <img loading=\"lazy\" decoding=\"async\" width=\"276\" height=\"300\" src=\"https:\/\/www.fapim.it\/wp-content\/uploads\/2022\/08\/Felix-Navarro.jpg\" class=\"attachment-medium size-medium\" alt=\"\" \/>            <\/a>\r\n    <\/div>\r\n<\/div><div class=\"col-md-3     text-default small-screen-default\"  ><div class=\"figure element-top-20 element-bottom-20  \" data-os-animation=\"none\" data-os-animation-delay=\"0s\">\r\n            <a href=\"https:\/\/www.fapim.it\/wp-content\/uploads\/2019\/04\/Alberto-Gonzalez.jpg\" class=\"figure-image magnific\" target=\"_self\">\r\n        <img loading=\"lazy\" decoding=\"async\" width=\"276\" height=\"300\" src=\"https:\/\/www.fapim.it\/wp-content\/uploads\/2019\/04\/Alberto-Gonzalez-276x300.jpg\" class=\"attachment-medium size-medium\" alt=\"\" srcset=\"https:\/\/www.fapim.it\/wp-content\/uploads\/2019\/04\/Alberto-Gonzalez-276x300.jpg 276w, https:\/\/www.fapim.it\/wp-content\/uploads\/2019\/04\/Alberto-Gonzalez.jpg 400w\" sizes=\"auto, (max-width: 276px) 100vw, 276px\" \/>            <\/a>\r\n    <\/div>\r\n<\/div><div class=\"col-md-3     text-default small-screen-default\"  ><div class=\"figure element-top-20 element-bottom-20  \" data-os-animation=\"none\" data-os-animation-delay=\"0s\">\r\n            <a href=\"https:\/\/www.fapim.it\/wp-content\/uploads\/2022\/05\/Antonio-Martinez-Darza.jpg\" class=\"figure-image magnific\" target=\"_self\">\r\n        <img loading=\"lazy\" decoding=\"async\" width=\"276\" height=\"300\" src=\"https:\/\/www.fapim.it\/wp-content\/uploads\/2022\/05\/Antonio-Martinez-Darza.jpg\" class=\"attachment-medium size-medium\" alt=\"\" \/>            <\/a>\r\n    <\/div>\r\n<\/div><div class=\"col-md-3     text-default small-screen-default\"  ><div class=\"figure element-top-20 element-bottom-20  \" data-os-animation=\"none\" data-os-animation-delay=\"0s\">\r\n            <a href=\"https:\/\/www.fapim.it\/wp-content\/uploads\/2019\/04\/Alvaro-Navarro.jpg\" class=\"figure-image magnific\" target=\"_self\">\r\n        <img loading=\"lazy\" decoding=\"async\" width=\"276\" height=\"300\" src=\"https:\/\/www.fapim.it\/wp-content\/uploads\/2019\/04\/Alvaro-Navarro-276x300.jpg\" class=\"attachment-medium size-medium\" alt=\"\" srcset=\"https:\/\/www.fapim.it\/wp-content\/uploads\/2019\/04\/Alvaro-Navarro-276x300.jpg 276w, https:\/\/www.fapim.it\/wp-content\/uploads\/2019\/04\/Alvaro-Navarro.jpg 400w\" sizes=\"auto, (max-width: 276px) 100vw, 276px\" \/>            <\/a>\r\n    <\/div>\r\n<\/div>        <\/div>\r\n    <\/div>\r\n<\/section>\r\n<section class=\"section  text-normal section-text-no-shadow section-inner-no-shadow section-normal section-opaque\"  >\r\n    \r\n    <div class=\"background-overlay grid-overlay-0 \" style=\"background-color: rgba(0,0,0,0);\"><\/div>\r\n\r\n    <div class=\"container container-vertical-default\">\r\n        <div class=\"row vertical-default\">\r\n            <div class=\"col-md-12     text-center small-screen-center\"  ><div class=\"col-text-1 text-normal lead text-justify element-top-20 element-bottom-20\" data-os-animation=\"none\" data-os-animation-delay=\"0s\">\r\n    <p><strong><i><span lang=\"FR\">Felix, Alberto, Tony et Alvaro sont nos agents en Espagne, <\/span><\/i><\/strong><i><span lang=\"FR\">un march\u00e9 historique de Fapim<\/span><\/i><strong><i><span lang=\"FR\">, o\u00f9 ils nous repr\u00e9sentent avec enthousiasme et passion depuis 20 ans !<\/span><\/i><\/strong><\/p>\n<\/div>\r\n<\/div>        <\/div>\r\n    <\/div>\r\n<\/section>\r\n<section class=\"section  text-normal section-text-no-shadow section-inner-no-shadow section-normal section-opaque\"  >\r\n    \r\n    <div class=\"background-overlay grid-overlay-0 \" style=\"background-color: rgba(0,0,0,0);\"><\/div>\r\n\r\n    <div class=\"container container-vertical-default\">\r\n        <div class=\"row vertical-default\">\r\n            <div class=\"col-md-12     text-default small-screen-default\"  ><div class=\"divider-wrapper \" style=\"visibility:hidden;background-color:#FFFFFF\">\r\n    <div class=\"visible-xs\" style=\"height:24px;\"><\/div>\r\n    <div class=\"visible-sm\" style=\"height:24px;\"><\/div>\r\n    <div class=\"visible-md\" style=\"height:24px;\"><\/div>\r\n    <div class=\"visible-lg\" style=\"height:24px;\"><\/div>\r\n<\/div><\/div>        <\/div>\r\n    <\/div>\r\n<\/section>\n","protected":false,"raw":"[vc_row][vc_column width=\"1\/1\"][divider][\/vc_column][\/vc_row][vc_row][vc_column width=\"1\/1\"][vc_video src=\"https:\/\/youtu.be\/L-Z1-76Xnmk\"][\/vc_column][\/vc_row][vc_row][vc_column width=\"1\/1\"][divider][\/vc_column][\/vc_row][vc_row][vc_column align=\"center\" align_sm=\"center\" width=\"1\/4\"][vc_single_image image=\"22247\" image_size=\"medium\"][\/vc_column][vc_column width=\"1\/4\"][vc_single_image image=\"18094\" image_size=\"medium\"][\/vc_column][vc_column width=\"1\/4\"][vc_single_image image=\"22109\" image_size=\"medium\"][\/vc_column][vc_column width=\"1\/4\"][vc_single_image image=\"18092\" image_size=\"medium\"][\/vc_column][\/vc_row][vc_row][vc_column align=\"center\" align_sm=\"center\" width=\"1\/1\"][vc_column_text extra_classes=\"lead text-justify\"]<strong><i><span lang=\"FR\">Felix, Alberto, Tony et Alvaro sont nos agents en Espagne, <\/span><\/i><\/strong><i><span lang=\"FR\">un march\u00e9 historique de Fapim<\/span><\/i><strong><i><span lang=\"FR\">, o\u00f9 ils nous repr\u00e9sentent avec enthousiasme et passion depuis 20 ans !<\/span><\/i><\/strong>[\/vc_column_text][\/vc_column][\/vc_row][vc_row][vc_column width=\"1\/1\"][divider][\/vc_column][\/vc_row]"},"excerpt":{"rendered":"Felix, Alberto, Tony ed Alvaro sono i nostri agenti per la Spagna, mercato storico di Fapim, dove da vent\u2019anni ci rappresentano con entusiasmo e passione!","protected":false,"raw":""},"author":4,"featured_media":0,"parent":0,"menu_order":156,"comment_status":"closed","ping_status":"closed","template":"","meta":{"_it_post_content":"[vc_row][vc_column width=\"1\/1\"][divider][\/vc_column][\/vc_row][vc_row][vc_column width=\"1\/1\"][vc_video src=\"https:\/\/youtu.be\/L-Z1-76Xnmk\"][\/vc_column][\/vc_row][vc_row][vc_column width=\"1\/1\"][divider][\/vc_column][\/vc_row][vc_row][vc_column align=\"center\" align_sm=\"center\" width=\"1\/4\"][vc_single_image image=\"22247\" image_size=\"medium\"][\/vc_column][vc_column width=\"1\/4\"][vc_single_image image=\"18094\" image_size=\"medium\"][\/vc_column][vc_column width=\"1\/4\"][vc_single_image image=\"22109\" image_size=\"medium\"][\/vc_column][vc_column width=\"1\/4\"][vc_single_image image=\"18092\" image_size=\"medium\"][\/vc_column][\/vc_row][vc_row][vc_column align=\"center\" align_sm=\"center\" width=\"1\/1\"][vc_column_text extra_classes=\"lead text-justify\"]<strong>Felix, Alberto, Tony ed Alvaro sono i nostri agenti per la Spagna<\/strong>, mercato storico di Fapim, <strong>dove da vent\u2019anni ci rappresentano con entusiasmo e passione!<\/strong>[\/vc_column_text][\/vc_column][\/vc_row][vc_row][vc_column width=\"1\/1\"][divider][\/vc_column][\/vc_row]","_it_post_name":"espana","_it_post_excerpt":"","_it_post_title":"Espa\u00f1a","_en_post_content":"[vc_row][vc_column width=\"1\/1\"][divider][\/vc_column][\/vc_row][vc_row][vc_column width=\"1\/1\"][vc_video src=\"https:\/\/youtu.be\/L-Z1-76Xnmk\"][\/vc_column][\/vc_row][vc_row][vc_column width=\"1\/1\"][divider][\/vc_column][\/vc_row][vc_row][vc_column align=\"center\" align_sm=\"center\" width=\"1\/4\"][vc_single_image image=\"22247\" image_size=\"medium\"][\/vc_column][vc_column width=\"1\/4\"][vc_single_image image=\"18094\" image_size=\"medium\"][\/vc_column][vc_column width=\"1\/4\"][vc_single_image image=\"22109\" image_size=\"medium\"][\/vc_column][vc_column width=\"1\/4\"][vc_single_image image=\"18092\" image_size=\"medium\"][\/vc_column][\/vc_row][vc_row][vc_column align=\"center\" align_sm=\"center\" width=\"1\/1\"][vc_column_text extra_classes=\"lead text-justify\"]<strong><i><span lang=\"EN-GB\">Felix, Alberto, Tony and Alvaro are our agents in Spain, <\/span><\/i><\/strong><i><span lang=\"EN-GB\">a historical market for Fapim<\/span><\/i><strong><i><span lang=\"EN-GB\">, where they have been representing us with enthusiasm and passion for 20 years!<\/span><\/i><\/strong>[\/vc_column_text][\/vc_column][\/vc_row][vc_row][vc_column width=\"1\/1\"][divider][\/vc_column][\/vc_row]","_en_post_name":"espana","_en_post_excerpt":"","_en_post_title":"Espa\u00f1a","_fr_post_content":"[vc_row][vc_column width=\"1\/1\"][divider][\/vc_column][\/vc_row][vc_row][vc_column width=\"1\/1\"][vc_video src=\"https:\/\/youtu.be\/L-Z1-76Xnmk\"][\/vc_column][\/vc_row][vc_row][vc_column width=\"1\/1\"][divider][\/vc_column][\/vc_row][vc_row][vc_column align=\"center\" align_sm=\"center\" width=\"1\/4\"][vc_single_image image=\"22247\" image_size=\"medium\"][\/vc_column][vc_column width=\"1\/4\"][vc_single_image image=\"18094\" image_size=\"medium\"][\/vc_column][vc_column width=\"1\/4\"][vc_single_image image=\"22109\" image_size=\"medium\"][\/vc_column][vc_column width=\"1\/4\"][vc_single_image image=\"18092\" image_size=\"medium\"][\/vc_column][\/vc_row][vc_row][vc_column align=\"center\" align_sm=\"center\" width=\"1\/1\"][vc_column_text extra_classes=\"lead text-justify\"]<strong><i><span lang=\"FR\">Felix, Alberto, Tony et Alvaro sont nos agents en Espagne, <\/span><\/i><\/strong><i><span lang=\"FR\">un march\u00e9 historique de Fapim<\/span><\/i><strong><i><span lang=\"FR\">, o\u00f9 ils nous repr\u00e9sentent avec enthousiasme et passion depuis 20 ans !<\/span><\/i><\/strong>[\/vc_column_text][\/vc_column][\/vc_row][vc_row][vc_column width=\"1\/1\"][divider][\/vc_column][\/vc_row]","_fr_post_name":"espana","_fr_post_excerpt":"","_fr_post_title":"Espa\u00f1a","_es_post_content":"[vc_row][vc_column width=\"1\/1\"][divider][\/vc_column][\/vc_row][vc_row][vc_column width=\"1\/1\"][vc_video src=\"https:\/\/youtu.be\/L-Z1-76Xnmk\"][\/vc_column][\/vc_row][vc_row][vc_column width=\"1\/1\"][divider][\/vc_column][\/vc_row][vc_row][vc_column align=\"center\" align_sm=\"center\" width=\"1\/4\"][vc_single_image image=\"22247\" image_size=\"medium\"][\/vc_column][vc_column width=\"1\/4\"][vc_single_image image=\"18094\" image_size=\"medium\"][\/vc_column][vc_column width=\"1\/4\"][vc_single_image image=\"22109\" image_size=\"medium\"][\/vc_column][vc_column width=\"1\/4\"][vc_single_image image=\"18092\" image_size=\"medium\"][\/vc_column][\/vc_row][vc_row][vc_column align=\"center\" align_sm=\"center\" width=\"1\/1\"][vc_column_text extra_classes=\"lead text-justify\"]<strong>Felix, Alberto, Tony y Alvaro son nuestros agentes para Espa\u00f1a, <\/strong>un mercado hist\u00f3rico de Fapim<strong>, donde nos representan con ilusi\u00f3n y pasi\u00f3n desde hace veinte a\u00f1os!<\/strong>[\/vc_column_text][\/vc_column][\/vc_row][vc_row][vc_column width=\"1\/1\"][divider][\/vc_column][\/vc_row]","_es_post_name":"espana","_es_post_excerpt":"","_es_post_title":"Espa\u00f1a","_ru_post_content":"[vc_row][vc_column width=\"1\/1\"][divider][\/vc_column][\/vc_row][vc_row][vc_column width=\"1\/1\"][vc_video src=\"https:\/\/youtu.be\/L-Z1-76Xnmk\"][\/vc_column][\/vc_row][vc_row][vc_column width=\"1\/1\"][divider][\/vc_column][\/vc_row][vc_row][vc_column align=\"center\" align_sm=\"center\" width=\"1\/4\"][vc_single_image image=\"22247\" image_size=\"medium\"][\/vc_column][vc_column width=\"1\/4\"][vc_single_image image=\"18094\" image_size=\"medium\"][\/vc_column][vc_column width=\"1\/4\"][vc_single_image image=\"22109\" image_size=\"medium\"][\/vc_column][vc_column width=\"1\/4\"][vc_single_image image=\"18092\" image_size=\"medium\"][\/vc_column][\/vc_row][vc_row][vc_column align=\"center\" align_sm=\"center\" width=\"1\/1\"][vc_column_text extra_classes=\"lead text-justify\"]<strong>\u0424\u0435\u043b\u0438\u043a\u0441, \u0410\u043b\u044c\u0431\u0435\u0440\u0442\u043e, \u0422\u043e\u043d\u0438 \u0438 \u0410\u043b\u044c\u0432\u0430\u0440\u043e \u2013 \u00a0\u044d\u0442\u043e \u043d\u0430\u0448\u0438 \u0430\u0433\u0435\u043d\u0442\u044b \u0432 \u0418\u0441\u043f\u0430\u043d\u0438\u0438. <\/strong>\u0423\u0436\u0435 \u043d\u0430 \u043f\u0440\u043e\u0442\u044f\u0436\u0435\u043d\u0438\u0438 \u0434\u0432\u0430\u0434\u0446\u0430\u0442\u0438 \u043b\u0435\u0442 \u043e\u043d\u0438 <strong>\u0441 \u044d\u043d\u0442\u0443\u0437\u0438\u0430\u0437\u043c\u043e\u043c \u043f\u0440\u0435\u0434\u0441\u0442\u0430\u0432\u043b\u044f\u044e\u0442 \u043d\u0430\u0448\u0443 \u043a\u043e\u043c\u043f\u0430\u043d\u0438\u044e \u043d\u0430 \u044d\u0442\u043e\u043c \u0438\u0441\u0442\u043e\u0440\u0438\u0447\u0435\u0441\u043a\u043e\u043c \u0440\u044b\u043d\u043a\u0435<\/strong>[\/vc_column_text][\/vc_column][\/vc_row][vc_row][vc_column width=\"1\/1\"][divider][\/vc_column][\/vc_row]","_ru_post_name":"espana","_ru_post_excerpt":"","_ru_post_title":"Espa\u00f1a","_pl_post_content":"[vc_row][vc_column width=\"1\/1\"][divider][\/vc_column][\/vc_row][vc_row][vc_column width=\"1\/1\"][vc_video src=\"https:\/\/youtu.be\/L-Z1-76Xnmk\"][\/vc_column][\/vc_row][vc_row][vc_column width=\"1\/1\"][divider][\/vc_column][\/vc_row][vc_row][vc_column align=\"center\" align_sm=\"center\" width=\"1\/4\"][vc_single_image image=\"22247\" image_size=\"medium\"][\/vc_column][vc_column width=\"1\/4\"][vc_single_image image=\"18094\" image_size=\"medium\"][\/vc_column][vc_column width=\"1\/4\"][vc_single_image image=\"22109\" image_size=\"medium\"][\/vc_column][vc_column width=\"1\/4\"][vc_single_image image=\"18092\" image_size=\"medium\"][\/vc_column][\/vc_row][vc_row][vc_column align=\"center\" align_sm=\"center\" width=\"1\/1\"][vc_column_text extra_classes=\"lead text-justify\"]<strong>Felix, Alberto , Tony\u00a0 i Alvaro sa naszymi agentami na Hiszpanie<\/strong> , historyczny rynek Fapim- u ,<strong>na ktorym oddwudziestu lat reprezentuja nas z entuzjazmem i<\/strong> <strong>pasja<\/strong>[\/vc_column_text][\/vc_column][\/vc_row][vc_row][vc_column width=\"1\/1\"][divider][\/vc_column][\/vc_row]","_pl_post_name":"espana","_pl_post_excerpt":"","_pl_post_title":"Espa\u00f1a","edit_language":"fr","footnotes":""},"class_list":["post-22243","page","type-page","status-publish","hentry"],"_links":{"self":[{"href":"https:\/\/www.fapim.it\/fr\/wp-json\/wp\/v2\/pages\/22243","targetHints":{"allow":["GET"]}}],"collection":[{"href":"https:\/\/www.fapim.it\/fr\/wp-json\/wp\/v2\/pages"}],"about":[{"href":"https:\/\/www.fapim.it\/fr\/wp-json\/wp\/v2\/types\/page"}],"author":[{"embeddable":true,"href":"https:\/\/www.fapim.it\/fr\/wp-json\/wp\/v2\/users\/4"}],"replies":[{"embeddable":true,"href":"https:\/\/www.fapim.it\/fr\/wp-json\/wp\/v2\/comments?post=22243"}],"version-history":[{"count":5,"href":"https:\/\/www.fapim.it\/fr\/wp-json\/wp\/v2\/pages\/22243\/revisions"}],"predecessor-version":[{"id":22249,"href":"https:\/\/www.fapim.it\/fr\/wp-json\/wp\/v2\/pages\/22243\/revisions\/22249"}],"wp:attachment":[{"href":"https:\/\/www.fapim.it\/fr\/wp-json\/wp\/v2\/media?parent=22243"}],"curies":[{"name":"wp","href":"https:\/\/api.w.org\/{rel}","templated":true}]}}