   {"id":24638,"date":"2024-12-02T08:34:25","date_gmt":"2024-12-02T07:34:25","guid":{"rendered":"https:\/\/www.fapim.it\/?page_id=24638"},"modified":"2024-12-03T15:27:44","modified_gmt":"2024-12-03T14:27:44","slug":"","status":"publish","type":"page","link":"https:\/\/www.fapim.it\/fr\/positions-ouvertes\/addetto-alla-pressofusione\/","title":{"rendered":"","raw":""},"content":{"rendered":"","protected":false,"raw":""},"excerpt":{"rendered":"La risorsa, inserita all' interno del reparto di pressofusione, si occuper\u00e0 dell\u2019attivit\u00e0 di assistenza e controllo, attrezzaggio e gestione dei macchinari deputati alla realizzazione di pezzi pressofusi in alluminio\/leghe di alluminio e plastica. La mansione comprende l\u2019attivit\u00e0 di preparazione dei macchinari allo svolgimento dei cicli produttivi (compresa l\u2019attivit\u00e0 di montaggio degli stampi in macchina, ecc.),","protected":false,"raw":""},"author":3,"featured_media":0,"parent":20636,"menu_order":159,"comment_status":"closed","ping_status":"closed","template":"","meta":{"_it_post_content":"[vc_row][vc_column width=\"1\/1\"][divider xs_height=\"10\" sm_height=\"10\"][\/vc_column][\/vc_row][vc_row][vc_column width=\"1\/1\"][vc_column_text extra_classes=\"lead text-justify\"]La risorsa, inserita all' interno del reparto di pressofusione, si occuper\u00e0 dell\u2019attivit\u00e0 di assistenza e controllo, attrezzaggio e gestione dei macchinari deputati alla realizzazione di pezzi pressofusi in alluminio\/leghe di alluminio e plastica. La mansione comprende l\u2019attivit\u00e0 di preparazione dei macchinari allo svolgimento dei cicli produttivi (compresa l\u2019attivit\u00e0 di montaggio degli stampi in macchina, ecc.), la realizzazione delle manutenzioni ordinarie pre e post produzione e il controllo continuo sui prezzi prodotti in funzione di particolari standard di qualit\u00e0.\r\n\r\n<strong>Il candidato si occuper\u00e0 di:<\/strong>\r\n<ul>\r\n \t<li>Attivit\u00e0 di assistenza ai macchinari con controllo e verifica dei pezzi prodotti;<\/li>\r\n \t<li>Attrezzaggio dei macchinari per la pressofusione di alluminio\/leghe di alluminio e plastica;<\/li>\r\n \t<li>Attivit\u00e0 di manutenzione ordinaria dei macchinari pre e post produzione;<\/li>\r\n \t<li>Montaggio degli stampi in macchina;<\/li>\r\n<\/ul>\r\n<strong>\u00a0<\/strong><strong>Si richiedono i seguenti requisiti:\u00a0<\/strong>\r\n<ul>\r\n \t<li>preferibile diploma in materie inerenti l\u2019attivit\u00e0 aziendale (diploma di perito meccanico o conseguito presso istituto professionale);<\/li>\r\n \t<li>preferibile precedente esperienza nella mansione o in mansioni simili (in particolare all\u2019interno di contesti produttivi strutturati);<\/li>\r\n \t<li>capacit\u00e0 di lavorare all\u2019interno di gruppi numerosi, sotto il coordinamento di un Capo Reparto;<\/li>\r\n \t<li>spiccata capacit\u00e0 di adattamento alle esigenze di reparto;<\/li>\r\n \t<li>ottime capacit\u00e0 relazionali e propensione alla comunicazione e al contatto con i colleghi e con i superiori;<\/li>\r\n \t<li>velocit\u00e0 di apprendimento e proattivit\u00e0, precisione, autonomia e affidabilit\u00e0;<\/li>\r\n \t<li>motivazione a svolgere attivit\u00e0 manuale all\u2019interno della produzione;<\/li>\r\n \t<li>motivazione all\u2019apprendimento di attivit\u00e0 tecniche specializzate quali: attrezzaggio, montaggio stampi, piccola manutenzione macchinari;<\/li>\r\n<\/ul>\r\nE\u2019 imprescindibile ai fini della considerazione della candidatura la disponibilit\u00e0 a lavorare su turni avvicendati, anche notturni e la compatibilit\u00e0 con mansioni che prevedono la lavorazione di metalli fusi.\r\n\r\nL\u2019eventuale proposta sar\u00e0 commisurata all\u2019esperienza e capacit\u00e0 del candidato.[\/vc_column_text][\/vc_column][\/vc_row][vc_row][vc_column width=\"1\/1\"][divider xs_height=\"10\" sm_height=\"10\" lg_height=\"40\"][\/vc_column][\/vc_row][vc_row][vc_column width=\"1\/1\"][vc_column_text extra_classes=\"lead text-justify\"]<strong>Dettagli offerta di lavoro<\/strong>\r\n\r\n<strong>Location: <\/strong>Altopascio (Lucca)\r\n\r\n<strong>Livello di anzianit\u00e0:<\/strong> variabile\r\n\r\n<strong>Settore:<\/strong> Ingegneria meccanica o industriale\r\n\r\n<strong>Tipo di impiego: <\/strong>A tempo pieno\r\n\r\n<strong>Funzioni lavorative:<\/strong> Produzione\r\n\r\n<strong>Categoria inquadramento: <\/strong>Operai\r\n\r\n<strong>Caratteristiche particolari:<\/strong> Turni avvicendati, anche notturni[\/vc_column_text][\/vc_column][\/vc_row][vc_row][vc_column width=\"1\/1\"][divider xs_height=\"10\" sm_height=\"10\" lg_height=\"40\"][\/vc_column][\/vc_row][vc_row][vc_column width=\"1\/1\"][button label=\"Invia la tua candidatura\" link=\"https:\/\/www.fapim.it\/it\/modulo-di-candidatura-conditional\/\"][\/vc_column][\/vc_row][vc_row][vc_column width=\"1\/1\"][divider xs_height=\"10\" sm_height=\"10\" lg_height=\"40\"][\/vc_column][\/vc_row]","_it_post_name":"addetto-alla-pressofusione","_it_post_excerpt":"","_it_post_title":"ADDETTO ALLA PRESSOFUSIONE","_en_post_content":"","_en_post_name":"addetto-alla-pressofusione","_en_post_excerpt":"","_en_post_title":"","_fr_post_content":"","_fr_post_name":"","_fr_post_excerpt":"","_fr_post_title":"","_es_post_content":"","_es_post_name":"","_es_post_excerpt":"","_es_post_title":"","_ru_post_content":"","_ru_post_name":"","_ru_post_excerpt":"","_ru_post_title":"","_pl_post_content":"","_pl_post_name":"","_pl_post_excerpt":"","_pl_post_title":"","edit_language":"fr","footnotes":""},"class_list":["post-24638","page","type-page","status-publish","hentry"],"_links":{"self":[{"href":"https:\/\/www.fapim.it\/fr\/wp-json\/wp\/v2\/pages\/24638","targetHints":{"allow":["GET"]}}],"collection":[{"href":"https:\/\/www.fapim.it\/fr\/wp-json\/wp\/v2\/pages"}],"about":[{"href":"https:\/\/www.fapim.it\/fr\/wp-json\/wp\/v2\/types\/page"}],"author":[{"embeddable":true,"href":"https:\/\/www.fapim.it\/fr\/wp-json\/wp\/v2\/users\/3"}],"replies":[{"embeddable":true,"href":"https:\/\/www.fapim.it\/fr\/wp-json\/wp\/v2\/comments?post=24638"}],"version-history":[{"count":7,"href":"https:\/\/www.fapim.it\/fr\/wp-json\/wp\/v2\/pages\/24638\/revisions"}],"predecessor-version":[{"id":24686,"href":"https:\/\/www.fapim.it\/fr\/wp-json\/wp\/v2\/pages\/24638\/revisions\/24686"}],"up":[{"embeddable":true,"href":"https:\/\/www.fapim.it\/fr\/wp-json\/wp\/v2\/pages\/20636"}],"wp:attachment":[{"href":"https:\/\/www.fapim.it\/fr\/wp-json\/wp\/v2\/media?parent=24638"}],"curies":[{"name":"wp","href":"https:\/\/api.w.org\/{rel}","templated":true}]}}