   {"id":25505,"date":"2025-03-31T12:08:34","date_gmt":"2025-03-31T10:08:34","guid":{"rendered":"https:\/\/www.fapim.it\/it\/?page_id=25505"},"modified":"2025-03-31T12:38:40","modified_gmt":"2025-03-31T10:38:40","slug":"codice-etico","status":"publish","type":"page","link":"https:\/\/www.fapim.it\/fr\/codice-etico\/","title":{"rendered":"Code d'\u00e9thique","raw":"Code d'\u00e9thique"},"content":{"rendered":"","protected":false,"raw":""},"excerpt":{"rendered":"Codice etico Il nostro Codice etico non \u00e8 soltanto una risposta puntuale ad una normativa, ma un documento profondamente ragionato e sentito da propriet\u00e0 e management e condiviso con tutti i dipendenti, in perfetta coerenza con la storia aziendale di Fapim. Sfoglia il Codice Etico","protected":false,"raw":""},"author":4,"featured_media":0,"parent":0,"menu_order":-1,"comment_status":"closed","ping_status":"closed","template":"","meta":{"_it_post_content":"[vc_row][vc_column width=\"1\/1\"][vc_single_image image=\"25635\"][\/vc_column][\/vc_row][vc_row][vc_column align=\"center\" align_sm=\"center\" width=\"1\/4\"][vc_column_text extra_classes=\"lead text-justify\"]<a href=\"https:\/\/www.fapim.it\/wp-content\/uploads\/2025\/02\/codice-etico_Fapim25.pdf\"><img class=\"wp-image-25492 aligncenter\" src=\"https:\/\/www.fapim.it\/wp-content\/uploads\/2025\/02\/cop_codice-etico_Fapim25-1-214x300.jpg\" alt=\"\" width=\"161\" height=\"217\" \/><\/a>[\/vc_column_text][\/vc_column][vc_column width=\"3\/4\"][heading]Codice etico[\/heading][vc_column_text extra_classes=\"lead text-justify\"]<strong>Il nostro Codice etico non \u00e8 soltanto una risposta puntuale ad una normativa, ma un documento profondamente ragionato e sentito da propriet\u00e0 e management e condiviso con tutti i dipendenti, in perfetta coerenza con la storia aziendale di Fapim.<\/strong>\r\n\r\n<strong><a href=\"https:\/\/www.fapim.it\/wp-content\/uploads\/2025\/02\/codice-etico_Fapim25.pdf\">Sfoglia il Codice Etico<\/a><\/strong>[\/vc_column_text][\/vc_column][\/vc_row][vc_row][vc_column width=\"1\/1\"][divider][\/vc_column][\/vc_row]","_it_post_name":"codice-etico","_it_post_excerpt":"","_it_post_title":"Codice Etico","_en_post_content":"","_en_post_name":"codice-etico","_en_post_excerpt":"","_en_post_title":"Code of ethics","_fr_post_content":"","_fr_post_name":"codice-etico","_fr_post_excerpt":"","_fr_post_title":"Code d'\u00e9thique","_es_post_content":"","_es_post_name":"code-of-ethics","_es_post_excerpt":"","_es_post_title":"C\u00f3digo de \u00c9tica","_ru_post_content":"","_ru_post_name":"code-of-ethics","_ru_post_excerpt":"","_ru_post_title":"\u041a\u043e\u0434\u0435\u043a\u0441 \u044d\u0442\u0438\u043a\u0438","_pl_post_content":"","_pl_post_name":"code-of-ethics","_pl_post_excerpt":"","_pl_post_title":"Kodeks Etyki","edit_language":"fr","footnotes":""},"class_list":["post-25505","page","type-page","status-publish","hentry"],"_links":{"self":[{"href":"https:\/\/www.fapim.it\/fr\/wp-json\/wp\/v2\/pages\/25505","targetHints":{"allow":["GET"]}}],"collection":[{"href":"https:\/\/www.fapim.it\/fr\/wp-json\/wp\/v2\/pages"}],"about":[{"href":"https:\/\/www.fapim.it\/fr\/wp-json\/wp\/v2\/types\/page"}],"author":[{"embeddable":true,"href":"https:\/\/www.fapim.it\/fr\/wp-json\/wp\/v2\/users\/4"}],"replies":[{"embeddable":true,"href":"https:\/\/www.fapim.it\/fr\/wp-json\/wp\/v2\/comments?post=25505"}],"version-history":[{"count":6,"href":"https:\/\/www.fapim.it\/fr\/wp-json\/wp\/v2\/pages\/25505\/revisions"}],"predecessor-version":[{"id":25636,"href":"https:\/\/www.fapim.it\/fr\/wp-json\/wp\/v2\/pages\/25505\/revisions\/25636"}],"wp:attachment":[{"href":"https:\/\/www.fapim.it\/fr\/wp-json\/wp\/v2\/media?parent=25505"}],"curies":[{"name":"wp","href":"https:\/\/api.w.org\/{rel}","templated":true}]}}