   {"id":20538,"date":"2021-06-21T15:36:07","date_gmt":"2021-06-21T13:36:07","guid":{"rendered":"https:\/\/www.fapim.it\/?page_id=20538"},"modified":"2025-03-31T12:43:23","modified_gmt":"2025-03-31T10:43:23","slug":"candidatura-spontanea","status":"publish","type":"page","link":"https:\/\/www.fapim.it\/it\/candidatura-spontanea\/","title":{"rendered":"Candidatura spontanea"},"content":{"rendered":"<section class=\"section  text-normal section-text-no-shadow section-inner-no-shadow section-normal section-opaque\"  >\r\n    \r\n    <div class=\"background-overlay grid-overlay-0 \" style=\"background-color: rgba(0,0,0,0);\"><\/div>\r\n\r\n    <div class=\"container container-vertical-default\">\r\n        <div class=\"row vertical-default\">\r\n            <div class=\"col-md-12     text-default small-screen-default\"  ><div class=\"divider-wrapper \" style=\"visibility:hidden;background-color:#FFFFFF\">\r\n    <div class=\"visible-xs\" style=\"height:24px;\"><\/div>\r\n    <div class=\"visible-sm\" style=\"height:24px;\"><\/div>\r\n    <div class=\"visible-md\" style=\"height:24px;\"><\/div>\r\n    <div class=\"visible-lg\" style=\"height:24px;\"><\/div>\r\n<\/div><\/div>        <\/div>\r\n    <\/div>\r\n<\/section>\r\n<section class=\"section  text-normal section-text-no-shadow section-inner-no-shadow section-normal section-opaque\"  >\r\n    \r\n    <div class=\"background-overlay grid-overlay-0 \" style=\"background-color: rgba(0,0,0,0);\"><\/div>\r\n\r\n    <div class=\"container container-vertical-default\">\r\n        <div class=\"row vertical-default\">\r\n            <div class=\"col-md-2     text-default small-screen-default\"  ><\/div><div class=\"col-md-8     text-default small-screen-default\"  ><div class=\"divider-wrapper \" style=\"visibility:hidden;background-color:#FFFFFF\">\r\n    <div class=\"visible-xs\" style=\"height:24px;\"><\/div>\r\n    <div class=\"visible-sm\" style=\"height:24px;\"><\/div>\r\n    <div class=\"visible-md\" style=\"height:24px;\"><\/div>\r\n    <div class=\"visible-lg\" style=\"height:24px;\"><\/div>\r\n<\/div>\n<div class=\"wpcf7 no-js\" id=\"wpcf7-f22632-o1\" lang=\"it-IT\" dir=\"ltr\" data-wpcf7-id=\"22632\">\n<div class=\"screen-reader-response\"><p role=\"status\" aria-live=\"polite\" aria-atomic=\"true\"><\/p> <ul><\/ul><\/div>\n<form action=\"\/it\/wp-json\/wp\/v2\/pages\/20538#wpcf7-f22632-o1\" method=\"post\" class=\"wpcf7-form init\" aria-label=\"Modulo di contatto\" enctype=\"multipart\/form-data\" novalidate=\"novalidate\" data-status=\"init\">\n<fieldset class=\"hidden-fields-container\"><input type=\"hidden\" name=\"_wpcf7\" value=\"22632\" \/><input type=\"hidden\" name=\"_wpcf7_version\" value=\"6.1.4\" \/><input type=\"hidden\" name=\"_wpcf7_locale\" value=\"it_IT\" \/><input type=\"hidden\" name=\"_wpcf7_unit_tag\" value=\"wpcf7-f22632-o1\" \/><input type=\"hidden\" name=\"_wpcf7_container_post\" value=\"0\" \/><input type=\"hidden\" name=\"_wpcf7_posted_data_hash\" value=\"\" \/><input type=\"hidden\" name=\"_wpcf7cf_hidden_group_fields\" value=\"[]\" \/><input type=\"hidden\" name=\"_wpcf7cf_hidden_groups\" value=\"[]\" \/><input type=\"hidden\" name=\"_wpcf7cf_visible_groups\" value=\"[]\" \/><input type=\"hidden\" name=\"_wpcf7cf_repeaters\" value=\"[]\" \/><input type=\"hidden\" name=\"_wpcf7cf_steps\" value=\"{}\" \/><input type=\"hidden\" name=\"_wpcf7cf_options\" value=\"{&quot;form_id&quot;:22632,&quot;conditions&quot;:[{&quot;then_field&quot;:&quot;group-licenza-elementare&quot;,&quot;and_rules&quot;:[{&quot;if_field&quot;:&quot;Licenza&quot;,&quot;operator&quot;:&quot;equals&quot;,&quot;if_value&quot;:&quot;Licenza elementare\\\/media&quot;}]},{&quot;then_field&quot;:&quot;group-qualifica&quot;,&quot;and_rules&quot;:[{&quot;if_field&quot;:&quot;Licenza&quot;,&quot;operator&quot;:&quot;equals&quot;,&quot;if_value&quot;:&quot;Attestato di qualifica (3 anni)&quot;}]},{&quot;then_field&quot;:&quot;group-diploma&quot;,&quot;and_rules&quot;:[{&quot;if_field&quot;:&quot;Licenza&quot;,&quot;operator&quot;:&quot;equals&quot;,&quot;if_value&quot;:&quot;Diploma&quot;}]},{&quot;then_field&quot;:&quot;group-laurea&quot;,&quot;and_rules&quot;:[{&quot;if_field&quot;:&quot;Licenza&quot;,&quot;operator&quot;:&quot;equals&quot;,&quot;if_value&quot;:&quot;Laurea triennale&quot;}]},{&quot;then_field&quot;:&quot;group-laurea&quot;,&quot;and_rules&quot;:[{&quot;if_field&quot;:&quot;Licenza&quot;,&quot;operator&quot;:&quot;equals&quot;,&quot;if_value&quot;:&quot;Laurea magistrale&quot;}]}],&quot;settings&quot;:{&quot;animation&quot;:&quot;yes&quot;,&quot;animation_intime&quot;:200,&quot;animation_outtime&quot;:200,&quot;conditions_ui&quot;:&quot;normal&quot;,&quot;notice_dismissed&quot;:false}}\" \/>\n<\/fieldset>\n<div class=\"wpcf7-turnstile cf-turnstile\" data-sitekey=\"0x4AAAAAABjS3D5oNs3sZU2D\" data-response-field-name=\"_wpcf7_turnstile_response\"><\/div>\n\n<p><span class=\"wpcf7-form-control-wrap submission_id\"><input class=\"wpcf7-form-control wpcf7-submission_id_hidden wpcf7-validates-as-number\" readonly=\"readonly\" aria-invalid=\"false\" value=\"4974\" name=\"submission_id\" type=\"hidden\" \/><\/span>\n<\/p>\n<div class=\"row\">\n\t<div class=\"col-md-6\">\n\t\t<div class=\"form-group\">\n\t\t\t<p><label> NOME <\/label><br \/>\n<span class=\"wpcf7-form-control-wrap\" data-name=\"firstname\"><input size=\"40\" maxlength=\"400\" class=\"wpcf7-form-control wpcf7-text wpcf7-validates-as-required form-control\" aria-required=\"true\" aria-invalid=\"false\" placeholder=\"\" value=\"\" type=\"text\" name=\"firstname\" \/><\/span>\n\t\t\t<\/p>\n\t\t<\/div>\n\t<\/div>\n\t<div class=\"col-md-6\">\n\t\t<div class=\"form-group\">\n\t\t\t<p><label> COGNOME <\/label><br \/>\n<span class=\"wpcf7-form-control-wrap\" data-name=\"lastname\"><input size=\"40\" maxlength=\"400\" class=\"wpcf7-form-control wpcf7-text wpcf7-validates-as-required form-control\" aria-required=\"true\" aria-invalid=\"false\" placeholder=\"\" value=\"\" type=\"text\" name=\"lastname\" \/><\/span>\n\t\t\t<\/p>\n\t\t<\/div>\n\t<\/div>\n<\/div>\n<div class=\"row\">\n\t<div class=\"col-md-6\">\n\t\t<div class=\"form-group\">\n\t\t\t<p><label> SESSO <\/label><br \/>\n<span class=\"wpcf7-form-control-wrap\" data-name=\"menu-470\"><select class=\"wpcf7-form-control wpcf7-select wpcf7-validates-as-required\" aria-required=\"true\" aria-invalid=\"false\" name=\"menu-470\"><option value=\"MASCHIO\">MASCHIO<\/option><option value=\"FEMMINA\">FEMMINA<\/option><\/select><\/span>\n\t\t\t<\/p>\n\t\t<\/div>\n\t<\/div>\n\t<div class=\"col-md-6\">\n\t\t<div class=\"form-group\">\n\t\t\t<p><label> DATA DI NASCITA <\/label><br \/>\n<span class=\"wpcf7-form-control-wrap\" data-name=\"date-nascita\"><input class=\"wpcf7-form-control wpcf7-date wpcf7-validates-as-required wpcf7-validates-as-date\" aria-required=\"true\" aria-invalid=\"false\" value=\"\" type=\"date\" name=\"date-nascita\" \/><\/span>\n\t\t\t<\/p>\n\t\t<\/div>\n\t<\/div>\n<\/div>\n<div class=\"row\">\n\t<div class=\"col-md-12\">\n\t\t<div class=\"form-group\">\n\t\t\t<p><label> EMAIL <\/label><br \/>\n<span class=\"wpcf7-form-control-wrap\" data-name=\"your-email\"><input size=\"40\" maxlength=\"400\" class=\"wpcf7-form-control wpcf7-email wpcf7-validates-as-required wpcf7-text wpcf7-validates-as-email form-control\" aria-required=\"true\" aria-invalid=\"false\" placeholder=\"\" value=\"\" type=\"email\" name=\"your-email\" \/><\/span>\n\t\t\t<\/p>\n\t\t<\/div>\n\t<\/div>\n<\/div>\n<div class=\"row mb-50\">\n\t<div class=\"col-md-6\">\n\t\t<div class=\"form-group\">\n\t\t\t<p><label> RECAPITO TELEFONICO <\/label><br \/>\n<span class=\"wpcf7-form-control-wrap\" data-name=\"telefono\"><input size=\"40\" maxlength=\"400\" class=\"wpcf7-form-control wpcf7-tel wpcf7-text wpcf7-validates-as-tel form-control\" aria-invalid=\"false\" value=\"\" type=\"tel\" name=\"telefono\" \/><\/span>\n\t\t\t<\/p>\n\t\t<\/div>\n\t<\/div>\n\t<div class=\"col-md-6\">\n\t\t<div class=\"form-group\">\n\t\t\t<p><label> COMUNE DI RESIDENZA <\/label><br \/>\n<span class=\"wpcf7-form-control-wrap\" data-name=\"residenza\"><input size=\"40\" maxlength=\"400\" class=\"wpcf7-form-control wpcf7-text form-control placeholder\" aria-invalid=\"false\" value=\"\" type=\"text\" name=\"residenza\" \/><\/span>\n\t\t\t<\/p>\n\t\t<\/div>\n\t<\/div>\n<\/div>\n<div class=\"row mb-50\">\n\t<div class=\"col-md-12\">\n\t\t<div class=\"form-group\">\n\t\t\t<p><label> DESIDERO CANDIDARMI PER: <\/label><br \/>\n<span class=\"wpcf7-form-control-wrap\" data-name=\"CANDIDATURA01\"><span class=\"wpcf7-form-control wpcf7-checkbox\"><span class=\"wpcf7-list-item first last\"><input type=\"checkbox\" name=\"CANDIDATURA01[]\" value=\"POSIZIONE GENERICA PRODUZIONE\" \/><span class=\"wpcf7-list-item-label\">POSIZIONE GENERICA PRODUZIONE<\/span><\/span><\/span><\/span>\n\t\t\t<\/p>\n\t\t<\/div>\n\t<\/div>\n<\/div>\n<div class=\"row mb-50\">\n\t<div class=\"col-md-12\">\n\t\t<div class=\"form-group\">\n\t\t\t<p><span class=\"wpcf7-form-control-wrap\" data-name=\"CANDIDATURA02\"><span class=\"wpcf7-form-control wpcf7-checkbox\"><span class=\"wpcf7-list-item first last\"><input type=\"checkbox\" name=\"CANDIDATURA02[]\" value=\"POSIZIONE GENERICA UFFICI\" \/><span class=\"wpcf7-list-item-label\">POSIZIONE GENERICA UFFICI<\/span><\/span><\/span><\/span>\n\t\t\t<\/p>\n\t\t<\/div>\n\t<\/div>\n<\/div>\n<div class=\"row mb-50\">\n\t<div class=\"col-md-12\">\n\t\t<div class=\"form-group\">\n\t\t\t<p><span class=\"wpcf7-form-control-wrap\" data-name=\"CANDIDATURA03\"><span class=\"wpcf7-form-control wpcf7-checkbox\"><span class=\"wpcf7-list-item first last\"><input type=\"checkbox\" name=\"CANDIDATURA03[]\" value=\"ADDETTO OFFICINA MECCANICA\" \/><span class=\"wpcf7-list-item-label\">ADDETTO OFFICINA MECCANICA<\/span><\/span><\/span><\/span>\n\t\t\t<\/p>\n\t\t<\/div>\n\t<\/div>\n<\/div>\n<div class=\"row mb-50\">\n\t<div class=\"col-md-12\">\n\t\t<div class=\"form-group\">\n\t\t\t<p><span class=\"wpcf7-form-control-wrap\" data-name=\"CANDIDATURA04\"><span class=\"wpcf7-form-control wpcf7-checkbox\"><span class=\"wpcf7-list-item first last\"><input type=\"checkbox\" name=\"CANDIDATURA04[]\" value=\"ADDETTO UFFICIO TECNICO PROGETTAZIONE\" \/><span class=\"wpcf7-list-item-label\">ADDETTO UFFICIO TECNICO PROGETTAZIONE<\/span><\/span><\/span><\/span>\n\t\t\t<\/p>\n\t\t<\/div>\n\t<\/div>\n<\/div>\n<div class=\"row mb-50\">\n\t<div class=\"col-md-12\">\n\t\t<div class=\"form-group\">\n\t\t\t<p><span class=\"wpcf7-form-control-wrap\" data-name=\"CANDIDATURA05\"><span class=\"wpcf7-form-control wpcf7-checkbox\"><span class=\"wpcf7-list-item first last\"><input type=\"checkbox\" name=\"CANDIDATURA05[]\" value=\"ADDETTO UFFICIO TECNICO PROGETTAZIONE (ASSISTENZA TECNICA AL CLIENTE)\" \/><span class=\"wpcf7-list-item-label\">ADDETTO UFFICIO TECNICO PROGETTAZIONE (ASSISTENZA TECNICA AL CLIENTE)<\/span><\/span><\/span><\/span>\n\t\t\t<\/p>\n\t\t<\/div>\n\t<\/div>\n<\/div>\n<div class=\"row mb-50\">\n\t<div class=\"col-md-12\">\n\t\t<div class=\"form-group\">\n\t\t\t<p><span class=\"wpcf7-form-control-wrap\" data-name=\"CANDIDATURA06\"><span class=\"wpcf7-form-control wpcf7-checkbox\"><span class=\"wpcf7-list-item first last\"><input type=\"checkbox\" name=\"CANDIDATURA06[]\" value=\"ADDETTO UFFICIO TECNICO INDUSTRIALIZZAZIONE\" \/><span class=\"wpcf7-list-item-label\">ADDETTO UFFICIO TECNICO INDUSTRIALIZZAZIONE<\/span><\/span><\/span><\/span>\n\t\t\t<\/p>\n\t\t<\/div>\n\t<\/div>\n<\/div>\n<div class=\"row d-none\">\n\t<div class=\"row mb-50\">\n\t\t<div class=\"col-md-12\">\n\t\t\t<div class=\"form-group\">\n\t\t\t\t<p><span class=\"wpcf7-form-control-wrap\" data-name=\"CANDIDATURA07\"><span class=\"wpcf7-form-control wpcf7-checkbox\"><span class=\"wpcf7-list-item first last\"><input type=\"checkbox\" name=\"CANDIDATURA07[]\" value=\"COLONNA VUOTA\" \/><span class=\"wpcf7-list-item-label\">COLONNA VUOTA<\/span><\/span><\/span><\/span>\n\t\t\t\t<\/p>\n\t\t\t<\/div>\n\t\t<\/div>\n\t<\/div>\n<\/div>\n<div class=\"row mb-50\">\n\t<div class=\"col-md-12\">\n\t\t<div class=\"form-group\">\n\t\t\t<p><span class=\"wpcf7-form-control-wrap\" data-name=\"CANDIDATURA08\"><span class=\"wpcf7-form-control wpcf7-checkbox\"><span class=\"wpcf7-list-item first last\"><input type=\"checkbox\" name=\"CANDIDATURA08[]\" value=\"ADDETTO UFFICIO TECNICO INDUSTRIALIZZAZIONE (SPECIALISTA SAP)\" \/><span class=\"wpcf7-list-item-label\">ADDETTO UFFICIO TECNICO INDUSTRIALIZZAZIONE (SPECIALISTA SAP)<\/span><\/span><\/span><\/span>\n\t\t\t<\/p>\n\t\t<\/div>\n\t<\/div>\n<\/div>\n<div class=\"row\">\n\t<div class=\"col-md-12\">\n\t\t<div class=\"form-group\">\n\t\t\t<p><label> SONO DISPONIBILE PER: <\/label>\n\t\t\t<\/p>\n\t\t<\/div>\n\t<\/div>\n<\/div>\n<div class=\"row\">\n\t<div class=\"col-md-12\">\n\t\t<div class=\"form-group\">\n\t\t\t<p><label> Contratto tempo indeterminato: <\/label><br \/>\n<span class=\"wpcf7-form-control-wrap\" data-name=\"Indeterminato\"><span class=\"wpcf7-form-control wpcf7-radio\"><span class=\"wpcf7-list-item first\"><input type=\"radio\" name=\"Indeterminato\" value=\"SI\" \/><span class=\"wpcf7-list-item-label\">SI<\/span><\/span><span class=\"wpcf7-list-item last\"><input type=\"radio\" name=\"Indeterminato\" value=\"NO\" \/><span class=\"wpcf7-list-item-label\">NO<\/span><\/span><\/span><\/span>\n\t\t\t<\/p>\n\t\t<\/div>\n\t<\/div>\n<\/div>\n<div class=\"row\">\n\t<div class=\"col-md-12\">\n\t\t<div class=\"form-group\">\n\t\t\t<p><label> Contratto tempo determinato: <\/label><br \/>\n<span class=\"wpcf7-form-control-wrap\" data-name=\"Determinato\"><span class=\"wpcf7-form-control wpcf7-radio\"><span class=\"wpcf7-list-item first\"><input type=\"radio\" name=\"Determinato\" value=\"SI\" \/><span class=\"wpcf7-list-item-label\">SI<\/span><\/span><span class=\"wpcf7-list-item last\"><input type=\"radio\" name=\"Determinato\" value=\"NO\" \/><span class=\"wpcf7-list-item-label\">NO<\/span><\/span><\/span><\/span>\n\t\t\t<\/p>\n\t\t<\/div>\n\t<\/div>\n<\/div>\n<div class=\"row\">\n\t<div class=\"col-md-12\">\n\t\t<div class=\"form-group\">\n\t\t\t<p><label> Contratto breve (anche inferiore a 3 mesi): <\/label><br \/>\n<span class=\"wpcf7-form-control-wrap\" data-name=\"Breve\"><span class=\"wpcf7-form-control wpcf7-radio\"><span class=\"wpcf7-list-item first\"><input type=\"radio\" name=\"Breve\" value=\"SI\" \/><span class=\"wpcf7-list-item-label\">SI<\/span><\/span><span class=\"wpcf7-list-item last\"><input type=\"radio\" name=\"Breve\" value=\"NO\" \/><span class=\"wpcf7-list-item-label\">NO<\/span><\/span><\/span><\/span>\n\t\t\t<\/p>\n\t\t<\/div>\n\t<\/div>\n<\/div>\n<div class=\"row\">\n\t<div class=\"col-md-12\">\n\t\t<div class=\"form-group\">\n\t\t\t<p><label> Lavoro a turni (solo per reaprti produttivi): <\/label><br \/>\n<span class=\"wpcf7-form-control-wrap\" data-name=\"Turni\"><span class=\"wpcf7-form-control wpcf7-radio\"><span class=\"wpcf7-list-item first\"><input type=\"radio\" name=\"Turni\" value=\"SI\" \/><span class=\"wpcf7-list-item-label\">SI<\/span><\/span><span class=\"wpcf7-list-item last\"><input type=\"radio\" name=\"Turni\" value=\"NO\" \/><span class=\"wpcf7-list-item-label\">NO<\/span><\/span><\/span><\/span>\n\t\t\t<\/p>\n\t\t<\/div>\n\t<\/div>\n<\/div>\n<div class=\"row mb-50\">\n\t<div class=\"col-md-12\">\n\t\t<div class=\"form-group\">\n\t\t\t<p><label> Turno notturno (solo per reaprti produttivi): <\/label><br \/>\n<span class=\"wpcf7-form-control-wrap\" data-name=\"Lavoro\"><span class=\"wpcf7-form-control wpcf7-radio\"><span class=\"wpcf7-list-item first\"><input type=\"radio\" name=\"Lavoro\" value=\"SI\" \/><span class=\"wpcf7-list-item-label\">SI<\/span><\/span><span class=\"wpcf7-list-item last\"><input type=\"radio\" name=\"Lavoro\" value=\"NO\" \/><span class=\"wpcf7-list-item-label\">NO<\/span><\/span><\/span><\/span>\n\t\t\t<\/p>\n\t\t<\/div>\n\t<\/div>\n<\/div>\n<div class=\"row mb-50\">\n\t<div class=\"col-md-6\">\n\t\t<div class=\"form-group\">\n\t\t\t<p><label>Titolo di studio<\/label><br \/>\n<span class=\"wpcf7-form-control-wrap\" data-name=\"Licenza\"><select class=\"wpcf7-form-control wpcf7-select wpcf7-validates-as-required\" aria-required=\"true\" aria-invalid=\"false\" name=\"Licenza\"><option value=\"\">&#8212;Seleziona un&#039;opzione&#8212;<\/option><option value=\"Licenza elementare\/media\">Licenza elementare\/media<\/option><option value=\"Attestato di qualifica (3 anni)\">Attestato di qualifica (3 anni)<\/option><option value=\"Diploma\">Diploma<\/option><option value=\"Laurea triennale\">Laurea triennale<\/option><option value=\"Laurea magistrale\">Laurea magistrale<\/option><\/select><\/span>\n\t\t\t<\/p>\n\t\t<\/div>\n\t<\/div>\n\t<div class=\"col-md-6\">\n\t\t<div data-id=\"group-licenza-elementare\" data-orig_data_id=\"group-licenza-elementare\"  class=\"\" data-class=\"wpcf7cf_group\">\n\t\t\t<div class=\"form-group\">\n\t\t\t\t<p><label>Tipo di licenza<\/label><br \/>\n<span class=\"wpcf7-form-control-wrap\" data-name=\"TipoLicenza\"><select class=\"wpcf7-form-control wpcf7-select wpcf7-validates-as-required\" aria-required=\"true\" aria-invalid=\"false\" name=\"TipoLicenza\"><option value=\"\">&#8212;Seleziona un&#039;opzione&#8212;<\/option><option value=\"Licenza elementare\">Licenza elementare<\/option><option value=\"Licenza media\">Licenza media<\/option><\/select><\/span>\n\t\t\t\t<\/p>\n\t\t\t<\/div>\n\t\t<\/div>\n\t\t<div data-id=\"group-qualifica\" data-orig_data_id=\"group-qualifica\"  class=\"\" data-class=\"wpcf7cf_group\">\n\t\t\t<div class=\"form-group\">\n\t\t\t\t<p><label>Tipo di attestato<\/label><br \/>\n<span class=\"wpcf7-form-control-wrap\" data-name=\"TipoAttestato\"><select class=\"wpcf7-form-control wpcf7-select wpcf7-validates-as-required\" aria-required=\"true\" aria-invalid=\"false\" name=\"TipoAttestato\"><option value=\"\">&#8212;Seleziona un&#039;opzione&#8212;<\/option><option value=\"Tecnico industriale\/manutentore\">Tecnico industriale\/manutentore<\/option><option value=\"Altro\">Altro<\/option><\/select><\/span>\n\t\t\t\t<\/p>\n\t\t\t<\/div>\n\t\t<\/div>\n\t\t<div data-id=\"group-diploma\" data-orig_data_id=\"group-diploma\"  class=\"\" data-class=\"wpcf7cf_group\">\n\t\t\t<div class=\"form-group\">\n\t\t\t\t<p><label>Tipo di Diploma<\/label><br \/>\n<span class=\"wpcf7-form-control-wrap\" data-name=\"TipoDiploma\"><select class=\"wpcf7-form-control wpcf7-select wpcf7-validates-as-required\" aria-required=\"true\" aria-invalid=\"false\" name=\"TipoDiploma\"><option value=\"\">&#8212;Seleziona un&#039;opzione&#8212;<\/option><option value=\"Perito industriale meccanico\/meccatronico\">Perito industriale meccanico\/meccatronico<\/option><option value=\"Perito industriale elettrico\/elettronico\/informatico\">Perito industriale elettrico\/elettronico\/informatico<\/option><option value=\"Tecnico manutentore\">Tecnico manutentore<\/option><option value=\"Altro diploma tecnico\">Altro diploma tecnico<\/option><option value=\"Liceo\">Liceo<\/option><option value=\"Altro\">Altro<\/option><\/select><\/span>\n\t\t\t\t<\/p>\n\t\t\t<\/div>\n\t\t<\/div>\n\t\t<div data-id=\"group-laurea\" data-orig_data_id=\"group-laurea\"  class=\"\" data-class=\"wpcf7cf_group\">\n\t\t\t<div class=\"form-group\">\n\t\t\t\t<p><label>Tipo di Laurea<\/label><br \/>\n<span class=\"wpcf7-form-control-wrap\" data-name=\"TipoLaurea\"><select class=\"wpcf7-form-control wpcf7-select wpcf7-validates-as-required\" aria-required=\"true\" aria-invalid=\"false\" name=\"TipoLaurea\"><option value=\"\">&#8212;Seleziona un&#039;opzione&#8212;<\/option><option value=\"Ingegneria\">Ingegneria<\/option><option value=\"Giurisprudenza\">Giurisprudenza<\/option><option value=\"Economia\">Economia<\/option><option value=\"Altro\">Altro<\/option><\/select><\/span>\n\t\t\t\t<\/p>\n\t\t\t<\/div>\n\t\t<\/div>\n\t<\/div>\n<\/div>\n<div class=\"row\">\n\t<div class=\"col-md-12\">\n\t\t<div class=\"form-group\">\n\t\t\t<p><label> LASCIA UN MESSAGGIO (facoltativo) <\/label><br \/>\n<span class=\"wpcf7-form-control-wrap\" data-name=\"your-message\"><textarea cols=\"40\" rows=\"6\" maxlength=\"2000\" class=\"wpcf7-form-control wpcf7-textarea form-control\" aria-invalid=\"false\" placeholder=\"\" name=\"your-message\"><\/textarea><\/span>\n\t\t\t<\/p>\n\t\t<\/div>\n\t<\/div>\n<\/div>\n<div class=\"row\">\n\t<div class=\"col-md-12\">\n\t\t<div class=\"form-group\">\n\t\t\t<p><label> CARICA CV <\/label><br \/>\n<span class=\"wpcf7-form-control-wrap\" data-name=\"file-curriculum\"><input size=\"40\" class=\"wpcf7-form-control wpcf7-file form-control placeholder\" accept=\".pdf\" aria-invalid=\"false\" type=\"file\" name=\"file-curriculum\" \/><\/span>\n\t\t\t<\/p>\n\t\t<\/div>\n\t<\/div>\n<\/div>\n<div class=\"row mb-30\">\n\t<div class=\"col-md-12\">\n\t\t<div class=\"form-group\">\n\t\t\t<p><label> <\/label><br \/>\n<span class=\"wpcf7-form-control-wrap\" data-name=\"accept-this-885\"><span class=\"wpcf7-form-control wpcf7-acceptance\"><span class=\"wpcf7-list-item\"><label><input type=\"checkbox\" name=\"accept-this-885\" value=\"1\" aria-invalid=\"false\" \/><span class=\"wpcf7-list-item-label\">&nbsp;&nbsp; Acconsento al trattamento dei miei dati personali.<\/span><\/label><\/span><\/span><\/span>\n\t\t\t<\/p>\n\t\t\t<div>\n\t\t\t\t<p>I candidati ambosessi (D.lgs n. 198\/2006) sono invitati a leggere l'informativa privacy ai sensi degli artt. 13 e 14 del Reg. EU 679\/2016 : <a class=\"link-underline\" href=\"https:\/\/www.fapim.it\/it\/privacy-policy\/\" target=\"_blank\">Policy Privacy<\/a>\n\t\t\t\t<\/p>\n\t\t\t<\/div>\n\t\t<\/div>\n\t<\/div>\n<\/div>\n<div class=\"row d-none\">\n\t<div class=\"col-md-12\">\n\t\t<div class=\"form-group\">\n\t\t\t<p><label> NOTE (facoltativo) <\/label><br \/>\n<span class=\"wpcf7-form-control-wrap\" data-name=\"note\"><textarea cols=\"40\" rows=\"6\" maxlength=\"2000\" class=\"wpcf7-form-control wpcf7-textarea form-control\" aria-invalid=\"false\" placeholder=\"\" name=\"note\"><\/textarea><\/span>\n\t\t\t<\/p>\n\t\t<\/div>\n\t<\/div>\n<\/div>\n<p><input class=\"wpcf7-form-control wpcf7-submit has-spinner btn btn-primary\" type=\"submit\" value=\"Invia la tua candidatura\" \/>\n<\/p><div class=\"wpcf7-response-output\" aria-hidden=\"true\"><\/div>\n<\/form>\n<\/div>\n<div class=\"divider-wrapper \" style=\"visibility:hidden;background-color:#FFFFFF\">\r\n    <div class=\"visible-xs\" style=\"height:24px;\"><\/div>\r\n    <div class=\"visible-sm\" style=\"height:24px;\"><\/div>\r\n    <div class=\"visible-md\" style=\"height:24px;\"><\/div>\r\n    <div class=\"visible-lg\" style=\"height:24px;\"><\/div>\r\n<\/div><\/div><div class=\"col-md-2     text-default small-screen-default\"  ><\/div>        <\/div>\r\n    <\/div>\r\n<\/section>\n","protected":false},"excerpt":{"rendered":"<p><span class=\"excerpt\"><\/span><\/p>\n","protected":false},"author":3,"featured_media":0,"parent":0,"menu_order":145,"comment_status":"closed","ping_status":"closed","template":"","meta":{"_it_post_content":"[vc_row][vc_column width=\"1\/1\"][divider][\/vc_column][\/vc_row][vc_row][vc_column width=\"1\/6\"][\/vc_column][vc_column width=\"4\/6\"][divider][contact-form-7 id=\"22632\"][divider][\/vc_column][vc_column width=\"1\/6\"][\/vc_column][\/vc_row]","_it_post_name":"candidatura-spontanea","_it_post_excerpt":"","_it_post_title":"Candidatura spontanea","_en_post_content":"","_en_post_name":"spontaneous-application","_en_post_excerpt":"","_en_post_title":"Spontaneous application","_fr_post_content":"","_fr_post_name":"candidature-spontanee","_fr_post_excerpt":"","_fr_post_title":"Candidature spontan\u00e9e","_es_post_content":"","_es_post_name":"aplicacion-espontanea","_es_post_excerpt":"","_es_post_title":"Aplicaci\u00f3n espont\u00e1nea","_ru_post_content":"","_ru_post_name":"spontannoe-primenenie","_ru_post_excerpt":"","_ru_post_title":"\u0421\u043f\u043e\u043d\u0442\u0430\u043d\u043d\u043e\u0435 \u043f\u0440\u0438\u043c\u0435\u043d\u0435\u043d\u0438\u0435","_pl_post_content":"","_pl_post_name":"spontaniczna-aplikacja","_pl_post_excerpt":"","_pl_post_title":"Spontaniczna aplikacja","edit_language":"it","footnotes":""},"class_list":["post-20538","page","type-page","status-publish","hentry"],"_links":{"self":[{"href":"https:\/\/www.fapim.it\/it\/wp-json\/wp\/v2\/pages\/20538","targetHints":{"allow":["GET"]}}],"collection":[{"href":"https:\/\/www.fapim.it\/it\/wp-json\/wp\/v2\/pages"}],"about":[{"href":"https:\/\/www.fapim.it\/it\/wp-json\/wp\/v2\/types\/page"}],"author":[{"embeddable":true,"href":"https:\/\/www.fapim.it\/it\/wp-json\/wp\/v2\/users\/3"}],"replies":[{"embeddable":true,"href":"https:\/\/www.fapim.it\/it\/wp-json\/wp\/v2\/comments?post=20538"}],"version-history":[{"count":13,"href":"https:\/\/www.fapim.it\/it\/wp-json\/wp\/v2\/pages\/20538\/revisions"}],"predecessor-version":[{"id":22633,"href":"https:\/\/www.fapim.it\/it\/wp-json\/wp\/v2\/pages\/20538\/revisions\/22633"}],"wp:attachment":[{"href":"https:\/\/www.fapim.it\/it\/wp-json\/wp\/v2\/media?parent=20538"}],"curies":[{"name":"wp","href":"https:\/\/api.w.org\/{rel}","templated":true}]}}