   {"id":21606,"date":"2022-01-24T10:04:29","date_gmt":"2022-01-24T09:04:29","guid":{"rendered":"https:\/\/www.fapim.it\/?page_id=21606"},"modified":"2022-01-24T15:42:09","modified_gmt":"2022-01-24T14:42:09","slug":"latin-america","status":"publish","type":"page","link":"https:\/\/www.fapim.it\/it\/latin-america\/","title":{"rendered":"Latin america"},"content":{"rendered":"<section class=\"section  text-normal section-text-no-shadow section-inner-no-shadow section-normal section-opaque\"  >\r\n    \r\n    <div class=\"background-overlay grid-overlay-0 \" style=\"background-color: rgba(0,0,0,0);\"><\/div>\r\n\r\n    <div class=\"container container-vertical-default\">\r\n        <div class=\"row vertical-default\">\r\n            <div class=\"col-md-12     text-default small-screen-default\"  ><div class=\"divider-wrapper \" style=\"visibility:hidden;background-color:#FFFFFF\">\r\n    <div class=\"visible-xs\" style=\"height:24px;\"><\/div>\r\n    <div class=\"visible-sm\" style=\"height:24px;\"><\/div>\r\n    <div class=\"visible-md\" style=\"height:24px;\"><\/div>\r\n    <div class=\"visible-lg\" style=\"height:24px;\"><\/div>\r\n<\/div><\/div>        <\/div>\r\n    <\/div>\r\n<\/section>\r\n<section class=\"section  text-normal section-text-no-shadow section-inner-no-shadow section-normal section-opaque\"  >\r\n    \r\n    <div class=\"background-overlay grid-overlay-0 \" style=\"background-color: rgba(0,0,0,0);\"><\/div>\r\n\r\n    <div class=\"container container-vertical-default\">\r\n        <div class=\"row vertical-default\">\r\n            <div class=\"col-md-12     text-default small-screen-default\"  ><div class=\" element-top-20 element-bottom-20\" data-os-animation=\"none\" data-os-animation-delay=\"0s\" ><iframe loading=\"lazy\" width=\"1170\" height=\"658\" src=\"https:\/\/www.youtube.com\/embed\/YXJ5N7a51jE?feature=oembed\" frameborder=\"0\" allow=\"accelerometer; autoplay; clipboard-write; encrypted-media; gyroscope; picture-in-picture\" allowfullscreen><\/iframe><\/div><\/div>        <\/div>\r\n    <\/div>\r\n<\/section>\r\n<section class=\"section  text-normal section-text-no-shadow section-inner-no-shadow section-normal section-opaque\"  >\r\n    \r\n    <div class=\"background-overlay grid-overlay-0 \" style=\"background-color: rgba(0,0,0,0);\"><\/div>\r\n\r\n    <div class=\"container container-vertical-default\">\r\n        <div class=\"row vertical-default\">\r\n            <div class=\"col-md-12     text-default small-screen-default\"  ><div class=\"divider-wrapper \" style=\"visibility:hidden;background-color:#FFFFFF\">\r\n    <div class=\"visible-xs\" style=\"height:24px;\"><\/div>\r\n    <div class=\"visible-sm\" style=\"height:24px;\"><\/div>\r\n    <div class=\"visible-md\" style=\"height:24px;\"><\/div>\r\n    <div class=\"visible-lg\" style=\"height:24px;\"><\/div>\r\n<\/div><\/div>        <\/div>\r\n    <\/div>\r\n<\/section>\r\n<section class=\"section  text-normal section-text-no-shadow section-inner-no-shadow section-normal section-opaque\"  >\r\n    \r\n    <div class=\"background-overlay grid-overlay-0 \" style=\"background-color: rgba(0,0,0,0);\"><\/div>\r\n\r\n    <div class=\"container container-vertical-default\">\r\n        <div class=\"row vertical-default\">\r\n            <div class=\"col-md-6     text-center small-screen-center\"  ><div class=\"figure element-top-20 element-bottom-20  \" data-os-animation=\"none\" data-os-animation-delay=\"0s\">\r\n            <a href=\"https:\/\/www.fapim.it\/wp-content\/uploads\/2019\/04\/Helvio-Bonilauri.jpg\" class=\"figure-image magnific\" target=\"_self\">\r\n        <img loading=\"lazy\" decoding=\"async\" width=\"276\" height=\"300\" src=\"https:\/\/www.fapim.it\/wp-content\/uploads\/2019\/04\/Helvio-Bonilauri-276x300.jpg\" class=\"attachment-medium size-medium\" alt=\"\" srcset=\"https:\/\/www.fapim.it\/wp-content\/uploads\/2019\/04\/Helvio-Bonilauri-276x300.jpg 276w, https:\/\/www.fapim.it\/wp-content\/uploads\/2019\/04\/Helvio-Bonilauri.jpg 400w\" sizes=\"auto, (max-width: 276px) 100vw, 276px\" \/>            <\/a>\r\n    <\/div>\r\n<\/div><div class=\"col-md-6     text-center small-screen-center\"  ><div class=\"col-text-1 text-normal lead text-justify element-top-20 element-bottom-20\" data-os-animation=\"none\" data-os-animation-delay=\"0s\">\r\n    <p>Ed eccoci alla quarta tappa del nostro viaggio intorno al mondo,<\/p>\n<p><strong>che dalla Grecia ci porta in Sud America, in Argentina per la precisione,<\/strong><\/p>\n<p>dove incontriamo <strong>Helvio Bonilauri, il nostro referente per i mercati latinoamericani.<\/strong><\/p>\n<p><strong>Dalle pampas con \u2026 ardore!<\/strong><\/p>\n<\/div>\r\n<\/div>        <\/div>\r\n    <\/div>\r\n<\/section>\r\n<section class=\"section  text-normal section-text-no-shadow section-inner-no-shadow section-normal section-opaque\"  >\r\n    \r\n    <div class=\"background-overlay grid-overlay-0 \" style=\"background-color: rgba(0,0,0,0);\"><\/div>\r\n\r\n    <div class=\"container container-vertical-default\">\r\n        <div class=\"row vertical-default\">\r\n            <div class=\"col-md-12     text-default small-screen-default\"  ><div class=\"divider-wrapper \" style=\"visibility:hidden;background-color:#FFFFFF\">\r\n    <div class=\"visible-xs\" style=\"height:24px;\"><\/div>\r\n    <div class=\"visible-sm\" style=\"height:24px;\"><\/div>\r\n    <div class=\"visible-md\" style=\"height:24px;\"><\/div>\r\n    <div class=\"visible-lg\" style=\"height:24px;\"><\/div>\r\n<\/div><\/div>        <\/div>\r\n    <\/div>\r\n<\/section>\n","protected":false},"excerpt":{"rendered":"<p><span class=\"excerpt\"><\/span><\/p>\n","protected":false},"author":4,"featured_media":0,"parent":0,"menu_order":156,"comment_status":"closed","ping_status":"closed","template":"","meta":{"_it_post_content":"[vc_row][vc_column width=\"1\/1\"][divider][\/vc_column][\/vc_row][vc_row][vc_column width=\"1\/1\"][vc_video src=\"https:\/\/youtu.be\/YXJ5N7a51jE\"][\/vc_column][\/vc_row][vc_row][vc_column width=\"1\/1\"][divider][\/vc_column][\/vc_row][vc_row][vc_column align=\"center\" align_sm=\"center\" width=\"1\/2\"][vc_single_image image=\"17913\" image_size=\"medium\"][\/vc_column][vc_column align=\"center\" align_sm=\"center\" width=\"1\/2\"][vc_column_text extra_classes=\"lead text-justify\"]Ed eccoci alla quarta tappa del nostro viaggio intorno al mondo,\r\n\r\n<strong>che dalla Grecia ci porta in Sud America, in Argentina per la precisione,<\/strong>\r\n\r\ndove incontriamo <strong>Helvio Bonilauri, il nostro referente per i mercati latinoamericani.<\/strong>\r\n\r\n<strong>Dalle pampas con \u2026 ardore!<\/strong>[\/vc_column_text][\/vc_column][\/vc_row][vc_row][vc_column width=\"1\/1\"][divider][\/vc_column][\/vc_row]","_it_post_name":"latin-america","_it_post_excerpt":"","_it_post_title":"Latin america","_en_post_content":"[vc_row][vc_column width=\"1\/1\"][divider][\/vc_column][\/vc_row][vc_row][vc_column width=\"1\/1\"][vc_video src=\"https:\/\/youtu.be\/YXJ5N7a51jE\"][\/vc_column][\/vc_row][vc_row][vc_column width=\"1\/1\"][divider][\/vc_column][\/vc_row][vc_row][vc_column align=\"center\" align_sm=\"center\" width=\"1\/2\"][vc_single_image image=\"17913\" image_size=\"medium\"][\/vc_column][vc_column align=\"center\" align_sm=\"center\" width=\"1\/2\"][vc_column_text extra_classes=\"lead text-justify\"]\r\n\r\n&nbsp;\r\n\r\nAnd here we are on the fourth step of our journey around the world that leads\r\n\r\n<strong>us from Greece to South America, namely Argentina, <\/strong>\r\n\r\nwhere we meet <strong>Helvio Bonilauri<\/strong>, <strong>our contact person for the Latin American markets.<\/strong>\r\n\r\n<strong>From the Pampas ... with passion!<\/strong>[\/vc_column_text][\/vc_column][\/vc_row][vc_row][vc_column width=\"1\/1\"][divider][\/vc_column][\/vc_row]","_en_post_name":"latin-america","_en_post_excerpt":"","_en_post_title":"Latin america","_fr_post_content":"[vc_row][vc_column width=\"1\/1\"][divider][\/vc_column][\/vc_row][vc_row][vc_column width=\"1\/1\"][vc_video src=\"https:\/\/youtu.be\/YXJ5N7a51jE\"][\/vc_column][\/vc_row][vc_row][vc_column width=\"1\/1\"][divider][\/vc_column][\/vc_row][vc_row][vc_column align=\"center\" align_sm=\"center\" width=\"1\/2\"][vc_single_image image=\"17913\" image_size=\"medium\"][\/vc_column][vc_column align=\"center\" align_sm=\"center\" width=\"1\/2\"][vc_column_text extra_classes=\"lead text-justify\"]\r\n\r\n&nbsp;\r\n\r\nEt nous sommes maintenant \u00e0 la quatri\u00e8me \u00e9tape de notre voyage autour du monde\r\n\r\n<strong>qui nous m\u00e8ne de la Gr\u00e8ce \u00e0 l\u2019Am\u00e9rique du Sud, pr\u00e9cis\u00e9ment en Argentine,<\/strong>\r\n\r\no\u00f9 nous rencontrons<strong> Helvio Bonilauri<\/strong>, <strong>notre personne de contact pour les march\u00e9s d\u2019Am\u00e9rique latine.<\/strong>\r\n\r\n<strong>De la Pampa \u2026 avec passion\u00a0!<\/strong>[\/vc_column_text][\/vc_column][\/vc_row][vc_row][vc_column width=\"1\/1\"][divider][\/vc_column][\/vc_row]","_fr_post_name":"latin-america","_fr_post_excerpt":"","_fr_post_title":"Latin america","_es_post_content":"[vc_row][vc_column width=\"1\/1\"][divider][\/vc_column][\/vc_row][vc_row][vc_column width=\"1\/1\"][vc_video src=\"https:\/\/youtu.be\/YXJ5N7a51jE\"][\/vc_column][\/vc_row][vc_row][vc_column width=\"1\/1\"][divider][\/vc_column][\/vc_row][vc_row][vc_column align=\"center\" align_sm=\"center\" width=\"1\/2\"][vc_single_image image=\"17913\" image_size=\"medium\"][\/vc_column][vc_column align=\"center\" align_sm=\"center\" width=\"1\/2\"][vc_column_text extra_classes=\"lead text-justify\"]Y aqu\u00ed estamos ya en la cuarta etapa de nuestro viaje alrededor del mundo,\r\n\r\n<strong>que de Grecia\u00a0 nos lleva a Sudam\u00e9rica, concretamente a Argentina,<\/strong>\r\n\r\ndonde conocemos a <strong>Helvio Bonilauri<\/strong>, <strong>nuestra persona de contacto para los mercados latinoamericanos.<\/strong>\r\n\r\n<strong>Desde la pampa con... \u00a1ardor!<\/strong>[\/vc_column_text][\/vc_column][\/vc_row][vc_row][vc_column width=\"1\/1\"][divider][\/vc_column][\/vc_row]","_es_post_name":"latin-america","_es_post_excerpt":"","_es_post_title":"Latin america","_ru_post_content":"[vc_row][vc_column width=\"1\/1\"][divider][\/vc_column][\/vc_row][vc_row][vc_column width=\"1\/1\"][vc_video src=\"https:\/\/youtu.be\/YXJ5N7a51jE\"][\/vc_column][\/vc_row][vc_row][vc_column width=\"1\/1\"][divider][\/vc_column][\/vc_row][vc_row][vc_column align=\"center\" align_sm=\"center\" width=\"1\/2\"][vc_single_image image=\"17913\" image_size=\"medium\"][\/vc_column][vc_column align=\"center\" align_sm=\"center\" width=\"1\/2\"][vc_column_text extra_classes=\"lead text-justify\"]\r\n\r\n&nbsp;\r\n\r\n\u041f\u043e\u0434\u043e\u0448\u0435\u043b \u0447\u0435\u0442\u0432\u0435\u0440\u0442\u044b\u0439 \u044d\u0442\u0430\u043f \u043d\u0430\u0448\u0435\u0433\u043e \u043a\u0440\u0443\u0433\u043e\u0441\u0432\u0435\u0442\u043d\u043e\u0433\u043e \u043f\u0443\u0442\u0435\u0448\u0435\u0441\u0442\u0432\u0438\u044f.\r\n\r\n<strong>\u0418\u0437 \u0413\u0440\u0435\u0446\u0438\u0438 \u043c\u044b \u043f\u0435\u0440\u0435\u043c\u0435\u0441\u0442\u0438\u043b\u0438\u0441\u044c \u0432 \u044e\u0436\u043d\u0443\u044e \u0410\u043c\u0435\u0440\u0438\u043a\u0443, \u0430 \u0438\u043c\u0435\u043d\u043d\u043e \u2013 \u0432 \u0410\u0440\u0433\u0435\u043d\u0442\u0438\u043d\u0443,<\/strong>\r\n\r\n\u0433\u0434\u0435 \u043c\u044b \u0440\u0430\u0434\u044b \u0432\u0441\u0442\u0440\u0435\u0442\u0438\u0442\u044c <strong>Helvio Bonilauri, \u043d\u0430\u0448\u0435\u0433\u043e \u0440\u0435\u0444\u0435\u0440\u0435\u043d\u0442\u0430 \u043d\u0430 \u043b\u0430\u0442\u0438\u043d\u043e-\u0430\u043c\u0435\u0440\u0438\u043a\u0430\u043d\u0441\u043a\u043e\u043c \u0440\u044b\u043d\u043a\u0435.<\/strong>\r\n\r\n<strong>\u0418\u0437 \u041f\u0430\u043c\u043f\u0430\u0441\u043e\u0432\u2026 \u0441\u043e \u0441\u0442\u0440\u0430\u0441\u0442\u044c\u044e \u043a \u0441\u0432\u043e\u0435\u043c\u0443 \u0434\u0435\u043b\u0443!<\/strong>[\/vc_column_text][\/vc_column][\/vc_row][vc_row][vc_column width=\"1\/1\"][divider][\/vc_column][\/vc_row]","_ru_post_name":"latin-america","_ru_post_excerpt":"","_ru_post_title":"Latin america","_pl_post_content":"[vc_row][vc_column width=\"1\/1\"][divider][\/vc_column][\/vc_row][vc_row][vc_column width=\"1\/1\"][vc_video src=\"https:\/\/youtu.be\/YXJ5N7a51jE\"][\/vc_column][\/vc_row][vc_row][vc_column width=\"1\/1\"][divider][\/vc_column][\/vc_row][vc_row][vc_column align=\"center\" align_sm=\"center\" width=\"1\/2\"][vc_single_image image=\"17913\" image_size=\"medium\"][\/vc_column][vc_column align=\"center\" align_sm=\"center\" width=\"1\/2\"][vc_column_text extra_classes=\"lead text-justify\"]\r\n\r\n&nbsp;\r\n\r\nCzas na czwarty etap naszej podr\u00f3\u017cy dooko\u0142a \u015bwiata,\r\n\r\n<strong>z Grecji przenosimy si\u0119 do Ameryki Po\u0142udniowej, a dok\u0142adniej do Argentyny,<\/strong>\r\n\r\ngdzie spotkamy si\u0119 z <strong>Helvio Bonilaurim, naszym przedstawicielem na rynki latynoameryka\u0144skie.<\/strong>\r\n\r\n<strong>Prosto z pampy z... zapa\u0142em!<\/strong>[\/vc_column_text][\/vc_column][\/vc_row][vc_row][vc_column width=\"1\/1\"][divider][\/vc_column][\/vc_row]","_pl_post_name":"latin-america","_pl_post_excerpt":"","_pl_post_title":"Latin america","edit_language":"it","footnotes":""},"class_list":["post-21606","page","type-page","status-publish","hentry"],"_links":{"self":[{"href":"https:\/\/www.fapim.it\/it\/wp-json\/wp\/v2\/pages\/21606","targetHints":{"allow":["GET"]}}],"collection":[{"href":"https:\/\/www.fapim.it\/it\/wp-json\/wp\/v2\/pages"}],"about":[{"href":"https:\/\/www.fapim.it\/it\/wp-json\/wp\/v2\/types\/page"}],"author":[{"embeddable":true,"href":"https:\/\/www.fapim.it\/it\/wp-json\/wp\/v2\/users\/4"}],"replies":[{"embeddable":true,"href":"https:\/\/www.fapim.it\/it\/wp-json\/wp\/v2\/comments?post=21606"}],"version-history":[{"count":13,"href":"https:\/\/www.fapim.it\/it\/wp-json\/wp\/v2\/pages\/21606\/revisions"}],"predecessor-version":[{"id":21618,"href":"https:\/\/www.fapim.it\/it\/wp-json\/wp\/v2\/pages\/21606\/revisions\/21618"}],"wp:attachment":[{"href":"https:\/\/www.fapim.it\/it\/wp-json\/wp\/v2\/media?parent=21606"}],"curies":[{"name":"wp","href":"https:\/\/api.w.org\/{rel}","templated":true}]}}