   {"id":22049,"date":"2022-05-23T08:29:00","date_gmt":"2022-05-23T06:29:00","guid":{"rendered":"https:\/\/www.fapim.it\/?page_id=22049"},"modified":"2022-05-23T09:01:18","modified_gmt":"2022-05-23T07:01:18","slug":"balkan-area","status":"publish","type":"page","link":"https:\/\/www.fapim.it\/it\/balkan-area\/","title":{"rendered":"Balkan area"},"content":{"rendered":"<section class=\"section  text-normal section-text-no-shadow section-inner-no-shadow section-normal section-opaque\"  >\r\n    \r\n    <div class=\"background-overlay grid-overlay-0 \" style=\"background-color: rgba(0,0,0,0);\"><\/div>\r\n\r\n    <div class=\"container container-vertical-default\">\r\n        <div class=\"row vertical-default\">\r\n            <div class=\"col-md-12     text-default small-screen-default\"  ><div class=\"divider-wrapper \" style=\"visibility:hidden;background-color:#FFFFFF\">\r\n    <div class=\"visible-xs\" style=\"height:24px;\"><\/div>\r\n    <div class=\"visible-sm\" style=\"height:24px;\"><\/div>\r\n    <div class=\"visible-md\" style=\"height:24px;\"><\/div>\r\n    <div class=\"visible-lg\" style=\"height:24px;\"><\/div>\r\n<\/div><\/div>        <\/div>\r\n    <\/div>\r\n<\/section>\r\n<section class=\"section  text-normal section-text-no-shadow section-inner-no-shadow section-normal section-opaque\"  >\r\n    \r\n    <div class=\"background-overlay grid-overlay-0 \" style=\"background-color: rgba(0,0,0,0);\"><\/div>\r\n\r\n    <div class=\"container container-vertical-default\">\r\n        <div class=\"row vertical-default\">\r\n            <div class=\"col-md-12     text-default small-screen-default\"  ><div class=\" element-top-20 element-bottom-20\" data-os-animation=\"none\" data-os-animation-delay=\"0s\" ><iframe loading=\"lazy\" title=\"Fapim calling from...BALKAN AREA\" width=\"1170\" height=\"658\" src=\"https:\/\/www.youtube.com\/embed\/OXS8eqNDmz0?feature=oembed\" frameborder=\"0\" allow=\"accelerometer; autoplay; clipboard-write; encrypted-media; gyroscope; picture-in-picture\" allowfullscreen><\/iframe><\/div><\/div>        <\/div>\r\n    <\/div>\r\n<\/section>\r\n<section class=\"section  text-normal section-text-no-shadow section-inner-no-shadow section-normal section-opaque\"  >\r\n    \r\n    <div class=\"background-overlay grid-overlay-0 \" style=\"background-color: rgba(0,0,0,0);\"><\/div>\r\n\r\n    <div class=\"container container-vertical-default\">\r\n        <div class=\"row vertical-default\">\r\n            <div class=\"col-md-12     text-default small-screen-default\"  ><div class=\"divider-wrapper \" style=\"visibility:hidden;background-color:#FFFFFF\">\r\n    <div class=\"visible-xs\" style=\"height:24px;\"><\/div>\r\n    <div class=\"visible-sm\" style=\"height:24px;\"><\/div>\r\n    <div class=\"visible-md\" style=\"height:24px;\"><\/div>\r\n    <div class=\"visible-lg\" style=\"height:24px;\"><\/div>\r\n<\/div><\/div>        <\/div>\r\n    <\/div>\r\n<\/section>\r\n<section class=\"section  text-normal section-text-no-shadow section-inner-no-shadow section-normal section-opaque\"  >\r\n    \r\n    <div class=\"background-overlay grid-overlay-0 \" style=\"background-color: rgba(0,0,0,0);\"><\/div>\r\n\r\n    <div class=\"container container-vertical-default\">\r\n        <div class=\"row vertical-default\">\r\n            <div class=\"col-md-6     text-center small-screen-center\"  ><div class=\"figure element-top-20 element-bottom-20  \" data-os-animation=\"none\" data-os-animation-delay=\"0s\">\r\n            <a href=\"https:\/\/www.fapim.it\/wp-content\/uploads\/2019\/04\/Slobodan-Mrgic.jpg\" class=\"figure-image magnific\" target=\"_self\">\r\n        <img loading=\"lazy\" decoding=\"async\" width=\"276\" height=\"300\" src=\"https:\/\/www.fapim.it\/wp-content\/uploads\/2019\/04\/Slobodan-Mrgic-276x300.jpg\" class=\"attachment-medium size-medium\" alt=\"\" srcset=\"https:\/\/www.fapim.it\/wp-content\/uploads\/2019\/04\/Slobodan-Mrgic-276x300.jpg 276w, https:\/\/www.fapim.it\/wp-content\/uploads\/2019\/04\/Slobodan-Mrgic.jpg 400w\" sizes=\"auto, (max-width: 276px) 100vw, 276px\" \/>            <\/a>\r\n    <\/div>\r\n<\/div><div class=\"col-md-6     text-center small-screen-center\"  ><div class=\"col-text-1 text-normal lead text-justify element-top-20 element-bottom-20\" data-os-animation=\"none\" data-os-animation-delay=\"0s\">\r\n    <p>&nbsp;<\/p>\n<p>&nbsp;<\/p>\n<p>Fapim calling from\u2026<strong>Balkan area<\/strong><\/p>\n<p>&nbsp;<\/p>\n<p>Il nostro viaggio ci porta ad incontrare <strong>Slobodan Mrgic, un grande professionista con una grande umanit\u00e0,<\/strong> che dal 2008 da Belgrado porta il mondo Fapim in tutta l\u2019area balcanica!<\/p>\n<\/div>\r\n<\/div>        <\/div>\r\n    <\/div>\r\n<\/section>\r\n<section class=\"section  text-normal section-text-no-shadow section-inner-no-shadow section-normal section-opaque\"  >\r\n    \r\n    <div class=\"background-overlay grid-overlay-0 \" style=\"background-color: rgba(0,0,0,0);\"><\/div>\r\n\r\n    <div class=\"container container-vertical-default\">\r\n        <div class=\"row vertical-default\">\r\n            <div class=\"col-md-12     text-default small-screen-default\"  ><div class=\"divider-wrapper \" style=\"visibility:hidden;background-color:#FFFFFF\">\r\n    <div class=\"visible-xs\" style=\"height:24px;\"><\/div>\r\n    <div class=\"visible-sm\" style=\"height:24px;\"><\/div>\r\n    <div class=\"visible-md\" style=\"height:24px;\"><\/div>\r\n    <div class=\"visible-lg\" style=\"height:24px;\"><\/div>\r\n<\/div><\/div>        <\/div>\r\n    <\/div>\r\n<\/section>\n","protected":false},"excerpt":{"rendered":"<p><span class=\"excerpt\"><\/span><\/p>\n","protected":false},"author":4,"featured_media":0,"parent":0,"menu_order":158,"comment_status":"closed","ping_status":"closed","template":"","meta":{"_it_post_content":"[vc_row][vc_column width=\"1\/1\"][divider][\/vc_column][\/vc_row][vc_row][vc_column width=\"1\/1\"][vc_video src=\"https:\/\/youtu.be\/OXS8eqNDmz0\"][\/vc_column][\/vc_row][vc_row][vc_column width=\"1\/1\"][divider][\/vc_column][\/vc_row][vc_row][vc_column align=\"center\" align_sm=\"center\" width=\"1\/2\"][vc_single_image image=\"17849\" image_size=\"medium\"][\/vc_column][vc_column align=\"center\" align_sm=\"center\" width=\"1\/2\"][vc_column_text extra_classes=\"lead text-justify\"]\r\n\r\n&nbsp;\r\n\r\n&nbsp;\r\n\r\nFapim calling from\u2026<strong>Balkan area<\/strong>\r\n\r\n&nbsp;\r\n\r\nIl nostro viaggio ci porta ad incontrare <strong>Slobodan Mrgic, un grande professionista con una grande umanit\u00e0,<\/strong> che dal 2008 da Belgrado porta il mondo Fapim in tutta l\u2019area balcanica![\/vc_column_text][\/vc_column][\/vc_row][vc_row][vc_column width=\"1\/1\"][divider][\/vc_column][\/vc_row]","_it_post_name":"balkan-area","_it_post_excerpt":"","_it_post_title":"Balkan area","_en_post_content":"[vc_row][vc_column width=\"1\/1\"][divider][\/vc_column][\/vc_row][vc_row][vc_column width=\"1\/1\"][vc_video src=\"https:\/\/youtu.be\/OXS8eqNDmz0\"][\/vc_column][\/vc_row][vc_row][vc_column width=\"1\/1\"][divider][\/vc_column][\/vc_row][vc_row][vc_column align=\"center\" align_sm=\"center\" width=\"1\/2\"][vc_single_image image=\"17849\" image_size=\"medium\"][\/vc_column][vc_column align=\"center\" align_sm=\"center\" width=\"1\/2\"][vc_column_text extra_classes=\"lead text-justify\"]\r\n\r\n&nbsp;\r\n\r\nFapim calling from\u2026 <strong>Balkan area<\/strong>\r\n\r\n&nbsp;\r\n\r\nOur journey leads us to meet <strong>Slobodan Mrgic, a great professional with great humanity,<\/strong> who since 2008 has brought the Fapim world to the entire Balkan area from Belgrade!\r\n\r\n[\/vc_column_text][\/vc_column][\/vc_row][vc_row][vc_column width=\"1\/1\"][divider][\/vc_column][\/vc_row]","_en_post_name":"balkan-area","_en_post_excerpt":"","_en_post_title":"Balkan area","_fr_post_content":"[vc_row][vc_column width=\"1\/1\"][divider][\/vc_column][\/vc_row][vc_row][vc_column width=\"1\/1\"][vc_video src=\"https:\/\/youtu.be\/OXS8eqNDmz0\"][\/vc_column][\/vc_row][vc_row][vc_column width=\"1\/1\"][divider][\/vc_column][\/vc_row][vc_row][vc_column align=\"center\" align_sm=\"center\" width=\"1\/2\"][vc_single_image image=\"17849\" image_size=\"medium\"][\/vc_column][vc_column align=\"center\" align_sm=\"center\" width=\"1\/2\"][vc_column_text extra_classes=\"lead text-justify\"]\r\n\r\n&nbsp;\r\n\r\nFapim appelle depuis\u2026 <strong>la r\u00e9gion des Balkans<\/strong>\r\n\r\n&nbsp;\r\n\r\nNotre parcours nous am\u00e8ne \u00e0 rencontrer <strong>Slobodan Mrgic, un grand professionnel d'une grande humanit\u00e9,<\/strong> qui depuis 2008 a apport\u00e9 le monde Fapim dans toute la r\u00e9gion des Balkans depuis Belgrade !\r\n\r\n[\/vc_column_text][\/vc_column][\/vc_row][vc_row][vc_column width=\"1\/1\"][divider][\/vc_column][\/vc_row]","_fr_post_name":"balkan-area","_fr_post_excerpt":"","_fr_post_title":"Balkan area","_es_post_content":"[vc_row][vc_column width=\"1\/1\"][divider][\/vc_column][\/vc_row][vc_row][vc_column width=\"1\/1\"][vc_video src=\"https:\/\/youtu.be\/OXS8eqNDmz0\"][\/vc_column][\/vc_row][vc_row][vc_column width=\"1\/1\"][divider][\/vc_column][\/vc_row][vc_row][vc_column align=\"center\" align_sm=\"center\" width=\"1\/2\"][vc_single_image image=\"17849\" image_size=\"medium\"][\/vc_column][vc_column align=\"center\" align_sm=\"center\" width=\"1\/2\"][vc_column_text extra_classes=\"lead text-justify\"]\r\n\r\n&nbsp;\r\n\r\nFapim llamando desde\u2026 <strong>la zona de los Balcanes<\/strong>\r\n\r\n&nbsp;\r\n\r\n\u00a1Nuestro viaje nos lleva a conocer a <strong>Slobodan Mrgic, un gran profesional con una gran humanidad,<\/strong> que desde 2008 lleva el mundo Fapim a toda la zona de los Balcanes desde Belgrado![\/vc_column_text][\/vc_column][\/vc_row][vc_row][vc_column width=\"1\/1\"][divider][\/vc_column][\/vc_row]","_es_post_name":"balkan-area","_es_post_excerpt":"","_es_post_title":"Balkan area","_ru_post_content":"[vc_row][vc_column width=\"1\/1\"][divider][\/vc_column][\/vc_row][vc_row][vc_column width=\"1\/1\"][vc_video src=\"https:\/\/youtu.be\/OXS8eqNDmz0\"][\/vc_column][\/vc_row][vc_row][vc_column width=\"1\/1\"][divider][\/vc_column][\/vc_row][vc_row][vc_column align=\"center\" align_sm=\"center\" width=\"1\/2\"][vc_single_image image=\"17849\" image_size=\"medium\"][\/vc_column][vc_column align=\"center\" align_sm=\"center\" width=\"1\/2\"][vc_column_text extra_classes=\"lead text-justify\"]\r\n\r\n&nbsp;\r\n\r\nFapim \u0437\u0432\u043e\u043d\u0438\u0442 \u0438\u0437... <strong>\u0411\u0430\u043b\u043a\u0430\u043d\u0441\u043a\u043e\u0433\u043e \u0440\u0435\u0433\u0438\u043e\u043d\u0430<\/strong>\r\n\r\n&nbsp;\r\n\r\n\u041d\u0430\u0448\u0435 \u043f\u0443\u0442\u0435\u0448\u0435\u0441\u0442\u0432\u0438\u0435 \u043f\u0440\u0438\u0432\u0435\u0434\u0435\u0442 \u043d\u0430\u0441 \u043a \u0432\u0441\u0442\u0440\u0435\u0447\u0435 \u0441\u043e <strong>\u0421\u043b\u043e\u0431\u043e\u0434\u0430\u043d\u043e\u043c \u041c\u0440\u0433\u0438\u0447\u0435\u043c, \u0431\u043e\u043b\u044c\u0448\u043e\u043c\u0443 \u043f\u0440\u043e\u0444\u0435\u0441\u0441\u0438\u043e\u043d\u0430\u043b\u0443 \u0441 \u0431\u043e\u043b\u044c\u0448\u043e\u0439 \u0447\u0435\u043b\u043e\u0432\u0435\u0447\u043d\u043e\u0441\u0442\u044c\u044e<\/strong>, \u043a\u043e\u0442\u043e\u0440\u044b\u0439 \u043d\u0435\u0441\u0435\u0442 \u043c\u0438\u0440 Fapim \u043d\u0430 \u0432\u0435\u0441\u044c \u0431\u0430\u043b\u043a\u0430\u043d\u0441\u043a\u0438\u0439 \u0440\u0435\u0433\u0438\u043e\u043d \u0438\u0437 \u0411\u0435\u043b\u0433\u0440\u0430\u0434\u0430 \u0441 2008 \u0433\u043e\u0434\u0430![\/vc_column_text][\/vc_column][\/vc_row][vc_row][vc_column width=\"1\/1\"][divider][\/vc_column][\/vc_row]","_ru_post_name":"balkan-area","_ru_post_excerpt":"","_ru_post_title":"Balkan area","_pl_post_content":"[vc_row][vc_column width=\"1\/1\"][divider][\/vc_column][\/vc_row][vc_row][vc_column width=\"1\/1\"][vc_video src=\"https:\/\/youtu.be\/OXS8eqNDmz0\"][\/vc_column][\/vc_row][vc_row][vc_column width=\"1\/1\"][divider][\/vc_column][\/vc_row][vc_row][vc_column align=\"center\" align_sm=\"center\" width=\"1\/2\"][vc_single_image image=\"17849\" image_size=\"medium\"][\/vc_column][vc_column align=\"center\" align_sm=\"center\" width=\"1\/2\"][vc_column_text extra_classes=\"lead text-justify\"]\r\n\r\nFapim dzwoni z\u2026 <strong>Ba\u0142kan\u00f3w<\/strong>\r\n\r\n&nbsp;\r\n\r\nNasza podr\u00f3\u017c prowadzi nas do spotkania ze <strong>Slobodan Mrgic, wspania\u0142ym profesjonalist\u0105 o wielkim cz\u0142owiecze\u0144stwie,<\/strong> kt\u00f3ry od 2008 roku sprowadza \u015bwiat Fapim na ca\u0142y obszar Ba\u0142kan\u00f3w z Belgradu![\/vc_column_text][\/vc_column][\/vc_row][vc_row][vc_column width=\"1\/1\"][divider][\/vc_column][\/vc_row]","_pl_post_name":"balkan-area","_pl_post_excerpt":"","_pl_post_title":"Balkan area","edit_language":"it","footnotes":""},"class_list":["post-22049","page","type-page","status-publish","hentry"],"_links":{"self":[{"href":"https:\/\/www.fapim.it\/it\/wp-json\/wp\/v2\/pages\/22049","targetHints":{"allow":["GET"]}}],"collection":[{"href":"https:\/\/www.fapim.it\/it\/wp-json\/wp\/v2\/pages"}],"about":[{"href":"https:\/\/www.fapim.it\/it\/wp-json\/wp\/v2\/types\/page"}],"author":[{"embeddable":true,"href":"https:\/\/www.fapim.it\/it\/wp-json\/wp\/v2\/users\/4"}],"replies":[{"embeddable":true,"href":"https:\/\/www.fapim.it\/it\/wp-json\/wp\/v2\/comments?post=22049"}],"version-history":[{"count":13,"href":"https:\/\/www.fapim.it\/it\/wp-json\/wp\/v2\/pages\/22049\/revisions"}],"predecessor-version":[{"id":22086,"href":"https:\/\/www.fapim.it\/it\/wp-json\/wp\/v2\/pages\/22049\/revisions\/22086"}],"wp:attachment":[{"href":"https:\/\/www.fapim.it\/it\/wp-json\/wp\/v2\/media?parent=22049"}],"curies":[{"name":"wp","href":"https:\/\/api.w.org\/{rel}","templated":true}]}}