   {"id":25505,"date":"2025-03-31T12:08:34","date_gmt":"2025-03-31T10:08:34","guid":{"rendered":"https:\/\/www.fapim.it\/it\/?page_id=25505"},"modified":"2025-03-31T12:38:40","modified_gmt":"2025-03-31T10:38:40","slug":"codice-etico","status":"publish","type":"page","link":"https:\/\/www.fapim.it\/it\/codice-etico\/","title":{"rendered":"Codice Etico"},"content":{"rendered":"<section class=\"section  text-normal section-text-no-shadow section-inner-no-shadow section-normal section-opaque\"  >\r\n    \r\n    <div class=\"background-overlay grid-overlay-0 \" style=\"background-color: rgba(0,0,0,0);\"><\/div>\r\n\r\n    <div class=\"container container-vertical-default\">\r\n        <div class=\"row vertical-default\">\r\n            <div class=\"col-md-12     text-default small-screen-default\"  ><div class=\"figure element-top-20 element-bottom-20  \" data-os-animation=\"none\" data-os-animation-delay=\"0s\">\r\n            <a href=\"https:\/\/www.fapim.it\/wp-content\/uploads\/2025\/02\/codice-etico_2.jpg\" class=\"figure-image magnific\" target=\"_self\">\r\n        <img loading=\"lazy\" decoding=\"async\" width=\"2000\" height=\"1335\" src=\"https:\/\/www.fapim.it\/wp-content\/uploads\/2025\/02\/codice-etico_2.jpg\" class=\"attachment-full size-full\" alt=\"\" srcset=\"https:\/\/www.fapim.it\/wp-content\/uploads\/2025\/02\/codice-etico_2.jpg 2000w, https:\/\/www.fapim.it\/wp-content\/uploads\/2025\/02\/codice-etico_2-300x200.jpg 300w, https:\/\/www.fapim.it\/wp-content\/uploads\/2025\/02\/codice-etico_2-1024x684.jpg 1024w, https:\/\/www.fapim.it\/wp-content\/uploads\/2025\/02\/codice-etico_2-768x513.jpg 768w, https:\/\/www.fapim.it\/wp-content\/uploads\/2025\/02\/codice-etico_2-1536x1025.jpg 1536w, https:\/\/www.fapim.it\/wp-content\/uploads\/2025\/02\/codice-etico_2-600x400.jpg 600w\" sizes=\"auto, (max-width: 2000px) 100vw, 2000px\" \/>            <\/a>\r\n    <\/div>\r\n<\/div>        <\/div>\r\n    <\/div>\r\n<\/section>\r\n<section class=\"section  text-normal section-text-no-shadow section-inner-no-shadow section-normal section-opaque\"  >\r\n    \r\n    <div class=\"background-overlay grid-overlay-0 \" style=\"background-color: rgba(0,0,0,0);\"><\/div>\r\n\r\n    <div class=\"container container-vertical-default\">\r\n        <div class=\"row vertical-default\">\r\n            <div class=\"col-md-3     text-center small-screen-center\"  ><div class=\"col-text-1 text-normal lead text-justify element-top-20 element-bottom-20\" data-os-animation=\"none\" data-os-animation-delay=\"0s\">\r\n    <p><a href=\"https:\/\/www.fapim.it\/wp-content\/uploads\/2025\/02\/codice-etico_Fapim25.pdf\"><img loading=\"lazy\" decoding=\"async\" class=\"wp-image-25492 aligncenter\" src=\"https:\/\/www.fapim.it\/wp-content\/uploads\/2025\/02\/cop_codice-etico_Fapim25-1-214x300.jpg\" alt=\"\" width=\"161\" height=\"217\" \/><\/a><\/p>\n<\/div>\r\n<\/div><div class=\"col-md-9     text-default small-screen-default\"  ><h1 class=\"text-left  element-top-20 element-bottom-20 text-normal normal regular\" data-os-animation=\"none\" data-os-animation-delay=\"0s\" >\r\nCodice etico<\/h1>\r\n<div class=\"col-text-1 text-normal lead text-justify element-top-20 element-bottom-20\" data-os-animation=\"none\" data-os-animation-delay=\"0s\">\r\n    <p><strong>Il nostro Codice etico non \u00e8 soltanto una risposta puntuale ad una normativa, ma un documento profondamente ragionato e sentito da propriet\u00e0 e management e condiviso con tutti i dipendenti, in perfetta coerenza con la storia aziendale di Fapim.<\/strong><\/p>\n<p><strong><a href=\"https:\/\/www.fapim.it\/wp-content\/uploads\/2025\/02\/codice-etico_Fapim25.pdf\">Sfoglia il Codice Etico<\/a><\/strong><\/p>\n<\/div>\r\n<\/div>        <\/div>\r\n    <\/div>\r\n<\/section>\r\n<section class=\"section  text-normal section-text-no-shadow section-inner-no-shadow section-normal section-opaque\"  >\r\n    \r\n    <div class=\"background-overlay grid-overlay-0 \" style=\"background-color: rgba(0,0,0,0);\"><\/div>\r\n\r\n    <div class=\"container container-vertical-default\">\r\n        <div class=\"row vertical-default\">\r\n            <div class=\"col-md-12     text-default small-screen-default\"  ><div class=\"divider-wrapper \" style=\"visibility:hidden;background-color:#FFFFFF\">\r\n    <div class=\"visible-xs\" style=\"height:24px;\"><\/div>\r\n    <div class=\"visible-sm\" style=\"height:24px;\"><\/div>\r\n    <div class=\"visible-md\" style=\"height:24px;\"><\/div>\r\n    <div class=\"visible-lg\" style=\"height:24px;\"><\/div>\r\n<\/div><\/div>        <\/div>\r\n    <\/div>\r\n<\/section>\n","protected":false},"excerpt":{"rendered":"<p><span class=\"excerpt\"><\/span><\/p>\n","protected":false},"author":4,"featured_media":0,"parent":0,"menu_order":-1,"comment_status":"closed","ping_status":"closed","template":"","meta":{"_it_post_content":"[vc_row][vc_column width=\"1\/1\"][vc_single_image image=\"25635\"][\/vc_column][\/vc_row][vc_row][vc_column align=\"center\" align_sm=\"center\" width=\"1\/4\"][vc_column_text extra_classes=\"lead text-justify\"]<a href=\"https:\/\/www.fapim.it\/wp-content\/uploads\/2025\/02\/codice-etico_Fapim25.pdf\"><img class=\"wp-image-25492 aligncenter\" src=\"https:\/\/www.fapim.it\/wp-content\/uploads\/2025\/02\/cop_codice-etico_Fapim25-1-214x300.jpg\" alt=\"\" width=\"161\" height=\"217\" \/><\/a>[\/vc_column_text][\/vc_column][vc_column width=\"3\/4\"][heading]Codice etico[\/heading][vc_column_text extra_classes=\"lead text-justify\"]<strong>Il nostro Codice etico non \u00e8 soltanto una risposta puntuale ad una normativa, ma un documento profondamente ragionato e sentito da propriet\u00e0 e management e condiviso con tutti i dipendenti, in perfetta coerenza con la storia aziendale di Fapim.<\/strong>\r\n\r\n<strong><a href=\"https:\/\/www.fapim.it\/wp-content\/uploads\/2025\/02\/codice-etico_Fapim25.pdf\">Sfoglia il Codice Etico<\/a><\/strong>[\/vc_column_text][\/vc_column][\/vc_row][vc_row][vc_column width=\"1\/1\"][divider][\/vc_column][\/vc_row]","_it_post_name":"codice-etico","_it_post_excerpt":"","_it_post_title":"Codice Etico","_en_post_content":"","_en_post_name":"codice-etico","_en_post_excerpt":"","_en_post_title":"Code of ethics","_fr_post_content":"","_fr_post_name":"codice-etico","_fr_post_excerpt":"","_fr_post_title":"Code d'\u00e9thique","_es_post_content":"","_es_post_name":"code-of-ethics","_es_post_excerpt":"","_es_post_title":"C\u00f3digo de \u00c9tica","_ru_post_content":"","_ru_post_name":"code-of-ethics","_ru_post_excerpt":"","_ru_post_title":"\u041a\u043e\u0434\u0435\u043a\u0441 \u044d\u0442\u0438\u043a\u0438","_pl_post_content":"","_pl_post_name":"code-of-ethics","_pl_post_excerpt":"","_pl_post_title":"Kodeks Etyki","edit_language":"it","footnotes":""},"class_list":["post-25505","page","type-page","status-publish","hentry"],"_links":{"self":[{"href":"https:\/\/www.fapim.it\/it\/wp-json\/wp\/v2\/pages\/25505","targetHints":{"allow":["GET"]}}],"collection":[{"href":"https:\/\/www.fapim.it\/it\/wp-json\/wp\/v2\/pages"}],"about":[{"href":"https:\/\/www.fapim.it\/it\/wp-json\/wp\/v2\/types\/page"}],"author":[{"embeddable":true,"href":"https:\/\/www.fapim.it\/it\/wp-json\/wp\/v2\/users\/4"}],"replies":[{"embeddable":true,"href":"https:\/\/www.fapim.it\/it\/wp-json\/wp\/v2\/comments?post=25505"}],"version-history":[{"count":6,"href":"https:\/\/www.fapim.it\/it\/wp-json\/wp\/v2\/pages\/25505\/revisions"}],"predecessor-version":[{"id":25636,"href":"https:\/\/www.fapim.it\/it\/wp-json\/wp\/v2\/pages\/25505\/revisions\/25636"}],"wp:attachment":[{"href":"https:\/\/www.fapim.it\/it\/wp-json\/wp\/v2\/media?parent=25505"}],"curies":[{"name":"wp","href":"https:\/\/api.w.org\/{rel}","templated":true}]}}