   {"id":66,"date":"2015-07-30T13:55:03","date_gmt":"2015-07-30T11:55:03","guid":{"rendered":"http:\/\/fapim-2-demo:8888\/contact-us\/"},"modified":"2024-02-06T10:17:30","modified_gmt":"2024-02-06T09:17:30","slug":"contatti","status":"publish","type":"page","link":"https:\/\/www.fapim.it\/it\/contatti\/","title":{"rendered":"Contatti"},"content":{"rendered":"<section class=\"section  text-normal section-text-no-shadow section-inner-no-shadow section-normal section-opaque\"  >\r\n    \r\n    <div class=\"background-overlay grid-overlay-0 \" style=\"background-color: rgba(0,0,0,0);\"><\/div>\r\n\r\n    <div class=\"container container-vertical-default\">\r\n        <div class=\"row vertical-default\">\r\n            <div class=\"col-md-12     text-default small-screen-default\"  ><div class=\"divider-wrapper \" style=\"visibility:hidden;background-color:#FFFFFF\">\r\n    <div class=\"visible-xs\" style=\"height:24px;\"><\/div>\r\n    <div class=\"visible-sm\" style=\"height:24px;\"><\/div>\r\n    <div class=\"visible-md\" style=\"height:60px;\"><\/div>\r\n    <div class=\"visible-lg\" style=\"height:60px;\"><\/div>\r\n<\/div><\/div>        <\/div>\r\n    <\/div>\r\n<\/section>\r\n<section class=\"section  text-normal section-text-no-shadow section-inner-no-shadow section-normal section-opaque\"  >\r\n    \r\n    <div class=\"background-overlay grid-overlay-0 \" style=\"background-color: rgba(0,0,0,0);\"><\/div>\r\n\r\n    <div class=\"container container-vertical-default\">\r\n        <div class=\"row vertical-default\">\r\n            <div class=\"col-md-12     text-default small-screen-default\"  ><div class=\"row \"><div class=\"col-md-3     text-center small-screen-default\"  ><div class=\"figure element-top-20 element-bottom-20  \" data-os-animation=\"none\" data-os-animation-delay=\"0s\">\r\n            <span class=\"figure-image\">\r\n        <img loading=\"lazy\" decoding=\"async\" width=\"400\" height=\"200\" src=\"https:\/\/www.fapim.it\/wp-content\/uploads\/2019\/03\/informazioni5.jpg\" class=\"attachment-full size-full\" alt=\"\" srcset=\"https:\/\/www.fapim.it\/wp-content\/uploads\/2019\/03\/informazioni5.jpg 400w, https:\/\/www.fapim.it\/wp-content\/uploads\/2019\/03\/informazioni5-300x150.jpg 300w\" sizes=\"auto, (max-width: 400px) 100vw, 400px\" \/>            <\/span>\r\n    <\/div>\r\n<div class=\"col-text-1 text-normal  element-top-20 element-bottom-20\" data-os-animation=\"none\" data-os-animation-delay=\"0s\">\r\n    <p><strong>Informazioni\u00a0<\/strong><br \/>\n<a href=\"mailto:info@fapim.it\">info@fapim.it<\/a><\/p>\n<\/div>\r\n<\/div><div class=\"col-md-3     text-center small-screen-default\"  ><div class=\"figure element-top-20 element-bottom-20  \" data-os-animation=\"none\" data-os-animation-delay=\"0s\">\r\n            <span class=\"figure-image\">\r\n        <img loading=\"lazy\" decoding=\"async\" width=\"400\" height=\"200\" src=\"https:\/\/www.fapim.it\/wp-content\/uploads\/2019\/03\/sezione-tecnica.jpg\" class=\"attachment-full size-full\" alt=\"\" srcset=\"https:\/\/www.fapim.it\/wp-content\/uploads\/2019\/03\/sezione-tecnica.jpg 400w, https:\/\/www.fapim.it\/wp-content\/uploads\/2019\/03\/sezione-tecnica-300x150.jpg 300w\" sizes=\"auto, (max-width: 400px) 100vw, 400px\" \/>            <\/span>\r\n    <\/div>\r\n<div class=\"col-text-1 text-normal  element-top-20 element-bottom-20\" data-os-animation=\"none\" data-os-animation-delay=\"0s\">\r\n    <p><strong>Supporto Tecnico<br \/>\n<\/strong><a href=\"mailto:technical.support@fapim.it\">technical.support@fapim.it<\/a><\/p>\n<\/div>\r\n<\/div><div class=\"col-md-3     text-center small-screen-default\"  ><div class=\"figure element-top-20 element-bottom-20  \" data-os-animation=\"none\" data-os-animation-delay=\"0s\">\r\n            <span class=\"figure-image\">\r\n        <img loading=\"lazy\" decoding=\"async\" width=\"400\" height=\"200\" src=\"https:\/\/www.fapim.it\/wp-content\/uploads\/2019\/03\/stampa.jpg\" class=\"attachment-full size-full\" alt=\"\" srcset=\"https:\/\/www.fapim.it\/wp-content\/uploads\/2019\/03\/stampa.jpg 400w, https:\/\/www.fapim.it\/wp-content\/uploads\/2019\/03\/stampa-300x150.jpg 300w\" sizes=\"auto, (max-width: 400px) 100vw, 400px\" \/>            <\/span>\r\n    <\/div>\r\n<div class=\"col-text-1 text-normal  element-top-20 element-bottom-20\" data-os-animation=\"none\" data-os-animation-delay=\"0s\">\r\n    <p><strong>Stampa<\/strong><br \/>\n<a href=\"mailto:ombretta.pacini@fapim.it\">ombretta.pacini@fapim.it<\/a><br \/>\n<a href=\"mailto:advertising@fapim.it\">stampa@fapim.it<\/a><\/p>\n<\/div>\r\n<\/div><div class=\"col-md-3     text-center small-screen-default\"  ><div class=\"figure element-top-20 element-bottom-20  \" data-os-animation=\"none\" data-os-animation-delay=\"0s\">\r\n            <span class=\"figure-image\">\r\n        <img loading=\"lazy\" decoding=\"async\" width=\"400\" height=\"200\" src=\"https:\/\/www.fapim.it\/wp-content\/uploads\/2019\/03\/reclami.jpg\" class=\"attachment-full size-full\" alt=\"\" srcset=\"https:\/\/www.fapim.it\/wp-content\/uploads\/2019\/03\/reclami.jpg 400w, https:\/\/www.fapim.it\/wp-content\/uploads\/2019\/03\/reclami-300x150.jpg 300w\" sizes=\"auto, (max-width: 400px) 100vw, 400px\" \/>            <\/span>\r\n    <\/div>\r\n<div class=\"col-text-1 text-normal  element-top-20 element-bottom-20\" data-os-animation=\"none\" data-os-animation-delay=\"0s\">\r\n    <p><strong>Complaints<\/strong><br \/>\n<a href=\"mailto:complaints@fapim.it\">complaints@fapim.it<\/a><\/p>\n<\/div>\r\n<\/div><\/div><div class=\"divider-wrapper \" style=\"visibility:visible;background-color:#FFFFFF\">\r\n    <div class=\"visible-xs\" style=\"height:50px;\"><\/div>\r\n    <div class=\"visible-sm\" style=\"height:50px;\"><\/div>\r\n    <div class=\"visible-md\" style=\"height:50px;\"><\/div>\r\n    <div class=\"visible-lg\" style=\"height:50px;\"><\/div>\r\n<\/div><\/div>        <\/div>\r\n    <\/div>\r\n<\/section>\r\n<section class=\"section  text-normal section-text-no-shadow section-inner-no-shadow section-normal section-opaque\"  >\r\n    \r\n    <div class=\"background-overlay grid-overlay-0 \" style=\"background-color: rgba(255,255,255,0);\"><\/div>\r\n\r\n    <div class=\"container container-vertical-default\">\r\n        <div class=\"row vertical-default\">\r\n            <div class=\"col-md-12     text-center small-screen-default\"  ><div class=\"col-text-1 text-normal  element-top-20 element-bottom-20\" data-os-animation=\"none\" data-os-animation-delay=\"0s\">\r\n    <p><a href=\"https:\/\/fapim.securewhistle.younique.business\"><strong>Whistleblowing<\/strong><\/a><\/p>\n<\/div>\r\n<div class=\"row \"><div class=\"col-md-12     text-default small-screen-default os-animation\" data-os-animation=\"fadeIn\" data-os-animation-delay=\"0.2s\" ><div id=\"map671\" class=\"google-map  element-top-20 element-bottom-0\" style=\"height:420px\" data-os-animation=\"none\" data-os-animation-delay=\"0s\"><\/div><\/div><\/div><div class=\"col-text-1 text-normal  element-top-20 element-bottom-20\" data-os-animation=\"none\" data-os-animation-delay=\"0s\">\r\n    <p>Via delle Cerbaie 114, 55011 Altopascio \u2013 Lucca<br \/>\nT. 0583 2601<br \/>\nF. 0583 25291<\/p>\n<\/div>\r\n<\/div>        <\/div>\r\n    <\/div>\r\n<\/section>\r\n<section class=\"section  text-normal section-text-no-shadow section-inner-no-shadow section-normal section-opaque\"  >\r\n    \r\n    <div class=\"background-overlay grid-overlay-0 \" style=\"background-color: rgba(0,0,0,0);\"><\/div>\r\n\r\n    <div class=\"container container-vertical-default\">\r\n        <div class=\"row vertical-default\">\r\n            <div class=\"col-md-12     text-default small-screen-default\"  ><div class=\"divider-wrapper \" style=\"visibility:hidden;background-color:#FFFFFF\">\r\n    <div class=\"visible-xs\" style=\"height:24px;\"><\/div>\r\n    <div class=\"visible-sm\" style=\"height:24px;\"><\/div>\r\n    <div class=\"visible-md\" style=\"height:60px;\"><\/div>\r\n    <div class=\"visible-lg\" style=\"height:60px;\"><\/div>\r\n<\/div><\/div>        <\/div>\r\n    <\/div>\r\n<\/section>\n","protected":false},"excerpt":{"rendered":"<p><span class=\"excerpt\"><\/span><\/p>\n","protected":false},"author":1,"featured_media":0,"parent":0,"menu_order":138,"comment_status":"open","ping_status":"closed","template":"","meta":{"_it_post_content":"[vc_row][vc_column width=\"1\/1\"][divider md_height=\"60\" lg_height=\"60\"][\/vc_column][\/vc_row][vc_row background_image_size=\"auto\" background_image_attachment=\"fixed\"][vc_column width=\"1\/1\"][vc_row_inner][vc_column_inner align=\"center\" width=\"1\/4\"][vc_single_image image=\"15884\" link_type=\"no-link\"][vc_column_text]<strong>Informazioni\u00a0<\/strong>\r\n<a href=\"mailto:info@fapim.it\">info@fapim.it<\/a>[\/vc_column_text][\/vc_column_inner][vc_column_inner align=\"center\" width=\"1\/4\"][vc_single_image image=\"15878\" link_type=\"no-link\"][vc_column_text]<strong>Supporto Tecnico\r\n<\/strong><a href=\"mailto:technical.support@fapim.it\">technical.support@fapim.it<\/a>[\/vc_column_text][\/vc_column_inner][vc_column_inner align=\"center\" width=\"1\/4\"][vc_single_image image=\"15879\" link_type=\"no-link\"][vc_column_text]<strong>Stampa<\/strong>\r\n<a href=\"mailto:ombretta.pacini@fapim.it\">ombretta.pacini@fapim.it<\/a>\r\n<a href=\"mailto:advertising@fapim.it\">stampa@fapim.it<\/a>[\/vc_column_text][\/vc_column_inner][vc_column_inner align=\"center\" width=\"1\/4\"][vc_single_image image=\"15877\" link_type=\"no-link\"][vc_column_text]<strong>Complaints<\/strong>\r\n<a href=\"mailto:complaints@fapim.it\">complaints@fapim.it<\/a>[\/vc_column_text][\/vc_column_inner][\/vc_row_inner][divider visibility=\"visible\" xs_height=\"50\" sm_height=\"50\" md_height=\"50\" lg_height=\"50\"][\/vc_column][\/vc_row][vc_row overlay_colour=\"#ffffff\" background_image_attachment=\"fixed\"][vc_column align=\"center\" width=\"1\/1\"][vc_column_text]<a href=\"https:\/\/fapim.securewhistle.younique.business\"><strong>Whistleblowing<\/strong><\/a>[\/vc_column_text][vc_row_inner][vc_column_inner scroll_animation=\"fadeIn\" scroll_animation_delay=\"0.2\" width=\"1\/1\"][map center_latlng=\"43.819387,10.689729\" latlng=\"43.819387,10.689729\" height=\"420\" margin_bottom=\"0\"][\/vc_column_inner][\/vc_row_inner][vc_column_text]Via delle Cerbaie 114, 55011 Altopascio \u2013 Lucca\r\nT. 0583 2601\r\nF. 0583 25291[\/vc_column_text][\/vc_column][\/vc_row][vc_row][vc_column width=\"1\/1\"][divider md_height=\"60\" lg_height=\"60\"][\/vc_column][\/vc_row]","_it_post_name":"contatti","_it_post_excerpt":"","_it_post_title":"Contatti","_en_post_content":"[vc_row][vc_column width=\"1\/1\"][divider md_height=\"60\" lg_height=\"60\"][\/vc_column][\/vc_row][vc_row background_image_size=\"auto\" background_image_attachment=\"fixed\"][vc_column width=\"1\/1\"][vc_row_inner][vc_column_inner align=\"center\" width=\"1\/4\"][vc_single_image image=\"15884\" link_type=\"no-link\"][vc_column_text]<strong>Information<\/strong>\r\n<a href=\"mailto:info@fapim.it\">info@fapim.it<\/a>[\/vc_column_text][\/vc_column_inner][vc_column_inner align=\"center\" width=\"1\/4\"][vc_single_image image=\"15878\" link_type=\"no-link\"][vc_column_text]<strong>Technical Support\r\n<\/strong><a href=\"mailto:technical.support@fapim.it\">technical.support@fapim.it<\/a>[\/vc_column_text][\/vc_column_inner][vc_column_inner align=\"center\" width=\"1\/4\"][vc_single_image image=\"15879\" link_type=\"no-link\"][vc_column_text]<strong>Press<\/strong>\r\n<a href=\"mailto:ombretta.pacini@fapim.it\">ombretta.pacini@fapim.it<\/a>\r\n<a href=\"mailto:advertising@fapim.it\">stampa@fapim.it<\/a>[\/vc_column_text][\/vc_column_inner][vc_column_inner align=\"center\" width=\"1\/4\"][vc_single_image image=\"15877\" link_type=\"no-link\"][vc_column_text]<strong>Complaints<\/strong>\r\n<a href=\"mailto:complaints@fapim.it\">complaints@fapim.it<\/a>[\/vc_column_text][\/vc_column_inner][\/vc_row_inner][divider visibility=\"visible\" xs_height=\"50\" sm_height=\"50\" md_height=\"50\" lg_height=\"50\"][\/vc_column][\/vc_row][vc_row overlay_colour=\"#ffffff\" background_image_attachment=\"fixed\"][vc_column align=\"center\" width=\"1\/1\"][vc_column_text]<a href=\"https:\/\/fapim.securewhistle.younique.business\"><strong>Whistleblowing<\/strong><\/a>[\/vc_column_text][vc_row_inner][vc_column_inner scroll_animation=\"fadeIn\" scroll_animation_delay=\"0.2\" width=\"1\/1\"][map center_latlng=\"43.819387,10.689729\" latlng=\"43.819387,10.689729\" height=\"420\" margin_bottom=\"0\"][\/vc_column_inner][\/vc_row_inner][vc_column_text]Via delle Cerbaie 114, 55011 Altopascio \u2013 Lucca\r\nT. 0583 2601\r\nF. 0583 25291[\/vc_column_text][\/vc_column][\/vc_row][vc_row][vc_column width=\"1\/1\"][divider md_height=\"60\" lg_height=\"60\"][\/vc_column][\/vc_row]","_en_post_name":"contacts","_en_post_excerpt":"","_en_post_title":"Contacts","_fr_post_content":"[vc_row][vc_column width=\"1\/1\"][divider md_height=\"60\" lg_height=\"60\"][\/vc_column][\/vc_row][vc_row background_image_size=\"auto\" background_image_attachment=\"fixed\"][vc_column width=\"1\/1\"][vc_row_inner][vc_column_inner align=\"center\" width=\"1\/4\"][vc_single_image image=\"15884\" link_type=\"no-link\"][vc_column_text]<strong>Information<\/strong>\r\n<a href=\"mailto:info@fapim.it\">info@fapim.it<\/a>[\/vc_column_text][\/vc_column_inner][vc_column_inner align=\"center\" width=\"1\/4\"][vc_single_image image=\"15878\" link_type=\"no-link\"][vc_column_text]<strong>Support Technique\r\n<\/strong><a href=\"mailto:technical.support@fapim.it\">technical.support@fapim.it<\/a>[\/vc_column_text][\/vc_column_inner][vc_column_inner align=\"center\" width=\"1\/4\"][vc_single_image image=\"15879\" link_type=\"no-link\"][vc_column_text]<strong>Presse<\/strong>\r\n<a href=\"mailto:ombretta.pacini@fapim.it\">ombretta.pacini@fapim.it<\/a>\r\n<a href=\"mailto:advertising@fapim.it\">stampa@fapim.it<\/a>[\/vc_column_text][\/vc_column_inner][vc_column_inner align=\"center\" width=\"1\/4\"][vc_single_image image=\"15877\" link_type=\"no-link\"][vc_column_text]<strong>Plaintes<\/strong>\r\n<a href=\"mailto:complaints@fapim.it\">complaints@fapim.it<\/a>[\/vc_column_text][\/vc_column_inner][\/vc_row_inner][divider visibility=\"visible\" xs_height=\"50\" sm_height=\"50\" md_height=\"50\" lg_height=\"50\"][\/vc_column][\/vc_row][vc_row overlay_colour=\"#ffffff\" background_image_attachment=\"fixed\"][vc_column align=\"center\" width=\"1\/1\"][vc_column_text]<a href=\"https:\/\/fapim.securewhistle.younique.business\"><strong>Whistleblowing<\/strong><\/a>[\/vc_column_text][vc_row_inner][vc_column_inner scroll_animation=\"fadeIn\" scroll_animation_delay=\"0.2\" width=\"1\/1\"][map center_latlng=\"43.819387,10.689729\" latlng=\"43.819387,10.689729\" height=\"420\" margin_bottom=\"0\"][\/vc_column_inner][\/vc_row_inner][vc_column_text]Via delle Cerbaie 114, 55011 Altopascio \u2013 Lucca\r\nT. 0583 2601\r\nF. 0583 25291[\/vc_column_text][\/vc_column][\/vc_row][vc_row][vc_column width=\"1\/1\"][divider md_height=\"60\" lg_height=\"60\"][\/vc_column][\/vc_row]","_fr_post_name":"contacts","_fr_post_excerpt":"","_fr_post_title":"Contacts","_es_post_content":"[vc_row][vc_column width=\"1\/1\"][divider md_height=\"60\" lg_height=\"60\"][\/vc_column][\/vc_row][vc_row background_image_size=\"auto\" background_image_attachment=\"fixed\"][vc_column width=\"1\/1\"][vc_row_inner][vc_column_inner align=\"center\" width=\"1\/4\"][vc_single_image image=\"15884\" link_type=\"no-link\"][vc_column_text]<strong>Informaci\u00f3n <\/strong>\r\n<a href=\"mailto:info@fapim.it\">info@fapim.it<\/a>[\/vc_column_text][\/vc_column_inner][vc_column_inner align=\"center\" width=\"1\/4\"][vc_single_image image=\"15878\" link_type=\"no-link\"][vc_column_text]<strong>S<\/strong><strong>oporte T\u00e9cnico\r\n<\/strong><a href=\"mailto:technical.support@fapim.it\">technical.support@fapim.it<\/a>[\/vc_column_text][\/vc_column_inner][vc_column_inner align=\"center\" width=\"1\/4\"][vc_single_image image=\"15879\" link_type=\"no-link\"][vc_column_text]<strong>Prensa<\/strong>\r\n<a href=\"mailto:ombretta.pacini@fapim.it\">ombretta.pacini@fapim.it<\/a>\r\n<a href=\"mailto:advertising@fapim.it\">stampa@fapim.it<\/a>[\/vc_column_text][\/vc_column_inner][vc_column_inner align=\"center\" width=\"1\/4\"][vc_single_image image=\"15877\" link_type=\"no-link\"][vc_column_text]<strong>Quejas<\/strong>\r\n<a href=\"mailto:complaints@fapim.it\">complaints@fapim.it<\/a>[\/vc_column_text][\/vc_column_inner][\/vc_row_inner][divider visibility=\"visible\" xs_height=\"50\" sm_height=\"50\" md_height=\"50\" lg_height=\"50\"][\/vc_column][\/vc_row][vc_row overlay_colour=\"#ffffff\" background_image_attachment=\"fixed\"][vc_column align=\"center\" width=\"1\/1\"][vc_column_text]<a href=\"https:\/\/fapim.securewhistle.younique.business\"><strong>Whistleblowing<\/strong><\/a>[\/vc_column_text][vc_row_inner][vc_column_inner scroll_animation=\"fadeIn\" scroll_animation_delay=\"0.2\" width=\"1\/1\"][map center_latlng=\"43.819387,10.689729\" latlng=\"43.819387,10.689729\" height=\"420\" margin_bottom=\"0\"][\/vc_column_inner][\/vc_row_inner][vc_column_text]Via delle Cerbaie 114, 55011 Altopascio \u2013 Lucca\r\nT. 0583 2601\r\nF. 0583 25291[\/vc_column_text][\/vc_column][\/vc_row][vc_row][vc_column width=\"1\/1\"][divider md_height=\"60\" lg_height=\"60\"][\/vc_column][\/vc_row]","_es_post_name":"contactos","_es_post_excerpt":"","_es_post_title":"Contactos","_ru_post_content":"[vc_row][vc_column width=\"1\/1\"][divider md_height=\"60\" lg_height=\"60\"][\/vc_column][\/vc_row][vc_row background_image_size=\"auto\" background_image_attachment=\"fixed\"][vc_column width=\"1\/1\"][vc_row_inner][vc_column_inner align=\"center\" width=\"1\/4\"][vc_single_image image=\"15884\" link_type=\"no-link\"][vc_column_text]<strong>\u0438\u043d\u0444\u043e\u0440\u043c\u0430\u0446\u0438\u044f<\/strong>\r\n<a href=\"mailto:info@fapim.it\">info@fapim.it<\/a>[\/vc_column_text][\/vc_column_inner][vc_column_inner align=\"center\" width=\"1\/4\"][vc_single_image image=\"15878\" link_type=\"no-link\"][vc_column_text]<strong>\u0422\u0435\u0445\u043d\u0438\u0447\u0435\u0441\u043a\u0438\u0439 \u043f\u043e\u0434\u0434\u0435\u0440\u0436\u043a\u0430\r\n<\/strong><a href=\"mailto:technical.support@fapim.it\">technical.support@fapim.it<\/a>[\/vc_column_text][\/vc_column_inner][vc_column_inner align=\"center\" width=\"1\/4\"][vc_single_image image=\"15879\" link_type=\"no-link\"][vc_column_text]<strong>\u043f\u0435\u0447\u0430\u0442\u044c<\/strong>\r\n<a href=\"mailto:ombretta.pacini@fapim.it\">ombretta.pacini@fapim.it<\/a>\r\n<a href=\"mailto:advertising@fapim.it\">stampa@fapim.it<\/a>[\/vc_column_text][\/vc_column_inner][vc_column_inner align=\"center\" width=\"1\/4\"][vc_single_image image=\"15877\" link_type=\"no-link\"][vc_column_text]<strong>\u0436\u0430\u043b\u043e\u0431\u044b<\/strong>\r\n<a href=\"mailto:complaints@fapim.it\">complaints@fapim.it<\/a>[\/vc_column_text][\/vc_column_inner][\/vc_row_inner][divider visibility=\"visible\" xs_height=\"50\" sm_height=\"50\" md_height=\"50\" lg_height=\"50\"][\/vc_column][\/vc_row][vc_row overlay_colour=\"#ffffff\" background_image_attachment=\"fixed\"][vc_column align=\"center\" width=\"1\/1\"][vc_column_text]<a href=\"https:\/\/fapim.securewhistle.younique.business\"><strong>Whistleblowing<\/strong><\/a>[\/vc_column_text][vc_row_inner][vc_column_inner scroll_animation=\"fadeIn\" scroll_animation_delay=\"0.2\" width=\"1\/1\"][map center_latlng=\"43.819387,10.689729\" latlng=\"43.819387,10.689729\" height=\"420\" margin_bottom=\"0\"][\/vc_column_inner][\/vc_row_inner][vc_column_text]Via delle Cerbaie 114, 55011 Altopascio \u2013 Lucca\r\nT. 0583 2601\r\nF. 0583 25291[\/vc_column_text][\/vc_column][\/vc_row][vc_row][vc_column width=\"1\/1\"][divider md_height=\"60\" lg_height=\"60\"][\/vc_column][\/vc_row]","_ru_post_name":"contacts","_ru_post_excerpt":"","_ru_post_title":"\u041e\u0431\u0449\u0438\u0435 \u043a\u043e\u043d\u0442\u0430\u043a\u0442\u044b","_pl_post_content":"[vc_row][vc_column width=\"1\/1\"][divider md_height=\"60\" lg_height=\"60\"][\/vc_column][\/vc_row][vc_row background_image_size=\"auto\" background_image_attachment=\"fixed\"][vc_column width=\"1\/1\"][vc_row_inner][vc_column_inner align=\"center\" width=\"1\/4\"][vc_single_image image=\"15884\" link_type=\"no-link\"][vc_column_text]<strong>Informazioni\u00a0<\/strong>\r\n<a href=\"mailto:info@fapim.it\">info@fapim.it<\/a>[\/vc_column_text][\/vc_column_inner][vc_column_inner align=\"center\" width=\"1\/4\"][vc_single_image image=\"15878\" link_type=\"no-link\"][vc_column_text]<strong>Supporto Tecnico\r\n<\/strong><a href=\"mailto:technical.support@fapim.it\">technical.support@fapim.it<\/a>[\/vc_column_text][\/vc_column_inner][vc_column_inner align=\"center\" width=\"1\/4\"][vc_single_image image=\"15879\" link_type=\"no-link\"][vc_column_text]<strong>Stampa<\/strong>\r\n<a href=\"mailto:ombretta.pacini@fapim.it\">ombretta.pacini@fapim.it<\/a>\r\n<a href=\"mailto:advertising@fapim.it\">stampa@fapim.it<\/a>[\/vc_column_text][\/vc_column_inner][vc_column_inner align=\"center\" width=\"1\/4\"][vc_single_image image=\"15877\" link_type=\"no-link\"][vc_column_text]<strong>Reclami<\/strong>\r\n<a href=\"mailto:complaints@fapim.it\">complaints@fapim.it<\/a>[\/vc_column_text][\/vc_column_inner][\/vc_row_inner][divider visibility=\"visible\" xs_height=\"50\" sm_height=\"50\" md_height=\"50\" lg_height=\"50\"][\/vc_column][\/vc_row][vc_row overlay_colour=\"#ffffff\" background_image_attachment=\"fixed\"][vc_column align=\"center\" width=\"1\/1\"][vc_column_text]<a href=\"https:\/\/fapim.securewhistle.younique.business\"><strong>Whistleblowing<\/strong><\/a>[\/vc_column_text][vc_row_inner][vc_column_inner scroll_animation=\"fadeIn\" scroll_animation_delay=\"0.2\" width=\"1\/1\"][map center_latlng=\"43.819387,10.689729\" latlng=\"43.819387,10.689729\" height=\"420\" margin_bottom=\"0\"][\/vc_column_inner][\/vc_row_inner][vc_column_text]Via delle Cerbaie 114, 55011 Altopascio \u2013 Lucca\r\nT. 0583 2601\r\nF. 0583 25291[\/vc_column_text][\/vc_column][\/vc_row][vc_row][vc_column width=\"1\/1\"][divider md_height=\"60\" lg_height=\"60\"][\/vc_column][\/vc_row]","_pl_post_name":"contacts","_pl_post_excerpt":"","_pl_post_title":"\u0141\u0105czno\u015b\u0107","edit_language":"it","footnotes":""},"class_list":["post-66","page","type-page","status-publish","hentry"],"_links":{"self":[{"href":"https:\/\/www.fapim.it\/it\/wp-json\/wp\/v2\/pages\/66","targetHints":{"allow":["GET"]}}],"collection":[{"href":"https:\/\/www.fapim.it\/it\/wp-json\/wp\/v2\/pages"}],"about":[{"href":"https:\/\/www.fapim.it\/it\/wp-json\/wp\/v2\/types\/page"}],"author":[{"embeddable":true,"href":"https:\/\/www.fapim.it\/it\/wp-json\/wp\/v2\/users\/1"}],"replies":[{"embeddable":true,"href":"https:\/\/www.fapim.it\/it\/wp-json\/wp\/v2\/comments?post=66"}],"version-history":[{"count":31,"href":"https:\/\/www.fapim.it\/it\/wp-json\/wp\/v2\/pages\/66\/revisions"}],"predecessor-version":[{"id":23553,"href":"https:\/\/www.fapim.it\/it\/wp-json\/wp\/v2\/pages\/66\/revisions\/23553"}],"wp:attachment":[{"href":"https:\/\/www.fapim.it\/it\/wp-json\/wp\/v2\/media?parent=66"}],"curies":[{"name":"wp","href":"https:\/\/api.w.org\/{rel}","templated":true}]}}