   {"id":703,"date":"2019-01-07T22:34:35","date_gmt":"2019-01-07T21:34:35","guid":{"rendered":"https:\/\/www.fapim.it\/fapim-new.it\/noi-facciamo\/prodotti-e-progetti\/prodotti\/scorrevole\/"},"modified":"2026-03-03T12:37:16","modified_gmt":"2026-03-03T11:37:16","slug":"scorrevoli","status":"publish","type":"page","link":"https:\/\/www.fapim.it\/it\/scorrevoli\/","title":{"rendered":"Scorrevoli"},"content":{"rendered":"<section class=\"section  text-normal section-text-no-shadow section-inner-no-shadow section-normal section-opaque\"  >\r\n    \r\n    <div class=\"background-overlay grid-overlay-0 \" style=\"background-color: rgba(0,0,0,0);\"><\/div>\r\n\r\n    <div class=\"container container-vertical-default\">\r\n        <div class=\"row vertical-default\">\r\n            <div class=\"col-md-12     text-default small-screen-default\"  ><p class=\"lead text-left left  text-normal element-top-20 element-bottom-20\" data-os-animation=\"none\" data-os-animation-delay=\"0s\">Al mondo dello scorrevole parallelo appartengono le martelline Twenty, i prodotti della linea Ol\u00e9 e i carrelli Hockey con tutti gli accessori di completamento di gamma. Luce invece \u00e8 la linea completa per alzante scorrevoli arricchita dalla maniglia Prisma.<\/p><div class=\"portfolio-container  element-top-20 element-bottom-20 text-normal\"><div class=\"row\">\r\n    <div class=\"col-md-12\">\r\n        <div class=\"portfolio-header clearfix\">\r\n                        <div class=\"portfolio-filters pull-right\">\r\n                                                            <\/div>\r\n        <\/div>\r\n    <\/div>\r\n<\/div>\r\n<div class=\"portfolio masonry no-transition use-masonry\" data-padding=\"0\" data-col-xs=\"1\" data-col-sm=\"2\" data-col-md=\"4\" data-col-lg=\"6\" data-layout=\"masonry\">\r\n    <\/div>\r\n<\/div><\/div>        <\/div>\r\n    <\/div>\r\n<\/section>\r\n<section class=\"section  text-normal section-text-no-shadow section-inner-no-shadow section-normal section-opaque\"  >\r\n    \r\n    <div class=\"background-overlay grid-overlay-0 \" style=\"background-color: rgba(0,0,0,0);\"><\/div>\r\n\r\n    <div class=\"container container-vertical-default\">\r\n        <div class=\"row vertical-default\">\r\n            <div class=\"col-md-12    do-margin-collapse text-default small-screen-default\"  ><div class=\"row \"><div class=\"col-md-3     text-default small-screen-default\"  >\n<div  class=\"sp4m  image-height-auto\">\n\n\t<a class=\"sp4m-link\" href=\"https:\/\/www.fapim.it\/it\/twenty\/\" title=\"Twenty\">\n\n\t\t<figure class=\"sp4m-figure\" style=\"background-color: transparent;\">\n\n\t\t\t<img decoding=\"async\" class=\"sp4m-image img-responsive sp4m-hover-zoomin\" src=\"https:\/\/www.fapim.it\/wp-content\/uploads\/2021\/07\/f_twenty.jpg\" alt=\"\" \/>\n\n\t\t\t<figcaption class=\"sp4m-figcaption sp4m-valign-bottom sp4m-color-fg-light sp4m-color-bg-dark sp4m-color-bg-opacity-10\">\n\t\t\t\t<h2 class=\"sp4m-figcaption-heading sp4m-halign-left\">Twenty<\/h2>\n\t\t\t<\/figcaption>\n\n\t\t<\/figure>\n\n\t<\/a>\n\n<\/div>\n<\/div><div class=\"col-md-9     text-default small-screen-default\"  >\n<div  class=\"sp4m  image-height-auto\">\n\n\t<a class=\"sp4m-link\" href=\"https:\/\/www.fapim.it\/it\/formula\/\" title=\"Formula\">\n\n\t\t<figure class=\"sp4m-figure\" style=\"background-color: transparent;\">\n\n\t\t\t<img decoding=\"async\" class=\"sp4m-image img-responsive sp4m-hover-zoomin\" src=\"https:\/\/www.fapim.it\/wp-content\/uploads\/2026\/01\/f_formula.jpg\" alt=\"\" \/>\n\n\t\t\t<figcaption class=\"sp4m-figcaption sp4m-valign-bottom sp4m-color-fg-dark sp4m-color-bg-dark sp4m-color-bg-opacity-10\">\n\t\t\t\t<h2 class=\"sp4m-figcaption-heading sp4m-halign-right\">Formula<\/h2>\n\t\t\t<\/figcaption>\n\n\t\t<\/figure>\n\n\t<\/a>\n\n<\/div>\n<\/div><\/div><div class=\"row \"><div class=\"col-md-8     text-default small-screen-default\"  >\n<div  class=\"sp4m  image-height-auto\">\n\n\t<a class=\"sp4m-link\" href=\"https:\/\/www.fapim.it\/it\/hockey\/\" title=\"Hockey\">\n\n\t\t<figure class=\"sp4m-figure\" style=\"background-color: transparent;\">\n\n\t\t\t<img decoding=\"async\" class=\"sp4m-image img-responsive sp4m-hover-zoomin\" src=\"https:\/\/www.fapim.it\/wp-content\/uploads\/2019\/03\/f_carrelli_3.jpg\" alt=\"\" \/>\n\n\t\t\t<figcaption class=\"sp4m-figcaption sp4m-valign-bottom sp4m-color-fg-dark sp4m-color-bg-dark sp4m-color-bg-opacity-10\">\n\t\t\t\t<h2 class=\"sp4m-figcaption-heading sp4m-halign-left\">Hockey<\/h2>\n\t\t\t<\/figcaption>\n\n\t\t<\/figure>\n\n\t<\/a>\n\n<\/div>\n<\/div><div class=\"col-md-4     text-default small-screen-default\"  >\n<div  class=\"sp4m  image-height-auto\">\n\n\t<a class=\"sp4m-link\" href=\"https:\/\/www.fapim.it\/it\/ole-ole-top\/\" title=\"Ol\u00e8, Ol\u00e8 Top\">\n\n\t\t<figure class=\"sp4m-figure\" style=\"background-color: transparent;\">\n\n\t\t\t<img decoding=\"async\" class=\"sp4m-image img-responsive sp4m-hover-zoomin\" src=\"https:\/\/www.fapim.it\/wp-content\/uploads\/2019\/02\/f_Ole_7.jpg\" alt=\"\" \/>\n\n\t\t\t<figcaption class=\"sp4m-figcaption sp4m-valign-bottom sp4m-color-fg-dark sp4m-color-bg-dark sp4m-color-bg-opacity-10\">\n\t\t\t\t<h2 class=\"sp4m-figcaption-heading sp4m-halign-center\">Ol\u00e8, Ol\u00e8 Top<\/h2>\n\t\t\t<\/figcaption>\n\n\t\t<\/figure>\n\n\t<\/a>\n\n<\/div>\n<\/div><\/div><div class=\"row \"><div class=\"col-md-12     text-default small-screen-default\"  >\n<div  class=\"sp4m  image-height-auto\">\n\n\t<a class=\"sp4m-link\" href=\"https:\/\/www.fapim.it\/it\/luce\/\" title=\"Luce\">\n\n\t\t<figure class=\"sp4m-figure\" style=\"background-color: transparent;\">\n\n\t\t\t<img decoding=\"async\" class=\"sp4m-image img-responsive sp4m-hover-zoomin\" src=\"https:\/\/www.fapim.it\/wp-content\/uploads\/2019\/02\/f_luce_8.jpg\" alt=\"\" \/>\n\n\t\t\t<figcaption class=\"sp4m-figcaption sp4m-valign-bottom sp4m-color-fg-dark sp4m-color-bg-dark sp4m-color-bg-opacity-10\">\n\t\t\t\t<h2 class=\"sp4m-figcaption-heading sp4m-halign-left\">Luce<\/h2>\n\t\t\t<\/figcaption>\n\n\t\t<\/figure>\n\n\t<\/a>\n\n<\/div>\n<\/div><\/div><\/div>        <\/div>\r\n    <\/div>\r\n<\/section>\r\n<section class=\"section  text-normal section-text-no-shadow section-inner-no-shadow section-normal section-opaque\"  >\r\n    \r\n    <div class=\"background-overlay grid-overlay-0 \" style=\"background-color: rgba(0,0,0,0);\"><\/div>\r\n\r\n    <div class=\"container container-vertical-default\">\r\n        <div class=\"row vertical-default\">\r\n            <div class=\"col-md-12     text-default small-screen-default\"  ><div class=\"divider-wrapper \" style=\"visibility:visible;background-color:#FFFFFF\">\r\n    <div class=\"visible-xs\" style=\"height:24px;\"><\/div>\r\n    <div class=\"visible-sm\" style=\"height:24px;\"><\/div>\r\n    <div class=\"visible-md\" style=\"height:24px;\"><\/div>\r\n    <div class=\"visible-lg\" style=\"height:24px;\"><\/div>\r\n<\/div><\/div>        <\/div>\r\n    <\/div>\r\n<\/section>\n","protected":false},"excerpt":{"rendered":"<p><span class=\"excerpt\"><\/span><\/p>\n","protected":false},"author":1,"featured_media":14082,"parent":0,"menu_order":77,"comment_status":"closed","ping_status":"closed","template":"","meta":{"_it_post_content":"[vc_row][vc_column width=\"1\/1\"][lead align=\"left\"]Al mondo dello scorrevole parallelo appartengono le martelline Twenty, i prodotti della linea Ol\u00e9 e i carrelli Hockey con tutti gli accessori di completamento di gamma. Luce invece \u00e8 la linea completa per alzante scorrevoli arricchita dalla maniglia Prisma.[\/lead][portfolio_masonry categories=\"scorrevole\"][\/vc_column][\/vc_row][vc_row][vc_column extra_classes=\"do-margin-collapse\" width=\"1\/1\"][vc_row_inner][vc_column_inner width=\"1\/4\"][FeaturedPostOrPage identifier=\"20602\" image_h=\"auto\" title_source_field=\"title\" font_size=\"h2\" align_h=\"left\" align_v=\"bottom\" color_fg=\"light\" color_bg=\"dark\" fig_color_bg=\"transparent\" color_bg_opacity=\"10\" hover=\"zoomin\" element_id=\"\" element_class=\"\"][\/vc_column_inner][vc_column_inner width=\"3\/4\"][FeaturedPostOrPage identifier=\"26742\" image_h=\"auto\" title_source_field=\"title\" font_size=\"h2\" align_h=\"right\" align_v=\"bottom\" color_fg=\"dark\" color_bg=\"dark\" fig_color_bg=\"transparent\" color_bg_opacity=\"10\" hover=\"zoomin\" element_id=\"\" element_class=\"\"][\/vc_column_inner][\/vc_row_inner][vc_row_inner][vc_column_inner width=\"2\/3\"][FeaturedPostOrPage identifier=\"13512\" image_h=\"auto\" title_source_field=\"title\" font_size=\"h2\" align_h=\"left\" align_v=\"bottom\" color_fg=\"dark\" color_bg=\"dark\" fig_color_bg=\"transparent\" color_bg_opacity=\"10\" hover=\"zoomin\" element_id=\"\" element_class=\"\"][\/vc_column_inner][vc_column_inner width=\"1\/3\"][FeaturedPostOrPage identifier=\"13511\" image_h=\"auto\" title_source_field=\"title\" font_size=\"h2\" align_h=\"center\" align_v=\"bottom\" color_fg=\"dark\" color_bg=\"dark\" fig_color_bg=\"transparent\" color_bg_opacity=\"10\" hover=\"zoomin\" element_id=\"\" element_class=\"\"][\/vc_column_inner][\/vc_row_inner][vc_row_inner][vc_column_inner width=\"1\/1\"][FeaturedPostOrPage identifier=\"13513\" image_h=\"auto\" title_source_field=\"title\" font_size=\"h2\" align_h=\"left\" align_v=\"bottom\" color_fg=\"dark\" color_bg=\"dark\" fig_color_bg=\"transparent\" color_bg_opacity=\"10\" hover=\"zoomin\" element_id=\"\" element_class=\"\"][\/vc_column_inner][\/vc_row_inner][\/vc_column][\/vc_row][vc_row][vc_column width=\"1\/1\"][divider visibility=\"visible\"][\/vc_column][\/vc_row]","_it_post_name":"scorrevoli","_it_post_excerpt":"","_it_post_title":"Scorrevoli","_en_post_content":"[vc_row][vc_column width=\"1\/1\"][lead align=\"left\"]To the world of the parallel slide belong the Twenty handle, the products of the Ol\u00e9 range and the Hockey rollers with all the accessories to complete the range. Furthermore, Luce is a full range for the lift and slide openings enriched with the Prisma handle.[\/lead][portfolio_masonry categories=\"scorrevole\"][\/vc_column][\/vc_row][vc_row][vc_column extra_classes=\"do-margin-collapse\" width=\"1\/1\"][vc_row_inner][vc_column_inner width=\"1\/4\"][FeaturedPostOrPage identifier=\"20602\" image_h=\"auto\" title_source_field=\"title\" font_size=\"h2\" align_h=\"left\" align_v=\"bottom\" color_fg=\"light\" color_bg=\"dark\" fig_color_bg=\"transparent\" color_bg_opacity=\"10\" hover=\"zoomin\" element_id=\"\" element_class=\"\"][\/vc_column_inner][vc_column_inner width=\"3\/4\"][FeaturedPostOrPage identifier=\"26742\" image_h=\"auto\" title_source_field=\"title\" font_size=\"h2\" align_h=\"right\" align_v=\"bottom\" color_fg=\"dark\" color_bg=\"dark\" fig_color_bg=\"transparent\" color_bg_opacity=\"10\" hover=\"zoomin\" element_id=\"\" element_class=\"\"][\/vc_column_inner][\/vc_row_inner][vc_row_inner][vc_column_inner width=\"2\/3\"][FeaturedPostOrPage identifier=\"13512\" image_h=\"auto\" title_source_field=\"title,custom_field\" font_size=\"h2\" align_h=\"left\" align_v=\"bottom\" color_fg=\"dark\" color_bg=\"dark\" fig_color_bg=\"transparent\" color_bg_opacity=\"10\" hover=\"zoomin\" element_id=\"\" element_class=\"\"][\/vc_column_inner][vc_column_inner width=\"1\/3\"][FeaturedPostOrPage identifier=\"13511\" image_h=\"auto\" title_source_field=\"title,custom_field\" font_size=\"h2\" align_h=\"center\" align_v=\"bottom\" color_fg=\"dark\" color_bg=\"dark\" fig_color_bg=\"transparent\" color_bg_opacity=\"10\" hover=\"zoomin\" element_id=\"\" element_class=\"\"][\/vc_column_inner][\/vc_row_inner][vc_row_inner][vc_column_inner width=\"1\/1\"][FeaturedPostOrPage identifier=\"13513\" image_h=\"auto\" title_source_field=\"title,custom_field\" font_size=\"h2\" align_h=\"left\" align_v=\"bottom\" color_fg=\"dark\" color_bg=\"dark\" fig_color_bg=\"transparent\" color_bg_opacity=\"10\" hover=\"zoomin\" element_id=\"\" element_class=\"\"][\/vc_column_inner][\/vc_row_inner][\/vc_column][\/vc_row][vc_row][vc_column width=\"1\/1\"][divider visibility=\"visible\"][\/vc_column][\/vc_row]","_en_post_name":"sliding-systems","_en_post_excerpt":"","_en_post_title":"Sliding systems","_fr_post_content":"[vc_row][vc_column width=\"1\/1\"][lead align=\"left\"]Au monde du coulissant parall\u00e8le appartiennent la poign\u00e9e Twenty, les produits de la gamme Ol\u00e9 et les galets Hockey avec tous les accessoires pour compl\u00e9ter la gamme. Luce est la gamme compl\u00e8te pour levant\/coulissant enrichie de la poign\u00e9e Prisma.[\/lead][portfolio_masonry categories=\"scorrevole\"][\/vc_column][\/vc_row][vc_row][vc_column extra_classes=\"do-margin-collapse\" width=\"1\/1\"][vc_row_inner][vc_column_inner width=\"1\/4\"][FeaturedPostOrPage identifier=\"20602\" image_h=\"auto\" title_source_field=\"title\" font_size=\"h2\" align_h=\"left\" align_v=\"bottom\" color_fg=\"light\" color_bg=\"dark\" fig_color_bg=\"transparent\" color_bg_opacity=\"10\" hover=\"zoomin\" element_id=\"\" element_class=\"\"][\/vc_column_inner][vc_column_inner width=\"3\/4\"][FeaturedPostOrPage identifier=\"26742\" image_h=\"auto\" title_source_field=\"title\" font_size=\"h2\" align_h=\"right\" align_v=\"bottom\" color_fg=\"dark\" color_bg=\"dark\" fig_color_bg=\"transparent\" color_bg_opacity=\"10\" hover=\"zoomin\" element_id=\"\" element_class=\"\"][\/vc_column_inner][\/vc_row_inner][vc_row_inner][vc_column_inner width=\"2\/3\"][FeaturedPostOrPage identifier=\"13512\" image_h=\"auto\" title_source_field=\"title,custom_field\" font_size=\"h2\" align_h=\"left\" align_v=\"bottom\" color_fg=\"dark\" color_bg=\"dark\" fig_color_bg=\"transparent\" color_bg_opacity=\"10\" hover=\"zoomin\" element_id=\"\" element_class=\"\"][\/vc_column_inner][vc_column_inner width=\"1\/3\"][FeaturedPostOrPage identifier=\"13511\" image_h=\"auto\" title_source_field=\"title,custom_field\" font_size=\"h2\" align_h=\"center\" align_v=\"bottom\" color_fg=\"dark\" color_bg=\"dark\" fig_color_bg=\"transparent\" color_bg_opacity=\"10\" hover=\"zoomin\" element_id=\"\" element_class=\"\"][\/vc_column_inner][\/vc_row_inner][vc_row_inner][vc_column_inner width=\"1\/1\"][FeaturedPostOrPage identifier=\"13513\" image_h=\"auto\" title_source_field=\"title,custom_field\" font_size=\"h2\" align_h=\"left\" align_v=\"bottom\" color_fg=\"dark\" color_bg=\"dark\" fig_color_bg=\"transparent\" color_bg_opacity=\"10\" hover=\"zoomin\" element_id=\"\" element_class=\"\"][\/vc_column_inner][\/vc_row_inner][\/vc_column][\/vc_row][vc_row][vc_column width=\"1\/1\"][divider visibility=\"visible\"][\/vc_column][\/vc_row]","_fr_post_name":"coulissants","_fr_post_excerpt":"","_fr_post_title":"Coulissants","_es_post_content":"[vc_row][vc_column width=\"1\/1\"][lead align=\"left\"]Pertenecen a la linea de corredera las manillas Twenty, los productos Ol\u00e8 y los rodamientos Hockey con todos los accesorios para completar la gama. Luce es la l\u00ednea completa de elevable, juntos con la manilla Prisma.[\/lead][portfolio_masonry categories=\"scorrevole\"][\/vc_column][\/vc_row][vc_row][vc_column extra_classes=\"do-margin-collapse\" width=\"1\/1\"][vc_row_inner][vc_column_inner width=\"1\/4\"][FeaturedPostOrPage identifier=\"20602\" image_h=\"auto\" title_source_field=\"title\" font_size=\"h2\" align_h=\"left\" align_v=\"bottom\" color_fg=\"light\" color_bg=\"dark\" fig_color_bg=\"transparent\" color_bg_opacity=\"10\" hover=\"zoomin\" element_id=\"\" element_class=\"\"][\/vc_column_inner][vc_column_inner width=\"3\/4\"][FeaturedPostOrPage identifier=\"26742\" image_h=\"auto\" title_source_field=\"title\" font_size=\"h2\" align_h=\"right\" align_v=\"bottom\" color_fg=\"dark\" color_bg=\"dark\" fig_color_bg=\"transparent\" color_bg_opacity=\"10\" hover=\"zoomin\" element_id=\"\" element_class=\"\"][\/vc_column_inner][\/vc_row_inner][vc_row_inner][vc_column_inner width=\"2\/3\"][FeaturedPostOrPage identifier=\"13512\" image_h=\"auto\" title_source_field=\"title,custom_field\" font_size=\"h2\" align_h=\"left\" align_v=\"bottom\" color_fg=\"dark\" color_bg=\"dark\" fig_color_bg=\"transparent\" color_bg_opacity=\"10\" hover=\"zoomin\" element_id=\"\" element_class=\"\"][\/vc_column_inner][vc_column_inner width=\"1\/3\"][FeaturedPostOrPage identifier=\"13511\" image_h=\"auto\" title_source_field=\"title,custom_field\" font_size=\"h2\" align_h=\"center\" align_v=\"bottom\" color_fg=\"dark\" color_bg=\"dark\" fig_color_bg=\"transparent\" color_bg_opacity=\"10\" hover=\"zoomin\" element_id=\"\" element_class=\"\"][\/vc_column_inner][\/vc_row_inner][vc_row_inner][vc_column_inner width=\"1\/1\"][FeaturedPostOrPage identifier=\"13513\" image_h=\"auto\" title_source_field=\"title,custom_field\" font_size=\"h2\" align_h=\"left\" align_v=\"bottom\" color_fg=\"dark\" color_bg=\"dark\" fig_color_bg=\"transparent\" color_bg_opacity=\"10\" hover=\"zoomin\" element_id=\"\" element_class=\"\"][\/vc_column_inner][\/vc_row_inner][\/vc_column][\/vc_row][vc_row][vc_column width=\"1\/1\"][divider visibility=\"visible\"][\/vc_column][\/vc_row]","_es_post_name":"corredera","_es_post_excerpt":"","_es_post_title":"Corredera","_ru_post_content":"[vc_row][vc_column width=\"1\/1\"][lead align=\"left\"]\u041c\u0438\u0440\u0443 \u043f\u0430\u0440\u0430\u043b\u043b\u0435\u043b\u044c\u043d\u044b\u0445 \u0440\u0430\u0437\u0434\u0432\u0438\u0436\u043d\u044b\u0445 \u0441\u0438\u0441\u0442\u0435\u043c \u043f\u0440\u0438\u043d\u0430\u0434\u043b\u0435\u0436\u0430\u0442 \u0440\u0443\u0447\u043a\u0438 Twenty, \u043f\u0440\u043e\u0434\u0443\u043a\u0446\u0438\u044f \u043b\u0438\u043d\u0438\u0438 Ol\u00e9, \u0438 \u043a\u0430\u0440\u0435\u0442\u043a\u0438 Hockey \u0441 \u0434\u043e\u043f\u043e\u043b\u043d\u044f\u044e\u0449\u0438\u043c\u0438 \u0430\u0441\u0441\u043e\u0440\u0442\u0438\u043c\u0435\u043d\u0442 \u0430\u043a\u0441\u0435\u0441\u0441\u0443\u0430\u0440\u0430\u043c\u0438. Luce, \u0432 \u0441\u0432\u043e\u0435 \u0432\u0440\u0435\u043c\u044f, \u044f\u0432\u043b\u044f\u0435\u0442\u0441\u044f \u043a\u043e\u043c\u043f\u043b\u0435\u043a\u0441\u043d\u043e\u0439 \u043b\u0438\u043d\u0438\u0435\u0439 \u043f\u043e\u0434\u044a\u0435\u043c\u043d\u043e-\u0441\u0434\u0432\u0438\u0436\u043d\u043e\u0439 \u0441\u0438\u0441\u0442\u0435\u043c\u044b, \u043e\u0431\u043e\u0433\u0430\u0449\u0430\u0435\u0442 \u043a\u043e\u0442\u043e\u0440\u0443\u044e \u0440\u0443\u0447\u043a\u0430 Prisma.[\/lead][portfolio_masonry categories=\"scorrevole\"][\/vc_column][\/vc_row][vc_row][vc_column extra_classes=\"do-margin-collapse\" width=\"1\/1\"][vc_row_inner][vc_column_inner width=\"1\/4\"][FeaturedPostOrPage identifier=\"20602\" image_h=\"auto\" title_source_field=\"title\" font_size=\"h2\" align_h=\"left\" align_v=\"bottom\" color_fg=\"light\" color_bg=\"dark\" fig_color_bg=\"transparent\" color_bg_opacity=\"10\" hover=\"zoomin\" element_id=\"\" element_class=\"\"][\/vc_column_inner][vc_column_inner width=\"3\/4\"][FeaturedPostOrPage identifier=\"26742\" image_h=\"auto\" title_source_field=\"title\" font_size=\"h2\" align_h=\"right\" align_v=\"bottom\" color_fg=\"dark\" color_bg=\"dark\" fig_color_bg=\"transparent\" color_bg_opacity=\"10\" hover=\"zoomin\" element_id=\"\" element_class=\"\"][\/vc_column_inner][\/vc_row_inner][vc_row_inner][vc_column_inner width=\"2\/3\"][FeaturedPostOrPage identifier=\"13512\" image_h=\"auto\" title_source_field=\"title,custom_field\" font_size=\"h2\" align_h=\"left\" align_v=\"bottom\" color_fg=\"dark\" color_bg=\"dark\" fig_color_bg=\"transparent\" color_bg_opacity=\"10\" hover=\"zoomin\" element_id=\"\" element_class=\"\"][\/vc_column_inner][vc_column_inner width=\"1\/3\"][FeaturedPostOrPage identifier=\"13511\" image_h=\"auto\" title_source_field=\"title,custom_field\" font_size=\"h2\" align_h=\"center\" align_v=\"bottom\" color_fg=\"dark\" color_bg=\"dark\" fig_color_bg=\"transparent\" color_bg_opacity=\"10\" hover=\"zoomin\" element_id=\"\" element_class=\"\"][\/vc_column_inner][\/vc_row_inner][vc_row_inner][vc_column_inner width=\"1\/1\"][FeaturedPostOrPage identifier=\"13513\" image_h=\"auto\" title_source_field=\"title,custom_field\" font_size=\"h2\" align_h=\"left\" align_v=\"bottom\" color_fg=\"dark\" color_bg=\"dark\" fig_color_bg=\"transparent\" color_bg_opacity=\"10\" hover=\"zoomin\" element_id=\"\" element_class=\"\"][\/vc_column_inner][\/vc_row_inner][\/vc_column][\/vc_row][vc_row][vc_column width=\"1\/1\"][divider visibility=\"visible\"][\/vc_column][\/vc_row]","_ru_post_name":"razdvizhnye","_ru_post_excerpt":"","_ru_post_title":"\u0420\u0430\u0437\u0434\u0432\u0438\u0436\u043d\u044b\u0435","_pl_post_content":"[vc_row][vc_column width=\"1\/1\"][lead align=\"left\"]Do \u015bwiata r\u00f3wnoleg\u0142ych system\u00f3w przesuwnych nale\u017c\u0105 klamki Twenty, produkty linii Ol\u00e9 oraz w\u00f3zki Hockey wraz z wszystkimi akcesoriami uzupe\u0142niaj\u0105cymi gam\u0119. Luce natomiast jest pe\u0142n\u0105 lini\u0105 system\u00f3w podnoszono-przesuwnych wzbogaconych o klamk\u0119 Prisma.[\/lead][portfolio_masonry categories=\"scorrevole\"][\/vc_column][\/vc_row][vc_row][vc_column extra_classes=\"do-margin-collapse\" width=\"1\/1\"][vc_row_inner][vc_column_inner width=\"1\/4\"][FeaturedPostOrPage identifier=\"20602\" image_h=\"auto\" title_source_field=\"title\" font_size=\"h2\" align_h=\"left\" align_v=\"bottom\" color_fg=\"light\" color_bg=\"dark\" fig_color_bg=\"transparent\" color_bg_opacity=\"10\" hover=\"zoomin\" element_id=\"\" element_class=\"\"][\/vc_column_inner][vc_column_inner width=\"3\/4\"][FeaturedPostOrPage identifier=\"26742\" image_h=\"auto\" title_source_field=\"title\" font_size=\"h2\" align_h=\"right\" align_v=\"bottom\" color_fg=\"dark\" color_bg=\"dark\" fig_color_bg=\"transparent\" color_bg_opacity=\"10\" hover=\"zoomin\" element_id=\"\" element_class=\"\"][\/vc_column_inner][\/vc_row_inner][vc_row_inner][vc_column_inner width=\"2\/3\"][FeaturedPostOrPage identifier=\"13512\" image_h=\"auto\" title_source_field=\"title\" font_size=\"h2\" align_h=\"left\" align_v=\"bottom\" color_fg=\"dark\" color_bg=\"dark\" fig_color_bg=\"transparent\" color_bg_opacity=\"10\" hover=\"zoomin\" element_id=\"\" element_class=\"\"][\/vc_column_inner][vc_column_inner width=\"1\/3\"][FeaturedPostOrPage identifier=\"13511\" image_h=\"auto\" title_source_field=\"title\" font_size=\"h2\" align_h=\"center\" align_v=\"bottom\" color_fg=\"dark\" color_bg=\"dark\" fig_color_bg=\"transparent\" color_bg_opacity=\"10\" hover=\"zoomin\" element_id=\"\" element_class=\"\"][\/vc_column_inner][\/vc_row_inner][vc_row_inner][vc_column_inner width=\"1\/1\"][FeaturedPostOrPage identifier=\"13513\" image_h=\"auto\" title_source_field=\"title\" font_size=\"h2\" align_h=\"left\" align_v=\"bottom\" color_fg=\"dark\" color_bg=\"dark\" fig_color_bg=\"transparent\" color_bg_opacity=\"10\" hover=\"zoomin\" element_id=\"\" element_class=\"\"][\/vc_column_inner][\/vc_row_inner][\/vc_column][\/vc_row][vc_row][vc_column width=\"1\/1\"][divider visibility=\"visible\"][\/vc_column][\/vc_row]","_pl_post_name":"drzwi-tarasowe","_pl_post_excerpt":"","_pl_post_title":"Systemy przesuwne","edit_language":"it","footnotes":""},"class_list":["post-703","page","type-page","status-publish","has-post-thumbnail","hentry"],"_links":{"self":[{"href":"https:\/\/www.fapim.it\/it\/wp-json\/wp\/v2\/pages\/703","targetHints":{"allow":["GET"]}}],"collection":[{"href":"https:\/\/www.fapim.it\/it\/wp-json\/wp\/v2\/pages"}],"about":[{"href":"https:\/\/www.fapim.it\/it\/wp-json\/wp\/v2\/types\/page"}],"author":[{"embeddable":true,"href":"https:\/\/www.fapim.it\/it\/wp-json\/wp\/v2\/users\/1"}],"replies":[{"embeddable":true,"href":"https:\/\/www.fapim.it\/it\/wp-json\/wp\/v2\/comments?post=703"}],"version-history":[{"count":33,"href":"https:\/\/www.fapim.it\/it\/wp-json\/wp\/v2\/pages\/703\/revisions"}],"predecessor-version":[{"id":26919,"href":"https:\/\/www.fapim.it\/it\/wp-json\/wp\/v2\/pages\/703\/revisions\/26919"}],"wp:featuredmedia":[{"embeddable":true,"href":"https:\/\/www.fapim.it\/it\/wp-json\/wp\/v2\/media\/14082"}],"wp:attachment":[{"href":"https:\/\/www.fapim.it\/it\/wp-json\/wp\/v2\/media?parent=703"}],"curies":[{"name":"wp","href":"https:\/\/api.w.org\/{rel}","templated":true}]}}