   {"id":13494,"date":"2019-02-06T10:44:09","date_gmt":"2019-02-06T09:44:09","guid":{"rendered":"http:\/\/testsito.fapim.it\/site\/noi-facciamo\/prodotti-e-progetti\/prodotti\/finestre\/limite\/"},"modified":"2025-06-16T10:58:48","modified_gmt":"2025-06-16T08:58:48","slug":"limite","status":"publish","type":"page","link":"https:\/\/www.fapim.it\/pl\/limite\/","title":{"rendered":"Limite","raw":"Limite"},"content":{"rendered":"<section class=\"section  text-normal section-text-no-shadow section-inner-no-shadow section-normal section-opaque\"  >\r\n    \r\n    <div class=\"background-overlay grid-overlay-0 \" style=\"background-color: rgba(0,0,0,0);\"><\/div>\r\n\r\n    <div class=\"container container-vertical-default\">\r\n        <div class=\"row vertical-default\">\r\n            <div class=\"col-md-12     text-default small-screen-default\"  ><div class=\"divider-wrapper \" style=\"visibility:visible;background-color:#FFFFFF\">\r\n    <div class=\"visible-xs\" style=\"height:24px;\"><\/div>\r\n    <div class=\"visible-sm\" style=\"height:24px;\"><\/div>\r\n    <div class=\"visible-md\" style=\"height:24px;\"><\/div>\r\n    <div class=\"visible-lg\" style=\"height:24px;\"><\/div>\r\n<\/div><\/div>        <\/div>\r\n    <\/div>\r\n<\/section>\r\n<section class=\"section  text-normal section-text-no-shadow section-inner-no-shadow section-normal section-opaque\"  >\r\n    \r\n    <div class=\"background-overlay grid-overlay-0 \" style=\"background-color: rgba(0,0,0,0);\"><\/div>\r\n\r\n    <div class=\"container container-vertical-default\">\r\n        <div class=\"row vertical-default\">\r\n            <div class=\"col-md-12     text-default small-screen-default\"  ><p class=\"lead text-justify justify  text-normal element-top-20 element-bottom-20\" data-os-animation=\"none\" data-os-animation-delay=\"0s\">Limite to nowa seria ogranicznik\u00f3w Fapim do system\u00f3w otwarcia do wewn\u0105trz i na zewn\u0105trz, z mo\u017cliwo\u015bci\u0105 zmiany kierunku przeznaczona do monta\u017cu na oknach wyposa\u017conych w profile z eurorowkiem. Poprzez obr\u00f3t uchwytu klamki Limite pozwala na w pe\u0142ni bezpieczne zablokowanie skrzyd\u0142a w pozycji ograniczonego otwarcia. Jest on wykonany ze znalu, posiada rami\u0119 ze stali nierdzewnej oraz wyj\u0105tkowe narz\u0119dzie s\u0142u\u017c\u0105ce do odblokowania skrzyd\u0142a.<\/p><\/div>        <\/div>\r\n    <\/div>\r\n<\/section>\r\n<section class=\"section  text-normal section-text-no-shadow section-inner-no-shadow section-normal section-opaque\"  >\r\n    \r\n    <div class=\"background-overlay grid-overlay-0 \" style=\"background-color: rgba(0,0,0,0);\"><\/div>\r\n\r\n    <div class=\"container container-vertical-default\">\r\n        <div class=\"row vertical-default\">\r\n            <div class=\"col-md-12     text-default small-screen-default\"  ><div class=\"divider-wrapper \" style=\"visibility:hidden;background-color:#FFFFFF\">\r\n    <div class=\"visible-xs\" style=\"height:24px;\"><\/div>\r\n    <div class=\"visible-sm\" style=\"height:24px;\"><\/div>\r\n    <div class=\"visible-md\" style=\"height:60px;\"><\/div>\r\n    <div class=\"visible-lg\" style=\"height:60px;\"><\/div>\r\n<\/div><\/div>        <\/div>\r\n    <\/div>\r\n<\/section>\r\n<section class=\"section  text-normal section-text-no-shadow section-inner-no-shadow section-normal section-opaque\"  >\r\n    \r\n    <div class=\"background-overlay grid-overlay-0 \" style=\"background-color: rgba(0,0,0,0);\"><\/div>\r\n\r\n    <div class=\"container container-vertical-default\">\r\n        <div class=\"row vertical-default\">\r\n            <div class=\"col-md-12     text-default small-screen-default\"  ><div class=\"figure element-top-0 element-bottom-0  \" data-os-animation=\"none\" data-os-animation-delay=\"0s\">\r\n            <a href=\"https:\/\/www.fapim.it\/wp-content\/uploads\/2019\/03\/f_limite_finestra_12.jpg\" class=\"figure-image magnific\" target=\"_self\">\r\n        <img loading=\"lazy\" decoding=\"async\" width=\"1240\" height=\"551\" src=\"https:\/\/www.fapim.it\/wp-content\/uploads\/2019\/03\/f_limite_finestra_12.jpg\" class=\"attachment-full size-full\" alt=\"\" srcset=\"https:\/\/www.fapim.it\/wp-content\/uploads\/2019\/03\/f_limite_finestra_12.jpg 1240w, https:\/\/www.fapim.it\/wp-content\/uploads\/2019\/03\/f_limite_finestra_12-300x133.jpg 300w, https:\/\/www.fapim.it\/wp-content\/uploads\/2019\/03\/f_limite_finestra_12-768x341.jpg 768w, https:\/\/www.fapim.it\/wp-content\/uploads\/2019\/03\/f_limite_finestra_12-1024x455.jpg 1024w\" sizes=\"auto, (max-width: 1240px) 100vw, 1240px\" \/>            <\/a>\r\n    <\/div>\r\n<\/div>        <\/div>\r\n    <\/div>\r\n<\/section>\r\n<section class=\"section  text-normal section-text-no-shadow section-inner-no-shadow section-normal section-opaque\"  >\r\n    \r\n    <div class=\"background-overlay grid-overlay-0 \" style=\"background-color: rgba(0,0,0,0);\"><\/div>\r\n\r\n    <div class=\"container container-vertical-default\">\r\n        <div class=\"row vertical-default\">\r\n            <div class=\"col-md-12     text-default small-screen-default\"  ><div class=\"divider-wrapper \" style=\"visibility:hidden;background-color:#FFFFFF\">\r\n    <div class=\"visible-xs\" style=\"height:24px;\"><\/div>\r\n    <div class=\"visible-sm\" style=\"height:24px;\"><\/div>\r\n    <div class=\"visible-md\" style=\"height:60px;\"><\/div>\r\n    <div class=\"visible-lg\" style=\"height:60px;\"><\/div>\r\n<\/div><\/div>        <\/div>\r\n    <\/div>\r\n<\/section>\r\n<section class=\"section  text-normal section-text-no-shadow section-inner-no-shadow section-normal section-opaque\"  >\r\n    \r\n    <div class=\"background-overlay grid-overlay-0 \" style=\"background-color: rgba(0,0,0,0);\"><\/div>\r\n\r\n    <div class=\"container container-vertical-default\">\r\n        <div class=\"row vertical-default\">\r\n            <div class=\"col-md-12     text-default small-screen-default\"  ><div class=\"col-text-1 text-normal  element-top-20 element-bottom-20\" data-os-animation=\"none\" data-os-animation-delay=\"0s\">\r\n    <h3><strong>DOST\u0118PNA DOKUMENTACJA<\/strong><\/h3>\n<\/div>\r\n<\/div>        <\/div>\r\n    <\/div>\r\n<\/section>\r\n<section class=\"section  text-normal section-text-no-shadow section-inner-no-shadow section-normal section-opaque\"  >\r\n    \r\n    <div class=\"background-overlay grid-overlay-0 \" style=\"background-color: rgba(0,0,0,0);\"><\/div>\r\n\r\n    <div class=\"container container-vertical-default\">\r\n        <div class=\"row vertical-default\">\r\n            <div class=\"col-md-12     text-default small-screen-default\"  ><documentation slug=\"9024ae46-2880-4a25-a95f-8b432f5bf743\" language=\"en\" view=\"list\" class=\"\"><\/documentation><\/div>        <\/div>\r\n    <\/div>\r\n<\/section>\r\n<section class=\"section  text-normal section-text-no-shadow section-inner-no-shadow section-normal section-opaque\"  >\r\n    \r\n    <div class=\"background-overlay grid-overlay-0 \" style=\"background-color: rgba(0,0,0,0);\"><\/div>\r\n\r\n    <div class=\"container container-vertical-default\">\r\n        <div class=\"row vertical-default\">\r\n            <div class=\"col-md-12     text-default small-screen-default\"  ><div class=\"divider-wrapper \" style=\"visibility:hidden;background-color:#FFFFFF\">\r\n    <div class=\"visible-xs\" style=\"height:24px;\"><\/div>\r\n    <div class=\"visible-sm\" style=\"height:24px;\"><\/div>\r\n    <div class=\"visible-md\" style=\"height:24px;\"><\/div>\r\n    <div class=\"visible-lg\" style=\"height:24px;\"><\/div>\r\n<\/div><\/div>        <\/div>\r\n    <\/div>\r\n<\/section>\n","protected":false,"raw":"[vc_row][vc_column width=\"1\/1\"][divider visibility=\"visible\"][\/vc_column][\/vc_row][vc_row][vc_column width=\"1\/1\"][lead align=\"justify\"]Limite to nowa seria ogranicznik\u00f3w Fapim do system\u00f3w otwarcia do wewn\u0105trz i na zewn\u0105trz, z mo\u017cliwo\u015bci\u0105 zmiany kierunku przeznaczona do monta\u017cu na oknach wyposa\u017conych w profile z eurorowkiem. Poprzez obr\u00f3t uchwytu klamki Limite pozwala na w pe\u0142ni bezpieczne zablokowanie skrzyd\u0142a w pozycji ograniczonego otwarcia. Jest on wykonany ze znalu, posiada rami\u0119 ze stali nierdzewnej oraz wyj\u0105tkowe narz\u0119dzie s\u0142u\u017c\u0105ce do odblokowania skrzyd\u0142a.[\/lead][\/vc_column][\/vc_row][vc_row][vc_column width=\"1\/1\"][divider md_height=\"60\" lg_height=\"60\"][\/vc_column][\/vc_row][vc_row background_image_parallax_end=\"0\"][vc_column width=\"1\/1\"][vc_single_image image=\"14938\" custom_image_size=\"0\" custom_image_size_crop=\"true\" margin_top=\"0\" margin_bottom=\"0\"][\/vc_column][\/vc_row][vc_row][vc_column width=\"1\/1\"][divider md_height=\"60\" lg_height=\"60\"][\/vc_column][\/vc_row][vc_row][vc_column width=\"1\/1\"][vc_column_text]\r\n<h3><strong>DOST\u0118PNA DOKUMENTACJA<\/strong><\/h3>\r\n[\/vc_column_text][\/vc_column][\/vc_row][vc_row][vc_column width=\"1\/1\"][fpm-documentation slug=\"9024ae46-2880-4a25-a95f-8b432f5bf743\" language=\"en\" view=\"list\" class=\"\"][\/vc_column][\/vc_row][vc_row][vc_column width=\"1\/1\"][divider][\/vc_column][\/vc_row]"},"excerpt":{"rendered":"Limite \u00e8 il nuovo braccio limitatore di Fapim per aperture verso l'interno e verso l'esterno, reversibile e applicabile su finestre realizzate con profili a camera europea. Tramite la rotazione del manico della cremonese, Limite consente di bloccare in totale sicurezza l'anta in posizione di apertura limitata. Realizzato in zama, con braccio in acciaio inox, dispone","protected":false,"raw":""},"author":1,"featured_media":297,"parent":0,"menu_order":35,"comment_status":"closed","ping_status":"closed","template":"","meta":{"_it_post_content":"[vc_row][vc_column width=\"1\/1\"][divider visibility=\"visible\"][\/vc_column][\/vc_row][vc_row][vc_column width=\"1\/1\"][lead align=\"justify\"]Limite \u00e8 il nuovo braccio limitatore di Fapim per aperture verso l'interno e verso l'esterno, reversibile e applicabile su finestre realizzate con profili a camera europea. Tramite la rotazione del manico della cremonese, Limite consente di bloccare in totale sicurezza l'anta in posizione di apertura limitata. Realizzato in zama, con braccio in acciaio inox, dispone di un utensile particolarer per lo sbloccaggio dell'anta.[\/lead][\/vc_column][\/vc_row][vc_row][vc_column width=\"1\/1\"][divider md_height=\"60\" lg_height=\"60\"][\/vc_column][\/vc_row][vc_row background_image_parallax_end=\"0\"][vc_column width=\"1\/1\"][vc_single_image image=\"14938\" custom_image_size=\"0\" custom_image_size_crop=\"true\" link_type=\"no-link\" margin_top=\"0\" margin_bottom=\"0\"][\/vc_column][\/vc_row][vc_row][vc_column width=\"1\/1\"][divider md_height=\"60\" lg_height=\"60\"][\/vc_column][\/vc_row][vc_row][vc_column width=\"1\/1\"][vc_column_text]\r\n<h3><strong>Documentazione disponibile<\/strong><\/h3>\r\n[\/vc_column_text][\/vc_column][\/vc_row][vc_row][vc_column width=\"1\/1\"][fpm-documentation slug=\"9024ae46-2880-4a25-a95f-8b432f5bf743\" language=\"it\" view=\"list\" class=\"\"][\/vc_column][\/vc_row][vc_row][vc_column width=\"1\/1\"][divider][\/vc_column][\/vc_row]","_it_post_name":"limite","_it_post_excerpt":"","_it_post_title":"Limite","_en_post_content":"[vc_row][vc_column width=\"1\/1\"][divider visibility=\"visible\"][\/vc_column][\/vc_row][vc_row][vc_column width=\"1\/1\"][lead align=\"justify\"]Limite is the new limiting arm of Fapim for external and internal openings, reversible and applicable on European chamber profiles. Through the simple rotation of the handle of the Cremonese Limite, it allows the door to be safely locked in the limited opening position. Made of zamak, with stainless steel lever, it is also equipped with a special tool for unlocking the door.[\/lead][\/vc_column][\/vc_row][vc_row][vc_column width=\"1\/1\"][divider md_height=\"60\" lg_height=\"60\"][\/vc_column][\/vc_row][vc_row background_image_parallax_end=\"0\"][vc_column width=\"1\/1\"][vc_single_image image=\"14938\" custom_image_size=\"0\" custom_image_size_crop=\"true\" link_type=\"no-link\" margin_top=\"0\" margin_bottom=\"0\"][\/vc_column][\/vc_row][vc_row][vc_column width=\"1\/1\"][divider md_height=\"60\" lg_height=\"60\"][\/vc_column][\/vc_row][vc_row][vc_column width=\"1\/1\"][vc_column_text]\r\n<h3>Available documentation<\/h3>\r\n[\/vc_column_text][\/vc_column][\/vc_row][vc_row][vc_column width=\"1\/1\"][fpm-documentation slug=\"9024ae46-2880-4a25-a95f-8b432f5bf743\" language=\"en\" view=\"list\" class=\"\"][\/vc_column][\/vc_row][vc_row][vc_column width=\"1\/1\"][divider][\/vc_column][\/vc_row]","_en_post_name":"limite","_en_post_excerpt":"","_en_post_title":"Limite","_fr_post_content":"[vc_row][vc_column width=\"1\/1\"][divider visibility=\"visible\"][\/vc_column][\/vc_row][vc_row][vc_column width=\"1\/1\"][lead align=\"justify\"]Le LIMITE est le nouveau compas limiteur Fapim pour ouvertures externes, r\u00e9versible et applicable sur profils \u00e0 chambre europ\u00e9enne. Grace \u00e0 la simple rotation de la poign\u00e9e de la cr\u00e9mone, Limite permets le blocage en s\u00e9curit\u00e9 de l\u2019ouvrant dans la position d\u2019ouverture limit\u00e9e. R\u00e9alis\u00e9 en zamak, avec levier en acier inox, il est \u00e9quip\u00e9 aussi d\u2019un outil sp\u00e9cial pour d\u00e9bloquer l\u2019ouvrant.[\/lead][\/vc_column][\/vc_row][vc_row][vc_column width=\"1\/1\"][divider md_height=\"60\" lg_height=\"60\"][\/vc_column][\/vc_row][vc_row background_image_parallax_end=\"0\"][vc_column width=\"1\/1\"][vc_single_image image=\"14938\" custom_image_size=\"0\" custom_image_size_crop=\"true\" link_type=\"no-link\" margin_top=\"0\" margin_bottom=\"0\"][\/vc_column][\/vc_row][vc_row][vc_column width=\"1\/1\"][divider md_height=\"60\" lg_height=\"60\"][\/vc_column][\/vc_row][vc_row][vc_column width=\"1\/1\"][vc_column_text]\r\n<h3>Documentation disponible<\/h3>\r\n[\/vc_column_text][\/vc_column][\/vc_row][vc_row][vc_column width=\"1\/1\"][fpm-documentation slug=\"9024ae46-2880-4a25-a95f-8b432f5bf743\" language=\"fr\" view=\"list\" class=\"\"][\/vc_column][\/vc_row][vc_row][vc_column width=\"1\/1\"][divider][\/vc_column][\/vc_row]","_fr_post_name":"limite","_fr_post_excerpt":"","_fr_post_title":"Limite","_es_post_content":"[vc_row][vc_column width=\"1\/1\"][divider visibility=\"visible\"][\/vc_column][\/vc_row][vc_row][vc_column width=\"1\/1\"][lead align=\"justify\"]Limite es el nuevo comp\u00e1s limitador de Fapim para aperturas hacia exterior y interior, reversible y aplicable sobre los perfiles de canal europeo. Por medio de la sencilla rotaci\u00f3n del mango de la cremona, Limite permite de bloquear con toda seguridad la hoja en la posici\u00f3n de apertura limitada.\r\nRealizado en zamak, con palanca de acero inox, dispone de un utensilio particular para desbloquear la hoja.[\/lead][\/vc_column][\/vc_row][vc_row][vc_column width=\"1\/1\"][divider md_height=\"60\" lg_height=\"60\"][\/vc_column][\/vc_row][vc_row background_image_parallax_end=\"0\"][vc_column width=\"1\/1\"][vc_single_image image=\"14938\" custom_image_size=\"0\" custom_image_size_crop=\"true\" link_type=\"no-link\" margin_top=\"0\" margin_bottom=\"0\"][\/vc_column][\/vc_row][vc_row][vc_column width=\"1\/1\"][divider md_height=\"60\" lg_height=\"60\"][\/vc_column][\/vc_row][vc_row][vc_column width=\"1\/1\"][vc_column_text]\r\n<h3>Documentaci\u00f3n disponible<\/h3>\r\n[\/vc_column_text][\/vc_column][\/vc_row][vc_row][vc_column width=\"1\/1\"][fpm-documentation slug=\"9024ae46-2880-4a25-a95f-8b432f5bf743\" language=\"es\" view=\"list\" class=\"\"][\/vc_column][\/vc_row][vc_row][vc_column width=\"1\/1\"][divider][\/vc_column][\/vc_row]","_es_post_name":"limite","_es_post_excerpt":"","_es_post_title":"Limite","_ru_post_content":"[vc_row][vc_column width=\"1\/1\"][divider visibility=\"visible\"][\/vc_column][\/vc_row][vc_row][vc_column width=\"1\/1\"][lead align=\"justify\"]Limite - \u044d\u0442\u043e \u043d\u043e\u0432\u044b\u0439 \u043e\u0433\u0440\u0430\u043d\u0438\u0447\u0438\u0442\u0435\u043b\u044c\u043d\u044b\u0439 \u0440\u044b\u0447\u0430\u0433 Fapim \u0434\u043b\u044f \u043d\u0430\u0440\u0443\u0436\u043d\u044b\u0445 \u0438 \u0432\u043d\u0443\u0442\u0440\u0435\u043d\u043d\u0438\u0445 \u043e\u0442\u043a\u0440\u044b\u0432\u0430\u043d\u0438\u0439, \u0440\u0435\u0432\u0435\u0440\u0441\u0438\u0432\u043d\u044b\u0439 \u0438 \u043f\u0440\u0438\u043c\u0435\u043d\u0438\u043c\u044b\u0439 \u0434\u043b\u044f \u043f\u0440\u043e\u0444\u0438\u043b\u0435\u0439 \u0441 \u0435\u0432\u0440\u043e\u043f\u0430\u0437\u043e\u043c. \u0411\u043b\u0430\u0433\u043e\u0434\u0430\u0440\u044f \u043f\u0440\u043e\u0441\u0442\u043e\u043c\u0443 \u0432\u0440\u0430\u0449\u0435\u043d\u0438\u044e \u0440\u0443\u0447\u043a\u0438, \u0440\u044b\u0447\u0430\u0433 \u043f\u043e\u0437\u0432\u043e\u043b\u044f\u0435\u0442 \u043d\u0430\u0434\u0435\u0436\u043d\u043e \u0437\u0430\u0431\u043b\u043e\u043a\u0438\u0440\u043e\u0432\u0430\u0442\u044c \u0441\u0442\u0432\u043e\u0440\u043a\u0443 \u0432 \u043f\u043e\u043b\u043e\u0436\u0435\u043d\u0438\u0438 \u043e\u0433\u0440\u0430\u043d\u0438\u0447\u0435\u043d\u043d\u043e\u0433\u043e \u043e\u0442\u043a\u0440\u044b\u0442\u0438\u044f. \u0418\u0437\u0433\u043e\u0442\u043e\u0432\u043b\u0435\u043d \u0438\u0437 \u0437\u0430\u043c\u0430\u043a\u0430, \u0441 \u0440\u044b\u0447\u0430\u0433\u043e\u043c \u0438\u0437 \u043d\u0435\u0440\u0436\u0430\u0432\u0435\u044e\u0449\u0435\u0439 \u0441\u0442\u0430\u043b\u0438, \u0442\u0430\u043a\u0436\u0435 \u043e\u0441\u043d\u0430\u0449\u0435\u043d \u0441\u043f\u0435\u0446\u0438\u0430\u043b\u044c\u043d\u044b\u043c \u0438\u043d\u0441\u0442\u0440\u0443\u043c\u0435\u043d\u0442\u043e\u043c \u0434\u043b\u044f \u043e\u0442\u043f\u0438\u0440\u0430\u043d\u0438\u044f \u0441\u0442\u0432\u043e\u0440\u043a\u0438.[\/lead][\/vc_column][\/vc_row][vc_row][vc_column width=\"1\/1\"][divider md_height=\"60\" lg_height=\"60\"][\/vc_column][\/vc_row][vc_row background_image_parallax_end=\"0\"][vc_column width=\"1\/1\"][vc_single_image image=\"14938\" custom_image_size=\"0\" custom_image_size_crop=\"true\" link_type=\"no-link\" margin_top=\"0\" margin_bottom=\"0\"][\/vc_column][\/vc_row][vc_row][vc_column width=\"1\/1\"][divider md_height=\"60\" lg_height=\"60\"][\/vc_column][\/vc_row][vc_row][vc_column width=\"1\/1\"][vc_column_text]\r\n<h3><strong>\u0434\u043e\u0441\u0442\u0443\u043f\u043d\u0430\u044f \u0434\u043e\u043a\u0443\u043c\u0435\u043d\u0442\u0430\u0446\u0438\u044f<\/strong><\/h3>\r\n[\/vc_column_text][\/vc_column][\/vc_row][vc_row][vc_column width=\"1\/1\"][fpm-documentation slug=\"9024ae46-2880-4a25-a95f-8b432f5bf743\" language=\"ru\" view=\"list\" class=\"\"][\/vc_column][\/vc_row][vc_row][vc_column width=\"1\/1\"][divider][\/vc_column][\/vc_row]","_ru_post_name":"limite","_ru_post_excerpt":"","_ru_post_title":"Limite","_pl_post_content":"[vc_row][vc_column width=\"1\/1\"][divider visibility=\"visible\"][\/vc_column][\/vc_row][vc_row][vc_column width=\"1\/1\"][lead align=\"justify\"]Limite to nowa seria ogranicznik\u00f3w Fapim do system\u00f3w otwarcia do wewn\u0105trz i na zewn\u0105trz, z mo\u017cliwo\u015bci\u0105 zmiany kierunku przeznaczona do monta\u017cu na oknach wyposa\u017conych w profile z eurorowkiem. Poprzez obr\u00f3t uchwytu klamki Limite pozwala na w pe\u0142ni bezpieczne zablokowanie skrzyd\u0142a w pozycji ograniczonego otwarcia. Jest on wykonany ze znalu, posiada rami\u0119 ze stali nierdzewnej oraz wyj\u0105tkowe narz\u0119dzie s\u0142u\u017c\u0105ce do odblokowania skrzyd\u0142a.[\/lead][\/vc_column][\/vc_row][vc_row][vc_column width=\"1\/1\"][divider md_height=\"60\" lg_height=\"60\"][\/vc_column][\/vc_row][vc_row background_image_parallax_end=\"0\"][vc_column width=\"1\/1\"][vc_single_image image=\"14938\" custom_image_size=\"0\" custom_image_size_crop=\"true\" margin_top=\"0\" margin_bottom=\"0\"][\/vc_column][\/vc_row][vc_row][vc_column width=\"1\/1\"][divider md_height=\"60\" lg_height=\"60\"][\/vc_column][\/vc_row][vc_row][vc_column width=\"1\/1\"][vc_column_text]\r\n<h3><strong>DOST\u0118PNA DOKUMENTACJA<\/strong><\/h3>\r\n[\/vc_column_text][\/vc_column][\/vc_row][vc_row][vc_column width=\"1\/1\"][fpm-documentation slug=\"9024ae46-2880-4a25-a95f-8b432f5bf743\" language=\"en\" view=\"list\" class=\"\"][\/vc_column][\/vc_row][vc_row][vc_column width=\"1\/1\"][divider][\/vc_column][\/vc_row]","_pl_post_name":"limite","_pl_post_excerpt":"","_pl_post_title":"Limite","edit_language":"pl","footnotes":""},"class_list":["post-13494","page","type-page","status-publish","has-post-thumbnail","hentry"],"_links":{"self":[{"href":"https:\/\/www.fapim.it\/pl\/wp-json\/wp\/v2\/pages\/13494","targetHints":{"allow":["GET"]}}],"collection":[{"href":"https:\/\/www.fapim.it\/pl\/wp-json\/wp\/v2\/pages"}],"about":[{"href":"https:\/\/www.fapim.it\/pl\/wp-json\/wp\/v2\/types\/page"}],"author":[{"embeddable":true,"href":"https:\/\/www.fapim.it\/pl\/wp-json\/wp\/v2\/users\/1"}],"replies":[{"embeddable":true,"href":"https:\/\/www.fapim.it\/pl\/wp-json\/wp\/v2\/comments?post=13494"}],"version-history":[{"count":14,"href":"https:\/\/www.fapim.it\/pl\/wp-json\/wp\/v2\/pages\/13494\/revisions"}],"predecessor-version":[{"id":26340,"href":"https:\/\/www.fapim.it\/pl\/wp-json\/wp\/v2\/pages\/13494\/revisions\/26340"}],"wp:featuredmedia":[{"embeddable":true,"href":"https:\/\/www.fapim.it\/pl\/wp-json\/wp\/v2\/media\/297"}],"wp:attachment":[{"href":"https:\/\/www.fapim.it\/pl\/wp-json\/wp\/v2\/media?parent=13494"}],"curies":[{"name":"wp","href":"https:\/\/api.w.org\/{rel}","templated":true}]}}