   {"id":13506,"date":"2019-02-06T10:44:56","date_gmt":"2019-02-06T09:44:56","guid":{"rendered":"http:\/\/testsito.fapim.it\/site\/noi-facciamo\/prodotti-e-progetti\/prodotti\/porte\/loira\/"},"modified":"2025-06-16T10:19:30","modified_gmt":"2025-06-16T08:19:30","slug":"loira-plus","status":"publish","type":"page","link":"https:\/\/www.fapim.it\/pl\/loira-plus\/","title":{"rendered":"Loira+","raw":"Loira+"},"content":{"rendered":"<section class=\"section  text-normal section-text-no-shadow section-inner-no-shadow section-normal section-opaque\"  >\r\n    \r\n    <div class=\"background-overlay grid-overlay-0 \" style=\"background-color: rgba(0,0,0,0);\"><\/div>\r\n\r\n    <div class=\"container container-vertical-default\">\r\n        <div class=\"row vertical-default\">\r\n            <div class=\"col-md-12     text-default small-screen-default\"  ><div class=\"divider-wrapper \" style=\"visibility:visible;background-color:#FFFFFF\">\r\n    <div class=\"visible-xs\" style=\"height:24px;\"><\/div>\r\n    <div class=\"visible-sm\" style=\"height:24px;\"><\/div>\r\n    <div class=\"visible-md\" style=\"height:24px;\"><\/div>\r\n    <div class=\"visible-lg\" style=\"height:24px;\"><\/div>\r\n<\/div><\/div>        <\/div>\r\n    <\/div>\r\n<\/section>\r\n<section class=\"section  text-normal section-text-no-shadow section-inner-no-shadow section-normal section-opaque\"  >\r\n    \r\n    <div class=\"background-overlay grid-overlay-0 \" style=\"background-color: rgba(0,0,0,0);\"><\/div>\r\n\r\n    <div class=\"container container-vertical-default\">\r\n        <div class=\"row vertical-default\">\r\n            <div class=\"col-md-12     text-default small-screen-default\"  ><p class=\"lead text-justify justify  text-normal element-top-20 element-bottom-20\" data-os-animation=\"none\" data-os-animation-delay=\"0s\">Zawias drzwiowy z t\u0142oczonego aluminium dost\u0119pny w wyko\u0144czeniu anodowanym, lakierowanym i surowym w wersji dwu i trzyskrzyd\u0142owej, posiada mo\u017cliwo\u015b\u0107 niezale\u017cnej, tr\u00f3jwymiarowej regulacji mikrometrycznej mo\u017cliwej do przeprowadzenia przy zamkni\u0119tych drzwiach przez jedn\u0105 osob\u0119. Certyfikowany zgodnie z najwy\u017cszymi standardami przewidzianymi norm\u0105 CE EN 1935:02 oraz antyw\u0142amaniow\u0105 SKG ENV 1627. Gam\u0119 uzupe\u0142nia zestaw mocuj\u0105cy ze specjalnymi \u015brubami samogwintuj\u0105cymi, do zastosowania na profilach z przek\u0142adk\u0105 termiczn\u0105.<\/p><\/div>        <\/div>\r\n    <\/div>\r\n<\/section>\r\n<section class=\"section  text-normal section-text-no-shadow section-inner-no-shadow section-normal section-opaque\"  >\r\n    \r\n    <div class=\"background-overlay grid-overlay-0 \" style=\"background-color: rgba(0,0,0,0);\"><\/div>\r\n\r\n    <div class=\"container container-vertical-default\">\r\n        <div class=\"row vertical-default\">\r\n            <div class=\"col-md-12     text-default small-screen-default\"  ><div class=\"divider-wrapper \" style=\"visibility:visible;background-color:#FFFFFF\">\r\n    <div class=\"visible-xs\" style=\"height:24px;\"><\/div>\r\n    <div class=\"visible-sm\" style=\"height:24px;\"><\/div>\r\n    <div class=\"visible-md\" style=\"height:24px;\"><\/div>\r\n    <div class=\"visible-lg\" style=\"height:24px;\"><\/div>\r\n<\/div><\/div>        <\/div>\r\n    <\/div>\r\n<\/section>\r\n<section class=\"section  text-normal section-text-no-shadow section-inner-no-shadow section-normal section-opaque\"  >\r\n    \r\n    <div class=\"background-overlay grid-overlay-0 \" style=\"background-color: rgba(0,0,0,0);\"><\/div>\r\n\r\n    <div class=\"container container-vertical-default\">\r\n        <div class=\"row vertical-default\">\r\n            <div class=\"col-md-12     text-default small-screen-default\"  ><div class=\"figure element-top-0 element-bottom-0  \" data-os-animation=\"none\" data-os-animation-delay=\"0s\">\r\n            <a href=\"https:\/\/www.fapim.it\/wp-content\/uploads\/2019\/03\/f_loira1.jpg\" class=\"figure-image magnific\" target=\"_self\">\r\n        <img loading=\"lazy\" decoding=\"async\" width=\"1240\" height=\"551\" src=\"https:\/\/www.fapim.it\/wp-content\/uploads\/2019\/03\/f_loira1.jpg\" class=\"attachment-full size-full\" alt=\"\" srcset=\"https:\/\/www.fapim.it\/wp-content\/uploads\/2019\/03\/f_loira1.jpg 1240w, https:\/\/www.fapim.it\/wp-content\/uploads\/2019\/03\/f_loira1-300x133.jpg 300w, https:\/\/www.fapim.it\/wp-content\/uploads\/2019\/03\/f_loira1-768x341.jpg 768w, https:\/\/www.fapim.it\/wp-content\/uploads\/2019\/03\/f_loira1-1024x455.jpg 1024w\" sizes=\"auto, (max-width: 1240px) 100vw, 1240px\" \/>            <\/a>\r\n    <\/div>\r\n<\/div>        <\/div>\r\n    <\/div>\r\n<\/section>\r\n<section class=\"section  text-normal section-text-no-shadow section-inner-no-shadow section-normal section-opaque\"  >\r\n    \r\n    <div class=\"background-overlay grid-overlay-0 \" style=\"background-color: rgba(0,0,0,0);\"><\/div>\r\n\r\n    <div class=\"container container-vertical-default\">\r\n        <div class=\"row vertical-default\">\r\n            <div class=\"col-md-12     text-default small-screen-default\"  ><div class=\"divider-wrapper \" style=\"visibility:visible;background-color:#FFFFFF\">\r\n    <div class=\"visible-xs\" style=\"height:24px;\"><\/div>\r\n    <div class=\"visible-sm\" style=\"height:24px;\"><\/div>\r\n    <div class=\"visible-md\" style=\"height:24px;\"><\/div>\r\n    <div class=\"visible-lg\" style=\"height:24px;\"><\/div>\r\n<\/div><div class=\"col-text-1 text-normal  element-top-20 element-bottom-20\" data-os-animation=\"none\" data-os-animation-delay=\"0s\">\r\n    <h3>DOST\u0118PNA DOKUMENTACJA<\/h3>\n<\/div>\r\n<documentation slug=\"7b54c15d-5dbf-4bb7-8e9f-383cd9382e66\" language=\"en\" view=\"list\" class=\"\"><\/documentation><div class=\"divider-wrapper \" style=\"visibility:visible;background-color:#FFFFFF\">\r\n    <div class=\"visible-xs\" style=\"height:24px;\"><\/div>\r\n    <div class=\"visible-sm\" style=\"height:24px;\"><\/div>\r\n    <div class=\"visible-md\" style=\"height:24px;\"><\/div>\r\n    <div class=\"visible-lg\" style=\"height:24px;\"><\/div>\r\n<\/div><\/div>        <\/div>\r\n    <\/div>\r\n<\/section>\r\n<section class=\"section  text-normal section-text-no-shadow section-inner-no-shadow section-normal section-opaque\"  >\r\n    \r\n    <div class=\"background-overlay grid-overlay-0 \" style=\"background-color: rgba(0,0,0,0);\"><\/div>\r\n\r\n    <div class=\"container container-vertical-default\">\r\n        <div class=\"row vertical-default\">\r\n            <div class=\"col-md-12     text-default small-screen-default\"  >[rev_slider_vc alias=&#8221;loira&#8221; title=&#8221;PROGETTI&#8221;]<\/div>        <\/div>\r\n    <\/div>\r\n<\/section>\r\n<section class=\"section  text-normal section-text-no-shadow section-inner-no-shadow section-normal section-opaque\"  >\r\n    \r\n    <div class=\"background-overlay grid-overlay-0 \" style=\"background-color: rgba(0,0,0,0);\"><\/div>\r\n\r\n    <div class=\"container container-vertical-default\">\r\n        <div class=\"row vertical-default\">\r\n            <div class=\"col-md-12     text-default small-screen-default\"  ><div class=\"divider-wrapper \" style=\"visibility:hidden;background-color:#FFFFFF\">\r\n    <div class=\"visible-xs\" style=\"height:24px;\"><\/div>\r\n    <div class=\"visible-sm\" style=\"height:24px;\"><\/div>\r\n    <div class=\"visible-md\" style=\"height:60px;\"><\/div>\r\n    <div class=\"visible-lg\" style=\"height:60px;\"><\/div>\r\n<\/div><\/div>        <\/div>\r\n    <\/div>\r\n<\/section>\n","protected":false,"raw":"[vc_row][vc_column width=\"1\/1\"][divider visibility=\"visible\"][\/vc_column][\/vc_row][vc_row][vc_column width=\"1\/1\"][lead align=\"justify\"]Zawias drzwiowy z t\u0142oczonego aluminium dost\u0119pny w wyko\u0144czeniu anodowanym, lakierowanym i surowym w wersji dwu i trzyskrzyd\u0142owej, posiada mo\u017cliwo\u015b\u0107 niezale\u017cnej, tr\u00f3jwymiarowej regulacji mikrometrycznej mo\u017cliwej do przeprowadzenia przy zamkni\u0119tych drzwiach przez jedn\u0105 osob\u0119. Certyfikowany zgodnie z najwy\u017cszymi standardami przewidzianymi norm\u0105 CE EN 1935:02 oraz antyw\u0142amaniow\u0105 SKG ENV 1627. Gam\u0119 uzupe\u0142nia zestaw mocuj\u0105cy ze specjalnymi \u015brubami samogwintuj\u0105cymi, do zastosowania na profilach z przek\u0142adk\u0105 termiczn\u0105.[\/lead][\/vc_column][\/vc_row][vc_row][vc_column width=\"1\/1\"][divider visibility=\"visible\"][\/vc_column][\/vc_row][vc_row background_image_parallax_end=\"0\"][vc_column width=\"1\/1\"][vc_single_image image=\"15180\" custom_image_size=\"0\" custom_image_size_crop=\"true\" margin_top=\"0\" margin_bottom=\"0\"][\/vc_column][\/vc_row][vc_row][vc_column width=\"1\/1\"][divider visibility=\"visible\"][vc_column_text]\r\n<h3>DOST\u0118PNA DOKUMENTACJA<\/h3>\r\n[\/vc_column_text][fpm-documentation slug=\"7b54c15d-5dbf-4bb7-8e9f-383cd9382e66\" language=\"en\" view=\"list\" class=\"\"][divider visibility=\"visible\"][\/vc_column][\/vc_row][vc_row][vc_column width=\"1\/1\"][rev_slider_vc alias=\"loira\" title=\"PROGETTI\"][\/vc_column][\/vc_row][vc_row][vc_column width=\"1\/1\"][divider md_height=\"60\" lg_height=\"60\"][\/vc_column][\/vc_row]"},"excerpt":{"rendered":"Cerniera ad appoggio in alluminio estruso, disponibile nelle finiture ossidate e verniciate o grezza, in versione a due o tre ali, con regolazioni tridimensionali micrometriche ed indipendenti, eseguibili a porta chiusa da un unico operatore. Certificata secondo gli standard pi\u00f9 elevati previsti dalla norma CE EN 1935:02 ed antieffrazione SKG ENV 1627. A completamento di","protected":false,"raw":""},"author":1,"featured_media":15056,"parent":0,"menu_order":54,"comment_status":"closed","ping_status":"closed","template":"","meta":{"_it_post_content":"[vc_row][vc_column width=\"1\/1\"][divider visibility=\"visible\"][\/vc_column][\/vc_row][vc_row][vc_column width=\"1\/1\"][lead align=\"justify\"]Cerniera ad appoggio in alluminio estruso, disponibile nelle finiture ossidate e verniciate o grezza, in versione a due o tre ali, con regolazioni tridimensionali micrometriche ed indipendenti, eseguibili a porta chiusa da un unico operatore. Certificata secondo gli standard pi\u00f9 elevati previsti dalla norma CE EN 1935:02 ed antieffrazione SKG ENV 1627. A completamento di gamma \u00e8 disponibile un kit di fissaggio con speciali viti autofilettanti, utilizzabile su profili a taglio termico.[\/lead][\/vc_column][\/vc_row][vc_row][vc_column width=\"1\/1\"][divider visibility=\"visible\"][\/vc_column][\/vc_row][vc_row background_image_parallax_end=\"0\"][vc_column width=\"1\/1\"][vc_single_image image=\"15180\" custom_image_size=\"0\" custom_image_size_crop=\"true\" link_type=\"no-link\" margin_top=\"0\" margin_bottom=\"0\"][\/vc_column][\/vc_row][vc_row][vc_column width=\"1\/1\"][divider visibility=\"visible\"][vc_column_text]\r\n<h3>Documentazione disponibile<\/h3>\r\n[\/vc_column_text][fpm-documentation slug=\"7b54c15d-5dbf-4bb7-8e9f-383cd9382e66\" language=\"it\" view=\"list\" class=\"\"][divider visibility=\"visible\"][\/vc_column][\/vc_row][vc_row][vc_column width=\"1\/1\"][rev_slider_vc alias=\"loira\" title=\"PROGETTI\"][\/vc_column][\/vc_row][vc_row][vc_column width=\"1\/1\"][divider md_height=\"60\" lg_height=\"60\"][\/vc_column][\/vc_row]","_it_post_name":"loira-plus","_it_post_excerpt":"","_it_post_title":"Loira+","_en_post_content":"[vc_row][vc_column width=\"1\/1\"][divider visibility=\"visible\"][\/vc_column][\/vc_row][vc_row][vc_column width=\"1\/1\"][lead align=\"justify\"]Bearing two or three leaf hinge in extruded aluminum, available in the oxidized and painted or unfinished versions, with micrometric and independent thee-dimensional adjusting that can be made with the door closed by a single operator. Certified according to the highest standard required by CE EN 1935:02 and anti-theft SKG ENV 1627. The range is completed by a fastening kit with special self-threading screws . It can be used on thermal break profiles.\r\n[\/lead][\/vc_column][\/vc_row][vc_row][vc_column width=\"1\/1\"][divider visibility=\"visible\"][\/vc_column][\/vc_row][vc_row background_image_parallax_end=\"0\"][vc_column width=\"1\/1\"][vc_single_image image=\"15180\" custom_image_size=\"0\" custom_image_size_crop=\"true\" link_type=\"no-link\" margin_top=\"0\" margin_bottom=\"0\"][\/vc_column][\/vc_row][vc_row][vc_column width=\"1\/1\"][divider visibility=\"visible\"][vc_column_text]\r\n<h3>Available documentation<\/h3>\r\n[\/vc_column_text][fpm-documentation slug=\"7b54c15d-5dbf-4bb7-8e9f-383cd9382e66\" language=\"en\" view=\"list\" class=\"\"][divider visibility=\"visible\"][\/vc_column][\/vc_row][vc_row][vc_column width=\"1\/1\"][rev_slider_vc alias=\"loira\" title=\"PROJECTS\"][\/vc_column][\/vc_row][vc_row][vc_column width=\"1\/1\"][divider md_height=\"60\" lg_height=\"60\"][\/vc_column][\/vc_row]","_en_post_name":"loira-plus","_en_post_excerpt":"","_en_post_title":"Loira+","_fr_post_content":"[vc_row][vc_column width=\"1\/1\"][divider visibility=\"visible\"][\/vc_column][\/vc_row][vc_row][vc_column width=\"1\/1\"][lead align=\"justify\"]Paumelle en applique d\u2019aluminium extrud\u00e9, disponible dans les finitions anodis\u00e9es et laqu\u00e9es ou en brut, en version \u00e0 deux ou trois lames, avec r\u00e9glages tridimensionnelles microm\u00e9triques et ind\u00e9pendants, \u00e0 ex\u00e9cuter \u00e0 porte ferm\u00e9e par une seule personne. Certifi\u00e9e selon le standard plus importants envisag\u00e9s par la norme CE EN 1935 :02 et antieffraction SKG ENV 1627. A compl\u00e9ter la gamme, on dispose d\u2019un kit de fixation avec vis sp\u00e9ciales taraudeuses, utilisables sut profils \u00e0 coupe thermique.[\/lead][\/vc_column][\/vc_row][vc_row][vc_column width=\"1\/1\"][divider visibility=\"visible\"][\/vc_column][\/vc_row][vc_row background_image_parallax_end=\"0\"][vc_column width=\"1\/1\"][vc_single_image image=\"15180\" custom_image_size=\"0\" custom_image_size_crop=\"true\" link_type=\"no-link\" margin_top=\"0\" margin_bottom=\"0\"][\/vc_column][\/vc_row][vc_row][vc_column width=\"1\/1\"][divider visibility=\"visible\"][vc_column_text]\r\n<h3>Documentation disponible<\/h3>\r\n[\/vc_column_text][fpm-documentation slug=\"7b54c15d-5dbf-4bb7-8e9f-383cd9382e66\" language=\"fr\" view=\"list\" class=\"\"][divider visibility=\"visible\"][\/vc_column][\/vc_row][vc_row][vc_column width=\"1\/1\"][rev_slider_vc alias=\"loira\" title=\"PROJECT\"][\/vc_column][\/vc_row][vc_row][vc_column width=\"1\/1\"][divider md_height=\"60\" lg_height=\"60\"][\/vc_column][\/vc_row]","_fr_post_name":"loira-plus","_fr_post_excerpt":"","_fr_post_title":"Loira+","_es_post_content":"[vc_row][vc_column width=\"1\/1\"][divider visibility=\"visible\"][\/vc_column][\/vc_row][vc_row][vc_column width=\"1\/1\"][lead align=\"justify\"]Bisagra de apoyo de aluminio de extrusi\u00f3n, disponibles en los acabados anodizados y lacados o en bruto, propuestas en versi\u00f3n de dos o tres aletas, con regulaciones tridimensionales microm\u00e9tricas, independientes, que se pueden ejecutar con puerta cerrada por un operador \u00fanico Certificada seg\u00fan los est\u00e1ndar m\u00e1s elevados de las normas CE EN 1935:02 y anti robo SKG ENV 1627. Completa la gama un kit de fijaci\u00f3n con tornillos especiales auto taladrantes, que se usa sobre perfiles de corte t\u00e9rmico.[\/lead][\/vc_column][\/vc_row][vc_row][vc_column width=\"1\/1\"][divider visibility=\"visible\"][\/vc_column][\/vc_row][vc_row background_image_parallax_end=\"0\"][vc_column width=\"1\/1\"][vc_single_image image=\"15180\" custom_image_size=\"0\" custom_image_size_crop=\"true\" link_type=\"no-link\" margin_top=\"0\" margin_bottom=\"0\"][\/vc_column][\/vc_row][vc_row][vc_column width=\"1\/1\"][divider visibility=\"visible\"][vc_column_text]\r\n<h3>Documentacion disponible<\/h3>\r\n[\/vc_column_text][fpm-documentation slug=\"7b54c15d-5dbf-4bb7-8e9f-383cd9382e66\" language=\"es\" view=\"list\" class=\"\"][divider visibility=\"visible\"][\/vc_column][\/vc_row][vc_row][vc_column width=\"1\/1\"][rev_slider_vc alias=\"loira\" title=\"PROYECTOS\"][\/vc_column][\/vc_row][vc_row][vc_column width=\"1\/1\"][divider md_height=\"60\" lg_height=\"60\"][\/vc_column][\/vc_row]","_es_post_name":"loira-plus","_es_post_excerpt":"","_es_post_title":"Loira+","_ru_post_content":"[vc_row][vc_column width=\"1\/1\"][divider visibility=\"visible\"][\/vc_column][\/vc_row][vc_row][vc_column width=\"1\/1\"][lead align=\"justify\"]\u041d\u0430\u043a\u043b\u0430\u0434\u043d\u0430\u044f \u043f\u0435\u0442\u043b\u044f \u0438\u0437 \u043f\u0440\u0435\u0441\u0441\u043e\u0432\u0430\u043d\u043d\u043e\u0433\u043e \u0430\u043b\u044e\u043c\u0438\u043d\u0438\u044f. \u041f\u043e\u0441\u0442\u0430\u0432\u043b\u044f\u0435\u0442\u0441\u044f \u0432 \u0430\u043d\u043e\u0434\u0438\u0440\u043e\u0432\u0430\u043d\u043d\u043e\u043c \u0438 \u043e\u043a\u0440\u0430\u0448\u0435\u043d\u043d\u043e\u043c \u0438\u043b\u0438 \u043d\u0435\u043e\u043a\u0440\u0430\u0448\u0435\u043d\u043d\u043e\u043c \u0438\u0441\u043f\u043e\u043b\u043d\u0435\u043d\u0438\u044f\u0445. \u0418\u043c\u0435\u044e\u0442\u0441\u044f \u0432\u0435\u0440\u0441\u0438\u0438 \u0434\u0432\u0443\u0445 \u0438 \u0442\u0440\u0451\u0445\u0441\u0435\u043a\u0446\u0438\u043e\u043d\u043d\u044b\u0435, \u0441 \u043c\u0438\u043a\u0440\u043e\u043c\u0435\u0442\u0440\u0438\u0447\u0435\u0441\u043a\u043e\u0439 \u0442\u0440\u0435\u0445\u043c\u0435\u0440\u043d\u043e\u0439 \u0440\u0435\u0433\u0443\u043b\u0438\u0440\u043e\u0432\u043a\u0430\u043c\u0438, \u043d\u0435\u0437\u0430\u0432\u0438\u0441\u0438\u043c\u044b\u043c\u0438 \u0434\u0440\u0443\u0433 \u043e\u0442 \u0434\u0440\u0443\u0433\u0430. \u041e\u0441\u0443\u0449\u0435\u0441\u0442\u0432\u043b\u044f\u0442\u044c \u0440\u0435\u0433\u0443\u043b\u0438\u0440\u043e\u0432\u043a\u0443 \u043c\u043e\u0436\u043d\u043e \u043f\u0440\u0438 \u0437\u0430\u043a\u0440\u044b\u0442\u043e\u0439 \u0434\u0432\u0435\u0440\u0438 \u043e\u0434\u043d\u0438\u043c \u043c\u043e\u043d\u0442\u0430\u0436\u043d\u0438\u043a\u043e\u043c. \u0421\u0435\u0440\u0442\u0438\u0444\u0438\u0446\u0438\u0440\u043e\u0432\u0430\u043d\u0430 \u0432 \u0441\u043e\u043e\u0442\u0432\u0435\u0442\u0441\u0442\u0432\u0438\u0438 \u0441 \u0436\u0435\u0441\u0442\u043a\u0438\u043c\u0438 \u0441\u0442\u0430\u043d\u0434\u0430\u0440\u0442\u0430\u043c\u0438 \u043d\u043e\u0440\u043c\u044b CE EN 1935:02 \u0438 \u043d\u043e\u0440\u043c\u044b, \u043a\u0430\u0441\u0430\u044e\u0449\u0435\u0439\u0441\u044f \u0441\u0438\u0441\u0442\u0435\u043c \u043f\u0440\u043e\u0442\u0438\u0432 \u0432\u0437\u043b\u043e\u043c\u0430 SKG ENV 1627.\u041a\u0440\u0435\u043f\u043b\u0435\u043d\u0438\u0435 \u043f\u0435\u0442\u0435\u043b\u044c \u043e\u0441\u0443\u0449\u0435\u0441\u0442\u0432\u043b\u044f\u0435\u0442\u0441\u044f \u043a\u0430\u043a \u043c\u0435\u0442\u0440\u0438\u0447\u0435\u0441\u043a\u0438\u043c\u0438 \u0432\u0438\u043d\u0442\u0430\u043c\u0438 \u0441 \u0437\u0430\u043a\u043b\u0430\u0434\u043d\u044b\u043c\u0438 \u0438 \u0434\u0438\u0441\u0442\u0430\u043d\u0446\u0438\u043e\u043d\u043d\u044b\u043c\u0438 \u0432\u0442\u0443\u043b\u043a\u0430\u043c\u0438, \u0442\u0430\u043a \u0441\u043f\u0435\u0446\u0438\u0430\u043b\u044c\u043d\u044b\u043c\u0438 \u0441\u0430\u043c\u043e\u043d\u0430\u0440\u0435\u0437\u0430\u044e\u0449\u0438\u043c\u0438 \u0432\u0438\u043d\u0442\u0430\u043c\u0438, \u043f\u0440\u0438\u043c\u0435\u043d\u044f\u0435\u043c\u044b\u043c\u0438 \u0442\u043e\u043b\u044c\u043a\u043e \u043d\u0430 \u043f\u0440\u043e\u0444\u0438\u043b\u044f\u0445 \u0441 \u0442\u0435\u0440\u043c\u043e\u043c\u043e\u0441\u0442\u043e\u043c.[\/lead][\/vc_column][\/vc_row][vc_row][vc_column width=\"1\/1\"][divider visibility=\"visible\"][\/vc_column][\/vc_row][vc_row background_image_parallax_end=\"0\"][vc_column width=\"1\/1\"][vc_single_image image=\"15180\" custom_image_size=\"0\" custom_image_size_crop=\"true\" link_type=\"no-link\" margin_top=\"0\" margin_bottom=\"0\"][\/vc_column][\/vc_row][vc_row][vc_column width=\"1\/1\"][divider visibility=\"visible\"][vc_column_text]\r\n<h3>\u0434\u043e\u0441\u0442\u0443\u043f\u043d\u0430\u044f \u0434\u043e\u043a\u0443\u043c\u0435\u043d\u0442\u0430\u0446\u0438\u044f<\/h3>\r\n[\/vc_column_text][fpm-documentation slug=\"7b54c15d-5dbf-4bb7-8e9f-383cd9382e66\" language=\"ru\" view=\"list\" class=\"\"][divider visibility=\"visible\"][\/vc_column][\/vc_row][vc_row][vc_column width=\"1\/1\"][rev_slider_vc alias=\"loira\" title=\"\u041f\u0420\u041e\u0415\u041a\u0422\u042b\"][\/vc_column][\/vc_row][vc_row][vc_column width=\"1\/1\"][divider md_height=\"60\" lg_height=\"60\"][\/vc_column][\/vc_row]","_ru_post_name":"loira","_ru_post_excerpt":"","_ru_post_title":"Loira+","_pl_post_content":"[vc_row][vc_column width=\"1\/1\"][divider visibility=\"visible\"][\/vc_column][\/vc_row][vc_row][vc_column width=\"1\/1\"][lead align=\"justify\"]Zawias drzwiowy z t\u0142oczonego aluminium dost\u0119pny w wyko\u0144czeniu anodowanym, lakierowanym i surowym w wersji dwu i trzyskrzyd\u0142owej, posiada mo\u017cliwo\u015b\u0107 niezale\u017cnej, tr\u00f3jwymiarowej regulacji mikrometrycznej mo\u017cliwej do przeprowadzenia przy zamkni\u0119tych drzwiach przez jedn\u0105 osob\u0119. Certyfikowany zgodnie z najwy\u017cszymi standardami przewidzianymi norm\u0105 CE EN 1935:02 oraz antyw\u0142amaniow\u0105 SKG ENV 1627. Gam\u0119 uzupe\u0142nia zestaw mocuj\u0105cy ze specjalnymi \u015brubami samogwintuj\u0105cymi, do zastosowania na profilach z przek\u0142adk\u0105 termiczn\u0105.[\/lead][\/vc_column][\/vc_row][vc_row][vc_column width=\"1\/1\"][divider visibility=\"visible\"][\/vc_column][\/vc_row][vc_row background_image_parallax_end=\"0\"][vc_column width=\"1\/1\"][vc_single_image image=\"15180\" custom_image_size=\"0\" custom_image_size_crop=\"true\" margin_top=\"0\" margin_bottom=\"0\"][\/vc_column][\/vc_row][vc_row][vc_column width=\"1\/1\"][divider visibility=\"visible\"][vc_column_text]\r\n<h3>DOST\u0118PNA DOKUMENTACJA<\/h3>\r\n[\/vc_column_text][fpm-documentation slug=\"7b54c15d-5dbf-4bb7-8e9f-383cd9382e66\" language=\"en\" view=\"list\" class=\"\"][divider visibility=\"visible\"][\/vc_column][\/vc_row][vc_row][vc_column width=\"1\/1\"][rev_slider_vc alias=\"loira\" title=\"PROGETTI\"][\/vc_column][\/vc_row][vc_row][vc_column width=\"1\/1\"][divider md_height=\"60\" lg_height=\"60\"][\/vc_column][\/vc_row]","_pl_post_name":"loira-plus","_pl_post_excerpt":"","_pl_post_title":"Loira+","edit_language":"pl","footnotes":""},"class_list":["post-13506","page","type-page","status-publish","has-post-thumbnail","hentry"],"_links":{"self":[{"href":"https:\/\/www.fapim.it\/pl\/wp-json\/wp\/v2\/pages\/13506","targetHints":{"allow":["GET"]}}],"collection":[{"href":"https:\/\/www.fapim.it\/pl\/wp-json\/wp\/v2\/pages"}],"about":[{"href":"https:\/\/www.fapim.it\/pl\/wp-json\/wp\/v2\/types\/page"}],"author":[{"embeddable":true,"href":"https:\/\/www.fapim.it\/pl\/wp-json\/wp\/v2\/users\/1"}],"replies":[{"embeddable":true,"href":"https:\/\/www.fapim.it\/pl\/wp-json\/wp\/v2\/comments?post=13506"}],"version-history":[{"count":5,"href":"https:\/\/www.fapim.it\/pl\/wp-json\/wp\/v2\/pages\/13506\/revisions"}],"predecessor-version":[{"id":26733,"href":"https:\/\/www.fapim.it\/pl\/wp-json\/wp\/v2\/pages\/13506\/revisions\/26733"}],"wp:featuredmedia":[{"embeddable":true,"href":"https:\/\/www.fapim.it\/pl\/wp-json\/wp\/v2\/media\/15056"}],"wp:attachment":[{"href":"https:\/\/www.fapim.it\/pl\/wp-json\/wp\/v2\/media?parent=13506"}],"curies":[{"name":"wp","href":"https:\/\/api.w.org\/{rel}","templated":true}]}}