   {"id":13516,"date":"2019-02-06T10:46:25","date_gmt":"2019-02-06T09:46:25","guid":{"rendered":"http:\/\/testsito.fapim.it\/site\/noi-facciamo\/prodotti-e-progetti\/prodotti\/domatic\/igloo-compact-plus\/"},"modified":"2025-06-16T10:26:23","modified_gmt":"2025-06-16T08:26:23","slug":"compact-plus","status":"publish","type":"page","link":"https:\/\/www.fapim.it\/pl\/compact-plus\/","title":{"rendered":"Compact Plus","raw":"Compact Plus"},"content":{"rendered":"<section class=\"section  text-normal section-text-no-shadow section-inner-no-shadow section-normal section-opaque\"  >\r\n    \r\n    <div class=\"background-overlay grid-overlay-0 \" style=\"background-color: rgba(0,0,0,0);\"><\/div>\r\n\r\n    <div class=\"container container-vertical-default\">\r\n        <div class=\"row vertical-default\">\r\n            <div class=\"col-md-12     text-default small-screen-default\"  ><div class=\"divider-wrapper \" style=\"visibility:visible;background-color:#FFFFFF\">\r\n    <div class=\"visible-xs\" style=\"height:24px;\"><\/div>\r\n    <div class=\"visible-sm\" style=\"height:24px;\"><\/div>\r\n    <div class=\"visible-md\" style=\"height:24px;\"><\/div>\r\n    <div class=\"visible-lg\" style=\"height:24px;\"><\/div>\r\n<\/div><\/div>        <\/div>\r\n    <\/div>\r\n<\/section>\r\n<section class=\"section  text-normal section-text-no-shadow section-inner-no-shadow section-normal section-opaque\"  >\r\n    \r\n    <div class=\"background-overlay grid-overlay-0 \" style=\"background-color: rgba(0,0,0,0);\"><\/div>\r\n\r\n    <div class=\"container container-vertical-default\">\r\n        <div class=\"row vertical-default\">\r\n            <div class=\"col-md-12     text-default small-screen-default\"  ><p class=\"lead text-justify justify  text-normal element-top-20 element-bottom-20\" data-os-animation=\"none\" data-os-animation-delay=\"0s\">System hermetycznego zamykania drzwi wyposa\u017cony w uszczelk\u0119 z tworzywa coplene przechodz\u0105c\u0105 pr\u00f3b\u0119 trwa\u0142o\u015bci obejmuj\u0105c\u0105 200 000 cykli, posiada atest w zakresie izolacji akustycznej.<br \/>\nDost\u0119pny jest z zamontowanymi fabrycznie \u015brubami samogwintuj\u0105cymi lub samowierc\u0105cymi, charakteryzuje si\u0119 rozwi\u0105zaniami technicznymi, kt\u00f3re pozwalaj\u0105 na maksymaln\u0105 trwa\u0142o\u015b\u0107 i niezawodno\u015b\u0107 funkcjonaln\u0105 nawet w ekstremalnych warunkach \u015brodowiskowych.<\/p><\/div>        <\/div>\r\n    <\/div>\r\n<\/section>\r\n<section class=\"section  text-normal section-text-no-shadow section-inner-no-shadow section-normal section-opaque\"  >\r\n    \r\n    <div class=\"background-overlay grid-overlay-0 \" style=\"background-color: rgba(0,0,0,0);\"><\/div>\r\n\r\n    <div class=\"container container-vertical-default\">\r\n        <div class=\"row vertical-default\">\r\n            <div class=\"col-md-12     text-default small-screen-default\"  ><div class=\"divider-wrapper \" style=\"visibility:visible;background-color:#FFFFFF\">\r\n    <div class=\"visible-xs\" style=\"height:24px;\"><\/div>\r\n    <div class=\"visible-sm\" style=\"height:24px;\"><\/div>\r\n    <div class=\"visible-md\" style=\"height:24px;\"><\/div>\r\n    <div class=\"visible-lg\" style=\"height:24px;\"><\/div>\r\n<\/div><\/div>        <\/div>\r\n    <\/div>\r\n<\/section>\r\n<section class=\"section  text-normal section-text-no-shadow section-inner-no-shadow section-normal section-opaque\"  >\r\n    \r\n    <div class=\"background-overlay grid-overlay-0 \" style=\"background-color: rgba(0,0,0,0);\"><\/div>\r\n\r\n    <div class=\"container container-vertical-default\">\r\n        <div class=\"row vertical-default\">\r\n            <div class=\"col-md-12     text-default small-screen-default\"  ><div class=\"figure element-top-0 element-bottom-0  \" data-os-animation=\"none\" data-os-animation-delay=\"0s\">\r\n            <a href=\"https:\/\/www.fapim.it\/wp-content\/uploads\/2019\/03\/f_igloocompacplust1-2.jpg\" class=\"figure-image magnific\" target=\"_self\">\r\n        <img loading=\"lazy\" decoding=\"async\" width=\"1240\" height=\"551\" src=\"https:\/\/www.fapim.it\/wp-content\/uploads\/2019\/03\/f_igloocompacplust1-2.jpg\" class=\"attachment-full size-full\" alt=\"\" srcset=\"https:\/\/www.fapim.it\/wp-content\/uploads\/2019\/03\/f_igloocompacplust1-2.jpg 1240w, https:\/\/www.fapim.it\/wp-content\/uploads\/2019\/03\/f_igloocompacplust1-2-300x133.jpg 300w, https:\/\/www.fapim.it\/wp-content\/uploads\/2019\/03\/f_igloocompacplust1-2-768x341.jpg 768w, https:\/\/www.fapim.it\/wp-content\/uploads\/2019\/03\/f_igloocompacplust1-2-1024x455.jpg 1024w\" sizes=\"auto, (max-width: 1240px) 100vw, 1240px\" \/>            <\/a>\r\n    <\/div>\r\n<\/div>        <\/div>\r\n    <\/div>\r\n<\/section>\r\n<section class=\"section  text-normal section-text-no-shadow section-inner-no-shadow section-normal section-opaque\"  >\r\n    \r\n    <div class=\"background-overlay grid-overlay-0 \" style=\"background-color: rgba(0,0,0,0);\"><\/div>\r\n\r\n    <div class=\"container container-vertical-default\">\r\n        <div class=\"row vertical-default\">\r\n            <div class=\"col-md-12     text-default small-screen-default\"  ><div class=\"divider-wrapper \" style=\"visibility:hidden;background-color:#FFFFFF\">\r\n    <div class=\"visible-xs\" style=\"height:24px;\"><\/div>\r\n    <div class=\"visible-sm\" style=\"height:24px;\"><\/div>\r\n    <div class=\"visible-md\" style=\"height:60px;\"><\/div>\r\n    <div class=\"visible-lg\" style=\"height:60px;\"><\/div>\r\n<\/div><div class=\"col-text-1 text-normal  element-top-20 element-bottom-20\" data-os-animation=\"none\" data-os-animation-delay=\"0s\">\r\n    <h3>DOST\u0118PNA DOKUMENTACJA<\/h3>\n<\/div>\r\n<documentation slug=\"ca336641-9817-48a6-83ac-01728893d170\" language=\"it\" view=\"list\" class=\"\"><\/documentation><div class=\"divider-wrapper \" style=\"visibility:hidden;background-color:#FFFFFF\">\r\n    <div class=\"visible-xs\" style=\"height:24px;\"><\/div>\r\n    <div class=\"visible-sm\" style=\"height:24px;\"><\/div>\r\n    <div class=\"visible-md\" style=\"height:60px;\"><\/div>\r\n    <div class=\"visible-lg\" style=\"height:60px;\"><\/div>\r\n<\/div><\/div>        <\/div>\r\n    <\/div>\r\n<\/section>\n","protected":false,"raw":"[vc_row][vc_column width=\"1\/1\"][divider visibility=\"visible\"][\/vc_column][\/vc_row][vc_row][vc_column width=\"1\/1\"][lead align=\"justify\"]System hermetycznego zamykania drzwi wyposa\u017cony w uszczelk\u0119 z tworzywa coplene przechodz\u0105c\u0105 pr\u00f3b\u0119 trwa\u0142o\u015bci obejmuj\u0105c\u0105 200 000 cykli, posiada atest w zakresie izolacji akustycznej.\r\nDost\u0119pny jest z zamontowanymi fabrycznie \u015brubami samogwintuj\u0105cymi lub samowierc\u0105cymi, charakteryzuje si\u0119 rozwi\u0105zaniami technicznymi, kt\u00f3re pozwalaj\u0105 na maksymaln\u0105 trwa\u0142o\u015b\u0107 i niezawodno\u015b\u0107 funkcjonaln\u0105 nawet w ekstremalnych warunkach \u015brodowiskowych.[\/lead][\/vc_column][\/vc_row][vc_row][vc_column width=\"1\/1\"][divider visibility=\"visible\"][\/vc_column][\/vc_row][vc_row background_image_parallax_end=\"0\"][vc_column width=\"1\/1\"][vc_single_image image=\"15246\" custom_image_size=\"0\" custom_image_size_crop=\"true\" margin_top=\"0\" margin_bottom=\"0\"][\/vc_column][\/vc_row][vc_row][vc_column width=\"1\/1\"][divider md_height=\"60\" lg_height=\"60\"][vc_column_text]\r\n<h3>DOST\u0118PNA DOKUMENTACJA<\/h3>\r\n[\/vc_column_text][fpm-documentation slug=\"ca336641-9817-48a6-83ac-01728893d170\" language=\"it\" view=\"list\" class=\"\"][divider md_height=\"60\" lg_height=\"60\"][\/vc_column][\/vc_row]"},"excerpt":{"rendered":"Sistema di chiusura ermetica per porte, con guarnizione in coplene, sottoposta a prova di durabilit\u00e0 fino a 200.000 cicli ed attestata per l\u2019isolamento acustico. Disponibile con viti premontate, autofillettanti od autoforanti e caratterizzata da soluzioni tecniche che ne consentono la massima qualit\u00e0 ed affidabilit\u00e0 funzionale, anche in condizioni ambientali estreme. Documentazione disponibile","protected":false,"raw":""},"author":1,"featured_media":15245,"parent":0,"menu_order":49,"comment_status":"closed","ping_status":"closed","template":"","meta":{"_it_post_content":"[vc_row][vc_column width=\"1\/1\"][divider visibility=\"visible\"][\/vc_column][\/vc_row][vc_row][vc_column width=\"1\/1\"][lead align=\"justify\"]Sistema di chiusura ermetica per porte, con guarnizione in coplene, sottoposta a prova di durabilit\u00e0 fino a 200.000 cicli ed attestata per l\u2019isolamento acustico.\r\nDisponibile con viti premontate, autofillettanti od autoforanti e caratterizzata da soluzioni tecniche che ne consentono la massima qualit\u00e0 ed affidabilit\u00e0 funzionale, anche in condizioni ambientali estreme.[\/lead][\/vc_column][\/vc_row][vc_row][vc_column width=\"1\/1\"][divider visibility=\"visible\"][\/vc_column][\/vc_row][vc_row background_image_parallax_end=\"0\"][vc_column width=\"1\/1\"][vc_single_image image=\"15246\" custom_image_size=\"0\" custom_image_size_crop=\"true\" link_type=\"no-link\" margin_top=\"0\" margin_bottom=\"0\"][\/vc_column][\/vc_row][vc_row][vc_column width=\"1\/1\"][divider md_height=\"60\" lg_height=\"60\"][vc_column_text]\r\n<h3>Documentazione disponibile<\/h3>\r\n[\/vc_column_text][fpm-documentation slug=\"ca336641-9817-48a6-83ac-01728893d170\" language=\"en\" view=\"list\" class=\"\"][divider md_height=\"60\" lg_height=\"60\"][\/vc_column][\/vc_row]","_it_post_name":"compact-plus","_it_post_excerpt":"","_it_post_title":"Compact Plus","_en_post_content":"[vc_row][vc_column width=\"1\/1\"][divider visibility=\"visible\"][\/vc_column][\/vc_row][vc_row][vc_column width=\"1\/1\"][lead align=\"justify\"]Door sealing system with gasket in coplene, tested for durability up to 200.000 cycles, fire and smoke resistant, certified for sound insulation. It is available with pre-assembled self-threading and self-drilling screws and characterized by technical solutions that ensure the highest quality and reliability, even in extreme environmental conditions.\r\n[\/lead][\/vc_column][\/vc_row][vc_row][vc_column width=\"1\/1\"][divider visibility=\"visible\"][\/vc_column][\/vc_row][vc_row background_image_parallax_end=\"0\"][vc_column width=\"1\/1\"][vc_single_image image=\"15246\" custom_image_size=\"0\" custom_image_size_crop=\"true\" link_type=\"no-link\" margin_top=\"0\" margin_bottom=\"0\"][\/vc_column][\/vc_row][vc_row][vc_column width=\"1\/1\"][divider md_height=\"60\" lg_height=\"60\"][vc_column_text]\r\n<h3>Available documentation<\/h3>\r\n[\/vc_column_text][fpm-documentation slug=\"ca336641-9817-48a6-83ac-01728893d170\" language=\"en\" view=\"list\" class=\"\"][divider md_height=\"60\" lg_height=\"60\"][\/vc_column][\/vc_row]","_en_post_name":"compact-plus","_en_post_excerpt":"","_en_post_title":"Compact Plus","_fr_post_content":"[vc_row][vc_column width=\"1\/1\"][divider visibility=\"visible\"][\/vc_column][\/vc_row][vc_row][vc_column width=\"1\/1\"][lead align=\"justify\"]Syst\u00e8me de fermeture herm\u00e9tique de porte, avec joint en coplene, soumis \u00e0 test de durabilit\u00e9 jusqu\u2019\u00e0 2000.000 cycles et attest\u00e9 pour l\u2019isolation acoustique, Disponible avec vis pr\u00e9-mont\u00e9es, taraudeuses ou auto-perceuses, et caract\u00e9ris\u00e9 par des solutions techniques qui en permettent la plus grande qualit\u00e9 et fiabilit\u00e9 fonctionnelle, aussi en conditions extr\u00eames.[\/lead][\/vc_column][\/vc_row][vc_row][vc_column width=\"1\/1\"][divider visibility=\"visible\"][\/vc_column][\/vc_row][vc_row background_image_parallax_end=\"0\"][vc_column width=\"1\/1\"][vc_single_image image=\"15246\" custom_image_size=\"0\" custom_image_size_crop=\"true\" link_type=\"no-link\" margin_top=\"0\" margin_bottom=\"0\"][\/vc_column][\/vc_row][vc_row][vc_column width=\"1\/1\"][divider md_height=\"60\" lg_height=\"60\"][vc_column_text]\r\n<h3>Documentation disponible<\/h3>\r\n[\/vc_column_text][fpm-documentation slug=\"ca336641-9817-48a6-83ac-01728893d170\" language=\"fr\" view=\"list\" class=\"\"][divider md_height=\"60\" lg_height=\"60\"][\/vc_column][\/vc_row]","_fr_post_name":"compact-plus","_fr_post_excerpt":"","_fr_post_title":"Compact Plus","_es_post_content":"[vc_row][vc_column width=\"1\/1\"][divider visibility=\"visible\"][\/vc_column][\/vc_row][vc_row][vc_column width=\"1\/1\"][lead align=\"justify\"]Sistema de burletes para puertas con junta fabricada con una mezcla de PVC denominada \u201c coplene\u201d, sometida a prueba de durabilidad de hasta 200.000 ciclos. Disponible con tornillos pre-montados, auto perforante o auto ladrantes i y caracterizado por soluciones t\u00e9cnicas que permiten la m\u00e1s alta calidad y seguridad de funcionamiento, incluso en condiciones ambientales extremas.[\/lead][\/vc_column][\/vc_row][vc_row][vc_column width=\"1\/1\"][divider visibility=\"visible\"][\/vc_column][\/vc_row][vc_row background_image_parallax_end=\"0\"][vc_column width=\"1\/1\"][vc_single_image image=\"15246\" custom_image_size=\"0\" custom_image_size_crop=\"true\" link_type=\"no-link\" margin_top=\"0\" margin_bottom=\"0\"][\/vc_column][\/vc_row][vc_row][vc_column width=\"1\/1\"][divider md_height=\"60\" lg_height=\"60\"][vc_column_text]\r\n<h3>Documentacion disponible<\/h3>\r\n[\/vc_column_text][fpm-documentation slug=\"ca336641-9817-48a6-83ac-01728893d170\" language=\"es\" view=\"list\" class=\"\"][divider md_height=\"60\" lg_height=\"60\"][\/vc_column][\/vc_row]","_es_post_name":"compact-plus","_es_post_excerpt":"","_es_post_title":"Compact Plus","_ru_post_content":"[vc_row][vc_column width=\"1\/1\"][divider visibility=\"visible\"][\/vc_column][\/vc_row][vc_row][vc_column width=\"1\/1\"][lead align=\"justify\"]\u0421\u0438\u0441\u0442\u0435\u043c\u0430 \u0433\u0435\u0440\u043c\u0435\u0442\u0438\u0447\u043d\u043e\u0433\u043e \u0437\u0430\u043a\u0440\u044b\u0442\u0438\u044f \u0434\u0432\u0435\u0440\u0435\u0439 \u0441 \u0443\u043f\u043b\u043e\u0442\u043d\u0435\u043d\u0438\u044f\u043c\u0438, \u0432\u044b\u043f\u043e\u043b\u043d\u0435\u043d\u043d\u044b\u043c\u0438 \u0438\u0437 \u043c\u0430\u0442\u0435\u0440\u0438\u0430\u043b\u0430 coplene, \u0438\u043c\u0435\u044e\u0449\u0430\u044f \u0438\u0437\u043d\u043e\u0441\u043e\u0441\u0442\u043e\u0439\u043a\u043e\u0441\u0442\u044c, \u0440\u0430\u0432\u043d\u0443\u044e 200.000 \u0446\u0438\u043a\u043b\u0430\u043c, \u0441\u0435\u0440\u0442\u0438\u0444\u0438\u0446\u0438\u0440\u043e\u0432\u0430\u043d\u043d\u0430\u044f \u0442\u0430\u043a\u0436\u0435 \u0432 \u043a\u0430\u0447\u0435\u0441\u0442\u0432\u0435 \u0437\u0432\u0443\u043a\u043e\u0438\u0437\u043e\u043b\u044f\u0446\u0438\u043e\u043d\u043d\u043e\u0439. \u041f\u043e\u0441\u0442\u0430\u0432\u043b\u044f\u0435\u0442\u0441\u044f \u0441 \u0443\u0436\u0435 \u0443\u0441\u0442\u0430\u043d\u043e\u0432\u043b\u0435\u043d\u043d\u044b\u043c\u0438 \u0441\u0430\u043c\u043e\u0440\u0435\u0436\u0443\u0449\u0438\u043c\u0438 \u0432\u0438\u043d\u0442\u0430\u043c\u0438. \u041f\u0440\u0438\u043c\u0435\u043d\u044f\u0435\u043c\u044b\u0435 \u0442\u0435\u0445\u043d\u0438\u0447\u0435\u0441\u043a\u0438\u0435 \u0440\u0435\u0448\u0435\u043d\u0438\u044f \u043e\u0431\u0435\u0441\u043f\u0435\u0447\u0438\u0432\u0430\u044e\u0442 \u043d\u0430\u0434\u0435\u0436\u043d\u043e\u0441\u0442\u044c \u0438 \u0444\u0443\u043d\u043a\u0446\u0438\u043e\u043d\u0430\u043b\u044c\u043d\u043e\u0441\u0442\u044c \u0434\u0430\u0436\u0435 \u0432 \u044d\u043a\u0441\u0442\u0440\u0435\u043c\u0430\u043b\u044c\u043d\u044b\u0445 \u0443\u0441\u043b\u043e\u0432\u0438\u044f\u0445 \u043f\u0440\u0438\u043c\u0435\u043d\u0435\u043d\u0438\u044f.[\/lead][\/vc_column][\/vc_row][vc_row][vc_column width=\"1\/1\"][divider visibility=\"visible\"][\/vc_column][\/vc_row][vc_row background_image_parallax_end=\"0\"][vc_column width=\"1\/1\"][vc_single_image image=\"15246\" custom_image_size=\"0\" custom_image_size_crop=\"true\" link_type=\"no-link\" margin_top=\"0\" margin_bottom=\"0\"][\/vc_column][\/vc_row][vc_row][vc_column width=\"1\/1\"][divider md_height=\"60\" lg_height=\"60\"][vc_column_text]\r\n<h3>\u0434\u043e\u0441\u0442\u0443\u043f\u043d\u0430\u044f \u0434\u043e\u043a\u0443\u043c\u0435\u043d\u0442\u0430\u0446\u0438\u044f<\/h3>\r\n[\/vc_column_text][fpm-documentation slug=\"ca336641-9817-48a6-83ac-01728893d170\" language=\"ru\" view=\"list\" class=\"\"][divider md_height=\"60\" lg_height=\"60\"][\/vc_column][\/vc_row]","_ru_post_name":"compact-plus","_ru_post_excerpt":"","_ru_post_title":"Compact plus","_pl_post_content":"[vc_row][vc_column width=\"1\/1\"][divider visibility=\"visible\"][\/vc_column][\/vc_row][vc_row][vc_column width=\"1\/1\"][lead align=\"justify\"]System hermetycznego zamykania drzwi wyposa\u017cony w uszczelk\u0119 z tworzywa coplene przechodz\u0105c\u0105 pr\u00f3b\u0119 trwa\u0142o\u015bci obejmuj\u0105c\u0105 200 000 cykli, posiada atest w zakresie izolacji akustycznej.\r\nDost\u0119pny jest z zamontowanymi fabrycznie \u015brubami samogwintuj\u0105cymi lub samowierc\u0105cymi, charakteryzuje si\u0119 rozwi\u0105zaniami technicznymi, kt\u00f3re pozwalaj\u0105 na maksymaln\u0105 trwa\u0142o\u015b\u0107 i niezawodno\u015b\u0107 funkcjonaln\u0105 nawet w ekstremalnych warunkach \u015brodowiskowych.[\/lead][\/vc_column][\/vc_row][vc_row][vc_column width=\"1\/1\"][divider visibility=\"visible\"][\/vc_column][\/vc_row][vc_row background_image_parallax_end=\"0\"][vc_column width=\"1\/1\"][vc_single_image image=\"15246\" custom_image_size=\"0\" custom_image_size_crop=\"true\" margin_top=\"0\" margin_bottom=\"0\"][\/vc_column][\/vc_row][vc_row][vc_column width=\"1\/1\"][divider md_height=\"60\" lg_height=\"60\"][vc_column_text]\r\n<h3>DOST\u0118PNA DOKUMENTACJA<\/h3>\r\n[\/vc_column_text][fpm-documentation slug=\"ca336641-9817-48a6-83ac-01728893d170\" language=\"it\" view=\"list\" class=\"\"][divider md_height=\"60\" lg_height=\"60\"][\/vc_column][\/vc_row]","_pl_post_name":"compact-plus","_pl_post_excerpt":"","_pl_post_title":"Compact Plus","edit_language":"pl","footnotes":""},"class_list":["post-13516","page","type-page","status-publish","has-post-thumbnail","hentry"],"_links":{"self":[{"href":"https:\/\/www.fapim.it\/pl\/wp-json\/wp\/v2\/pages\/13516","targetHints":{"allow":["GET"]}}],"collection":[{"href":"https:\/\/www.fapim.it\/pl\/wp-json\/wp\/v2\/pages"}],"about":[{"href":"https:\/\/www.fapim.it\/pl\/wp-json\/wp\/v2\/types\/page"}],"author":[{"embeddable":true,"href":"https:\/\/www.fapim.it\/pl\/wp-json\/wp\/v2\/users\/1"}],"replies":[{"embeddable":true,"href":"https:\/\/www.fapim.it\/pl\/wp-json\/wp\/v2\/comments?post=13516"}],"version-history":[{"count":5,"href":"https:\/\/www.fapim.it\/pl\/wp-json\/wp\/v2\/pages\/13516\/revisions"}],"predecessor-version":[{"id":26462,"href":"https:\/\/www.fapim.it\/pl\/wp-json\/wp\/v2\/pages\/13516\/revisions\/26462"}],"wp:featuredmedia":[{"embeddable":true,"href":"https:\/\/www.fapim.it\/pl\/wp-json\/wp\/v2\/media\/15245"}],"wp:attachment":[{"href":"https:\/\/www.fapim.it\/pl\/wp-json\/wp\/v2\/media?parent=13516"}],"curies":[{"name":"wp","href":"https:\/\/api.w.org\/{rel}","templated":true}]}}