   {"id":13517,"date":"2019-02-06T10:46:25","date_gmt":"2019-02-06T09:46:25","guid":{"rendered":"http:\/\/testsito.fapim.it\/site\/noi-facciamo\/prodotti-e-progetti\/prodotti\/domatic\/igloo-compact-fire\/"},"modified":"2025-06-16T10:26:07","modified_gmt":"2025-06-16T08:26:07","slug":"compact-fire","status":"publish","type":"page","link":"https:\/\/www.fapim.it\/pl\/compact-fire\/","title":{"rendered":"Compact Fire","raw":"Compact Fire"},"content":{"rendered":"<section class=\"section  text-normal section-text-no-shadow section-inner-no-shadow section-normal section-opaque\"  >\r\n    \r\n    <div class=\"background-overlay grid-overlay-0 \" style=\"background-color: rgba(0,0,0,0);\"><\/div>\r\n\r\n    <div class=\"container container-vertical-default\">\r\n        <div class=\"row vertical-default\">\r\n            <div class=\"col-md-12     text-default small-screen-default\"  ><div class=\"divider-wrapper \" style=\"visibility:visible;background-color:#FFFFFF\">\r\n    <div class=\"visible-xs\" style=\"height:24px;\"><\/div>\r\n    <div class=\"visible-sm\" style=\"height:24px;\"><\/div>\r\n    <div class=\"visible-md\" style=\"height:24px;\"><\/div>\r\n    <div class=\"visible-lg\" style=\"height:24px;\"><\/div>\r\n<\/div><\/div>        <\/div>\r\n    <\/div>\r\n<\/section>\r\n<section class=\"section  text-normal section-text-no-shadow section-inner-no-shadow section-normal section-opaque\"  >\r\n    \r\n    <div class=\"background-overlay grid-overlay-0 \" style=\"background-color: rgba(0,0,0,0);\"><\/div>\r\n\r\n    <div class=\"container container-vertical-default\">\r\n        <div class=\"row vertical-default\">\r\n            <div class=\"col-md-12     text-default small-screen-default\"  ><p class=\"lead text-justify justify  text-normal element-top-20 element-bottom-20\" data-os-animation=\"none\" data-os-animation-delay=\"0s\">System hermetycznego zamkni\u0119cia drzwi z uszczelk\u0105 z samogasn\u0105cego PVC, posiada atest odporno\u015bci na p\u0142omienie EI 60 zgodnie z normami UNI EN 1634-1 i UNI EN 1363-1. Dost\u0119pny w komplecie ze \u015brubami samogwintuj\u0105cymi lub samowierc\u0105cymi w licznych wersjach, kt\u00f3re mo\u017cna dopasowa\u0107 do wszystkich materia\u0142\u00f3w i sytuacji, dzi\u0119ki \u0142atwo\u015bci mocowania i monta\u017cu nadaje si\u0119 r\u00f3wnie\u017c w przypadku niewielkiej przestrzeni, charakteryzuje si\u0119 rozwi\u0105zaniami technicznymi, kt\u00f3re pozwalaj\u0105 na zachowanie najwy\u017cszej jako\u015bci i niezawodno\u015bci nawet w ekstremalnych warunkach \u015brodowiskowych.<\/p><\/div>        <\/div>\r\n    <\/div>\r\n<\/section>\r\n<section class=\"section  text-normal section-text-no-shadow section-inner-no-shadow section-normal section-opaque\"  >\r\n    \r\n    <div class=\"background-overlay grid-overlay-0 \" style=\"background-color: rgba(0,0,0,0);\"><\/div>\r\n\r\n    <div class=\"container container-vertical-default\">\r\n        <div class=\"row vertical-default\">\r\n            <div class=\"col-md-12     text-default small-screen-default\"  ><div class=\"divider-wrapper \" style=\"visibility:visible;background-color:#FFFFFF\">\r\n    <div class=\"visible-xs\" style=\"height:24px;\"><\/div>\r\n    <div class=\"visible-sm\" style=\"height:24px;\"><\/div>\r\n    <div class=\"visible-md\" style=\"height:24px;\"><\/div>\r\n    <div class=\"visible-lg\" style=\"height:24px;\"><\/div>\r\n<\/div><\/div>        <\/div>\r\n    <\/div>\r\n<\/section>\r\n<section class=\"section  text-normal section-text-no-shadow section-inner-no-shadow section-normal section-opaque\"  >\r\n    \r\n    <div class=\"background-overlay grid-overlay-0 \" style=\"background-color: rgba(0,0,0,0);\"><\/div>\r\n\r\n    <div class=\"container container-vertical-default\">\r\n        <div class=\"row vertical-default\">\r\n            <div class=\"col-md-12     text-default small-screen-default\"  ><div class=\"figure element-top-0 element-bottom-0  \" data-os-animation=\"none\" data-os-animation-delay=\"0s\">\r\n            <a href=\"https:\/\/www.fapim.it\/wp-content\/uploads\/2019\/03\/f_igloocompacfire1.jpg\" class=\"figure-image magnific\" target=\"_self\">\r\n        <img loading=\"lazy\" decoding=\"async\" width=\"1240\" height=\"551\" src=\"https:\/\/www.fapim.it\/wp-content\/uploads\/2019\/03\/f_igloocompacfire1.jpg\" class=\"attachment-full size-full\" alt=\"\" srcset=\"https:\/\/www.fapim.it\/wp-content\/uploads\/2019\/03\/f_igloocompacfire1.jpg 1240w, https:\/\/www.fapim.it\/wp-content\/uploads\/2019\/03\/f_igloocompacfire1-300x133.jpg 300w, https:\/\/www.fapim.it\/wp-content\/uploads\/2019\/03\/f_igloocompacfire1-768x341.jpg 768w, https:\/\/www.fapim.it\/wp-content\/uploads\/2019\/03\/f_igloocompacfire1-1024x455.jpg 1024w\" sizes=\"auto, (max-width: 1240px) 100vw, 1240px\" \/>            <\/a>\r\n    <\/div>\r\n<\/div>        <\/div>\r\n    <\/div>\r\n<\/section>\r\n<section class=\"section  text-normal section-text-no-shadow section-inner-no-shadow section-normal section-opaque\"  >\r\n    \r\n    <div class=\"background-overlay grid-overlay-0 \" style=\"background-color: rgba(0,0,0,0);\"><\/div>\r\n\r\n    <div class=\"container container-vertical-default\">\r\n        <div class=\"row vertical-default\">\r\n            <div class=\"col-md-12     text-default small-screen-default\"  ><div class=\"divider-wrapper \" style=\"visibility:hidden;background-color:#FFFFFF\">\r\n    <div class=\"visible-xs\" style=\"height:24px;\"><\/div>\r\n    <div class=\"visible-sm\" style=\"height:24px;\"><\/div>\r\n    <div class=\"visible-md\" style=\"height:60px;\"><\/div>\r\n    <div class=\"visible-lg\" style=\"height:60px;\"><\/div>\r\n<\/div><div class=\"col-text-1 text-normal  element-top-20 element-bottom-20\" data-os-animation=\"none\" data-os-animation-delay=\"0s\">\r\n    <h3>DOST\u0118PNA DOKUMENTACJA<\/h3>\n<\/div>\r\n<documentation slug=\"16f0087c-c655-4370-8724-1ab29ec6ee7a\" language=\"en\" view=\"list\" class=\"\"><\/documentation><div class=\"divider-wrapper \" style=\"visibility:hidden;background-color:#FFFFFF\">\r\n    <div class=\"visible-xs\" style=\"height:24px;\"><\/div>\r\n    <div class=\"visible-sm\" style=\"height:24px;\"><\/div>\r\n    <div class=\"visible-md\" style=\"height:60px;\"><\/div>\r\n    <div class=\"visible-lg\" style=\"height:60px;\"><\/div>\r\n<\/div><\/div>        <\/div>\r\n    <\/div>\r\n<\/section>\n","protected":false,"raw":"[vc_row][vc_column width=\"1\/1\"][divider visibility=\"visible\"][\/vc_column][\/vc_row][vc_row][vc_column width=\"1\/1\"][lead align=\"justify\"]System hermetycznego zamkni\u0119cia drzwi z uszczelk\u0105 z samogasn\u0105cego PVC, posiada atest odporno\u015bci na p\u0142omienie EI 60 zgodnie z normami UNI EN 1634-1 i UNI EN 1363-1. Dost\u0119pny w komplecie ze \u015brubami samogwintuj\u0105cymi lub samowierc\u0105cymi w licznych wersjach, kt\u00f3re mo\u017cna dopasowa\u0107 do wszystkich materia\u0142\u00f3w i sytuacji, dzi\u0119ki \u0142atwo\u015bci mocowania i monta\u017cu nadaje si\u0119 r\u00f3wnie\u017c w przypadku niewielkiej przestrzeni, charakteryzuje si\u0119 rozwi\u0105zaniami technicznymi, kt\u00f3re pozwalaj\u0105 na zachowanie najwy\u017cszej jako\u015bci i niezawodno\u015bci nawet w ekstremalnych warunkach \u015brodowiskowych.[\/lead][\/vc_column][\/vc_row][vc_row][vc_column width=\"1\/1\"][divider visibility=\"visible\"][\/vc_column][\/vc_row][vc_row background_image_parallax_end=\"0\"][vc_column width=\"1\/1\"][vc_single_image image=\"15568\" custom_image_size=\"0\" custom_image_size_crop=\"true\" margin_top=\"0\" margin_bottom=\"0\"][\/vc_column][\/vc_row][vc_row][vc_column width=\"1\/1\"][divider md_height=\"60\" lg_height=\"60\"][vc_column_text]\r\n<h3>DOST\u0118PNA DOKUMENTACJA<\/h3>\r\n[\/vc_column_text][fpm-documentation slug=\"16f0087c-c655-4370-8724-1ab29ec6ee7a\" language=\"en\" view=\"list\" class=\"\"][divider md_height=\"60\" lg_height=\"60\"][\/vc_column][\/vc_row]"},"excerpt":{"rendered":"Sistema di chiusura ermetica per porte, con guarnizione in PVC autoestinguente, attestata per la resistenza al fuoco, EI 60, secondo la norma UNI EN 1634-1 e UNI EN 1363-1. Disponibile con viti premontate, autofillettanti od autoforanti, in numerose versioni adattabili a tutti i materiali e situazioni, anche in spazi ristretti, per la facilit\u00e0 di montaggio","protected":false,"raw":""},"author":1,"featured_media":15255,"parent":0,"menu_order":55,"comment_status":"closed","ping_status":"closed","template":"","meta":{"_it_post_content":"[vc_row][vc_column width=\"1\/1\"][divider visibility=\"visible\"][\/vc_column][\/vc_row][vc_row][vc_column width=\"1\/1\"][lead align=\"justify\"]Sistema di chiusura ermetica per porte, con guarnizione in PVC autoestinguente, attestata per la resistenza al fuoco, EI 60, secondo la norma UNI EN 1634-1 e UNI EN 1363-1. Disponibile con viti premontate, autofillettanti od autoforanti, in numerose versioni adattabili a tutti i materiali e situazioni, anche in spazi ristretti, per la facilit\u00e0 di montaggio e fissaggio e caratterizzata da soluzioni tecniche che ne consentono la massima qualit\u00e0 ed affidabilit\u00e0 funzionale, anche in condizioni ambientali estreme.[\/lead][\/vc_column][\/vc_row][vc_row][vc_column width=\"1\/1\"][divider visibility=\"visible\"][\/vc_column][\/vc_row][vc_row background_image_parallax_end=\"0\"][vc_column width=\"1\/1\"][vc_single_image image=\"15568\" custom_image_size=\"0\" custom_image_size_crop=\"true\" link_type=\"no-link\" margin_top=\"0\" margin_bottom=\"0\"][\/vc_column][\/vc_row][vc_row][vc_column width=\"1\/1\"][divider md_height=\"60\" lg_height=\"60\"][vc_column_text]\r\n<h3>Documentazione disponibile<\/h3>\r\n[\/vc_column_text][fpm-documentation slug=\"16f0087c-c655-4370-8724-1ab29ec6ee7a\" language=\"it\" view=\"list\" class=\"\"][divider md_height=\"60\" lg_height=\"60\"][\/vc_column][\/vc_row]","_it_post_name":"compact-fire","_it_post_excerpt":"","_it_post_title":"Compact Fire","_en_post_content":"[vc_row][vc_column width=\"1\/1\"][divider visibility=\"visible\"][\/vc_column][\/vc_row][vc_row][vc_column width=\"1\/1\"][lead align=\"justify\"]Door sealing system with self-extinguishing PVCu gasket, tested for fire resistance EI 60, according to UNI EN 1634-1 and UNI EN 1363- standards. It is available with pre-assembled self-threading and self-drilling screws, in several versions suitable for use with all materials and situations, even in tight spaces, for ease of assembly and fastening and characterized by technical solutions that ensure the highest quality and reliability, even in extreme environmental conditions.\r\n\r\n[\/lead][\/vc_column][\/vc_row][vc_row][vc_column width=\"1\/1\"][divider visibility=\"visible\"][\/vc_column][\/vc_row][vc_row background_image_parallax_end=\"0\"][vc_column width=\"1\/1\"][vc_single_image image=\"15568\" custom_image_size=\"0\" custom_image_size_crop=\"true\" link_type=\"no-link\" margin_top=\"0\" margin_bottom=\"0\"][\/vc_column][\/vc_row][vc_row][vc_column width=\"1\/1\"][divider md_height=\"60\" lg_height=\"60\"][vc_column_text]\r\n<h3>Available documentation<\/h3>\r\n[\/vc_column_text][fpm-documentation slug=\"16f0087c-c655-4370-8724-1ab29ec6ee7a\" language=\"en\" view=\"list\" class=\"\"][divider md_height=\"60\" lg_height=\"60\"][\/vc_column][\/vc_row]","_en_post_name":"compact-fire","_en_post_excerpt":"","_en_post_title":"Compact Fire","_fr_post_content":"[vc_row][vc_column width=\"1\/1\"][divider visibility=\"visible\"][\/vc_column][\/vc_row][vc_row][vc_column width=\"1\/1\"][lead align=\"justify\"]Syst\u00e8me de fermeture herm\u00e9tique de porte, avec joint en PVC attest\u00e9 pour la r\u00e9sistance au feu, El 60, selon le standard UNI EN 1634-1 et UNI en 1363-1. Disponible avec vis pr\u00e9-mont\u00e9es, taraudeuses ou auto-perceuses, en plusieurs versions adaptables \u00e0 tous les mat\u00e9riels et situations, aussi dans des endroits \u00e9troits, pour faciliter le montage et fixation et caract\u00e9ris\u00e9s par des solutions technique qui en permettent la plus grande qualit\u00e9 et fiabilit\u00e9 fonctionnelle, aussi en conditions extr\u00eames.[\/lead][\/vc_column][\/vc_row][vc_row][vc_column width=\"1\/1\"][divider visibility=\"visible\"][\/vc_column][\/vc_row][vc_row background_image_parallax_end=\"0\"][vc_column width=\"1\/1\"][vc_single_image image=\"15568\" custom_image_size=\"0\" custom_image_size_crop=\"true\" link_type=\"no-link\" margin_top=\"0\" margin_bottom=\"0\"][\/vc_column][\/vc_row][vc_row][vc_column width=\"1\/1\"][divider md_height=\"60\" lg_height=\"60\"][vc_column_text]\r\n<h3>Documentation disponible<\/h3>\r\n[\/vc_column_text][fpm-documentation slug=\"16f0087c-c655-4370-8724-1ab29ec6ee7a\" language=\"fr\" view=\"list\" class=\"\"][divider md_height=\"60\" lg_height=\"60\"][\/vc_column][\/vc_row]","_fr_post_name":"compact-fire","_fr_post_excerpt":"","_fr_post_title":"Compact Fire","_es_post_content":"[vc_row][vc_column width=\"1\/1\"][divider visibility=\"visible\"][\/vc_column][\/vc_row][vc_row][vc_column width=\"1\/1\"][lead align=\"justify\"]Sistema de burletes para puertas con junta de PVC auto extinguible, ensayada para la resistencia al fuego EI 60, seg\u00fan la norma UNI EN 1634-1 y UNI EN 1363-1. Disponible con tornillos pre-montados , auto perforantes y auto taladrantes en varias versiones propiadas para todos los materiales y situaciones, incluso en espacios reducidos, para su facilitad de montaje y fijaci\u00f3n, caracterizada por soluciones t\u00e9cnicas que permiten la m\u00e1s alta calidad y seguridad de funcionamiento, aun en condiciones ambientales extremas.[\/lead][\/vc_column][\/vc_row][vc_row][vc_column width=\"1\/1\"][divider visibility=\"visible\"][\/vc_column][\/vc_row][vc_row background_image_parallax_end=\"0\"][vc_column width=\"1\/1\"][vc_single_image image=\"15568\" custom_image_size=\"0\" custom_image_size_crop=\"true\" link_type=\"no-link\" margin_top=\"0\" margin_bottom=\"0\"][\/vc_column][\/vc_row][vc_row][vc_column width=\"1\/1\"][divider md_height=\"60\" lg_height=\"60\"][vc_column_text]\r\n<h3>Documentacion disponible<\/h3>\r\n[\/vc_column_text][fpm-documentation slug=\"16f0087c-c655-4370-8724-1ab29ec6ee7a\" language=\"es\" view=\"list\" class=\"\"][divider md_height=\"60\" lg_height=\"60\"][\/vc_column][\/vc_row]","_es_post_name":"compact-fire","_es_post_excerpt":"","_es_post_title":"Compact Fire","_ru_post_content":"[vc_row][vc_column width=\"1\/1\"][divider visibility=\"visible\"][\/vc_column][\/vc_row][vc_row][vc_column width=\"1\/1\"][lead align=\"justify\"]\u0421\u0438\u0441\u0442\u0435\u043c\u0430 \u0433\u0435\u0440\u043c\u0435\u0442\u0438\u0447\u043d\u043e\u0433\u043e \u0437\u0430\u043a\u0440\u044b\u0442\u0438\u044f \u0434\u0432\u0435\u0440\u0435\u0439 \u0441 \u0443\u043f\u043b\u043e\u0442\u043d\u0435\u043d\u0438\u044f\u043c\u0438, \u0432\u044b\u043f\u043e\u043b\u043d\u0435\u043d\u043d\u044b\u043c\u0438 \u0441 \u043f\u0440\u0438\u043c\u0435\u043d\u0435\u043d\u0438\u0435\u043c \u0441\u0430\u043c\u043e\u0433\u0430\u0441\u044f\u0449\u0435\u0433\u043e\u0441\u044f \u041f\u0412\u0425, \u0441\u0435\u0440\u0442\u0438\u0444\u0438\u0446\u0438\u0440\u043e\u0432\u0430\u043d\u043d\u0430\u044f \u0432 \u043a\u0430\u0447\u0435\u0441\u0442\u0432\u0435 \u043f\u0440\u043e\u0442\u0438\u0432\u043e\u043f\u043e\u0436\u0430\u0440\u043d\u043e\u0439, EI 60, \u0432 \u0441\u043e\u043e\u0442\u0432\u0435\u0442\u0441\u0442\u0432\u0438\u0438 \u0441 \u0442\u0440\u0435\u0431\u043e\u0432\u0430\u043d\u0438\u044f\u043c\u0438 \u041d\u043e\u0440\u043c UNI EN 1634-1 \u0438 UNI EN 1363-1. \u041f\u043e\u0441\u0442\u0430\u0432\u043b\u044f\u0435\u0442\u0441\u044f \u0441 \u0443\u0436\u0435 \u0443\u0441\u0442\u0430\u043d\u043e\u0432\u043b\u0435\u043d\u043d\u044b\u043c\u0438 \u0441\u0430\u043c\u043e\u0440\u0435\u0436\u0443\u0449\u0438\u043c\u0438 \u0432\u0438\u043d\u0442\u0430\u043c\u0438 \u0432 \u0440\u0430\u0437\u043b\u0438\u0447\u043d\u044b\u0445 \u0432\u0435\u0440\u0441\u0438\u044f\u0445, \u043f\u043e\u0434\u0445\u043e\u0434\u044f\u0449\u0438\u0445 \u0434\u043b\u044f \u0432\u0441\u0435\u0445 \u043c\u0430\u0442\u0435\u0440\u0438\u0430\u043b\u043e\u0432 \u0438 \u0443\u0441\u043b\u043e\u0432\u0438\u0439, \u0432 \u0442\u043e\u043c \u0447\u0438\u0441\u043b\u0435 \u0434\u043b\u044f \u043e\u0433\u0440\u0430\u043d\u0438\u0447\u0435\u043d\u043d\u044b\u0445 \u043f\u043e\u043c\u0435\u0449\u0435\u043d\u0438\u0439. \u041f\u0440\u0438\u043c\u0435\u043d\u044f\u0435\u043c\u044b\u0435 \u0442\u0435\u0445\u043d\u0438\u0447\u0435\u0441\u043a\u0438\u0435 \u0440\u0435\u0448\u0435\u043d\u0438\u044f \u043e\u0431\u0435\u0441\u043f\u0435\u0447\u0438\u0432\u0430\u044e\u0442 \u043f\u0440\u043e\u0441\u0442\u043e\u0442\u0443 \u043c\u043e\u043d\u0442\u0430\u0436\u0430 \u0438 \u043a\u0440\u0435\u043f\u043b\u0435\u043d\u0438\u044f. \u041d\u0430\u0434\u0435\u0436\u043d\u0430\u044f \u0438 \u0444\u0443\u043d\u043a\u0446\u0438\u043e\u043d\u0430\u043b\u044c\u043d\u0430\u044f \u0434\u0430\u0436\u0435 \u0432 \u044d\u043a\u0441\u0442\u0440\u0435\u043c\u0430\u043b\u044c\u043d\u044b\u0445 \u0443\u0441\u043b\u043e\u0432\u0438\u044f\u0445 \u043f\u0440\u0438\u043c\u0435\u043d\u0435\u043d\u0438\u044f.[\/lead][\/vc_column][\/vc_row][vc_row][vc_column width=\"1\/1\"][divider visibility=\"visible\"][\/vc_column][\/vc_row][vc_row background_image_parallax_end=\"0\"][vc_column width=\"1\/1\"][vc_single_image image=\"15568\" custom_image_size=\"0\" custom_image_size_crop=\"true\" link_type=\"no-link\" margin_top=\"0\" margin_bottom=\"0\"][\/vc_column][\/vc_row][vc_row][vc_column width=\"1\/1\"][divider md_height=\"60\" lg_height=\"60\"][vc_column_text]\r\n<h3>\u0434\u043e\u0441\u0442\u0443\u043f\u043d\u0430\u044f \u0434\u043e\u043a\u0443\u043c\u0435\u043d\u0442\u0430\u0446\u0438\u044f<\/h3>\r\n[\/vc_column_text][fpm-documentation slug=\"16f0087c-c655-4370-8724-1ab29ec6ee7a\" language=\"ru\" view=\"list\" class=\"\"][divider md_height=\"60\" lg_height=\"60\"][\/vc_column][\/vc_row]","_ru_post_name":"compact-fire","_ru_post_excerpt":"","_ru_post_title":"Compact fire","_pl_post_content":"[vc_row][vc_column width=\"1\/1\"][divider visibility=\"visible\"][\/vc_column][\/vc_row][vc_row][vc_column width=\"1\/1\"][lead align=\"justify\"]System hermetycznego zamkni\u0119cia drzwi z uszczelk\u0105 z samogasn\u0105cego PVC, posiada atest odporno\u015bci na p\u0142omienie EI 60 zgodnie z normami UNI EN 1634-1 i UNI EN 1363-1. Dost\u0119pny w komplecie ze \u015brubami samogwintuj\u0105cymi lub samowierc\u0105cymi w licznych wersjach, kt\u00f3re mo\u017cna dopasowa\u0107 do wszystkich materia\u0142\u00f3w i sytuacji, dzi\u0119ki \u0142atwo\u015bci mocowania i monta\u017cu nadaje si\u0119 r\u00f3wnie\u017c w przypadku niewielkiej przestrzeni, charakteryzuje si\u0119 rozwi\u0105zaniami technicznymi, kt\u00f3re pozwalaj\u0105 na zachowanie najwy\u017cszej jako\u015bci i niezawodno\u015bci nawet w ekstremalnych warunkach \u015brodowiskowych.[\/lead][\/vc_column][\/vc_row][vc_row][vc_column width=\"1\/1\"][divider visibility=\"visible\"][\/vc_column][\/vc_row][vc_row background_image_parallax_end=\"0\"][vc_column width=\"1\/1\"][vc_single_image image=\"15568\" custom_image_size=\"0\" custom_image_size_crop=\"true\" margin_top=\"0\" margin_bottom=\"0\"][\/vc_column][\/vc_row][vc_row][vc_column width=\"1\/1\"][divider md_height=\"60\" lg_height=\"60\"][vc_column_text]\r\n<h3>DOST\u0118PNA DOKUMENTACJA<\/h3>\r\n[\/vc_column_text][fpm-documentation slug=\"16f0087c-c655-4370-8724-1ab29ec6ee7a\" language=\"en\" view=\"list\" class=\"\"][divider md_height=\"60\" lg_height=\"60\"][\/vc_column][\/vc_row]","_pl_post_name":"compact-fire","_pl_post_excerpt":"","_pl_post_title":"Compact Fire","edit_language":"pl","footnotes":""},"class_list":["post-13517","page","type-page","status-publish","has-post-thumbnail","hentry"],"_links":{"self":[{"href":"https:\/\/www.fapim.it\/pl\/wp-json\/wp\/v2\/pages\/13517","targetHints":{"allow":["GET"]}}],"collection":[{"href":"https:\/\/www.fapim.it\/pl\/wp-json\/wp\/v2\/pages"}],"about":[{"href":"https:\/\/www.fapim.it\/pl\/wp-json\/wp\/v2\/types\/page"}],"author":[{"embeddable":true,"href":"https:\/\/www.fapim.it\/pl\/wp-json\/wp\/v2\/users\/1"}],"replies":[{"embeddable":true,"href":"https:\/\/www.fapim.it\/pl\/wp-json\/wp\/v2\/comments?post=13517"}],"version-history":[{"count":4,"href":"https:\/\/www.fapim.it\/pl\/wp-json\/wp\/v2\/pages\/13517\/revisions"}],"predecessor-version":[{"id":18307,"href":"https:\/\/www.fapim.it\/pl\/wp-json\/wp\/v2\/pages\/13517\/revisions\/18307"}],"wp:featuredmedia":[{"embeddable":true,"href":"https:\/\/www.fapim.it\/pl\/wp-json\/wp\/v2\/media\/15255"}],"wp:attachment":[{"href":"https:\/\/www.fapim.it\/pl\/wp-json\/wp\/v2\/media?parent=13517"}],"curies":[{"name":"wp","href":"https:\/\/api.w.org\/{rel}","templated":true}]}}