   {"id":15546,"date":"2019-03-07T16:18:32","date_gmt":"2019-03-07T15:18:32","guid":{"rendered":"http:\/\/testsito.fapim.it\/site\/?page_id=15546"},"modified":"2025-05-29T16:32:41","modified_gmt":"2025-05-29T14:32:41","slug":"otwory-na-zewnatrz","status":"publish","type":"page","link":"https:\/\/www.fapim.it\/pl\/co-robimy\/jakosc-i-certyfikaty-2\/otwory-na-zewnatrz\/","title":{"rendered":"Otwory na zewn\u0105trz","raw":"Otwory na zewn\u0105trz"},"content":{"rendered":"<section class=\"section  text-normal section-text-no-shadow section-inner-no-shadow section-normal section-opaque\"  >\r\n    \r\n    <div class=\"background-overlay grid-overlay-0 \" style=\"background-color: rgba(0,0,0,0);\"><\/div>\r\n\r\n    <div class=\"container container-vertical-default\">\r\n        <div class=\"row vertical-default\">\r\n            <div class=\"col-md-12     text-center small-screen-center os-animation\" data-os-animation=\"fadeIn\" data-os-animation-delay=\"0s\" ><h1 class=\"text-left  element-top-24 element-bottom-20 text-normal normal regular\" data-os-animation=\"none\" data-os-animation-delay=\"0s\" >\r\nDOHMH<\/h1>\r\n<\/div>        <\/div>\r\n    <\/div>\r\n<\/section>\r\n<section class=\"section  text-normal section-text-no-shadow section-inner-no-shadow section-normal section-opaque\"  >\r\n    \r\n    <div class=\"background-overlay grid-overlay-0 \" style=\"background-color: rgba(0,0,0,0);\"><\/div>\r\n\r\n    <div class=\"container container-vertical-default\">\r\n        <div class=\"row vertical-default\">\r\n            <div class=\"col-md-6     text-default small-screen-default\"  ><p class=\"lead text-justify justify  text-normal element-top-20 element-bottom-20\" data-os-animation=\"none\" data-os-animation-delay=\"0s\">To skr\u00f3t od nowojorskiego Departamentu Zdrowia i Higieny Psychicznej: w przypadku okien instalowanych w budynkach, w kt\u00f3rych znajduj\u0105 si\u0119 trzy lub wi\u0119ksza liczba mieszka\u0144 &#8211; i kt\u00f3re nie prowadz\u0105 do schod\u00f3w przeciwpo\u017carowych &#8211; zgodnie z wymogami departamentu, okna powinny by\u0107 wyposa\u017cone w metalowe kraty zabezpieczaj\u0105ce lub odpowiednie ograniczniki otwarcia uniemo\u017cliwiaj\u0105ce przedostanie si\u0119 przez nie dziecka w wieku do 10 lat. Maksymalne otwarcie mo\u017ce wynosi\u0107 4,5 cala, co odpowiada ~114 mm. Zatwierdzenie przez departament pozwala na umieszczenie produktu i producenta na li\u015bcie, z kt\u00f3rej korzystaj\u0105 architekci, in\u017cynierowie i projektanci przy wyborze odpowiedniego ogranicznika otwarcia okna.<br \/>\nW celu oceny zgodno\u015bci produktu, producent zobowi\u0105zany jest wykona\u0107 jedno lub wi\u0119ksz\u0105 liczb\u0119 okien o r\u00f3\u017cnych rozmiarach i systemach otwierania, a nast\u0119pnie podda\u0107 je testom w jednym z ameryka\u0144skich laboratori\u00f3w akredytowanych przez DOHMH zgodnie z &#8220;Window Guard Regulations of the City of NY 6-30-91- Chapter 12\u201d<br \/>\nW przypadku pozytywnego wyniku test\u00f3w odpowiednia komisja DOHMH wydaje certyfikat dla produktu okre\u015blaj\u0105cy jego zastosowanie: w jakiego typu oknach mo\u017ce by\u0107 montowany i dla jakich rozmiar\u00f3w okien jest on przeznaczony; zatwierdzony produkt jest rozpoznawalny za pomoc\u0105 kodu wydanego przez departament, kt\u00f3ry musi by\u0107 umieszczony w widocznym miejscu po zainstalowaniu produktu.<br \/>\nW 2016 roku certyfikowali\u015bmy mechanizm art. 1788 przeznaczony do okien wychylnych.<\/p><\/div><div class=\"col-md-6     text-center small-screen-default\"  ><div class=\"figure element-top-20 element-bottom-20  \" data-os-animation=\"none\" data-os-animation-delay=\"0s\">\r\n            <span class=\"figure-image\">\r\n        <img loading=\"lazy\" decoding=\"async\" width=\"400\" height=\"400\" src=\"https:\/\/www.fapim.it\/wp-content\/uploads\/2024\/10\/NYC_Apertureversoesterno.jpg\" class=\"attachment-full size-full\" alt=\"\" srcset=\"https:\/\/www.fapim.it\/wp-content\/uploads\/2024\/10\/NYC_Apertureversoesterno.jpg 400w, https:\/\/www.fapim.it\/wp-content\/uploads\/2024\/10\/NYC_Apertureversoesterno-300x300.jpg 300w, https:\/\/www.fapim.it\/wp-content\/uploads\/2024\/10\/NYC_Apertureversoesterno-150x150.jpg 150w\" sizes=\"auto, (max-width: 400px) 100vw, 400px\" \/>            <\/span>\r\n    <\/div>\r\n<\/div>        <\/div>\r\n    <\/div>\r\n<\/section>\r\n<section class=\"section  text-normal section-text-no-shadow section-inner-no-shadow section-normal section-opaque\"  >\r\n    \r\n    <div class=\"background-overlay grid-overlay-0 \" style=\"background-color: rgba(0,0,0,0);\"><\/div>\r\n\r\n    <div class=\"container container-vertical-default\">\r\n        <div class=\"row vertical-default\">\r\n            <div class=\"col-md-12     text-default small-screen-default\"  ><div class=\"divider-wrapper \" style=\"visibility:hidden;background-color:#FFFFFF\">\r\n    <div class=\"visible-xs\" style=\"height:24px;\"><\/div>\r\n    <div class=\"visible-sm\" style=\"height:24px;\"><\/div>\r\n    <div class=\"visible-md\" style=\"height:24px;\"><\/div>\r\n    <div class=\"visible-lg\" style=\"height:24px;\"><\/div>\r\n<\/div><\/div>        <\/div>\r\n    <\/div>\r\n<\/section>\n","protected":false,"raw":"[vc_row background_image_attachment=\"fixed\"][vc_column align=\"center\" align_sm=\"center\" scroll_animation=\"fadeIn\" width=\"1\/1\"][heading margin_top=\"24\"]DOHMH[\/heading][\/vc_column][\/vc_row][vc_row][vc_column width=\"1\/2\"][lead align=\"justify\"]To skr\u00f3t od nowojorskiego Departamentu Zdrowia i Higieny Psychicznej: w przypadku okien instalowanych w budynkach, w kt\u00f3rych znajduj\u0105 si\u0119 trzy lub wi\u0119ksza liczba mieszka\u0144 - i kt\u00f3re nie prowadz\u0105 do schod\u00f3w przeciwpo\u017carowych - zgodnie z wymogami departamentu, okna powinny by\u0107 wyposa\u017cone w metalowe kraty zabezpieczaj\u0105ce lub odpowiednie ograniczniki otwarcia uniemo\u017cliwiaj\u0105ce przedostanie si\u0119 przez nie dziecka w wieku do 10 lat. Maksymalne otwarcie mo\u017ce wynosi\u0107 4,5 cala, co odpowiada ~114 mm. Zatwierdzenie przez departament pozwala na umieszczenie produktu i producenta na li\u015bcie, z kt\u00f3rej korzystaj\u0105 architekci, in\u017cynierowie i projektanci przy wyborze odpowiedniego ogranicznika otwarcia okna.\r\nW celu oceny zgodno\u015bci produktu, producent zobowi\u0105zany jest wykona\u0107 jedno lub wi\u0119ksz\u0105 liczb\u0119 okien o r\u00f3\u017cnych rozmiarach i systemach otwierania, a nast\u0119pnie podda\u0107 je testom w jednym z ameryka\u0144skich laboratori\u00f3w akredytowanych przez DOHMH zgodnie z \"Window Guard Regulations of the City of NY 6-30-91- Chapter 12\u201d\r\nW przypadku pozytywnego wyniku test\u00f3w odpowiednia komisja DOHMH wydaje certyfikat dla produktu okre\u015blaj\u0105cy jego zastosowanie: w jakiego typu oknach mo\u017ce by\u0107 montowany i dla jakich rozmiar\u00f3w okien jest on przeznaczony; zatwierdzony produkt jest rozpoznawalny za pomoc\u0105 kodu wydanego przez departament, kt\u00f3ry musi by\u0107 umieszczony w widocznym miejscu po zainstalowaniu produktu.\r\nW 2016 roku certyfikowali\u015bmy mechanizm art. 1788 przeznaczony do okien wychylnych.[\/lead][\/vc_column][vc_column align=\"center\" width=\"1\/2\"][vc_single_image image=\"24500\" link_type=\"no-link\"][\/vc_column][\/vc_row][vc_row][vc_column width=\"1\/1\"][divider][\/vc_column][\/vc_row]"},"excerpt":{"rendered":"DOHMH \u00c8 l\u2019acronimo di Department of Health and Mental Hygiene della citt\u00e0 di New York: per finestre installate in edifici con tre o pi\u00f9 appartamenti - e che non conducono a scale antincendio \u2013 il dipartimento prevede che le finestre siano dotate di grate di metallo o di idonei limitatori d\u2019apertura tali da evitare il","protected":false,"raw":""},"author":3,"featured_media":15614,"parent":25593,"menu_order":14,"comment_status":"closed","ping_status":"closed","template":"","meta":{"_it_post_content":"[vc_row background_image_attachment=\"fixed\"][vc_column align=\"center\" align_sm=\"center\" scroll_animation=\"fadeIn\" width=\"1\/1\"][heading margin_top=\"24\"]DOHMH[\/heading][\/vc_column][\/vc_row][vc_row][vc_column width=\"1\/2\"][lead align=\"justify\"]\u00c8 l\u2019acronimo di Department of Health and Mental Hygiene della citt\u00e0 di New York: per finestre installate in edifici con tre o pi\u00f9 appartamenti - e che non conducono a scale antincendio \u2013 il dipartimento prevede che le finestre siano dotate di grate di metallo o di idonei limitatori d\u2019apertura tali da evitare il passaggio di un bambino fino a 10 anni. L\u2019apertura massima deve essere di 4,5 pollici, equivalenti a ~ 114 mm. L\u2019approvazione del dipartimento permette d\u2019inserire il prodotto ed il costruttore in un elenco a cui ricorrono architetti, ingegneri, progettisti che scelgono un idoneo dispositivo atto a limitare l\u2019apertura della finestra.\r\nPer valutare la conformit\u00e0 di un prodotto, il costruttore deve realizzare una o pi\u00f9 finestre di varie dimensioni e tipologia d\u2019apertura e farle testare ad un laboratorio in USA accreditato da DOHMH secondo il proprio regolamento \u201cWindow Guard Regulations of the City of NY 6-30-91- Chapter 12\u201d\r\nTerminati i test con esito positivo, un\u2019idonea commissione DOHMH rilascia un certificato per il prodotto specificandone l\u2019utilizzo: su quali tipi di finestra pu\u00f2 essere montato e per quali dimensioni; il prodotto approvato \u00e8 riconoscibile tramite un codice rilasciato dal dipartimento e che deve essere visibile una volta installato il prodotto.\r\nNel 2016 abbiamo certificato il meccanismo art. 1788 idoneo per finestre a sporgere.[\/lead][\/vc_column][vc_column align=\"center\" width=\"1\/2\"][vc_single_image image=\"24500\" link_type=\"no-link\"][\/vc_column][\/vc_row][vc_row][vc_column width=\"1\/1\"][divider][\/vc_column][\/vc_row]","_it_post_name":"aperture-verso-lesterno","_it_post_excerpt":"","_it_post_title":"Aperture verso l'esterno","_en_post_content":"[vc_row background_image_attachment=\"fixed\"][vc_column align=\"center\" align_sm=\"center\" scroll_animation=\"fadeIn\" width=\"1\/1\"][heading margin_top=\"24\"]DOHMH[\/heading][\/vc_column][\/vc_row][vc_row][vc_column width=\"1\/2\"][lead align=\"justify\"]It is the acronym for Department of Health and Mental Hygiene in New York City : for windows installed in buildings with three or more flats - and that do not lead to fire escapes - the department requires that the windows be equipped with metal grilles or suitable opening limiters that prevent the passage of a child up to 10 years of age. The maximum opening must be 4.5 inches, equivalent to ~ 114 mm. The department's approval allows the product and manufacturer to be included in a list used by architects, engineers, and designers to select a suitable device to limit the opening of the window.\r\nTo evaluate the conformity of a product, the manufacturer must create one or more windows of various sizes and types of opening and have them tested by a laboratory in the USA accredited by DOHMH according to its regulation \" Window Guard Regulations of the City of NY 6-30-91- Chapter 12\"\r\nOnce the tests have been successfully completed, a suitable DOHMH commission issues a certificate for the product specifying its use: on which types of windows it can be mounted and for which dimensions; the approved product is recognizable by a code issued by the department and which must be visible once the product is installed.\r\nIn 2016 we certified the mechanism art. 1788 suitable for top-hung windows.[\/lead][\/vc_column][vc_column align=\"center\" width=\"1\/2\"][vc_single_image image=\"24500\" link_type=\"no-link\"][\/vc_column][\/vc_row][vc_row][vc_column width=\"1\/1\"][divider][\/vc_column][\/vc_row]","_en_post_name":"operating-mechanisms","_en_post_excerpt":"","_en_post_title":"Operating mechanisms","_fr_post_content":"[vc_row background_image_attachment=\"fixed\"][vc_column align=\"center\" align_sm=\"center\" scroll_animation=\"fadeIn\" width=\"1\/1\"][heading margin_top=\"24\"]DOHMH[\/heading][\/vc_column][\/vc_row][vc_row][vc_column width=\"1\/2\"][lead align=\"justify\"]DOHMH est l\u2019acronyme de \u00ab Department of Health and Mental Hygiene \u00bb de New York: pour les fen\u00eatres install\u00e9es dans les immeubles de trois appartements ou plus - et qui ne donnent pas acc\u00e8s \u00e0 des issues de secours - le d\u00e9partement exige que les fen\u00eatres soient \u00e9quip\u00e9es de grilles m\u00e9talliques ou de limiteurs d'ouverture adapt\u00e9s pour emp\u00eacher le passage d'un enfant \u00e2g\u00e9 jusqu'\u00e0 10 ans. L'ouverture maximale doit \u00eatre de 4,5 pouces, soit environ 114 mm. L'agr\u00e9ment du d\u00e9partement permet d'inscrire le produit et le fabricant dans une liste utilis\u00e9e par les architectes, ing\u00e9nieurs et designers qui choisissent un dispositif appropri\u00e9 pour limiter l'ouverture de la fen\u00eatre.\r\nPour \u00e9valuer la conformit\u00e9 d'un produit, le fabricant doit cr\u00e9er une ou plusieurs fen\u00eatres de diff\u00e9rentes tailles et types d'ouverture et les faire tester par un laboratoire aux USA accr\u00e9dit\u00e9 par le DOHMH selon son r\u00e8glement \" Window Guard Regulations of the City of NY 6-30-91- Chapter 12\u201d\r\nUne fois les tests r\u00e9ussis, une commission comp\u00e9tente du DOHMH d\u00e9livre un certificat au produit pr\u00e9cisant son utilisation : sur quels types de fen\u00eatres il peut \u00eatre mont\u00e9 et pour quelles dimensions ; le produit homologu\u00e9 est reconnaissable par un code d\u00e9livr\u00e9 par le d\u00e9partement et qui doit \u00eatre visible une fois le produit install\u00e9.\r\nEn 2016, nous avons certifi\u00e9 le m\u00e9canisme code 1788 appropri\u00e9 pour les fen\u00eatres ouvrant \u00e0 l\u2019italienne.[\/lead][\/vc_column][vc_column align=\"center\" width=\"1\/2\"][vc_single_image image=\"24500\" link_type=\"no-link\"][\/vc_column][\/vc_row][vc_row][vc_column width=\"1\/1\"][divider][\/vc_column][\/vc_row]","_fr_post_name":"mecanismes-de-commande","_fr_post_excerpt":"","_fr_post_title":"M\u00e9canismes de commande","_es_post_content":"[vc_row background_image_attachment=\"fixed\"][vc_column align=\"center\" align_sm=\"center\" scroll_animation=\"fadeIn\" width=\"1\/1\"][heading margin_top=\"24\"]DOHMH[\/heading][\/vc_column][\/vc_row][vc_row][vc_column width=\"1\/2\"][lead align=\"justify\"]Significa Departamento de Salud y Mental. Higiene de la ciudad de Nueva York.Las ventanas instaladas en edificios con tres o m\u00e1s apartamentos - y que no conducen hacia escaleras de incendio - el departamento exige que las ventanas est\u00e9n equipadas con rejas met\u00e1licas o limitadores de apertura adecuados para impedir el paso de un ni\u00f1o cuta edad no supere 10 a\u00f1os. La apertura m\u00e1xima debe ser de 4,5 pulgadas, equivalente a ~114 mm. La aprobaci\u00f3n del departamento permite incluir el producto y el fabricante en una lista utilizada por arquitectos, ingenieros y dise\u00f1adores que eligen un dispositivo adecuado para limitar la apertura de la ventana.\r\nPara evaluar la conformidad de un producto, el fabricante debe crear una o m\u00e1s ventanas de varios tama\u00f1os, tipos de apertura y hacer ensayos a un laboratorio en los EE. UU. acreditado por el DOHMH de acuerdo con su reglamento \" Window Guard Regulators of the City of NY 6 - 30-91- Cap\u00edtulo 12\u201d\r\nUna vez superadas con \u00e9xito las pruebas, una comisi\u00f3n competente del DOHMH expide un certificado para el producto especificando su uso: en qu\u00e9 tipos de ventanas se puede montar y para qu\u00e9 medidas; el producto aprobado es reconocible por un c\u00f3digo emitido por el departamento y que debe ser visible una vez instalado el producto.\r\nEn 2016 certificamos el mecanismo de articulo 1788 adecuado para ventanas abatibles.[\/lead][\/vc_column][vc_column align=\"center\" width=\"1\/2\"][vc_single_image image=\"24500\" link_type=\"no-link\"][\/vc_column][\/vc_row][vc_row][vc_column width=\"1\/1\"][divider][\/vc_column][\/vc_row]","_es_post_name":"mecanismos-de-funcionamiento","_es_post_excerpt":"","_es_post_title":"Mecanismos de funcionamiento","_ru_post_content":"[vc_row background_image_attachment=\"fixed\"][vc_column align=\"center\" align_sm=\"center\" scroll_animation=\"fadeIn\" width=\"1\/1\"][heading margin_top=\"24\"]DOHMH[\/heading][\/vc_column][\/vc_row][vc_row][vc_column width=\"1\/2\"][lead align=\"justify\"]\u0414\u0430\u043d\u043d\u044b\u0439 \u0430\u043a\u0440\u043e\u043d\u0438\u043c \u043e\u0437\u043d\u0430\u0447\u0430\u0435\u0442: \u00ab\u0414\u0435\u043f\u0430\u0440\u0442\u0430\u043c\u0435\u043d\u0442 \u0437\u0434\u0440\u0430\u0432\u043e\u043e\u0445\u0440\u0430\u043d\u0435\u043d\u0438\u044f \u0438 \u043f\u0441\u0438\u0445\u0438\u0447\u0435\u0441\u043a\u043e\u0439 \u0433\u0438\u0433\u0438\u0435\u043d\u044b \u0433. \u041d\u044c\u044e-\u0419\u043e\u0440\u043a\u0430\u00bb. \u0414\u043b\u044f \u043e\u043a\u043e\u043d, \u0443\u0441\u0442\u0430\u043d\u043e\u0432\u043b\u0435\u043d\u043d\u044b\u0445 \u0432 \u0437\u0434\u0430\u043d\u0438\u044f\u0445 \u0441 \u0442\u0440\u0435\u043c\u044f \u0438\u043b\u0438 \u0431\u043e\u043b\u0435\u0435 \u043a\u0432\u0430\u0440\u0442\u0438\u0440\u0430\u043c\u0438, \u043a\u043e\u0442\u043e\u0440\u044b\u0435 \u043d\u0435 \u0432\u0435\u0434\u0443\u0442 \u043a \u043f\u043e\u0436\u0430\u0440\u043d\u044b\u043c \u043b\u0435\u0441\u0442\u043d\u0438\u0446\u0430\u043c, \u0434\u0435\u043f\u0430\u0440\u0442\u0430\u043c\u0435\u043d\u0442 \u0442\u0440\u0435\u0431\u0443\u0435\u0442, \u0447\u0442\u043e\u0431\u044b \u043e\u043a\u043d\u0430 \u0431\u044b\u043b\u0438 \u043e\u0431\u043e\u0440\u0443\u0434\u043e\u0432\u0430\u043d\u044b \u043c\u0435\u0442\u0430\u043b\u043b\u0438\u0447\u0435\u0441\u043a\u0438\u043c\u0438 \u0440\u0435\u0448\u0435\u0442\u043a\u0430\u043c\u0438 \u0438\u043b\u0438 \u043e\u0433\u0440\u0430\u043d\u0438\u0447\u0438\u0442\u0435\u043b\u044f\u043c\u0438 \u043e\u0442\u043a\u0440\u044b\u0432\u0430\u043d\u0438\u044f, \u043a\u043e\u0442\u043e\u0440\u044b\u0435 \u043f\u0440\u0435\u0434\u043e\u0442\u0432\u0440\u0430\u0449\u0430\u044e\u0442 \u043f\u0440\u043e\u0445\u043e\u0434 \u0440\u0435\u0431\u0435\u043d\u043a\u0430 \u043c\u043b\u0430\u0434\u0448\u0435 10 \u043b\u0435\u0442. \u041c\u0430\u043a\u0441\u0438\u043c\u0430\u043b\u044c\u043d\u043e\u0435 \u043e\u0442\u043a\u0440\u044b\u0432\u0430\u043d\u0438\u0435 \u0434\u043e\u043b\u0436\u043d\u043e \u0441\u043e\u0441\u0442\u0430\u0432\u043b\u044f\u0442\u044c 4,5 \u0434\u044e\u0439\u043c\u0430, \u0447\u0442\u043e \u044d\u043a\u0432\u0438\u0432\u0430\u043b\u0435\u043d\u0442\u043d\u043e \u043f\u0440\u0438\u043c\u0435\u0440\u043d\u043e 114 \u043c\u043c. \u041e\u0434\u043e\u0431\u0440\u0435\u043d\u0438\u0435 \u0434\u0435\u043f\u0430\u0440\u0442\u0430\u043c\u0435\u043d\u0442\u0430 \u043f\u043e\u0437\u0432\u043e\u043b\u044f\u0435\u0442 \u0432\u043d\u0435\u0441\u0442\u0438, \u043a\u0430\u043a \u0441\u0430\u043c\u043e \u0438\u0437\u0434\u0435\u043b\u0438\u0435, \u0442\u0430\u043a \u0438 \u043f\u0440\u043e\u0438\u0437\u0432\u043e\u0434\u0438\u0442\u0435\u043b\u044f \u0432 \u0441\u043f\u0438\u0441\u043e\u043a, \u043a\u043e\u0442\u043e\u0440\u044b\u043c \u043f\u043e\u043b\u044c\u0437\u0443\u044e\u0442\u0441\u044f \u0430\u0440\u0445\u0438\u0442\u0435\u043a\u0442\u043e\u0440\u044b, \u0438\u043d\u0436\u0435\u043d\u0435\u0440\u044b \u0438 \u0434\u0438\u0437\u0430\u0439\u043d\u0435\u0440\u044b \u043f\u0440\u0438 \u0432\u044b\u0431\u043e\u0440\u0435 \u043f\u043e\u0434\u0445\u043e\u0434\u044f\u0449\u0435\u0433\u043e \u0443\u0441\u0442\u0440\u043e\u0439\u0441\u0442\u0432\u0430 \u0434\u043b\u044f \u043e\u0433\u0440\u0430\u043d\u0438\u0447\u0435\u043d\u0438\u044f \u043e\u0442\u043a\u0440\u044b\u0432\u0430\u043d\u0438\u044f \u043e\u043a\u043d\u0430.\r\n\u0414\u043b\u044f \u0442\u043e\u0433\u043e, \u0447\u0442\u043e\u0431\u044b \u043f\u0440\u043e\u0432\u0435\u0440\u0438\u0442\u044c, \u0441\u043e\u043e\u0442\u0432\u0435\u0442\u0441\u0442\u0432\u0443\u0435\u0442 \u043b\u0438 \u0438\u0437\u0434\u0435\u043b\u0438\u0435 \u043d\u043e\u0440\u043c\u0435, \u043f\u0440\u043e\u0438\u0437\u0432\u043e\u0434\u0438\u0442\u0435\u043b\u044c \u0434\u043e\u043b\u0436\u0435\u043d \u043f\u0440\u0435\u0434\u043e\u0441\u0442\u0430\u0432\u0438\u0442\u044c \u043e\u0434\u043d\u043e \u0438\u043b\u0438 \u043d\u0435\u0441\u043a\u043e\u043b\u044c\u043a\u043e \u043e\u043a\u043e\u043d \u0440\u0430\u0437\u043b\u0438\u0447\u043d\u044b\u0445 \u0440\u0430\u0437\u043c\u0435\u0440\u043e\u0432 \u0438 \u0442\u0438\u043f\u043e\u0432 \u043e\u0442\u043a\u0440\u044b\u0432\u0430\u043d\u0438\u044f \u043d\u0430 \u043f\u0440\u043e\u0445\u043e\u0436\u0434\u0435\u043d\u0438\u0435 \u0438\u0441\u043f\u044b\u0442\u0430\u043d\u0438\u0439 \u043b\u0430\u0431\u043e\u0440\u0430\u0442\u043e\u0440\u0438\u0438 \u0432 \u0421\u0428\u0410, \u0430\u043a\u043a\u0440\u0435\u0434\u0438\u0442\u043e\u0432\u0430\u043d\u043d\u043e\u0439 DOHMH, \u0432 \u0441\u043e\u043e\u0442\u0432\u0435\u0442\u0441\u0442\u0432\u0438\u0438 \u0441 \u0435\u0435 \u0440\u0435\u0433\u043b\u0430\u043c\u0435\u043d\u0442\u043e\u043c \u201cWindow Guard Regulations of the City of NY 6-30-91- Chapter 12\u201d\r\n\u0412 \u0441\u043b\u0443\u0447\u0430\u0435 \u0443\u0441\u043f\u0435\u0448\u043d\u043e\u0433\u043e \u0440\u0435\u0437\u0443\u043b\u044c\u0442\u0430\u0442\u0430 \u043f\u043e \u0437\u0430\u0432\u0435\u0440\u0448\u0435\u043d\u0438\u0438 \u0438\u0441\u043f\u044b\u0442\u0430\u043d\u0438\u0439, \u0441\u043e\u043e\u0442\u0432\u0435\u0442\u0441\u0442\u0432\u0443\u044e\u0449\u0430\u044f \u043a\u043e\u043c\u0438\u0441\u0441\u0438\u044f DOHMH \u0432\u044b\u0434\u0430\u0435\u0442 \u0441\u0435\u0440\u0442\u0438\u0444\u0438\u043a\u0430\u0442 \u043d\u0430 \u0438\u0441\u043f\u044b\u0442\u0443\u0435\u043c\u043e\u0435 \u0438\u0437\u0434\u0435\u043b\u0438\u0435, \u0432 \u043a\u043e\u0442\u043e\u0440\u043e\u043c \u0443\u043a\u0430\u0437\u044b\u0432\u0430\u0435\u0442\u0441\u044f \u0435\u0433\u043e \u043f\u0440\u0438\u043c\u0435\u043d\u0435\u043d\u0438\u0435: \u043d\u0430 \u043a\u0430\u043a\u0438\u0435 \u0442\u0438\u043f\u044b \u043e\u043a\u043e\u043d \u0438 \u043a\u0430\u043a\u0438\u0445 \u0440\u0430\u0437\u043c\u0435\u0440\u043e\u0432 \u043c\u043e\u0436\u043d\u043e \u043c\u043e\u043d\u0442\u0438\u0440\u043e\u0432\u0430\u0442\u044c; \u041e\u0434\u043e\u0431\u0440\u0435\u043d\u043d\u044b\u0439 \u043f\u0440\u043e\u0434\u0443\u043a\u0442 \u043c\u043e\u0436\u043d\u043e \u0443\u0437\u043d\u0430\u0442\u044c \u043f\u043e \u043a\u043e\u0434\u0443, \u0432\u044b\u0434\u0430\u043d\u043d\u043e\u043c\u0443 \u0434\u0435\u043f\u0430\u0440\u0442\u0430\u043c\u0435\u043d\u0442\u043e\u043c, \u0438 \u043a\u043e\u0442\u043e\u0440\u044b\u0439 \u0434\u043e\u043b\u0436\u0435\u043d \u0431\u044b\u0442\u044c \u0432\u0438\u0434\u0435\u043d \u043f\u043e\u0441\u043b\u0435 \u0435\u0433\u043e \u0443\u0441\u0442\u0430\u043d\u043e\u0432\u043a\u0438.\r\n\u0412 2016 \u0433\u043e\u0434\u0443 \u043c\u044b \u0441\u0435\u0440\u0442\u0438\u0444\u0438\u0446\u0438\u0440\u043e\u0432\u0430\u043b\u0438 \u0430\u0440\u0442\u0438\u043a\u0443\u043b 1788, \u043a\u043e\u0442\u043e\u0440\u044b\u0439 \u043f\u043e\u0434\u0445\u043e\u0434\u0438\u0442 \u0434\u043b\u044f \u043e\u043a\u043e\u043d \u0441 \u043d\u0430\u0440\u0443\u0436\u043d\u044b\u043c \u043e\u0442\u043a\u0438\u0434\u043d\u044b\u043c \u043e\u0442\u043a\u0440\u044b\u0432\u0430\u043d\u0438\u0435\u043c.[\/lead][\/vc_column][vc_column align=\"center\" width=\"1\/2\"][vc_single_image image=\"24500\" link_type=\"no-link\"][\/vc_column][\/vc_row][vc_row][vc_column width=\"1\/1\"][divider][\/vc_column][\/vc_row]","_ru_post_name":"mehanizmi-peredachi-dvizheniya","_ru_post_excerpt":"","_ru_post_title":"\u041c\u0435\u0445\u0430\u043d\u0438\u0437\u043c\u0438 \u043f\u0435\u0440\u0435\u0434\u0430\u0447\u0438 \u0434\u0432\u0438\u0436\u0435\u043d\u0438\u044f","_pl_post_content":"[vc_row background_image_attachment=\"fixed\"][vc_column align=\"center\" align_sm=\"center\" scroll_animation=\"fadeIn\" width=\"1\/1\"][heading margin_top=\"24\"]DOHMH[\/heading][\/vc_column][\/vc_row][vc_row][vc_column width=\"1\/2\"][lead align=\"justify\"]To skr\u00f3t od nowojorskiego Departamentu Zdrowia i Higieny Psychicznej: w przypadku okien instalowanych w budynkach, w kt\u00f3rych znajduj\u0105 si\u0119 trzy lub wi\u0119ksza liczba mieszka\u0144 - i kt\u00f3re nie prowadz\u0105 do schod\u00f3w przeciwpo\u017carowych - zgodnie z wymogami departamentu, okna powinny by\u0107 wyposa\u017cone w metalowe kraty zabezpieczaj\u0105ce lub odpowiednie ograniczniki otwarcia uniemo\u017cliwiaj\u0105ce przedostanie si\u0119 przez nie dziecka w wieku do 10 lat. Maksymalne otwarcie mo\u017ce wynosi\u0107 4,5 cala, co odpowiada ~114 mm. Zatwierdzenie przez departament pozwala na umieszczenie produktu i producenta na li\u015bcie, z kt\u00f3rej korzystaj\u0105 architekci, in\u017cynierowie i projektanci przy wyborze odpowiedniego ogranicznika otwarcia okna.\r\nW celu oceny zgodno\u015bci produktu, producent zobowi\u0105zany jest wykona\u0107 jedno lub wi\u0119ksz\u0105 liczb\u0119 okien o r\u00f3\u017cnych rozmiarach i systemach otwierania, a nast\u0119pnie podda\u0107 je testom w jednym z ameryka\u0144skich laboratori\u00f3w akredytowanych przez DOHMH zgodnie z \"Window Guard Regulations of the City of NY 6-30-91- Chapter 12\u201d\r\nW przypadku pozytywnego wyniku test\u00f3w odpowiednia komisja DOHMH wydaje certyfikat dla produktu okre\u015blaj\u0105cy jego zastosowanie: w jakiego typu oknach mo\u017ce by\u0107 montowany i dla jakich rozmiar\u00f3w okien jest on przeznaczony; zatwierdzony produkt jest rozpoznawalny za pomoc\u0105 kodu wydanego przez departament, kt\u00f3ry musi by\u0107 umieszczony w widocznym miejscu po zainstalowaniu produktu.\r\nW 2016 roku certyfikowali\u015bmy mechanizm art. 1788 przeznaczony do okien wychylnych.[\/lead][\/vc_column][vc_column align=\"center\" width=\"1\/2\"][vc_single_image image=\"24500\" link_type=\"no-link\"][\/vc_column][\/vc_row][vc_row][vc_column width=\"1\/1\"][divider][\/vc_column][\/vc_row]","_pl_post_name":"otwory-na-zewnatrz","_pl_post_excerpt":"","_pl_post_title":"Otwory na zewn\u0105trz","edit_language":"pl","footnotes":""},"class_list":["post-15546","page","type-page","status-publish","has-post-thumbnail","hentry"],"_links":{"self":[{"href":"https:\/\/www.fapim.it\/pl\/wp-json\/wp\/v2\/pages\/15546","targetHints":{"allow":["GET"]}}],"collection":[{"href":"https:\/\/www.fapim.it\/pl\/wp-json\/wp\/v2\/pages"}],"about":[{"href":"https:\/\/www.fapim.it\/pl\/wp-json\/wp\/v2\/types\/page"}],"author":[{"embeddable":true,"href":"https:\/\/www.fapim.it\/pl\/wp-json\/wp\/v2\/users\/3"}],"replies":[{"embeddable":true,"href":"https:\/\/www.fapim.it\/pl\/wp-json\/wp\/v2\/comments?post=15546"}],"version-history":[{"count":2,"href":"https:\/\/www.fapim.it\/pl\/wp-json\/wp\/v2\/pages\/15546\/revisions"}],"predecessor-version":[{"id":24506,"href":"https:\/\/www.fapim.it\/pl\/wp-json\/wp\/v2\/pages\/15546\/revisions\/24506"}],"up":[{"embeddable":true,"href":"https:\/\/www.fapim.it\/pl\/wp-json\/wp\/v2\/pages\/25593"}],"wp:featuredmedia":[{"embeddable":true,"href":"https:\/\/www.fapim.it\/pl\/wp-json\/wp\/v2\/media\/15614"}],"wp:attachment":[{"href":"https:\/\/www.fapim.it\/pl\/wp-json\/wp\/v2\/media?parent=15546"}],"curies":[{"name":"wp","href":"https:\/\/api.w.org\/{rel}","templated":true}]}}