   {"id":24226,"date":"2024-10-09T16:59:06","date_gmt":"2024-10-09T14:59:06","guid":{"rendered":"https:\/\/www.fapim.it\/it\/?page_id=24226"},"modified":"2026-03-18T10:33:08","modified_gmt":"2026-03-18T09:33:08","slug":"qualicoat","status":"publish","type":"page","link":"https:\/\/www.fapim.it\/pl\/co-robimy\/jakosc-i-certyfikaty-2\/qualicoat\/","title":{"rendered":"Qualicoat","raw":"Qualicoat"},"content":{"rendered":"<section class=\"section  text-normal section-text-no-shadow section-inner-no-shadow section-normal section-opaque\"  >\r\n    \r\n    <div class=\"background-overlay grid-overlay-0 \" style=\"background-color: rgba(0,0,0,0);\"><\/div>\r\n\r\n    <div class=\"container container-vertical-default\">\r\n        <div class=\"row vertical-default\">\r\n            <div class=\"col-md-6     text-center small-screen-center\"  ><div class=\"figure element-top-20 element-bottom-20  \" data-os-animation=\"none\" data-os-animation-delay=\"0s\">\r\n            <a href=\"https:\/\/www.fapim.it\/wp-content\/uploads\/2025\/04\/qualicoat_logo_teaser_1200x675_25.jpg\" class=\"figure-image magnific\" target=\"_self\">\r\n        <img loading=\"lazy\" decoding=\"async\" width=\"1024\" height=\"576\" src=\"https:\/\/www.fapim.it\/wp-content\/uploads\/2025\/04\/qualicoat_logo_teaser_1200x675_25-1024x576.jpg\" class=\"attachment-large size-large\" alt=\"\" srcset=\"https:\/\/www.fapim.it\/wp-content\/uploads\/2025\/04\/qualicoat_logo_teaser_1200x675_25-1024x576.jpg 1024w, https:\/\/www.fapim.it\/wp-content\/uploads\/2025\/04\/qualicoat_logo_teaser_1200x675_25-300x169.jpg 300w, https:\/\/www.fapim.it\/wp-content\/uploads\/2025\/04\/qualicoat_logo_teaser_1200x675_25-768x432.jpg 768w, https:\/\/www.fapim.it\/wp-content\/uploads\/2025\/04\/qualicoat_logo_teaser_1200x675_25.jpg 1200w\" sizes=\"auto, (max-width: 1024px) 100vw, 1024px\" \/>            <\/a>\r\n    <\/div>\r\n<\/div><div class=\"col-md-6     text-default small-screen-default\"  ><div class=\"col-text-1 text-normal lead text-justify element-top-20 element-bottom-20\" data-os-animation=\"none\" data-os-animation-delay=\"0s\">\r\n    <p><strong>W Fapim zawsze uwa\u017cali\u015bmy wyka\u0144czanie akcesori\u00f3w za jeden z g\u0142\u00f3wnych etap\u00f3w dzia\u0142alno\u015bci produkcyjnej i dlatego charakteryzujemy si\u0119 dok\u0142adnymi badaniami nad u\u017cywanymi materia\u0142ami oraz ci\u0105g\u0142\u0105 modernizacj\u0105 system\u00f3w.<\/strong> Surowce, kt\u00f3rych u\u017cywamy, s\u0105 starannie dobierane przy wsp\u00f3\u0142pracy z najbardziej wykwalifikowanymi dostawcami na poziomie europejskim. Po\u015bwi\u0119camy wiele zasob\u00f3w na systematyczn\u0105 kontrol\u0119 partii produkcyjnych, aby zagwarantowa\u0107 bardzo wysokie standardy jako\u015bci.<\/p>\n<\/div>\r\n<\/div>        <\/div>\r\n    <\/div>\r\n<\/section>\r\n<section class=\"section  text-normal section-text-no-shadow section-inner-no-shadow section-normal section-opaque\"  >\r\n    \r\n    <div class=\"background-overlay grid-overlay-0 \" style=\"background-color: rgba(0,0,0,0);\"><\/div>\r\n\r\n    <div class=\"container container-vertical-default\">\r\n        <div class=\"row vertical-default\">\r\n            <div class=\"col-md-12     text-center small-screen-center\"  ><div class=\"col-text-1 text-normal lead text-justify element-top-20 element-bottom-20\" data-os-animation=\"none\" data-os-animation-delay=\"0s\">\r\n    <p><strong>Wewn\u0119trzne laboratorium chemiczne \u015bledzi krok po kroku wszystkie fazy anodowego utleniania i malowania, zgodnie z przepisami ustanowionymi przez marki jako\u015bci Qualanod i Qualicoat.<\/strong><\/p>\n<p>Codziennie przeprowadzamy testy produkt\u00f3w poddanych utlenianiu anodowemu, weryfikuj\u0105c grubo\u015b\u0107 tlenku, skuteczno\u015b\u0107 mocowania i jego stabilizacj\u0119 zgodnie ze \u015bcis\u0142ymi przepisami mi\u0119dzynarodowymi. W przypadku cz\u0119\u015bci malowanych przeprowadzamy r\u00f3wnie\u017c badania mechaniczne, sprawdzaj\u0105ce stan farby poddawanej zginaniu, ci\u0105gnieniu, grawerowaniu itp. Laboratorium posiada tak\u017ce komory solne, w kt\u00f3rych regularnie sprawdzana jest odporno\u015b\u0107 korozyjna wyrob\u00f3w oksydowanych i malowanych.<\/p>\n<p>&nbsp;<\/p>\n<p><a href=\"https:\/\/www.fapim.it\/wp-content\/uploads\/2026\/03\/Qualicoat-738-rev-2026.pdf\"><strong>Qualicoat \u2013 738 rev 2026<\/strong><\/a><\/p>\n<\/div>\r\n<\/div>        <\/div>\r\n    <\/div>\r\n<\/section>\r\n<section class=\"section  text-normal section-text-no-shadow section-inner-no-shadow section-normal section-opaque\"  >\r\n    \r\n    <div class=\"background-overlay grid-overlay-0 \" style=\"background-color: rgba(0,0,0,0);\"><\/div>\r\n\r\n    <div class=\"container container-vertical-default\">\r\n        <div class=\"row vertical-default\">\r\n            <div class=\"col-md-12     text-default small-screen-default\"  ><div class=\"divider-wrapper \" style=\"visibility:hidden;background-color:#FFFFFF\">\r\n    <div class=\"visible-xs\" style=\"height:24px;\"><\/div>\r\n    <div class=\"visible-sm\" style=\"height:24px;\"><\/div>\r\n    <div class=\"visible-md\" style=\"height:24px;\"><\/div>\r\n    <div class=\"visible-lg\" style=\"height:24px;\"><\/div>\r\n<\/div><\/div>        <\/div>\r\n    <\/div>\r\n<\/section>\n","protected":false,"raw":"[vc_row][vc_column align=\"center\" align_sm=\"center\" width=\"1\/2\"][vc_single_image image=\"25848\" image_size=\"large\"][\/vc_column][vc_column width=\"1\/2\"][vc_column_text extra_classes=\"lead text-justify\"]<strong>W Fapim zawsze uwa\u017cali\u015bmy wyka\u0144czanie akcesori\u00f3w za jeden z g\u0142\u00f3wnych etap\u00f3w dzia\u0142alno\u015bci produkcyjnej i dlatego charakteryzujemy si\u0119 dok\u0142adnymi badaniami nad u\u017cywanymi materia\u0142ami oraz ci\u0105g\u0142\u0105 modernizacj\u0105 system\u00f3w.<\/strong> Surowce, kt\u00f3rych u\u017cywamy, s\u0105 starannie dobierane przy wsp\u00f3\u0142pracy z najbardziej wykwalifikowanymi dostawcami na poziomie europejskim. Po\u015bwi\u0119camy wiele zasob\u00f3w na systematyczn\u0105 kontrol\u0119 partii produkcyjnych, aby zagwarantowa\u0107 bardzo wysokie standardy jako\u015bci.[\/vc_column_text][\/vc_column][\/vc_row][vc_row][vc_column align=\"center\" align_sm=\"center\" width=\"1\/1\"][vc_column_text extra_classes=\"lead text-justify\"]<strong>Wewn\u0119trzne laboratorium chemiczne \u015bledzi krok po kroku wszystkie fazy anodowego utleniania i malowania, zgodnie z przepisami ustanowionymi przez marki jako\u015bci Qualanod i Qualicoat.<\/strong>\r\n\r\nCodziennie przeprowadzamy testy produkt\u00f3w poddanych utlenianiu anodowemu, weryfikuj\u0105c grubo\u015b\u0107 tlenku, skuteczno\u015b\u0107 mocowania i jego stabilizacj\u0119 zgodnie ze \u015bcis\u0142ymi przepisami mi\u0119dzynarodowymi. W przypadku cz\u0119\u015bci malowanych przeprowadzamy r\u00f3wnie\u017c badania mechaniczne, sprawdzaj\u0105ce stan farby poddawanej zginaniu, ci\u0105gnieniu, grawerowaniu itp. Laboratorium posiada tak\u017ce komory solne, w kt\u00f3rych regularnie sprawdzana jest odporno\u015b\u0107 korozyjna wyrob\u00f3w oksydowanych i malowanych.\r\n\r\n&nbsp;\r\n\r\n<a href=\"https:\/\/www.fapim.it\/wp-content\/uploads\/2026\/03\/Qualicoat-738-rev-2026.pdf\"><strong>Qualicoat \u2013 738 rev 2026<\/strong><\/a>[\/vc_column_text][\/vc_column][\/vc_row][vc_row][vc_column width=\"1\/1\"][divider][\/vc_column][\/vc_row]"},"excerpt":{"rendered":"In Fapim consideriamo da sempre la finitura degli accessori una delle fasi principali dell\u2019attivit\u00e0 produttiva ed \u00e8 perci\u00f2 contraddistinta da un accurato lavoro di ricerca sui materiali da utilizzare oltre che da un costante ammodernamento degli impianti. Le materie prime che utilizziamo sono accuratamente selezionate avvalendoci della collaborazione dei fornitori pi\u00f9 qualificati a livello europeo.","protected":false,"raw":""},"author":4,"featured_media":0,"parent":25593,"menu_order":9,"comment_status":"closed","ping_status":"closed","template":"","meta":{"_it_post_content":"[vc_row][vc_column align=\"center\" align_sm=\"center\" width=\"1\/2\"][vc_single_image image=\"25848\" image_size=\"large\"][\/vc_column][vc_column width=\"1\/2\"][vc_column_text extra_classes=\"lead text-justify\"]<strong>In Fapim consideriamo da sempre la finitura degli accessori una delle fasi principali dell\u2019attivit\u00e0 produttiva ed \u00e8 perci\u00f2 contraddistinta da un accurato lavoro di ricerca sui materiali da utilizzare oltre che da un costante ammodernamento degli impianti. <\/strong>Le materie prime che utilizziamo sono accuratamente selezionate avvalendoci della collaborazione dei fornitori pi\u00f9 qualificati a livello europeo. Dedichiamo molte risorse al controllo sistematico dei lotti di produzione, al fine di garantire standard qualitativi molto elevati.[\/vc_column_text][\/vc_column][\/vc_row][vc_row][vc_column align=\"center\" align_sm=\"center\" width=\"1\/1\"][vc_column_text extra_classes=\"lead text-justify\"]<strong>Un laboratorio chimico interno segue, passo per passo, tutte le fasi dell\u2019ossidazione anodica e della verniciatura, secondo le normative stabilite dai marchi di qualit\u00e0 Qualanod e Qualicoat.<\/strong>\r\n\r\nProvvediamo giornalmente ad effettuare test su prodotti trattati con ossidazione anodica verificando gli spessori d\u2019ossido, l\u2019efficacia del fissaggio e la sua stabilizzazione secondo le severe normative internazionali. Per i particolari verniciati effettuiamo anche test meccanici per la verifica della vernice, quando questa \u00e8 sollecitata a piegature, imbutiture, incisioni etc. Il laboratorio dispone anche di camere a nebbia salina dove viene regolarmente verificata la resistenza alla corrosione dei prodotti ossidati e verniciati.\r\n\r\n&nbsp;\r\n\r\n<a href=\"https:\/\/www.fapim.it\/wp-content\/uploads\/2026\/03\/Qualicoat-738-rev-2026.pdf\"><strong>Qualicoat \u2013 738 rev 2026<\/strong><\/a>[\/vc_column_text][\/vc_column][\/vc_row][vc_row][vc_column width=\"1\/1\"][divider][\/vc_column][\/vc_row]","_it_post_name":"qualicoat-2","_it_post_excerpt":"","_it_post_title":"Qualicoat","_en_post_content":"[vc_row][vc_column align=\"center\" align_sm=\"center\" width=\"1\/2\"][vc_single_image image=\"25848\" image_size=\"large\"][\/vc_column][vc_column width=\"1\/2\"][vc_column_text extra_classes=\"lead text-justify\"]<strong>At Fapim we have always considered the finishing of accessories one of the main phases of the production activity and is therefore characterized by careful research into the materials to be used as well as constant modernization of the systems.<\/strong> The raw materials we use are carefully selected with the collaboration of the most qualified suppliers at European level. We dedicate many resources to the systematic control of production batches, in order to guarantee very high quality standards.[\/vc_column_text][\/vc_column][\/vc_row][vc_row][vc_column align=\"center\" align_sm=\"center\" width=\"1\/1\"][vc_column_text extra_classes=\"lead text-justify\"]<strong>An internal chemical laboratory follows, step by step, all the phases of anodic oxidation and painting, according to the regulations established by the Qualanod and Qualicoat quality brands.<\/strong>\r\n\r\nWe carry out daily tests on products treated with anodic oxidation, verifying the oxide thicknesses, the effectiveness of the fixing and its stabilization according to strict international regulations. For painted parts we also carry out mechanical tests to check the paint when it is subjected to bending, drawing, engraving etc. The laboratory also has salt spray chambers where the corrosion resistance of oxidized and painted products is regularly checked.\r\n\r\n&nbsp;\r\n\r\n<a href=\"https:\/\/www.fapim.it\/wp-content\/uploads\/2026\/03\/Qualicoat-738-rev-2026.pdf\"><strong>Qualicoat \u2013 738 rev 2026<\/strong><\/a>[\/vc_column_text][\/vc_column][\/vc_row][vc_row][vc_column width=\"1\/1\"][divider][\/vc_column][\/vc_row]","_en_post_name":"qualicoat-2","_en_post_excerpt":"","_en_post_title":"Qualicoat","_fr_post_content":"[vc_row][vc_column align=\"center\" align_sm=\"center\" width=\"1\/2\"][vc_single_image image=\"25848\" image_size=\"large\"][\/vc_column][vc_column width=\"1\/2\"][vc_column_text extra_classes=\"lead text-justify\"]<strong>Chez Fapim, nous avons toujours consid\u00e9r\u00e9 la finition des accessoires comme l'une des phases principales de l'activit\u00e9 de production et se caract\u00e9rise donc par une recherche minutieuse des mat\u00e9riaux \u00e0 utiliser ainsi qu'une modernisation constante des syst\u00e8mes.<\/strong> Les mati\u00e8res premi\u00e8res que nous utilisons sont soigneusement s\u00e9lectionn\u00e9es avec la collaboration des fournisseurs les plus qualifi\u00e9s au niveau europ\u00e9en. Nous consacrons de nombreuses ressources au contr\u00f4le syst\u00e9matique des lots de production, afin de garantir des standards de qualit\u00e9 tr\u00e8s \u00e9lev\u00e9s.[\/vc_column_text][\/vc_column][\/vc_row][vc_row][vc_column align=\"center\" align_sm=\"center\" width=\"1\/1\"][vc_column_text extra_classes=\"lead text-justify\"]<strong>Un laboratoire chimique interne suit, \u00e9tape par \u00e9tape, toutes les phases d'oxydation anodique et de peinture, selon les r\u00e9glementations \u00e9tablies par les marques de qualit\u00e9 Qualanod et Qualicoat.<\/strong>\r\n\r\nNous effectuons des tests quotidiens sur les produits trait\u00e9s par oxydation anodique, v\u00e9rifiant les \u00e9paisseurs d'oxyde, l'efficacit\u00e9 de la fixation et sa stabilisation selon des r\u00e9glementations internationales strictes. Pour les pi\u00e8ces peintes, nous effectuons \u00e9galement des tests m\u00e9caniques pour v\u00e9rifier la peinture lorsqu'elle est soumise \u00e0 un pliage, un emboutissage, une gravure, etc. Le laboratoire dispose \u00e9galement de chambres \u00e0 brouillard salin o\u00f9 la r\u00e9sistance \u00e0 la corrosion des produits oxyd\u00e9s et peints est r\u00e9guli\u00e8rement v\u00e9rifi\u00e9e.\r\n\r\n&nbsp;\r\n\r\n<a href=\"https:\/\/www.fapim.it\/wp-content\/uploads\/2026\/03\/Qualicoat-738-rev-2026.pdf\"><strong>Qualicoat \u2013 738 rev 2026<\/strong><\/a>[\/vc_column_text][\/vc_column][\/vc_row][vc_row][vc_column width=\"1\/1\"][divider][\/vc_column][\/vc_row]","_fr_post_name":"qualicoat","_fr_post_excerpt":"","_fr_post_title":"Qualicoat","_es_post_content":"[vc_row][vc_column align=\"center\" align_sm=\"center\" width=\"1\/2\"][vc_single_image image=\"25848\" image_size=\"large\"][\/vc_column][vc_column width=\"1\/2\"][vc_column_text extra_classes=\"lead text-justify\"]<strong>En Fapim siempre hemos considerado el acabado de los accesorios como una de las principales fases de la actividad productiva y, por tanto, nos caracterizamos por una cuidadosa investigaci\u00f3n de los materiales a utilizar, as\u00ed como por una constante modernizaci\u00f3n de los sistemas.<\/strong> Las materias primas que utilizamos son cuidadosamente seleccionadas con la colaboraci\u00f3n de los proveedores m\u00e1s cualificados a nivel europeo. Dedicamos muchos recursos al control sistem\u00e1tico de los lotes de producci\u00f3n, para garantizar est\u00e1ndares de calidad muy altos.[\/vc_column_text][\/vc_column][\/vc_row][vc_row][vc_column align=\"center\" align_sm=\"center\" width=\"1\/1\"][vc_column_text extra_classes=\"lead text-justify\"]<strong>Un laboratorio qu\u00edmico interno sigue paso a paso todas las fases de oxidaci\u00f3n an\u00f3dica y pintado, seg\u00fan las normativas establecidas por las marcas de calidad Qualanod y Qualicoat.<\/strong>\r\n\r\nRealizamos pruebas diarias sobre productos tratados con oxidaci\u00f3n an\u00f3dica, verificando los espesores del \u00f3xido, la eficacia de la fijaci\u00f3n y su estabilizaci\u00f3n seg\u00fan estrictas normas internacionales. Para piezas pintadas tambi\u00e9n realizamos ensayos mec\u00e1nicos para comprobar la pintura cuando se somete a flexi\u00f3n, embutici\u00f3n, grabado, etc. El laboratorio tambi\u00e9n cuenta con c\u00e1maras de niebla salina donde se comprueba peri\u00f3dicamente la resistencia a la corrosi\u00f3n de productos oxidados y pintados.\r\n\r\n&nbsp;\r\n\r\n<a href=\"https:\/\/www.fapim.it\/wp-content\/uploads\/2026\/03\/Qualicoat-738-rev-2026.pdf\"><strong>Qualicoat \u2013 738 rev 2026<\/strong><\/a>[\/vc_column_text][\/vc_column][\/vc_row][vc_row][vc_column width=\"1\/1\"][divider][\/vc_column][\/vc_row]","_es_post_name":"qualicoat","_es_post_excerpt":"","_es_post_title":"Qualicoat","_ru_post_content":"[vc_row][vc_column align=\"center\" align_sm=\"center\" width=\"1\/2\"][vc_single_image image=\"25848\" image_size=\"large\"][\/vc_column][vc_column width=\"1\/2\"][vc_column_text extra_classes=\"lead text-justify\"]<strong>\u0412 Fapim \u043c\u044b \u0432\u0441\u0435\u0433\u0434\u0430 \u0441\u0447\u0438\u0442\u0430\u043b\u0438 \u043e\u0442\u0434\u0435\u043b\u043a\u0443 \u0430\u043a\u0441\u0435\u0441\u0441\u0443\u0430\u0440\u043e\u0432 \u043e\u0434\u043d\u0438\u043c \u0438\u0437 \u043e\u0441\u043d\u043e\u0432\u043d\u044b\u0445 \u044d\u0442\u0430\u043f\u043e\u0432 \u043f\u0440\u043e\u0438\u0437\u0432\u043e\u0434\u0441\u0442\u0432\u0435\u043d\u043d\u043e\u0439 \u0434\u0435\u044f\u0442\u0435\u043b\u044c\u043d\u043e\u0441\u0442\u0438, \u043f\u043e\u044d\u0442\u043e\u043c\u0443 \u0434\u043b\u044f \u043d\u0435\u0433\u043e \u0445\u0430\u0440\u0430\u043a\u0442\u0435\u0440\u043d\u044b \u0442\u0449\u0430\u0442\u0435\u043b\u044c\u043d\u044b\u0435 \u0438\u0441\u0441\u043b\u0435\u0434\u043e\u0432\u0430\u043d\u0438\u044f \u0438\u0441\u043f\u043e\u043b\u044c\u0437\u0443\u0435\u043c\u044b\u0445 \u043c\u0430\u0442\u0435\u0440\u0438\u0430\u043b\u043e\u0432, \u0430 \u0442\u0430\u043a\u0436\u0435 \u043f\u043e\u0441\u0442\u043e\u044f\u043d\u043d\u0430\u044f \u043c\u043e\u0434\u0435\u0440\u043d\u0438\u0437\u0430\u0446\u0438\u044f \u0441\u0438\u0441\u0442\u0435\u043c.<\/strong> \u0421\u044b\u0440\u044c\u0435, \u043a\u043e\u0442\u043e\u0440\u043e\u0435 \u043c\u044b \u0438\u0441\u043f\u043e\u043b\u044c\u0437\u0443\u0435\u043c, \u0442\u0449\u0430\u0442\u0435\u043b\u044c\u043d\u043e \u043e\u0442\u0431\u0438\u0440\u0430\u0435\u0442\u0441\u044f \u043f\u0440\u0438 \u0441\u043e\u0442\u0440\u0443\u0434\u043d\u0438\u0447\u0435\u0441\u0442\u0432\u0435 \u0441 \u043d\u0430\u0438\u0431\u043e\u043b\u0435\u0435 \u043a\u0432\u0430\u043b\u0438\u0444\u0438\u0446\u0438\u0440\u043e\u0432\u0430\u043d\u043d\u044b\u043c\u0438 \u043f\u043e\u0441\u0442\u0430\u0432\u0449\u0438\u043a\u0430\u043c\u0438 \u043d\u0430 \u0435\u0432\u0440\u043e\u043f\u0435\u0439\u0441\u043a\u043e\u043c \u0443\u0440\u043e\u0432\u043d\u0435. \u041c\u044b \u0443\u0434\u0435\u043b\u044f\u0435\u043c \u043c\u043d\u043e\u0433\u043e \u0443\u0441\u0438\u043b\u0438\u0439 \u0441\u0438\u0441\u0442\u0435\u043c\u0430\u0442\u0438\u0447\u0435\u0441\u043a\u043e\u043c\u0443 \u043a\u043e\u043d\u0442\u0440\u043e\u043b\u044e \u043f\u0440\u043e\u0438\u0437\u0432\u043e\u0434\u0441\u0442\u0432\u0435\u043d\u043d\u044b\u0445 \u043f\u0430\u0440\u0442\u0438\u0439, \u0447\u0442\u043e\u0431\u044b \u0433\u0430\u0440\u0430\u043d\u0442\u0438\u0440\u043e\u0432\u0430\u0442\u044c \u043e\u0447\u0435\u043d\u044c \u0432\u044b\u0441\u043e\u043a\u0438\u0435 \u0441\u0442\u0430\u043d\u0434\u0430\u0440\u0442\u044b \u043a\u0430\u0447\u0435\u0441\u0442\u0432\u0430.[\/vc_column_text][\/vc_column][\/vc_row][vc_row][vc_column align=\"center\" align_sm=\"center\" width=\"1\/1\"][vc_column_text extra_classes=\"lead text-justify\"]<strong>\u0412\u043d\u0443\u0442\u0440\u0435\u043d\u043d\u044f\u044f \u0445\u0438\u043c\u0438\u0447\u0435\u0441\u043a\u0430\u044f \u043b\u0430\u0431\u043e\u0440\u0430\u0442\u043e\u0440\u0438\u044f \u0448\u0430\u0433 \u0437\u0430 \u0448\u0430\u0433\u043e\u043c \u0432\u044b\u043f\u043e\u043b\u043d\u044f\u0435\u0442 \u0432\u0441\u0435 \u044d\u0442\u0430\u043f\u044b \u0430\u043d\u043e\u0434\u043d\u043e\u0433\u043e \u043e\u043a\u0438\u0441\u043b\u0435\u043d\u0438\u044f \u0438 \u043e\u043a\u0440\u0430\u0441\u043a\u0438 \u0432 \u0441\u043e\u043e\u0442\u0432\u0435\u0442\u0441\u0442\u0432\u0438\u0438 \u0441 \u043f\u0440\u0430\u0432\u0438\u043b\u0430\u043c\u0438, \u0443\u0441\u0442\u0430\u043d\u043e\u0432\u043b\u0435\u043d\u043d\u044b\u043c\u0438 \u0431\u0440\u0435\u043d\u0434\u0430\u043c\u0438 \u043a\u0430\u0447\u0435\u0441\u0442\u0432\u0430 Qualanod \u0438 Qualicoat.<\/strong>\r\n\r\n\u041c\u044b \u043f\u0440\u043e\u0432\u043e\u0434\u0438\u043c \u0435\u0436\u0435\u0434\u043d\u0435\u0432\u043d\u044b\u0435 \u0438\u0441\u043f\u044b\u0442\u0430\u043d\u0438\u044f \u043f\u0440\u043e\u0434\u0443\u043a\u0442\u043e\u0432, \u043e\u0431\u0440\u0430\u0431\u043e\u0442\u0430\u043d\u043d\u044b\u0445 \u0430\u043d\u043e\u0434\u043d\u044b\u043c \u043e\u043a\u0438\u0441\u043b\u0435\u043d\u0438\u0435\u043c, \u043f\u0440\u043e\u0432\u0435\u0440\u044f\u044f \u0442\u043e\u043b\u0449\u0438\u043d\u0443 \u043e\u043a\u0441\u0438\u0434\u0430, \u044d\u0444\u0444\u0435\u043a\u0442\u0438\u0432\u043d\u043e\u0441\u0442\u044c \u0444\u0438\u043a\u0441\u0430\u0446\u0438\u0438 \u0438 \u0435\u0435 \u0441\u0442\u0430\u0431\u0438\u043b\u0438\u0437\u0430\u0446\u0438\u044e \u0432 \u0441\u043e\u043e\u0442\u0432\u0435\u0442\u0441\u0442\u0432\u0438\u0438 \u0441\u043e \u0441\u0442\u0440\u043e\u0433\u0438\u043c\u0438 \u043c\u0435\u0436\u0434\u0443\u043d\u0430\u0440\u043e\u0434\u043d\u044b\u043c\u0438 \u043f\u0440\u0430\u0432\u0438\u043b\u0430\u043c\u0438. \u0414\u043b\u044f \u043e\u043a\u0440\u0430\u0448\u0435\u043d\u043d\u044b\u0445 \u0434\u0435\u0442\u0430\u043b\u0435\u0439 \u043c\u044b \u0442\u0430\u043a\u0436\u0435 \u043f\u0440\u043e\u0432\u043e\u0434\u0438\u043c \u043c\u0435\u0445\u0430\u043d\u0438\u0447\u0435\u0441\u043a\u0438\u0435 \u0438\u0441\u043f\u044b\u0442\u0430\u043d\u0438\u044f \u0434\u043b\u044f \u043f\u0440\u043e\u0432\u0435\u0440\u043a\u0438 \u043a\u0440\u0430\u0441\u043a\u0438 \u043f\u0440\u0438 \u0438\u0437\u0433\u0438\u0431\u0435, \u0432\u043e\u043b\u043e\u0447\u0435\u043d\u0438\u0438, \u0433\u0440\u0430\u0432\u0438\u0440\u043e\u0432\u043a\u0435 \u0438 \u0442. \u0434. \u0412 \u043b\u0430\u0431\u043e\u0440\u0430\u0442\u043e\u0440\u0438\u0438 \u0442\u0430\u043a\u0436\u0435 \u0438\u043c\u0435\u044e\u0442\u0441\u044f \u043a\u0430\u043c\u0435\u0440\u044b \u0441\u043e\u043b\u0435\u0432\u043e\u0433\u043e \u0442\u0443\u043c\u0430\u043d\u0430, \u0433\u0434\u0435 \u0440\u0435\u0433\u0443\u043b\u044f\u0440\u043d\u043e \u043f\u0440\u043e\u0432\u0435\u0440\u044f\u0435\u0442\u0441\u044f \u043a\u043e\u0440\u0440\u043e\u0437\u0438\u043e\u043d\u043d\u0430\u044f \u0441\u0442\u043e\u0439\u043a\u043e\u0441\u0442\u044c \u043e\u043a\u0438\u0441\u043b\u0435\u043d\u043d\u044b\u0445 \u0438 \u043e\u043a\u0440\u0430\u0448\u0435\u043d\u043d\u044b\u0445 \u0438\u0437\u0434\u0435\u043b\u0438\u0439.\r\n\r\n&nbsp;\r\n\r\n<a href=\"https:\/\/www.fapim.it\/wp-content\/uploads\/2026\/03\/Qualicoat-738-rev-2026.pdf\"><strong>Qualicoat \u2013 738 rev 2026<\/strong><\/a>[\/vc_column_text][\/vc_column][\/vc_row][vc_row][vc_column width=\"1\/1\"][divider][\/vc_column][\/vc_row]","_ru_post_name":"qualicoat","_ru_post_excerpt":"","_ru_post_title":"Qualicoat","_pl_post_content":"[vc_row][vc_column align=\"center\" align_sm=\"center\" width=\"1\/2\"][vc_single_image image=\"25848\" image_size=\"large\"][\/vc_column][vc_column width=\"1\/2\"][vc_column_text extra_classes=\"lead text-justify\"]<strong>W Fapim zawsze uwa\u017cali\u015bmy wyka\u0144czanie akcesori\u00f3w za jeden z g\u0142\u00f3wnych etap\u00f3w dzia\u0142alno\u015bci produkcyjnej i dlatego charakteryzujemy si\u0119 dok\u0142adnymi badaniami nad u\u017cywanymi materia\u0142ami oraz ci\u0105g\u0142\u0105 modernizacj\u0105 system\u00f3w.<\/strong> Surowce, kt\u00f3rych u\u017cywamy, s\u0105 starannie dobierane przy wsp\u00f3\u0142pracy z najbardziej wykwalifikowanymi dostawcami na poziomie europejskim. Po\u015bwi\u0119camy wiele zasob\u00f3w na systematyczn\u0105 kontrol\u0119 partii produkcyjnych, aby zagwarantowa\u0107 bardzo wysokie standardy jako\u015bci.[\/vc_column_text][\/vc_column][\/vc_row][vc_row][vc_column align=\"center\" align_sm=\"center\" width=\"1\/1\"][vc_column_text extra_classes=\"lead text-justify\"]<strong>Wewn\u0119trzne laboratorium chemiczne \u015bledzi krok po kroku wszystkie fazy anodowego utleniania i malowania, zgodnie z przepisami ustanowionymi przez marki jako\u015bci Qualanod i Qualicoat.<\/strong>\r\n\r\nCodziennie przeprowadzamy testy produkt\u00f3w poddanych utlenianiu anodowemu, weryfikuj\u0105c grubo\u015b\u0107 tlenku, skuteczno\u015b\u0107 mocowania i jego stabilizacj\u0119 zgodnie ze \u015bcis\u0142ymi przepisami mi\u0119dzynarodowymi. W przypadku cz\u0119\u015bci malowanych przeprowadzamy r\u00f3wnie\u017c badania mechaniczne, sprawdzaj\u0105ce stan farby poddawanej zginaniu, ci\u0105gnieniu, grawerowaniu itp. Laboratorium posiada tak\u017ce komory solne, w kt\u00f3rych regularnie sprawdzana jest odporno\u015b\u0107 korozyjna wyrob\u00f3w oksydowanych i malowanych.\r\n\r\n&nbsp;\r\n\r\n<a href=\"https:\/\/www.fapim.it\/wp-content\/uploads\/2026\/03\/Qualicoat-738-rev-2026.pdf\"><strong>Qualicoat \u2013 738 rev 2026<\/strong><\/a>[\/vc_column_text][\/vc_column][\/vc_row][vc_row][vc_column width=\"1\/1\"][divider][\/vc_column][\/vc_row]","_pl_post_name":"qualicoat","_pl_post_excerpt":"","_pl_post_title":"Qualicoat","edit_language":"pl","footnotes":""},"class_list":["post-24226","page","type-page","status-publish","hentry"],"_links":{"self":[{"href":"https:\/\/www.fapim.it\/pl\/wp-json\/wp\/v2\/pages\/24226","targetHints":{"allow":["GET"]}}],"collection":[{"href":"https:\/\/www.fapim.it\/pl\/wp-json\/wp\/v2\/pages"}],"about":[{"href":"https:\/\/www.fapim.it\/pl\/wp-json\/wp\/v2\/types\/page"}],"author":[{"embeddable":true,"href":"https:\/\/www.fapim.it\/pl\/wp-json\/wp\/v2\/users\/4"}],"replies":[{"embeddable":true,"href":"https:\/\/www.fapim.it\/pl\/wp-json\/wp\/v2\/comments?post=24226"}],"version-history":[{"count":22,"href":"https:\/\/www.fapim.it\/pl\/wp-json\/wp\/v2\/pages\/24226\/revisions"}],"predecessor-version":[{"id":26944,"href":"https:\/\/www.fapim.it\/pl\/wp-json\/wp\/v2\/pages\/24226\/revisions\/26944"}],"up":[{"embeddable":true,"href":"https:\/\/www.fapim.it\/pl\/wp-json\/wp\/v2\/pages\/25593"}],"wp:attachment":[{"href":"https:\/\/www.fapim.it\/pl\/wp-json\/wp\/v2\/media?parent=24226"}],"curies":[{"name":"wp","href":"https:\/\/api.w.org\/{rel}","templated":true}]}}