   {"id":421,"date":"2019-01-04T11:53:15","date_gmt":"2019-01-04T10:53:15","guid":{"rendered":"https:\/\/www.fapim.it\/fapim-new.it\/it\/services\/innovazione-e-ricerca\/ricerca-e-sviluppo\/"},"modified":"2021-10-12T07:53:59","modified_gmt":"2021-10-12T05:53:59","slug":"badania-i-rozwoj","status":"publish","type":"page","link":"https:\/\/www.fapim.it\/pl\/co-robimy\/innowacje-i-badania\/badania-i-rozwoj\/","title":{"rendered":"Badania i Rozw\u00f3j","raw":"Badania i Rozw\u00f3j"},"content":{"rendered":"<section class=\"section  text-normal section-text-no-shadow section-inner-no-shadow section-normal section-opaque\"  >\r\n    \r\n    <div class=\"background-overlay grid-overlay-0 \" style=\"background-color: rgba(0,0,0,0);\"><\/div>\r\n\r\n    <div class=\"container container-vertical-default\">\r\n        <div class=\"row vertical-default\">\r\n            <div class=\"col-md-12     text-default small-screen-default\"  ><div class=\"divider-wrapper \" style=\"visibility:hidden;background-color:#FFFFFF\">\r\n    <div class=\"visible-xs\" style=\"height:24px;\"><\/div>\r\n    <div class=\"visible-sm\" style=\"height:24px;\"><\/div>\r\n    <div class=\"visible-md\" style=\"height:60px;\"><\/div>\r\n    <div class=\"visible-lg\" style=\"height:60px;\"><\/div>\r\n<\/div><\/div>        <\/div>\r\n    <\/div>\r\n<\/section>\r\n<section class=\"section  text-normal section-text-no-shadow section-inner-no-shadow section-normal section-opaque\"  >\r\n    \r\n    <div class=\"background-overlay grid-overlay-0 \" style=\"background-color: rgba(0,0,0,0);\"><\/div>\r\n\r\n    <div class=\"container container-vertical-default\">\r\n        <div class=\"row vertical-default\">\r\n            <div class=\"col-md-12     text-default small-screen-default\"  ><p class=\"lead text-justify justify  text-normal element-top-20 element-bottom-20\" data-os-animation=\"none\" data-os-animation-delay=\"0s\">Ci\u0105g\u0142a wymiana informacji z rynkiem, mo\u017cliwa dzi\u0119ki g\u0119stej sieci sprzeda\u017cy, pozwala nam na natychmiastowe rozpoznawanie nowych tendencji wraz z nowymi wymaganiami docieraj\u0105cymi z nawet najbardziej odleg\u0142ych geograficznie miejsc.<\/p><\/div>        <\/div>\r\n    <\/div>\r\n<\/section>\r\n<section class=\"section  text-normal section-text-no-shadow section-inner-no-shadow section-normal section-opaque\"  >\r\n    \r\n    <div class=\"background-overlay grid-overlay-0 \" style=\"background-color: rgba(0,0,0,0);\"><\/div>\r\n\r\n    <div class=\"container container-vertical-default\">\r\n        <div class=\"row vertical-default\">\r\n            <div class=\"col-md-12     text-default small-screen-default\"  ><div class=\"divider-wrapper \" style=\"visibility:hidden;background-color:#FFFFFF\">\r\n    <div class=\"visible-xs\" style=\"height:24px;\"><\/div>\r\n    <div class=\"visible-sm\" style=\"height:24px;\"><\/div>\r\n    <div class=\"visible-md\" style=\"height:60px;\"><\/div>\r\n    <div class=\"visible-lg\" style=\"height:60px;\"><\/div>\r\n<\/div><\/div>        <\/div>\r\n    <\/div>\r\n<\/section>\r\n<section class=\"section  text-normal section-text-no-shadow section-inner-no-shadow section-normal section-opaque\"  >\r\n    \r\n    <div class=\"background-overlay grid-overlay-0 \" style=\"background-color: rgba(0,0,0,0);\"><\/div>\r\n\r\n    <div class=\"container container-vertical-default\">\r\n        <div class=\"row vertical-default\">\r\n            <div class=\"col-md-12     text-default small-screen-default\"  ><div class=\"figure element-top-0 element-bottom-0  \" data-os-animation=\"none\" data-os-animation-delay=\"0s\">\r\n            <a href=\"https:\/\/www.fapim.it\/wp-content\/uploads\/2019\/02\/f_eos_02.jpg\" class=\"figure-image magnific\" target=\"_self\">\r\n        <img loading=\"lazy\" decoding=\"async\" width=\"1240\" height=\"553\" src=\"https:\/\/www.fapim.it\/wp-content\/uploads\/2019\/02\/f_eos_02.jpg\" class=\"attachment-full size-full\" alt=\"\" srcset=\"https:\/\/www.fapim.it\/wp-content\/uploads\/2019\/02\/f_eos_02.jpg 1240w, https:\/\/www.fapim.it\/wp-content\/uploads\/2019\/02\/f_eos_02-300x134.jpg 300w, https:\/\/www.fapim.it\/wp-content\/uploads\/2019\/02\/f_eos_02-768x343.jpg 768w, https:\/\/www.fapim.it\/wp-content\/uploads\/2019\/02\/f_eos_02-1024x457.jpg 1024w\" sizes=\"auto, (max-width: 1240px) 100vw, 1240px\" \/>            <\/a>\r\n    <\/div>\r\n<\/div>        <\/div>\r\n    <\/div>\r\n<\/section>\r\n<section class=\"section  text-normal section-text-no-shadow section-inner-no-shadow section-normal section-opaque\"  >\r\n    \r\n    <div class=\"background-overlay grid-overlay-0 \" style=\"background-color: rgba(0,0,0,0);\"><\/div>\r\n\r\n    <div class=\"container container-vertical-default\">\r\n        <div class=\"row vertical-default\">\r\n            <div class=\"col-md-12     text-default small-screen-default\"  ><div class=\"divider-wrapper \" style=\"visibility:hidden;background-color:#FFFFFF\">\r\n    <div class=\"visible-xs\" style=\"height:24px;\"><\/div>\r\n    <div class=\"visible-sm\" style=\"height:24px;\"><\/div>\r\n    <div class=\"visible-md\" style=\"height:60px;\"><\/div>\r\n    <div class=\"visible-lg\" style=\"height:60px;\"><\/div>\r\n<\/div><\/div>        <\/div>\r\n    <\/div>\r\n<\/section>\r\n<section class=\"section  text-normal section-text-no-shadow section-inner-no-shadow section-normal section-opaque\"  >\r\n    \r\n    <div class=\"background-overlay grid-overlay-0 \" style=\"background-color: rgba(0,0,0,0);\"><\/div>\r\n\r\n    <div class=\"container container-vertical-default\">\r\n        <div class=\"row vertical-default\">\r\n            <div class=\"col-md-12     text-default small-screen-default\"  ><p class=\"lead text-justify justify  text-normal element-top-20 element-bottom-20\" data-os-animation=\"none\" data-os-animation-delay=\"0s\">Niezwykle dok\u0142adne studia i badania pozwalaj\u0105 nam zaoferowa\u0107 nowoczesne pod k\u0105tem funkcjonalno\u015bci, innowacyjno\u015bci i jako\u015bci produkty wyposa\u017cone we wszelkie konieczne oprzyrz\u0105dowanie produkcyjne i monta\u017cowe. Wszytko to dzi\u0119ki dzia\u0142owi technicznemu z\u0142o\u017conemu z 30 profesjonalist\u00f3w, mog\u0105cemu pochwali\u0107 si\u0119 najnowocze\u015bniejszymi systemami informatycznymi. Od 2019 r. stawiamy na szkolenia wewn\u0119trzne na ka\u017cdym z poziom\u00f3w firmy za spraw\u0105 zaanga\u017cowania wysoko wykwalifikowanego personelu odpowiedzialnego za wprowadzenie filozofii LEAN oraz innowacyjnych narz\u0119dzi, kt\u00f3rych podstaw\u0105 jest laboratorium kreatywne Thinking Fapim: pracownia pomys\u0142\u00f3w, w kt\u00f3rej wyobra\u017camy sobie przysz\u0142o\u015b\u0107 firmy poprzez badania i swobodn\u0105 weryfikacj\u0119 nowych technologii.<\/p><\/div>        <\/div>\r\n    <\/div>\r\n<\/section>\r\n<section class=\"section  text-normal section-text-no-shadow section-inner-no-shadow section-normal section-opaque\"  >\r\n    \r\n    <div class=\"background-overlay grid-overlay-0 \" style=\"background-color: rgba(0,0,0,0);\"><\/div>\r\n\r\n    <div class=\"container container-vertical-default\">\r\n        <div class=\"row vertical-default\">\r\n            <div class=\"col-md-12     text-default small-screen-default\"  ><div class=\"divider-wrapper \" style=\"visibility:hidden;background-color:#FFFFFF\">\r\n    <div class=\"visible-xs\" style=\"height:24px;\"><\/div>\r\n    <div class=\"visible-sm\" style=\"height:24px;\"><\/div>\r\n    <div class=\"visible-md\" style=\"height:60px;\"><\/div>\r\n    <div class=\"visible-lg\" style=\"height:60px;\"><\/div>\r\n<\/div><\/div>        <\/div>\r\n    <\/div>\r\n<\/section>\n","protected":false,"raw":"[vc_row][vc_column width=\"1\/1\"][divider md_height=\"60\" lg_height=\"60\"][\/vc_column][\/vc_row][vc_row][vc_column width=\"1\/1\"][lead align=\"justify\"]Ci\u0105g\u0142a wymiana informacji z rynkiem, mo\u017cliwa dzi\u0119ki g\u0119stej sieci sprzeda\u017cy, pozwala nam na natychmiastowe rozpoznawanie nowych tendencji wraz z nowymi wymaganiami docieraj\u0105cymi z nawet najbardziej odleg\u0142ych geograficznie miejsc.[\/lead][\/vc_column][\/vc_row][vc_row][vc_column width=\"1\/1\"][divider md_height=\"60\" lg_height=\"60\"][\/vc_column][\/vc_row][vc_row background_image_parallax_end=\"0\"][vc_column width=\"1\/1\"][vc_single_image image=\"14770\" custom_image_size=\"0\" custom_image_size_crop=\"true\" margin_top=\"0\" margin_bottom=\"0\"][\/vc_column][\/vc_row][vc_row][vc_column width=\"1\/1\"][divider md_height=\"60\" lg_height=\"60\"][\/vc_column][\/vc_row][vc_row][vc_column width=\"1\/1\"][lead align=\"justify\"]Niezwykle dok\u0142adne studia i badania pozwalaj\u0105 nam zaoferowa\u0107 nowoczesne pod k\u0105tem funkcjonalno\u015bci, innowacyjno\u015bci i jako\u015bci produkty wyposa\u017cone we wszelkie konieczne oprzyrz\u0105dowanie produkcyjne i monta\u017cowe. Wszytko to dzi\u0119ki dzia\u0142owi technicznemu z\u0142o\u017conemu z 30 profesjonalist\u00f3w, mog\u0105cemu pochwali\u0107 si\u0119 najnowocze\u015bniejszymi systemami informatycznymi. Od 2019 r. stawiamy na szkolenia wewn\u0119trzne na ka\u017cdym z poziom\u00f3w firmy za spraw\u0105 zaanga\u017cowania wysoko wykwalifikowanego personelu odpowiedzialnego za wprowadzenie filozofii LEAN oraz innowacyjnych narz\u0119dzi, kt\u00f3rych podstaw\u0105 jest laboratorium kreatywne Thinking Fapim: pracownia pomys\u0142\u00f3w, w kt\u00f3rej wyobra\u017camy sobie przysz\u0142o\u015b\u0107 firmy poprzez badania i swobodn\u0105 weryfikacj\u0119 nowych technologii.[\/lead][\/vc_column][\/vc_row][vc_row][vc_column width=\"1\/1\"][divider md_height=\"60\" lg_height=\"60\"][\/vc_column][\/vc_row]"},"excerpt":{"rendered":"Un costante interscambio d\u2019informazioni con il mercato, attraverso la capillare rete vendita, ci permette di conoscere tempestivamente le nuove tendenze assieme alle nuove esigenze provenienti dalle pi\u00f9 disparate aree geografiche. Studi e progettazioni molto accurati ci consentono di realizzare prodotti all\u2019avanguardia per funzionalit\u00e0, innovazione e qualit\u00e0, completi di tutte le attrezzature di produzione ed assemblaggio","protected":false,"raw":""},"author":1,"featured_media":0,"parent":390,"menu_order":92,"comment_status":"closed","ping_status":"closed","template":"","meta":{"_it_post_content":"[vc_row][vc_column width=\"1\/1\"][divider md_height=\"60\" lg_height=\"60\"][\/vc_column][\/vc_row][vc_row][vc_column width=\"1\/1\"][lead align=\"justify\"]Un costante interscambio d\u2019informazioni con il mercato, attraverso la capillare rete vendita, ci permette di conoscere tempestivamente le nuove tendenze assieme alle nuove esigenze provenienti dalle pi\u00f9 disparate aree geografiche.[\/lead][\/vc_column][\/vc_row][vc_row][vc_column width=\"1\/1\"][divider md_height=\"60\" lg_height=\"60\"][\/vc_column][\/vc_row][vc_row background_image_parallax_end=\"0\"][vc_column width=\"1\/1\"][vc_single_image image=\"14770\" custom_image_size=\"0\" custom_image_size_crop=\"true\" link_type=\"no-link\" margin_top=\"0\" margin_bottom=\"0\"][\/vc_column][\/vc_row][vc_row][vc_column width=\"1\/1\"][divider md_height=\"60\" lg_height=\"60\"][\/vc_column][\/vc_row][vc_row][vc_column width=\"1\/1\"][lead align=\"justify\"]Studi e progettazioni molto accurati ci consentono di realizzare prodotti all\u2019avanguardia per funzionalit\u00e0, innovazione e qualit\u00e0, completi di tutte le attrezzature di produzione ed assemblaggio necessarie. Tutto ci\u00f2 attraverso un ufficio tecnico composto da 30 professionisti, che si avvale dei pi\u00f9 moderni sistemi informatici. Dal 2019 stiamo puntando moltissimo sulla formazione interna a tutti i livelli aziendali, anche grazie all\u2019innesto di figure altamente specializzate per l\u2019introduzione della filosofia LEAN e di strumenti innovativi, il cui cuore \u00e8 il laboratorio creativo Thinking Fapim: un\u2019officina di idee dove immaginiamo il futuro dell\u2019azienda facendo ricerca e verificando nuove tecnologie liberamente.[\/lead][\/vc_column][\/vc_row][vc_row][vc_column width=\"1\/1\"][divider md_height=\"60\" lg_height=\"60\"][\/vc_column][\/vc_row]","_it_post_name":"ricerca-e-sviluppo","_it_post_excerpt":"","_it_post_title":"Ricerca e sviluppo","_en_post_content":"[vc_row][vc_column width=\"1\/1\"][divider md_height=\"60\" lg_height=\"60\"][\/vc_column][\/vc_row][vc_row][vc_column width=\"1\/1\"][lead align=\"justify\"]A constant exchange of information with the market, through our widespread sales network, allow s us to promptly know new trends and needs in the various geographic areas.[\/lead][\/vc_column][\/vc_row][vc_row][vc_column width=\"1\/1\"][divider md_height=\"60\" lg_height=\"60\"][\/vc_column][\/vc_row][vc_row background_image_parallax_end=\"0\"][vc_column width=\"1\/1\"][vc_single_image image=\"14770\" custom_image_size=\"0\" custom_image_size_crop=\"true\" link_type=\"no-link\" margin_top=\"0\" margin_bottom=\"0\"][\/vc_column][\/vc_row][vc_row][vc_column width=\"1\/1\"][divider md_height=\"60\" lg_height=\"60\"][\/vc_column][\/vc_row][vc_row][vc_column width=\"1\/1\"][lead align=\"justify\"]Accurate studies and designs enable us to create advanced products in terms of functionality, innovation and quality, complete with the required production and assembly equipment. This is possible thanks to a technical department consisting of 30 professionals who make use of the most up-to-date computer systems.We have been focusing since 2019 on the internal training at all corporate levels, thanks to the recruitment of highly qualified professionals for the introduction of the LEAN philosophy and other innovative tools, whose heart is the creative laboratory Thinking Fapim: a workshop of ideas where we imagine the future of our company through the research and the verification of new technologies. [\/lead][\/vc_column][\/vc_row][vc_row][vc_column width=\"1\/1\"][divider md_height=\"60\" lg_height=\"60\"][\/vc_column][\/vc_row]","_en_post_name":"research-and-development","_en_post_excerpt":"","_en_post_title":"Research & development","_fr_post_content":"[vc_row][vc_column width=\"1\/1\"][divider md_height=\"60\" lg_height=\"60\"][\/vc_column][\/vc_row][vc_row][vc_column width=\"1\/1\"][lead align=\"justify\"]Un \u00e9change constant d\u2019informations avec le march\u00e9, par le r\u00e9seau de vente, nous permet de connaitre les derni\u00e8res tendances ainsi que les nouvelles exigences provenant des zones g\u00e9ographiques plus lointaines.[\/lead][\/vc_column][\/vc_row][vc_row][vc_column width=\"1\/1\"][divider md_height=\"60\" lg_height=\"60\"][\/vc_column][\/vc_row][vc_row background_image_parallax_end=\"0\"][vc_column width=\"1\/1\"][vc_single_image image=\"14770\" custom_image_size=\"0\" custom_image_size_crop=\"true\" link_type=\"no-link\" margin_top=\"0\" margin_bottom=\"0\"][\/vc_column][\/vc_row][vc_row][vc_column width=\"1\/1\"][divider md_height=\"60\" lg_height=\"60\"][\/vc_column][\/vc_row][vc_row][vc_column width=\"1\/1\"][lead align=\"justify\"]Etudes tr\u00e8s pr\u00e9cis nous permettent de r\u00e9aliser produits \u00e0 l\u2019avant-garde pour fonctionnalit\u00e9, innovation et qualit\u00e9, compl\u00e9t\u00e9s avec tous les outils de production et d\u2019assemblage n\u00e9cessaires. Tout cela gr\u00e2ce \u00e0 un bureau d\u2019\u00e9tudes qui se compose de 30 techniciens, avec l\u2019aide des plus modernes syst\u00e8mes informatiques.Nous nous sommes concentr\u00e9s depuis 2019 sur la formation interne \u00e0 tous les niveaux de l'entreprise, gr\u00e2ce au recrutement de professionnels hautement qualifi\u00e9s pour l'introduction de la philosophie LEAN et d'autres outils innovants, dont le c\u0153ur est le laboratoire cr\u00e9atif Thinking Fapim : un atelier d'id\u00e9es o\u00f9 nous imaginons l'avenir de notre entreprise \u00e0 travers la recherche et la v\u00e9rification de nouvelles technologies.[\/lead][\/vc_column][\/vc_row][vc_row][vc_column width=\"1\/1\"][divider md_height=\"60\" lg_height=\"60\"][\/vc_column][\/vc_row]","_fr_post_name":"recherche-et-developpement","_fr_post_excerpt":"","_fr_post_title":"Recherche et d\u00e9veloppement","_es_post_content":"[vc_row][vc_column width=\"1\/1\"][divider md_height=\"60\" lg_height=\"60\"][\/vc_column][\/vc_row][vc_row][vc_column width=\"1\/1\"][lead align=\"justify\"]Un intercambio constante de informaci\u00f3n con el mercado, a trav\u00e9s de la red de venta , nos permite conoce r\u00e1pidamente r las \u00faltimas tendencias , junto con las nuevas demandas de las diferentes zonas geogr\u00e1ficas. [\/lead][\/vc_column][\/vc_row][vc_row][vc_column width=\"1\/1\"][divider md_height=\"60\" lg_height=\"60\"][\/vc_column][\/vc_row][vc_row background_image_parallax_end=\"0\"][vc_column width=\"1\/1\"][vc_single_image image=\"14770\" custom_image_size=\"0\" custom_image_size_crop=\"true\" link_type=\"no-link\" margin_top=\"0\" margin_bottom=\"0\"][\/vc_column][\/vc_row][vc_row][vc_column width=\"1\/1\"][divider md_height=\"60\" lg_height=\"60\"][\/vc_column][\/vc_row][vc_row][vc_column width=\"1\/1\"][lead align=\"justify\"]Estudios y proyectos nos permiten crear productos de vanguardia por funcionalidad, innovaci\u00f3n y calidad, completos con todo los equipos necesarios para fabricar y montar. Todo ello a trav\u00e9s de un departamento t\u00e9cnico que est\u00e1 formado por 30 profesionales, que hace uso de los sistemas inform\u00e1ticos m\u00e1s modernos. Desde 2019 estamos enfocados en la formaci\u00f3n interna a todos los niveles de la empresa, gracias, entre otros motivos, al reclutamiento de perfiles altamente cualificados para la introducci\u00f3n de la filosof\u00eda LEAN y otros instrumentos innovadores, cuyo coraz\u00f3n es el laboratorio creativo Thinking Fapim: un taller de ideas donde imaginamos el futuro de la empresa investigando y verificando nuevas tecnolog\u00edas de forma libre. [\/lead][\/vc_column][\/vc_row][vc_row][vc_column width=\"1\/1\"][divider md_height=\"60\" lg_height=\"60\"][\/vc_column][\/vc_row]","_es_post_name":"investigacion-y-desarrollo","_es_post_excerpt":"","_es_post_title":"Investigaci\u00f3n y desarrollo","_ru_post_content":"[vc_row][vc_column width=\"1\/1\"][divider md_height=\"60\" lg_height=\"60\"][\/vc_column][\/vc_row][vc_row][vc_column width=\"1\/1\"][lead align=\"justify\"]\u041f\u043e\u0441\u0442\u043e\u044f\u043d\u043d\u044b\u0439 \u043e\u0431\u043c\u0435\u043d \u0438\u043d\u0444\u043e\u0440\u043c\u0430\u0446\u0438\u0435\u0439 \u0441 \u0443\u0447\u0430\u0441\u0442\u043d\u0438\u043a\u0430\u043c\u0438 \u0440\u044b\u043d\u043a\u043e\u0432 \u0447\u0435\u0440\u0435\u0437 \u043d\u0430\u0448\u0438 \u0444\u0438\u043b\u0438\u0430\u043b\u044b \u0438 \u0442\u043e\u0440\u0433\u043e\u0432\u044b\u0435 \u043f\u0440\u0435\u0434\u0441\u0442\u0430\u0432\u0438\u0442\u0435\u043b\u044c\u0441\u0442\u0432\u0430, \u043f\u043e\u0437\u0432\u043e\u043b\u044f\u0435\u0442 \u043d\u0430\u043c \u0441\u0432\u043e\u0435\u0432\u0440\u0435\u043c\u0435\u043d\u043d\u043e \u0443\u0437\u043d\u0430\u0432\u0430\u0442\u044c \u043e \u043d\u043e\u0432\u044b\u0445 \u0442\u0435\u043d\u0434\u0435\u043d\u0446\u0438\u044f\u0445 \u0438 \u0442\u0440\u0435\u0431\u043e\u0432\u0430\u043d\u0438\u044f\u0445, \u0432\u043e\u0437\u043d\u0438\u043a\u0430\u044e\u0449\u0438\u0445 \u0432 \u0440\u0430\u0437\u043b\u0438\u0447\u043d\u044b\u0445 \u0433\u0435\u043e\u0433\u0440\u0430\u0444\u0438\u0447\u0435\u0441\u043a\u0438\u0445 \u0437\u043e\u043d\u0430\u0445[\/lead][\/vc_column][\/vc_row][vc_row][vc_column width=\"1\/1\"][divider md_height=\"60\" lg_height=\"60\"][\/vc_column][\/vc_row][vc_row background_image_parallax_end=\"0\"][vc_column width=\"1\/1\"][vc_single_image image=\"14770\" custom_image_size=\"0\" custom_image_size_crop=\"true\" link_type=\"no-link\" margin_top=\"0\" margin_bottom=\"0\"][\/vc_column][\/vc_row][vc_row][vc_column width=\"1\/1\"][divider md_height=\"60\" lg_height=\"60\"][\/vc_column][\/vc_row][vc_row][vc_column width=\"1\/1\"][lead align=\"justify\"]\u041f\u043e\u0441\u0442\u043e\u044f\u043d\u043d\u044b\u0435 \u0438\u0441\u0441\u043b\u0435\u0434\u043e\u0432\u0430\u043d\u0438\u044f \u043f\u043e\u0437\u0432\u043e\u043b\u044f\u044e\u0442 \u043d\u0430\u043c \u043f\u0440\u043e\u0435\u043a\u0442\u0438\u0440\u043e\u0432\u0430\u0442\u044c \u0438 \u0441\u043e\u0437\u0434\u0430\u0432\u0430\u0442\u044c \u0432\u0441\u0435\u0433\u0434\u0430 \u0438\u043d\u043d\u043e\u0432\u0430\u0446\u0438\u043e\u043d\u043d\u0443\u044e \u043f\u0440\u043e\u0434\u0443\u043a\u0446\u0438\u044e, \u0430 \u0442\u0430\u043a\u0436\u0435 \u043d\u0435\u043e\u0431\u0445\u043e\u0434\u0438\u043c\u044b\u0435 \u0440\u0430\u0431\u043e\u0447\u0438\u0435 \u0438\u043d\u0441\u0442\u0440\u0443\u043c\u0435\u043d\u0442\u044b \u0434\u043b\u044f \u0441\u0431\u043e\u0440\u043a\u0438 \u0438 \u043c\u043e\u043d\u0442\u0430\u0436\u0430 \u0441 \u0442\u043e\u0447\u043a\u0438 \u0437\u0440\u0435\u043d\u0438\u044f \u043a\u0430\u0447\u0435\u0441\u0442\u0432\u0430 \u0438 \u0444\u0443\u043d\u043a\u0446\u0438\u043e\u043d\u0430\u043b\u044c\u043d\u043e\u0441\u0442\u0438. \u041d\u0430\u0434 \u044d\u0442\u0438\u043c \u0442\u0440\u0443\u0434\u044f\u0442\u0441\u044f 30 \u043f\u0440\u043e\u0444\u0435\u0441\u0441\u0438\u043e\u043d\u0430\u043b\u043e\u0432 \u0432 \u043d\u0430\u0448\u0435\u043c \u0442\u0435\u0445\u043d\u0438\u0447\u0435\u0441\u043a\u043e\u043c \u043e\u0442\u0434\u0435\u043b\u0435, \u043e\u0441\u043d\u0430\u0449\u0435\u043d\u043d\u043e\u043c \u0441\u0430\u043c\u044b\u043c\u0438 \u0441\u043e\u0432\u0440\u0435\u043c\u0435\u043d\u043d\u044b\u043c\u0438 \u0438\u043d\u0444\u043e\u0440\u043c\u0430\u0446\u0438\u043e\u043d\u043d\u044b\u043c\u0438 \u0441\u0438\u0441\u0442\u0435\u043c\u0430\u043c\u0438. \u0421 2019 \u0433\u043e\u0434\u0430 \u043c\u044b \u0443\u0434\u0435\u043b\u044f\u0435\u043c \u043c\u043d\u043e\u0433\u043e \u0432\u043d\u0438\u043c\u0430\u043d\u0438\u044f \u0432\u043d\u0443\u0442\u0440\u0435\u043d\u043d\u0435\u043c\u0443 \u043e\u0431\u0443\u0447\u0435\u043d\u0438\u044e \u043d\u0430 \u0432\u0441\u0435\u0445 \u0443\u0440\u043e\u0432\u043d\u044f\u0445 \u043a\u043e\u043c\u043f\u0430\u043d\u0438\u0438, \u0432 \u0442\u043e\u043c \u0447\u0438\u0441\u043b\u0435 \u0431\u043b\u0430\u0433\u043e\u0434\u0430\u0440\u044f \u0432\u043a\u043b\u044e\u0447\u0435\u043d\u0438\u044e \u0443\u0437\u043a\u043e\u0441\u043f\u0435\u0446\u0438\u0430\u043b\u0438\u0437\u0438\u0440\u043e\u0432\u0430\u043d\u043d\u044b\u0445 \u0444\u0438\u0433\u0443\u0440 \u0434\u043b\u044f \u0432\u043d\u0435\u0434\u0440\u0435\u043d\u0438\u044f \u0444\u0438\u043b\u043e\u0441\u043e\u0444\u0438\u0438 LEAN \u0438 \u0438\u043d\u043d\u043e\u0432\u0430\u0446\u0438\u043e\u043d\u043d\u044b\u0445 \u0438\u043d\u0441\u0442\u0440\u0443\u043c\u0435\u043d\u0442\u043e\u0432, \u0441\u0435\u0440\u0434\u0446\u0435\u043c \u043a\u043e\u0442\u043e\u0440\u043e\u0439 \u044f\u0432\u043b\u044f\u0435\u0442\u0441\u044f \u0442\u0432\u043e\u0440\u0447\u0435\u0441\u043a\u0430\u044f \u043b\u0430\u0431\u043e\u0440\u0430\u0442\u043e\u0440\u0438\u044f Thinking Fapim: \u043c\u0430\u0441\u0442\u0435\u0440\u0441\u043a\u0430\u044f \u0438\u0434\u0435\u0439, \u0433\u0434\u0435 \u043c\u044b \u043f\u0440\u0435\u0434\u0441\u0442\u0430\u0432\u043b\u044f\u0435\u043c \u0431\u0443\u0434\u0443\u0449\u0435\u0435 \u043a\u043e\u043c\u043f\u0430\u043d\u0438\u0438, \u0441\u0432\u043e\u0431\u043e\u0434\u043d\u043e \u0438\u0441\u0441\u043b\u0435\u0434\u0443\u044f \u0438 \u0442\u0435\u0441\u0442\u0438\u0440\u0443\u044f \u043d\u043e\u0432\u044b\u0435 \u0442\u0435\u0445\u043d\u043e\u043b\u043e\u0433\u0438\u0438.[\/lead][\/vc_column][\/vc_row][vc_row][vc_column width=\"1\/1\"][divider md_height=\"60\" lg_height=\"60\"][\/vc_column][\/vc_row]","_ru_post_name":"issledovaniya-i-razvitie","_ru_post_excerpt":"","_ru_post_title":"\u0418\u0441\u0441\u043b\u0435\u0434\u043e\u0432\u0430\u043d\u0438\u044f \u0438 \u0440\u0430\u0437\u0432\u0438\u0442\u0438\u0435","_pl_post_content":"[vc_row][vc_column width=\"1\/1\"][divider md_height=\"60\" lg_height=\"60\"][\/vc_column][\/vc_row][vc_row][vc_column width=\"1\/1\"][lead align=\"justify\"]Ci\u0105g\u0142a wymiana informacji z rynkiem, mo\u017cliwa dzi\u0119ki g\u0119stej sieci sprzeda\u017cy, pozwala nam na natychmiastowe rozpoznawanie nowych tendencji wraz z nowymi wymaganiami docieraj\u0105cymi z nawet najbardziej odleg\u0142ych geograficznie miejsc.[\/lead][\/vc_column][\/vc_row][vc_row][vc_column width=\"1\/1\"][divider md_height=\"60\" lg_height=\"60\"][\/vc_column][\/vc_row][vc_row background_image_parallax_end=\"0\"][vc_column width=\"1\/1\"][vc_single_image image=\"14770\" custom_image_size=\"0\" custom_image_size_crop=\"true\" margin_top=\"0\" margin_bottom=\"0\"][\/vc_column][\/vc_row][vc_row][vc_column width=\"1\/1\"][divider md_height=\"60\" lg_height=\"60\"][\/vc_column][\/vc_row][vc_row][vc_column width=\"1\/1\"][lead align=\"justify\"]Niezwykle dok\u0142adne studia i badania pozwalaj\u0105 nam zaoferowa\u0107 nowoczesne pod k\u0105tem funkcjonalno\u015bci, innowacyjno\u015bci i jako\u015bci produkty wyposa\u017cone we wszelkie konieczne oprzyrz\u0105dowanie produkcyjne i monta\u017cowe. Wszytko to dzi\u0119ki dzia\u0142owi technicznemu z\u0142o\u017conemu z 30 profesjonalist\u00f3w, mog\u0105cemu pochwali\u0107 si\u0119 najnowocze\u015bniejszymi systemami informatycznymi. Od 2019 r. stawiamy na szkolenia wewn\u0119trzne na ka\u017cdym z poziom\u00f3w firmy za spraw\u0105 zaanga\u017cowania wysoko wykwalifikowanego personelu odpowiedzialnego za wprowadzenie filozofii LEAN oraz innowacyjnych narz\u0119dzi, kt\u00f3rych podstaw\u0105 jest laboratorium kreatywne Thinking Fapim: pracownia pomys\u0142\u00f3w, w kt\u00f3rej wyobra\u017camy sobie przysz\u0142o\u015b\u0107 firmy poprzez badania i swobodn\u0105 weryfikacj\u0119 nowych technologii.[\/lead][\/vc_column][\/vc_row][vc_row][vc_column width=\"1\/1\"][divider md_height=\"60\" lg_height=\"60\"][\/vc_column][\/vc_row]","_pl_post_name":"badania-i-rozwoj","_pl_post_excerpt":"","_pl_post_title":"Badania i Rozw\u00f3j","edit_language":"pl","footnotes":""},"class_list":["post-421","page","type-page","status-publish","hentry"],"_links":{"self":[{"href":"https:\/\/www.fapim.it\/pl\/wp-json\/wp\/v2\/pages\/421","targetHints":{"allow":["GET"]}}],"collection":[{"href":"https:\/\/www.fapim.it\/pl\/wp-json\/wp\/v2\/pages"}],"about":[{"href":"https:\/\/www.fapim.it\/pl\/wp-json\/wp\/v2\/types\/page"}],"author":[{"embeddable":true,"href":"https:\/\/www.fapim.it\/pl\/wp-json\/wp\/v2\/users\/1"}],"replies":[{"embeddable":true,"href":"https:\/\/www.fapim.it\/pl\/wp-json\/wp\/v2\/comments?post=421"}],"version-history":[{"count":6,"href":"https:\/\/www.fapim.it\/pl\/wp-json\/wp\/v2\/pages\/421\/revisions"}],"predecessor-version":[{"id":20284,"href":"https:\/\/www.fapim.it\/pl\/wp-json\/wp\/v2\/pages\/421\/revisions\/20284"}],"up":[{"embeddable":true,"href":"https:\/\/www.fapim.it\/pl\/wp-json\/wp\/v2\/pages\/390"}],"wp:attachment":[{"href":"https:\/\/www.fapim.it\/pl\/wp-json\/wp\/v2\/media?parent=421"}],"curies":[{"name":"wp","href":"https:\/\/api.w.org\/{rel}","templated":true}]}}