   {"id":13503,"date":"2019-02-06T10:44:56","date_gmt":"2019-02-06T09:44:56","guid":{"rendered":"http:\/\/testsito.fapim.it\/site\/noi-facciamo\/prodotti-e-progetti\/prodotti\/porte\/ego\/"},"modified":"2025-06-16T10:20:34","modified_gmt":"2025-06-16T08:20:34","slug":"ego","status":"publish","type":"page","link":"https:\/\/www.fapim.it\/ru\/ego\/","title":{"rendered":"Ego","raw":"Ego"},"content":{"rendered":"<section class=\"section  text-normal section-text-no-shadow section-inner-no-shadow section-normal section-opaque\"  >\r\n    \r\n    <div class=\"background-overlay grid-overlay-0 \" style=\"background-color: rgba(0,0,0,0);\"><\/div>\r\n\r\n    <div class=\"container container-vertical-default\">\r\n        <div class=\"row vertical-default\">\r\n            <div class=\"col-md-12     text-default small-screen-default\"  ><p class=\"lead text-justify justify  text-normal element-top-20 element-bottom-20\" data-os-animation=\"none\" data-os-animation-delay=\"0s\">\u0421\u043f\u0435\u0446\u0438\u0430\u043b\u044c\u043d\u044b\u0439 \u0437\u0430\u043c\u043e\u043a \u0434\u043b\u044f \u0430\u043b\u044e\u043c\u0438\u043d\u0438\u0435\u0432\u044b\u0445 \u0434\u0432\u0435\u0440\u0435\u0439, \u043f\u0440\u043e\u0441\u0442\u043e\u0439 \u0438 \u0431\u044b\u0441\u0442\u0440\u043e \u0443\u0441\u0442\u0430\u043d\u0430\u0432\u043b\u0438\u0432\u0430\u0435\u043c\u044b\u0439, \u0438\u043c\u0435\u0435\u0442\u0441\u044f \u0432 \u0432\u0435\u0440\u0441\u0438\u044f\u0445 \u0441 \u043e\u0434\u043d\u0438\u043c, \u0434\u0432\u0443\u043c\u044f \u0438 \u0442\u0440\u0435\u043c\u044f \u0441\u0440\u0430\u0431\u0430\u0442\u044b\u0432\u0430\u043d\u0438\u044f\u043c\u0438, \u043f\u0440\u0435\u0434\u043d\u0430\u0437\u043d\u0430\u0447\u0435\u043d \u0434\u043b\u044f \u043f\u0440\u043e\u0444\u0438\u043b\u0435\u0439 \u043f\u043e\u0434 \u0435\u0432\u0440\u043e\u043f\u0430\u0437 \u0438\u043b\u0438 \u043f\u0430\u0437\u043e\u0432 \u0442\u0438\u043f\u0430 Velox, \u0441\u043e\u043e\u0442\u0432\u0435\u0442\u0441\u0442\u0432\u0443\u0435\u0442 \u0442\u0440\u0435\u0431\u043e\u0432\u0430\u043d\u0438\u044f\u043c \u041d\u043e\u0440\u043c\u044b UNI EN 12209:2003. \u041e\u0441\u043d\u0430\u0449\u0435\u043d \u043a\u043e\u0440\u043f\u0443\u0441\u043e\u043c \u0443\u043c\u0435\u043d\u044c\u0448\u0435\u043d\u043d\u043e\u0439 \u0442\u043e\u043b\u0449\u0438\u043d\u044b (14,5 \u043c\u043c), \u043f\u0435\u0440\u0435\u0434\u043d\u044f\u044f \u0447\u0430\u0441\u0442\u044c \u0438\u0437 \u043d\u0435\u0440\u0436\u0430\u0432\u0435\u044e\u0449\u0435\u0439 \u0441\u0442\u0430\u043b\u0438, \u0440\u0435\u0432\u0435\u0440\u0441\u0438\u0432\u043d\u044b\u0435 \u0440\u0435\u0433\u0443\u043b\u0438\u0440\u0443\u0435\u043c\u044b\u0435 \u0437\u0430\u0449\u0435\u043b\u043a\u0438, \u0440\u0435\u0433\u0443\u043b\u0438\u0440\u0443\u0435\u043c\u044b\u0435 \u043e\u0442\u0432\u0435\u0442\u043d\u044b\u0435 \u0447\u0430\u0441\u0442\u0438 \u0438\u0437 \u0430\u043b\u044e\u043c\u0438\u043d\u0438\u0435\u0432\u043e\u0433\u043e \u0441\u043f\u043b\u0430\u0432\u0430, \u0442\u043e\u0447\u043a\u0438 \u0437\u0430\u043f\u0438\u0440\u0430\u043d\u0438\u044f, \u0432 \u0442\u043e\u043c \u0447\u0438\u0441\u043b\u0435 \u0432 \u0432\u0435\u0440\u0441\u0438\u0438 \u0441 \u0443\u0441\u0442\u0440\u043e\u0439\u0441\u0442\u0432\u043e\u043c \u043f\u0440\u043e\u0442\u0438\u0432 \u0432\u0437\u043b\u043e\u043c\u0430, \u0438\u0437 \u043d\u0435\u0440\u0436\u0430\u0432\u0435\u044e\u0449\u0435\u0439 \u0441\u0442\u0430\u043b\u0438. \u0412\u0435\u0440\u0441\u0438\u044f \u0441 \u00ab\u0434\u0432\u0443\u043c\u044f \u0441\u0440\u0430\u0431\u0430\u0442\u044b\u0432\u0430\u043d\u0438\u044f\u043c\u0438\u00bb \u043f\u043e\u0437\u0432\u043e\u043b\u044f\u0435\u0442 \u043f\u0435\u0440\u0435\u0434\u0432\u0438\u0433\u0430\u0442\u044c \u0440\u0438\u0433\u0435\u043b\u0438 \u0438 \u0442\u043e\u0447\u043a\u0438 \u0437\u0430\u043f\u0438\u0440\u0430\u043d\u0438\u044f \u0441 \u043f\u043e\u043c\u043e\u0449\u044c\u044e \u0440\u0443\u0447\u043a\u0438, \u043f\u043e\u0437\u0432\u043e\u043b\u044f\u044f \u043e\u0441\u0443\u0449\u0435\u0441\u0442\u0432\u0438\u0442\u044c \u0437\u0430\u043f\u0438\u0440\u0430\u043d\u0438\u0435 \u043f\u043e \u043f\u0435\u0440\u0438\u043c\u0435\u0442\u0440\u0443 \u0438 \u0440\u0430\u0432\u043d\u043e\u043c\u0435\u0440\u043d\u043e\u0435 \u0434\u0430\u0432\u043b\u0435\u043d\u0438\u0435 \u043d\u0430 \u0443\u043f\u043b\u043e\u0442\u043d\u0435\u043d\u0438\u0435. \u041b\u0438\u043d\u0438\u044f Ego \u0442\u0430\u043a\u0436\u0435 \u0443\u043a\u043e\u043c\u043f\u043b\u0435\u043a\u0442\u043e\u0432\u0430\u043d\u0430 \u0441\u0435\u0440\u0438\u0435\u0439 \u0432\u044b\u0441\u043e\u043a\u043e\u0442\u0435\u0445\u043d\u043e\u043b\u043e\u0433\u0438\u0447\u043d\u044b\u0445 \u043f\u0440\u0438\u043d\u0430\u0434\u043b\u0435\u0436\u043d\u043e\u0441\u0442\u0435\u0439.<\/p><\/div>        <\/div>\r\n    <\/div>\r\n<\/section>\r\n<section class=\"section  text-normal section-text-no-shadow section-inner-no-shadow section-normal section-opaque\"  >\r\n    \r\n    <div class=\"background-overlay grid-overlay-0 \" style=\"background-color: rgba(0,0,0,0);\"><\/div>\r\n\r\n    <div class=\"container container-vertical-default\">\r\n        <div class=\"row vertical-default\">\r\n            <div class=\"col-md-12     text-default small-screen-default\"  ><div class=\"divider-wrapper \" style=\"visibility:visible;background-color:#FFFFFF\">\r\n    <div class=\"visible-xs\" style=\"height:24px;\"><\/div>\r\n    <div class=\"visible-sm\" style=\"height:24px;\"><\/div>\r\n    <div class=\"visible-md\" style=\"height:24px;\"><\/div>\r\n    <div class=\"visible-lg\" style=\"height:24px;\"><\/div>\r\n<\/div><\/div>        <\/div>\r\n    <\/div>\r\n<\/section>\r\n<section class=\"section  text-normal section-text-no-shadow section-inner-no-shadow section-normal section-opaque\"  >\r\n    \r\n    <div class=\"background-overlay grid-overlay-0 \" style=\"background-color: rgba(0,0,0,0);\"><\/div>\r\n\r\n    <div class=\"container container-vertical-default\">\r\n        <div class=\"row vertical-default\">\r\n            <div class=\"col-md-12     text-default small-screen-default\"  ><div class=\"figure element-top-0 element-bottom-0  \" data-os-animation=\"none\" data-os-animation-delay=\"0s\">\r\n            <span class=\"figure-image\">\r\n        <img loading=\"lazy\" decoding=\"async\" width=\"1240\" height=\"551\" src=\"https:\/\/www.fapim.it\/wp-content\/uploads\/2019\/03\/f_ego_bianco-1.jpg\" class=\"attachment-full size-full\" alt=\"\" srcset=\"https:\/\/www.fapim.it\/wp-content\/uploads\/2019\/03\/f_ego_bianco-1.jpg 1240w, https:\/\/www.fapim.it\/wp-content\/uploads\/2019\/03\/f_ego_bianco-1-300x133.jpg 300w, https:\/\/www.fapim.it\/wp-content\/uploads\/2019\/03\/f_ego_bianco-1-768x341.jpg 768w, https:\/\/www.fapim.it\/wp-content\/uploads\/2019\/03\/f_ego_bianco-1-1024x455.jpg 1024w\" sizes=\"auto, (max-width: 1240px) 100vw, 1240px\" \/>            <\/span>\r\n    <\/div>\r\n<\/div>        <\/div>\r\n    <\/div>\r\n<\/section>\r\n<section class=\"section  text-normal section-text-no-shadow section-inner-no-shadow section-normal section-opaque\"  >\r\n    \r\n    <div class=\"background-overlay grid-overlay-0 \" style=\"background-color: rgba(0,0,0,0);\"><\/div>\r\n\r\n    <div class=\"container container-vertical-default\">\r\n        <div class=\"row vertical-default\">\r\n            <div class=\"col-md-12     text-default small-screen-default\"  ><div class=\"divider-wrapper \" style=\"visibility:visible;background-color:#FFFFFF\">\r\n    <div class=\"visible-xs\" style=\"height:24px;\"><\/div>\r\n    <div class=\"visible-sm\" style=\"height:24px;\"><\/div>\r\n    <div class=\"visible-md\" style=\"height:24px;\"><\/div>\r\n    <div class=\"visible-lg\" style=\"height:24px;\"><\/div>\r\n<\/div><div class=\"col-text-1 text-normal  element-top-20 element-bottom-20\" data-os-animation=\"none\" data-os-animation-delay=\"0s\">\r\n    <h3>\u0434\u043e\u0441\u0442\u0443\u043f\u043d\u0430\u044f \u0434\u043e\u043a\u0443\u043c\u0435\u043d\u0442\u0430\u0446\u0438\u044f<\/h3>\n<\/div>\r\n<documentation slug=\"a790d4b3-21f7-49fe-ab13-853286d6518f\" language=\"ru\" view=\"list\" class=\"\"><\/documentation><div class=\"divider-wrapper \" style=\"visibility:visible;background-color:#FFFFFF\">\r\n    <div class=\"visible-xs\" style=\"height:24px;\"><\/div>\r\n    <div class=\"visible-sm\" style=\"height:24px;\"><\/div>\r\n    <div class=\"visible-md\" style=\"height:24px;\"><\/div>\r\n    <div class=\"visible-lg\" style=\"height:24px;\"><\/div>\r\n<\/div><\/div>        <\/div>\r\n    <\/div>\r\n<\/section>\n","protected":false,"raw":"[vc_row][vc_column width=\"1\/1\"][lead align=\"justify\"]\u0421\u043f\u0435\u0446\u0438\u0430\u043b\u044c\u043d\u044b\u0439 \u0437\u0430\u043c\u043e\u043a \u0434\u043b\u044f \u0430\u043b\u044e\u043c\u0438\u043d\u0438\u0435\u0432\u044b\u0445 \u0434\u0432\u0435\u0440\u0435\u0439, \u043f\u0440\u043e\u0441\u0442\u043e\u0439 \u0438 \u0431\u044b\u0441\u0442\u0440\u043e \u0443\u0441\u0442\u0430\u043d\u0430\u0432\u043b\u0438\u0432\u0430\u0435\u043c\u044b\u0439, \u0438\u043c\u0435\u0435\u0442\u0441\u044f \u0432 \u0432\u0435\u0440\u0441\u0438\u044f\u0445 \u0441 \u043e\u0434\u043d\u0438\u043c, \u0434\u0432\u0443\u043c\u044f \u0438 \u0442\u0440\u0435\u043c\u044f \u0441\u0440\u0430\u0431\u0430\u0442\u044b\u0432\u0430\u043d\u0438\u044f\u043c\u0438, \u043f\u0440\u0435\u0434\u043d\u0430\u0437\u043d\u0430\u0447\u0435\u043d \u0434\u043b\u044f \u043f\u0440\u043e\u0444\u0438\u043b\u0435\u0439 \u043f\u043e\u0434 \u0435\u0432\u0440\u043e\u043f\u0430\u0437 \u0438\u043b\u0438 \u043f\u0430\u0437\u043e\u0432 \u0442\u0438\u043f\u0430 Velox, \u0441\u043e\u043e\u0442\u0432\u0435\u0442\u0441\u0442\u0432\u0443\u0435\u0442 \u0442\u0440\u0435\u0431\u043e\u0432\u0430\u043d\u0438\u044f\u043c \u041d\u043e\u0440\u043c\u044b UNI EN 12209:2003. \u041e\u0441\u043d\u0430\u0449\u0435\u043d \u043a\u043e\u0440\u043f\u0443\u0441\u043e\u043c \u0443\u043c\u0435\u043d\u044c\u0448\u0435\u043d\u043d\u043e\u0439 \u0442\u043e\u043b\u0449\u0438\u043d\u044b (14,5 \u043c\u043c), \u043f\u0435\u0440\u0435\u0434\u043d\u044f\u044f \u0447\u0430\u0441\u0442\u044c \u0438\u0437 \u043d\u0435\u0440\u0436\u0430\u0432\u0435\u044e\u0449\u0435\u0439 \u0441\u0442\u0430\u043b\u0438, \u0440\u0435\u0432\u0435\u0440\u0441\u0438\u0432\u043d\u044b\u0435 \u0440\u0435\u0433\u0443\u043b\u0438\u0440\u0443\u0435\u043c\u044b\u0435 \u0437\u0430\u0449\u0435\u043b\u043a\u0438, \u0440\u0435\u0433\u0443\u043b\u0438\u0440\u0443\u0435\u043c\u044b\u0435 \u043e\u0442\u0432\u0435\u0442\u043d\u044b\u0435 \u0447\u0430\u0441\u0442\u0438 \u0438\u0437 \u0430\u043b\u044e\u043c\u0438\u043d\u0438\u0435\u0432\u043e\u0433\u043e \u0441\u043f\u043b\u0430\u0432\u0430, \u0442\u043e\u0447\u043a\u0438 \u0437\u0430\u043f\u0438\u0440\u0430\u043d\u0438\u044f, \u0432 \u0442\u043e\u043c \u0447\u0438\u0441\u043b\u0435 \u0432 \u0432\u0435\u0440\u0441\u0438\u0438 \u0441 \u0443\u0441\u0442\u0440\u043e\u0439\u0441\u0442\u0432\u043e\u043c \u043f\u0440\u043e\u0442\u0438\u0432 \u0432\u0437\u043b\u043e\u043c\u0430, \u0438\u0437 \u043d\u0435\u0440\u0436\u0430\u0432\u0435\u044e\u0449\u0435\u0439 \u0441\u0442\u0430\u043b\u0438. \u0412\u0435\u0440\u0441\u0438\u044f \u0441 \u00ab\u0434\u0432\u0443\u043c\u044f \u0441\u0440\u0430\u0431\u0430\u0442\u044b\u0432\u0430\u043d\u0438\u044f\u043c\u0438\u00bb \u043f\u043e\u0437\u0432\u043e\u043b\u044f\u0435\u0442 \u043f\u0435\u0440\u0435\u0434\u0432\u0438\u0433\u0430\u0442\u044c \u0440\u0438\u0433\u0435\u043b\u0438 \u0438 \u0442\u043e\u0447\u043a\u0438 \u0437\u0430\u043f\u0438\u0440\u0430\u043d\u0438\u044f \u0441 \u043f\u043e\u043c\u043e\u0449\u044c\u044e \u0440\u0443\u0447\u043a\u0438, \u043f\u043e\u0437\u0432\u043e\u043b\u044f\u044f \u043e\u0441\u0443\u0449\u0435\u0441\u0442\u0432\u0438\u0442\u044c \u0437\u0430\u043f\u0438\u0440\u0430\u043d\u0438\u0435 \u043f\u043e \u043f\u0435\u0440\u0438\u043c\u0435\u0442\u0440\u0443 \u0438 \u0440\u0430\u0432\u043d\u043e\u043c\u0435\u0440\u043d\u043e\u0435 \u0434\u0430\u0432\u043b\u0435\u043d\u0438\u0435 \u043d\u0430 \u0443\u043f\u043b\u043e\u0442\u043d\u0435\u043d\u0438\u0435. \u041b\u0438\u043d\u0438\u044f Ego \u0442\u0430\u043a\u0436\u0435 \u0443\u043a\u043e\u043c\u043f\u043b\u0435\u043a\u0442\u043e\u0432\u0430\u043d\u0430 \u0441\u0435\u0440\u0438\u0435\u0439 \u0432\u044b\u0441\u043e\u043a\u043e\u0442\u0435\u0445\u043d\u043e\u043b\u043e\u0433\u0438\u0447\u043d\u044b\u0445 \u043f\u0440\u0438\u043d\u0430\u0434\u043b\u0435\u0436\u043d\u043e\u0441\u0442\u0435\u0439.[\/lead][\/vc_column][\/vc_row][vc_row][vc_column width=\"1\/1\"][divider visibility=\"visible\"][\/vc_column][\/vc_row][vc_row background_image_parallax_end=\"0\"][vc_column width=\"1\/1\"][vc_single_image image=\"15186\" custom_image_size=\"0\" custom_image_size_crop=\"true\" link_type=\"no-link\" margin_top=\"0\" margin_bottom=\"0\"][\/vc_column][\/vc_row][vc_row][vc_column width=\"1\/1\"][divider visibility=\"visible\"][vc_column_text]\r\n<h3>\u0434\u043e\u0441\u0442\u0443\u043f\u043d\u0430\u044f \u0434\u043e\u043a\u0443\u043c\u0435\u043d\u0442\u0430\u0446\u0438\u044f<\/h3>\r\n[\/vc_column_text][fpm-documentation slug=\"a790d4b3-21f7-49fe-ab13-853286d6518f\" language=\"ru\" view=\"list\" class=\"\"][divider visibility=\"visible\"][\/vc_column][\/vc_row]"},"excerpt":{"rendered":"Serratura specifica per porte in alluminio, semplice e rapida nel montaggio, disponibile nelle versioni singola, triplice ed a \u201cdoppio azionamento\u201d, per profili a Camera Europea o cave tipo Velox, conforme alla norma UNI EN 12209:2003. Dotata di cassa con spessore ridotto (14,5 mm), frontale in acciaio inox, scrocchi regolabili e reversibili, incontri in zama regolabili,","protected":false,"raw":""},"author":1,"featured_media":15000,"parent":0,"menu_order":29,"comment_status":"closed","ping_status":"closed","template":"","meta":{"_it_post_content":"[vc_row][vc_column width=\"1\/1\"][lead align=\"justify\"]Serratura specifica per porte in alluminio, semplice e rapida nel montaggio, disponibile nelle versioni singola, triplice ed a \u201cdoppio azionamento\u201d, per profili a Camera Europea o cave tipo Velox, conforme alla norma UNI EN 12209:2003. Dotata di cassa con spessore ridotto (14,5 mm), frontale in acciaio inox, scrocchi regolabili e reversibili, incontri in zama regolabili, punti di chiusura, anche antieffrazione, in acciaio inox. La versione a \u201cdoppio azionamento\u201d consente la movimentazione delle aste e dei punti di chiusura tramite la maniglia, permettendo di realizzare chiusure perimetrali ed ottenendo una compressione ottimale della guarnizione. La linea Ego viene infine completata da una serie di accessori dall\u2019elevato contenuto tecnico.[\/lead][\/vc_column][\/vc_row][vc_row][vc_column width=\"1\/1\"][divider visibility=\"visible\"][\/vc_column][\/vc_row][vc_row background_image_parallax_end=\"0\"][vc_column width=\"1\/1\"][vc_single_image image=\"15186\" custom_image_size=\"0\" custom_image_size_crop=\"true\" link_type=\"no-link\" margin_top=\"0\" margin_bottom=\"0\"][\/vc_column][\/vc_row][vc_row][vc_column width=\"1\/1\"][divider visibility=\"visible\"][vc_column_text]\r\n<h3>Documentazione disponibile<\/h3>\r\n[\/vc_column_text][fpm-documentation slug=\"a790d4b3-21f7-49fe-ab13-853286d6518f\" language=\"it\" view=\"list\" class=\"\"][divider visibility=\"visible\"][\/vc_column][\/vc_row]","_it_post_name":"ego","_it_post_excerpt":"","_it_post_title":"Ego","_en_post_content":"[vc_row][vc_column width=\"1\/1\"][lead align=\"justify\"]Specific lock for aluminum doors, for quick and easy assembly, available in single, triple and \u201cdouble drive\u201d version, for Eurogroove profiles or Velox type grooves, in compliance with UNI EN 12209:2003. It is equipped with a low thickness case (14,5 mm), stainless steel front, adjustable and reversible latch bolts, adjustable keepers in zamak, locking points, including anti-theft ones, in stainless steel. The \u201cdouble drive\u201d version allows the movement of the rods and locking points through the handle, creating perimetral locking and obtaining optimal compression of the gasket. The Ego range is finally completed by a series of high-tech accessories.\r\n[\/lead][\/vc_column][\/vc_row][vc_row][vc_column width=\"1\/1\"][divider visibility=\"visible\"][\/vc_column][\/vc_row][vc_row background_image_parallax_end=\"0\"][vc_column width=\"1\/1\"][vc_single_image image=\"15186\" custom_image_size=\"0\" custom_image_size_crop=\"true\" link_type=\"no-link\" margin_top=\"0\" margin_bottom=\"0\"][\/vc_column][\/vc_row][vc_row][vc_column width=\"1\/1\"][divider visibility=\"visible\"][vc_column_text]\r\n<h3>Available documentation<\/h3>\r\n[\/vc_column_text][fpm-documentation slug=\"a790d4b3-21f7-49fe-ab13-853286d6518f\" language=\"en\" view=\"list\" class=\"\"][divider visibility=\"visible\"][\/vc_column][\/vc_row]","_en_post_name":"ego","_en_post_excerpt":"","_en_post_title":"Ego","_fr_post_content":"[vc_row][vc_column width=\"1\/1\"][lead align=\"justify\"]Serrure sp\u00e9cifique de porte en aluminium, avec montage simple et rapide, disponible dans la version single, triple et \u00e0 \u00ab double actionnement \u00bb, pour profils \u00e0 Chambre Europ\u00e9enne ou gorge du type Velox, conforme au standard UNI EN 12209 :2003. Equip\u00e9e de boite avec cale r\u00e9duite (14,5mm), frontale en acier inox, p\u00eanes r\u00e9glables et r\u00e9versibles, g\u00e2ches en zamak r\u00e9glables, points de fermeture, aussi antieffraction, en acier inox. La version \u00e0 \u201cdouble actionnement\u201d permet le mouvement des tringles et des points de fermeture par la b\u00e9quille, permettant de r\u00e9aliser des fermetures p\u00e9rim\u00e9trique et obtenir une compression optimale du joint. La gamme Ego est aussi compl\u00e9t\u00e9e par beaucoup d\u2019accessoires de grand contenu technique.[\/lead][\/vc_column][\/vc_row][vc_row][vc_column width=\"1\/1\"][divider visibility=\"visible\"][\/vc_column][\/vc_row][vc_row background_image_parallax_end=\"0\"][vc_column width=\"1\/1\"][vc_single_image image=\"15186\" custom_image_size=\"0\" custom_image_size_crop=\"true\" link_type=\"no-link\" margin_top=\"0\" margin_bottom=\"0\"][\/vc_column][\/vc_row][vc_row][vc_column width=\"1\/1\"][divider visibility=\"visible\"][vc_column_text]\r\n<h3>Documentation disponible<\/h3>\r\n[\/vc_column_text][fpm-documentation slug=\"a790d4b3-21f7-49fe-ab13-853286d6518f\" language=\"fr\" view=\"list\" class=\"\"][divider visibility=\"visible\"][\/vc_column][\/vc_row]","_fr_post_name":"ego","_fr_post_excerpt":"","_fr_post_title":"Ego","_es_post_content":"[vc_row][vc_column width=\"1\/1\"][lead align=\"justify\"]Cerradura particular para puertas de aluminio sencilla y con montaje r\u00e1pido, disponible en la versi\u00f3n sencilla, tr\u00edplice y de doble accionamiento, ,para perfiles de c\u00e1mara europea, o tipo Velox en conformidad con la norma UNI EN 12209:2003. Equipado con un cofre con un espesor reducido (14,5 mm), frental de acero inoxidable, pestillos ajustables y reversibles, cerraderos de zamak puntos de aun con anti robo, de acero inoxidable. La versi\u00f3n de \u201c doble accionamiento\u201d permite que el movimiento de las barras y puntos de cierre por medio de la manilla permitiendo crear cierres perimetrales y una compresi\u00f3n \u00f3ptima de la junta. La l\u00ednea de Ego est\u00e1 completada por una serie de accesorios de contenido t\u00e9cnico.[\/lead][\/vc_column][\/vc_row][vc_row][vc_column width=\"1\/1\"][divider visibility=\"visible\"][\/vc_column][\/vc_row][vc_row background_image_parallax_end=\"0\"][vc_column width=\"1\/1\"][vc_single_image image=\"15186\" custom_image_size=\"0\" custom_image_size_crop=\"true\" link_type=\"no-link\" margin_top=\"0\" margin_bottom=\"0\"][\/vc_column][\/vc_row][vc_row][vc_column width=\"1\/1\"][divider visibility=\"visible\"][vc_column_text]\r\n<h3>Documentacion disponible<\/h3>\r\n[\/vc_column_text][fpm-documentation slug=\"a790d4b3-21f7-49fe-ab13-853286d6518f\" language=\"es\" view=\"list\" class=\"\"][divider visibility=\"visible\"][\/vc_column][\/vc_row]","_es_post_name":"ego","_es_post_excerpt":"","_es_post_title":"Ego","_ru_post_content":"[vc_row][vc_column width=\"1\/1\"][lead align=\"justify\"]\u0421\u043f\u0435\u0446\u0438\u0430\u043b\u044c\u043d\u044b\u0439 \u0437\u0430\u043c\u043e\u043a \u0434\u043b\u044f \u0430\u043b\u044e\u043c\u0438\u043d\u0438\u0435\u0432\u044b\u0445 \u0434\u0432\u0435\u0440\u0435\u0439, \u043f\u0440\u043e\u0441\u0442\u043e\u0439 \u0438 \u0431\u044b\u0441\u0442\u0440\u043e \u0443\u0441\u0442\u0430\u043d\u0430\u0432\u043b\u0438\u0432\u0430\u0435\u043c\u044b\u0439, \u0438\u043c\u0435\u0435\u0442\u0441\u044f \u0432 \u0432\u0435\u0440\u0441\u0438\u044f\u0445 \u0441 \u043e\u0434\u043d\u0438\u043c, \u0434\u0432\u0443\u043c\u044f \u0438 \u0442\u0440\u0435\u043c\u044f \u0441\u0440\u0430\u0431\u0430\u0442\u044b\u0432\u0430\u043d\u0438\u044f\u043c\u0438, \u043f\u0440\u0435\u0434\u043d\u0430\u0437\u043d\u0430\u0447\u0435\u043d \u0434\u043b\u044f \u043f\u0440\u043e\u0444\u0438\u043b\u0435\u0439 \u043f\u043e\u0434 \u0435\u0432\u0440\u043e\u043f\u0430\u0437 \u0438\u043b\u0438 \u043f\u0430\u0437\u043e\u0432 \u0442\u0438\u043f\u0430 Velox, \u0441\u043e\u043e\u0442\u0432\u0435\u0442\u0441\u0442\u0432\u0443\u0435\u0442 \u0442\u0440\u0435\u0431\u043e\u0432\u0430\u043d\u0438\u044f\u043c \u041d\u043e\u0440\u043c\u044b UNI EN 12209:2003. \u041e\u0441\u043d\u0430\u0449\u0435\u043d \u043a\u043e\u0440\u043f\u0443\u0441\u043e\u043c \u0443\u043c\u0435\u043d\u044c\u0448\u0435\u043d\u043d\u043e\u0439 \u0442\u043e\u043b\u0449\u0438\u043d\u044b (14,5 \u043c\u043c), \u043f\u0435\u0440\u0435\u0434\u043d\u044f\u044f \u0447\u0430\u0441\u0442\u044c \u0438\u0437 \u043d\u0435\u0440\u0436\u0430\u0432\u0435\u044e\u0449\u0435\u0439 \u0441\u0442\u0430\u043b\u0438, \u0440\u0435\u0432\u0435\u0440\u0441\u0438\u0432\u043d\u044b\u0435 \u0440\u0435\u0433\u0443\u043b\u0438\u0440\u0443\u0435\u043c\u044b\u0435 \u0437\u0430\u0449\u0435\u043b\u043a\u0438, \u0440\u0435\u0433\u0443\u043b\u0438\u0440\u0443\u0435\u043c\u044b\u0435 \u043e\u0442\u0432\u0435\u0442\u043d\u044b\u0435 \u0447\u0430\u0441\u0442\u0438 \u0438\u0437 \u0430\u043b\u044e\u043c\u0438\u043d\u0438\u0435\u0432\u043e\u0433\u043e \u0441\u043f\u043b\u0430\u0432\u0430, \u0442\u043e\u0447\u043a\u0438 \u0437\u0430\u043f\u0438\u0440\u0430\u043d\u0438\u044f, \u0432 \u0442\u043e\u043c \u0447\u0438\u0441\u043b\u0435 \u0432 \u0432\u0435\u0440\u0441\u0438\u0438 \u0441 \u0443\u0441\u0442\u0440\u043e\u0439\u0441\u0442\u0432\u043e\u043c \u043f\u0440\u043e\u0442\u0438\u0432 \u0432\u0437\u043b\u043e\u043c\u0430, \u0438\u0437 \u043d\u0435\u0440\u0436\u0430\u0432\u0435\u044e\u0449\u0435\u0439 \u0441\u0442\u0430\u043b\u0438. \u0412\u0435\u0440\u0441\u0438\u044f \u0441 \u00ab\u0434\u0432\u0443\u043c\u044f \u0441\u0440\u0430\u0431\u0430\u0442\u044b\u0432\u0430\u043d\u0438\u044f\u043c\u0438\u00bb \u043f\u043e\u0437\u0432\u043e\u043b\u044f\u0435\u0442 \u043f\u0435\u0440\u0435\u0434\u0432\u0438\u0433\u0430\u0442\u044c \u0440\u0438\u0433\u0435\u043b\u0438 \u0438 \u0442\u043e\u0447\u043a\u0438 \u0437\u0430\u043f\u0438\u0440\u0430\u043d\u0438\u044f \u0441 \u043f\u043e\u043c\u043e\u0449\u044c\u044e \u0440\u0443\u0447\u043a\u0438, \u043f\u043e\u0437\u0432\u043e\u043b\u044f\u044f \u043e\u0441\u0443\u0449\u0435\u0441\u0442\u0432\u0438\u0442\u044c \u0437\u0430\u043f\u0438\u0440\u0430\u043d\u0438\u0435 \u043f\u043e \u043f\u0435\u0440\u0438\u043c\u0435\u0442\u0440\u0443 \u0438 \u0440\u0430\u0432\u043d\u043e\u043c\u0435\u0440\u043d\u043e\u0435 \u0434\u0430\u0432\u043b\u0435\u043d\u0438\u0435 \u043d\u0430 \u0443\u043f\u043b\u043e\u0442\u043d\u0435\u043d\u0438\u0435. \u041b\u0438\u043d\u0438\u044f Ego \u0442\u0430\u043a\u0436\u0435 \u0443\u043a\u043e\u043c\u043f\u043b\u0435\u043a\u0442\u043e\u0432\u0430\u043d\u0430 \u0441\u0435\u0440\u0438\u0435\u0439 \u0432\u044b\u0441\u043e\u043a\u043e\u0442\u0435\u0445\u043d\u043e\u043b\u043e\u0433\u0438\u0447\u043d\u044b\u0445 \u043f\u0440\u0438\u043d\u0430\u0434\u043b\u0435\u0436\u043d\u043e\u0441\u0442\u0435\u0439.[\/lead][\/vc_column][\/vc_row][vc_row][vc_column width=\"1\/1\"][divider visibility=\"visible\"][\/vc_column][\/vc_row][vc_row background_image_parallax_end=\"0\"][vc_column width=\"1\/1\"][vc_single_image image=\"15186\" custom_image_size=\"0\" custom_image_size_crop=\"true\" link_type=\"no-link\" margin_top=\"0\" margin_bottom=\"0\"][\/vc_column][\/vc_row][vc_row][vc_column width=\"1\/1\"][divider visibility=\"visible\"][vc_column_text]\r\n<h3>\u0434\u043e\u0441\u0442\u0443\u043f\u043d\u0430\u044f \u0434\u043e\u043a\u0443\u043c\u0435\u043d\u0442\u0430\u0446\u0438\u044f<\/h3>\r\n[\/vc_column_text][fpm-documentation slug=\"a790d4b3-21f7-49fe-ab13-853286d6518f\" language=\"ru\" view=\"list\" class=\"\"][divider visibility=\"visible\"][\/vc_column][\/vc_row]","_ru_post_name":"ego","_ru_post_excerpt":"","_ru_post_title":"Ego","_pl_post_content":"[vc_row][vc_column width=\"1\/1\"][lead align=\"justify\"]Zamek przeznaczony do drzwi aluminiowych, prosty i szybki w monta\u017cu, dost\u0119pny w wersji pojedynczej, potr\u00f3jnej i z \u201epodw\u00f3jnym dzia\u0142aniem\u201d, przeznaczony do profili z eurorowkiem lub z rowkiem Velox, zgodny z norm\u0105 UNI EN 12209:2003. Wyposa\u017cony jest w kaset\u0119 o niewielkim rozmiarze (14,5 mm), p\u0142yt\u0119 przedni\u0105 ze stali nierdzewnej, regulowane zatrzaski z mo\u017cliwo\u015bci\u0105 odwr\u00f3cenia kierunku, regulowane zaczepy ze znalu, punkty zamykaj\u0105ce ze stali nierdzewnej wyposa\u017cone r\u00f3wnie\u017c w zabezpieczenie antyw\u0142amaniowe. Wersja z \u201epodw\u00f3jnym dzia\u0142aniem\u201d pozwala na ruch pr\u0119t\u00f3w i punkt\u00f3w zamkni\u0119cia za pomoc\u0105 klamki, umo\u017cliwiaj\u0105c zamkni\u0119cie obwodowe, zapewniaj\u0105c jednocze\u015bnie optymalne doci\u015bni\u0119cie uszczelki. Linia Ego uzupe\u0142niana jest przez seri\u0119 akcesori\u00f3w o wysokim zaawansowaniu technicznym.[\/lead][\/vc_column][\/vc_row][vc_row][vc_column width=\"1\/1\"][divider visibility=\"visible\"][\/vc_column][\/vc_row][vc_row background_image_parallax_end=\"0\"][vc_column width=\"1\/1\"][vc_single_image image=\"15186\" custom_image_size=\"0\" custom_image_size_crop=\"true\" margin_top=\"0\" margin_bottom=\"0\"][\/vc_column][\/vc_row][vc_row][vc_column width=\"1\/1\"][divider visibility=\"visible\"][vc_column_text]\r\n<h3>DOST\u0118PNA DOKUMENTACJA<\/h3>\r\n[\/vc_column_text][fpm-documentation slug=\"a790d4b3-21f7-49fe-ab13-853286d6518f\" language=\"en\" view=\"list\" class=\"\"][divider visibility=\"visible\"][\/vc_column][\/vc_row]","_pl_post_name":"drzwi","_pl_post_excerpt":"","_pl_post_title":"EGO","edit_language":"ru","footnotes":""},"class_list":["post-13503","page","type-page","status-publish","has-post-thumbnail","hentry"],"_links":{"self":[{"href":"https:\/\/www.fapim.it\/ru\/wp-json\/wp\/v2\/pages\/13503","targetHints":{"allow":["GET"]}}],"collection":[{"href":"https:\/\/www.fapim.it\/ru\/wp-json\/wp\/v2\/pages"}],"about":[{"href":"https:\/\/www.fapim.it\/ru\/wp-json\/wp\/v2\/types\/page"}],"author":[{"embeddable":true,"href":"https:\/\/www.fapim.it\/ru\/wp-json\/wp\/v2\/users\/1"}],"replies":[{"embeddable":true,"href":"https:\/\/www.fapim.it\/ru\/wp-json\/wp\/v2\/comments?post=13503"}],"version-history":[{"count":6,"href":"https:\/\/www.fapim.it\/ru\/wp-json\/wp\/v2\/pages\/13503\/revisions"}],"predecessor-version":[{"id":26326,"href":"https:\/\/www.fapim.it\/ru\/wp-json\/wp\/v2\/pages\/13503\/revisions\/26326"}],"wp:featuredmedia":[{"embeddable":true,"href":"https:\/\/www.fapim.it\/ru\/wp-json\/wp\/v2\/media\/15000"}],"wp:attachment":[{"href":"https:\/\/www.fapim.it\/ru\/wp-json\/wp\/v2\/media?parent=13503"}],"curies":[{"name":"wp","href":"https:\/\/api.w.org\/{rel}","templated":true}]}}