   {"id":13519,"date":"2019-02-06T10:46:25","date_gmt":"2019-02-06T09:46:25","guid":{"rendered":"http:\/\/testsito.fapim.it\/site\/noi-facciamo\/prodotti-e-progetti\/prodotti\/domatic\/blister\/"},"modified":"2025-06-16T10:24:50","modified_gmt":"2025-06-16T08:24:50","slug":"blister","status":"publish","type":"page","link":"https:\/\/www.fapim.it\/ru\/blister\/","title":{"rendered":"Blister","raw":"Blister"},"content":{"rendered":"<section class=\"section  text-normal section-text-no-shadow section-inner-no-shadow section-normal section-opaque\"  >\r\n    \r\n    <div class=\"background-overlay grid-overlay-0 \" style=\"background-color: rgba(0,0,0,0);\"><\/div>\r\n\r\n    <div class=\"container container-vertical-default\">\r\n        <div class=\"row vertical-default\">\r\n            <div class=\"col-md-12     text-default small-screen-default\"  ><div class=\"divider-wrapper \" style=\"visibility:visible;background-color:#FFFFFF\">\r\n    <div class=\"visible-xs\" style=\"height:24px;\"><\/div>\r\n    <div class=\"visible-sm\" style=\"height:24px;\"><\/div>\r\n    <div class=\"visible-md\" style=\"height:24px;\"><\/div>\r\n    <div class=\"visible-lg\" style=\"height:24px;\"><\/div>\r\n<\/div><\/div>        <\/div>\r\n    <\/div>\r\n<\/section>\r\n<section class=\"section  text-normal section-text-no-shadow section-inner-no-shadow section-normal section-opaque\"  >\r\n    \r\n    <div class=\"background-overlay grid-overlay-0 \" style=\"background-color: rgba(0,0,0,0);\"><\/div>\r\n\r\n    <div class=\"container container-vertical-default\">\r\n        <div class=\"row vertical-default\">\r\n            <div class=\"col-md-12     text-default small-screen-default\"  ><p class=\"lead text-justify justify  text-normal element-top-20 element-bottom-20\" data-os-animation=\"none\" data-os-animation-delay=\"0s\">\u041b\u0438\u043d\u0438\u044f Blister \u0441\u043e\u0441\u0442\u043e\u0438\u0442 \u0438\u0437 \u044d\u043b\u0435\u043c\u0435\u043d\u0442\u043e\u0432 \u043b\u0438\u043d\u0438\u0439 Igloo, Igloo Compact \u0438 Profix, \u043f\u0440\u0435\u0434\u043d\u0430\u0437\u043d\u0430\u0447\u0435\u043d\u043d\u044b\u0445 \u0434\u043b\u044f \u043f\u0440\u0438\u043c\u0435\u043d\u0435\u043d\u0438\u044f \u0432\u043d\u0435 \u043f\u043e\u043c\u0435\u0449\u0435\u043d\u0438\u0439. \u041a\u0430\u0436\u0434\u0430\u044f \u043e\u0442\u0434\u0435\u043b\u044c\u043d\u0430\u044f \u0434\u0435\u0442\u0430\u043b\u044c \u043f\u043e\u0441\u0442\u0430\u0432\u043b\u044f\u0435\u0442\u0441\u044f \u0432 \u0431\u043b\u0438\u0441\u0442\u0435\u0440\u043d\u043e\u0439 \u0443\u043f\u0430\u043a\u043e\u0432\u043a\u0435<\/p><\/div>        <\/div>\r\n    <\/div>\r\n<\/section>\r\n<section class=\"section  text-normal section-text-no-shadow section-inner-no-shadow section-normal section-opaque\"  >\r\n    \r\n    <div class=\"background-overlay grid-overlay-0 \" style=\"background-color: rgba(0,0,0,0);\"><\/div>\r\n\r\n    <div class=\"container container-vertical-default\">\r\n        <div class=\"row vertical-default\">\r\n            <div class=\"col-md-12     text-default small-screen-default\"  ><div class=\"divider-wrapper \" style=\"visibility:visible;background-color:#FFFFFF\">\r\n    <div class=\"visible-xs\" style=\"height:24px;\"><\/div>\r\n    <div class=\"visible-sm\" style=\"height:24px;\"><\/div>\r\n    <div class=\"visible-md\" style=\"height:24px;\"><\/div>\r\n    <div class=\"visible-lg\" style=\"height:24px;\"><\/div>\r\n<\/div><\/div>        <\/div>\r\n    <\/div>\r\n<\/section>\r\n<section class=\"section  text-normal section-text-no-shadow section-inner-no-shadow section-normal section-opaque\"  >\r\n    \r\n    <div class=\"background-overlay grid-overlay-0 \" style=\"background-color: rgba(0,0,0,0);\"><\/div>\r\n\r\n    <div class=\"container container-vertical-default\">\r\n        <div class=\"row vertical-default\">\r\n            <div class=\"col-md-12     text-default small-screen-default\"  ><div class=\"figure element-top-0 element-bottom-0  \" data-os-animation=\"none\" data-os-animation-delay=\"0s\">\r\n            <span class=\"figure-image\">\r\n        <img loading=\"lazy\" decoding=\"async\" width=\"1240\" height=\"551\" src=\"https:\/\/www.fapim.it\/wp-content\/uploads\/2019\/03\/f_blister1.jpg\" class=\"attachment-full size-full\" alt=\"\" srcset=\"https:\/\/www.fapim.it\/wp-content\/uploads\/2019\/03\/f_blister1.jpg 1240w, https:\/\/www.fapim.it\/wp-content\/uploads\/2019\/03\/f_blister1-300x133.jpg 300w, https:\/\/www.fapim.it\/wp-content\/uploads\/2019\/03\/f_blister1-768x341.jpg 768w, https:\/\/www.fapim.it\/wp-content\/uploads\/2019\/03\/f_blister1-1024x455.jpg 1024w\" sizes=\"auto, (max-width: 1240px) 100vw, 1240px\" \/>            <\/span>\r\n    <\/div>\r\n<\/div>        <\/div>\r\n    <\/div>\r\n<\/section>\r\n<section class=\"section  text-normal section-text-no-shadow section-inner-no-shadow section-normal section-opaque\"  >\r\n    \r\n    <div class=\"background-overlay grid-overlay-0 \" style=\"background-color: rgba(0,0,0,0);\"><\/div>\r\n\r\n    <div class=\"container container-vertical-default\">\r\n        <div class=\"row vertical-default\">\r\n            <div class=\"col-md-12     text-default small-screen-default\"  ><div class=\"divider-wrapper \" style=\"visibility:hidden;background-color:#FFFFFF\">\r\n    <div class=\"visible-xs\" style=\"height:24px;\"><\/div>\r\n    <div class=\"visible-sm\" style=\"height:24px;\"><\/div>\r\n    <div class=\"visible-md\" style=\"height:60px;\"><\/div>\r\n    <div class=\"visible-lg\" style=\"height:60px;\"><\/div>\r\n<\/div><div class=\"col-text-1 text-normal  element-top-20 element-bottom-20\" data-os-animation=\"none\" data-os-animation-delay=\"0s\">\r\n    <h3>\u0434\u043e\u0441\u0442\u0443\u043f\u043d\u0430\u044f \u0434\u043e\u043a\u0443\u043c\u0435\u043d\u0442\u0430\u0446\u0438\u044f<\/h3>\n<\/div>\r\n<documentation slug=\"5d6b62f8-e295-4ec7-93f4-352e03ab95d8\" language=\"it\" view=\"list\" class=\"\"><\/documentation><div class=\"divider-wrapper \" style=\"visibility:hidden;background-color:#FFFFFF\">\r\n    <div class=\"visible-xs\" style=\"height:24px;\"><\/div>\r\n    <div class=\"visible-sm\" style=\"height:24px;\"><\/div>\r\n    <div class=\"visible-md\" style=\"height:60px;\"><\/div>\r\n    <div class=\"visible-lg\" style=\"height:60px;\"><\/div>\r\n<\/div><\/div>        <\/div>\r\n    <\/div>\r\n<\/section>\n","protected":false,"raw":"[vc_row][vc_column width=\"1\/1\"][divider visibility=\"visible\"][\/vc_column][\/vc_row][vc_row][vc_column width=\"1\/1\"][lead align=\"justify\"]\u041b\u0438\u043d\u0438\u044f Blister \u0441\u043e\u0441\u0442\u043e\u0438\u0442 \u0438\u0437 \u044d\u043b\u0435\u043c\u0435\u043d\u0442\u043e\u0432 \u043b\u0438\u043d\u0438\u0439 Igloo, Igloo Compact \u0438 Profix, \u043f\u0440\u0435\u0434\u043d\u0430\u0437\u043d\u0430\u0447\u0435\u043d\u043d\u044b\u0445 \u0434\u043b\u044f \u043f\u0440\u0438\u043c\u0435\u043d\u0435\u043d\u0438\u044f \u0432\u043d\u0435 \u043f\u043e\u043c\u0435\u0449\u0435\u043d\u0438\u0439. \u041a\u0430\u0436\u0434\u0430\u044f \u043e\u0442\u0434\u0435\u043b\u044c\u043d\u0430\u044f \u0434\u0435\u0442\u0430\u043b\u044c \u043f\u043e\u0441\u0442\u0430\u0432\u043b\u044f\u0435\u0442\u0441\u044f \u0432 \u0431\u043b\u0438\u0441\u0442\u0435\u0440\u043d\u043e\u0439 \u0443\u043f\u0430\u043a\u043e\u0432\u043a\u0435[\/lead][\/vc_column][\/vc_row][vc_row][vc_column width=\"1\/1\"][divider visibility=\"visible\"][\/vc_column][\/vc_row][vc_row background_image_parallax_end=\"0\"][vc_column width=\"1\/1\"][vc_single_image image=\"15264\" custom_image_size=\"0\" custom_image_size_crop=\"true\" link_type=\"no-link\" margin_top=\"0\" margin_bottom=\"0\"][\/vc_column][\/vc_row][vc_row][vc_column width=\"1\/1\"][divider md_height=\"60\" lg_height=\"60\"][vc_column_text]\r\n<h3>\u0434\u043e\u0441\u0442\u0443\u043f\u043d\u0430\u044f \u0434\u043e\u043a\u0443\u043c\u0435\u043d\u0442\u0430\u0446\u0438\u044f<\/h3>\r\n[\/vc_column_text][fpm-documentation slug=\"5d6b62f8-e295-4ec7-93f4-352e03ab95d8\" language=\"it\" view=\"list\" class=\"\"][divider md_height=\"60\" lg_height=\"60\"][\/vc_column][\/vc_row]"},"excerpt":{"rendered":"La linea Blister \u00e8 costituita dai prodotti delle linee Igloo, Igloo Compact e Profix, adattati per l\u2019applicazione esterna e confezionata in comodi blister da un pezzo. L\u2019ultimo nato della linea Blister \u00e8 il D-rain che, diversamente dagli altri articoli, si fissa al pavimento fornendo un\u2019ottimale protezione dall\u2019infiltrazione dell\u2019acqua. Documentazione disponibile","protected":false,"raw":""},"author":1,"featured_media":14079,"parent":0,"menu_order":66,"comment_status":"closed","ping_status":"closed","template":"","meta":{"_it_post_content":"[vc_row][vc_column width=\"1\/1\"][divider visibility=\"visible\"][\/vc_column][\/vc_row][vc_row][vc_column width=\"1\/1\"][lead align=\"justify\"]La linea Blister \u00e8 costituita dai prodotti delle linee Igloo, Igloo Compact e Profix, adattati per l\u2019applicazione esterna e confezionata in comodi blister da un pezzo. L\u2019ultimo nato della linea Blister \u00e8 il D-rain che, diversamente dagli altri articoli, si fissa al pavimento fornendo un\u2019ottimale protezione dall\u2019infiltrazione dell\u2019acqua.[\/lead][\/vc_column][\/vc_row][vc_row][vc_column width=\"1\/1\"][divider visibility=\"visible\"][\/vc_column][\/vc_row][vc_row background_image_parallax_end=\"0\"][vc_column width=\"1\/1\"][vc_single_image image=\"15264\" custom_image_size=\"0\" custom_image_size_crop=\"true\" link_type=\"no-link\" margin_top=\"0\" margin_bottom=\"0\"][\/vc_column][\/vc_row][vc_row][vc_column width=\"1\/1\"][divider md_height=\"60\" lg_height=\"60\"][vc_column_text]\r\n<h3>Documentazione disponibile<\/h3>\r\n[\/vc_column_text][fpm-documentation slug=\"5d6b62f8-e295-4ec7-93f4-352e03ab95d8\" language=\"it\" view=\"list\" class=\"\"][divider md_height=\"60\" lg_height=\"60\"][\/vc_column][\/vc_row]","_it_post_name":"blister","_it_post_excerpt":"","_it_post_title":"Blister","_en_post_content":"[vc_row][vc_column width=\"1\/1\"][divider visibility=\"visible\"][\/vc_column][\/vc_row][vc_row][vc_column width=\"1\/1\"][lead align=\"justify\"]The Blister line is made up of the products of the Igloo, Igloo Compact and Profix ranges, tailored to the external application and packaged in convenient blister packs of one piece.[\/lead][\/vc_column][\/vc_row][vc_row][vc_column width=\"1\/1\"][divider visibility=\"visible\"][\/vc_column][\/vc_row][vc_row background_image_parallax_end=\"0\"][vc_column width=\"1\/1\"][vc_single_image image=\"15264\" custom_image_size=\"0\" custom_image_size_crop=\"true\" link_type=\"no-link\" margin_top=\"0\" margin_bottom=\"0\"][\/vc_column][\/vc_row][vc_row][vc_column width=\"1\/1\"][divider md_height=\"60\" lg_height=\"60\"][vc_column_text]\r\n<h3>Available documentation<\/h3>\r\n[\/vc_column_text][fpm-documentation slug=\"5d6b62f8-e295-4ec7-93f4-352e03ab95d8\" language=\"en\" view=\"list\" class=\"\"][divider md_height=\"60\" lg_height=\"60\"][\/vc_column][\/vc_row]","_en_post_name":"blister","_en_post_excerpt":"","_en_post_title":"Blister","_fr_post_content":"[vc_row][vc_column width=\"1\/1\"][divider visibility=\"visible\"][\/vc_column][\/vc_row][vc_row][vc_column width=\"1\/1\"][lead align=\"justify\"]La gamme Blister est form\u00e9e par des produits des gammes Igloo, Igloo Compact, D-Rain et Profix aptes pour l\u2019application externe et conditionn\u00e9es en blister d\u2019une pi\u00e8ce.[\/lead][\/vc_column][\/vc_row][vc_row][vc_column width=\"1\/1\"][divider visibility=\"visible\"][\/vc_column][\/vc_row][vc_row background_image_parallax_end=\"0\"][vc_column width=\"1\/1\"][vc_single_image image=\"15264\" custom_image_size=\"0\" custom_image_size_crop=\"true\" link_type=\"no-link\" margin_top=\"0\" margin_bottom=\"0\"][\/vc_column][\/vc_row][vc_row][vc_column width=\"1\/1\"][divider md_height=\"60\" lg_height=\"60\"][vc_column_text]\r\n<h3>Documentation disponible<\/h3>\r\n[\/vc_column_text][fpm-documentation slug=\"5d6b62f8-e295-4ec7-93f4-352e03ab95d8\" language=\"fr\" view=\"list\" class=\"\"][divider md_height=\"60\" lg_height=\"60\"][\/vc_column][\/vc_row]","_fr_post_name":"blister","_fr_post_excerpt":"","_fr_post_title":"Blister","_es_post_content":"[vc_row][vc_column width=\"1\/1\"][divider visibility=\"visible\"][\/vc_column][\/vc_row][vc_row][vc_column width=\"1\/1\"][lead align=\"justify\"]La linea Blister se compone de productos de las lineas Igloo, Igloo Compact e Profix, adaptados por la aplicaci\u00f3n al exterior y embalado en bl\u00edster de una pieza.[\/lead][\/vc_column][\/vc_row][vc_row][vc_column width=\"1\/1\"][divider visibility=\"visible\"][\/vc_column][\/vc_row][vc_row background_image_parallax_end=\"0\"][vc_column width=\"1\/1\"][vc_single_image image=\"15264\" custom_image_size=\"0\" custom_image_size_crop=\"true\" link_type=\"no-link\" margin_top=\"0\" margin_bottom=\"0\"][\/vc_column][\/vc_row][vc_row][vc_column width=\"1\/1\"][divider md_height=\"60\" lg_height=\"60\"][vc_column_text]\r\n<h3>Documentacion disponible<\/h3>\r\n[\/vc_column_text][fpm-documentation slug=\"5d6b62f8-e295-4ec7-93f4-352e03ab95d8\" language=\"es\" view=\"list\" class=\"\"][divider md_height=\"60\" lg_height=\"60\"][\/vc_column][\/vc_row]","_es_post_name":"blister","_es_post_excerpt":"","_es_post_title":"Blister","_ru_post_content":"[vc_row][vc_column width=\"1\/1\"][divider visibility=\"visible\"][\/vc_column][\/vc_row][vc_row][vc_column width=\"1\/1\"][lead align=\"justify\"]\u041b\u0438\u043d\u0438\u044f Blister \u0441\u043e\u0441\u0442\u043e\u0438\u0442 \u0438\u0437 \u044d\u043b\u0435\u043c\u0435\u043d\u0442\u043e\u0432 \u043b\u0438\u043d\u0438\u0439 Igloo, Igloo Compact \u0438 Profix, \u043f\u0440\u0435\u0434\u043d\u0430\u0437\u043d\u0430\u0447\u0435\u043d\u043d\u044b\u0445 \u0434\u043b\u044f \u043f\u0440\u0438\u043c\u0435\u043d\u0435\u043d\u0438\u044f \u0432\u043d\u0435 \u043f\u043e\u043c\u0435\u0449\u0435\u043d\u0438\u0439. \u041a\u0430\u0436\u0434\u0430\u044f \u043e\u0442\u0434\u0435\u043b\u044c\u043d\u0430\u044f \u0434\u0435\u0442\u0430\u043b\u044c \u043f\u043e\u0441\u0442\u0430\u0432\u043b\u044f\u0435\u0442\u0441\u044f \u0432 \u0431\u043b\u0438\u0441\u0442\u0435\u0440\u043d\u043e\u0439 \u0443\u043f\u0430\u043a\u043e\u0432\u043a\u0435[\/lead][\/vc_column][\/vc_row][vc_row][vc_column width=\"1\/1\"][divider visibility=\"visible\"][\/vc_column][\/vc_row][vc_row background_image_parallax_end=\"0\"][vc_column width=\"1\/1\"][vc_single_image image=\"15264\" custom_image_size=\"0\" custom_image_size_crop=\"true\" link_type=\"no-link\" margin_top=\"0\" margin_bottom=\"0\"][\/vc_column][\/vc_row][vc_row][vc_column width=\"1\/1\"][divider md_height=\"60\" lg_height=\"60\"][vc_column_text]\r\n<h3>\u0434\u043e\u0441\u0442\u0443\u043f\u043d\u0430\u044f \u0434\u043e\u043a\u0443\u043c\u0435\u043d\u0442\u0430\u0446\u0438\u044f<\/h3>\r\n[\/vc_column_text][fpm-documentation slug=\"5d6b62f8-e295-4ec7-93f4-352e03ab95d8\" language=\"it\" view=\"list\" class=\"\"][divider md_height=\"60\" lg_height=\"60\"][\/vc_column][\/vc_row]","_ru_post_name":"blister","_ru_post_excerpt":"","_ru_post_title":"Blister","_pl_post_content":"[vc_row][vc_column width=\"1\/1\"][divider visibility=\"visible\"][\/vc_column][\/vc_row][vc_row][vc_column width=\"1\/1\"][lead align=\"justify\"]Na lini\u0119 Blister sk\u0142adaj\u0105 si\u0119 produkty nale\u017c\u0105ce do linii Igloo, Igloo Compact i Profix, przystosowane do monta\u017cu zewn\u0119trznego i zapakowane osobno w wygodne opakowanie typu blister. Ostatnim produktem dodanym do linii Blister jest D-rain, kt\u00f3ry w odr\u00f3\u017cnieniu od innych artyku\u0142\u00f3w mocowany jest do pod\u0142ogi, zapewniaj\u0105c optymalne zabezpieczenie przed przedostawaniem si\u0119 wody do pomieszczenia.[\/lead][\/vc_column][\/vc_row][vc_row][vc_column width=\"1\/1\"][divider visibility=\"visible\"][\/vc_column][\/vc_row][vc_row background_image_parallax_end=\"0\"][vc_column width=\"1\/1\"][vc_single_image image=\"15264\" custom_image_size=\"0\" custom_image_size_crop=\"true\" margin_top=\"0\" margin_bottom=\"0\"][\/vc_column][\/vc_row][vc_row][vc_column width=\"1\/1\"][divider md_height=\"60\" lg_height=\"60\"][vc_column_text]\r\n<h3>DOST\u0118PNA DOKUMENTACJA<\/h3>\r\n[\/vc_column_text][fpm-documentation slug=\"5d6b62f8-e295-4ec7-93f4-352e03ab95d8\" language=\"en\" view=\"list\" class=\"\"][divider md_height=\"60\" lg_height=\"60\"][\/vc_column][\/vc_row]","_pl_post_name":"blister","_pl_post_excerpt":"","_pl_post_title":"Blister","edit_language":"ru","footnotes":""},"class_list":["post-13519","page","type-page","status-publish","has-post-thumbnail","hentry"],"_links":{"self":[{"href":"https:\/\/www.fapim.it\/ru\/wp-json\/wp\/v2\/pages\/13519","targetHints":{"allow":["GET"]}}],"collection":[{"href":"https:\/\/www.fapim.it\/ru\/wp-json\/wp\/v2\/pages"}],"about":[{"href":"https:\/\/www.fapim.it\/ru\/wp-json\/wp\/v2\/types\/page"}],"author":[{"embeddable":true,"href":"https:\/\/www.fapim.it\/ru\/wp-json\/wp\/v2\/users\/1"}],"replies":[{"embeddable":true,"href":"https:\/\/www.fapim.it\/ru\/wp-json\/wp\/v2\/comments?post=13519"}],"version-history":[{"count":3,"href":"https:\/\/www.fapim.it\/ru\/wp-json\/wp\/v2\/pages\/13519\/revisions"}],"predecessor-version":[{"id":18309,"href":"https:\/\/www.fapim.it\/ru\/wp-json\/wp\/v2\/pages\/13519\/revisions\/18309"}],"wp:featuredmedia":[{"embeddable":true,"href":"https:\/\/www.fapim.it\/ru\/wp-json\/wp\/v2\/media\/14079"}],"wp:attachment":[{"href":"https:\/\/www.fapim.it\/ru\/wp-json\/wp\/v2\/media?parent=13519"}],"curies":[{"name":"wp","href":"https:\/\/api.w.org\/{rel}","templated":true}]}}