   {"id":15376,"date":"2019-03-05T12:59:55","date_gmt":"2019-03-05T11:59:55","guid":{"rendered":"http:\/\/testsito.fapim.it\/site\/?page_id=15376"},"modified":"2025-02-26T14:04:46","modified_gmt":"2025-02-26T13:04:46","slug":"polsha-cheshskaya-respublika-slovatskaya","status":"publish","type":"page","link":"https:\/\/www.fapim.it\/ru\/contacts\/torgovaya-struktura\/polsha-cheshskaya-respublika-slovatskaya\/","title":{"rendered":"\u0413\u0435\u0440\u043c\u0430\u043d\u0438\u044f, \u041f\u043e\u043b\u044c\u0448\u0430, \u0427\u0435\u0448\u0441\u043a\u0430\u044f \u0420\u0435\u0441\u043f\u0443\u0431\u043b\u0438\u043a\u0430, \u0421\u043b\u043e\u0432\u0430\u0446\u043a\u0430\u044f \u0420\u0435\u0441\u043f\u0443\u0431\u043b\u0438\u043a\u0430","raw":"\u0413\u0435\u0440\u043c\u0430\u043d\u0438\u044f, \u041f\u043e\u043b\u044c\u0448\u0430, \u0427\u0435\u0448\u0441\u043a\u0430\u044f \u0420\u0435\u0441\u043f\u0443\u0431\u043b\u0438\u043a\u0430, \u0421\u043b\u043e\u0432\u0430\u0446\u043a\u0430\u044f \u0420\u0435\u0441\u043f\u0443\u0431\u043b\u0438\u043a\u0430"},"content":{"rendered":"<section class=\"section  text-normal section-text-no-shadow section-inner-no-shadow section-normal section-opaque\"  >\r\n    \r\n    <div class=\"background-overlay grid-overlay-0 \" style=\"background-color: rgba(0,0,0,0);\"><\/div>\r\n\r\n    <div class=\"container container-vertical-default\">\r\n        <div class=\"row vertical-default\">\r\n            <div class=\"col-md-12     text-default small-screen-default\"  ><div class=\"divider-wrapper \" style=\"visibility:hidden;background-color:#FFFFFF\">\r\n    <div class=\"visible-xs\" style=\"height:24px;\"><\/div>\r\n    <div class=\"visible-sm\" style=\"height:24px;\"><\/div>\r\n    <div class=\"visible-md\" style=\"height:24px;\"><\/div>\r\n    <div class=\"visible-lg\" style=\"height:24px;\"><\/div>\r\n<\/div><\/div>        <\/div>\r\n    <\/div>\r\n<\/section>\r\n<section class=\"section  text-normal section-text-no-shadow section-inner-no-shadow section-normal section-opaque\"  >\r\n    \r\n    <div class=\"background-overlay grid-overlay-0 \" style=\"background-color: rgba(0,0,0,0);\"><\/div>\r\n\r\n    <div class=\"container container-vertical-default\">\r\n        <div class=\"row vertical-default\">\r\n            <div class=\"col-md-12     text-default small-screen-default\"  ><div class=\"divider-wrapper \" style=\"visibility:hidden;background-color:#FFFFFF\">\r\n    <div class=\"visible-xs\" style=\"height:24px;\"><\/div>\r\n    <div class=\"visible-sm\" style=\"height:24px;\"><\/div>\r\n    <div class=\"visible-md\" style=\"height:24px;\"><\/div>\r\n    <div class=\"visible-lg\" style=\"height:24px;\"><\/div>\r\n<\/div><\/div>        <\/div>\r\n    <\/div>\r\n<\/section>\r\n<section class=\"section  text-normal section-text-no-shadow section-inner-no-shadow section-normal section-opaque\"  >\r\n    \r\n    <div class=\"background-overlay grid-overlay-0 \" style=\"background-color: rgba(0,0,0,0);\"><\/div>\r\n\r\n    <div class=\"container container-vertical-default\">\r\n        <div class=\"row vertical-default\">\r\n            <div class=\"col-md-3     text-center small-screen-center col-border-top col-border-right col-border-bottom col-border-left\"  ><div class=\"figure element-top-20 element-bottom-20  \" data-os-animation=\"none\" data-os-animation-delay=\"0s\">\r\n            <a href=\"https:\/\/www.fapim.it\/wp-content\/uploads\/2019\/04\/Wojciech-Krybus.jpg\" class=\"figure-image magnific\" target=\"_self\">\r\n        <img loading=\"lazy\" decoding=\"async\" width=\"150\" height=\"150\" src=\"https:\/\/www.fapim.it\/wp-content\/uploads\/2019\/04\/Wojciech-Krybus-150x150.jpg\" class=\"attachment-thumbnail size-thumbnail\" alt=\"\" srcset=\"https:\/\/www.fapim.it\/wp-content\/uploads\/2019\/04\/Wojciech-Krybus-150x150.jpg 150w, https:\/\/www.fapim.it\/wp-content\/uploads\/2019\/04\/Wojciech-Krybus-400x400.jpg 400w\" sizes=\"auto, (max-width: 150px) 100vw, 150px\" \/>            <\/a>\r\n    <\/div>\r\n<\/div><div class=\"col-md-3     text-default small-screen-default\"  ><h3 class=\"text-default  element-top-10 element-bottom-10 text-normal normal regular\" data-os-animation=\"none\" data-os-animation-delay=\"0s\" >\r\nAREA MANAGER<\/h3>\r\n<div class=\"col-text-1 text-normal  element-top-10 element-bottom-20\" data-os-animation=\"none\" data-os-animation-delay=\"0s\">\r\n    <p><strong>Krybus Wojciech<\/strong><\/p>\n<p>T +48 506 072766<br \/>\n<a href=\"mailto:wojciech.krybus@fapim.it\">wojciech.krybus@fapim.it<\/a><\/p>\n<\/div>\r\n<\/div><div class=\"col-md-3     text-default small-screen-default\"  ><\/div><div class=\"col-md-3     text-default small-screen-default\"  ><\/div>        <\/div>\r\n    <\/div>\r\n<\/section>\r\n<section class=\"section  text-normal section-text-no-shadow section-inner-no-shadow section-normal section-opaque\"  >\r\n    \r\n    <div class=\"background-overlay grid-overlay-0 \" style=\"background-color: rgba(0,0,0,0);\"><\/div>\r\n\r\n    <div class=\"container container-vertical-default\">\r\n        <div class=\"row vertical-default\">\r\n            <div class=\"col-md-12     text-default small-screen-default\"  ><div class=\"divider-wrapper \" style=\"visibility:hidden;background-color:#FFFFFF\">\r\n    <div class=\"visible-xs\" style=\"height:24px;\"><\/div>\r\n    <div class=\"visible-sm\" style=\"height:24px;\"><\/div>\r\n    <div class=\"visible-md\" style=\"height:24px;\"><\/div>\r\n    <div class=\"visible-lg\" style=\"height:24px;\"><\/div>\r\n<\/div><\/div>        <\/div>\r\n    <\/div>\r\n<\/section>\r\n<section class=\"section  text-normal section-text-no-shadow section-inner-no-shadow section-normal section-opaque\"  >\r\n    \r\n    <div class=\"background-overlay grid-overlay-0 \" style=\"background-color: rgba(0,0,0,0);\"><\/div>\r\n\r\n    <div class=\"container container-vertical-default\">\r\n        <div class=\"row vertical-default\">\r\n            <div class=\"col-md-6     text-center small-screen-center col-border-top\"  ><div class=\"figure element-top-20 element-bottom-60  \" data-os-animation=\"none\" data-os-animation-delay=\"0s\">\r\n            <a href=\"https:\/\/www.fapim.it\/wp-content\/uploads\/2019\/03\/fapimpolska.jpg\" class=\"figure-image magnific\" target=\"_self\">\r\n        <img loading=\"lazy\" decoding=\"async\" width=\"400\" height=\"200\" src=\"https:\/\/www.fapim.it\/wp-content\/uploads\/2019\/03\/fapimpolska.jpg\" class=\"attachment-full size-full\" alt=\"\" srcset=\"https:\/\/www.fapim.it\/wp-content\/uploads\/2019\/03\/fapimpolska.jpg 400w, https:\/\/www.fapim.it\/wp-content\/uploads\/2019\/03\/fapimpolska-300x150.jpg 300w\" sizes=\"auto, (max-width: 400px) 100vw, 400px\" \/>            <\/a>\r\n    <\/div>\r\n<\/div><div class=\"col-md-6     text-default small-screen-default col-border-top\"  ><div class=\"col-text-1 text-normal lead text-justify element-top-50 element-bottom-20\" data-os-animation=\"none\" data-os-animation-delay=\"0s\">\r\n    <p>ul.Przyrzecze 4 03-107<br \/>\nWarsazawa<br \/>\nNIP : 536-16-29-437<br \/>\nT +48 227813797<br \/>\nF +48 227811022<br \/>\nGsm +48609022972<br \/>\n<a href=\"fapim-fapimpolska@fapim.it\">fapim-fapimpolska@fapim.it<\/a><\/p>\n<\/div>\r\n<\/div>        <\/div>\r\n    <\/div>\r\n<\/section>\r\n<section class=\"section  text-normal section-text-no-shadow section-inner-no-shadow section-normal section-opaque\"  >\r\n    \r\n    <div class=\"background-overlay grid-overlay-0 \" style=\"background-color: rgba(0,0,0,0);\"><\/div>\r\n\r\n    <div class=\"container container-vertical-default\">\r\n        <div class=\"row vertical-default\">\r\n            <div class=\"col-md-12     text-default small-screen-default\"  ><div id=\"map386\" class=\"google-map  element-top-20 element-bottom-20\" style=\"height:588px\" data-os-animation=\"none\" data-os-animation-delay=\"0s\"><\/div><\/div>        <\/div>\r\n    <\/div>\r\n<\/section>\r\n<section class=\"section  text-normal section-text-no-shadow section-inner-no-shadow section-normal section-opaque\"  >\r\n    \r\n    <div class=\"background-overlay grid-overlay-0 \" style=\"background-color: rgba(0,0,0,0);\"><\/div>\r\n\r\n    <div class=\"container container-vertical-default\">\r\n        <div class=\"row vertical-default\">\r\n            <div class=\"col-md-12     text-default small-screen-default\"  ><div class=\"divider-wrapper \" style=\"visibility:hidden;background-color:#FFFFFF\">\r\n    <div class=\"visible-xs\" style=\"height:24px;\"><\/div>\r\n    <div class=\"visible-sm\" style=\"height:24px;\"><\/div>\r\n    <div class=\"visible-md\" style=\"height:24px;\"><\/div>\r\n    <div class=\"visible-lg\" style=\"height:24px;\"><\/div>\r\n<\/div><\/div>        <\/div>\r\n    <\/div>\r\n<\/section>\n","protected":false,"raw":"[vc_row][vc_column width=\"1\/1\"][divider][\/vc_column][\/vc_row][vc_row][vc_column width=\"1\/1\"][divider][\/vc_column][\/vc_row][vc_row][vc_column align=\"center\" align_sm=\"center\" border_top=\"on\" border_right=\"on\" border_bottom=\"on\" border_left=\"on\" width=\"1\/4\"][vc_single_image image=\"18174\" image_size=\"thumbnail\"][\/vc_column][vc_column width=\"1\/4\"][heading header_type=\"h3\" header_align=\"default\" margin_top=\"10\" margin_bottom=\"10\"]AREA MANAGER[\/heading][vc_column_text margin_top=\"10\"]<strong>Krybus Wojciech<\/strong>\r\n\r\nT +48 506 072766\r\n<a href=\"mailto:wojciech.krybus@fapim.it\">wojciech.krybus@fapim.it<\/a>[\/vc_column_text][\/vc_column][vc_column width=\"1\/4\"][\/vc_column][vc_column width=\"1\/4\"][\/vc_column][\/vc_row][vc_row][vc_column width=\"1\/1\"][divider][\/vc_column][\/vc_row][vc_row][vc_column align=\"center\" align_sm=\"center\" border_top=\"on\" width=\"1\/2\"][vc_single_image image=\"15335\" margin_bottom=\"60\"][\/vc_column][vc_column border_top=\"on\" width=\"1\/2\"][vc_column_text margin_top=\"50\" extra_classes=\"lead text-justify\"]ul.Przyrzecze 4 03-107\r\nWarsazawa\r\nNIP : 536-16-29-437\r\nT +48 227813797\r\nF +48 227811022\r\nGsm +48609022972\r\n<a href=\"fapim-fapimpolska@fapim.it\">fapim-fapimpolska@fapim.it<\/a>[\/vc_column_text][\/vc_column][\/vc_row][vc_row][vc_column width=\"1\/1\"][map auto_center=\"manual\" center_latlng=\"52.354050,20.935955\" label=\"Fapim\" latlng=\"52.354050,20.935955\" height=\"588\"][\/vc_column][\/vc_row][vc_row][vc_column width=\"1\/1\"][divider][\/vc_column][\/vc_row]"},"excerpt":{"rendered":"AREA MANAGER Krybus Wojciech T +48 506 072766 wojciech.krybus@fapim.it ul.Przyrzecze 4 03-107 Warsazawa NIP : 536-16-29-437 T +48 227813797 F +48 227811022 Gsm +48609022972 fapim-fapimpolska@fapim.it","protected":false,"raw":""},"author":3,"featured_media":0,"parent":25323,"menu_order":20,"comment_status":"closed","ping_status":"closed","template":"","meta":{"_it_post_content":"[vc_row][vc_column width=\"1\/1\"][divider][\/vc_column][\/vc_row][vc_row][vc_column width=\"1\/1\"][divider][\/vc_column][\/vc_row][vc_row][vc_column align=\"center\" align_sm=\"center\" border_top=\"on\" border_right=\"on\" border_bottom=\"on\" border_left=\"on\" width=\"1\/4\"][vc_single_image image=\"18174\" image_size=\"thumbnail\"][\/vc_column][vc_column width=\"1\/4\"][heading header_type=\"h3\" header_align=\"default\" margin_top=\"10\" margin_bottom=\"10\"]AREA MANAGER[\/heading][vc_column_text margin_top=\"10\"]<strong>Krybus Wojciech<\/strong>\r\n\r\nT +48 506 072766\r\n<a href=\"mailto:wojciech.krybus@fapim.it\">wojciech.krybus@fapim.it<\/a>[\/vc_column_text][\/vc_column][vc_column width=\"1\/4\"][\/vc_column][vc_column width=\"1\/4\"][\/vc_column][\/vc_row][vc_row][vc_column width=\"1\/1\"][divider][\/vc_column][\/vc_row][vc_row][vc_column align=\"center\" align_sm=\"center\" border_top=\"on\" width=\"1\/2\"][vc_single_image image=\"15335\" margin_bottom=\"60\"][\/vc_column][vc_column border_top=\"on\" width=\"1\/2\"][vc_column_text margin_top=\"50\" extra_classes=\"lead text-justify\"]ul.Przyrzecze 4 03-107\r\nWarsazawa\r\nNIP : 536-16-29-437\r\nT +48 227813797\r\nF +48 227811022\r\nGsm +48609022972\r\n<a href=\"fapim-fapimpolska@fapim.it\">fapim-fapimpolska@fapim.it<\/a>[\/vc_column_text][\/vc_column][\/vc_row][vc_row][vc_column width=\"1\/1\"][map auto_center=\"manual\" center_latlng=\"52.354050,20.935955\" label=\"Fapim\" latlng=\"52.354050,20.935955\" height=\"588\"][\/vc_column][\/vc_row][vc_row][vc_column width=\"1\/1\"][divider][\/vc_column][\/vc_row]","_it_post_name":"polonia-rep-ceca-rep-slovacca","_it_post_excerpt":"","_it_post_title":"Germania, Polonia, Rep. Ceca, Rep. Slovacca","_en_post_content":"[vc_row][vc_column width=\"1\/1\"][divider][\/vc_column][\/vc_row][vc_row][vc_column width=\"1\/1\"][divider][\/vc_column][\/vc_row][vc_row][vc_column align=\"center\" align_sm=\"center\" border_top=\"on\" border_right=\"on\" border_bottom=\"on\" border_left=\"on\" width=\"1\/4\"][vc_single_image image=\"18174\" image_size=\"thumbnail\"][\/vc_column][vc_column width=\"1\/4\"][heading header_type=\"h3\" header_align=\"default\" margin_top=\"10\" margin_bottom=\"10\"]AREA MANAGER[\/heading][vc_column_text margin_top=\"10\"]<strong>Krybus Wojciech<\/strong>\r\n\r\nT +48 506 072766\r\n<a href=\"mailto:wojciech.krybus@fapim.it\">wojciech.krybus@fapim.it<\/a>[\/vc_column_text][\/vc_column][vc_column width=\"1\/4\"][\/vc_column][vc_column width=\"1\/4\"][\/vc_column][\/vc_row][vc_row][vc_column width=\"1\/1\"][divider][\/vc_column][\/vc_row][vc_row][vc_column align=\"center\" align_sm=\"center\" border_top=\"on\" width=\"1\/2\"][vc_single_image image=\"15335\" margin_bottom=\"60\"][\/vc_column][vc_column border_top=\"on\" width=\"1\/2\"][vc_column_text margin_top=\"50\" extra_classes=\"lead text-justify\"]ul.Przyrzecze 4 03-107\r\nWarsazawa\r\nNIP : 536-16-29-437\r\nT +48 227813797\r\nF +48 227811022\r\nGsm +48609022972\r\n<a href=\"fapim-fapimpolska@fapim.it\">fapim-fapimpolska@fapim.it<\/a>[\/vc_column_text][\/vc_column][\/vc_row][vc_row][vc_column width=\"1\/1\"][map auto_center=\"manual\" center_latlng=\"52.354050,20.935955\" label=\"Fapim\" latlng=\"52.354050,20.935955\" height=\"588\"][\/vc_column][\/vc_row][vc_row][vc_column width=\"1\/1\"][divider][\/vc_column][\/vc_row]","_en_post_name":"poland-czech-rep-slovak-rep","_en_post_excerpt":"","_en_post_title":"Germany, Poland, Czech Rep., Slovak Rep","_fr_post_content":"[vc_row][vc_column width=\"1\/1\"][divider][\/vc_column][\/vc_row][vc_row][vc_column width=\"1\/1\"][divider][\/vc_column][\/vc_row][vc_row][vc_column align=\"center\" align_sm=\"center\" border_top=\"on\" border_right=\"on\" border_bottom=\"on\" border_left=\"on\" width=\"1\/4\"][vc_single_image image=\"18174\" image_size=\"thumbnail\"][\/vc_column][vc_column width=\"1\/4\"][heading header_type=\"h3\" header_align=\"default\" margin_top=\"10\" margin_bottom=\"10\"]AREA MANAGER[\/heading][vc_column_text margin_top=\"10\"]<strong>Krybus Wojciech<\/strong>\r\n\r\nT +48 506 072766\r\n<a href=\"mailto:wojciech.krybus@fapim.it\">wojciech.krybus@fapim.it<\/a>[\/vc_column_text][\/vc_column][vc_column width=\"1\/4\"][\/vc_column][vc_column width=\"1\/4\"][\/vc_column][\/vc_row][vc_row][vc_column width=\"1\/1\"][divider][\/vc_column][\/vc_row][vc_row][vc_column align=\"center\" align_sm=\"center\" border_top=\"on\" width=\"1\/2\"][vc_single_image image=\"15335\" margin_bottom=\"60\"][\/vc_column][vc_column border_top=\"on\" width=\"1\/2\"][vc_column_text margin_top=\"50\" extra_classes=\"lead text-justify\"]ul.Przyrzecze 4 03-107\r\nWarsazawa\r\nNIP : 536-16-29-437\r\nT +48 227813797\r\nF +48 227811022\r\nGsm +48609022972\r\n<a href=\"fapim-fapimpolska@fapim.it\">fapim-fapimpolska@fapim.it<\/a>[\/vc_column_text][\/vc_column][\/vc_row][vc_row][vc_column width=\"1\/1\"][map auto_center=\"manual\" center_latlng=\"52.354050,20.935955\" label=\"Fapim\" latlng=\"52.354050,20.935955\" height=\"588\"][\/vc_column][\/vc_row][vc_row][vc_column width=\"1\/1\"][divider][\/vc_column][\/vc_row]","_fr_post_name":"pologne-rep-tcheque-rep-slovaque","_fr_post_excerpt":"","_fr_post_title":"Allemagne, Pologne, R\u00e9p. Tch\u00e8que, R\u00e9p. Slovaque","_es_post_content":"[vc_row][vc_column width=\"1\/1\"][divider][\/vc_column][\/vc_row][vc_row][vc_column width=\"1\/1\"][divider][\/vc_column][\/vc_row][vc_row][vc_column align=\"center\" align_sm=\"center\" border_top=\"on\" border_right=\"on\" border_bottom=\"on\" border_left=\"on\" width=\"1\/4\"][vc_single_image image=\"18174\" image_size=\"thumbnail\"][\/vc_column][vc_column width=\"1\/4\"][heading header_type=\"h3\" header_align=\"default\" margin_top=\"10\" margin_bottom=\"10\"]AREA MANAGER[\/heading][vc_column_text margin_top=\"10\"]<strong>Krybus Wojciech<\/strong>\r\n\r\nT +48 506 072766\r\n<a href=\"mailto:wojciech.krybus@fapim.it\">wojciech.krybus@fapim.it<\/a>[\/vc_column_text][\/vc_column][vc_column width=\"1\/4\"][\/vc_column][vc_column width=\"1\/4\"][\/vc_column][\/vc_row][vc_row][vc_column width=\"1\/1\"][divider][\/vc_column][\/vc_row][vc_row][vc_column align=\"center\" align_sm=\"center\" border_top=\"on\" width=\"1\/2\"][vc_single_image image=\"15335\" margin_bottom=\"60\"][\/vc_column][vc_column border_top=\"on\" width=\"1\/2\"][vc_column_text margin_top=\"50\" extra_classes=\"lead text-justify\"]ul.Przyrzecze 4 03-107\r\nWarsazawa\r\nNIP : 536-16-29-437\r\nT +48 227813797\r\nF +48 227811022\r\nGsm +48609022972\r\n<a href=\"fapim-fapimpolska@fapim.it\">fapim-fapimpolska@fapim.it<\/a>[\/vc_column_text][\/vc_column][\/vc_row][vc_row][vc_column width=\"1\/1\"][map auto_center=\"manual\" center_latlng=\"52.354050,20.935955\" label=\"Fapim\" latlng=\"52.354050,20.935955\" height=\"588\"][\/vc_column][\/vc_row][vc_row][vc_column width=\"1\/1\"][divider][\/vc_column][\/vc_row]","_es_post_name":"polonia-rep-checa-y-rep-eslovaca","_es_post_excerpt":"","_es_post_title":"Alemania, Polonia, Rep. Checa y Rep. Eslovaca","_ru_post_content":"[vc_row][vc_column width=\"1\/1\"][divider][\/vc_column][\/vc_row][vc_row][vc_column width=\"1\/1\"][divider][\/vc_column][\/vc_row][vc_row][vc_column align=\"center\" align_sm=\"center\" border_top=\"on\" border_right=\"on\" border_bottom=\"on\" border_left=\"on\" width=\"1\/4\"][vc_single_image image=\"18174\" image_size=\"thumbnail\"][\/vc_column][vc_column width=\"1\/4\"][heading header_type=\"h3\" header_align=\"default\" margin_top=\"10\" margin_bottom=\"10\"]AREA MANAGER[\/heading][vc_column_text margin_top=\"10\"]<strong>Krybus Wojciech<\/strong>\r\n\r\nT +48 506 072766\r\n<a href=\"mailto:wojciech.krybus@fapim.it\">wojciech.krybus@fapim.it<\/a>[\/vc_column_text][\/vc_column][vc_column width=\"1\/4\"][\/vc_column][vc_column width=\"1\/4\"][\/vc_column][\/vc_row][vc_row][vc_column width=\"1\/1\"][divider][\/vc_column][\/vc_row][vc_row][vc_column align=\"center\" align_sm=\"center\" border_top=\"on\" width=\"1\/2\"][vc_single_image image=\"15335\" margin_bottom=\"60\"][\/vc_column][vc_column border_top=\"on\" width=\"1\/2\"][vc_column_text margin_top=\"50\" extra_classes=\"lead text-justify\"]ul.Przyrzecze 4 03-107\r\nWarsazawa\r\nNIP : 536-16-29-437\r\nT +48 227813797\r\nF +48 227811022\r\nGsm +48609022972\r\n<a href=\"fapim-fapimpolska@fapim.it\">fapim-fapimpolska@fapim.it<\/a>[\/vc_column_text][\/vc_column][\/vc_row][vc_row][vc_column width=\"1\/1\"][map auto_center=\"manual\" center_latlng=\"52.354050,20.935955\" label=\"Fapim\" latlng=\"52.354050,20.935955\" height=\"588\"][\/vc_column][\/vc_row][vc_row][vc_column width=\"1\/1\"][divider][\/vc_column][\/vc_row]","_ru_post_name":"polsha-cheshskaya-respublika-slovatskaya","_ru_post_excerpt":"","_ru_post_title":"\u0413\u0435\u0440\u043c\u0430\u043d\u0438\u044f, \u041f\u043e\u043b\u044c\u0448\u0430, \u0427\u0435\u0448\u0441\u043a\u0430\u044f \u0420\u0435\u0441\u043f\u0443\u0431\u043b\u0438\u043a\u0430, \u0421\u043b\u043e\u0432\u0430\u0446\u043a\u0430\u044f \u0420\u0435\u0441\u043f\u0443\u0431\u043b\u0438\u043a\u0430","_pl_post_content":"[vc_row][vc_column width=\"1\/1\"][divider][\/vc_column][\/vc_row][vc_row][vc_column width=\"1\/1\"][divider][\/vc_column][\/vc_row][vc_row][vc_column align=\"center\" align_sm=\"center\" border_top=\"on\" border_right=\"on\" border_bottom=\"on\" border_left=\"on\" width=\"1\/4\"][vc_single_image image=\"18174\" image_size=\"thumbnail\"][\/vc_column][vc_column width=\"1\/4\"][heading header_type=\"h3\" header_align=\"default\" margin_top=\"10\" margin_bottom=\"10\"]AREA MANAGER[\/heading][vc_column_text margin_top=\"10\"]<strong>Krybus Wojciech<\/strong>\r\n\r\nT +48 506 072766\r\n<a href=\"mailto:wojciech.krybus@fapim.it\">wojciech.krybus@fapim.it<\/a>[\/vc_column_text][\/vc_column][vc_column width=\"1\/4\"][\/vc_column][vc_column width=\"1\/4\"][\/vc_column][\/vc_row][vc_row][vc_column width=\"1\/1\"][divider][\/vc_column][\/vc_row][vc_row][vc_column align=\"center\" align_sm=\"center\" border_top=\"on\" width=\"1\/2\"][vc_single_image image=\"15335\" margin_bottom=\"60\"][\/vc_column][vc_column border_top=\"on\" width=\"1\/2\"][vc_column_text margin_top=\"50\" extra_classes=\"lead text-justify\"]ul.Przyrzecze 4 03-107\r\nWarsazawa\r\nNIP : 536-16-29-437\r\nT +48 227813797\r\nF +48 227811022\r\nGsm +48609022972\r\n<a href=\"fapim-fapimpolska@fapim.it\">fapim-fapimpolska@fapim.it<\/a>[\/vc_column_text][\/vc_column][\/vc_row][vc_row][vc_column width=\"1\/1\"][map auto_center=\"manual\" center_latlng=\"52.354050,20.935955\" label=\"Fapim\" latlng=\"52.354050,20.935955\" height=\"588\"][\/vc_column][\/vc_row][vc_row][vc_column width=\"1\/1\"][divider][\/vc_column][\/vc_row]","_pl_post_name":"polska-rep-czeska-rep-slowacka","_pl_post_excerpt":"","_pl_post_title":"Niemcy, POLSKA, REP.CZESKA, REP.S\u0141OWACKA","edit_language":"ru","footnotes":""},"class_list":["post-15376","page","type-page","status-publish","hentry"],"_links":{"self":[{"href":"https:\/\/www.fapim.it\/ru\/wp-json\/wp\/v2\/pages\/15376","targetHints":{"allow":["GET"]}}],"collection":[{"href":"https:\/\/www.fapim.it\/ru\/wp-json\/wp\/v2\/pages"}],"about":[{"href":"https:\/\/www.fapim.it\/ru\/wp-json\/wp\/v2\/types\/page"}],"author":[{"embeddable":true,"href":"https:\/\/www.fapim.it\/ru\/wp-json\/wp\/v2\/users\/3"}],"replies":[{"embeddable":true,"href":"https:\/\/www.fapim.it\/ru\/wp-json\/wp\/v2\/comments?post=15376"}],"version-history":[{"count":11,"href":"https:\/\/www.fapim.it\/ru\/wp-json\/wp\/v2\/pages\/15376\/revisions"}],"predecessor-version":[{"id":25423,"href":"https:\/\/www.fapim.it\/ru\/wp-json\/wp\/v2\/pages\/15376\/revisions\/25423"}],"up":[{"embeddable":true,"href":"https:\/\/www.fapim.it\/ru\/wp-json\/wp\/v2\/pages\/25323"}],"wp:attachment":[{"href":"https:\/\/www.fapim.it\/ru\/wp-json\/wp\/v2\/media?parent=15376"}],"curies":[{"name":"wp","href":"https:\/\/api.w.org\/{rel}","templated":true}]}}