   {"id":21695,"date":"2022-03-14T15:30:19","date_gmt":"2022-03-14T14:30:19","guid":{"rendered":"https:\/\/www.fapim.it\/?page_id=21695"},"modified":"2022-03-17T07:51:59","modified_gmt":"2022-03-17T06:51:59","slug":"uk-e-irlanda","status":"publish","type":"page","link":"https:\/\/www.fapim.it\/ru\/uk-e-irlanda\/","title":{"rendered":"UK e Irlanda","raw":"UK e Irlanda"},"content":{"rendered":"<section class=\"section  text-normal section-text-no-shadow section-inner-no-shadow section-normal section-opaque\"  >\r\n    \r\n    <div class=\"background-overlay grid-overlay-0 \" style=\"background-color: rgba(0,0,0,0);\"><\/div>\r\n\r\n    <div class=\"container container-vertical-default\">\r\n        <div class=\"row vertical-default\">\r\n            <div class=\"col-md-12     text-default small-screen-default\"  ><div class=\"divider-wrapper \" style=\"visibility:hidden;background-color:#FFFFFF\">\r\n    <div class=\"visible-xs\" style=\"height:24px;\"><\/div>\r\n    <div class=\"visible-sm\" style=\"height:24px;\"><\/div>\r\n    <div class=\"visible-md\" style=\"height:24px;\"><\/div>\r\n    <div class=\"visible-lg\" style=\"height:24px;\"><\/div>\r\n<\/div><\/div>        <\/div>\r\n    <\/div>\r\n<\/section>\r\n<section class=\"section  text-normal section-text-no-shadow section-inner-no-shadow section-normal section-opaque\"  >\r\n    \r\n    <div class=\"background-overlay grid-overlay-0 \" style=\"background-color: rgba(0,0,0,0);\"><\/div>\r\n\r\n    <div class=\"container container-vertical-default\">\r\n        <div class=\"row vertical-default\">\r\n            <div class=\"col-md-12     text-default small-screen-default\"  ><div class=\" element-top-20 element-bottom-20\" data-os-animation=\"none\" data-os-animation-delay=\"0s\" ><iframe loading=\"lazy\" title=\"05 Fapim calling from   UK and Ireland EN\" width=\"1170\" height=\"658\" src=\"https:\/\/www.youtube.com\/embed\/pYjznYaMuNo?feature=oembed\" frameborder=\"0\" allow=\"accelerometer; autoplay; clipboard-write; encrypted-media; gyroscope; picture-in-picture\" allowfullscreen><\/iframe><\/div><\/div>        <\/div>\r\n    <\/div>\r\n<\/section>\r\n<section class=\"section  text-normal section-text-no-shadow section-inner-no-shadow section-normal section-opaque\"  >\r\n    \r\n    <div class=\"background-overlay grid-overlay-0 \" style=\"background-color: rgba(0,0,0,0);\"><\/div>\r\n\r\n    <div class=\"container container-vertical-default\">\r\n        <div class=\"row vertical-default\">\r\n            <div class=\"col-md-12     text-default small-screen-default\"  ><div class=\"divider-wrapper \" style=\"visibility:hidden;background-color:#FFFFFF\">\r\n    <div class=\"visible-xs\" style=\"height:24px;\"><\/div>\r\n    <div class=\"visible-sm\" style=\"height:24px;\"><\/div>\r\n    <div class=\"visible-md\" style=\"height:24px;\"><\/div>\r\n    <div class=\"visible-lg\" style=\"height:24px;\"><\/div>\r\n<\/div><\/div>        <\/div>\r\n    <\/div>\r\n<\/section>\r\n<section class=\"section  text-normal section-text-no-shadow section-inner-no-shadow section-normal section-opaque\"  >\r\n    \r\n    <div class=\"background-overlay grid-overlay-0 \" style=\"background-color: rgba(0,0,0,0);\"><\/div>\r\n\r\n    <div class=\"container container-vertical-default\">\r\n        <div class=\"row vertical-default\">\r\n            <div class=\"col-md-6     text-center small-screen-center\"  ><div class=\"figure element-top-20 element-bottom-20  \" data-os-animation=\"none\" data-os-animation-delay=\"0s\">\r\n            <a href=\"https:\/\/www.fapim.it\/wp-content\/uploads\/2019\/07\/Simon-Bailey.jpg\" class=\"figure-image magnific\" target=\"_self\">\r\n        <img loading=\"lazy\" decoding=\"async\" width=\"276\" height=\"300\" src=\"https:\/\/www.fapim.it\/wp-content\/uploads\/2019\/07\/Simon-Bailey-276x300.jpg\" class=\"attachment-medium size-medium\" alt=\"\" srcset=\"https:\/\/www.fapim.it\/wp-content\/uploads\/2019\/07\/Simon-Bailey-276x300.jpg 276w, https:\/\/www.fapim.it\/wp-content\/uploads\/2019\/07\/Simon-Bailey.jpg 400w\" sizes=\"auto, (max-width: 276px) 100vw, 276px\" \/>            <\/a>\r\n    <\/div>\r\n<\/div><div class=\"col-md-6     text-center small-screen-center\"  ><div class=\"col-text-1 text-normal lead text-justify element-top-20 element-bottom-20\" data-os-animation=\"none\" data-os-animation-delay=\"0s\">\r\n    <p>&nbsp;<\/p>\n<p>\u041d\u0430 \u043f\u044f\u0442\u043e\u043c \u044d\u0442\u0430\u043f\u0435 \u043d\u0430\u0448\u0435\u0433\u043e \u0432\u0438\u0440\u0442\u0443\u0430\u043b\u044c\u043d\u043e\u0433\u043e \u0442\u0443\u0440\u0430 \u043f\u043e \u043c\u0438\u0440\u0443 <strong>Fapim \u043c\u044b \u043e\u0441\u0442\u0430\u043d\u043e\u0432\u0438\u043c\u0441\u044f \u0432 \u0412\u0435\u043b\u0438\u043a\u043e\u0431\u0440\u0438\u0442\u0430\u043d\u0438\u0438, \u0447\u0442\u043e\u0431\u044b \u043f\u043e\u0431\u043b\u0438\u0436\u0435 \u043f\u043e\u0437\u043d\u0430\u043a\u043e\u043c\u0438\u0442\u044c\u0441\u044f \u0441 \u043d\u0430\u0448\u0438\u043c \u0430\u0433\u0435\u043d\u0442\u043e\u043c Simon Bailey.<\/strong><\/p>\n<p><strong>Simon \u0441 \u043d\u0430\u043c\u0438 \u0432\u0441\u0435\u0433\u043e \u043d\u0435\u0441\u043a\u043e\u043b\u044c\u043a\u043e \u043b\u0435\u0442, \u043e\u0434\u043d\u0430\u043a\u043e \u043e\u043d \u0443\u0436\u0435 \u0443\u0441\u043f\u0435\u043b \u043f\u0440\u043e\u0441\u043b\u0430\u0432\u0438\u0442\u044c\u0441\u044f \u043d\u0430 \u0430\u043d\u0433\u043b\u0438\u0439\u0441\u043a\u043e\u043c \u0440\u044b\u043d\u043a\u0435 \u0438 \u0440\u044b\u043d\u043a\u0435 \u0441\u0435\u0432\u0435\u0440\u043d\u043e\u0439 \u0418\u0440\u043b\u0430\u043d\u0434\u0438\u0438 \u0441\u0432\u043e\u0438\u043c \u044d\u043d\u0442\u0443\u0437\u0438\u0430\u0437\u043c\u043e\u043c \u0438 \u043f\u0440\u043e\u0444\u0435\u0441\u0441\u0438\u043e\u043d\u0430\u043b\u0438\u0437\u043c\u043e\u043c!<\/strong><\/p>\n<\/div>\r\n<\/div>        <\/div>\r\n    <\/div>\r\n<\/section>\r\n<section class=\"section  text-normal section-text-no-shadow section-inner-no-shadow section-normal section-opaque\"  >\r\n    \r\n    <div class=\"background-overlay grid-overlay-0 \" style=\"background-color: rgba(0,0,0,0);\"><\/div>\r\n\r\n    <div class=\"container container-vertical-default\">\r\n        <div class=\"row vertical-default\">\r\n            <div class=\"col-md-12     text-default small-screen-default\"  ><div class=\"divider-wrapper \" style=\"visibility:hidden;background-color:#FFFFFF\">\r\n    <div class=\"visible-xs\" style=\"height:24px;\"><\/div>\r\n    <div class=\"visible-sm\" style=\"height:24px;\"><\/div>\r\n    <div class=\"visible-md\" style=\"height:24px;\"><\/div>\r\n    <div class=\"visible-lg\" style=\"height:24px;\"><\/div>\r\n<\/div><\/div>        <\/div>\r\n    <\/div>\r\n<\/section>\n","protected":false,"raw":"[vc_row][vc_column width=\"1\/1\"][divider][\/vc_column][\/vc_row][vc_row][vc_column width=\"1\/1\"][vc_video src=\"https:\/\/youtu.be\/pYjznYaMuNo\"][\/vc_column][\/vc_row][vc_row][vc_column width=\"1\/1\"][divider][\/vc_column][\/vc_row][vc_row][vc_column align=\"center\" align_sm=\"center\" width=\"1\/2\"][vc_single_image image=\"18451\" image_size=\"medium\"][\/vc_column][vc_column align=\"center\" align_sm=\"center\" width=\"1\/2\"][vc_column_text extra_classes=\"lead text-justify\"]\r\n\r\n&nbsp;\r\n\r\n\u041d\u0430 \u043f\u044f\u0442\u043e\u043c \u044d\u0442\u0430\u043f\u0435 \u043d\u0430\u0448\u0435\u0433\u043e \u0432\u0438\u0440\u0442\u0443\u0430\u043b\u044c\u043d\u043e\u0433\u043e \u0442\u0443\u0440\u0430 \u043f\u043e \u043c\u0438\u0440\u0443 <strong>Fapim \u043c\u044b \u043e\u0441\u0442\u0430\u043d\u043e\u0432\u0438\u043c\u0441\u044f \u0432 \u0412\u0435\u043b\u0438\u043a\u043e\u0431\u0440\u0438\u0442\u0430\u043d\u0438\u0438, \u0447\u0442\u043e\u0431\u044b \u043f\u043e\u0431\u043b\u0438\u0436\u0435 \u043f\u043e\u0437\u043d\u0430\u043a\u043e\u043c\u0438\u0442\u044c\u0441\u044f \u0441 \u043d\u0430\u0448\u0438\u043c \u0430\u0433\u0435\u043d\u0442\u043e\u043c Simon Bailey.<\/strong>\r\n\r\n<strong>Simon \u0441 \u043d\u0430\u043c\u0438 \u0432\u0441\u0435\u0433\u043e \u043d\u0435\u0441\u043a\u043e\u043b\u044c\u043a\u043e \u043b\u0435\u0442, \u043e\u0434\u043d\u0430\u043a\u043e \u043e\u043d \u0443\u0436\u0435 \u0443\u0441\u043f\u0435\u043b \u043f\u0440\u043e\u0441\u043b\u0430\u0432\u0438\u0442\u044c\u0441\u044f \u043d\u0430 \u0430\u043d\u0433\u043b\u0438\u0439\u0441\u043a\u043e\u043c \u0440\u044b\u043d\u043a\u0435 \u0438 \u0440\u044b\u043d\u043a\u0435 \u0441\u0435\u0432\u0435\u0440\u043d\u043e\u0439 \u0418\u0440\u043b\u0430\u043d\u0434\u0438\u0438 \u0441\u0432\u043e\u0438\u043c \u044d\u043d\u0442\u0443\u0437\u0438\u0430\u0437\u043c\u043e\u043c \u0438 \u043f\u0440\u043e\u0444\u0435\u0441\u0441\u0438\u043e\u043d\u0430\u043b\u0438\u0437\u043c\u043e\u043c!<\/strong>[\/vc_column_text][\/vc_column][\/vc_row][vc_row][vc_column width=\"1\/1\"][divider][\/vc_column][\/vc_row]"},"excerpt":{"rendered":"&nbsp; La quinta tappa del nostro viaggio virtuale nel mondo Fapim \u201cfuori da Fapim\u201d ci porta in Gran Bretagna, a conoscere meglio il nostro Simon Bailey. Con noi da pochi anni, Simon si sta gi\u00e0 facendo apprezzare da tutto il nostro mercato inglese e irlandese per la sua cifra di grande entusiasmo e professionalit\u00e0!","protected":false,"raw":""},"author":4,"featured_media":0,"parent":0,"menu_order":157,"comment_status":"closed","ping_status":"closed","template":"","meta":{"_it_post_content":"[vc_row][vc_column width=\"1\/1\"][divider][\/vc_column][\/vc_row][vc_row][vc_column width=\"1\/1\"][vc_video src=\"https:\/\/youtu.be\/pYjznYaMuNo\"][\/vc_column][\/vc_row][vc_row][vc_column width=\"1\/1\"][divider][\/vc_column][\/vc_row][vc_row][vc_column align=\"center\" align_sm=\"center\" width=\"1\/2\"][vc_single_image image=\"18451\" image_size=\"medium\"][\/vc_column][vc_column align=\"center\" align_sm=\"center\" width=\"1\/2\"][vc_column_text extra_classes=\"lead text-justify\"]\r\n\r\n&nbsp;\r\n\r\nLa quinta tappa del nostro viaggio virtuale nel mondo Fapim <strong>\u201cfuori da Fapim\u201d ci porta in Gran Bretagna, a conoscere meglio il nostro Simon Bailey.<\/strong>\r\n\r\nCon noi da pochi anni, <strong>Simon si sta gi\u00e0 facendo apprezzare da tutto il nostro mercato inglese e irlandese per la sua cifra di grande entusiasmo e professionalit\u00e0!<\/strong>[\/vc_column_text][\/vc_column][\/vc_row][vc_row][vc_column width=\"1\/1\"][divider][\/vc_column][\/vc_row]","_it_post_name":"uk-e-irlanda","_it_post_excerpt":"","_it_post_title":"UK e Irlanda","_en_post_content":"[vc_row][vc_column width=\"1\/1\"][divider][\/vc_column][\/vc_row][vc_row][vc_column width=\"1\/1\"][vc_video src=\"https:\/\/youtu.be\/pYjznYaMuNo\"][\/vc_column][\/vc_row][vc_row][vc_column width=\"1\/1\"][divider][\/vc_column][\/vc_row][vc_row][vc_column align=\"center\" align_sm=\"center\" width=\"1\/2\"][vc_single_image image=\"18451\" image_size=\"medium\"][\/vc_column][vc_column align=\"center\" align_sm=\"center\" width=\"1\/2\"][vc_column_text extra_classes=\"lead text-justify\"]\r\n\r\n&nbsp;\r\n\r\nThe fifth stage of our virtual journey into the Fapim world \u201c<strong>outside Fapim\u201d takes us to Great Britain, to get to know our Simon Bailey better.<\/strong>\r\n\r\nHaving only been with us for a few years, <strong>Simon is already being appreciated by the whole of our British and Irish market for his highly enthusiastic and professional approach!<\/strong>[\/vc_column_text][\/vc_column][\/vc_row][vc_row][vc_column width=\"1\/1\"][divider][\/vc_column][\/vc_row]","_en_post_name":"uk-e-irlanda","_en_post_excerpt":"","_en_post_title":"UK e Irlanda","_fr_post_content":"[vc_row][vc_column width=\"1\/1\"][divider][\/vc_column][\/vc_row][vc_row][vc_column width=\"1\/1\"][vc_video src=\"https:\/\/youtu.be\/pYjznYaMuNo\"][\/vc_column][\/vc_row][vc_row][vc_column width=\"1\/1\"][divider][\/vc_column][\/vc_row][vc_row][vc_column align=\"center\" align_sm=\"center\" width=\"1\/2\"][vc_single_image image=\"18451\" image_size=\"medium\"][\/vc_column][vc_column align=\"center\" align_sm=\"center\" width=\"1\/2\"][vc_column_text extra_classes=\"lead text-justify\"]\r\n\r\n&nbsp;\r\n\r\nLa cinqui\u00e8me \u00e9tape de notre voyage virtuel dans le monde <strong>Fapim \"hors Fapim\" nous emm\u00e8ne en Grande-Bretagne, pour mieux conna\u00eetre notre Simon Bailey.<\/strong>\r\n\r\nChez nous depuis quelques ann\u00e9es seulement, <strong>Simon est d\u00e9j\u00e0 appr\u00e9ci\u00e9 par l'ensemble de notre march\u00e9 britannique et irlandais pour son approche tr\u00e8s enthousiaste et professionnelle\u00a0!<\/strong>[\/vc_column_text][\/vc_column][\/vc_row][vc_row][vc_column width=\"1\/1\"][divider][\/vc_column][\/vc_row]","_fr_post_name":"uk-e-irlanda","_fr_post_excerpt":"","_fr_post_title":"UK e Irlanda","_es_post_content":"[vc_row][vc_column width=\"1\/1\"][divider][\/vc_column][\/vc_row][vc_row][vc_column width=\"1\/1\"][vc_video src=\"https:\/\/youtu.be\/pYjznYaMuNo\"][\/vc_column][\/vc_row][vc_row][vc_column width=\"1\/1\"][divider][\/vc_column][\/vc_row][vc_row][vc_column align=\"center\" align_sm=\"center\" width=\"1\/2\"][vc_single_image image=\"18451\" image_size=\"medium\"][\/vc_column][vc_column align=\"center\" align_sm=\"center\" width=\"1\/2\"][vc_column_text extra_classes=\"lead text-justify\"]\r\n\r\n&nbsp;\r\n\r\nLa quinta etapa de nuestro viaje virtual al mundo Fapim <strong>\u201c Fapim por fuera\u201d nos lleva a Gran Breta\u00f1a, para conocer mejor Simon Bailey.<\/strong>\r\n\r\nCon nosotros desde hace unos pocos a\u00f1os, <strong>Simon ya se est\u00e1 haciendo apreciar por todo nuestro mercado ingl\u00e9s y norirland\u00e9s por su figura de gran entusiasmo y profesionalidad!<\/strong>[\/vc_column_text][\/vc_column][\/vc_row][vc_row][vc_column width=\"1\/1\"][divider][\/vc_column][\/vc_row]","_es_post_name":"uk-e-irlanda","_es_post_excerpt":"","_es_post_title":"UK e Irlanda","_ru_post_content":"[vc_row][vc_column width=\"1\/1\"][divider][\/vc_column][\/vc_row][vc_row][vc_column width=\"1\/1\"][vc_video src=\"https:\/\/youtu.be\/pYjznYaMuNo\"][\/vc_column][\/vc_row][vc_row][vc_column width=\"1\/1\"][divider][\/vc_column][\/vc_row][vc_row][vc_column align=\"center\" align_sm=\"center\" width=\"1\/2\"][vc_single_image image=\"18451\" image_size=\"medium\"][\/vc_column][vc_column align=\"center\" align_sm=\"center\" width=\"1\/2\"][vc_column_text extra_classes=\"lead text-justify\"]\r\n\r\n&nbsp;\r\n\r\n\u041d\u0430 \u043f\u044f\u0442\u043e\u043c \u044d\u0442\u0430\u043f\u0435 \u043d\u0430\u0448\u0435\u0433\u043e \u0432\u0438\u0440\u0442\u0443\u0430\u043b\u044c\u043d\u043e\u0433\u043e \u0442\u0443\u0440\u0430 \u043f\u043e \u043c\u0438\u0440\u0443 <strong>Fapim \u043c\u044b \u043e\u0441\u0442\u0430\u043d\u043e\u0432\u0438\u043c\u0441\u044f \u0432 \u0412\u0435\u043b\u0438\u043a\u043e\u0431\u0440\u0438\u0442\u0430\u043d\u0438\u0438, \u0447\u0442\u043e\u0431\u044b \u043f\u043e\u0431\u043b\u0438\u0436\u0435 \u043f\u043e\u0437\u043d\u0430\u043a\u043e\u043c\u0438\u0442\u044c\u0441\u044f \u0441 \u043d\u0430\u0448\u0438\u043c \u0430\u0433\u0435\u043d\u0442\u043e\u043c Simon Bailey.<\/strong>\r\n\r\n<strong>Simon \u0441 \u043d\u0430\u043c\u0438 \u0432\u0441\u0435\u0433\u043e \u043d\u0435\u0441\u043a\u043e\u043b\u044c\u043a\u043e \u043b\u0435\u0442, \u043e\u0434\u043d\u0430\u043a\u043e \u043e\u043d \u0443\u0436\u0435 \u0443\u0441\u043f\u0435\u043b \u043f\u0440\u043e\u0441\u043b\u0430\u0432\u0438\u0442\u044c\u0441\u044f \u043d\u0430 \u0430\u043d\u0433\u043b\u0438\u0439\u0441\u043a\u043e\u043c \u0440\u044b\u043d\u043a\u0435 \u0438 \u0440\u044b\u043d\u043a\u0435 \u0441\u0435\u0432\u0435\u0440\u043d\u043e\u0439 \u0418\u0440\u043b\u0430\u043d\u0434\u0438\u0438 \u0441\u0432\u043e\u0438\u043c \u044d\u043d\u0442\u0443\u0437\u0438\u0430\u0437\u043c\u043e\u043c \u0438 \u043f\u0440\u043e\u0444\u0435\u0441\u0441\u0438\u043e\u043d\u0430\u043b\u0438\u0437\u043c\u043e\u043c!<\/strong>[\/vc_column_text][\/vc_column][\/vc_row][vc_row][vc_column width=\"1\/1\"][divider][\/vc_column][\/vc_row]","_ru_post_name":"uk-e-irlanda","_ru_post_excerpt":"","_ru_post_title":"UK e Irlanda","_pl_post_content":"[vc_row][vc_column width=\"1\/1\"][divider][\/vc_column][\/vc_row][vc_row][vc_column width=\"1\/1\"][vc_video src=\"https:\/\/youtu.be\/pYjznYaMuNo\"][\/vc_column][\/vc_row][vc_row][vc_column width=\"1\/1\"][divider][\/vc_column][\/vc_row][vc_row][vc_column align=\"center\" align_sm=\"center\" width=\"1\/2\"][vc_single_image image=\"18451\" image_size=\"medium\"][\/vc_column][vc_column align=\"center\" align_sm=\"center\" width=\"1\/2\"][vc_column_text extra_classes=\"lead text-justify\"]\r\n\r\n&nbsp;\r\n\r\nPi\u0105ty etap naszej wirtualnej podr\u00f3\u017cy po \u015bwiecie <strong>Fapim \u201epoza Fapim\u201d prowadzi nas do Wielkiej Brytanii, aby lepiej pozna\u0107 Simona Bailey\u2019a.<\/strong>\r\n\r\n<strong>Pomimo \u017ce pracuje z nami zaledwie od kilku lat, Simon jest ceniony przez ca\u0142y nasz team na rynek angielski i p\u00f3\u0142nocnoirlandzki za swoje wielkie pok\u0142ady entuzjazmu i profesjonalizm!<\/strong>[\/vc_column_text][\/vc_column][\/vc_row][vc_row][vc_column width=\"1\/1\"][divider][\/vc_column][\/vc_row]","_pl_post_name":"uk-e-irlanda","_pl_post_excerpt":"","_pl_post_title":"UK e Irlanda","edit_language":"ru","footnotes":""},"class_list":["post-21695","page","type-page","status-publish","hentry"],"_links":{"self":[{"href":"https:\/\/www.fapim.it\/ru\/wp-json\/wp\/v2\/pages\/21695","targetHints":{"allow":["GET"]}}],"collection":[{"href":"https:\/\/www.fapim.it\/ru\/wp-json\/wp\/v2\/pages"}],"about":[{"href":"https:\/\/www.fapim.it\/ru\/wp-json\/wp\/v2\/types\/page"}],"author":[{"embeddable":true,"href":"https:\/\/www.fapim.it\/ru\/wp-json\/wp\/v2\/users\/4"}],"replies":[{"embeddable":true,"href":"https:\/\/www.fapim.it\/ru\/wp-json\/wp\/v2\/comments?post=21695"}],"version-history":[{"count":8,"href":"https:\/\/www.fapim.it\/ru\/wp-json\/wp\/v2\/pages\/21695\/revisions"}],"predecessor-version":[{"id":21711,"href":"https:\/\/www.fapim.it\/ru\/wp-json\/wp\/v2\/pages\/21695\/revisions\/21711"}],"wp:attachment":[{"href":"https:\/\/www.fapim.it\/ru\/wp-json\/wp\/v2\/media?parent=21695"}],"curies":[{"name":"wp","href":"https:\/\/api.w.org\/{rel}","templated":true}]}}