   {"id":402,"date":"2019-01-04T11:49:51","date_gmt":"2019-01-04T10:49:51","guid":{"rendered":"https:\/\/www.fapim.it\/fapim-new.it\/it\/who-we-are\/strategia\/una-visione-globale\/"},"modified":"2021-10-12T10:12:58","modified_gmt":"2021-10-12T08:12:58","slug":"globalnoe-videnie","status":"publish","type":"page","link":"https:\/\/www.fapim.it\/ru\/noi-siamo\/strategiya\/globalnoe-videnie\/","title":{"rendered":"\u0413\u043b\u043e\u0431\u0430\u043b\u044c\u043d\u043e\u0435 \u0432\u0438\u0434\u0435\u043d\u0438\u0435","raw":"\u0413\u043b\u043e\u0431\u0430\u043b\u044c\u043d\u043e\u0435 \u0432\u0438\u0434\u0435\u043d\u0438\u0435"},"content":{"rendered":"<section class=\"section  text-normal section-text-no-shadow section-inner-no-shadow section-normal section-opaque\"  >\r\n    \r\n    <div class=\"background-overlay grid-overlay-0 \" style=\"background-color: rgba(0,0,0,0);\"><\/div>\r\n\r\n    <div class=\"container container-vertical-default\">\r\n        <div class=\"row vertical-default\">\r\n            <div class=\"col-md-12     text-default small-screen-default\"  ><div class=\"divider-wrapper \" style=\"visibility:hidden;background-color:#FFFFFF\">\r\n    <div class=\"visible-xs\" style=\"height:24px;\"><\/div>\r\n    <div class=\"visible-sm\" style=\"height:24px;\"><\/div>\r\n    <div class=\"visible-md\" style=\"height:60px;\"><\/div>\r\n    <div class=\"visible-lg\" style=\"height:60px;\"><\/div>\r\n<\/div><\/div>        <\/div>\r\n    <\/div>\r\n<\/section>\r\n<section class=\"section  text-normal section-text-no-shadow section-inner-no-shadow section-normal section-opaque\"  >\r\n            <div class=\"background-media\" style=\"background-image: url(&#039;https:\/\/www.fapim.it\/wp-content\/uploads\/2020\/06\/unavisioneglobale2020-copia.jpg&#039;); background-repeat:no-repeat; background-size:cover; background-attachment:no-scroll; background-position: 50% 30%;\" >\r\n                    <\/div>\r\n    \r\n    <div class=\"background-overlay grid-overlay-0 \" style=\"background-color: rgba(0,0,0,0);\"><\/div>\r\n\r\n    <div class=\"container container-vertical-default\">\r\n        <div class=\"row vertical-default\">\r\n            <div class=\"col-md-12     text-default small-screen-default\"  ><div class=\"figure element-top-250 element-bottom-250  \" data-os-animation=\"none\" data-os-animation-delay=\"0s\">\r\n            <span class=\"figure-image\">\r\n                    <\/span>\r\n    <\/div>\r\n<\/div>        <\/div>\r\n    <\/div>\r\n<\/section>\r\n<section class=\"section  text-normal section-text-no-shadow section-inner-no-shadow section-normal section-opaque\"  >\r\n    \r\n    <div class=\"background-overlay grid-overlay-0 \" style=\"background-color: rgba(0,0,0,0);\"><\/div>\r\n\r\n    <div class=\"container container-vertical-default\">\r\n        <div class=\"row vertical-default\">\r\n            <div class=\"col-md-12     text-default small-screen-default\"  ><div class=\"divider-wrapper \" style=\"visibility:hidden;background-color:#FFFFFF\">\r\n    <div class=\"visible-xs\" style=\"height:24px;\"><\/div>\r\n    <div class=\"visible-sm\" style=\"height:24px;\"><\/div>\r\n    <div class=\"visible-md\" style=\"height:60px;\"><\/div>\r\n    <div class=\"visible-lg\" style=\"height:60px;\"><\/div>\r\n<\/div><\/div>        <\/div>\r\n    <\/div>\r\n<\/section>\r\n<section class=\"section  text-normal section-text-no-shadow section-inner-no-shadow section-normal section-opaque\"  >\r\n    \r\n    <div class=\"background-overlay grid-overlay-0 \" style=\"background-color: rgba(0,0,0,0);\"><\/div>\r\n\r\n    <div class=\"container container-vertical-default\">\r\n        <div class=\"row vertical-default\">\r\n            <div class=\"col-md-12     text-default small-screen-default\"  ><p class=\"lead text-justify justify  text-normal element-top-20 element-bottom-20\" data-os-animation=\"none\" data-os-animation-delay=\"0s\">Fapim \u043f\u0440\u0438\u0441\u0443\u0442\u0441\u0442\u0432\u0443\u0435\u0442 \u0432\u043e \u0432\u0441\u0435\u0445 \u0443\u0433\u043e\u043b\u043a\u0430\u0445 \u043c\u0438\u0440\u0430 \u0431\u043b\u0430\u0433\u043e\u0434\u0430\u0440\u044f \u0441\u0435\u0442\u0438 \u043a\u043e\u043c\u043c\u0435\u0440\u0447\u0435\u0441\u043a\u0438\u0445 \u0440\u0435\u0434\u0441\u0442\u0430\u0432\u0438\u0442\u0435\u043b\u044c\u0441\u0442\u0432 \u0438 \u0444\u0438\u043b\u0438\u0430\u043b\u043e\u0432. \u042d\u0442\u0430 \u0441\u0442\u0440\u0430\u0442\u0435\u0433\u0438\u044f \u043f\u043e\u0437\u0432\u043e\u043b\u044f\u0435\u0442 \u043d\u0430\u043c \u043d\u0430\u0445\u043e\u0434\u0438\u0442\u044c\u0441\u044f \u0432\u043d\u0443\u0442\u0440\u0438 \u0440\u044b\u043d\u043a\u0430, \u0437\u043d\u0430\u0442\u044c \u0437\u0430\u043f\u0440\u043e\u0441\u044b \u043c\u0435\u0441\u0442\u043d\u044b\u0445 \u0440\u044b\u043d\u043a\u043e\u0432 \u0434\u043b\u044f \u043d\u0430\u0438\u043b\u0443\u0447\u0448\u0435\u0433\u043e \u043e\u0431\u0441\u043b\u0443\u0436\u0438\u0432\u0430\u043d\u0438\u044f \u043a\u043b\u0438\u0435\u043d\u0442\u043e\u0432.\u0412 \u0418\u0441\u043f\u0430\u043d\u0438\u0438, \u0411\u0435\u043b\u044c\u0433\u0438\u0438, \u041f\u043e\u043b\u044c\u0448\u0435, \u0420\u043e\u0441\u0441\u0438\u0438 \u0438 \u0410\u0440\u0433\u0435\u043d\u0442\u0438\u043d\u0435 \u0431\u044b\u043b\u0438 \u043e\u0431\u0440\u0430\u0437\u043e\u0432\u0430\u043d\u044b \u0444\u0438\u043b\u0438\u0430\u043b\u044b, \u043a\u043e\u0442\u043e\u0440\u044b\u0435 \u0431\u043b\u0430\u0433\u043e\u0434\u0430\u0440\u044f \u0441\u0432\u043e\u0435\u0439 \u043a\u043e\u043c\u043c\u0435\u0440\u0447\u0435\u0441\u043a\u043e\u0439 \u0441\u0442\u0440\u0443\u043a\u0442\u0443\u0440\u0435 \u043f\u043e\u0437\u0432\u043e\u043b\u044f\u044e\u0442 \u044d\u0444\u0444\u0435\u043a\u0442\u0438\u0432\u043d\u043e \u0440\u0430\u0441\u043f\u0440\u043e\u0441\u0442\u0440\u0430\u043d\u044f\u0442\u044c \u043f\u0440\u043e\u0434\u0443\u043a\u0446\u0438\u044e Fapim \u043d\u0430 \u0442\u0435\u0440\u0440\u0438\u0442\u043e\u0440\u0438\u0438 \u044d\u0442\u0438\u0445 \u0441\u0442\u0440\u0430\u043d \u0438 \u0432 \u0441\u043e\u0441\u0435\u0434\u043d\u0438\u0445 \u0433\u043e\u0441\u0443\u0434\u0430\u0440\u0441\u0442\u0432\u0430\u0445.<\/p><\/div>        <\/div>\r\n    <\/div>\r\n<\/section>\r\n<section class=\"section  text-normal section-text-no-shadow section-inner-no-shadow section-normal section-opaque\"  >\r\n    \r\n    <div class=\"background-overlay grid-overlay-0 \" style=\"background-color: rgba(0,0,0,0);\"><\/div>\r\n\r\n    <div class=\"container container-vertical-default\">\r\n        <div class=\"row vertical-default\">\r\n            <div class=\"col-md-12     text-default small-screen-default\"  ><div class=\"divider-wrapper \" style=\"visibility:hidden;background-color:#FFFFFF\">\r\n    <div class=\"visible-xs\" style=\"height:24px;\"><\/div>\r\n    <div class=\"visible-sm\" style=\"height:24px;\"><\/div>\r\n    <div class=\"visible-md\" style=\"height:60px;\"><\/div>\r\n    <div class=\"visible-lg\" style=\"height:60px;\"><\/div>\r\n<\/div><\/div>        <\/div>\r\n    <\/div>\r\n<\/section>\n","protected":false,"raw":"[vc_row][vc_column width=\"1\/1\"][divider md_height=\"60\" lg_height=\"60\"][\/vc_column][\/vc_row][vc_row background_image=\"19372\" background_position_vertical=\"30\" background_image_parallax_end=\"0\"][vc_column width=\"1\/1\"][vc_single_image custom_image_size=\"0\" custom_image_size_crop=\"true\" link_type=\"no-link\" margin_top=\"250\" margin_bottom=\"250\"][\/vc_column][\/vc_row][vc_row][vc_column width=\"1\/1\"][divider md_height=\"60\" lg_height=\"60\"][\/vc_column][\/vc_row][vc_row][vc_column width=\"1\/1\"][lead align=\"justify\"]Fapim \u043f\u0440\u0438\u0441\u0443\u0442\u0441\u0442\u0432\u0443\u0435\u0442 \u0432\u043e \u0432\u0441\u0435\u0445 \u0443\u0433\u043e\u043b\u043a\u0430\u0445 \u043c\u0438\u0440\u0430 \u0431\u043b\u0430\u0433\u043e\u0434\u0430\u0440\u044f \u0441\u0435\u0442\u0438 \u043a\u043e\u043c\u043c\u0435\u0440\u0447\u0435\u0441\u043a\u0438\u0445 \u0440\u0435\u0434\u0441\u0442\u0430\u0432\u0438\u0442\u0435\u043b\u044c\u0441\u0442\u0432 \u0438 \u0444\u0438\u043b\u0438\u0430\u043b\u043e\u0432. \u042d\u0442\u0430 \u0441\u0442\u0440\u0430\u0442\u0435\u0433\u0438\u044f \u043f\u043e\u0437\u0432\u043e\u043b\u044f\u0435\u0442 \u043d\u0430\u043c \u043d\u0430\u0445\u043e\u0434\u0438\u0442\u044c\u0441\u044f \u0432\u043d\u0443\u0442\u0440\u0438 \u0440\u044b\u043d\u043a\u0430, \u0437\u043d\u0430\u0442\u044c \u0437\u0430\u043f\u0440\u043e\u0441\u044b \u043c\u0435\u0441\u0442\u043d\u044b\u0445 \u0440\u044b\u043d\u043a\u043e\u0432 \u0434\u043b\u044f \u043d\u0430\u0438\u043b\u0443\u0447\u0448\u0435\u0433\u043e \u043e\u0431\u0441\u043b\u0443\u0436\u0438\u0432\u0430\u043d\u0438\u044f \u043a\u043b\u0438\u0435\u043d\u0442\u043e\u0432.\u0412 \u0418\u0441\u043f\u0430\u043d\u0438\u0438, \u0411\u0435\u043b\u044c\u0433\u0438\u0438, \u041f\u043e\u043b\u044c\u0448\u0435, \u0420\u043e\u0441\u0441\u0438\u0438 \u0438 \u0410\u0440\u0433\u0435\u043d\u0442\u0438\u043d\u0435 \u0431\u044b\u043b\u0438 \u043e\u0431\u0440\u0430\u0437\u043e\u0432\u0430\u043d\u044b \u0444\u0438\u043b\u0438\u0430\u043b\u044b, \u043a\u043e\u0442\u043e\u0440\u044b\u0435 \u0431\u043b\u0430\u0433\u043e\u0434\u0430\u0440\u044f \u0441\u0432\u043e\u0435\u0439 \u043a\u043e\u043c\u043c\u0435\u0440\u0447\u0435\u0441\u043a\u043e\u0439 \u0441\u0442\u0440\u0443\u043a\u0442\u0443\u0440\u0435 \u043f\u043e\u0437\u0432\u043e\u043b\u044f\u044e\u0442 \u044d\u0444\u0444\u0435\u043a\u0442\u0438\u0432\u043d\u043e \u0440\u0430\u0441\u043f\u0440\u043e\u0441\u0442\u0440\u0430\u043d\u044f\u0442\u044c \u043f\u0440\u043e\u0434\u0443\u043a\u0446\u0438\u044e Fapim \u043d\u0430 \u0442\u0435\u0440\u0440\u0438\u0442\u043e\u0440\u0438\u0438 \u044d\u0442\u0438\u0445 \u0441\u0442\u0440\u0430\u043d \u0438 \u0432 \u0441\u043e\u0441\u0435\u0434\u043d\u0438\u0445 \u0433\u043e\u0441\u0443\u0434\u0430\u0440\u0441\u0442\u0432\u0430\u0445.[\/lead][\/vc_column][\/vc_row][vc_row][vc_column width=\"1\/1\"][divider md_height=\"60\" lg_height=\"60\"][\/vc_column][\/vc_row]"},"excerpt":{"rendered":"Fapim \u00e8 presente in tutto il mondo attraverso strutture commerciali e filiali. Questa strategia permette di essere dentro il mercato, conoscerlo al meglio per fornire ai clienti il miglior servizio possibile. In Spagna, Belgio, Polonia, Russia e Argentina sono state create filiali che affiancando le strutture commerciali dedicate riescono a garantire la massima diffusione dei","protected":false,"raw":""},"author":1,"featured_media":0,"parent":386,"menu_order":112,"comment_status":"closed","ping_status":"closed","template":"","meta":{"_it_post_content":"[vc_row][vc_column width=\"1\/1\"][divider md_height=\"60\" lg_height=\"60\"][\/vc_column][\/vc_row][vc_row background_image=\"19372\" background_position_vertical=\"30\" background_image_parallax_end=\"0\"][vc_column width=\"1\/1\"][vc_single_image custom_image_size=\"0\" custom_image_size_crop=\"true\" link_type=\"no-link\" margin_top=\"250\" margin_bottom=\"250\"][\/vc_column][\/vc_row][vc_row][vc_column width=\"1\/1\"][divider md_height=\"60\" lg_height=\"60\"][\/vc_column][\/vc_row][vc_row][vc_column width=\"1\/1\"][lead align=\"justify\"]Fapim \u00e8 presente in tutto il mondo attraverso strutture commerciali e filiali.\r\nQuesta strategia permette di essere dentro il mercato, conoscerlo al meglio per fornire ai clienti il miglior servizio possibile. In Spagna, Belgio, Polonia, Russia e Argentina sono state create filiali che affiancando le strutture commerciali dedicate riescono a garantire la massima diffusione dei prodotti Fapim sul territorio, anche oltre i confini degli stati in cui sono ubicate.[\/lead][\/vc_column][\/vc_row][vc_row][vc_column width=\"1\/1\"][divider md_height=\"60\" lg_height=\"60\"][\/vc_column][\/vc_row]","_it_post_name":"una-visione-globale","_it_post_excerpt":"Nullam id dolor id nibh ultricies vehicula ut id elit. Integer posuere erat a ante venenatis dapibus posuere velit aliquet. Praesent commodo cursus magna, vel scelerisque nisl consectetur et. Morbi leo risus, porta ac consectetur ac, vestibulum at eros. Maecenas faucibus mollis interdum. Sed posuere consectetur est at lobortis. Nullam quis risus eget urna mollis ornare vel eu leo.","_it_post_title":"Una visione globale","_en_post_content":"[vc_row][vc_column width=\"1\/1\"][divider md_height=\"60\" lg_height=\"60\"][\/vc_column][\/vc_row][vc_row background_image=\"19372\" background_position_vertical=\"30\" background_image_parallax_end=\"0\"][vc_column width=\"1\/1\"][vc_single_image custom_image_size=\"0\" custom_image_size_crop=\"true\" link_type=\"no-link\" margin_top=\"250\" margin_bottom=\"250\"][\/vc_column][\/vc_row][vc_row][vc_column width=\"1\/1\"][divider md_height=\"60\" lg_height=\"60\"][\/vc_column][\/vc_row][vc_row][vc_column width=\"1\/1\"][lead align=\"justify\"]Fapim is present worldwide thanks to its own sales organizations and branches. This strategy allows us to be in the market and know it at best to provide customers the best possible service. Branches have been created in Spain, Belgium, Poland, Russia and Argentina to support the sales organizations and guarantee maximum product diffusion in the area, even beyond the borders of the countries where they are located.[\/lead][\/vc_column][\/vc_row][vc_row][vc_column width=\"1\/1\"][divider md_height=\"60\" lg_height=\"60\"][\/vc_column][\/vc_row]","_en_post_name":"a-global-vision","_en_post_excerpt":"","_en_post_title":"A global vision","_fr_post_content":"[vc_row][vc_column width=\"1\/1\"][divider md_height=\"60\" lg_height=\"60\"][\/vc_column][\/vc_row][vc_row background_image=\"19372\" background_position_vertical=\"30\" background_image_parallax_end=\"0\"][vc_column width=\"1\/1\"][vc_single_image custom_image_size=\"0\" custom_image_size_crop=\"true\" link_type=\"no-link\" margin_top=\"250\" margin_bottom=\"250\"][\/vc_column][\/vc_row][vc_row][vc_column width=\"1\/1\"][divider md_height=\"60\" lg_height=\"60\"][\/vc_column][\/vc_row][vc_row][vc_column width=\"1\/1\"][lead align=\"justify\"]Fapim est pr\u00e9sente dans le monde entier \u00e0 travers ses structures commerciales et filiales.\r\nCette strat\u00e9gie nous permet d\u2019\u00eatre dans le march\u00e9, le connaitre au mieux pour donner au clients le meilleur service possible. En Espagne, Belgique, Pologne, Russie et Argentine on a cr\u00e9e des filiales qui avec les structures commerciales d\u00e9di\u00e9es garantissent la plus ample diffusion des produits Fapim sur le territoire, m\u00eame au-del\u00e0 des fronti\u00e8res des \u00e9tats dans lesquels elles sont implant\u00e9es.[\/lead][\/vc_column][\/vc_row][vc_row][vc_column width=\"1\/1\"][divider md_height=\"60\" lg_height=\"60\"][\/vc_column][\/vc_row]","_fr_post_name":"une-vision-globale","_fr_post_excerpt":"","_fr_post_title":"Une vision globale","_es_post_content":"[vc_row][vc_column width=\"1\/1\"][divider md_height=\"60\" lg_height=\"60\"][\/vc_column][\/vc_row][vc_row background_image=\"19372\" background_position_vertical=\"30\" background_image_parallax_end=\"0\"][vc_column width=\"1\/1\"][vc_single_image custom_image_size=\"0\" custom_image_size_crop=\"true\" link_type=\"no-link\" margin_top=\"250\" margin_bottom=\"250\"][\/vc_column][\/vc_row][vc_row][vc_column width=\"1\/1\"][divider md_height=\"60\" lg_height=\"60\"][\/vc_column][\/vc_row][vc_row][vc_column width=\"1\/1\"][lead align=\"justify\"]Fapim esta presente en todo el mundo por medio de sus estructuras comerciales y delegaciones. Esta estrategia nos permite de estar dentro del mercado, conocerlo mejor para suministrar al cliente el servicio mejor. En Espa\u00f1a, B\u00e9lgica, Polonia, Rusia y Argentina tenemos delegaciones juntos con las estructuras comerciales que pueden garantizar una mejor distribuci\u00f3n de los productos Fapim sobre el territorio y m\u00e1s all\u00e1 de las fronteras donde est\u00e1n ubicadas.[\/lead][\/vc_column][\/vc_row][vc_row][vc_column width=\"1\/1\"][divider md_height=\"60\" lg_height=\"60\"][\/vc_column][\/vc_row]","_es_post_name":"una-vision-global","_es_post_excerpt":"","_es_post_title":"Una vision global","_ru_post_content":"[vc_row][vc_column width=\"1\/1\"][divider md_height=\"60\" lg_height=\"60\"][\/vc_column][\/vc_row][vc_row background_image=\"19372\" background_position_vertical=\"30\" background_image_parallax_end=\"0\"][vc_column width=\"1\/1\"][vc_single_image custom_image_size=\"0\" custom_image_size_crop=\"true\" link_type=\"no-link\" margin_top=\"250\" margin_bottom=\"250\"][\/vc_column][\/vc_row][vc_row][vc_column width=\"1\/1\"][divider md_height=\"60\" lg_height=\"60\"][\/vc_column][\/vc_row][vc_row][vc_column width=\"1\/1\"][lead align=\"justify\"]Fapim \u043f\u0440\u0438\u0441\u0443\u0442\u0441\u0442\u0432\u0443\u0435\u0442 \u0432\u043e \u0432\u0441\u0435\u0445 \u0443\u0433\u043e\u043b\u043a\u0430\u0445 \u043c\u0438\u0440\u0430 \u0431\u043b\u0430\u0433\u043e\u0434\u0430\u0440\u044f \u0441\u0435\u0442\u0438 \u043a\u043e\u043c\u043c\u0435\u0440\u0447\u0435\u0441\u043a\u0438\u0445 \u0440\u0435\u0434\u0441\u0442\u0430\u0432\u0438\u0442\u0435\u043b\u044c\u0441\u0442\u0432 \u0438 \u0444\u0438\u043b\u0438\u0430\u043b\u043e\u0432. \u042d\u0442\u0430 \u0441\u0442\u0440\u0430\u0442\u0435\u0433\u0438\u044f \u043f\u043e\u0437\u0432\u043e\u043b\u044f\u0435\u0442 \u043d\u0430\u043c \u043d\u0430\u0445\u043e\u0434\u0438\u0442\u044c\u0441\u044f \u0432\u043d\u0443\u0442\u0440\u0438 \u0440\u044b\u043d\u043a\u0430, \u0437\u043d\u0430\u0442\u044c \u0437\u0430\u043f\u0440\u043e\u0441\u044b \u043c\u0435\u0441\u0442\u043d\u044b\u0445 \u0440\u044b\u043d\u043a\u043e\u0432 \u0434\u043b\u044f \u043d\u0430\u0438\u043b\u0443\u0447\u0448\u0435\u0433\u043e \u043e\u0431\u0441\u043b\u0443\u0436\u0438\u0432\u0430\u043d\u0438\u044f \u043a\u043b\u0438\u0435\u043d\u0442\u043e\u0432.\u0412 \u0418\u0441\u043f\u0430\u043d\u0438\u0438, \u0411\u0435\u043b\u044c\u0433\u0438\u0438, \u041f\u043e\u043b\u044c\u0448\u0435, \u0420\u043e\u0441\u0441\u0438\u0438 \u0438 \u0410\u0440\u0433\u0435\u043d\u0442\u0438\u043d\u0435 \u0431\u044b\u043b\u0438 \u043e\u0431\u0440\u0430\u0437\u043e\u0432\u0430\u043d\u044b \u0444\u0438\u043b\u0438\u0430\u043b\u044b, \u043a\u043e\u0442\u043e\u0440\u044b\u0435 \u0431\u043b\u0430\u0433\u043e\u0434\u0430\u0440\u044f \u0441\u0432\u043e\u0435\u0439 \u043a\u043e\u043c\u043c\u0435\u0440\u0447\u0435\u0441\u043a\u043e\u0439 \u0441\u0442\u0440\u0443\u043a\u0442\u0443\u0440\u0435 \u043f\u043e\u0437\u0432\u043e\u043b\u044f\u044e\u0442 \u044d\u0444\u0444\u0435\u043a\u0442\u0438\u0432\u043d\u043e \u0440\u0430\u0441\u043f\u0440\u043e\u0441\u0442\u0440\u0430\u043d\u044f\u0442\u044c \u043f\u0440\u043e\u0434\u0443\u043a\u0446\u0438\u044e Fapim \u043d\u0430 \u0442\u0435\u0440\u0440\u0438\u0442\u043e\u0440\u0438\u0438 \u044d\u0442\u0438\u0445 \u0441\u0442\u0440\u0430\u043d \u0438 \u0432 \u0441\u043e\u0441\u0435\u0434\u043d\u0438\u0445 \u0433\u043e\u0441\u0443\u0434\u0430\u0440\u0441\u0442\u0432\u0430\u0445.[\/lead][\/vc_column][\/vc_row][vc_row][vc_column width=\"1\/1\"][divider md_height=\"60\" lg_height=\"60\"][\/vc_column][\/vc_row]","_ru_post_name":"globalnoe-videnie","_ru_post_excerpt":"","_ru_post_title":"\u0413\u043b\u043e\u0431\u0430\u043b\u044c\u043d\u043e\u0435 \u0432\u0438\u0434\u0435\u043d\u0438\u0435","_pl_post_content":"[vc_row][vc_column width=\"1\/1\"][divider md_height=\"60\" lg_height=\"60\"][\/vc_column][\/vc_row][vc_row background_image=\"14341\" background_position_vertical=\"30\" background_image_parallax_end=\"0\"][vc_column width=\"1\/1\"][vc_single_image custom_image_size=\"0\" custom_image_size_crop=\"true\" margin_top=\"250\" margin_bottom=\"250\"][\/vc_column][\/vc_row][vc_row][vc_column width=\"1\/1\"][divider md_height=\"60\" lg_height=\"60\"][\/vc_column][\/vc_row][vc_row][vc_column width=\"1\/1\"][lead align=\"justify\"]Fapim obecna jest na ca\u0142ym \u015bwiecie dzi\u0119ki swoim strukturom handlowym i filiom.\r\nStrategia ta pozwala na znalezienie si\u0119 w samym centrum rynku oraz lepsze poznanie go, aby dostarcza\u0107 klientom us\u0142ugi najwy\u017cszej jako\u015bci. W Hiszpanii, Belgii, Polsce, Rosji i Argentynie stworzono filie, kt\u00f3re wraz z dedykowanymi strukturami handlowymi s\u0105 w stanie zapewni\u0107 maksymaln\u0105 dystrybucj\u0119 produkt\u00f3w Fapim na ca\u0142ym obszarze, r\u00f3wnie\u017c poza granicami pa\u0144stw, w kt\u00f3rych maj\u0105 swoje siedziby.[\/lead][\/vc_column][\/vc_row][vc_row][vc_column width=\"1\/1\"][divider md_height=\"60\" lg_height=\"60\"][\/vc_column][\/vc_row]","_pl_post_name":"globalna-wizja","_pl_post_excerpt":"","_pl_post_title":"Globalna wizja","edit_language":"ru","footnotes":""},"class_list":["post-402","page","type-page","status-publish","hentry"],"_links":{"self":[{"href":"https:\/\/www.fapim.it\/ru\/wp-json\/wp\/v2\/pages\/402","targetHints":{"allow":["GET"]}}],"collection":[{"href":"https:\/\/www.fapim.it\/ru\/wp-json\/wp\/v2\/pages"}],"about":[{"href":"https:\/\/www.fapim.it\/ru\/wp-json\/wp\/v2\/types\/page"}],"author":[{"embeddable":true,"href":"https:\/\/www.fapim.it\/ru\/wp-json\/wp\/v2\/users\/1"}],"replies":[{"embeddable":true,"href":"https:\/\/www.fapim.it\/ru\/wp-json\/wp\/v2\/comments?post=402"}],"version-history":[{"count":5,"href":"https:\/\/www.fapim.it\/ru\/wp-json\/wp\/v2\/pages\/402\/revisions"}],"predecessor-version":[{"id":19374,"href":"https:\/\/www.fapim.it\/ru\/wp-json\/wp\/v2\/pages\/402\/revisions\/19374"}],"up":[{"embeddable":true,"href":"https:\/\/www.fapim.it\/ru\/wp-json\/wp\/v2\/pages\/386"}],"wp:attachment":[{"href":"https:\/\/www.fapim.it\/ru\/wp-json\/wp\/v2\/media?parent=402"}],"curies":[{"name":"wp","href":"https:\/\/api.w.org\/{rel}","templated":true}]}}